{"id":10298,"date":"2018-07-01T05:56:16","date_gmt":"2018-07-01T04:56:16","guid":{"rendered":"http:\/\/jensgustafsson.se\/?page_id=10298"},"modified":"2019-07-01T04:12:13","modified_gmt":"2019-07-01T03:12:13","slug":"juni-2018","status":"publish","type":"page","link":"https:\/\/jensgustafsson.se\/?page_id=10298","title":{"rendered":"Juni 2018."},"content":{"rendered":"<p><span style=\"color: #33cccc;\"><em>Juni 2018 kommer vi att minnas som en varm och torr m\u00e5nad.<\/em><\/span><\/p>\n<p><span style=\"color: #33cccc;\"><em>Vattenniv\u00e5erna har sjunkit snabbt, v\u00e4xtligheten torkar, jordgubbarna mognade i ett rasande tempo, alla blommor sl\u00e5r ut snabbt, och g\u00e5r in i \u00f6verblomnings processen allt f\u00f6r tidigt tycker jag.<\/em><\/span><\/p>\n<p><span style=\"color: #33cccc;\"><em><a style=\"color: #33cccc;\" href=\"http:\/\/jensgustafsson.se\/?attachment_id=10307\" rel=\"attachment wp-att-10307\"><img loading=\"lazy\" decoding=\"async\" class=\"aligncenter size-large wp-image-10307\" src=\"http:\/\/media1.jensgustafsson.se\/2018\/07\/DSC_0916-1024x683.jpg\" alt=\"\" width=\"584\" height=\"390\" srcset=\"https:\/\/media1.jensgustafsson.se\/2018\/07\/DSC_0916-1024x683.jpg 1024w, https:\/\/media1.jensgustafsson.se\/2018\/07\/DSC_0916-300x200.jpg 300w, https:\/\/media1.jensgustafsson.se\/2018\/07\/DSC_0916-768x512.jpg 768w, https:\/\/media1.jensgustafsson.se\/2018\/07\/DSC_0916-450x300.jpg 450w\" sizes=\"auto, (max-width: 584px) 100vw, 584px\" \/><\/a><\/em><\/span><\/p>\n<p><span style=\"color: #33cccc;\"><em>Som vanligt presenterar jag lite v\u00e4derdata fr\u00e5n min loggning p\u00e5 den privata v\u00e4derstationen jag driver h\u00e4r, och l\u00e4gger in n\u00e5gra bilder fr\u00e5n olika datum under m\u00e5naden.<\/em><\/span><\/p>\n<p><span style=\"color: #33cccc;\"><em>Jag b\u00f6rjar med n\u00e5gra kommentarer till loggen, och d\u00e4refter sammanfattningen i siffror direkt fr\u00e5n loggen.<\/em><\/span><\/p>\n<p><span style=\"color: #33cccc;\"><em>Som sagt, en varm m\u00e5nad, 13 dagar med h\u00f6gsommarv\u00e4rme, allts\u00e5 \u00f6ver 25 grader i maxtemperatur, 15 dagar med en maxtemperatur mellan 20 och 24,9 grader, och bara tv\u00e5 dagar som inte temperaturen orkade upp till 20 grader.<\/em><\/span><\/p>\n<p><span style=\"color: #33cccc;\"><em>Regn har vi f\u00e5tt 27,5 mm, f\u00f6rdelat p\u00e5 4 tillf\u00e4llen av 30 m\u00f6jliga. Det mesta f\u00f6ll den 17 juni, 18 mm och d\u00e5 i samband med \u00e5ska.<\/em><\/span><\/p>\n<div id=\"attachment_10217\" style=\"width: 594px\" class=\"wp-caption aligncenter\"><a style=\"color: #33cccc;\" href=\"http:\/\/jensgustafsson.se\/?attachment_id=10217\" rel=\"attachment wp-att-10217\"><img loading=\"lazy\" decoding=\"async\" aria-describedby=\"caption-attachment-10217\" class=\"size-large wp-image-10217\" src=\"http:\/\/media1.jensgustafsson.se\/2018\/06\/IMG_0767-1024x768.jpg\" alt=\"\" width=\"584\" height=\"438\" srcset=\"https:\/\/media1.jensgustafsson.se\/2018\/06\/IMG_0767-1024x768.jpg 1024w, https:\/\/media1.jensgustafsson.se\/2018\/06\/IMG_0767-300x225.jpg 300w, https:\/\/media1.jensgustafsson.se\/2018\/06\/IMG_0767-768x576.jpg 768w, https:\/\/media1.jensgustafsson.se\/2018\/06\/IMG_0767-400x300.jpg 400w, https:\/\/media1.jensgustafsson.se\/2018\/06\/IMG_0767.jpg 2016w\" sizes=\"auto, (max-width: 584px) 100vw, 584px\" \/><\/a><p id=\"caption-attachment-10217\" class=\"wp-caption-text\"><span style=\"color: #33cccc;\"><em>\u00c5ska och kraftigt regn vid lunchtid 17 juni<\/em><\/span><\/p><\/div>\n<div id=\"attachment_10300\" style=\"width: 594px\" class=\"wp-caption aligncenter\"><a style=\"color: #33cccc;\" href=\"http:\/\/jensgustafsson.se\/?attachment_id=10300\" rel=\"attachment wp-att-10300\"><img loading=\"lazy\" decoding=\"async\" aria-describedby=\"caption-attachment-10300\" class=\"size-large wp-image-10300\" src=\"http:\/\/media1.jensgustafsson.se\/2018\/07\/DSC_0352-1024x663.jpg\" alt=\"\" width=\"584\" height=\"378\" srcset=\"https:\/\/media1.jensgustafsson.se\/2018\/07\/DSC_0352-1024x663.jpg 1024w, https:\/\/media1.jensgustafsson.se\/2018\/07\/DSC_0352-300x194.jpg 300w, https:\/\/media1.jensgustafsson.se\/2018\/07\/DSC_0352-768x497.jpg 768w, https:\/\/media1.jensgustafsson.se\/2018\/07\/DSC_0352-464x300.jpg 464w\" sizes=\"auto, (max-width: 584px) 100vw, 584px\" \/><\/a><p id=\"caption-attachment-10300\" class=\"wp-caption-text\"><span style=\"color: #33cccc;\"><em>Till gl\u00e4dje f\u00f6r b\u00e5de barn och m\u00e5nga fler&#8230;vattenp\u00f6lar efter det kraftiga \u00e5skregnet 17 juni.<\/em><\/span><\/p><\/div>\n<p><span style=\"color: #33cccc;\"><em>Vinden har tidvis varit ganska p\u00e5taglig, och denna m\u00e5nad har den tenderat att komma mera fr\u00e5n den v\u00e4stliga sidan, vilket varit ovanligt f\u00f6r oss p\u00e5 senare tid, och d\u00e4rav kanske \u00e4r en del av f\u00f6rklaring till de h\u00f6ga temperaturerna vi haft gissningsvis. Jag gjorde en enkel delning, dagar med vind fr\u00e5n sydv\u00e4st till nordv\u00e4st, inklusive syd, d\u00e5 var det 17 dygn med den riktningen, och s\u00e5 delade jag in sydost till nordost, inklusive nord, och d\u00e4r blev det 13 dygn.<\/em><\/span><\/p>\n<p><span style=\"color: #33cccc;\"><em>H\u00e4r kommer d\u00e5 sammanfattningen fr\u00e5n loggen p\u00e5 min v\u00e4derstation, La Crosse 2308, den jobbar med tv\u00e5 program Heavy Weather och Cumulus:<\/em><\/span><\/p>\n<p><span style=\"color: #33cccc;\"><em>Summary for period 2018-06-01 to 2018-06-30<\/em><\/span><\/p>\n<p><span style=\"color: #33cccc;\"><em>Temperature (\u00b0C):<\/em><\/span><br \/>\n<span style=\"color: #33cccc;\"><em>Mean (min+max) 18,3<\/em><\/span><br \/>\n<span style=\"color: #33cccc;\"><em>Mean Minimum 11,2<\/em><\/span><br \/>\n<span style=\"color: #33cccc;\"><em>Mean Maximum 24,7<\/em><\/span><br \/>\n<span style=\"color: #33cccc;\"><em>Minimum 5,4 on 2018-06-06<\/em><\/span><br \/>\n<span style=\"color: #33cccc;\"><em>Maximum 32,6 on 2018-06-28<\/em><\/span><br \/>\n<span style=\"color: #33cccc;\"><em>Highest Minimum 15,2 on 2018-06-11<\/em><\/span><br \/>\n<span style=\"color: #33cccc;\"><em>Lowest Maximum 17,9 on 2018-06-21<\/em><\/span><br \/>\n<span style=\"color: #33cccc;\"><em>Air frosts 0<\/em><\/span><\/p>\n<p><span style=\"color: #33cccc;\"><em>Rainfall (mm):<\/em><\/span><br \/>\n<span style=\"color: #33cccc;\"><em>Total for period 27,5<\/em><\/span><br \/>\n<span style=\"color: #33cccc;\"><em>Rain days 4<\/em><\/span><br \/>\n<span style=\"color: #33cccc;\"><em>Dry days 26<\/em><\/span><\/p>\n<p><span style=\"color: #33cccc;\"><em>Wind (m\/s):<\/em><\/span><br \/>\n<span style=\"color: #33cccc;\"><em>Highest Gust 12,7 on 2018-06-20<\/em><\/span><\/p>\n<p><span style=\"color: #33cccc;\"><em>Pressure (hPa):<\/em><\/span><br \/>\n<span style=\"color: #33cccc;\"><em>Maximum 1027,0 on 2018-06-27<\/em><\/span><br \/>\n<span style=\"color: #33cccc;\"><em>Minimum 999,3 on 2018-06-21<\/em><\/span><\/p>\n<p><span style=\"color: #33cccc;\"><em>H\u00e4r till sist kommer juni m\u00e5nad i n\u00e5gra bilder:<\/em><\/span><\/p>\n<div id=\"attachment_10301\" style=\"width: 594px\" class=\"wp-caption aligncenter\"><a style=\"color: #33cccc;\" href=\"http:\/\/jensgustafsson.se\/?attachment_id=10301\" rel=\"attachment wp-att-10301\"><img loading=\"lazy\" decoding=\"async\" aria-describedby=\"caption-attachment-10301\" class=\"size-large wp-image-10301\" src=\"http:\/\/media1.jensgustafsson.se\/2018\/07\/DSC_0532-1024x683.jpg\" alt=\"\" width=\"584\" height=\"390\" srcset=\"https:\/\/media1.jensgustafsson.se\/2018\/07\/DSC_0532-1024x683.jpg 1024w, https:\/\/media1.jensgustafsson.se\/2018\/07\/DSC_0532-300x200.jpg 300w, https:\/\/media1.jensgustafsson.se\/2018\/07\/DSC_0532-768x512.jpg 768w, https:\/\/media1.jensgustafsson.se\/2018\/07\/DSC_0532-450x300.jpg 450w\" sizes=\"auto, (max-width: 584px) 100vw, 584px\" \/><\/a><p id=\"caption-attachment-10301\" class=\"wp-caption-text\"><span style=\"color: #33cccc;\"><em>En tidig cykeltur 3 juni.<\/em><\/span><\/p><\/div>\n<div id=\"attachment_10302\" style=\"width: 594px\" class=\"wp-caption aligncenter\"><a style=\"color: #33cccc;\" href=\"http:\/\/jensgustafsson.se\/?attachment_id=10302\" rel=\"attachment wp-att-10302\"><img loading=\"lazy\" decoding=\"async\" aria-describedby=\"caption-attachment-10302\" class=\"size-large wp-image-10302\" src=\"http:\/\/media1.jensgustafsson.se\/2018\/07\/DSC_0608-1024x683.jpg\" alt=\"\" width=\"584\" height=\"390\" srcset=\"https:\/\/media1.jensgustafsson.se\/2018\/07\/DSC_0608-1024x683.jpg 1024w, https:\/\/media1.jensgustafsson.se\/2018\/07\/DSC_0608-300x200.jpg 300w, https:\/\/media1.jensgustafsson.se\/2018\/07\/DSC_0608-768x512.jpg 768w, https:\/\/media1.jensgustafsson.se\/2018\/07\/DSC_0608-450x300.jpg 450w\" sizes=\"auto, (max-width: 584px) 100vw, 584px\" \/><\/a><p id=\"caption-attachment-10302\" class=\"wp-caption-text\"><span style=\"color: #33cccc;\"><em>Bl\u00e5klockor 5 juni.<\/em><\/span><\/p><\/div>\n<div id=\"attachment_10303\" style=\"width: 594px\" class=\"wp-caption aligncenter\"><a style=\"color: #33cccc;\" href=\"http:\/\/jensgustafsson.se\/?attachment_id=10303\" rel=\"attachment wp-att-10303\"><img loading=\"lazy\" decoding=\"async\" aria-describedby=\"caption-attachment-10303\" class=\"size-large wp-image-10303\" src=\"http:\/\/media1.jensgustafsson.se\/2018\/07\/DSC_0656-1024x683.jpg\" alt=\"\" width=\"584\" height=\"390\" srcset=\"https:\/\/media1.jensgustafsson.se\/2018\/07\/DSC_0656-1024x683.jpg 1024w, https:\/\/media1.jensgustafsson.se\/2018\/07\/DSC_0656-300x200.jpg 300w, https:\/\/media1.jensgustafsson.se\/2018\/07\/DSC_0656-768x512.jpg 768w, https:\/\/media1.jensgustafsson.se\/2018\/07\/DSC_0656-450x300.jpg 450w\" sizes=\"auto, (max-width: 584px) 100vw, 584px\" \/><\/a><p id=\"caption-attachment-10303\" class=\"wp-caption-text\"><span style=\"color: #33cccc;\"><em>Smultron, 6 juni.<\/em><\/span><\/p><\/div>\n<div id=\"attachment_10304\" style=\"width: 594px\" class=\"wp-caption aligncenter\"><a style=\"color: #33cccc;\" href=\"http:\/\/jensgustafsson.se\/?attachment_id=10304\" rel=\"attachment wp-att-10304\"><img loading=\"lazy\" decoding=\"async\" aria-describedby=\"caption-attachment-10304\" class=\"size-large wp-image-10304\" src=\"http:\/\/media1.jensgustafsson.se\/2018\/07\/DSC_0757-1024x683.jpg\" alt=\"\" width=\"584\" height=\"390\" srcset=\"https:\/\/media1.jensgustafsson.se\/2018\/07\/DSC_0757-1024x683.jpg 1024w, https:\/\/media1.jensgustafsson.se\/2018\/07\/DSC_0757-300x200.jpg 300w, https:\/\/media1.jensgustafsson.se\/2018\/07\/DSC_0757-768x512.jpg 768w, https:\/\/media1.jensgustafsson.se\/2018\/07\/DSC_0757-450x300.jpg 450w\" sizes=\"auto, (max-width: 584px) 100vw, 584px\" \/><\/a><p id=\"caption-attachment-10304\" class=\"wp-caption-text\"><span style=\"color: #33cccc;\"><em>En av hundratals fj\u00e4rilsbilder jag tagit under juni m\u00e5nad.. \ud83d\ude42<\/em><\/span><\/p><\/div>\n<div id=\"attachment_10305\" style=\"width: 594px\" class=\"wp-caption aligncenter\"><a style=\"color: #33cccc;\" href=\"http:\/\/jensgustafsson.se\/?attachment_id=10305\" rel=\"attachment wp-att-10305\"><img loading=\"lazy\" decoding=\"async\" aria-describedby=\"caption-attachment-10305\" class=\"size-large wp-image-10305\" src=\"http:\/\/media1.jensgustafsson.se\/2018\/07\/DSC_0828-1024x547.jpg\" alt=\"\" width=\"584\" height=\"312\" srcset=\"https:\/\/media1.jensgustafsson.se\/2018\/07\/DSC_0828-1024x547.jpg 1024w, https:\/\/media1.jensgustafsson.se\/2018\/07\/DSC_0828-300x160.jpg 300w, https:\/\/media1.jensgustafsson.se\/2018\/07\/DSC_0828-768x410.jpg 768w, https:\/\/media1.jensgustafsson.se\/2018\/07\/DSC_0828-500x267.jpg 500w\" sizes=\"auto, (max-width: 584px) 100vw, 584px\" \/><\/a><p id=\"caption-attachment-10305\" class=\"wp-caption-text\"><span style=\"color: #33cccc;\"><em>Mitt kv\u00e4llsm\u00f6te med r\u00e4ven 12 juni.<\/em><\/span><\/p><\/div>\n<div id=\"attachment_10306\" style=\"width: 594px\" class=\"wp-caption aligncenter\"><a style=\"color: #33cccc;\" href=\"http:\/\/jensgustafsson.se\/?attachment_id=10306\" rel=\"attachment wp-att-10306\"><img loading=\"lazy\" decoding=\"async\" aria-describedby=\"caption-attachment-10306\" class=\"size-large wp-image-10306\" src=\"http:\/\/media1.jensgustafsson.se\/2018\/07\/DSC_0888-1024x683.jpg\" alt=\"\" width=\"584\" height=\"390\" srcset=\"https:\/\/media1.jensgustafsson.se\/2018\/07\/DSC_0888-1024x683.jpg 1024w, https:\/\/media1.jensgustafsson.se\/2018\/07\/DSC_0888-300x200.jpg 300w, https:\/\/media1.jensgustafsson.se\/2018\/07\/DSC_0888-768x512.jpg 768w, https:\/\/media1.jensgustafsson.se\/2018\/07\/DSC_0888-450x300.jpg 450w\" sizes=\"auto, (max-width: 584px) 100vw, 584px\" \/><\/a><p id=\"caption-attachment-10306\" class=\"wp-caption-text\"><span style=\"color: #33cccc;\"><em>Baksidan av v\u00e5rt hus p\u00e5 kv\u00e4llen 14 juni&#8230;inte m\u00e5nga gr\u00f6na str\u00e5n p\u00e5 v\u00e5r gr\u00e4smatta<\/em><\/span><\/p><\/div>\n<div id=\"attachment_10308\" style=\"width: 594px\" class=\"wp-caption aligncenter\"><a style=\"color: #33cccc;\" href=\"http:\/\/jensgustafsson.se\/?attachment_id=10308\" rel=\"attachment wp-att-10308\"><img loading=\"lazy\" decoding=\"async\" aria-describedby=\"caption-attachment-10308\" class=\"size-large wp-image-10308\" src=\"http:\/\/media1.jensgustafsson.se\/2018\/07\/DSC_0968-1024x668.jpg\" alt=\"\" width=\"584\" height=\"381\" srcset=\"https:\/\/media1.jensgustafsson.se\/2018\/07\/DSC_0968-1024x668.jpg 1024w, https:\/\/media1.jensgustafsson.se\/2018\/07\/DSC_0968-300x196.jpg 300w, https:\/\/media1.jensgustafsson.se\/2018\/07\/DSC_0968-768x501.jpg 768w, https:\/\/media1.jensgustafsson.se\/2018\/07\/DSC_0968-460x300.jpg 460w\" sizes=\"auto, (max-width: 584px) 100vw, 584px\" \/><\/a><p id=\"caption-attachment-10308\" class=\"wp-caption-text\"><span style=\"color: #33cccc;\"><em>I Lilla Klobo p\u00e5 kv\u00e4llen 18 juni.<\/em><\/span><\/p><\/div>\n<div id=\"attachment_10309\" style=\"width: 594px\" class=\"wp-caption aligncenter\"><a style=\"color: #33cccc;\" href=\"http:\/\/jensgustafsson.se\/?attachment_id=10309\" rel=\"attachment wp-att-10309\"><img loading=\"lazy\" decoding=\"async\" aria-describedby=\"caption-attachment-10309\" class=\"size-large wp-image-10309\" src=\"http:\/\/media1.jensgustafsson.se\/2018\/07\/P1130906-1024x683.jpg\" alt=\"\" width=\"584\" height=\"390\" srcset=\"https:\/\/media1.jensgustafsson.se\/2018\/07\/P1130906-1024x683.jpg 1024w, https:\/\/media1.jensgustafsson.se\/2018\/07\/P1130906-300x200.jpg 300w, https:\/\/media1.jensgustafsson.se\/2018\/07\/P1130906-768x512.jpg 768w, https:\/\/media1.jensgustafsson.se\/2018\/07\/P1130906-450x300.jpg 450w\" sizes=\"auto, (max-width: 584px) 100vw, 584px\" \/><\/a><p id=\"caption-attachment-10309\" class=\"wp-caption-text\"><span style=\"color: #33cccc;\"><em>Midsommart\u00e5rtan.<\/em><\/span><\/p><\/div>\n<div id=\"attachment_10310\" style=\"width: 594px\" class=\"wp-caption aligncenter\"><a style=\"color: #33cccc;\" href=\"http:\/\/jensgustafsson.se\/?attachment_id=10310\" rel=\"attachment wp-att-10310\"><img loading=\"lazy\" decoding=\"async\" aria-describedby=\"caption-attachment-10310\" class=\"size-large wp-image-10310\" src=\"http:\/\/media1.jensgustafsson.se\/2018\/07\/DSC_1248-1024x683.jpg\" alt=\"\" width=\"584\" height=\"390\" srcset=\"https:\/\/media1.jensgustafsson.se\/2018\/07\/DSC_1248-1024x683.jpg 1024w, https:\/\/media1.jensgustafsson.se\/2018\/07\/DSC_1248-300x200.jpg 300w, https:\/\/media1.jensgustafsson.se\/2018\/07\/DSC_1248-768x512.jpg 768w, https:\/\/media1.jensgustafsson.se\/2018\/07\/DSC_1248-450x300.jpg 450w\" sizes=\"auto, (max-width: 584px) 100vw, 584px\" \/><\/a><p id=\"caption-attachment-10310\" class=\"wp-caption-text\"><span style=\"color: #33cccc;\"><em>Vid Uva Kl\u00f6va, nere i ravinen, 23 juni..motsvarigheten f\u00f6r oss h\u00e4r i trakten mera k\u00e4nda More Kastell, v\u00e4l v\u00e4rt ett bes\u00f6k p\u00e5 denna plats ocks\u00e5..<\/em><\/span><\/p><\/div>\n<div id=\"attachment_10289\" style=\"width: 594px\" class=\"wp-caption aligncenter\"><a style=\"color: #33cccc;\" href=\"http:\/\/jensgustafsson.se\/?attachment_id=10289\" rel=\"attachment wp-att-10289\"><img loading=\"lazy\" decoding=\"async\" aria-describedby=\"caption-attachment-10289\" class=\"size-large wp-image-10289\" src=\"http:\/\/media1.jensgustafsson.se\/2018\/06\/P1130934-1024x683.jpg\" alt=\"\" width=\"584\" height=\"390\" srcset=\"https:\/\/media1.jensgustafsson.se\/2018\/06\/P1130934-1024x683.jpg 1024w, https:\/\/media1.jensgustafsson.se\/2018\/06\/P1130934-300x200.jpg 300w, https:\/\/media1.jensgustafsson.se\/2018\/06\/P1130934-768x512.jpg 768w, https:\/\/media1.jensgustafsson.se\/2018\/06\/P1130934-450x300.jpg 450w\" sizes=\"auto, (max-width: 584px) 100vw, 584px\" \/><\/a><p id=\"caption-attachment-10289\" class=\"wp-caption-text\"><span style=\"color: #33cccc;\"><em>Tidig morgon 29 juni p\u00e5 Kyrkogatan.<\/em><\/span><\/p><\/div>\n","protected":false},"excerpt":{"rendered":"<p>Juni 2018 kommer vi att minnas som en varm och torr m\u00e5nad. Vattenniv\u00e5erna har sjunkit snabbt, v\u00e4xtligheten torkar, jordgubbarna mognade i ett rasande tempo, alla blommor sl\u00e5r ut snabbt, och g\u00e5r in i \u00f6verblomnings processen allt f\u00f6r tidigt tycker jag. &hellip; <a href=\"https:\/\/jensgustafsson.se\/?page_id=10298\">Forts\u00e4tt l\u00e4sa <span class=\"meta-nav\">&rarr;<\/span><\/a><\/p>\n","protected":false},"author":1,"featured_media":0,"parent":9263,"menu_order":6,"comment_status":"closed","ping_status":"closed","template":"","meta":{"footnotes":""},"class_list":["post-10298","page","type-page","status-publish","hentry"],"_links":{"self":[{"href":"https:\/\/jensgustafsson.se\/index.php?rest_route=\/wp\/v2\/pages\/10298","targetHints":{"allow":["GET"]}}],"collection":[{"href":"https:\/\/jensgustafsson.se\/index.php?rest_route=\/wp\/v2\/pages"}],"about":[{"href":"https:\/\/jensgustafsson.se\/index.php?rest_route=\/wp\/v2\/types\/page"}],"author":[{"embeddable":true,"href":"https:\/\/jensgustafsson.se\/index.php?rest_route=\/wp\/v2\/users\/1"}],"replies":[{"embeddable":true,"href":"https:\/\/jensgustafsson.se\/index.php?rest_route=%2Fwp%2Fv2%2Fcomments&post=10298"}],"version-history":[{"count":4,"href":"https:\/\/jensgustafsson.se\/index.php?rest_route=\/wp\/v2\/pages\/10298\/revisions"}],"predecessor-version":[{"id":12875,"href":"https:\/\/jensgustafsson.se\/index.php?rest_route=\/wp\/v2\/pages\/10298\/revisions\/12875"}],"up":[{"embeddable":true,"href":"https:\/\/jensgustafsson.se\/index.php?rest_route=\/wp\/v2\/pages\/9263"}],"wp:attachment":[{"href":"https:\/\/jensgustafsson.se\/index.php?rest_route=%2Fwp%2Fv2%2Fmedia&parent=10298"}],"curies":[{"name":"wp","href":"https:\/\/api.w.org\/{rel}","templated":true}]}}