{"id":10461,"date":"2018-08-01T05:48:30","date_gmt":"2018-08-01T04:48:30","guid":{"rendered":"http:\/\/jensgustafsson.se\/?page_id=10461"},"modified":"2018-08-01T05:59:55","modified_gmt":"2018-08-01T04:59:55","slug":"juli-2018","status":"publish","type":"page","link":"https:\/\/jensgustafsson.se\/?page_id=10461","title":{"rendered":"Juli 2018."},"content":{"rendered":"<p><span style=\"color: #33cccc;\"><em>\u00a0\u00c5rets julim\u00e5nad g\u00e5r till historien som en mycket varm och torr m\u00e5nad. I v\u00e5ra trakter har vi \u00e4n s\u00e5 l\u00e4nge varit f\u00f6rskonade fr\u00e5n n\u00e5gra st\u00f6rre skogsbr\u00e4nder, men p\u00e5 andra platser i landet har det ju rasat otroligt stora br\u00e4nder, som vi inte sk\u00e5dat f\u00f6rut.<\/em><\/span><\/p>\n<p><span style=\"color: #33cccc;\"><em>\u00a0Medeltemperaturen juli blev hela 21,9\u00b0, och det kan j\u00e4mf\u00f6ras med andra julim\u00e5nader: 18,6\u00b0 \u00e5r 2013, 19,2\u00b0 \u00e5r 2014, 17,2\u00b0 \u00e5r 2015, 18,1\u00b0 \u00e5r 2016, och 17,1\u00b0 \u00e5r 2017. Inte s\u00e5 m\u00e5nga \u00e5r att j\u00e4mf\u00f6ra precis,men det \u00e4r de \u00e5ren min v\u00e4derstation varit i drift h\u00e4r p\u00e5 Kyrkogatan, och med kontinuerlig loggning med givare p\u00e5 samma plats, s\u00e5 ger det ju en fingervisning om hur mycket varmare denna m\u00e5nad varit j\u00e4mf\u00f6relsevis.<\/em><\/span><\/p>\n<p><span style=\"color: #33cccc;\"><em>\u00a0Jag vill och har inte kunskapen att sitta h\u00e4r och skriva domedagsprofetior, men n\u00e5got verkar rubbat i natur och v\u00e4derrytmen iallafall, och det finns massor av info att l\u00e4sa p\u00e5 n\u00e4tet om vad som tros vara orsak\/anledning till detta extremv\u00e4der, vad man ska tro, det \u00e4r upp till var och en att avg\u00f6ra.<\/em><\/span><\/p>\n<p><span style=\"color: #33cccc;\"><em>\u00a0Jag g\u00f6r en liten sammanfattning h\u00e4r, av v\u00e4dret som varit h\u00e4r i F\u00e5gelfors, Sm\u00e5land och siffrorna kommer fr\u00e5n min privata v\u00e4derstation, som loggar kontinuerligt med tv\u00e5 program, Heavy Wheather och Cumulus.<\/em><\/span><\/p>\n<p><span style=\"color: #33cccc;\"><em>\u00a0H\u00f6gsommardagar har vi haft 27 dagar (maxtemperatur \u00f6ver 25\u00b0), av dessa har det varit \u00f6ver 30\u00b0 14 dagar.<\/em><\/span><\/p>\n<p><span style=\"color: #33cccc;\"><em>\u00a0Den l\u00e4gsta maxtemperaturen vi haft under m\u00e5naden var 21,4\u00b0 den 1:e juli, allts\u00e5 ingen dag under 20\u00b0.<\/em><\/span><\/p>\n<p><span style=\"color: #33cccc;\"><em>\u00a0Tropiska n\u00e4tter (n\u00e4r mintemperaturen inte understiger 20\u00b0) har vi haft 2 stycken.<\/em><\/span><\/p>\n<p><span style=\"color: #33cccc;\"><em>\u00a0Regn har vi trots allt f\u00e5tt 26 mm, f\u00f6rdelat p\u00e5 6 tillf\u00e4llen, 7, 10, 14, 20, 28 och 29 juli.<\/em><\/span><\/p>\n<p><span style=\"color: #33cccc;\"><em>Vad g\u00e4ller vinden, s\u00e5 har den kommit fr\u00e5n riktning d\u00e4r ostlig varit dominerande till 75% cirka och fr\u00e5n riktning d\u00e4r v\u00e4stlig varit dominerande till 25% cirka.<\/em><\/span><\/p>\n<p><span style=\"color: #33cccc;\"><em>\u00a0H\u00e4r kommer sammanst\u00e4llningen i siffror, och efter den l\u00e4gger jag n\u00e5gra bilder som jag tagit under m\u00e5naden.<\/em><\/span><\/p>\n<h1><span style=\"color: #99cc00;\"><em>Summary for juli 2018<\/em><\/span><\/h1>\n<p><span style=\"color: #99cc00;\"><em>Temperature (\u00b0C):<\/em><\/span><br \/>\n<span style=\"color: #99cc00;\"><em>Mean (min+max) 21,9<\/em><\/span><br \/>\n<span style=\"color: #99cc00;\"><em>Mean Minimum 14,9<\/em><\/span><br \/>\n<span style=\"color: #99cc00;\"><em>Mean Maximum 28,9<\/em><\/span><br \/>\n<span style=\"color: #99cc00;\"><em>Minimum 5,9 day 01<\/em><\/span><br \/>\n<span style=\"color: #99cc00;\"><em>Maximum 33,9 day 25<\/em><\/span><br \/>\n<span style=\"color: #99cc00;\"><em>Highest Minimum 20,5 day 18<\/em><\/span><br \/>\n<span style=\"color: #99cc00;\"><em>Lowest Maximum 21,4 day 01<\/em><\/span><br \/>\n<span style=\"color: #99cc00;\"><em>Air frosts 0<\/em><\/span><\/p>\n<p><span style=\"color: #99cc00;\"><em>Rainfall (mm):<\/em><\/span><br \/>\n<span style=\"color: #99cc00;\"><em>Total for month 26,0<\/em><\/span><br \/>\n<span style=\"color: #99cc00;\"><em>Wettest day 14,0 day 29<\/em><\/span><br \/>\n<span style=\"color: #99cc00;\"><em>Rain days 6<\/em><\/span><br \/>\n<span style=\"color: #99cc00;\"><em>Dry days 25<\/em><\/span><\/p>\n<p><span style=\"color: #99cc00;\"><em>Wind (m\/s):<\/em><\/span><br \/>\n<span style=\"color: #99cc00;\"><em>Highest Gust 10 day 26<\/em><\/span><\/p>\n<p><span style=\"color: #99cc00;\"><em>Pressure (hPa):<\/em><\/span><br \/>\n<span style=\"color: #99cc00;\"><em>Maximum 1023,2 day 01<\/em><\/span><br \/>\n<span style=\"color: #99cc00;\"><em>Minimum 1004,6 day 05<\/em><\/span><\/p>\n<p>&nbsp;<\/p>\n<p>&nbsp;<\/p>\n<p>&nbsp;<\/p>\n<div id=\"attachment_10463\" style=\"width: 594px\" class=\"wp-caption aligncenter\"><a style=\"color: #33cccc;\" href=\"http:\/\/jensgustafsson.se\/?attachment_id=10463\" rel=\"attachment wp-att-10463\"><img loading=\"lazy\" decoding=\"async\" aria-describedby=\"caption-attachment-10463\" class=\"size-large wp-image-10463\" src=\"http:\/\/media1.jensgustafsson.se\/2018\/07\/DSC_1432-1024x683.jpg\" alt=\"\" width=\"584\" height=\"390\" srcset=\"https:\/\/media1.jensgustafsson.se\/2018\/07\/DSC_1432-1024x683.jpg 1024w, https:\/\/media1.jensgustafsson.se\/2018\/07\/DSC_1432-300x200.jpg 300w, https:\/\/media1.jensgustafsson.se\/2018\/07\/DSC_1432-768x512.jpg 768w, https:\/\/media1.jensgustafsson.se\/2018\/07\/DSC_1432-450x300.jpg 450w\" sizes=\"auto, (max-width: 584px) 100vw, 584px\" \/><\/a><p id=\"caption-attachment-10463\" class=\"wp-caption-text\"><span style=\"color: #33cccc;\"><em>Vid Vecklevad 2 juli, \u00e5f\u00e5ran i N\u00f6t\u00e5n n\u00e4stan torr&#8230;tr\u00e5kig och skr\u00e4mmande syn..<\/em><\/span><\/p><\/div>\n<div id=\"attachment_10464\" style=\"width: 594px\" class=\"wp-caption aligncenter\"><a style=\"color: #33cccc;\" href=\"http:\/\/jensgustafsson.se\/?attachment_id=10464\" rel=\"attachment wp-att-10464\"><img loading=\"lazy\" decoding=\"async\" aria-describedby=\"caption-attachment-10464\" class=\"size-large wp-image-10464\" src=\"http:\/\/media1.jensgustafsson.se\/2018\/07\/DSC_1541-1024x683.jpg\" alt=\"\" width=\"584\" height=\"390\" srcset=\"https:\/\/media1.jensgustafsson.se\/2018\/07\/DSC_1541-1024x683.jpg 1024w, https:\/\/media1.jensgustafsson.se\/2018\/07\/DSC_1541-300x200.jpg 300w, https:\/\/media1.jensgustafsson.se\/2018\/07\/DSC_1541-768x512.jpg 768w, https:\/\/media1.jensgustafsson.se\/2018\/07\/DSC_1541-450x300.jpg 450w\" sizes=\"auto, (max-width: 584px) 100vw, 584px\" \/><\/a><p id=\"caption-attachment-10464\" class=\"wp-caption-text\"><span style=\"color: #33cccc;\"><em>3 juli ute i skogen i n\u00e4rheten av Sk\u00f6reg\u00f6l&#8230;\u00e4nnu fanns det d\u00e5 vatten i en del vattenh\u00e5lor i skogen..<\/em><\/span><\/p><\/div>\n<div id=\"attachment_10465\" style=\"width: 594px\" class=\"wp-caption aligncenter\"><a style=\"color: #33cccc;\" href=\"http:\/\/jensgustafsson.se\/?attachment_id=10465\" rel=\"attachment wp-att-10465\"><img loading=\"lazy\" decoding=\"async\" aria-describedby=\"caption-attachment-10465\" class=\"size-large wp-image-10465\" src=\"http:\/\/media1.jensgustafsson.se\/2018\/07\/DSC_1660-1024x665.jpg\" alt=\"\" width=\"584\" height=\"379\" srcset=\"https:\/\/media1.jensgustafsson.se\/2018\/07\/DSC_1660-1024x665.jpg 1024w, https:\/\/media1.jensgustafsson.se\/2018\/07\/DSC_1660-300x195.jpg 300w, https:\/\/media1.jensgustafsson.se\/2018\/07\/DSC_1660-768x499.jpg 768w, https:\/\/media1.jensgustafsson.se\/2018\/07\/DSC_1660-462x300.jpg 462w\" sizes=\"auto, (max-width: 584px) 100vw, 584px\" \/><\/a><p id=\"caption-attachment-10465\" class=\"wp-caption-text\"><span style=\"color: #33cccc;\"><em>5 juli p\u00e5 morgonen vid det vi kallar &#8221;Torpsj\u00f6n&#8221;<\/em><\/span><\/p><\/div>\n<div id=\"attachment_10466\" style=\"width: 594px\" class=\"wp-caption aligncenter\"><a style=\"color: #33cccc;\" href=\"http:\/\/jensgustafsson.se\/?attachment_id=10466\" rel=\"attachment wp-att-10466\"><img loading=\"lazy\" decoding=\"async\" aria-describedby=\"caption-attachment-10466\" class=\"size-large wp-image-10466\" src=\"http:\/\/media1.jensgustafsson.se\/2018\/07\/P1130965-1024x681.jpg\" alt=\"\" width=\"584\" height=\"388\" srcset=\"https:\/\/media1.jensgustafsson.se\/2018\/07\/P1130965-1024x681.jpg 1024w, https:\/\/media1.jensgustafsson.se\/2018\/07\/P1130965-300x199.jpg 300w, https:\/\/media1.jensgustafsson.se\/2018\/07\/P1130965-768x510.jpg 768w, https:\/\/media1.jensgustafsson.se\/2018\/07\/P1130965-451x300.jpg 451w\" sizes=\"auto, (max-width: 584px) 100vw, 584px\" \/><\/a><p id=\"caption-attachment-10466\" class=\"wp-caption-text\"><span style=\"color: #33cccc;\"><em>5 juli&#8230;en fisketur i kv\u00e4llningen p\u00e5 Saden.<\/em><\/span><\/p><\/div>\n<div id=\"attachment_10467\" style=\"width: 594px\" class=\"wp-caption aligncenter\"><a style=\"color: #33cccc;\" href=\"http:\/\/jensgustafsson.se\/?attachment_id=10467\" rel=\"attachment wp-att-10467\"><img loading=\"lazy\" decoding=\"async\" aria-describedby=\"caption-attachment-10467\" class=\"size-large wp-image-10467\" src=\"http:\/\/media1.jensgustafsson.se\/2018\/07\/DSC_1716-1024x683.jpg\" alt=\"\" width=\"584\" height=\"390\" srcset=\"https:\/\/media1.jensgustafsson.se\/2018\/07\/DSC_1716-1024x683.jpg 1024w, https:\/\/media1.jensgustafsson.se\/2018\/07\/DSC_1716-300x200.jpg 300w, https:\/\/media1.jensgustafsson.se\/2018\/07\/DSC_1716-768x512.jpg 768w, https:\/\/media1.jensgustafsson.se\/2018\/07\/DSC_1716-450x300.jpg 450w\" sizes=\"auto, (max-width: 584px) 100vw, 584px\" \/><\/a><p id=\"caption-attachment-10467\" class=\"wp-caption-text\"><span style=\"color: #33cccc;\"><em>6 juli p\u00e5 morgonen vid kvarnen i Kronobo.<\/em><\/span><\/p><\/div>\n<div id=\"attachment_10468\" style=\"width: 594px\" class=\"wp-caption aligncenter\"><a style=\"color: #33cccc;\" href=\"http:\/\/jensgustafsson.se\/?attachment_id=10468\" rel=\"attachment wp-att-10468\"><img loading=\"lazy\" decoding=\"async\" aria-describedby=\"caption-attachment-10468\" class=\"size-large wp-image-10468\" src=\"http:\/\/media1.jensgustafsson.se\/2018\/07\/DSC_1797-1024x524.jpg\" alt=\"\" width=\"584\" height=\"299\" srcset=\"https:\/\/media1.jensgustafsson.se\/2018\/07\/DSC_1797-1024x524.jpg 1024w, https:\/\/media1.jensgustafsson.se\/2018\/07\/DSC_1797-300x154.jpg 300w, https:\/\/media1.jensgustafsson.se\/2018\/07\/DSC_1797-768x393.jpg 768w, https:\/\/media1.jensgustafsson.se\/2018\/07\/DSC_1797-500x256.jpg 500w\" sizes=\"auto, (max-width: 584px) 100vw, 584px\" \/><\/a><p id=\"caption-attachment-10468\" class=\"wp-caption-text\"><span style=\"color: #33cccc;\"><em>8 juli vid Lixhult p\u00e5 morgonen.<\/em><\/span><\/p><\/div>\n<div id=\"attachment_10470\" style=\"width: 594px\" class=\"wp-caption aligncenter\"><a style=\"color: #33cccc;\" href=\"http:\/\/jensgustafsson.se\/?attachment_id=10470\" rel=\"attachment wp-att-10470\"><img loading=\"lazy\" decoding=\"async\" aria-describedby=\"caption-attachment-10470\" class=\"wp-image-10470 size-large\" src=\"http:\/\/media1.jensgustafsson.se\/2018\/07\/DSC_1843-1-1024x667.jpg\" alt=\"\" width=\"584\" height=\"380\" srcset=\"https:\/\/media1.jensgustafsson.se\/2018\/07\/DSC_1843-1-1024x667.jpg 1024w, https:\/\/media1.jensgustafsson.se\/2018\/07\/DSC_1843-1-300x196.jpg 300w, https:\/\/media1.jensgustafsson.se\/2018\/07\/DSC_1843-1-768x501.jpg 768w, https:\/\/media1.jensgustafsson.se\/2018\/07\/DSC_1843-1-460x300.jpg 460w\" sizes=\"auto, (max-width: 584px) 100vw, 584px\" \/><\/a><p id=\"caption-attachment-10470\" class=\"wp-caption-text\"><span style=\"color: #33cccc;\"><em>9 juli vid Klobosj\u00f6n.<\/em><\/span><\/p><\/div>\n<div id=\"attachment_10471\" style=\"width: 594px\" class=\"wp-caption aligncenter\"><a style=\"color: #33cccc;\" href=\"http:\/\/jensgustafsson.se\/?attachment_id=10471\" rel=\"attachment wp-att-10471\"><img loading=\"lazy\" decoding=\"async\" aria-describedby=\"caption-attachment-10471\" class=\"size-large wp-image-10471\" src=\"http:\/\/media1.jensgustafsson.se\/2018\/07\/DSC_1982-1-1024x599.jpg\" alt=\"\" width=\"584\" height=\"342\" srcset=\"https:\/\/media1.jensgustafsson.se\/2018\/07\/DSC_1982-1-1024x599.jpg 1024w, https:\/\/media1.jensgustafsson.se\/2018\/07\/DSC_1982-1-300x175.jpg 300w, https:\/\/media1.jensgustafsson.se\/2018\/07\/DSC_1982-1-768x449.jpg 768w, https:\/\/media1.jensgustafsson.se\/2018\/07\/DSC_1982-1-500x292.jpg 500w\" sizes=\"auto, (max-width: 584px) 100vw, 584px\" \/><\/a><p id=\"caption-attachment-10471\" class=\"wp-caption-text\"><span style=\"color: #33cccc;\"><em>17 juli p\u00e5 morgonen vid \u00d6vrasj\u00f6badet.<\/em><\/span><\/p><\/div>\n<div id=\"attachment_10472\" style=\"width: 594px\" class=\"wp-caption aligncenter\"><a style=\"color: #33cccc;\" href=\"http:\/\/jensgustafsson.se\/?attachment_id=10472\" rel=\"attachment wp-att-10472\"><img loading=\"lazy\" decoding=\"async\" aria-describedby=\"caption-attachment-10472\" class=\"size-large wp-image-10472\" src=\"http:\/\/media1.jensgustafsson.se\/2018\/07\/DSC_2118-1024x683.jpg\" alt=\"\" width=\"584\" height=\"390\" srcset=\"https:\/\/media1.jensgustafsson.se\/2018\/07\/DSC_2118-1024x683.jpg 1024w, https:\/\/media1.jensgustafsson.se\/2018\/07\/DSC_2118-300x200.jpg 300w, https:\/\/media1.jensgustafsson.se\/2018\/07\/DSC_2118-768x512.jpg 768w, https:\/\/media1.jensgustafsson.se\/2018\/07\/DSC_2118-450x300.jpg 450w\" sizes=\"auto, (max-width: 584px) 100vw, 584px\" \/><\/a><p id=\"caption-attachment-10472\" class=\"wp-caption-text\"><span style=\"color: #33cccc;\"><em>19 juli p\u00e5 kv\u00e4llen.<\/em><\/span><\/p><\/div>\n<div id=\"attachment_10473\" style=\"width: 594px\" class=\"wp-caption aligncenter\"><a style=\"color: #33cccc;\" href=\"http:\/\/jensgustafsson.se\/?attachment_id=10473\" rel=\"attachment wp-att-10473\"><img loading=\"lazy\" decoding=\"async\" aria-describedby=\"caption-attachment-10473\" class=\"size-large wp-image-10473\" src=\"http:\/\/media1.jensgustafsson.se\/2018\/07\/DSC_2476-1024x672.jpg\" alt=\"\" width=\"584\" height=\"383\" srcset=\"https:\/\/media1.jensgustafsson.se\/2018\/07\/DSC_2476-1024x672.jpg 1024w, https:\/\/media1.jensgustafsson.se\/2018\/07\/DSC_2476-300x197.jpg 300w, https:\/\/media1.jensgustafsson.se\/2018\/07\/DSC_2476-768x504.jpg 768w, https:\/\/media1.jensgustafsson.se\/2018\/07\/DSC_2476-457x300.jpg 457w\" sizes=\"auto, (max-width: 584px) 100vw, 584px\" \/><\/a><p id=\"caption-attachment-10473\" class=\"wp-caption-text\"><span style=\"color: #33cccc;\"><em>27 juli&#8230;blodm\u00e5nen<\/em><\/span><\/p><\/div>\n<div id=\"attachment_10474\" style=\"width: 594px\" class=\"wp-caption aligncenter\"><a style=\"color: #33cccc;\" href=\"http:\/\/jensgustafsson.se\/?attachment_id=10474\" rel=\"attachment wp-att-10474\"><img loading=\"lazy\" decoding=\"async\" aria-describedby=\"caption-attachment-10474\" class=\"size-large wp-image-10474\" src=\"http:\/\/media1.jensgustafsson.se\/2018\/07\/DSC_2703-2000x1307-1024x669.jpg\" alt=\"\" width=\"584\" height=\"382\" srcset=\"https:\/\/media1.jensgustafsson.se\/2018\/07\/DSC_2703-2000x1307-1024x669.jpg 1024w, https:\/\/media1.jensgustafsson.se\/2018\/07\/DSC_2703-2000x1307-300x196.jpg 300w, https:\/\/media1.jensgustafsson.se\/2018\/07\/DSC_2703-2000x1307-768x502.jpg 768w, https:\/\/media1.jensgustafsson.se\/2018\/07\/DSC_2703-2000x1307-459x300.jpg 459w, https:\/\/media1.jensgustafsson.se\/2018\/07\/DSC_2703-2000x1307.jpg 2000w\" sizes=\"auto, (max-width: 584px) 100vw, 584px\" \/><\/a><p id=\"caption-attachment-10474\" class=\"wp-caption-text\"><span style=\"color: #33cccc;\"><em>31 juli vid Emmarsg\u00f6l p\u00e5 morgonen.<\/em><\/span><\/p><\/div>\n<p>&nbsp;<\/p>\n<p>&nbsp;<\/p>\n<p>&nbsp;<\/p>\n<p>&nbsp;<\/p>\n","protected":false},"excerpt":{"rendered":"<p>\u00a0\u00c5rets julim\u00e5nad g\u00e5r till historien som en mycket varm och torr m\u00e5nad. I v\u00e5ra trakter har vi \u00e4n s\u00e5 l\u00e4nge varit f\u00f6rskonade fr\u00e5n n\u00e5gra st\u00f6rre skogsbr\u00e4nder, men p\u00e5 andra platser i landet har det ju rasat otroligt stora br\u00e4nder, som &hellip; <a href=\"https:\/\/jensgustafsson.se\/?page_id=10461\">Forts\u00e4tt l\u00e4sa <span class=\"meta-nav\">&rarr;<\/span><\/a><\/p>\n","protected":false},"author":1,"featured_media":0,"parent":9263,"menu_order":7,"comment_status":"closed","ping_status":"closed","template":"","meta":{"footnotes":""},"class_list":["post-10461","page","type-page","status-publish","hentry"],"_links":{"self":[{"href":"https:\/\/jensgustafsson.se\/index.php?rest_route=\/wp\/v2\/pages\/10461","targetHints":{"allow":["GET"]}}],"collection":[{"href":"https:\/\/jensgustafsson.se\/index.php?rest_route=\/wp\/v2\/pages"}],"about":[{"href":"https:\/\/jensgustafsson.se\/index.php?rest_route=\/wp\/v2\/types\/page"}],"author":[{"embeddable":true,"href":"https:\/\/jensgustafsson.se\/index.php?rest_route=\/wp\/v2\/users\/1"}],"replies":[{"embeddable":true,"href":"https:\/\/jensgustafsson.se\/index.php?rest_route=%2Fwp%2Fv2%2Fcomments&post=10461"}],"version-history":[{"count":8,"href":"https:\/\/jensgustafsson.se\/index.php?rest_route=\/wp\/v2\/pages\/10461\/revisions"}],"predecessor-version":[{"id":10490,"href":"https:\/\/jensgustafsson.se\/index.php?rest_route=\/wp\/v2\/pages\/10461\/revisions\/10490"}],"up":[{"embeddable":true,"href":"https:\/\/jensgustafsson.se\/index.php?rest_route=\/wp\/v2\/pages\/9263"}],"wp:attachment":[{"href":"https:\/\/jensgustafsson.se\/index.php?rest_route=%2Fwp%2Fv2%2Fmedia&parent=10461"}],"curies":[{"name":"wp","href":"https:\/\/api.w.org\/{rel}","templated":true}]}}