{"id":10733,"date":"2018-09-01T05:46:22","date_gmt":"2018-09-01T04:46:22","guid":{"rendered":"http:\/\/jensgustafsson.se\/?page_id=10733"},"modified":"2018-09-01T21:44:14","modified_gmt":"2018-09-01T20:44:14","slug":"augusti-2018","status":"publish","type":"page","link":"https:\/\/jensgustafsson.se\/?page_id=10733","title":{"rendered":"Augusti 2018."},"content":{"rendered":"<p><span style=\"color: #33cccc;\"><em>Augusti m\u00e5nads inledning blev en forts\u00e4ttning p\u00e5 julim\u00e5nadens v\u00e4rme och torka.<\/em><\/span><\/p>\n<p><span style=\"color: #33cccc;\"><em>Medeltemperaturen blev 19,1\u00b0. Det \u00e4r cirka ett par grader h\u00f6gre \u00e4n vad vi brukar ha i augusti.<\/em><\/span><\/p>\n<p><span style=\"color: #33cccc;\"><em>Efter n\u00e5gon vecka in i m\u00e5naden, s\u00e5 blev det lite l\u00e4gre temperatur, om \u00e4n fortfarande varmt. D\u00e4refter har det g\u00e5tt lite upp och ner, och jag visar det i diagrammet nedan:<\/em><\/span><\/p>\n<p><span style=\"color: #33cccc;\"><em><a style=\"color: #33cccc;\" href=\"http:\/\/jensgustafsson.se\/?attachment_id=10734\" rel=\"attachment wp-att-10734\"><img loading=\"lazy\" decoding=\"async\" class=\"aligncenter size-full wp-image-10734\" src=\"http:\/\/media1.jensgustafsson.se\/2018\/09\/Temp-Aug..png\" alt=\"\" width=\"600\" height=\"300\" srcset=\"https:\/\/media1.jensgustafsson.se\/2018\/09\/Temp-Aug..png 600w, https:\/\/media1.jensgustafsson.se\/2018\/09\/Temp-Aug.-300x150.png 300w, https:\/\/media1.jensgustafsson.se\/2018\/09\/Temp-Aug.-500x250.png 500w\" sizes=\"auto, (max-width: 600px) 100vw, 600px\" \/><\/a><\/em><\/span><\/p>\n<p><span style=\"color: #33cccc;\"><em>Vi har haft 13 h\u00f6gsommardagar (maxtemperatur \u00f6ver 25\u00b0) varav 5 dagar med temperatur \u00f6ver 30\u00b0. 13 dagar har det varit mellan 20 och 24,9\u00b0, och kvar blir d\u00e5 5 dagar som inte maxtemperaturen n\u00e5dde 20\u00b0.<\/em><\/span><\/p>\n<p><span style=\"color: #33cccc;\"><em>Vi har haft 3 tropiska n\u00e4tter, allts\u00e5 d\u00e5 minimumtemperaturen inte sjunkit under 20\u00b0.<\/em><\/span><\/p>\n<p><span style=\"color: #33cccc;\"><em>Vi har haft 14 regndagar av augustis 31 dagar, och m\u00e5naden avslutades ju med an rej\u00e4l rotbl\u00f6ta, som nog de flesta v\u00e4lkomnade, n\u00e4stan 37 mm.<\/em><\/span><\/p>\n<p><span style=\"color: #33cccc;\"><em>Vinden har kommit fr\u00e5n riktningen har dominerats av v\u00e4stlig (S-SV-N) cirka 75 % och 25% med dominans fr\u00e5n ost (N-NO-SO). Detta \u00e4r lite trendbrytande tycker jag, f\u00f6r vi \u00e4r mera vana vid den ostliga dominansen h\u00e4r p\u00e5 senare tid, kanske en tillf\u00e4llighet, jag \u00e5terkommer vid n\u00e4sta m\u00e5nadssammanfattning hur det ser ut d\u00e5.<\/em><\/span><\/p>\n<p><span style=\"color: #33cccc;\"><em>H\u00e4r kommer d\u00e5 m\u00e5nadens v\u00e4der i siffror fr\u00e5n min v\u00e4derstation, som anv\u00e4nder sig av tv\u00e5 program, Heavy Wheather som sk\u00f6ter loggningen och Cumulus som &#8221;vidaref\u00f6r\u00e4dlar&#8221; loggen och l\u00e4gger ut den p\u00e5 min websida:<\/em><\/span><\/p>\n<p><span style=\"color: #33cccc;\"><em>Summary for period 2018-08-01 to 2018-08-31<\/em><\/span><\/p>\n<p><span style=\"color: #33cccc;\"><em>Temperature (\u00b0C):<\/em><\/span><br \/>\n<span style=\"color: #33cccc;\"><em>Mean (min+max) 19,1<\/em><\/span><br \/>\n<span style=\"color: #33cccc;\"><em>Mean Minimum 13,5<\/em><\/span><br \/>\n<span style=\"color: #33cccc;\"><em>Mean Maximum 24,8<\/em><\/span><br \/>\n<span style=\"color: #33cccc;\"><em>Minimum 7,2 on 2018-08-27<\/em><\/span><br \/>\n<span style=\"color: #33cccc;\"><em>Maximum 33,5 on 2018-08-01<\/em><\/span><br \/>\n<span style=\"color: #33cccc;\"><em>Highest Minimum 20,5 on 2018-08-02<\/em><\/span><br \/>\n<span style=\"color: #33cccc;\"><em>Lowest Maximum 15,0 on 2018-08-31<\/em><\/span><br \/>\n<span style=\"color: #33cccc;\"><em>Air frosts 0<\/em><\/span><\/p>\n<p><span style=\"color: #33cccc;\"><em>Rainfall (mm):<\/em><\/span><br \/>\n<span style=\"color: #33cccc;\"><em>Total for period 103<\/em><\/span><br \/>\n<span style=\"color: #33cccc;\"><em>Wettest day 36,3 on 2018-08-31<\/em><\/span><br \/>\n<span style=\"color: #33cccc;\"><em>Rain days 14<\/em><\/span><br \/>\n<span style=\"color: #33cccc;\"><em>Dry days 17<\/em><\/span><\/p>\n<p><span style=\"color: #33cccc;\"><em>Wind (m\/s):<\/em><\/span><br \/>\n<span style=\"color: #33cccc;\"><em>Highest Gust 12,0 on 2018-08-12, 2018-08-19<\/em><\/span><\/p>\n<p><span style=\"color: #33cccc;\"><em>Pressure (hPa):<\/em><\/span><br \/>\n<span style=\"color: #33cccc;\"><em>Maximum 1020,8 on 2018-08-03<\/em><\/span><br \/>\n<span style=\"color: #33cccc;\"><em>Minimum 1000,6 on 2018-08-24<\/em><\/span><\/p>\n<p><span style=\"color: #33cccc;\"><em>Som vanligt l\u00e4gger jag in n\u00e5gra bilder som fastnat i mina kameror under m\u00e5naden:<\/em><\/span><\/p>\n<div id=\"attachment_10742\" style=\"width: 594px\" class=\"wp-caption aligncenter\"><a style=\"color: #33cccc;\" href=\"http:\/\/jensgustafsson.se\/?attachment_id=10742\" rel=\"attachment wp-att-10742\"><img loading=\"lazy\" decoding=\"async\" aria-describedby=\"caption-attachment-10742\" class=\"size-large wp-image-10742\" src=\"http:\/\/media1.jensgustafsson.se\/2018\/09\/DSC_2786-1024x683.jpg\" alt=\"\" width=\"584\" height=\"390\" srcset=\"https:\/\/media1.jensgustafsson.se\/2018\/09\/DSC_2786-1024x683.jpg 1024w, https:\/\/media1.jensgustafsson.se\/2018\/09\/DSC_2786-300x200.jpg 300w, https:\/\/media1.jensgustafsson.se\/2018\/09\/DSC_2786-768x512.jpg 768w, https:\/\/media1.jensgustafsson.se\/2018\/09\/DSC_2786-450x300.jpg 450w\" sizes=\"auto, (max-width: 584px) 100vw, 584px\" \/><\/a><p id=\"caption-attachment-10742\" class=\"wp-caption-text\"><span style=\"color: #33cccc;\"><em>Kraftig regnskur 1 augusti.<\/em><\/span><\/p><\/div>\n<div id=\"attachment_10743\" style=\"width: 594px\" class=\"wp-caption aligncenter\"><a style=\"color: #33cccc;\" href=\"http:\/\/jensgustafsson.se\/?attachment_id=10743\" rel=\"attachment wp-att-10743\"><img loading=\"lazy\" decoding=\"async\" aria-describedby=\"caption-attachment-10743\" class=\"size-large wp-image-10743\" src=\"http:\/\/media1.jensgustafsson.se\/2018\/09\/DSC_2797-1024x683.jpg\" alt=\"\" width=\"584\" height=\"390\" srcset=\"https:\/\/media1.jensgustafsson.se\/2018\/09\/DSC_2797-1024x683.jpg 1024w, https:\/\/media1.jensgustafsson.se\/2018\/09\/DSC_2797-300x200.jpg 300w, https:\/\/media1.jensgustafsson.se\/2018\/09\/DSC_2797-768x512.jpg 768w, https:\/\/media1.jensgustafsson.se\/2018\/09\/DSC_2797-450x300.jpg 450w\" sizes=\"auto, (max-width: 584px) 100vw, 584px\" \/><\/a><p id=\"caption-attachment-10743\" class=\"wp-caption-text\"><span style=\"color: #33cccc;\"><em>P\u00e5 kv\u00e4llen 1 augusti efter \u00e5ska och regn.<\/em><\/span><\/p><\/div>\n<div id=\"attachment_10744\" style=\"width: 594px\" class=\"wp-caption aligncenter\"><a style=\"color: #33cccc;\" href=\"http:\/\/jensgustafsson.se\/?attachment_id=10744\" rel=\"attachment wp-att-10744\"><img loading=\"lazy\" decoding=\"async\" aria-describedby=\"caption-attachment-10744\" class=\"size-large wp-image-10744\" src=\"http:\/\/media1.jensgustafsson.se\/2018\/09\/DSC_2820-1024x683.jpg\" alt=\"\" width=\"584\" height=\"390\" srcset=\"https:\/\/media1.jensgustafsson.se\/2018\/09\/DSC_2820-1024x683.jpg 1024w, https:\/\/media1.jensgustafsson.se\/2018\/09\/DSC_2820-300x200.jpg 300w, https:\/\/media1.jensgustafsson.se\/2018\/09\/DSC_2820-768x512.jpg 768w, https:\/\/media1.jensgustafsson.se\/2018\/09\/DSC_2820-450x300.jpg 450w\" sizes=\"auto, (max-width: 584px) 100vw, 584px\" \/><\/a><p id=\"caption-attachment-10744\" class=\"wp-caption-text\"><span style=\"color: #33cccc;\"><em>P\u00e5 morgonen 2 augusti vid Vecklevad.<\/em><\/span><\/p><\/div>\n<div id=\"attachment_10745\" style=\"width: 594px\" class=\"wp-caption aligncenter\"><a style=\"color: #33cccc;\" href=\"http:\/\/jensgustafsson.se\/?attachment_id=10745\" rel=\"attachment wp-att-10745\"><img loading=\"lazy\" decoding=\"async\" aria-describedby=\"caption-attachment-10745\" class=\"size-large wp-image-10745\" src=\"http:\/\/media1.jensgustafsson.se\/2018\/09\/DSC_2917-1024x683.jpg\" alt=\"\" width=\"584\" height=\"390\" srcset=\"https:\/\/media1.jensgustafsson.se\/2018\/09\/DSC_2917-1024x683.jpg 1024w, https:\/\/media1.jensgustafsson.se\/2018\/09\/DSC_2917-300x200.jpg 300w, https:\/\/media1.jensgustafsson.se\/2018\/09\/DSC_2917-768x512.jpg 768w, https:\/\/media1.jensgustafsson.se\/2018\/09\/DSC_2917-450x300.jpg 450w\" sizes=\"auto, (max-width: 584px) 100vw, 584px\" \/><\/a><p id=\"caption-attachment-10745\" class=\"wp-caption-text\"><span style=\"color: #33cccc;\"><em>3 augusti, sol och klarbl\u00e5 himmel.<\/em><\/span><\/p><\/div>\n<div id=\"attachment_10746\" style=\"width: 594px\" class=\"wp-caption aligncenter\"><a style=\"color: #33cccc;\" href=\"http:\/\/jensgustafsson.se\/?attachment_id=10746\" rel=\"attachment wp-att-10746\"><img loading=\"lazy\" decoding=\"async\" aria-describedby=\"caption-attachment-10746\" class=\"size-large wp-image-10746\" src=\"http:\/\/media1.jensgustafsson.se\/2018\/09\/DSC_2942-1024x683.jpg\" alt=\"\" width=\"584\" height=\"390\" srcset=\"https:\/\/media1.jensgustafsson.se\/2018\/09\/DSC_2942-1024x683.jpg 1024w, https:\/\/media1.jensgustafsson.se\/2018\/09\/DSC_2942-300x200.jpg 300w, https:\/\/media1.jensgustafsson.se\/2018\/09\/DSC_2942-768x512.jpg 768w, https:\/\/media1.jensgustafsson.se\/2018\/09\/DSC_2942-450x300.jpg 450w\" sizes=\"auto, (max-width: 584px) 100vw, 584px\" \/><\/a><p id=\"caption-attachment-10746\" class=\"wp-caption-text\"><span style=\"color: #33cccc;\"><em>5 augusti, en cykeltur i en torr natur.<\/em><\/span><\/p><\/div>\n<div id=\"attachment_10747\" style=\"width: 594px\" class=\"wp-caption aligncenter\"><a style=\"color: #33cccc;\" href=\"http:\/\/jensgustafsson.se\/?attachment_id=10747\" rel=\"attachment wp-att-10747\"><img loading=\"lazy\" decoding=\"async\" aria-describedby=\"caption-attachment-10747\" class=\"size-large wp-image-10747\" src=\"http:\/\/media1.jensgustafsson.se\/2018\/09\/DSC_3096-1024x603.jpg\" alt=\"\" width=\"584\" height=\"344\" srcset=\"https:\/\/media1.jensgustafsson.se\/2018\/09\/DSC_3096-1024x603.jpg 1024w, https:\/\/media1.jensgustafsson.se\/2018\/09\/DSC_3096-300x177.jpg 300w, https:\/\/media1.jensgustafsson.se\/2018\/09\/DSC_3096-768x452.jpg 768w, https:\/\/media1.jensgustafsson.se\/2018\/09\/DSC_3096-500x294.jpg 500w\" sizes=\"auto, (max-width: 584px) 100vw, 584px\" \/><\/a><p id=\"caption-attachment-10747\" class=\"wp-caption-text\"><span style=\"color: #33cccc;\"><em>Morgonen 12 augusti.<\/em><\/span><\/p><\/div>\n<div id=\"attachment_10748\" style=\"width: 594px\" class=\"wp-caption aligncenter\"><a style=\"color: #33cccc;\" href=\"http:\/\/jensgustafsson.se\/?attachment_id=10748\" rel=\"attachment wp-att-10748\"><img loading=\"lazy\" decoding=\"async\" aria-describedby=\"caption-attachment-10748\" class=\"size-large wp-image-10748\" src=\"http:\/\/media1.jensgustafsson.se\/2018\/09\/DSC_3253-1024x746.jpg\" alt=\"\" width=\"584\" height=\"425\" srcset=\"https:\/\/media1.jensgustafsson.se\/2018\/09\/DSC_3253-1024x746.jpg 1024w, https:\/\/media1.jensgustafsson.se\/2018\/09\/DSC_3253-300x219.jpg 300w, https:\/\/media1.jensgustafsson.se\/2018\/09\/DSC_3253-768x560.jpg 768w, https:\/\/media1.jensgustafsson.se\/2018\/09\/DSC_3253-412x300.jpg 412w\" sizes=\"auto, (max-width: 584px) 100vw, 584px\" \/><\/a><p id=\"caption-attachment-10748\" class=\"wp-caption-text\"><span style=\"color: #33cccc;\"><em>Kv\u00e4llen 12 augusti.<\/em><\/span><\/p><\/div>\n<div id=\"attachment_10749\" style=\"width: 594px\" class=\"wp-caption aligncenter\"><a style=\"color: #33cccc;\" href=\"http:\/\/jensgustafsson.se\/?attachment_id=10749\" rel=\"attachment wp-att-10749\"><img loading=\"lazy\" decoding=\"async\" aria-describedby=\"caption-attachment-10749\" class=\"size-large wp-image-10749\" src=\"http:\/\/media1.jensgustafsson.se\/2018\/09\/DSC_3321-1024x683.jpg\" alt=\"\" width=\"584\" height=\"390\" srcset=\"https:\/\/media1.jensgustafsson.se\/2018\/09\/DSC_3321-1024x683.jpg 1024w, https:\/\/media1.jensgustafsson.se\/2018\/09\/DSC_3321-300x200.jpg 300w, https:\/\/media1.jensgustafsson.se\/2018\/09\/DSC_3321-768x512.jpg 768w, https:\/\/media1.jensgustafsson.se\/2018\/09\/DSC_3321-450x300.jpg 450w\" sizes=\"auto, (max-width: 584px) 100vw, 584px\" \/><\/a><p id=\"caption-attachment-10749\" class=\"wp-caption-text\"><span style=\"color: #33cccc;\"><em>Morgonen 13 augusti.<\/em><\/span><\/p><\/div>\n<div id=\"attachment_10750\" style=\"width: 594px\" class=\"wp-caption aligncenter\"><a style=\"color: #33cccc;\" href=\"http:\/\/jensgustafsson.se\/?attachment_id=10750\" rel=\"attachment wp-att-10750\"><img loading=\"lazy\" decoding=\"async\" aria-describedby=\"caption-attachment-10750\" class=\"size-large wp-image-10750\" src=\"http:\/\/media1.jensgustafsson.se\/2018\/09\/DSC_3467-1024x683.jpg\" alt=\"\" width=\"584\" height=\"390\" srcset=\"https:\/\/media1.jensgustafsson.se\/2018\/09\/DSC_3467-1024x683.jpg 1024w, https:\/\/media1.jensgustafsson.se\/2018\/09\/DSC_3467-300x200.jpg 300w, https:\/\/media1.jensgustafsson.se\/2018\/09\/DSC_3467-768x512.jpg 768w, https:\/\/media1.jensgustafsson.se\/2018\/09\/DSC_3467-450x300.jpg 450w\" sizes=\"auto, (max-width: 584px) 100vw, 584px\" \/><\/a><p id=\"caption-attachment-10750\" class=\"wp-caption-text\"><span style=\"color: #33cccc;\"><em>16 augusti p\u00e5 morgonen.<\/em><\/span><\/p><\/div>\n<div id=\"attachment_10751\" style=\"width: 594px\" class=\"wp-caption aligncenter\"><a style=\"color: #33cccc;\" href=\"http:\/\/jensgustafsson.se\/?attachment_id=10751\" rel=\"attachment wp-att-10751\"><img loading=\"lazy\" decoding=\"async\" aria-describedby=\"caption-attachment-10751\" class=\"size-large wp-image-10751\" src=\"http:\/\/media1.jensgustafsson.se\/2018\/09\/DSC_3805-1024x683.jpg\" alt=\"\" width=\"584\" height=\"390\" srcset=\"https:\/\/media1.jensgustafsson.se\/2018\/09\/DSC_3805-1024x683.jpg 1024w, https:\/\/media1.jensgustafsson.se\/2018\/09\/DSC_3805-300x200.jpg 300w, https:\/\/media1.jensgustafsson.se\/2018\/09\/DSC_3805-768x512.jpg 768w, https:\/\/media1.jensgustafsson.se\/2018\/09\/DSC_3805-450x300.jpg 450w\" sizes=\"auto, (max-width: 584px) 100vw, 584px\" \/><\/a><p id=\"caption-attachment-10751\" class=\"wp-caption-text\"><span style=\"color: #33cccc;\"><em>24 augusti, N\u00f6t\u00e5n vid Blankan.<\/em><\/span><\/p><\/div>\n<div id=\"attachment_10752\" style=\"width: 594px\" class=\"wp-caption aligncenter\"><a style=\"color: #33cccc;\" href=\"http:\/\/jensgustafsson.se\/?attachment_id=10752\" rel=\"attachment wp-att-10752\"><img loading=\"lazy\" decoding=\"async\" aria-describedby=\"caption-attachment-10752\" class=\"size-large wp-image-10752\" src=\"http:\/\/media1.jensgustafsson.se\/2018\/09\/DSC_4051-1024x683.jpg\" alt=\"\" width=\"584\" height=\"390\" srcset=\"https:\/\/media1.jensgustafsson.se\/2018\/09\/DSC_4051-1024x683.jpg 1024w, https:\/\/media1.jensgustafsson.se\/2018\/09\/DSC_4051-300x200.jpg 300w, https:\/\/media1.jensgustafsson.se\/2018\/09\/DSC_4051-768x512.jpg 768w, https:\/\/media1.jensgustafsson.se\/2018\/09\/DSC_4051-450x300.jpg 450w\" sizes=\"auto, (max-width: 584px) 100vw, 584px\" \/><\/a><p id=\"caption-attachment-10752\" class=\"wp-caption-text\"><span style=\"color: #33cccc;\"><em>28 augusti, hittade denna f\u00e4rgklick ibland det andra gr\u00f6na..<\/em><\/span><\/p><\/div>\n<div id=\"attachment_10753\" style=\"width: 594px\" class=\"wp-caption aligncenter\"><a style=\"color: #33cccc;\" href=\"http:\/\/jensgustafsson.se\/?attachment_id=10753\" rel=\"attachment wp-att-10753\"><img loading=\"lazy\" decoding=\"async\" aria-describedby=\"caption-attachment-10753\" class=\"size-large wp-image-10753\" src=\"http:\/\/media1.jensgustafsson.se\/2018\/09\/DSC_4161-1024x683.jpg\" alt=\"\" width=\"584\" height=\"390\" srcset=\"https:\/\/media1.jensgustafsson.se\/2018\/09\/DSC_4161-1024x683.jpg 1024w, https:\/\/media1.jensgustafsson.se\/2018\/09\/DSC_4161-300x200.jpg 300w, https:\/\/media1.jensgustafsson.se\/2018\/09\/DSC_4161-768x512.jpg 768w, https:\/\/media1.jensgustafsson.se\/2018\/09\/DSC_4161-450x300.jpg 450w\" sizes=\"auto, (max-width: 584px) 100vw, 584px\" \/><\/a><p id=\"caption-attachment-10753\" class=\"wp-caption-text\"><span style=\"color: #33cccc;\"><em>Kv\u00e4llen 29 augusti.<\/em><\/span><\/p><\/div>\n<div id=\"attachment_10754\" style=\"width: 594px\" class=\"wp-caption aligncenter\"><a style=\"color: #33cccc;\" href=\"http:\/\/jensgustafsson.se\/?attachment_id=10754\" rel=\"attachment wp-att-10754\"><img loading=\"lazy\" decoding=\"async\" aria-describedby=\"caption-attachment-10754\" class=\"size-large wp-image-10754\" src=\"http:\/\/media1.jensgustafsson.se\/2018\/09\/DSC_0054-1024x683.jpg\" alt=\"\" width=\"584\" height=\"390\" srcset=\"https:\/\/media1.jensgustafsson.se\/2018\/09\/DSC_0054-1024x683.jpg 1024w, https:\/\/media1.jensgustafsson.se\/2018\/09\/DSC_0054-300x200.jpg 300w, https:\/\/media1.jensgustafsson.se\/2018\/09\/DSC_0054-768x512.jpg 768w, https:\/\/media1.jensgustafsson.se\/2018\/09\/DSC_0054-450x300.jpg 450w\" sizes=\"auto, (max-width: 584px) 100vw, 584px\" \/><\/a><p id=\"caption-attachment-10754\" class=\"wp-caption-text\"><span style=\"color: #33cccc;\"><em>31 augusti, duggregn p\u00e5 kv\u00e4llen, h\u00f6sten g\u00f6r sig p\u00e5mind.<\/em><\/span><\/p><\/div>\n<p>&nbsp;<\/p>\n<p>&nbsp;<\/p>\n<p>&nbsp;<\/p>\n","protected":false},"excerpt":{"rendered":"<p>Augusti m\u00e5nads inledning blev en forts\u00e4ttning p\u00e5 julim\u00e5nadens v\u00e4rme och torka. Medeltemperaturen blev 19,1\u00b0. Det \u00e4r cirka ett par grader h\u00f6gre \u00e4n vad vi brukar ha i augusti. Efter n\u00e5gon vecka in i m\u00e5naden, s\u00e5 blev det lite l\u00e4gre temperatur, &hellip; <a href=\"https:\/\/jensgustafsson.se\/?page_id=10733\">Forts\u00e4tt l\u00e4sa <span class=\"meta-nav\">&rarr;<\/span><\/a><\/p>\n","protected":false},"author":1,"featured_media":0,"parent":9263,"menu_order":8,"comment_status":"closed","ping_status":"closed","template":"","meta":{"footnotes":""},"class_list":["post-10733","page","type-page","status-publish","hentry"],"_links":{"self":[{"href":"https:\/\/jensgustafsson.se\/index.php?rest_route=\/wp\/v2\/pages\/10733","targetHints":{"allow":["GET"]}}],"collection":[{"href":"https:\/\/jensgustafsson.se\/index.php?rest_route=\/wp\/v2\/pages"}],"about":[{"href":"https:\/\/jensgustafsson.se\/index.php?rest_route=\/wp\/v2\/types\/page"}],"author":[{"embeddable":true,"href":"https:\/\/jensgustafsson.se\/index.php?rest_route=\/wp\/v2\/users\/1"}],"replies":[{"embeddable":true,"href":"https:\/\/jensgustafsson.se\/index.php?rest_route=%2Fwp%2Fv2%2Fcomments&post=10733"}],"version-history":[{"count":7,"href":"https:\/\/jensgustafsson.se\/index.php?rest_route=\/wp\/v2\/pages\/10733\/revisions"}],"predecessor-version":[{"id":10761,"href":"https:\/\/jensgustafsson.se\/index.php?rest_route=\/wp\/v2\/pages\/10733\/revisions\/10761"}],"up":[{"embeddable":true,"href":"https:\/\/jensgustafsson.se\/index.php?rest_route=\/wp\/v2\/pages\/9263"}],"wp:attachment":[{"href":"https:\/\/jensgustafsson.se\/index.php?rest_route=%2Fwp%2Fv2%2Fmedia&parent=10733"}],"curies":[{"name":"wp","href":"https:\/\/api.w.org\/{rel}","templated":true}]}}