{"id":11303,"date":"2018-12-01T05:30:25","date_gmt":"2018-12-01T04:30:25","guid":{"rendered":"http:\/\/jensgustafsson.se\/?page_id=11303"},"modified":"2018-12-01T05:37:06","modified_gmt":"2018-12-01T04:37:06","slug":"november-2018","status":"publish","type":"page","link":"https:\/\/jensgustafsson.se\/?page_id=11303","title":{"rendered":"November 2018."},"content":{"rendered":"<p><span style=\"color: #33cccc;\"><em>November blev en m\u00e5nad med en mild inledning, som varade fram till mitten av m\u00e5naden ungef\u00e4r, bara n\u00e5gra dygn som var lite kyligare. Fr\u00e5n mitten av m\u00e5naden f\u00f6ll temperaturen sakta (diagrammet nedan visar temperaturen under m\u00e5naden), och vi fick n\u00e5gra riktigt kyliga dygn sista veckan i m\u00e5naden, och det drog med sig att vi fick meteoroligiskt sett vinter i F\u00e5gelfors den 24 november, f\u00f6r d\u00e4refter f\u00f6ljde 6 dygn med dygnsmedeltemperatur under 0\u00b0. Det sista dygnet blev det ett omslag till mildare v\u00e4der och regn.<\/em><\/span><\/p>\n<div id=\"attachment_11305\" style=\"width: 610px\" class=\"wp-caption aligncenter\"><a style=\"color: #33cccc;\" href=\"http:\/\/jensgustafsson.se\/?attachment_id=11305\" rel=\"attachment wp-att-11305\"><img loading=\"lazy\" decoding=\"async\" aria-describedby=\"caption-attachment-11305\" class=\"size-full wp-image-11305\" src=\"http:\/\/media1.jensgustafsson.se\/2018\/12\/Temperatur-november.png\" alt=\"\" width=\"600\" height=\"300\" srcset=\"https:\/\/media1.jensgustafsson.se\/2018\/12\/Temperatur-november.png 600w, https:\/\/media1.jensgustafsson.se\/2018\/12\/Temperatur-november-300x150.png 300w, https:\/\/media1.jensgustafsson.se\/2018\/12\/Temperatur-november-500x250.png 500w\" sizes=\"auto, (max-width: 600px) 100vw, 600px\" \/><\/a><p id=\"caption-attachment-11305\" class=\"wp-caption-text\"><span style=\"color: #33cccc;\"><em>Temperaturen i november<\/em><\/span><\/p><\/div>\n<p><span style=\"color: #33cccc;\"><em>Nederb\u00f6rdsfattigt har det varit, 31 mm kom det under 13 dygn, och det mesta har kommit som regn, men lite sn\u00f6 har vi ju ocks\u00e5 f\u00e5tt se, fr\u00e5n den 24:e t.om. 29:e hade vi lite vitt p\u00e5 backen, dock inte mera \u00e4n att det just ljusade upp novemberm\u00f6rkret lite grann.<\/em><\/span><\/p>\n<p><span style=\"color: #33cccc;\"><em>Vinden har \u00e4ven denna m\u00e5nad dominerats av vindriktning mellan syd och nord, f\u00f6rdelningen blev s\u00e5h\u00e4r:<\/em><\/span><\/p>\n<p><span style=\"color: #33cccc;\"><em>Vindriktningar mellan syd och nord (s, sv, v, nv, n) har det varit 20 dygn, och 10 dygn med riktning mellan nordost och sydost (no, o, so).<\/em><\/span><\/p>\n<p><span style=\"color: #33cccc;\"><em>F\u00f6r att f\u00f6lja min statistik och j\u00e4mf\u00f6ra medeltemperatur och nederb\u00f6rd under \u00e5ren, s\u00e5 har jag gjort en ny sida h\u00e4r.<span style=\"color: #ffcc00;\">\u00a0<a style=\"color: #ffcc00;\" href=\"http:\/\/jensgustafsson.se\/?page_id=11115\">\u00c5rsstatistik nederb\u00f6rd och medeltemperatur.<\/a><\/span><\/em><\/span><\/p>\n<p><span style=\"color: #33cccc;\"><em>H\u00e4r nedan kommer sammanfattning i siffror fr\u00e5n min v\u00e4derstation, WS-2308 som jobbar med tv\u00e5 program, Heavy Weather f\u00f6r loggningen, och Cumulus som loggar och omvandlar det till \u00f6versk\u00e5dliga fakta p\u00e5 webben.<\/em><\/span><\/p>\n<p><span style=\"color: #33cccc;\"><em>Summary for november 2018<\/em><\/span><\/p>\n<p><span style=\"color: #33cccc;\"><em>Temperature (\u00b0C):<\/em><\/span><br \/>\n<span style=\"color: #33cccc;\"><em>Mean (min+max) 3,5<\/em><\/span><br \/>\n<span style=\"color: #33cccc;\"><em>Mean Minimum 1,3<\/em><\/span><br \/>\n<span style=\"color: #33cccc;\"><em>Mean Maximum 5,6<\/em><\/span><br \/>\n<span style=\"color: #33cccc;\"><em>Minimum -11,9 day 28<\/em><\/span><br \/>\n<span style=\"color: #33cccc;\"><em>Maximum 11,2 day 02<\/em><\/span><br \/>\n<span style=\"color: #33cccc;\"><em>Highest Minimum 8,2 day 12<\/em><\/span><br \/>\n<span style=\"color: #33cccc;\"><em>Lowest Maximum -4,2 day 28<\/em><\/span><br \/>\n<span style=\"color: #33cccc;\"><em>Air frosts 10<\/em><\/span><\/p>\n<p><span style=\"color: #33cccc;\"><em>Rainfall (mm):<\/em><\/span><br \/>\n<span style=\"color: #33cccc;\"><em>Total for month 30,9<\/em><\/span><br \/>\n<span style=\"color: #33cccc;\"><em>Rain days 13<\/em><\/span><br \/>\n<span style=\"color: #33cccc;\"><em>Dry days 17<\/em><\/span><\/p>\n<p><span style=\"color: #33cccc;\"><em>Wind (m\/s):<\/em><\/span><br \/>\n<span style=\"color: #33cccc;\"><em>Highest Gust 10 day 23<\/em><\/span><\/p>\n<p><span style=\"color: #33cccc;\"><em>Pressure (hPa):<\/em><\/span><br \/>\n<span style=\"color: #33cccc;\"><em>Maximum 986,0 day 17<\/em><\/span><br \/>\n<span style=\"color: #33cccc;\"><em>Minimum 954,4 day 11<\/em><\/span><\/p>\n<p><span style=\"color: #33cccc;\"><em>Som vanligt l\u00e4gger jag in n\u00e5gra bilder som kommit till under m\u00e5naden:<\/em><\/span><\/p>\n<div id=\"attachment_11311\" style=\"width: 594px\" class=\"wp-caption aligncenter\"><a style=\"color: #33cccc;\" href=\"http:\/\/jensgustafsson.se\/?attachment_id=11311\" rel=\"attachment wp-att-11311\"><img loading=\"lazy\" decoding=\"async\" aria-describedby=\"caption-attachment-11311\" class=\"size-large wp-image-11311\" src=\"http:\/\/media1.jensgustafsson.se\/2018\/12\/DSC_6623-1024x683.jpg\" alt=\"\" width=\"584\" height=\"390\" srcset=\"https:\/\/media1.jensgustafsson.se\/2018\/12\/DSC_6623-1024x683.jpg 1024w, https:\/\/media1.jensgustafsson.se\/2018\/12\/DSC_6623-300x200.jpg 300w, https:\/\/media1.jensgustafsson.se\/2018\/12\/DSC_6623-768x512.jpg 768w, https:\/\/media1.jensgustafsson.se\/2018\/12\/DSC_6623-450x300.jpg 450w\" sizes=\"auto, (max-width: 584px) 100vw, 584px\" \/><\/a><p id=\"caption-attachment-11311\" class=\"wp-caption-text\"><span style=\"color: #33cccc;\"><em>3:e november blommade denna.<\/em><\/span><\/p><\/div>\n<div id=\"attachment_11312\" style=\"width: 594px\" class=\"wp-caption aligncenter\"><a style=\"color: #33cccc;\" href=\"http:\/\/jensgustafsson.se\/?attachment_id=11312\" rel=\"attachment wp-att-11312\"><img loading=\"lazy\" decoding=\"async\" aria-describedby=\"caption-attachment-11312\" class=\"size-large wp-image-11312\" src=\"http:\/\/media1.jensgustafsson.se\/2018\/12\/DSC_6681-2000x1333-1024x682.jpg\" alt=\"\" width=\"584\" height=\"389\" srcset=\"https:\/\/media1.jensgustafsson.se\/2018\/12\/DSC_6681-2000x1333-1024x682.jpg 1024w, https:\/\/media1.jensgustafsson.se\/2018\/12\/DSC_6681-2000x1333-300x200.jpg 300w, https:\/\/media1.jensgustafsson.se\/2018\/12\/DSC_6681-2000x1333-768x512.jpg 768w, https:\/\/media1.jensgustafsson.se\/2018\/12\/DSC_6681-2000x1333-450x300.jpg 450w, https:\/\/media1.jensgustafsson.se\/2018\/12\/DSC_6681-2000x1333.jpg 2000w\" sizes=\"auto, (max-width: 584px) 100vw, 584px\" \/><\/a><p id=\"caption-attachment-11312\" class=\"wp-caption-text\"><span style=\"color: #33cccc;\"><em>4:e november var det dimma och frostigt.<\/em><\/span><\/p><\/div>\n<div id=\"attachment_11319\" style=\"width: 594px\" class=\"wp-caption aligncenter\"><a href=\"http:\/\/jensgustafsson.se\/?attachment_id=11319\" rel=\"attachment wp-att-11319\"><img loading=\"lazy\" decoding=\"async\" aria-describedby=\"caption-attachment-11319\" class=\"size-large wp-image-11319\" src=\"http:\/\/media1.jensgustafsson.se\/2018\/12\/DSC_6725-1024x683.jpg\" alt=\"\" width=\"584\" height=\"390\" srcset=\"https:\/\/media1.jensgustafsson.se\/2018\/12\/DSC_6725-1024x683.jpg 1024w, https:\/\/media1.jensgustafsson.se\/2018\/12\/DSC_6725-300x200.jpg 300w, https:\/\/media1.jensgustafsson.se\/2018\/12\/DSC_6725-768x512.jpg 768w, https:\/\/media1.jensgustafsson.se\/2018\/12\/DSC_6725-450x300.jpg 450w\" sizes=\"auto, (max-width: 584px) 100vw, 584px\" \/><\/a><p id=\"caption-attachment-11319\" class=\"wp-caption-text\"><span style=\"color: #33cccc;\"><em>16:e november, svamp kommer upp bland ekl\u00f6ven.<\/em><\/span><\/p><\/div>\n<p>&nbsp;<\/p>\n<div id=\"attachment_11313\" style=\"width: 594px\" class=\"wp-caption aligncenter\"><a style=\"color: #33cccc;\" href=\"http:\/\/jensgustafsson.se\/?attachment_id=11313\" rel=\"attachment wp-att-11313\"><img loading=\"lazy\" decoding=\"async\" aria-describedby=\"caption-attachment-11313\" class=\"size-large wp-image-11313\" src=\"http:\/\/media1.jensgustafsson.se\/2018\/12\/DSC_6803-1024x683.jpg\" alt=\"\" width=\"584\" height=\"390\" srcset=\"https:\/\/media1.jensgustafsson.se\/2018\/12\/DSC_6803-1024x683.jpg 1024w, https:\/\/media1.jensgustafsson.se\/2018\/12\/DSC_6803-300x200.jpg 300w, https:\/\/media1.jensgustafsson.se\/2018\/12\/DSC_6803-768x512.jpg 768w, https:\/\/media1.jensgustafsson.se\/2018\/12\/DSC_6803-450x300.jpg 450w\" sizes=\"auto, (max-width: 584px) 100vw, 584px\" \/><\/a><p id=\"caption-attachment-11313\" class=\"wp-caption-text\"><span style=\"color: #33cccc;\"><em>16:e november, lupinerna blommar.<\/em><\/span><\/p><\/div>\n<div id=\"attachment_11314\" style=\"width: 594px\" class=\"wp-caption aligncenter\"><a style=\"color: #33cccc;\" href=\"http:\/\/jensgustafsson.se\/?attachment_id=11314\" rel=\"attachment wp-att-11314\"><img loading=\"lazy\" decoding=\"async\" aria-describedby=\"caption-attachment-11314\" class=\"size-large wp-image-11314\" src=\"http:\/\/media1.jensgustafsson.se\/2018\/12\/DSC_0022-1024x665.jpg\" alt=\"\" width=\"584\" height=\"379\" srcset=\"https:\/\/media1.jensgustafsson.se\/2018\/12\/DSC_0022-1024x665.jpg 1024w, https:\/\/media1.jensgustafsson.se\/2018\/12\/DSC_0022-300x195.jpg 300w, https:\/\/media1.jensgustafsson.se\/2018\/12\/DSC_0022-768x499.jpg 768w, https:\/\/media1.jensgustafsson.se\/2018\/12\/DSC_0022-462x300.jpg 462w\" sizes=\"auto, (max-width: 584px) 100vw, 584px\" \/><\/a><p id=\"caption-attachment-11314\" class=\"wp-caption-text\"><span style=\"color: #33cccc;\"><em>17:e november, njuter av havsmusik. Homrevet, \u00f6stra \u00d6land.<\/em><\/span><\/p><\/div>\n<div id=\"attachment_11315\" style=\"width: 594px\" class=\"wp-caption aligncenter\"><a style=\"color: #33cccc;\" href=\"http:\/\/jensgustafsson.se\/?attachment_id=11315\" rel=\"attachment wp-att-11315\"><img loading=\"lazy\" decoding=\"async\" aria-describedby=\"caption-attachment-11315\" class=\"size-large wp-image-11315\" src=\"http:\/\/media1.jensgustafsson.se\/2018\/12\/DSC_6965-1024x683.jpg\" alt=\"\" width=\"584\" height=\"390\" srcset=\"https:\/\/media1.jensgustafsson.se\/2018\/12\/DSC_6965-1024x683.jpg 1024w, https:\/\/media1.jensgustafsson.se\/2018\/12\/DSC_6965-300x200.jpg 300w, https:\/\/media1.jensgustafsson.se\/2018\/12\/DSC_6965-768x512.jpg 768w, https:\/\/media1.jensgustafsson.se\/2018\/12\/DSC_6965-450x300.jpg 450w\" sizes=\"auto, (max-width: 584px) 100vw, 584px\" \/><\/a><p id=\"caption-attachment-11315\" class=\"wp-caption-text\"><span style=\"color: #33cccc;\"><em>25:e november, lite sn\u00f6 p\u00e5 v\u00e4gen d\u00e4r jag var f\u00f6rst att s\u00e4tta mina avtryck den tidiga dagen..<\/em><\/span><\/p><\/div>\n<div id=\"attachment_11316\" style=\"width: 594px\" class=\"wp-caption aligncenter\"><a style=\"color: #33cccc;\" href=\"http:\/\/jensgustafsson.se\/?attachment_id=11316\" rel=\"attachment wp-att-11316\"><img loading=\"lazy\" decoding=\"async\" aria-describedby=\"caption-attachment-11316\" class=\"size-large wp-image-11316\" src=\"http:\/\/media1.jensgustafsson.se\/2018\/12\/DSC_7058-1024x683.jpg\" alt=\"\" width=\"584\" height=\"390\" srcset=\"https:\/\/media1.jensgustafsson.se\/2018\/12\/DSC_7058-1024x683.jpg 1024w, https:\/\/media1.jensgustafsson.se\/2018\/12\/DSC_7058-300x200.jpg 300w, https:\/\/media1.jensgustafsson.se\/2018\/12\/DSC_7058-768x512.jpg 768w, https:\/\/media1.jensgustafsson.se\/2018\/12\/DSC_7058-450x300.jpg 450w\" sizes=\"auto, (max-width: 584px) 100vw, 584px\" \/><\/a><p id=\"caption-attachment-11316\" class=\"wp-caption-text\"><span style=\"color: #33cccc;\"><em>25:e november, min k\u00e4ra v\u00e4n str\u00f6mstaren, lika roligt varje \u00e5r vid denna tid att se och fotografera denna lilla F\u00e5gel(vid) fors(en).<\/em><\/span><\/p><\/div>\n<p>&nbsp;<\/p>\n<p>&nbsp;<\/p>\n<p>&nbsp;<\/p>\n","protected":false},"excerpt":{"rendered":"<p>November blev en m\u00e5nad med en mild inledning, som varade fram till mitten av m\u00e5naden ungef\u00e4r, bara n\u00e5gra dygn som var lite kyligare. Fr\u00e5n mitten av m\u00e5naden f\u00f6ll temperaturen sakta (diagrammet nedan visar temperaturen under m\u00e5naden), och vi fick n\u00e5gra &hellip; <a href=\"https:\/\/jensgustafsson.se\/?page_id=11303\">Forts\u00e4tt l\u00e4sa <span class=\"meta-nav\">&rarr;<\/span><\/a><\/p>\n","protected":false},"author":1,"featured_media":0,"parent":9263,"menu_order":11,"comment_status":"closed","ping_status":"closed","template":"","meta":{"footnotes":""},"class_list":["post-11303","page","type-page","status-publish","hentry"],"_links":{"self":[{"href":"https:\/\/jensgustafsson.se\/index.php?rest_route=\/wp\/v2\/pages\/11303","targetHints":{"allow":["GET"]}}],"collection":[{"href":"https:\/\/jensgustafsson.se\/index.php?rest_route=\/wp\/v2\/pages"}],"about":[{"href":"https:\/\/jensgustafsson.se\/index.php?rest_route=\/wp\/v2\/types\/page"}],"author":[{"embeddable":true,"href":"https:\/\/jensgustafsson.se\/index.php?rest_route=\/wp\/v2\/users\/1"}],"replies":[{"embeddable":true,"href":"https:\/\/jensgustafsson.se\/index.php?rest_route=%2Fwp%2Fv2%2Fcomments&post=11303"}],"version-history":[{"count":7,"href":"https:\/\/jensgustafsson.se\/index.php?rest_route=\/wp\/v2\/pages\/11303\/revisions"}],"predecessor-version":[{"id":11320,"href":"https:\/\/jensgustafsson.se\/index.php?rest_route=\/wp\/v2\/pages\/11303\/revisions\/11320"}],"up":[{"embeddable":true,"href":"https:\/\/jensgustafsson.se\/index.php?rest_route=\/wp\/v2\/pages\/9263"}],"wp:attachment":[{"href":"https:\/\/jensgustafsson.se\/index.php?rest_route=%2Fwp%2Fv2%2Fmedia&parent=11303"}],"curies":[{"name":"wp","href":"https:\/\/api.w.org\/{rel}","templated":true}]}}