{"id":11917,"date":"2019-02-02T07:39:25","date_gmt":"2019-02-02T06:39:25","guid":{"rendered":"http:\/\/jensgustafsson.se\/?page_id=11917"},"modified":"2019-02-02T07:39:25","modified_gmt":"2019-02-02T06:39:25","slug":"januari-2019","status":"publish","type":"page","link":"https:\/\/jensgustafsson.se\/?page_id=11917","title":{"rendered":"Januari 2019."},"content":{"rendered":"\n<p class=\"has-text-color has-medium-font-size has-blue-color\">\u00c5rets f\u00f6rsta m\u00e5nad b\u00f6rjade med f\u00f6rh\u00e5llandevis milt v\u00e4der, och \u00e4ven n\u00e5gra rej\u00e4lt bl\u00e5siga dagar. Fr\u00e5n och med mitten av m\u00e5naden, s\u00e5 blev det sedan kallare och i slutet p\u00e5 m\u00e5naden hade vi n\u00e5gra dygn med k\u00e4nnbar kyla. Jag har gjort diagram \u00f6ver b\u00e5de min- och maxtemperaturen under m\u00e5naden nedan, blir l\u00e4tt\u00f6versk\u00e5dligt s\u00e5 tycker jag, hur m\u00e5nadens temperatur har varit.<\/p>\n\n\n\n<figure class=\"wp-block-image\"><img loading=\"lazy\" decoding=\"async\" width=\"828\" height=\"330\" src=\"http:\/\/media1.jensgustafsson.se\/2019\/02\/image-2.png\" alt=\"\" class=\"wp-image-11919\" srcset=\"https:\/\/media1.jensgustafsson.se\/2019\/02\/image-2.png 828w, https:\/\/media1.jensgustafsson.se\/2019\/02\/image-2-300x120.png 300w, https:\/\/media1.jensgustafsson.se\/2019\/02\/image-2-768x306.png 768w, https:\/\/media1.jensgustafsson.se\/2019\/02\/image-2-500x199.png 500w\" sizes=\"auto, (max-width: 828px) 100vw, 828px\" \/><figcaption><br \/><br \/><\/figcaption><\/figure>\n\n\n\n<figure class=\"wp-block-image\"><img loading=\"lazy\" decoding=\"async\" width=\"828\" height=\"342\" src=\"http:\/\/media1.jensgustafsson.se\/2019\/02\/image-3.png\" alt=\"\" class=\"wp-image-11920\" srcset=\"https:\/\/media1.jensgustafsson.se\/2019\/02\/image-3.png 828w, https:\/\/media1.jensgustafsson.se\/2019\/02\/image-3-300x124.png 300w, https:\/\/media1.jensgustafsson.se\/2019\/02\/image-3-768x317.png 768w, https:\/\/media1.jensgustafsson.se\/2019\/02\/image-3-500x207.png 500w\" sizes=\"auto, (max-width: 828px) 100vw, 828px\" \/><\/figure>\n\n\n\n<p class=\"has-text-color has-medium-font-size has-blue-color\">Nederb\u00f6rd har vi f\u00e5tt 32 mm, b\u00e5de i form av regn och sn\u00f6. Den registrerade nederb\u00f6rden har fallit under 15 av m\u00e5nadens dagar, det har kommit n\u00e5gon l\u00e4tt sn\u00f6flinga under n\u00e5gon dag mera, men inte varit m\u00e4tbart. Sn\u00f6t\u00e4cke (m\u00e4tbart) har vi haft under 19 dygn, med det mesta djupet, 13 cm i slutet p\u00e5 m\u00e5naden.<\/p>\n\n\n\n<figure class=\"wp-block-image\"><img loading=\"lazy\" decoding=\"async\" width=\"820\" height=\"288\" src=\"http:\/\/media1.jensgustafsson.se\/2019\/02\/image-4.png\" alt=\"\" class=\"wp-image-11922\" srcset=\"https:\/\/media1.jensgustafsson.se\/2019\/02\/image-4.png 820w, https:\/\/media1.jensgustafsson.se\/2019\/02\/image-4-300x105.png 300w, https:\/\/media1.jensgustafsson.se\/2019\/02\/image-4-768x270.png 768w, https:\/\/media1.jensgustafsson.se\/2019\/02\/image-4-500x176.png 500w\" sizes=\"auto, (max-width: 820px) 100vw, 820px\" \/><\/figure>\n\n\n\n<p class=\"has-text-color has-medium-font-size has-blue-color\">Vindens riktning under m\u00e5naden har f\u00f6rdelat sig s\u00e5h\u00e4r ( antal dygn med resp.riktning)<\/p>\n\n\n\n<p class=\"has-text-color has-medium-font-size has-blue-color\">Sydlig= 1, Sydv\u00e4stlig= 5, V\u00e4stlig= 8, Nordv\u00e4stlig= 5, Nordlig= 5, Nordostlig= 2, Ostlig= 2, Sydostlig= 1, V\u00e4xlande= 2. \u00c5terigen ser vi att vinden mestadels har kommit fr\u00e5n S, Sv, V, Nv, och d\u00e4rav inte n\u00e5gra extrema nederb\u00f6rdsm\u00e4ngder ( OBS! min tolkning)<\/p>\n\n\n\n<p><\/p>\n\n\n\n<p class=\"has-text-color has-medium-font-size has-blue-color\"> H\u00e4r nedan kommer sammanfattning i siffror fr\u00e5n min v\u00e4derstation, WS-2308 som jobbar med tv\u00e5 program, Heavy Weather f\u00f6r loggningen, och Cumulus som loggar och omvandlar det till \u00f6versk\u00e5dliga fakta p\u00e5 webben <\/p>\n\n\n\n<p class=\"has-text-color has-medium-font-size has-blue-color\">Summary for januari 2019        <\/p>\n\n\n\n<p class=\"has-text-color has-medium-font-size has-blue-color\">Temperature (\u00b0C):        <br \/>\nMean (min+max)   -1,7        <br \/>\nMean Minimum     -5,0        <br \/>\nMean Maximum     1,1        <br \/>\nMinimum          -14,9 day 30        <br \/>\nMaximum          7,1 day 01        <br \/>\nHighest Minimum  2,4 day 01        <br \/>\nLowest Maximum   -4,4 day 30        <br \/>\nAir frosts       28        <\/p>\n\n\n\n<p class=\"has-text-color has-medium-font-size has-blue-color\">Rainfall (mm):        <br \/>\nTotal for month  32,1        <br \/>\nRain days        15        <br \/>\nDry days         16        <\/p>\n\n\n\n<p class=\"has-text-color has-medium-font-size has-blue-color\">Wind (m\/s):        <br \/>\nHighest Gust     18,0 day 02        <\/p>\n\n\n\n<p class=\"has-text-color has-medium-font-size has-blue-color\">Pressure (hPa):        <br \/> Maximum          982,9 day 03        <br \/> Minimum          920,1 day 13        <\/p>\n\n\n\n<p class=\"has-text-color has-medium-font-size has-blue-color\">Som vanligt l\u00e4gger jag in n\u00e5gra bilder som kommit till under m\u00e5naden h\u00e4r nedan:<\/p>\n\n\n\n<figure class=\"wp-block-image\"><img loading=\"lazy\" decoding=\"async\" width=\"1024\" height=\"563\" src=\"http:\/\/media1.jensgustafsson.se\/2019\/02\/DSC_7730-1024x563.jpg\" alt=\"\" class=\"wp-image-11924\" srcset=\"https:\/\/media1.jensgustafsson.se\/2019\/02\/DSC_7730-1024x563.jpg 1024w, https:\/\/media1.jensgustafsson.se\/2019\/02\/DSC_7730-300x165.jpg 300w, https:\/\/media1.jensgustafsson.se\/2019\/02\/DSC_7730-768x422.jpg 768w, https:\/\/media1.jensgustafsson.se\/2019\/02\/DSC_7730-500x275.jpg 500w\" sizes=\"auto, (max-width: 1024px) 100vw, 1024px\" \/><figcaption><strong><em>3 januari var jag vid Dragsk\u00e4r p\u00e5 eftermiddagen, n\u00e4r solen skulle g\u00e5 ner, och som synes, barmark d\u00e5, men en isande vind.<\/em><\/strong><\/figcaption><\/figure>\n\n\n\n<figure class=\"wp-block-image\"><img loading=\"lazy\" decoding=\"async\" width=\"1024\" height=\"683\" src=\"http:\/\/media1.jensgustafsson.se\/2019\/02\/DSC_7815-1024x683.jpg\" alt=\"\" class=\"wp-image-11925\" srcset=\"https:\/\/media1.jensgustafsson.se\/2019\/02\/DSC_7815-1024x683.jpg 1024w, https:\/\/media1.jensgustafsson.se\/2019\/02\/DSC_7815-300x200.jpg 300w, https:\/\/media1.jensgustafsson.se\/2019\/02\/DSC_7815-768x512.jpg 768w, https:\/\/media1.jensgustafsson.se\/2019\/02\/DSC_7815-450x300.jpg 450w\" sizes=\"auto, (max-width: 1024px) 100vw, 1024px\" \/><figcaption><strong><em>5 januari gick jag i str\u00e5lande solsken ute i Lilla Klobo, F\u00e5gelfors, foto fr\u00e5n en plats som jag st\u00e4ndigt \u00e5terkommer till under \u00e5rets fyra \u00e5rstider, denna g\u00e5ng utan sn\u00f6.<\/em><\/strong><\/figcaption><\/figure>\n\n\n\n<figure class=\"wp-block-image\"><img loading=\"lazy\" decoding=\"async\" width=\"1024\" height=\"638\" src=\"http:\/\/media1.jensgustafsson.se\/2019\/02\/DSC_7965-1024x638.jpg\" alt=\"\" class=\"wp-image-11926\" srcset=\"https:\/\/media1.jensgustafsson.se\/2019\/02\/DSC_7965-1024x638.jpg 1024w, https:\/\/media1.jensgustafsson.se\/2019\/02\/DSC_7965-300x187.jpg 300w, https:\/\/media1.jensgustafsson.se\/2019\/02\/DSC_7965-768x479.jpg 768w, https:\/\/media1.jensgustafsson.se\/2019\/02\/DSC_7965-481x300.jpg 481w\" sizes=\"auto, (max-width: 1024px) 100vw, 1024px\" \/><figcaption><strong><em>12 januari hade vi lite sn\u00f6, \u00e4nnu en h\u00e4rlig dag med lite sol.<\/em><\/strong><\/figcaption><\/figure>\n\n\n\n<figure class=\"wp-block-image\"><img loading=\"lazy\" decoding=\"async\" width=\"1024\" height=\"683\" src=\"http:\/\/media1.jensgustafsson.se\/2019\/02\/DSC_8232-1024x683.jpg\" alt=\"\" class=\"wp-image-11927\" srcset=\"https:\/\/media1.jensgustafsson.se\/2019\/02\/DSC_8232-1024x683.jpg 1024w, https:\/\/media1.jensgustafsson.se\/2019\/02\/DSC_8232-300x200.jpg 300w, https:\/\/media1.jensgustafsson.se\/2019\/02\/DSC_8232-768x512.jpg 768w, https:\/\/media1.jensgustafsson.se\/2019\/02\/DSC_8232-450x300.jpg 450w\" sizes=\"auto, (max-width: 1024px) 100vw, 1024px\" \/><figcaption><strong><em>19 januari, vid en liten b\u00e4ck ute i skogen. Jag h\u00f6ll ner kameran s\u00e5 n\u00e4ra isformationerna jag kunde, resultatet blev&#8230;vattenst\u00e4nk p\u00e5 objektivet, och med min livliga fantasi d\u00f6k det upp ett t\u00f6rstigt &#8221;isdjur&#8221; framf\u00f6r linsen.. \ud83d\ude09 <\/em><\/strong><\/figcaption><\/figure>\n\n\n\n<figure class=\"wp-block-image\"><img loading=\"lazy\" decoding=\"async\" width=\"1024\" height=\"504\" src=\"http:\/\/media1.jensgustafsson.se\/2019\/02\/DSC_8347-2-1024x504.jpg\" alt=\"\" class=\"wp-image-11928\" srcset=\"https:\/\/media1.jensgustafsson.se\/2019\/02\/DSC_8347-2-1024x504.jpg 1024w, https:\/\/media1.jensgustafsson.se\/2019\/02\/DSC_8347-2-300x148.jpg 300w, https:\/\/media1.jensgustafsson.se\/2019\/02\/DSC_8347-2-768x378.jpg 768w, https:\/\/media1.jensgustafsson.se\/2019\/02\/DSC_8347-2-500x246.jpg 500w\" sizes=\"auto, (max-width: 1024px) 100vw, 1024px\" \/><figcaption><strong><em>20 januari p\u00e5 kv\u00e4llen. M\u00e5nen som skulle bli superblodm\u00e5ne dagen efter, men det fick vi inte se h\u00e4r i trakterna p\u00e5 grund av mulet v\u00e4der.<\/em><\/strong><\/figcaption><\/figure>\n\n\n\n<figure class=\"wp-block-image\"><img loading=\"lazy\" decoding=\"async\" width=\"1024\" height=\"683\" src=\"http:\/\/media1.jensgustafsson.se\/2019\/02\/DSC_8391-1024x683.jpg\" alt=\"\" class=\"wp-image-11929\" srcset=\"https:\/\/media1.jensgustafsson.se\/2019\/02\/DSC_8391-1024x683.jpg 1024w, https:\/\/media1.jensgustafsson.se\/2019\/02\/DSC_8391-300x200.jpg 300w, https:\/\/media1.jensgustafsson.se\/2019\/02\/DSC_8391-768x512.jpg 768w, https:\/\/media1.jensgustafsson.se\/2019\/02\/DSC_8391-450x300.jpg 450w\" sizes=\"auto, (max-width: 1024px) 100vw, 1024px\" \/><figcaption><strong><em>26 januari, lite sn\u00f6, kallt och mycket rimfrost<\/em><\/strong><em>.<\/em><\/figcaption><\/figure>\n\n\n\n<figure class=\"wp-block-image\"><img loading=\"lazy\" decoding=\"async\" width=\"1024\" height=\"683\" src=\"http:\/\/media1.jensgustafsson.se\/2019\/02\/DSC_8454-1024x683.jpg\" alt=\"\" class=\"wp-image-11930\" srcset=\"https:\/\/media1.jensgustafsson.se\/2019\/02\/DSC_8454-1024x683.jpg 1024w, https:\/\/media1.jensgustafsson.se\/2019\/02\/DSC_8454-300x200.jpg 300w, https:\/\/media1.jensgustafsson.se\/2019\/02\/DSC_8454-768x512.jpg 768w, https:\/\/media1.jensgustafsson.se\/2019\/02\/DSC_8454-450x300.jpg 450w\" sizes=\"auto, (max-width: 1024px) 100vw, 1024px\" \/><figcaption><strong><em>26 januari, en h\u00e4rlig ispromenad p\u00e5 sj\u00f6n Salen, Sadeshult.<\/em><\/strong><\/figcaption><\/figure>\n\n\n\n<p class=\"has-text-color has-medium-font-size has-blue-color\">Det var januari m\u00e5nad i en sammanfattning, nu f\u00e5r vi se vad februari har att bjuda p\u00e5.<\/p>\n","protected":false},"excerpt":{"rendered":"<p>\u00c5rets f\u00f6rsta m\u00e5nad b\u00f6rjade med f\u00f6rh\u00e5llandevis milt v\u00e4der, och \u00e4ven n\u00e5gra rej\u00e4lt bl\u00e5siga dagar. Fr\u00e5n och med mitten av m\u00e5naden, s\u00e5 blev det sedan kallare och i slutet p\u00e5 m\u00e5naden hade vi n\u00e5gra dygn med k\u00e4nnbar kyla. Jag har gjort &hellip; <a href=\"https:\/\/jensgustafsson.se\/?page_id=11917\">Forts\u00e4tt l\u00e4sa <span class=\"meta-nav\">&rarr;<\/span><\/a><\/p>\n","protected":false},"author":1,"featured_media":0,"parent":11912,"menu_order":1,"comment_status":"closed","ping_status":"closed","template":"","meta":{"footnotes":""},"class_list":["post-11917","page","type-page","status-publish","hentry"],"_links":{"self":[{"href":"https:\/\/jensgustafsson.se\/index.php?rest_route=\/wp\/v2\/pages\/11917","targetHints":{"allow":["GET"]}}],"collection":[{"href":"https:\/\/jensgustafsson.se\/index.php?rest_route=\/wp\/v2\/pages"}],"about":[{"href":"https:\/\/jensgustafsson.se\/index.php?rest_route=\/wp\/v2\/types\/page"}],"author":[{"embeddable":true,"href":"https:\/\/jensgustafsson.se\/index.php?rest_route=\/wp\/v2\/users\/1"}],"replies":[{"embeddable":true,"href":"https:\/\/jensgustafsson.se\/index.php?rest_route=%2Fwp%2Fv2%2Fcomments&post=11917"}],"version-history":[{"count":3,"href":"https:\/\/jensgustafsson.se\/index.php?rest_route=\/wp\/v2\/pages\/11917\/revisions"}],"predecessor-version":[{"id":11931,"href":"https:\/\/jensgustafsson.se\/index.php?rest_route=\/wp\/v2\/pages\/11917\/revisions\/11931"}],"up":[{"embeddable":true,"href":"https:\/\/jensgustafsson.se\/index.php?rest_route=\/wp\/v2\/pages\/11912"}],"wp:attachment":[{"href":"https:\/\/jensgustafsson.se\/index.php?rest_route=%2Fwp%2Fv2%2Fmedia&parent=11917"}],"curies":[{"name":"wp","href":"https:\/\/api.w.org\/{rel}","templated":true}]}}