{"id":12075,"date":"2019-03-02T07:13:49","date_gmt":"2019-03-02T06:13:49","guid":{"rendered":"http:\/\/jensgustafsson.se\/?page_id=12075"},"modified":"2019-03-02T07:13:49","modified_gmt":"2019-03-02T06:13:49","slug":"februari-2019","status":"publish","type":"page","link":"https:\/\/jensgustafsson.se\/?page_id=12075","title":{"rendered":"Februari 2019."},"content":{"rendered":"\n<p class=\"has-text-color has-blue-color\">Februarim\u00e5naden i \u00e5r bj\u00f6d p\u00e5 b\u00e5de vinter- och v\u00e5rv\u00e4der. Den inleddes med n\u00e5gra dagar och n\u00e4tter som var lite kyliga, eller f\u00f6rh\u00e5llandevis kyliga kanske man ska s\u00e4ga, f\u00f6r n\u00e5gon riktig vinterkyla har vi inte haft, -10,2\u00b0 den 4 februari var det l\u00e4gsta som jag uppm\u00e4tte p\u00e5 min station. Det kom ocks\u00e5 en hel del sn\u00f6 d\u00e4r i b\u00f6rjan av m\u00e5naden. Visar f\u00f6rdelningen av nederb\u00f6rden under m\u00e5naden i diagrammet nedan.<\/p>\n\n\n\n<figure class=\"wp-block-image\"><img loading=\"lazy\" decoding=\"async\" width=\"740\" height=\"357\" src=\"http:\/\/media1.jensgustafsson.se\/2019\/03\/image.png\" alt=\"\" class=\"wp-image-12076\" srcset=\"https:\/\/media1.jensgustafsson.se\/2019\/03\/image.png 740w, https:\/\/media1.jensgustafsson.se\/2019\/03\/image-300x145.png 300w, https:\/\/media1.jensgustafsson.se\/2019\/03\/image-500x241.png 500w\" sizes=\"auto, (max-width: 740px) 100vw, 740px\" \/><\/figure>\n\n\n\n<p class=\"has-text-color has-blue-color\">Sn\u00f6djupet var ca 30 cm som djupast under m\u00e5naden, och det var d\u00e4r i b\u00f6rjan  som det uppm\u00e4ttes ( 3 februari). Sn\u00f6n l\u00e5g kvar n\u00e5gra dagar d\u00e4r innan den ganska snabbt f\u00f6rsvann i och med t\u00f6v\u00e4der och lite bl\u00e5st, s\u00e5 den 11 februari noterade jag bara fl\u00e4ckvis sn\u00f6t\u00e4cke. Barmark var det sedan fram till den 21 februari, d\u00e5 vi \u00e5terigen fick 10 cm sn\u00f6, som l\u00e5g kvar n\u00e5gra dagar. Totalt har vi haft 17 dygn med m\u00e4tbart sn\u00f6t\u00e4cke under m\u00e5naden.<\/p>\n\n\n\n<p class=\"has-text-color has-blue-color\">Jag g\u00e5r tillbaka till temperaturen, och konstaterar att det \u00e4r den h\u00f6gsta medeltemperaturen f\u00f6r februari m\u00e5nad som jag har registrerat p\u00e5 min v\u00e4derstation sedan starten h\u00e4r 2013, den blev hela +2,7\u00b0, och det kan vi ju j\u00e4mf\u00f6ra med fjol\u00e5rets som var -2,6\u00b0. I diagrammen nedan visar jag i det ena dygnsmedeltemperaturen och i det andra visar jag m\u00e5nadens min-och maxv\u00e4rden.<\/p>\n\n\n\n<figure class=\"wp-block-image\"><img loading=\"lazy\" decoding=\"async\" width=\"734\" height=\"362\" src=\"http:\/\/media1.jensgustafsson.se\/2019\/03\/image-1.png\" alt=\"\" class=\"wp-image-12077\" srcset=\"https:\/\/media1.jensgustafsson.se\/2019\/03\/image-1.png 734w, https:\/\/media1.jensgustafsson.se\/2019\/03\/image-1-300x148.png 300w, https:\/\/media1.jensgustafsson.se\/2019\/03\/image-1-500x247.png 500w\" sizes=\"auto, (max-width: 734px) 100vw, 734px\" \/><\/figure>\n\n\n\n<figure class=\"wp-block-image\"><img loading=\"lazy\" decoding=\"async\" width=\"750\" height=\"343\" src=\"http:\/\/media1.jensgustafsson.se\/2019\/03\/image-2.png\" alt=\"\" class=\"wp-image-12078\" srcset=\"https:\/\/media1.jensgustafsson.se\/2019\/03\/image-2.png 750w, https:\/\/media1.jensgustafsson.se\/2019\/03\/image-2-300x137.png 300w, https:\/\/media1.jensgustafsson.se\/2019\/03\/image-2-500x229.png 500w\" sizes=\"auto, (max-width: 750px) 100vw, 750px\" \/><\/figure>\n\n\n\n<p class=\"has-text-color has-blue-color\">Enligt SMHI:s definition av meteorologisk v\u00e5r, ska dygnsmedeltemperaturen ligga \u00f6ver 0\u00b0 under sju sammanh\u00e4ngande dygn, dock kan inte v\u00e5ren komma innan 15 februari. Kvoten med 7 dygn p\u00e5 raken med uppst\u00e4llt krav av medeltemperatur uppfylldes h\u00e4r redan 5 februari, men det r\u00e4knas ju liksom inte d\u00e5, s\u00e5 med alla kriterier uppfyllda, noterar vi d\u00e5 23 februari som den dag d\u00e5 v\u00e5ren anl\u00e4nde till F\u00e5gelfors. D\u00e4r kan jag ocks\u00e5 kl\u00e4mma in att 2018 kom v\u00e5ren f\u00f6rst den 30 mars, en v\u00e4sentlig skillnad allts\u00e5.<\/p>\n\n\n\n<p class=\"has-text-color has-blue-color\">Vindens riktning under m\u00e5naden har \u00e5terigen varit dominerande fr\u00e5n v\u00e4derstreck d\u00e4r v\u00e4stlig ing\u00e5r p\u00e5 n\u00e5got s\u00e4tt: Sydlig= 3 dagar, Nordlig= 2 dagar, SV-V-NV= 18 dagar, NO-O-SO= 5 dagar. <\/p>\n\n\n\n<p class=\"has-text-color has-blue-color\"> H\u00e4r nedan kommer sammanfattning i siffror fr\u00e5n min v\u00e4derstation, WS-2308 som jobbar med tv\u00e5 program, Heavy Weather f\u00f6r loggningen, och Cumulus som loggar och omvandlar det till \u00f6versk\u00e5dliga fakta p\u00e5 webben.<\/p>\n\n\n\n<p class=\"has-text-color has-blue-color\">Summary for februari 2019        <\/p>\n\n\n\n<p class=\"has-text-color has-blue-color\">Temperature (\u00b0C):        <br \/>\nMean (min+max)   2,7        <br \/>\nMean Minimum     -0,7        <br \/>\nMean Maximum     5,7        <br \/>\nMinimum          -10,2 day 04        <br \/>\nMaximum          12,9 day 26        <br \/>\nHighest Minimum  3,1 day 09        <br \/>\nLowest Maximum   0,2 day 03        <br \/>\nAir frosts       12        <\/p>\n\n\n\n<p class=\"has-text-color has-blue-color\">Rainfall (mm):        <br \/>\nTotal for month  48        <br \/>\nWettest day      11,0 day 03        <br \/>\nRain days        15        <br \/>\nDry days         13        <\/p>\n\n\n\n<p class=\"has-text-color has-blue-color\">Wind (m\/s):        <br \/>\nHighest Gust     11 day 13        <br \/>\nAverage Speed    1,8        <\/p>\n\n\n\n<p class=\"has-text-color has-blue-color\">Pressure (hPa):        <br \/> Maximum          995,6 day 22        <br \/> Minimum          935,4 day 10        <\/p>\n\n\n\n<p class=\"has-text-color has-blue-color\">I vanlig ordning kommer h\u00e4r n\u00e5gra v\u00e4der-\/ naturbilder som blivit till under m\u00e5naden:<\/p>\n\n\n\n<figure class=\"wp-block-image\"><img loading=\"lazy\" decoding=\"async\" width=\"1024\" height=\"683\" src=\"http:\/\/media1.jensgustafsson.se\/2019\/03\/DSC_8462-1024x683.jpg\" alt=\"\" class=\"wp-image-12083\" srcset=\"https:\/\/media1.jensgustafsson.se\/2019\/03\/DSC_8462-1024x683.jpg 1024w, https:\/\/media1.jensgustafsson.se\/2019\/03\/DSC_8462-300x200.jpg 300w, https:\/\/media1.jensgustafsson.se\/2019\/03\/DSC_8462-768x512.jpg 768w, https:\/\/media1.jensgustafsson.se\/2019\/03\/DSC_8462-450x300.jpg 450w\" sizes=\"auto, (max-width: 1024px) 100vw, 1024px\" \/><figcaption><strong><em>3 februari, foto taget vid &#8221;Hytten&#8221; v\u00e4gen mellan F\u00e5gelfors och H\u00f6gsby.<\/em><\/strong><\/figcaption><\/figure>\n\n\n\n<figure class=\"wp-block-image\"><img loading=\"lazy\" decoding=\"async\" width=\"1024\" height=\"683\" src=\"http:\/\/media1.jensgustafsson.se\/2019\/03\/DSC_8505-1024x683.jpg\" alt=\"\" class=\"wp-image-12085\" srcset=\"https:\/\/media1.jensgustafsson.se\/2019\/03\/DSC_8505-1024x683.jpg 1024w, https:\/\/media1.jensgustafsson.se\/2019\/03\/DSC_8505-300x200.jpg 300w, https:\/\/media1.jensgustafsson.se\/2019\/03\/DSC_8505-768x512.jpg 768w, https:\/\/media1.jensgustafsson.se\/2019\/03\/DSC_8505-450x300.jpg 450w\" sizes=\"auto, (max-width: 1024px) 100vw, 1024px\" \/><figcaption><strong><em>3 februari s\u00e5g det ut s\u00e5h\u00e4r vid v\u00e5rat hus p\u00e5 Kyrkogatan.<\/em><\/strong><\/figcaption><\/figure>\n\n\n\n<figure class=\"wp-block-image\"><img loading=\"lazy\" decoding=\"async\" width=\"1024\" height=\"683\" src=\"http:\/\/media1.jensgustafsson.se\/2019\/03\/DSC_0218-1024x683.jpg\" alt=\"\" class=\"wp-image-12086\" srcset=\"https:\/\/media1.jensgustafsson.se\/2019\/03\/DSC_0218-1024x683.jpg 1024w, https:\/\/media1.jensgustafsson.se\/2019\/03\/DSC_0218-300x200.jpg 300w, https:\/\/media1.jensgustafsson.se\/2019\/03\/DSC_0218-768x512.jpg 768w, https:\/\/media1.jensgustafsson.se\/2019\/03\/DSC_0218-450x300.jpg 450w\" sizes=\"auto, (max-width: 1024px) 100vw, 1024px\" \/><figcaption><strong><em>9 februari, fick se n\u00f6tskrikan fr\u00e5n sovrumsf\u00f6nstret, som fick g\u00e5 och plocka lite &#8221;rester&#8221; under f\u00e5gelmatsautomaten.. \ud83d\ude42 <\/em><\/strong><\/figcaption><\/figure>\n\n\n\n<figure class=\"wp-block-image\"><img loading=\"lazy\" decoding=\"async\" width=\"1024\" height=\"632\" src=\"http:\/\/media1.jensgustafsson.se\/2019\/03\/DSC_8558-1024x632.jpg\" alt=\"\" class=\"wp-image-12087\" srcset=\"https:\/\/media1.jensgustafsson.se\/2019\/03\/DSC_8558-1024x632.jpg 1024w, https:\/\/media1.jensgustafsson.se\/2019\/03\/DSC_8558-300x185.jpg 300w, https:\/\/media1.jensgustafsson.se\/2019\/03\/DSC_8558-768x474.jpg 768w, https:\/\/media1.jensgustafsson.se\/2019\/03\/DSC_8558-486x300.jpg 486w\" sizes=\"auto, (max-width: 1024px) 100vw, 1024px\" \/><figcaption><strong><em>10 februari vid N\u00f6t\u00e5n, Blankan, sn\u00f6sm\u00e4ltningen satte fart p\u00e5 vattnet.<\/em><\/strong><\/figcaption><\/figure>\n\n\n\n<figure class=\"wp-block-image\"><img loading=\"lazy\" decoding=\"async\" width=\"1024\" height=\"683\" src=\"http:\/\/media1.jensgustafsson.se\/2019\/03\/DSC_8570-1024x683.jpg\" alt=\"\" class=\"wp-image-12089\" srcset=\"https:\/\/media1.jensgustafsson.se\/2019\/03\/DSC_8570-1024x683.jpg 1024w, https:\/\/media1.jensgustafsson.se\/2019\/03\/DSC_8570-300x200.jpg 300w, https:\/\/media1.jensgustafsson.se\/2019\/03\/DSC_8570-768x512.jpg 768w, https:\/\/media1.jensgustafsson.se\/2019\/03\/DSC_8570-450x300.jpg 450w\" sizes=\"auto, (max-width: 1024px) 100vw, 1024px\" \/><figcaption><strong><em>12 februari, Vecklevad, en av mina referenspunkter.. \ud83d\ude09  full fart p\u00e5 vattnet d\u00e4r ocks\u00e5.. \ud83d\ude42 <\/em><\/strong><\/figcaption><\/figure>\n\n\n\n<figure class=\"wp-block-image\"><img loading=\"lazy\" decoding=\"async\" width=\"1024\" height=\"683\" src=\"http:\/\/media1.jensgustafsson.se\/2019\/03\/DSC_8659-1024x683.jpg\" alt=\"\" class=\"wp-image-12090\" srcset=\"https:\/\/media1.jensgustafsson.se\/2019\/03\/DSC_8659-1024x683.jpg 1024w, https:\/\/media1.jensgustafsson.se\/2019\/03\/DSC_8659-300x200.jpg 300w, https:\/\/media1.jensgustafsson.se\/2019\/03\/DSC_8659-768x512.jpg 768w, https:\/\/media1.jensgustafsson.se\/2019\/03\/DSC_8659-450x300.jpg 450w\" sizes=\"auto, (max-width: 1024px) 100vw, 1024px\" \/><figcaption><strong><em>16 februari, soluppg\u00e5ng vid Ryningen.<\/em><\/strong><\/figcaption><\/figure>\n\n\n\n<figure class=\"wp-block-image\"><img loading=\"lazy\" decoding=\"async\" width=\"1024\" height=\"683\" src=\"http:\/\/media1.jensgustafsson.se\/2019\/03\/DSC_0111-1024x683.jpg\" alt=\"\" class=\"wp-image-12091\" srcset=\"https:\/\/media1.jensgustafsson.se\/2019\/03\/DSC_0111-1024x683.jpg 1024w, https:\/\/media1.jensgustafsson.se\/2019\/03\/DSC_0111-300x200.jpg 300w, https:\/\/media1.jensgustafsson.se\/2019\/03\/DSC_0111-768x512.jpg 768w, https:\/\/media1.jensgustafsson.se\/2019\/03\/DSC_0111-450x300.jpg 450w\" sizes=\"auto, (max-width: 1024px) 100vw, 1024px\" \/><figcaption><strong><em>17 februari fick jag vara med om en fin morgon nere vid kusten, Saltor, Pataholm.<\/em><\/strong><\/figcaption><\/figure>\n\n\n\n<figure class=\"wp-block-image\"><img loading=\"lazy\" decoding=\"async\" width=\"1024\" height=\"622\" src=\"http:\/\/media1.jensgustafsson.se\/2019\/03\/DSC_8890-1024x622.jpg\" alt=\"\" class=\"wp-image-12092\" srcset=\"https:\/\/media1.jensgustafsson.se\/2019\/03\/DSC_8890-1024x622.jpg 1024w, https:\/\/media1.jensgustafsson.se\/2019\/03\/DSC_8890-300x182.jpg 300w, https:\/\/media1.jensgustafsson.se\/2019\/03\/DSC_8890-768x467.jpg 768w, https:\/\/media1.jensgustafsson.se\/2019\/03\/DSC_8890-494x300.jpg 494w\" sizes=\"auto, (max-width: 1024px) 100vw, 1024px\" \/><figcaption><strong><em>20 februari, skogspromenad med v\u00e4nnerna.. \ud83d\ude42 <\/em><\/strong><\/figcaption><\/figure>\n\n\n\n<figure class=\"wp-block-image\"><img loading=\"lazy\" decoding=\"async\" width=\"1024\" height=\"683\" src=\"http:\/\/media1.jensgustafsson.se\/2019\/03\/DSC_8981-1024x683.jpg\" alt=\"\" class=\"wp-image-12093\" srcset=\"https:\/\/media1.jensgustafsson.se\/2019\/03\/DSC_8981-1024x683.jpg 1024w, https:\/\/media1.jensgustafsson.se\/2019\/03\/DSC_8981-300x200.jpg 300w, https:\/\/media1.jensgustafsson.se\/2019\/03\/DSC_8981-768x512.jpg 768w, https:\/\/media1.jensgustafsson.se\/2019\/03\/DSC_8981-450x300.jpg 450w\" sizes=\"auto, (max-width: 1024px) 100vw, 1024px\" \/><figcaption><strong><em>22 februari&#8230;\u00e5terigen vid Vecklevad, nu var det sn\u00f6 igen.. \ud83d\ude42 <\/em><\/strong><\/figcaption><\/figure>\n\n\n\n<figure class=\"wp-block-image\"><img loading=\"lazy\" decoding=\"async\" width=\"1024\" height=\"683\" src=\"http:\/\/media1.jensgustafsson.se\/2019\/03\/DSC_9098-1024x683.jpg\" alt=\"\" class=\"wp-image-12095\" srcset=\"https:\/\/media1.jensgustafsson.se\/2019\/03\/DSC_9098-1024x683.jpg 1024w, https:\/\/media1.jensgustafsson.se\/2019\/03\/DSC_9098-300x200.jpg 300w, https:\/\/media1.jensgustafsson.se\/2019\/03\/DSC_9098-768x512.jpg 768w, https:\/\/media1.jensgustafsson.se\/2019\/03\/DSC_9098-450x300.jpg 450w\" sizes=\"auto, (max-width: 1024px) 100vw, 1024px\" \/><figcaption>2<strong><em>6 februari, \u00e5terigen vid N\u00f6t\u00e5n, Blankan, \u00e4nnu lite mera fart p\u00e5 vattnet mot f\u00f6rra visiten h\u00e4r..<\/em><\/strong><\/figcaption><\/figure>\n\n\n\n<p class=\"has-text-color has-blue-color\">D\u00e5 g\u00e5r vi in i Mars m\u00e5nad med sp\u00e4nning, och ser hur den ska utveckla sig v\u00e4derm\u00e4ssigt, kommer vintern tillbaka??, kanske, kanske inte..<\/p>\n","protected":false},"excerpt":{"rendered":"<p>Februarim\u00e5naden i \u00e5r bj\u00f6d p\u00e5 b\u00e5de vinter- och v\u00e5rv\u00e4der. Den inleddes med n\u00e5gra dagar och n\u00e4tter som var lite kyliga, eller f\u00f6rh\u00e5llandevis kyliga kanske man ska s\u00e4ga, f\u00f6r n\u00e5gon riktig vinterkyla har vi inte haft, -10,2\u00b0 den 4 februari var &hellip; <a href=\"https:\/\/jensgustafsson.se\/?page_id=12075\">Forts\u00e4tt l\u00e4sa <span class=\"meta-nav\">&rarr;<\/span><\/a><\/p>\n","protected":false},"author":1,"featured_media":0,"parent":11912,"menu_order":2,"comment_status":"closed","ping_status":"closed","template":"","meta":{"footnotes":""},"class_list":["post-12075","page","type-page","status-publish","hentry"],"_links":{"self":[{"href":"https:\/\/jensgustafsson.se\/index.php?rest_route=\/wp\/v2\/pages\/12075","targetHints":{"allow":["GET"]}}],"collection":[{"href":"https:\/\/jensgustafsson.se\/index.php?rest_route=\/wp\/v2\/pages"}],"about":[{"href":"https:\/\/jensgustafsson.se\/index.php?rest_route=\/wp\/v2\/types\/page"}],"author":[{"embeddable":true,"href":"https:\/\/jensgustafsson.se\/index.php?rest_route=\/wp\/v2\/users\/1"}],"replies":[{"embeddable":true,"href":"https:\/\/jensgustafsson.se\/index.php?rest_route=%2Fwp%2Fv2%2Fcomments&post=12075"}],"version-history":[{"count":3,"href":"https:\/\/jensgustafsson.se\/index.php?rest_route=\/wp\/v2\/pages\/12075\/revisions"}],"predecessor-version":[{"id":12096,"href":"https:\/\/jensgustafsson.se\/index.php?rest_route=\/wp\/v2\/pages\/12075\/revisions\/12096"}],"up":[{"embeddable":true,"href":"https:\/\/jensgustafsson.se\/index.php?rest_route=\/wp\/v2\/pages\/11912"}],"wp:attachment":[{"href":"https:\/\/jensgustafsson.se\/index.php?rest_route=%2Fwp%2Fv2%2Fmedia&parent=12075"}],"curies":[{"name":"wp","href":"https:\/\/api.w.org\/{rel}","templated":true}]}}