{"id":12494,"date":"2019-05-01T17:49:42","date_gmt":"2019-05-01T16:49:42","guid":{"rendered":"http:\/\/jensgustafsson.se\/?page_id=12494"},"modified":"2019-05-01T17:51:06","modified_gmt":"2019-05-01T16:51:06","slug":"april-2019","status":"publish","type":"page","link":"https:\/\/jensgustafsson.se\/?page_id=12494","title":{"rendered":"April 2019."},"content":{"rendered":"\n<p class=\"has-text-color has-medium-font-size has-blue-color\">Den h\u00e4r m\u00e5naden blev extremt nederb\u00f6rdsfattig, bara 1 mm p\u00e5 hela m\u00e5naden, f\u00f6rdelat p\u00e5 tv\u00e5 dygn. den 10 april kom det 0,5 mm, och det var i form av bl\u00f6tsn\u00f6. De andra 0,5 mm kom den 27 april. S\u00e5 lite har jag inte noterat n\u00e5gon m\u00e5nad innan under min tid jag f\u00f6rt statistik p\u00e5 v\u00e4der. Det \u00e4r absolut inte bra f\u00f6r oss p\u00e5 n\u00e5got vis, grundvattenniv\u00e5erna sjunker orov\u00e4ckande snabbt, och man ser i sj\u00f6ar och vattendrag, att \u00f6versv\u00e4mningarna som vi hade f\u00f6r inte s\u00e5 l\u00e4nge sedan, f\u00f6rsvann snabbt.<\/p>\n\n\n\n<p class=\"has-text-color has-medium-font-size has-blue-color\">M\u00e5nadens medeltemperatur blev +6,7\u00b0, vilket kan j\u00e4mf\u00f6ras med fjol\u00e5rets +8,3\u00b0. Vi har haft 18 frostn\u00e4tter, och det \u00e4r ju orsaken till att medeltempen blev som den blev. I diagrammet nedan ser vi att m\u00e5naden var lite kallare i b\u00f6rjan, men fr\u00e5n mitten steg dagstemperaturen lite efterhand, om \u00e4n lite upp och ner,<\/p>\n\n\n\n<figure class=\"wp-block-image\"><img loading=\"lazy\" decoding=\"async\" width=\"764\" height=\"346\" src=\"http:\/\/media1.jensgustafsson.se\/2019\/05\/image.png\" alt=\"\" class=\"wp-image-12495\" srcset=\"https:\/\/media1.jensgustafsson.se\/2019\/05\/image.png 764w, https:\/\/media1.jensgustafsson.se\/2019\/05\/image-300x136.png 300w, https:\/\/media1.jensgustafsson.se\/2019\/05\/image-500x226.png 500w\" sizes=\"auto, (max-width: 764px) 100vw, 764px\" \/><\/figure>\n\n\n\n<p class=\"has-text-color has-medium-font-size has-blue-color\"> I diagrammet nedan ser vi dygnsmedeltemperaturen under m\u00e5naden, och jag konstaterar att sommaren kom till F\u00e5gelfors den 23 april i \u00e5r ( 5 dygn med en dygnsmedeltemperatur \u00f6ver +10\u00b0) 2018 uppfylldes kraven f\u00f6r sommar den 18 april, allts\u00e5 ligger vi lite efter i \u00e5r.<\/p>\n\n\n\n<figure class=\"wp-block-image\"><img loading=\"lazy\" decoding=\"async\" width=\"874\" height=\"361\" src=\"http:\/\/media1.jensgustafsson.se\/2019\/05\/image-1.png\" alt=\"\" class=\"wp-image-12496\" srcset=\"https:\/\/media1.jensgustafsson.se\/2019\/05\/image-1.png 874w, https:\/\/media1.jensgustafsson.se\/2019\/05\/image-1-300x124.png 300w, https:\/\/media1.jensgustafsson.se\/2019\/05\/image-1-768x317.png 768w, https:\/\/media1.jensgustafsson.se\/2019\/05\/image-1-500x207.png 500w\" sizes=\"auto, (max-width: 874px) 100vw, 874px\" \/><\/figure>\n\n\n\n<p class=\"has-text-color has-medium-font-size has-blue-color\">Vinden har denna m\u00e5nad till skillnad fr\u00e5n de senaste, n\u00e4stan uteslutande legat p\u00e5 riktningen fr\u00e5n nordv\u00e4st till sydlig. Det \u00e4r en trendbrytning som syns v\u00e4ldigt v\u00e4l, och illustreras i diagrammet nedan.<\/p>\n\n\n\n<figure class=\"wp-block-image\"><img loading=\"lazy\" decoding=\"async\" width=\"685\" height=\"335\" src=\"http:\/\/media1.jensgustafsson.se\/2019\/05\/image-2.png\" alt=\"\" class=\"wp-image-12498\" srcset=\"https:\/\/media1.jensgustafsson.se\/2019\/05\/image-2.png 685w, https:\/\/media1.jensgustafsson.se\/2019\/05\/image-2-300x147.png 300w, https:\/\/media1.jensgustafsson.se\/2019\/05\/image-2-500x245.png 500w\" sizes=\"auto, (max-width: 685px) 100vw, 685px\" \/><\/figure>\n\n\n\n<p class=\"has-text-color has-medium-font-size has-blue-color\"> S\u00e5 kommer sammanfattningen i siffror fr\u00e5n min v\u00e4derstation, WS-2308, som jobbar med tv\u00e5 program, Heavy Wheather f\u00f6r loggningen, och Cumulus som ocks\u00e5 loggar, och omvandlar med hj\u00e4lp av mig till \u00f6versk\u00e5dliga fakta p\u00e5 min v\u00e4dersida p\u00e5 webben. <\/p>\n\n\n\n<p>Summary for april 2019        <\/p>\n\n\n\n<p class=\"has-text-color has-medium-font-size has-blue-color\">Temperature (\u00b0C):        <br \/>\nMean (min+max)   6,7        <br \/>\nMean Minimum     -0,3        <br \/>\nMean Maximum     13,5        <br \/>\nMinimum          -6,2 day 12        <br \/>\nMaximum          22,6 day 26        <br \/>\nHighest Minimum  8,1 day 25        <br \/>\nLowest Maximum   1,5 day 10        <br \/>\nAir frosts       18        <\/p>\n\n\n\n<p class=\"has-text-color has-medium-font-size has-blue-color\">Rainfall (mm):        <br \/>\nTotal for month  1,0        <br \/>\nRain days        2        <br \/>\nDry days         28        <\/p>\n\n\n\n<p class=\"has-text-color has-medium-font-size has-blue-color\">Wind (m\/s):        <br \/>\nHighest Gust     17,3 day 23        <\/p>\n\n\n\n<p class=\"has-text-color has-medium-font-size has-blue-color\">Pressure (hPa):        <br \/> Maximum          987,8 day 18        <br \/> Minimum          955,0 day 03   <\/p>\n\n\n\n<p class=\"has-text-color has-medium-font-size has-blue-color\"> H\u00e4r kommer n\u00e5gra foton, natur-och v\u00e4derrelaterade. som fastnat i mina kameror under m\u00e5naden:    <\/p>\n\n\n\n<figure class=\"wp-block-image\"><img loading=\"lazy\" decoding=\"async\" width=\"1024\" height=\"683\" src=\"http:\/\/media1.jensgustafsson.se\/2019\/05\/DSC_0300-1024x683.jpg\" alt=\"\" class=\"wp-image-12502\" srcset=\"https:\/\/media1.jensgustafsson.se\/2019\/05\/DSC_0300-1024x683.jpg 1024w, https:\/\/media1.jensgustafsson.se\/2019\/05\/DSC_0300-300x200.jpg 300w, https:\/\/media1.jensgustafsson.se\/2019\/05\/DSC_0300-768x512.jpg 768w, https:\/\/media1.jensgustafsson.se\/2019\/05\/DSC_0300-450x300.jpg 450w\" sizes=\"auto, (max-width: 1024px) 100vw, 1024px\" \/><figcaption><strong><em>1 april, bl\u00e5sippor.<\/em><\/strong><\/figcaption><\/figure>\n\n\n\n<figure class=\"wp-block-image\"><img loading=\"lazy\" decoding=\"async\" width=\"1024\" height=\"702\" src=\"http:\/\/media1.jensgustafsson.se\/2019\/05\/DSC_0316-1024x702.jpg\" alt=\"\" class=\"wp-image-12503\" srcset=\"https:\/\/media1.jensgustafsson.se\/2019\/05\/DSC_0316-1024x702.jpg 1024w, https:\/\/media1.jensgustafsson.se\/2019\/05\/DSC_0316-300x206.jpg 300w, https:\/\/media1.jensgustafsson.se\/2019\/05\/DSC_0316-768x527.jpg 768w, https:\/\/media1.jensgustafsson.se\/2019\/05\/DSC_0316-438x300.jpg 438w, https:\/\/media1.jensgustafsson.se\/2019\/05\/DSC_0316.jpg 1759w\" sizes=\"auto, (max-width: 1024px) 100vw, 1024px\" \/><figcaption><em>2 april, s\u00e5g s\u00e4des\u00e4rlan f\u00f6r f\u00f6rsta g\u00e5ngen i \u00e5r.<\/em><\/figcaption><\/figure>\n\n\n\n<figure class=\"wp-block-image\"><img loading=\"lazy\" decoding=\"async\" width=\"1024\" height=\"681\" src=\"http:\/\/media1.jensgustafsson.se\/2019\/05\/DSC_0275-1024x681.jpg\" alt=\"\" class=\"wp-image-12504\" srcset=\"https:\/\/media1.jensgustafsson.se\/2019\/05\/DSC_0275-1024x681.jpg 1024w, https:\/\/media1.jensgustafsson.se\/2019\/05\/DSC_0275-300x199.jpg 300w, https:\/\/media1.jensgustafsson.se\/2019\/05\/DSC_0275-768x511.jpg 768w, https:\/\/media1.jensgustafsson.se\/2019\/05\/DSC_0275-451x300.jpg 451w\" sizes=\"auto, (max-width: 1024px) 100vw, 1024px\" \/><figcaption><strong><em>4 april, soluppg\u00e5ngen \u00f6ver Klobosj\u00f6n.<\/em><\/strong><\/figcaption><\/figure>\n\n\n\n<figure class=\"wp-block-image\"><img loading=\"lazy\" decoding=\"async\" width=\"1024\" height=\"683\" src=\"http:\/\/media1.jensgustafsson.se\/2019\/05\/P1140228-1024x683.jpg\" alt=\"\" class=\"wp-image-12505\" srcset=\"https:\/\/media1.jensgustafsson.se\/2019\/05\/P1140228-1024x683.jpg 1024w, https:\/\/media1.jensgustafsson.se\/2019\/05\/P1140228-300x200.jpg 300w, https:\/\/media1.jensgustafsson.se\/2019\/05\/P1140228-768x512.jpg 768w, https:\/\/media1.jensgustafsson.se\/2019\/05\/P1140228-450x300.jpg 450w\" sizes=\"auto, (max-width: 1024px) 100vw, 1024px\" \/><figcaption><strong><em>5 april, vitsippor i knopp.<\/em><\/strong><\/figcaption><\/figure>\n\n\n\n<figure class=\"wp-block-image\"><img loading=\"lazy\" decoding=\"async\" width=\"876\" height=\"1024\" src=\"http:\/\/media1.jensgustafsson.se\/2019\/05\/DSC_0359-876x1024.jpg\" alt=\"\" class=\"wp-image-12506\" srcset=\"https:\/\/media1.jensgustafsson.se\/2019\/05\/DSC_0359-876x1024.jpg 876w, https:\/\/media1.jensgustafsson.se\/2019\/05\/DSC_0359-257x300.jpg 257w, https:\/\/media1.jensgustafsson.se\/2019\/05\/DSC_0359-768x897.jpg 768w, https:\/\/media1.jensgustafsson.se\/2019\/05\/DSC_0359.jpg 1337w\" sizes=\"auto, (max-width: 876px) 100vw, 876px\" \/><figcaption>6 april, hackspett i morgonsolen.<br \/><\/figcaption><\/figure>\n\n\n\n<figure class=\"wp-block-image\"><img loading=\"lazy\" decoding=\"async\" width=\"1024\" height=\"683\" src=\"http:\/\/media1.jensgustafsson.se\/2019\/05\/DSC_0500-1024x683.jpg\" alt=\"\" class=\"wp-image-12507\" srcset=\"https:\/\/media1.jensgustafsson.se\/2019\/05\/DSC_0500-1024x683.jpg 1024w, https:\/\/media1.jensgustafsson.se\/2019\/05\/DSC_0500-300x200.jpg 300w, https:\/\/media1.jensgustafsson.se\/2019\/05\/DSC_0500-768x512.jpg 768w, https:\/\/media1.jensgustafsson.se\/2019\/05\/DSC_0500-450x300.jpg 450w\" sizes=\"auto, (max-width: 1024px) 100vw, 1024px\" \/><figcaption><strong><em>7 april, soluppg\u00e5ngen vid Saltor, Pataholm.<\/em><\/strong><\/figcaption><\/figure>\n\n\n\n<figure class=\"wp-block-image\"><img loading=\"lazy\" decoding=\"async\" width=\"1024\" height=\"657\" src=\"http:\/\/media1.jensgustafsson.se\/2019\/05\/P1140450-1024x657.jpg\" alt=\"\" class=\"wp-image-12508\" srcset=\"https:\/\/media1.jensgustafsson.se\/2019\/05\/P1140450-1024x657.jpg 1024w, https:\/\/media1.jensgustafsson.se\/2019\/05\/P1140450-300x193.jpg 300w, https:\/\/media1.jensgustafsson.se\/2019\/05\/P1140450-768x493.jpg 768w, https:\/\/media1.jensgustafsson.se\/2019\/05\/P1140450-467x300.jpg 467w\" sizes=\"auto, (max-width: 1024px) 100vw, 1024px\" \/><figcaption><strong><em>19 april, str\u00e5lande sol ute i b\u00e5ten p\u00e5 Saden.<\/em><\/strong><\/figcaption><\/figure>\n\n\n\n<figure class=\"wp-block-image\"><img loading=\"lazy\" decoding=\"async\" width=\"1024\" height=\"683\" src=\"http:\/\/media1.jensgustafsson.se\/2019\/05\/DSC_0915-1024x683.jpg\" alt=\"\" class=\"wp-image-12509\" srcset=\"https:\/\/media1.jensgustafsson.se\/2019\/05\/DSC_0915-1024x683.jpg 1024w, https:\/\/media1.jensgustafsson.se\/2019\/05\/DSC_0915-300x200.jpg 300w, https:\/\/media1.jensgustafsson.se\/2019\/05\/DSC_0915-768x512.jpg 768w, https:\/\/media1.jensgustafsson.se\/2019\/05\/DSC_0915-450x300.jpg 450w\" sizes=\"auto, (max-width: 1024px) 100vw, 1024px\" \/><figcaption><strong><em>20 april, fortfarande ganska bra fart p\u00e5 vattnet, N\u00f6t\u00e5n, Vecklevad.<\/em><\/strong><\/figcaption><\/figure>\n\n\n\n<figure class=\"wp-block-image\"><img loading=\"lazy\" decoding=\"async\" width=\"1024\" height=\"847\" src=\"http:\/\/media1.jensgustafsson.se\/2019\/05\/DSC_0964-1024x847.jpg\" alt=\"\" class=\"wp-image-12510\" srcset=\"https:\/\/media1.jensgustafsson.se\/2019\/05\/DSC_0964-1024x847.jpg 1024w, https:\/\/media1.jensgustafsson.se\/2019\/05\/DSC_0964-300x248.jpg 300w, https:\/\/media1.jensgustafsson.se\/2019\/05\/DSC_0964-768x635.jpg 768w, https:\/\/media1.jensgustafsson.se\/2019\/05\/DSC_0964-363x300.jpg 363w\" sizes=\"auto, (max-width: 1024px) 100vw, 1024px\" \/><figcaption><strong><em>21 april, luftstrid i str\u00e5lande solsken.<\/em><\/strong><\/figcaption><\/figure>\n\n\n\n<figure class=\"wp-block-image\"><img loading=\"lazy\" decoding=\"async\" width=\"1024\" height=\"683\" src=\"http:\/\/media1.jensgustafsson.se\/2019\/05\/P1140506-1024x683.jpg\" alt=\"\" class=\"wp-image-12511\" srcset=\"https:\/\/media1.jensgustafsson.se\/2019\/05\/P1140506-1024x683.jpg 1024w, https:\/\/media1.jensgustafsson.se\/2019\/05\/P1140506-300x200.jpg 300w, https:\/\/media1.jensgustafsson.se\/2019\/05\/P1140506-768x512.jpg 768w, https:\/\/media1.jensgustafsson.se\/2019\/05\/P1140506-450x300.jpg 450w\" sizes=\"auto, (max-width: 1024px) 100vw, 1024px\" \/><figcaption>22 april, soluppg\u00e5ngen vid Tr\u00e4nsj\u00f6n.<\/figcaption><\/figure>\n\n\n\n<figure class=\"wp-block-image\"><img loading=\"lazy\" decoding=\"async\" width=\"1024\" height=\"672\" src=\"http:\/\/media1.jensgustafsson.se\/2019\/05\/DSC_1119-1024x672.jpg\" alt=\"\" class=\"wp-image-12512\" srcset=\"https:\/\/media1.jensgustafsson.se\/2019\/05\/DSC_1119-1024x672.jpg 1024w, https:\/\/media1.jensgustafsson.se\/2019\/05\/DSC_1119-300x197.jpg 300w, https:\/\/media1.jensgustafsson.se\/2019\/05\/DSC_1119-768x504.jpg 768w, https:\/\/media1.jensgustafsson.se\/2019\/05\/DSC_1119-457x300.jpg 457w\" sizes=\"auto, (max-width: 1024px) 100vw, 1024px\" \/><figcaption><strong><em>25 april, p\u00e5 kv\u00e4llen vid \u00d6vrasj\u00f6n.<\/em><\/strong><\/figcaption><\/figure>\n\n\n\n<figure class=\"wp-block-image\"><img loading=\"lazy\" decoding=\"async\" width=\"1024\" height=\"716\" src=\"http:\/\/media1.jensgustafsson.se\/2019\/05\/DSC_1157-1024x716.jpg\" alt=\"\" class=\"wp-image-12513\" srcset=\"https:\/\/media1.jensgustafsson.se\/2019\/05\/DSC_1157-1024x716.jpg 1024w, https:\/\/media1.jensgustafsson.se\/2019\/05\/DSC_1157-300x210.jpg 300w, https:\/\/media1.jensgustafsson.se\/2019\/05\/DSC_1157-768x537.jpg 768w, https:\/\/media1.jensgustafsson.se\/2019\/05\/DSC_1157-429x300.jpg 429w\" sizes=\"auto, (max-width: 1024px) 100vw, 1024px\" \/><figcaption><strong><em>26 april, morgonpromenad i Lilla Klobo.<\/em><\/strong><\/figcaption><\/figure>\n\n\n\n<figure class=\"wp-block-image\"><img loading=\"lazy\" decoding=\"async\" width=\"1024\" height=\"683\" src=\"http:\/\/media1.jensgustafsson.se\/2019\/05\/DSC_0023-1024x683.jpg\" alt=\"\" class=\"wp-image-12514\" srcset=\"https:\/\/media1.jensgustafsson.se\/2019\/05\/DSC_0023-1024x683.jpg 1024w, https:\/\/media1.jensgustafsson.se\/2019\/05\/DSC_0023-300x200.jpg 300w, https:\/\/media1.jensgustafsson.se\/2019\/05\/DSC_0023-768x512.jpg 768w, https:\/\/media1.jensgustafsson.se\/2019\/05\/DSC_0023-450x300.jpg 450w\" sizes=\"auto, (max-width: 1024px) 100vw, 1024px\" \/><figcaption><strong><em>27 april, soluppg\u00e5ng \u00f6ver Em\u00e5n,Staby, H\u00f6gsby.<\/em><\/strong><\/figcaption><\/figure>\n\n\n\n<figure class=\"wp-block-image\"><img loading=\"lazy\" decoding=\"async\" width=\"1024\" height=\"683\" src=\"http:\/\/media1.jensgustafsson.se\/2019\/05\/DSC_1439-1024x683.jpg\" alt=\"\" class=\"wp-image-12515\" srcset=\"https:\/\/media1.jensgustafsson.se\/2019\/05\/DSC_1439-1024x683.jpg 1024w, https:\/\/media1.jensgustafsson.se\/2019\/05\/DSC_1439-300x200.jpg 300w, https:\/\/media1.jensgustafsson.se\/2019\/05\/DSC_1439-768x512.jpg 768w, https:\/\/media1.jensgustafsson.se\/2019\/05\/DSC_1439-450x300.jpg 450w\" sizes=\"auto, (max-width: 1024px) 100vw, 1024px\" \/><figcaption><em>29 april, Kungsfasantupp i Rudaskogarna.<\/em><\/figcaption><\/figure>\n\n\n\n<p class=\"has-text-color has-medium-font-size has-blue-color\">D\u00e4r avslutar jag april m\u00e5nads v\u00e4dersammanfattning, och ser med sp\u00e4nning fram\u00e5t med v\u00e4derutvecklingen i sommar.<\/p>\n","protected":false},"excerpt":{"rendered":"<p>Den h\u00e4r m\u00e5naden blev extremt nederb\u00f6rdsfattig, bara 1 mm p\u00e5 hela m\u00e5naden, f\u00f6rdelat p\u00e5 tv\u00e5 dygn. den 10 april kom det 0,5 mm, och det var i form av bl\u00f6tsn\u00f6. De andra 0,5 mm kom den 27 april. S\u00e5 lite &hellip; <a href=\"https:\/\/jensgustafsson.se\/?page_id=12494\">Forts\u00e4tt l\u00e4sa <span class=\"meta-nav\">&rarr;<\/span><\/a><\/p>\n","protected":false},"author":1,"featured_media":0,"parent":11912,"menu_order":4,"comment_status":"closed","ping_status":"closed","template":"","meta":{"footnotes":""},"class_list":["post-12494","page","type-page","status-publish","hentry"],"_links":{"self":[{"href":"https:\/\/jensgustafsson.se\/index.php?rest_route=\/wp\/v2\/pages\/12494","targetHints":{"allow":["GET"]}}],"collection":[{"href":"https:\/\/jensgustafsson.se\/index.php?rest_route=\/wp\/v2\/pages"}],"about":[{"href":"https:\/\/jensgustafsson.se\/index.php?rest_route=\/wp\/v2\/types\/page"}],"author":[{"embeddable":true,"href":"https:\/\/jensgustafsson.se\/index.php?rest_route=\/wp\/v2\/users\/1"}],"replies":[{"embeddable":true,"href":"https:\/\/jensgustafsson.se\/index.php?rest_route=%2Fwp%2Fv2%2Fcomments&post=12494"}],"version-history":[{"count":6,"href":"https:\/\/jensgustafsson.se\/index.php?rest_route=\/wp\/v2\/pages\/12494\/revisions"}],"predecessor-version":[{"id":12518,"href":"https:\/\/jensgustafsson.se\/index.php?rest_route=\/wp\/v2\/pages\/12494\/revisions\/12518"}],"up":[{"embeddable":true,"href":"https:\/\/jensgustafsson.se\/index.php?rest_route=\/wp\/v2\/pages\/11912"}],"wp:attachment":[{"href":"https:\/\/jensgustafsson.se\/index.php?rest_route=%2Fwp%2Fv2%2Fmedia&parent=12494"}],"curies":[{"name":"wp","href":"https:\/\/api.w.org\/{rel}","templated":true}]}}