{"id":12685,"date":"2019-06-01T16:14:30","date_gmt":"2019-06-01T15:14:30","guid":{"rendered":"http:\/\/jensgustafsson.se\/?page_id=12685"},"modified":"2019-06-01T16:14:30","modified_gmt":"2019-06-01T15:14:30","slug":"maj-2019","status":"publish","type":"page","link":"https:\/\/jensgustafsson.se\/?page_id=12685","title":{"rendered":"Maj 2019."},"content":{"rendered":"\n<p class=\"has-text-color has-medium-font-size has-blue-color\">\u00c5rets majm\u00e5nad blev lite mera normal vad g\u00e4ller b\u00e5de temperatur och nederb\u00f6rd. Man j\u00e4mf\u00f6r ju g\u00e4rna med fjol\u00e5rets, d\u00e5 vi hade en mycket varm och torr m\u00e5nad med en medeltemperatur p\u00e5 ca 5\u00b0 h\u00f6gre v\u00e4rde \u00e4n i \u00e5r. V\u00e4rmen och torkan bestod ju som vi kommer ih\u00e5g hela sommaren sedan, men det hoppas jag var ett undantagsfall, och att vi i \u00e5r f\u00e5r lite mera normala v\u00e4derf\u00f6rh\u00e5llanden. <\/p>\n\n\n\n<p class=\"has-text-color has-medium-font-size has-blue-color\">M\u00e5naden b\u00f6rjade med riktigt kyligt v\u00e4der, och den 4 maj fick vi en skr\u00e4lldus med sn\u00f6 ocks\u00e5 (ca 10 cm p\u00e5 f\u00f6rmiddagen). Sn\u00f6n blev inte l\u00e5ngvarig, det mesta sm\u00e4lte under dagen. Efterhand blev det lite varmare sedan under m\u00e5naden, och en riktig topp fick vi den 22 maj med 27,2\u00b0 i maxtemperatur. Ut\u00f6ver den dagen med h\u00f6gsommarv\u00e4rme, har vi haft 5 dygn med maxtemperatur mellan 20 och 24,9\u00b0. Vi har haft fem frostdygn, allts\u00e5 minusgrader registrerade p\u00e5 v\u00e4derstationen, d\u00e4rut\u00f6ver ett par mornar med markfrost. Nedan g\u00e5r det att utl\u00e4sa min-och maxtemperaturen dag f\u00f6r dag under maj.<\/p>\n\n\n\n<figure class=\"wp-block-image\"><img loading=\"lazy\" decoding=\"async\" width=\"681\" height=\"326\" src=\"http:\/\/media1.jensgustafsson.se\/2019\/06\/image-1.png\" alt=\"\" class=\"wp-image-12697\" srcset=\"https:\/\/media1.jensgustafsson.se\/2019\/06\/image-1.png 681w, https:\/\/media1.jensgustafsson.se\/2019\/06\/image-1-300x144.png 300w, https:\/\/media1.jensgustafsson.se\/2019\/06\/image-1-500x239.png 500w\" sizes=\"auto, (max-width: 681px) 100vw, 681px\" \/><\/figure>\n\n\n\n<p class=\"has-text-color has-medium-font-size has-blue-color\">Nederb\u00f6rd, b\u00e5de i form av sn\u00f6 och regn har vi f\u00e5tt 57 v\u00e4lbeh\u00f6vliga mm, f\u00f6rdelat p\u00e5 16 dygn. Jag har ocks\u00e5 noterat att vi haft 2 \u00e5skdagar under m\u00e5naden. I diagrammet nedan ses f\u00f6rdelningen av nederb\u00f6rden p\u00e5 respektive nederb\u00f6rdsdygn.<\/p>\n\n\n\n<figure class=\"wp-block-image\"><img loading=\"lazy\" decoding=\"async\" width=\"731\" height=\"350\" src=\"http:\/\/media1.jensgustafsson.se\/2019\/06\/image-2.png\" alt=\"\" class=\"wp-image-12699\" srcset=\"https:\/\/media1.jensgustafsson.se\/2019\/06\/image-2.png 731w, https:\/\/media1.jensgustafsson.se\/2019\/06\/image-2-300x144.png 300w, https:\/\/media1.jensgustafsson.se\/2019\/06\/image-2-500x239.png 500w\" sizes=\"auto, (max-width: 731px) 100vw, 731px\" \/><\/figure>\n\n\n\n<p class=\"has-text-color has-medium-font-size has-blue-color\">Vindriktningen under maj m\u00e5nad domineras av riktning d\u00e4r v\u00e4st \u00e4r med i spelet.<\/p>\n\n\n\n<figure class=\"wp-block-image\"><img loading=\"lazy\" decoding=\"async\" width=\"606\" height=\"333\" src=\"http:\/\/media1.jensgustafsson.se\/2019\/06\/image-3.png\" alt=\"\" class=\"wp-image-12700\" srcset=\"https:\/\/media1.jensgustafsson.se\/2019\/06\/image-3.png 606w, https:\/\/media1.jensgustafsson.se\/2019\/06\/image-3-300x165.png 300w, https:\/\/media1.jensgustafsson.se\/2019\/06\/image-3-500x275.png 500w\" sizes=\"auto, (max-width: 606px) 100vw, 606px\" \/><\/figure>\n\n\n\n<p class=\"has-text-color has-medium-font-size has-blue-color\"> S\u00e5 kommer sammanfattningen i siffror fr\u00e5n min v\u00e4derstation, WS-2308, som jobbar med tv\u00e5 program, Heavy Wheather f\u00f6r loggningen, och Cumulus som ocks\u00e5 loggar, och omvandlar med hj\u00e4lp av mig till \u00f6versk\u00e5dliga fakta p\u00e5 min v\u00e4dersida p\u00e5 webben. <\/p>\n\n\n\n<p class=\"has-text-color has-medium-font-size has-blue-color\">Summary for maj 2019        <\/p>\n\n\n\n<p class=\"has-text-color has-medium-font-size has-blue-color\">Temperature (\u00b0C):        <br \/>\nMean (min+max)   11,5        <br \/>\nMean Minimum     5,9        <br \/>\nMean Maximum     17,1        <br \/>\nMinimum          -2,8 day 05        <br \/>\nMaximum          27,2 day 22        <br \/>\nHighest Minimum  14,0 day 21        <br \/>\nLowest Maximum   7,8 day 04        <br \/>\nAir frosts       5        <\/p>\n\n\n\n<p class=\"has-text-color has-medium-font-size has-blue-color\">Rainfall (mm):        <br \/> Total for month  57        <br \/> Wettest day      13,0 day 04             <br \/> Rain days        16        <br \/> Dry days         15        <\/p>\n\n\n\n<p class=\"has-text-color has-medium-font-size has-blue-color\">Wind (m\/s):        <br \/>\nHighest Gust     12,9 day 26        <\/p>\n\n\n\n<p class=\"has-text-color has-medium-font-size has-blue-color\">Pressure (hPa):        <br \/> Maximum          1092,5 day 14        <br \/> Minimum          923,9 day 07        <\/p>\n\n\n\n<p class=\"has-text-color has-medium-font-size has-blue-color\"> H\u00e4r kommer n\u00e5gra foton, natur-och v\u00e4derrelaterade. som fastnat i mina kameror under m\u00e5naden: <\/p>\n\n\n\n<figure class=\"wp-block-image\"><img loading=\"lazy\" decoding=\"async\" width=\"1024\" height=\"680\" src=\"http:\/\/media1.jensgustafsson.se\/2019\/06\/DSC_1587-1024x680.jpg\" alt=\"\" class=\"wp-image-12703\" srcset=\"https:\/\/media1.jensgustafsson.se\/2019\/06\/DSC_1587-1024x680.jpg 1024w, https:\/\/media1.jensgustafsson.se\/2019\/06\/DSC_1587-300x199.jpg 300w, https:\/\/media1.jensgustafsson.se\/2019\/06\/DSC_1587-768x510.jpg 768w, https:\/\/media1.jensgustafsson.se\/2019\/06\/DSC_1587-452x300.jpg 452w\" sizes=\"auto, (max-width: 1024px) 100vw, 1024px\" \/><figcaption> <strong><em>3 maj, frost p\u00e5 morgonen.<\/em><\/strong><br \/><\/figcaption><\/figure>\n\n\n\n<figure class=\"wp-block-image\"><img loading=\"lazy\" decoding=\"async\" width=\"1024\" height=\"682\" src=\"http:\/\/media1.jensgustafsson.se\/2019\/06\/P1140546-2000x1333-1024x682.jpg\" alt=\"\" class=\"wp-image-12704\" srcset=\"https:\/\/media1.jensgustafsson.se\/2019\/06\/P1140546-2000x1333-1024x682.jpg 1024w, https:\/\/media1.jensgustafsson.se\/2019\/06\/P1140546-2000x1333-300x200.jpg 300w, https:\/\/media1.jensgustafsson.se\/2019\/06\/P1140546-2000x1333-768x512.jpg 768w, https:\/\/media1.jensgustafsson.se\/2019\/06\/P1140546-2000x1333-450x300.jpg 450w, https:\/\/media1.jensgustafsson.se\/2019\/06\/P1140546-2000x1333.jpg 2000w\" sizes=\"auto, (max-width: 1024px) 100vw, 1024px\" \/><figcaption><strong><em>4 maj, kraftigt sn\u00f6fall p\u00e5 morgonen.<\/em><\/strong><\/figcaption><\/figure>\n\n\n\n<figure class=\"wp-block-image\"><img loading=\"lazy\" decoding=\"async\" width=\"1024\" height=\"683\" src=\"http:\/\/media1.jensgustafsson.se\/2019\/06\/DSC_0076-1024x683.jpg\" alt=\"\" class=\"wp-image-12705\" srcset=\"https:\/\/media1.jensgustafsson.se\/2019\/06\/DSC_0076-1024x683.jpg 1024w, https:\/\/media1.jensgustafsson.se\/2019\/06\/DSC_0076-300x200.jpg 300w, https:\/\/media1.jensgustafsson.se\/2019\/06\/DSC_0076-768x512.jpg 768w, https:\/\/media1.jensgustafsson.se\/2019\/06\/DSC_0076-450x300.jpg 450w\" sizes=\"auto, (max-width: 1024px) 100vw, 1024px\" \/><figcaption><strong><em>4 maj p\u00e5 eftermiddagen, sn\u00f6 fanns kvar i skuggpartier.<\/em><\/strong><\/figcaption><\/figure>\n\n\n\n<figure class=\"wp-block-image\"><img loading=\"lazy\" decoding=\"async\" width=\"1024\" height=\"530\" src=\"http:\/\/media1.jensgustafsson.se\/2019\/06\/DSC_1706-2000x1036-1024x530.jpg\" alt=\"\" class=\"wp-image-12706\" srcset=\"https:\/\/media1.jensgustafsson.se\/2019\/06\/DSC_1706-2000x1036-1024x530.jpg 1024w, https:\/\/media1.jensgustafsson.se\/2019\/06\/DSC_1706-2000x1036-300x155.jpg 300w, https:\/\/media1.jensgustafsson.se\/2019\/06\/DSC_1706-2000x1036-768x398.jpg 768w, https:\/\/media1.jensgustafsson.se\/2019\/06\/DSC_1706-2000x1036-500x259.jpg 500w, https:\/\/media1.jensgustafsson.se\/2019\/06\/DSC_1706-2000x1036.jpg 2000w\" sizes=\"auto, (max-width: 1024px) 100vw, 1024px\" \/><figcaption><strong><em>5 maj, p\u00e5 morgonen vid \u00d6vrasj\u00f6n.<\/em><\/strong><\/figcaption><\/figure>\n\n\n\n<figure class=\"wp-block-image\"><img loading=\"lazy\" decoding=\"async\" width=\"1024\" height=\"610\" src=\"http:\/\/media1.jensgustafsson.se\/2019\/06\/DSC_1752-1024x610.jpg\" alt=\"\" class=\"wp-image-12707\" srcset=\"https:\/\/media1.jensgustafsson.se\/2019\/06\/DSC_1752-1024x610.jpg 1024w, https:\/\/media1.jensgustafsson.se\/2019\/06\/DSC_1752-300x179.jpg 300w, https:\/\/media1.jensgustafsson.se\/2019\/06\/DSC_1752-768x457.jpg 768w, https:\/\/media1.jensgustafsson.se\/2019\/06\/DSC_1752-500x298.jpg 500w\" sizes=\"auto, (max-width: 1024px) 100vw, 1024px\" \/><figcaption><strong><em>8 maj p\u00e5 morgonen.<\/em><\/strong><\/figcaption><\/figure>\n\n\n\n<figure class=\"wp-block-image\"><img loading=\"lazy\" decoding=\"async\" width=\"1024\" height=\"683\" src=\"http:\/\/media1.jensgustafsson.se\/2019\/06\/DSC_1852-1024x683.jpg\" alt=\"\" class=\"wp-image-12708\" srcset=\"https:\/\/media1.jensgustafsson.se\/2019\/06\/DSC_1852-1024x683.jpg 1024w, https:\/\/media1.jensgustafsson.se\/2019\/06\/DSC_1852-300x200.jpg 300w, https:\/\/media1.jensgustafsson.se\/2019\/06\/DSC_1852-768x512.jpg 768w, https:\/\/media1.jensgustafsson.se\/2019\/06\/DSC_1852-450x300.jpg 450w\" sizes=\"auto, (max-width: 1024px) 100vw, 1024px\" \/><figcaption><strong><em>11 maj, Em\u00e5n vid kraftverksdammen, Blankan.<\/em><\/strong><\/figcaption><\/figure>\n\n\n\n<figure class=\"wp-block-image\"><img loading=\"lazy\" decoding=\"async\" width=\"1024\" height=\"683\" src=\"http:\/\/media1.jensgustafsson.se\/2019\/06\/P1140608-1024x683.jpg\" alt=\"\" class=\"wp-image-12709\" srcset=\"https:\/\/media1.jensgustafsson.se\/2019\/06\/P1140608-1024x683.jpg 1024w, https:\/\/media1.jensgustafsson.se\/2019\/06\/P1140608-300x200.jpg 300w, https:\/\/media1.jensgustafsson.se\/2019\/06\/P1140608-768x512.jpg 768w, https:\/\/media1.jensgustafsson.se\/2019\/06\/P1140608-450x300.jpg 450w\" sizes=\"auto, (max-width: 1024px) 100vw, 1024px\" \/><figcaption><strong><em>12 maj, liljekonvaljerna blommar.<\/em><\/strong><\/figcaption><\/figure>\n\n\n\n<figure class=\"wp-block-image\"><img loading=\"lazy\" decoding=\"async\" width=\"1024\" height=\"683\" src=\"http:\/\/media1.jensgustafsson.se\/2019\/06\/DSC_1975-1024x683.jpg\" alt=\"\" class=\"wp-image-12710\" srcset=\"https:\/\/media1.jensgustafsson.se\/2019\/06\/DSC_1975-1024x683.jpg 1024w, https:\/\/media1.jensgustafsson.se\/2019\/06\/DSC_1975-300x200.jpg 300w, https:\/\/media1.jensgustafsson.se\/2019\/06\/DSC_1975-768x512.jpg 768w, https:\/\/media1.jensgustafsson.se\/2019\/06\/DSC_1975-450x300.jpg 450w\" sizes=\"auto, (max-width: 1024px) 100vw, 1024px\" \/><figcaption><strong><em>18 maj, styvmorsvioler blommar f\u00f6r fullt.<\/em><\/strong><\/figcaption><\/figure>\n\n\n\n<figure class=\"wp-block-image\"><img loading=\"lazy\" decoding=\"async\" width=\"1024\" height=\"683\" src=\"http:\/\/media1.jensgustafsson.se\/2019\/06\/DSC_2018-1024x683.jpg\" alt=\"\" class=\"wp-image-12711\" srcset=\"https:\/\/media1.jensgustafsson.se\/2019\/06\/DSC_2018-1024x683.jpg 1024w, https:\/\/media1.jensgustafsson.se\/2019\/06\/DSC_2018-300x200.jpg 300w, https:\/\/media1.jensgustafsson.se\/2019\/06\/DSC_2018-768x512.jpg 768w, https:\/\/media1.jensgustafsson.se\/2019\/06\/DSC_2018-450x300.jpg 450w\" sizes=\"auto, (max-width: 1024px) 100vw, 1024px\" \/><figcaption><strong><em>19 maj, maskrosorna i toppform vid H\u00e4radsm\u00e5len.<\/em><\/strong><\/figcaption><\/figure>\n\n\n\n<figure class=\"wp-block-image\"><img loading=\"lazy\" decoding=\"async\" width=\"1024\" height=\"683\" src=\"http:\/\/media1.jensgustafsson.se\/2019\/06\/DSC_2098-1024x683.jpg\" alt=\"\" class=\"wp-image-12712\" srcset=\"https:\/\/media1.jensgustafsson.se\/2019\/06\/DSC_2098-1024x683.jpg 1024w, https:\/\/media1.jensgustafsson.se\/2019\/06\/DSC_2098-300x200.jpg 300w, https:\/\/media1.jensgustafsson.se\/2019\/06\/DSC_2098-768x512.jpg 768w, https:\/\/media1.jensgustafsson.se\/2019\/06\/DSC_2098-450x300.jpg 450w\" sizes=\"auto, (max-width: 1024px) 100vw, 1024px\" \/><figcaption><strong><em>21 maj, hittade en kompis i skogen p\u00e5 morgon. Vi kollade p\u00e5 soluppg\u00e5ngen tillsammans.. \ud83d\ude42 <\/em><\/strong><\/figcaption><\/figure>\n\n\n\n<figure class=\"wp-block-image\"><img loading=\"lazy\" decoding=\"async\" width=\"1024\" height=\"683\" src=\"http:\/\/media1.jensgustafsson.se\/2019\/06\/DSC_2196-1024x683.jpg\" alt=\"\" class=\"wp-image-12713\" srcset=\"https:\/\/media1.jensgustafsson.se\/2019\/06\/DSC_2196-1024x683.jpg 1024w, https:\/\/media1.jensgustafsson.se\/2019\/06\/DSC_2196-300x200.jpg 300w, https:\/\/media1.jensgustafsson.se\/2019\/06\/DSC_2196-768x512.jpg 768w, https:\/\/media1.jensgustafsson.se\/2019\/06\/DSC_2196-450x300.jpg 450w\" sizes=\"auto, (max-width: 1024px) 100vw, 1024px\" \/><figcaption><strong><em>24 maj, &#8221;Sparbankseken&#8221; i Lilla Klobo p\u00e5 morgonen.<\/em><\/strong><\/figcaption><\/figure>\n\n\n\n<figure class=\"wp-block-image\"><img loading=\"lazy\" decoding=\"async\" width=\"1024\" height=\"683\" src=\"http:\/\/media1.jensgustafsson.se\/2019\/06\/DSC_2254-1024x683.jpg\" alt=\"\" class=\"wp-image-12714\" srcset=\"https:\/\/media1.jensgustafsson.se\/2019\/06\/DSC_2254-1024x683.jpg 1024w, https:\/\/media1.jensgustafsson.se\/2019\/06\/DSC_2254-300x200.jpg 300w, https:\/\/media1.jensgustafsson.se\/2019\/06\/DSC_2254-768x512.jpg 768w, https:\/\/media1.jensgustafsson.se\/2019\/06\/DSC_2254-450x300.jpg 450w\" sizes=\"auto, (max-width: 1024px) 100vw, 1024px\" \/><figcaption><strong><em>25 maj, rapsf\u00e4lt ute i Val\u00e5kra.<\/em><\/strong><\/figcaption><\/figure>\n\n\n\n<figure class=\"wp-block-image\"><img loading=\"lazy\" decoding=\"async\" width=\"1024\" height=\"683\" src=\"http:\/\/media1.jensgustafsson.se\/2019\/06\/DSC_2279-1024x683.jpg\" alt=\"\" class=\"wp-image-12715\" srcset=\"https:\/\/media1.jensgustafsson.se\/2019\/06\/DSC_2279-1024x683.jpg 1024w, https:\/\/media1.jensgustafsson.se\/2019\/06\/DSC_2279-300x200.jpg 300w, https:\/\/media1.jensgustafsson.se\/2019\/06\/DSC_2279-768x512.jpg 768w, https:\/\/media1.jensgustafsson.se\/2019\/06\/DSC_2279-450x300.jpg 450w\" sizes=\"auto, (max-width: 1024px) 100vw, 1024px\" \/><figcaption><strong><em>27 maj, kaprifolen blommar.<\/em><\/strong><\/figcaption><\/figure>\n\n\n\n<figure class=\"wp-block-image\"><img loading=\"lazy\" decoding=\"async\" width=\"1024\" height=\"679\" src=\"http:\/\/media1.jensgustafsson.se\/2019\/06\/DSC_2356-1024x679.jpg\" alt=\"\" class=\"wp-image-12716\" srcset=\"https:\/\/media1.jensgustafsson.se\/2019\/06\/DSC_2356-1024x679.jpg 1024w, https:\/\/media1.jensgustafsson.se\/2019\/06\/DSC_2356-300x199.jpg 300w, https:\/\/media1.jensgustafsson.se\/2019\/06\/DSC_2356-768x509.jpg 768w, https:\/\/media1.jensgustafsson.se\/2019\/06\/DSC_2356-453x300.jpg 453w\" sizes=\"auto, (max-width: 1024px) 100vw, 1024px\" \/><figcaption><strong><em>30 maj, p\u00e5 morgonen vid Vecklevad (bron mot \u00d6vrasj\u00f6badet)<\/em><\/strong><\/figcaption><\/figure>\n\n\n\n<figure class=\"wp-block-image\"><img loading=\"lazy\" decoding=\"async\" width=\"1024\" height=\"657\" src=\"http:\/\/media1.jensgustafsson.se\/2019\/06\/DSC_2399-1024x657.jpg\" alt=\"\" class=\"wp-image-12717\" srcset=\"https:\/\/media1.jensgustafsson.se\/2019\/06\/DSC_2399-1024x657.jpg 1024w, https:\/\/media1.jensgustafsson.se\/2019\/06\/DSC_2399-300x193.jpg 300w, https:\/\/media1.jensgustafsson.se\/2019\/06\/DSC_2399-768x493.jpg 768w, https:\/\/media1.jensgustafsson.se\/2019\/06\/DSC_2399-467x300.jpg 467w\" sizes=\"auto, (max-width: 1024px) 100vw, 1024px\" \/><figcaption>31 maj, fr\u00e5n H\u00f6gmosshult ut \u00f6ver Drageryd.<\/figcaption><\/figure>\n\n\n\n<p class=\"has-text-color has-medium-font-size has-blue-color\">Nu g\u00e5r vi in i juni m\u00e5nad med hopp om en blandning av regn och sol i lagom mix, vi beh\u00f6ver det f\u00f6r allas v\u00e4lm\u00e5ende tror jag.<\/p>\n","protected":false},"excerpt":{"rendered":"<p>\u00c5rets majm\u00e5nad blev lite mera normal vad g\u00e4ller b\u00e5de temperatur och nederb\u00f6rd. Man j\u00e4mf\u00f6r ju g\u00e4rna med fjol\u00e5rets, d\u00e5 vi hade en mycket varm och torr m\u00e5nad med en medeltemperatur p\u00e5 ca 5\u00b0 h\u00f6gre v\u00e4rde \u00e4n i \u00e5r. V\u00e4rmen och &hellip; <a href=\"https:\/\/jensgustafsson.se\/?page_id=12685\">Forts\u00e4tt l\u00e4sa <span class=\"meta-nav\">&rarr;<\/span><\/a><\/p>\n","protected":false},"author":1,"featured_media":12548,"parent":11912,"menu_order":5,"comment_status":"open","ping_status":"closed","template":"","meta":{"footnotes":""},"class_list":["post-12685","page","type-page","status-publish","has-post-thumbnail","hentry"],"_links":{"self":[{"href":"https:\/\/jensgustafsson.se\/index.php?rest_route=\/wp\/v2\/pages\/12685","targetHints":{"allow":["GET"]}}],"collection":[{"href":"https:\/\/jensgustafsson.se\/index.php?rest_route=\/wp\/v2\/pages"}],"about":[{"href":"https:\/\/jensgustafsson.se\/index.php?rest_route=\/wp\/v2\/types\/page"}],"author":[{"embeddable":true,"href":"https:\/\/jensgustafsson.se\/index.php?rest_route=\/wp\/v2\/users\/1"}],"replies":[{"embeddable":true,"href":"https:\/\/jensgustafsson.se\/index.php?rest_route=%2Fwp%2Fv2%2Fcomments&post=12685"}],"version-history":[{"count":6,"href":"https:\/\/jensgustafsson.se\/index.php?rest_route=\/wp\/v2\/pages\/12685\/revisions"}],"predecessor-version":[{"id":12718,"href":"https:\/\/jensgustafsson.se\/index.php?rest_route=\/wp\/v2\/pages\/12685\/revisions\/12718"}],"up":[{"embeddable":true,"href":"https:\/\/jensgustafsson.se\/index.php?rest_route=\/wp\/v2\/pages\/11912"}],"wp:featuredmedia":[{"embeddable":true,"href":"https:\/\/jensgustafsson.se\/index.php?rest_route=\/wp\/v2\/media\/12548"}],"wp:attachment":[{"href":"https:\/\/jensgustafsson.se\/index.php?rest_route=%2Fwp%2Fv2%2Fmedia&parent=12685"}],"curies":[{"name":"wp","href":"https:\/\/api.w.org\/{rel}","templated":true}]}}