{"id":13128,"date":"2019-08-01T06:24:11","date_gmt":"2019-08-01T05:24:11","guid":{"rendered":"http:\/\/jensgustafsson.se\/?page_id=13128"},"modified":"2019-08-01T06:24:11","modified_gmt":"2019-08-01T05:24:11","slug":"juli-2019","status":"publish","type":"page","link":"https:\/\/jensgustafsson.se\/?page_id=13128","title":{"rendered":"Juli 2019."},"content":{"rendered":"\n<p class=\"has-text-color has-medium-font-size has-blue-color\">\u00c5rets julim\u00e5nad blev lite mera av en vad man kan kalla normal j\u00e4mf\u00f6rt med hur juli brukar vara h\u00e4r i F\u00e5gelfors, Sm\u00e5land. Fjol\u00e5rets juli var ju extrem \u00e5t alla h\u00e5ll och kanter, och vi f\u00e5r v\u00e4l hoppas att det var ett undantag. Vad g\u00e4ller temperaturm\u00e4ssigt, s\u00e5 var inledningen av m\u00e5naden lite svalare, och vi hade ingen dag med h\u00f6gsommarv\u00e4rme ( \u00f6ver 25\u00b0 i maxtemp.) f\u00f6rr\u00e4n den 11:e juli. Andra delen av m\u00e5nade steg temperaturen efterhand, och vi hade rej\u00e4lt varmt mot slutet av m\u00e5naden, som avslutades med ett stort temperaturfall den 30:e, d\u00e5 skillnaden mot dagen innan var 15\u00b0 l\u00e4gre maxtemperatur. Vi hade totalt 12 dagar med h\u00f6gsommarv\u00e4rme, kan ju inflika att vi hade 28 dagar med h\u00f6gsommarv\u00e4rme i fjol. Vi har haft 13 dagar med maxtemperatur mellan 20 och 24,9\u00b0, allts\u00e5 bara 6 dagar med maxtemp. under 20\u00b0, s\u00e5 det har v\u00e4l varit klart godk\u00e4nd v\u00e4rme med mina v\u00e4rderingar. Nedan kommer tv\u00e5 diagram som visar den dagliga medeltemperaturen, och den dagliga min.-och maxtemperaturen.<\/p>\n\n\n\n<figure class=\"wp-block-image\"><img loading=\"lazy\" decoding=\"async\" width=\"682\" height=\"324\" src=\"http:\/\/media1.jensgustafsson.se\/2019\/08\/image-2.png\" alt=\"\" class=\"wp-image-13129\" srcset=\"https:\/\/media1.jensgustafsson.se\/2019\/08\/image-2.png 682w, https:\/\/media1.jensgustafsson.se\/2019\/08\/image-2-300x143.png 300w, https:\/\/media1.jensgustafsson.se\/2019\/08\/image-2-500x238.png 500w\" sizes=\"auto, (max-width: 682px) 100vw, 682px\" \/><\/figure>\n\n\n\n<figure class=\"wp-block-image\"><img loading=\"lazy\" decoding=\"async\" width=\"685\" height=\"341\" src=\"http:\/\/media1.jensgustafsson.se\/2019\/08\/image-3.png\" alt=\"\" class=\"wp-image-13130\" srcset=\"https:\/\/media1.jensgustafsson.se\/2019\/08\/image-3.png 685w, https:\/\/media1.jensgustafsson.se\/2019\/08\/image-3-300x149.png 300w, https:\/\/media1.jensgustafsson.se\/2019\/08\/image-3-500x249.png 500w\" sizes=\"auto, (max-width: 685px) 100vw, 685px\" \/><\/figure>\n\n\n\n<p class=\"has-text-color has-medium-font-size has-blue-color\">Regn har det kommit en del, 69 mm har registrerats f\u00f6rdelat p\u00e5 16 dagar. \u00c5ska har f\u00f6rekommit vid 5 tillf\u00e4llen, och som det f\u00f6r det mesta har varit p\u00e5 senare tider, inte n\u00e4ra F\u00e5gelfors, har g\u00e5tt i kanterna runtomkring. Diagrammet nedan visar f\u00f6rdelningen av regnet under m\u00e5nadens dagar.<\/p>\n\n\n\n<figure class=\"wp-block-image\"><img loading=\"lazy\" decoding=\"async\" width=\"664\" height=\"362\" src=\"http:\/\/media1.jensgustafsson.se\/2019\/08\/image-4.png\" alt=\"\" class=\"wp-image-13131\" srcset=\"https:\/\/media1.jensgustafsson.se\/2019\/08\/image-4.png 664w, https:\/\/media1.jensgustafsson.se\/2019\/08\/image-4-300x164.png 300w, https:\/\/media1.jensgustafsson.se\/2019\/08\/image-4-500x273.png 500w\" sizes=\"auto, (max-width: 664px) 100vw, 664px\" \/><\/figure>\n\n\n\n<p class=\"has-text-color has-medium-font-size has-blue-color\">Vindriktningen under m\u00e5nade visar jag i diagrammet nedan, lite dominerande nordv\u00e4stvindar kan man se.<\/p>\n\n\n\n<figure class=\"wp-block-image\"><img loading=\"lazy\" decoding=\"async\" width=\"658\" height=\"333\" src=\"http:\/\/media1.jensgustafsson.se\/2019\/08\/image-5.png\" alt=\"\" class=\"wp-image-13132\" srcset=\"https:\/\/media1.jensgustafsson.se\/2019\/08\/image-5.png 658w, https:\/\/media1.jensgustafsson.se\/2019\/08\/image-5-300x152.png 300w, https:\/\/media1.jensgustafsson.se\/2019\/08\/image-5-500x253.png 500w\" sizes=\"auto, (max-width: 658px) 100vw, 658px\" \/><\/figure>\n\n\n\n<p class=\"has-text-color has-medium-font-size has-blue-color\">S\u00e5 kommer sammanfattningen i siffror fr\u00e5n min v\u00e4derstation, WS-2308, som jobbar med tv\u00e5 program, Heavy Wheather f\u00f6r loggningen, och Cumulus som ocks\u00e5 loggar, och omvandlar med hj\u00e4lp av mig till \u00f6versk\u00e5dliga fakta p\u00e5 min v\u00e4dersida p\u00e5 webben. <\/p>\n\n\n\n<p class=\"has-text-color has-medium-font-size has-blue-color\">Summary for juli 2019<\/p>\n\n\n\n<p class=\"has-text-color has-medium-font-size has-blue-color\">Temperature (\u00b0C):<br \/>\nMean (min+max)   17,8<br \/>\nMean Minimum     11,9<br \/>\nMean Maximum     23,4<br \/>\nMinimum          7,4 day 31<br \/>\nMaximum          30,6 day 29<br \/>\nHighest Minimum  18,8 day 28<br \/>\nLowest Maximum   15,9 day 09<br \/>\nAir frosts       0<\/p>\n\n\n\n<p class=\"has-text-color has-medium-font-size has-blue-color\">Rainfall (mm):<br \/>\nTotal for month  69<br \/>\nWettest day      16,1 day 21<br \/>\nRain days        16<br \/>\nDry days         15<\/p>\n\n\n\n<p class=\"has-text-color has-medium-font-size has-blue-color\">Wind (m\/s):<br \/>\nHighest Gust     13,1 day 01<\/p>\n\n\n\n<p class=\"has-text-color has-medium-font-size has-blue-color\">Pressure (hPa):<br \/> Maximum          1007,5 day 25<br \/> Minimum          991,2 day 07<\/p>\n\n\n\n<p class=\"has-text-color has-medium-font-size has-blue-color\"> H\u00e4r kommer n\u00e5gra foton, natur-och v\u00e4derrelaterade. som fastnat i mina kameror under m\u00e5naden: <\/p>\n\n\n\n<figure class=\"wp-block-image\"><img loading=\"lazy\" decoding=\"async\" width=\"1024\" height=\"683\" src=\"http:\/\/media1.jensgustafsson.se\/2019\/08\/DSC_3571-1024x683.jpg\" alt=\"\" class=\"wp-image-13135\" srcset=\"https:\/\/media1.jensgustafsson.se\/2019\/08\/DSC_3571-1024x683.jpg 1024w, https:\/\/media1.jensgustafsson.se\/2019\/08\/DSC_3571-300x200.jpg 300w, https:\/\/media1.jensgustafsson.se\/2019\/08\/DSC_3571-768x512.jpg 768w, https:\/\/media1.jensgustafsson.se\/2019\/08\/DSC_3571-450x300.jpg 450w\" sizes=\"auto, (max-width: 1024px) 100vw, 1024px\" \/><figcaption><strong><em>2 juli, vattenfl\u00f6det i N\u00f6t\u00e5n vid kraftstationen i Blankan var inte s\u00e5 speciellt mycket.<\/em><\/strong><\/figcaption><\/figure>\n\n\n\n<figure class=\"wp-block-image\"><img loading=\"lazy\" decoding=\"async\" width=\"1024\" height=\"683\" src=\"http:\/\/media1.jensgustafsson.se\/2019\/08\/DSC_3604-1024x683.jpg\" alt=\"\" class=\"wp-image-13136\" srcset=\"https:\/\/media1.jensgustafsson.se\/2019\/08\/DSC_3604-1024x683.jpg 1024w, https:\/\/media1.jensgustafsson.se\/2019\/08\/DSC_3604-300x200.jpg 300w, https:\/\/media1.jensgustafsson.se\/2019\/08\/DSC_3604-768x512.jpg 768w, https:\/\/media1.jensgustafsson.se\/2019\/08\/DSC_3604-450x300.jpg 450w\" sizes=\"auto, (max-width: 1024px) 100vw, 1024px\" \/><figcaption><strong><em>3:e juli vid Vecklevad, jag st\u00e5r mitt ute i \u00e5f\u00e5ran i l\u00e5gskor och tar detta foto.<\/em><\/strong><\/figcaption><\/figure>\n\n\n\n<figure class=\"wp-block-image\"><img loading=\"lazy\" decoding=\"async\" width=\"1024\" height=\"683\" src=\"http:\/\/media1.jensgustafsson.se\/2019\/08\/DSC_3699-1024x683.jpg\" alt=\"\" class=\"wp-image-13137\" srcset=\"https:\/\/media1.jensgustafsson.se\/2019\/08\/DSC_3699-1024x683.jpg 1024w, https:\/\/media1.jensgustafsson.se\/2019\/08\/DSC_3699-300x200.jpg 300w, https:\/\/media1.jensgustafsson.se\/2019\/08\/DSC_3699-768x512.jpg 768w, https:\/\/media1.jensgustafsson.se\/2019\/08\/DSC_3699-450x300.jpg 450w\" sizes=\"auto, (max-width: 1024px) 100vw, 1024px\" \/><figcaption><strong><em>5:e juli, m\u00e5nga fj\u00e4rilsbilder har det blivit denna m\u00e5nad, h\u00e4r en bl\u00e5vinge.<\/em><\/strong><\/figcaption><\/figure>\n\n\n\n<figure class=\"wp-block-image\"><img loading=\"lazy\" decoding=\"async\" width=\"1024\" height=\"683\" src=\"http:\/\/media1.jensgustafsson.se\/2019\/08\/DSC_3723-1024x683.jpg\" alt=\"\" class=\"wp-image-13138\" srcset=\"https:\/\/media1.jensgustafsson.se\/2019\/08\/DSC_3723-1024x683.jpg 1024w, https:\/\/media1.jensgustafsson.se\/2019\/08\/DSC_3723-300x200.jpg 300w, https:\/\/media1.jensgustafsson.se\/2019\/08\/DSC_3723-768x512.jpg 768w, https:\/\/media1.jensgustafsson.se\/2019\/08\/DSC_3723-450x300.jpg 450w\" sizes=\"auto, (max-width: 1024px) 100vw, 1024px\" \/><figcaption><strong><em>5:e juli, ute i Drageryd.<\/em><\/strong><\/figcaption><\/figure>\n\n\n\n<figure class=\"wp-block-image\"><img loading=\"lazy\" decoding=\"async\" width=\"1024\" height=\"682\" src=\"http:\/\/media1.jensgustafsson.se\/2019\/08\/DSC_3785-2000x1333-1024x682.jpg\" alt=\"\" class=\"wp-image-13139\" srcset=\"https:\/\/media1.jensgustafsson.se\/2019\/08\/DSC_3785-2000x1333-1024x682.jpg 1024w, https:\/\/media1.jensgustafsson.se\/2019\/08\/DSC_3785-2000x1333-300x200.jpg 300w, https:\/\/media1.jensgustafsson.se\/2019\/08\/DSC_3785-2000x1333-768x512.jpg 768w, https:\/\/media1.jensgustafsson.se\/2019\/08\/DSC_3785-2000x1333-450x300.jpg 450w, https:\/\/media1.jensgustafsson.se\/2019\/08\/DSC_3785-2000x1333.jpg 2000w\" sizes=\"auto, (max-width: 1024px) 100vw, 1024px\" \/><figcaption><strong><em>8:e juli vid Emmarsg\u00f6l.<\/em><\/strong><\/figcaption><\/figure>\n\n\n\n<figure class=\"wp-block-image\"><img loading=\"lazy\" decoding=\"async\" width=\"1024\" height=\"902\" src=\"http:\/\/media1.jensgustafsson.se\/2019\/08\/DSC_3925-1024x902.jpg\" alt=\"\" class=\"wp-image-13140\" srcset=\"https:\/\/media1.jensgustafsson.se\/2019\/08\/DSC_3925-1024x902.jpg 1024w, https:\/\/media1.jensgustafsson.se\/2019\/08\/DSC_3925-300x264.jpg 300w, https:\/\/media1.jensgustafsson.se\/2019\/08\/DSC_3925-768x676.jpg 768w, https:\/\/media1.jensgustafsson.se\/2019\/08\/DSC_3925-341x300.jpg 341w\" sizes=\"auto, (max-width: 1024px) 100vw, 1024px\" \/><figcaption><strong><em>10:e juli hittade jag detta m\u00e4sterverk.<\/em><\/strong><\/figcaption><\/figure>\n\n\n\n<figure class=\"wp-block-image\"><img loading=\"lazy\" decoding=\"async\" width=\"1024\" height=\"683\" src=\"http:\/\/media1.jensgustafsson.se\/2019\/08\/DSC_4015-1024x683.jpg\" alt=\"\" class=\"wp-image-13141\" srcset=\"https:\/\/media1.jensgustafsson.se\/2019\/08\/DSC_4015-1024x683.jpg 1024w, https:\/\/media1.jensgustafsson.se\/2019\/08\/DSC_4015-300x200.jpg 300w, https:\/\/media1.jensgustafsson.se\/2019\/08\/DSC_4015-768x512.jpg 768w, https:\/\/media1.jensgustafsson.se\/2019\/08\/DSC_4015-450x300.jpg 450w\" sizes=\"auto, (max-width: 1024px) 100vw, 1024px\" \/><figcaption><strong><em>12:e juli, \u00e5ska p\u00e5 g\u00e5ng, Em\u00e5n, Blankan.<\/em><\/strong><\/figcaption><\/figure>\n\n\n\n<figure class=\"wp-block-image\"><img loading=\"lazy\" decoding=\"async\" width=\"1024\" height=\"667\" src=\"http:\/\/media1.jensgustafsson.se\/2019\/08\/DSC_4088-1024x667.jpg\" alt=\"\" class=\"wp-image-13142\" srcset=\"https:\/\/media1.jensgustafsson.se\/2019\/08\/DSC_4088-1024x667.jpg 1024w, https:\/\/media1.jensgustafsson.se\/2019\/08\/DSC_4088-300x195.jpg 300w, https:\/\/media1.jensgustafsson.se\/2019\/08\/DSC_4088-768x500.jpg 768w, https:\/\/media1.jensgustafsson.se\/2019\/08\/DSC_4088-461x300.jpg 461w\" sizes=\"auto, (max-width: 1024px) 100vw, 1024px\" \/><figcaption><strong><em>14:e juli, p\u00e5 morgonen vid Klobosj\u00f6n.<\/em><\/strong><\/figcaption><\/figure>\n\n\n\n<figure class=\"wp-block-image\"><img loading=\"lazy\" decoding=\"async\" width=\"1024\" height=\"683\" src=\"http:\/\/media1.jensgustafsson.se\/2019\/08\/DSC_4153-1024x683.jpg\" alt=\"\" class=\"wp-image-13143\" srcset=\"https:\/\/media1.jensgustafsson.se\/2019\/08\/DSC_4153-1024x683.jpg 1024w, https:\/\/media1.jensgustafsson.se\/2019\/08\/DSC_4153-300x200.jpg 300w, https:\/\/media1.jensgustafsson.se\/2019\/08\/DSC_4153-768x512.jpg 768w, https:\/\/media1.jensgustafsson.se\/2019\/08\/DSC_4153-450x300.jpg 450w\" sizes=\"auto, (max-width: 1024px) 100vw, 1024px\" \/><figcaption><strong><em>15:e juli, N\u00f6t\u00e5n vid N\u00f6tebro.<\/em><\/strong><\/figcaption><\/figure>\n\n\n\n<figure class=\"wp-block-image\"><img loading=\"lazy\" decoding=\"async\" width=\"1024\" height=\"545\" src=\"http:\/\/media1.jensgustafsson.se\/2019\/08\/DSC_4177-2000x1322-1024x545.jpg\" alt=\"\" class=\"wp-image-13144\" srcset=\"https:\/\/media1.jensgustafsson.se\/2019\/08\/DSC_4177-2000x1322-1024x545.jpg 1024w, https:\/\/media1.jensgustafsson.se\/2019\/08\/DSC_4177-2000x1322-300x160.jpg 300w, https:\/\/media1.jensgustafsson.se\/2019\/08\/DSC_4177-2000x1322-768x409.jpg 768w, https:\/\/media1.jensgustafsson.se\/2019\/08\/DSC_4177-2000x1322-500x266.jpg 500w, https:\/\/media1.jensgustafsson.se\/2019\/08\/DSC_4177-2000x1322.jpg 2000w\" sizes=\"auto, (max-width: 1024px) 100vw, 1024px\" \/><figcaption><strong><em>17:e juli vid Sarveg\u00f6l.<\/em><\/strong><\/figcaption><\/figure>\n\n\n\n<figure class=\"wp-block-image\"><img loading=\"lazy\" decoding=\"async\" width=\"1024\" height=\"683\" src=\"http:\/\/media1.jensgustafsson.se\/2019\/08\/DSC_4373-1024x683.jpg\" alt=\"\" class=\"wp-image-13145\" srcset=\"https:\/\/media1.jensgustafsson.se\/2019\/08\/DSC_4373-1024x683.jpg 1024w, https:\/\/media1.jensgustafsson.se\/2019\/08\/DSC_4373-300x200.jpg 300w, https:\/\/media1.jensgustafsson.se\/2019\/08\/DSC_4373-768x512.jpg 768w, https:\/\/media1.jensgustafsson.se\/2019\/08\/DSC_4373-450x300.jpg 450w\" sizes=\"auto, (max-width: 1024px) 100vw, 1024px\" \/><figcaption><strong><em>20:e juli, Bruksdammen, N\u00f6t\u00e5n.<\/em><\/strong><\/figcaption><\/figure>\n\n\n\n<figure class=\"wp-block-image\"><img loading=\"lazy\" decoding=\"async\" width=\"1024\" height=\"683\" src=\"http:\/\/media1.jensgustafsson.se\/2019\/08\/DSC_4417-1024x683.jpg\" alt=\"\" class=\"wp-image-13146\" srcset=\"https:\/\/media1.jensgustafsson.se\/2019\/08\/DSC_4417-1024x683.jpg 1024w, https:\/\/media1.jensgustafsson.se\/2019\/08\/DSC_4417-300x200.jpg 300w, https:\/\/media1.jensgustafsson.se\/2019\/08\/DSC_4417-768x512.jpg 768w, https:\/\/media1.jensgustafsson.se\/2019\/08\/DSC_4417-450x300.jpg 450w\" sizes=\"auto, (max-width: 1024px) 100vw, 1024px\" \/><figcaption><strong><em>21:e juli, skogsv\u00e4g Kisebast<\/em><\/strong><\/figcaption><\/figure>\n\n\n\n<figure class=\"wp-block-image\"><img loading=\"lazy\" decoding=\"async\" width=\"1024\" height=\"729\" src=\"http:\/\/media1.jensgustafsson.se\/2019\/08\/DSC_4569-1024x729.jpg\" alt=\"\" class=\"wp-image-13147\" srcset=\"https:\/\/media1.jensgustafsson.se\/2019\/08\/DSC_4569-1024x729.jpg 1024w, https:\/\/media1.jensgustafsson.se\/2019\/08\/DSC_4569-300x213.jpg 300w, https:\/\/media1.jensgustafsson.se\/2019\/08\/DSC_4569-768x546.jpg 768w, https:\/\/media1.jensgustafsson.se\/2019\/08\/DSC_4569-422x300.jpg 422w\" sizes=\"auto, (max-width: 1024px) 100vw, 1024px\" \/><figcaption><strong><em>23:e juli, vid dammen i Blankan.<\/em><\/strong><\/figcaption><\/figure>\n\n\n\n<figure class=\"wp-block-image\"><img loading=\"lazy\" decoding=\"async\" width=\"1024\" height=\"683\" src=\"http:\/\/media1.jensgustafsson.se\/2019\/08\/DSC_4629-1024x683.jpg\" alt=\"\" class=\"wp-image-13148\" srcset=\"https:\/\/media1.jensgustafsson.se\/2019\/08\/DSC_4629-1024x683.jpg 1024w, https:\/\/media1.jensgustafsson.se\/2019\/08\/DSC_4629-300x200.jpg 300w, https:\/\/media1.jensgustafsson.se\/2019\/08\/DSC_4629-768x512.jpg 768w, https:\/\/media1.jensgustafsson.se\/2019\/08\/DSC_4629-450x300.jpg 450w\" sizes=\"auto, (max-width: 1024px) 100vw, 1024px\" \/><figcaption><strong><em>25:e juli, M\u00f6rtsj\u00f6n, Tr\u00e5nshult<\/em><\/strong><\/figcaption><\/figure>\n\n\n\n<figure class=\"wp-block-image\"><img loading=\"lazy\" decoding=\"async\" width=\"1024\" height=\"683\" src=\"http:\/\/media1.jensgustafsson.se\/2019\/08\/DSC_5145-1024x683.jpg\" alt=\"\" class=\"wp-image-13149\" srcset=\"https:\/\/media1.jensgustafsson.se\/2019\/08\/DSC_5145-1024x683.jpg 1024w, https:\/\/media1.jensgustafsson.se\/2019\/08\/DSC_5145-300x200.jpg 300w, https:\/\/media1.jensgustafsson.se\/2019\/08\/DSC_5145-768x512.jpg 768w, https:\/\/media1.jensgustafsson.se\/2019\/08\/DSC_5145-450x300.jpg 450w\" sizes=\"auto, (max-width: 1024px) 100vw, 1024px\" \/><figcaption><strong><em>31:e juli, &#8221;vitklockorna&#8221; har kommit nu.<\/em><\/strong><\/figcaption><\/figure>\n","protected":false},"excerpt":{"rendered":"<p>\u00c5rets julim\u00e5nad blev lite mera av en vad man kan kalla normal j\u00e4mf\u00f6rt med hur juli brukar vara h\u00e4r i F\u00e5gelfors, Sm\u00e5land. Fjol\u00e5rets juli var ju extrem \u00e5t alla h\u00e5ll och kanter, och vi f\u00e5r v\u00e4l hoppas att det var &hellip; <a href=\"https:\/\/jensgustafsson.se\/?page_id=13128\">Forts\u00e4tt l\u00e4sa <span class=\"meta-nav\">&rarr;<\/span><\/a><\/p>\n","protected":false},"author":1,"featured_media":0,"parent":11912,"menu_order":7,"comment_status":"closed","ping_status":"closed","template":"","meta":{"footnotes":""},"class_list":["post-13128","page","type-page","status-publish","hentry"],"_links":{"self":[{"href":"https:\/\/jensgustafsson.se\/index.php?rest_route=\/wp\/v2\/pages\/13128","targetHints":{"allow":["GET"]}}],"collection":[{"href":"https:\/\/jensgustafsson.se\/index.php?rest_route=\/wp\/v2\/pages"}],"about":[{"href":"https:\/\/jensgustafsson.se\/index.php?rest_route=\/wp\/v2\/types\/page"}],"author":[{"embeddable":true,"href":"https:\/\/jensgustafsson.se\/index.php?rest_route=\/wp\/v2\/users\/1"}],"replies":[{"embeddable":true,"href":"https:\/\/jensgustafsson.se\/index.php?rest_route=%2Fwp%2Fv2%2Fcomments&post=13128"}],"version-history":[{"count":3,"href":"https:\/\/jensgustafsson.se\/index.php?rest_route=\/wp\/v2\/pages\/13128\/revisions"}],"predecessor-version":[{"id":13150,"href":"https:\/\/jensgustafsson.se\/index.php?rest_route=\/wp\/v2\/pages\/13128\/revisions\/13150"}],"up":[{"embeddable":true,"href":"https:\/\/jensgustafsson.se\/index.php?rest_route=\/wp\/v2\/pages\/11912"}],"wp:attachment":[{"href":"https:\/\/jensgustafsson.se\/index.php?rest_route=%2Fwp%2Fv2%2Fmedia&parent=13128"}],"curies":[{"name":"wp","href":"https:\/\/api.w.org\/{rel}","templated":true}]}}