{"id":13515,"date":"2019-09-01T06:18:31","date_gmt":"2019-09-01T05:18:31","guid":{"rendered":"http:\/\/jensgustafsson.se\/?page_id=13515"},"modified":"2019-09-01T06:18:31","modified_gmt":"2019-09-01T05:18:31","slug":"augusti-2019","status":"publish","type":"page","link":"https:\/\/jensgustafsson.se\/?page_id=13515","title":{"rendered":"Augusti 2019."},"content":{"rendered":"\n<p class=\"has-text-color has-medium-font-size has-blue-color\"><em>Bra eller d\u00e5ligt v\u00e4der finns det ju lika m\u00e5nga \u00e5sikter om som det finns m\u00e4nniskor, beroende p\u00e5 hur man ser p\u00e5 det och i vilken situation man \u00e4r. Man l\u00e4ser ofta i media om att det \u00e4r och har varit en kall, regnig sommar, och s\u00e5 kan det ju ocks\u00e5 vara p\u00e5 sina st\u00e4llen i v\u00e5rt avl\u00e5nga land, men vad det g\u00e4ller v\u00e5ra trakter, allts\u00e5 F\u00e5gelfors d\u00e4r min privata v\u00e4derstation f\u00e5ngar upp info 24 timmar per dygn, s\u00e5 har vi med mina \u00f6gon och mina parametrar haft  mycket bra sommarv\u00e4der. <\/em><\/p>\n\n\n\n<p class=\"has-text-color has-medium-font-size has-blue-color\"><em>D\u00e5 ska jag med hj\u00e4lp av diagram,bilder, siffror och lite text sammanfatta augustim\u00e5nadens v\u00e4der h\u00e4r i F\u00e5gelfors. I diagrammet nedan, s\u00e5 visar jag temperaturens sv\u00e4ngningar under m\u00e5naden, min-max-och medeltemperaturen dag f\u00f6r dag. Det vi ser d\u00e4r \u00e4r att m\u00e5naden inleddes med den enda dagen under m\u00e5naden som maxtemperaturen var under 20\u00b0, 19\u00b0 var maxtempen den 1:a augusti. D\u00e4refter blev det lite h\u00f6gre dagstemperaturer, undantaget en svacka mitt i m\u00e5naden, och en mycket varm avslutning.<\/em><\/p>\n\n\n\n<figure class=\"wp-block-image\"><img loading=\"lazy\" decoding=\"async\" width=\"593\" height=\"323\" src=\"http:\/\/media1.jensgustafsson.se\/2019\/09\/image-1.png\" alt=\"\" class=\"wp-image-13517\" srcset=\"https:\/\/media1.jensgustafsson.se\/2019\/09\/image-1.png 593w, https:\/\/media1.jensgustafsson.se\/2019\/09\/image-1-300x163.png 300w, https:\/\/media1.jensgustafsson.se\/2019\/09\/image-1-500x272.png 500w\" sizes=\"auto, (max-width: 593px) 100vw, 593px\" \/><\/figure>\n\n\n\n<p class=\"has-text-color has-medium-font-size has-blue-color\"><em>Diagrammet nedan visar medeltemperaturen f\u00f6r augusti under \u00e5ren 2013-2019, och som synes blev den i \u00e5r 17,9\u00b0, allts\u00e5 en varm augustim\u00e5nad. F\u00f6rra \u00e5rets augusti var det ju extremt varmt  som vi minns, och ser h\u00e4r.<\/em><\/p>\n\n\n\n<figure class=\"wp-block-image\"><img loading=\"lazy\" decoding=\"async\" width=\"690\" height=\"345\" src=\"http:\/\/media1.jensgustafsson.se\/2019\/09\/image-2.png\" alt=\"\" class=\"wp-image-13518\" srcset=\"https:\/\/media1.jensgustafsson.se\/2019\/09\/image-2.png 690w, https:\/\/media1.jensgustafsson.se\/2019\/09\/image-2-300x150.png 300w, https:\/\/media1.jensgustafsson.se\/2019\/09\/image-2-500x250.png 500w\" sizes=\"auto, (max-width: 690px) 100vw, 690px\" \/><\/figure>\n\n\n\n<p class=\"has-text-color has-medium-font-size has-blue-color\"><em>Diagrammet nedan visar info om antal \u00e5skdagar, h\u00f6gsommardagar (maxtemp \u00f6ver 25\u00b0) m.m. under m\u00e5naden.<\/em><\/p>\n\n\n\n<figure class=\"wp-block-image\"><img loading=\"lazy\" decoding=\"async\" width=\"654\" height=\"380\" src=\"http:\/\/media1.jensgustafsson.se\/2019\/09\/image-3.png\" alt=\"\" class=\"wp-image-13519\" srcset=\"https:\/\/media1.jensgustafsson.se\/2019\/09\/image-3.png 654w, https:\/\/media1.jensgustafsson.se\/2019\/09\/image-3-300x174.png 300w, https:\/\/media1.jensgustafsson.se\/2019\/09\/image-3-500x291.png 500w\" sizes=\"auto, (max-width: 654px) 100vw, 654px\" \/><\/figure>\n\n\n\n<p class=\"has-text-color has-medium-font-size has-blue-color\"><em>Regn har vi f\u00e5tt 65 mm under m\u00e5naden. Det som man v\u00e4l gl\u00f6mt \u00e4r att vi fick mera regn i fjol denna m\u00e5nad, visar det i diagrammet nedan.<\/em><\/p>\n\n\n\n<figure class=\"wp-block-image\"><img loading=\"lazy\" decoding=\"async\" width=\"694\" height=\"351\" src=\"http:\/\/media1.jensgustafsson.se\/2019\/09\/image-4.png\" alt=\"\" class=\"wp-image-13520\" srcset=\"https:\/\/media1.jensgustafsson.se\/2019\/09\/image-4.png 694w, https:\/\/media1.jensgustafsson.se\/2019\/09\/image-4-300x152.png 300w, https:\/\/media1.jensgustafsson.se\/2019\/09\/image-4-500x253.png 500w\" sizes=\"auto, (max-width: 694px) 100vw, 694px\" \/><\/figure>\n\n\n\n<p class=\"has-text-color has-medium-font-size has-blue-color\"><em>Regnets f\u00f6rdelning \u00f6ver m\u00e5naden visas i diagrammet nedan.<\/em><\/p>\n\n\n\n<figure class=\"wp-block-image\"><img loading=\"lazy\" decoding=\"async\" width=\"664\" height=\"386\" src=\"http:\/\/media1.jensgustafsson.se\/2019\/09\/image-7.png\" alt=\"\" class=\"wp-image-13524\" srcset=\"https:\/\/media1.jensgustafsson.se\/2019\/09\/image-7.png 664w, https:\/\/media1.jensgustafsson.se\/2019\/09\/image-7-300x174.png 300w, https:\/\/media1.jensgustafsson.se\/2019\/09\/image-7-500x291.png 500w\" sizes=\"auto, (max-width: 664px) 100vw, 664px\" \/><\/figure>\n\n\n\n<p class=\"has-text-color has-medium-font-size has-blue-color\"><em>S\u00e5 ett diagram \u00f6ver vindriktningen under m\u00e5naden.<\/em><\/p>\n\n\n\n<figure class=\"wp-block-image\"><img loading=\"lazy\" decoding=\"async\" width=\"669\" height=\"322\" src=\"http:\/\/media1.jensgustafsson.se\/2019\/09\/image-8.png\" alt=\"\" class=\"wp-image-13525\" srcset=\"https:\/\/media1.jensgustafsson.se\/2019\/09\/image-8.png 669w, https:\/\/media1.jensgustafsson.se\/2019\/09\/image-8-300x144.png 300w, https:\/\/media1.jensgustafsson.se\/2019\/09\/image-8-500x241.png 500w\" sizes=\"auto, (max-width: 669px) 100vw, 669px\" \/><\/figure>\n\n\n\n<p class=\"has-text-color has-medium-font-size has-blue-color\"><em>S\u00e5 kommer sammanfattningen i siffror fr\u00e5n min v\u00e4derstation, WS-2308, som jobbar med tv\u00e5 program, Heavy Wheather f\u00f6r loggningen, och Cumulus som ocks\u00e5 loggar, och omvandlar med hj\u00e4lp av mig till \u00f6versk\u00e5dliga fakta p\u00e5 min v\u00e4dersida p\u00e5 webben.<\/em><\/p>\n\n\n\n<p class=\"has-text-color has-medium-font-size has-blue-color\"><strong><em>Summary for augusti 2019<\/em><\/strong><\/p>\n\n\n\n<p class=\"has-text-color has-medium-font-size has-blue-color\"><em>Temperature (\u00b0C):<br \/> Mean (min+max)   17,9<br \/> Mean Minimum     12,1<br \/> Mean Maximum     23,5<br \/> Minimum          7,1 day 22<br \/> Maximum          28,8 day 27<br \/> Highest Minimum  15,8 day 29<br \/> Lowest Maximum   18,8 day 10<br \/> Air frosts       0<\/em><\/p>\n\n\n\n<p class=\"has-text-color has-medium-font-size has-blue-color\"><em>Rainfall (mm):<br \/> Total for month  65<br \/> Wettest day      14,2 day 18<br \/> High rain rate   30,0 day 20<br \/> Rain days        14<br \/> Dry days         17<\/em><\/p>\n\n\n\n<p class=\"has-text-color has-medium-font-size has-blue-color\"><em>Wind (m\/s):<br \/> Highest Gust     10 day 11,14<\/em><\/p>\n\n\n\n<p class=\"has-text-color has-medium-font-size has-blue-color\"><em>Pressure (hPa):<br \/> Maximum          1013,4 day 22,25<br \/> Minimum          989 day 7<\/em><\/p>\n\n\n\n<p class=\"has-text-color has-medium-font-size has-blue-color\">Som vanligt s\u00e5 l\u00e4gger jag in n\u00e5gra bilder som blivit tagna under m\u00e5naden.<\/p>\n\n\n\n<figure class=\"wp-block-image\"><img loading=\"lazy\" decoding=\"async\" width=\"1024\" height=\"683\" src=\"http:\/\/media1.jensgustafsson.se\/2019\/09\/DSC_5690-1024x683.jpg\" alt=\"\" class=\"wp-image-13530\" srcset=\"https:\/\/media1.jensgustafsson.se\/2019\/09\/DSC_5690-1024x683.jpg 1024w, https:\/\/media1.jensgustafsson.se\/2019\/09\/DSC_5690-300x200.jpg 300w, https:\/\/media1.jensgustafsson.se\/2019\/09\/DSC_5690-768x512.jpg 768w, https:\/\/media1.jensgustafsson.se\/2019\/09\/DSC_5690-450x300.jpg 450w\" sizes=\"auto, (max-width: 1024px) 100vw, 1024px\" \/><figcaption><strong><em>P\u00e5 morgonen 10 augusti.<\/em><\/strong><br \/><\/figcaption><\/figure>\n\n\n\n<figure class=\"wp-block-image\"><img loading=\"lazy\" decoding=\"async\" width=\"1024\" height=\"734\" src=\"http:\/\/media1.jensgustafsson.se\/2019\/09\/DSC_5746-1024x734.jpg\" alt=\"\" class=\"wp-image-13531\" srcset=\"https:\/\/media1.jensgustafsson.se\/2019\/09\/DSC_5746-1024x734.jpg 1024w, https:\/\/media1.jensgustafsson.se\/2019\/09\/DSC_5746-300x215.jpg 300w, https:\/\/media1.jensgustafsson.se\/2019\/09\/DSC_5746-768x550.jpg 768w, https:\/\/media1.jensgustafsson.se\/2019\/09\/DSC_5746-419x300.jpg 419w\" sizes=\"auto, (max-width: 1024px) 100vw, 1024px\" \/><figcaption><strong><em>Detta ocks\u00e5 10 augusti.<\/em><\/strong><\/figcaption><\/figure>\n\n\n\n<figure class=\"wp-block-image\"><img loading=\"lazy\" decoding=\"async\" width=\"1024\" height=\"683\" src=\"http:\/\/media1.jensgustafsson.se\/2019\/09\/DSC_6047-1024x683.jpg\" alt=\"\" class=\"wp-image-13532\" srcset=\"https:\/\/media1.jensgustafsson.se\/2019\/09\/DSC_6047-1024x683.jpg 1024w, https:\/\/media1.jensgustafsson.se\/2019\/09\/DSC_6047-300x200.jpg 300w, https:\/\/media1.jensgustafsson.se\/2019\/09\/DSC_6047-768x512.jpg 768w, https:\/\/media1.jensgustafsson.se\/2019\/09\/DSC_6047-450x300.jpg 450w\" sizes=\"auto, (max-width: 1024px) 100vw, 1024px\" \/><figcaption><strong><em>13 augusti.<\/em><\/strong><\/figcaption><\/figure>\n\n\n\n<figure class=\"wp-block-image\"><img loading=\"lazy\" decoding=\"async\" width=\"1024\" height=\"683\" src=\"http:\/\/media1.jensgustafsson.se\/2019\/09\/DSC_6142-1024x683.jpg\" alt=\"\" class=\"wp-image-13533\" srcset=\"https:\/\/media1.jensgustafsson.se\/2019\/09\/DSC_6142-1024x683.jpg 1024w, https:\/\/media1.jensgustafsson.se\/2019\/09\/DSC_6142-300x200.jpg 300w, https:\/\/media1.jensgustafsson.se\/2019\/09\/DSC_6142-768x512.jpg 768w, https:\/\/media1.jensgustafsson.se\/2019\/09\/DSC_6142-450x300.jpg 450w\" sizes=\"auto, (max-width: 1024px) 100vw, 1024px\" \/><figcaption><strong><em>14 augusti<\/em><\/strong><\/figcaption><\/figure>\n\n\n\n<figure class=\"wp-block-image\"><img loading=\"lazy\" decoding=\"async\" width=\"1024\" height=\"713\" src=\"http:\/\/media1.jensgustafsson.se\/2019\/09\/DSC_0023-1024x713.jpg\" alt=\"\" class=\"wp-image-13534\" srcset=\"https:\/\/media1.jensgustafsson.se\/2019\/09\/DSC_0023-1024x713.jpg 1024w, https:\/\/media1.jensgustafsson.se\/2019\/09\/DSC_0023-300x209.jpg 300w, https:\/\/media1.jensgustafsson.se\/2019\/09\/DSC_0023-768x534.jpg 768w, https:\/\/media1.jensgustafsson.se\/2019\/09\/DSC_0023-431x300.jpg 431w\" sizes=\"auto, (max-width: 1024px) 100vw, 1024px\" \/><figcaption><strong><em>15 augusti.<\/em><\/strong><\/figcaption><\/figure>\n\n\n\n<figure class=\"wp-block-image\"><img loading=\"lazy\" decoding=\"async\" width=\"1024\" height=\"683\" src=\"http:\/\/media1.jensgustafsson.se\/2019\/09\/DSC_6299-1024x683.jpg\" alt=\"\" class=\"wp-image-13535\" srcset=\"https:\/\/media1.jensgustafsson.se\/2019\/09\/DSC_6299-1024x683.jpg 1024w, https:\/\/media1.jensgustafsson.se\/2019\/09\/DSC_6299-300x200.jpg 300w, https:\/\/media1.jensgustafsson.se\/2019\/09\/DSC_6299-768x512.jpg 768w, https:\/\/media1.jensgustafsson.se\/2019\/09\/DSC_6299-450x300.jpg 450w\" sizes=\"auto, (max-width: 1024px) 100vw, 1024px\" \/><figcaption><strong><em>17 augusti.<\/em><\/strong><\/figcaption><\/figure>\n\n\n\n<figure class=\"wp-block-image\"><img loading=\"lazy\" decoding=\"async\" width=\"1024\" height=\"1021\" src=\"http:\/\/media1.jensgustafsson.se\/2019\/09\/DSC_6454-1024x1021.jpg\" alt=\"\" class=\"wp-image-13536\" srcset=\"https:\/\/media1.jensgustafsson.se\/2019\/09\/DSC_6454-1024x1021.jpg 1024w, https:\/\/media1.jensgustafsson.se\/2019\/09\/DSC_6454-150x150.jpg 150w, https:\/\/media1.jensgustafsson.se\/2019\/09\/DSC_6454-300x300.jpg 300w, https:\/\/media1.jensgustafsson.se\/2019\/09\/DSC_6454-768x766.jpg 768w, https:\/\/media1.jensgustafsson.se\/2019\/09\/DSC_6454-301x300.jpg 301w, https:\/\/media1.jensgustafsson.se\/2019\/09\/DSC_6454.jpg 1863w\" sizes=\"auto, (max-width: 1024px) 100vw, 1024px\" \/><figcaption><strong><em>19 augusti<\/em><\/strong><\/figcaption><\/figure>\n\n\n\n<figure class=\"wp-block-image\"><img loading=\"lazy\" decoding=\"async\" width=\"1024\" height=\"683\" src=\"http:\/\/media1.jensgustafsson.se\/2019\/09\/DSC_6511-1024x683.jpg\" alt=\"\" class=\"wp-image-13537\" srcset=\"https:\/\/media1.jensgustafsson.se\/2019\/09\/DSC_6511-1024x683.jpg 1024w, https:\/\/media1.jensgustafsson.se\/2019\/09\/DSC_6511-300x200.jpg 300w, https:\/\/media1.jensgustafsson.se\/2019\/09\/DSC_6511-768x512.jpg 768w, https:\/\/media1.jensgustafsson.se\/2019\/09\/DSC_6511-450x300.jpg 450w\" sizes=\"auto, (max-width: 1024px) 100vw, 1024px\" \/><figcaption><strong><em>20 augusti<\/em><\/strong><\/figcaption><\/figure>\n\n\n\n<figure class=\"wp-block-image\"><img loading=\"lazy\" decoding=\"async\" width=\"1024\" height=\"683\" src=\"http:\/\/media1.jensgustafsson.se\/2019\/09\/DSC_6646-1024x683.jpg\" alt=\"\" class=\"wp-image-13538\" srcset=\"https:\/\/media1.jensgustafsson.se\/2019\/09\/DSC_6646-1024x683.jpg 1024w, https:\/\/media1.jensgustafsson.se\/2019\/09\/DSC_6646-300x200.jpg 300w, https:\/\/media1.jensgustafsson.se\/2019\/09\/DSC_6646-768x512.jpg 768w, https:\/\/media1.jensgustafsson.se\/2019\/09\/DSC_6646-450x300.jpg 450w\" sizes=\"auto, (max-width: 1024px) 100vw, 1024px\" \/><figcaption><strong><em>24 augusti.<\/em><\/strong><\/figcaption><\/figure>\n\n\n\n<figure class=\"wp-block-image\"><img loading=\"lazy\" decoding=\"async\" width=\"1024\" height=\"683\" src=\"http:\/\/media1.jensgustafsson.se\/2019\/09\/DSC_6754-1024x683.jpg\" alt=\"\" class=\"wp-image-13539\" srcset=\"https:\/\/media1.jensgustafsson.se\/2019\/09\/DSC_6754-1024x683.jpg 1024w, https:\/\/media1.jensgustafsson.se\/2019\/09\/DSC_6754-300x200.jpg 300w, https:\/\/media1.jensgustafsson.se\/2019\/09\/DSC_6754-768x512.jpg 768w, https:\/\/media1.jensgustafsson.se\/2019\/09\/DSC_6754-450x300.jpg 450w\" sizes=\"auto, (max-width: 1024px) 100vw, 1024px\" \/><figcaption><strong><em>26 augusti.<\/em><\/strong><\/figcaption><\/figure>\n\n\n\n<figure class=\"wp-block-image\"><img loading=\"lazy\" decoding=\"async\" width=\"1024\" height=\"683\" src=\"http:\/\/media1.jensgustafsson.se\/2019\/09\/DSC_6863-1024x683.jpg\" alt=\"\" class=\"wp-image-13540\" srcset=\"https:\/\/media1.jensgustafsson.se\/2019\/09\/DSC_6863-1024x683.jpg 1024w, https:\/\/media1.jensgustafsson.se\/2019\/09\/DSC_6863-300x200.jpg 300w, https:\/\/media1.jensgustafsson.se\/2019\/09\/DSC_6863-768x512.jpg 768w, https:\/\/media1.jensgustafsson.se\/2019\/09\/DSC_6863-450x300.jpg 450w\" sizes=\"auto, (max-width: 1024px) 100vw, 1024px\" \/><figcaption>27 augusti.<\/figcaption><\/figure>\n\n\n\n<figure class=\"wp-block-image\"><img loading=\"lazy\" decoding=\"async\" width=\"1024\" height=\"682\" src=\"http:\/\/media1.jensgustafsson.se\/2019\/09\/DSC_6880-2000x1333-1024x682.jpg\" alt=\"\" class=\"wp-image-13541\" srcset=\"https:\/\/media1.jensgustafsson.se\/2019\/09\/DSC_6880-2000x1333-1024x682.jpg 1024w, https:\/\/media1.jensgustafsson.se\/2019\/09\/DSC_6880-2000x1333-300x200.jpg 300w, https:\/\/media1.jensgustafsson.se\/2019\/09\/DSC_6880-2000x1333-768x512.jpg 768w, https:\/\/media1.jensgustafsson.se\/2019\/09\/DSC_6880-2000x1333-450x300.jpg 450w, https:\/\/media1.jensgustafsson.se\/2019\/09\/DSC_6880-2000x1333.jpg 2000w\" sizes=\"auto, (max-width: 1024px) 100vw, 1024px\" \/><figcaption><strong><em>28 augusti.<\/em><\/strong><\/figcaption><\/figure>\n\n\n\n<figure class=\"wp-block-image\"><img loading=\"lazy\" decoding=\"async\" width=\"1024\" height=\"683\" src=\"http:\/\/media1.jensgustafsson.se\/2019\/09\/DSC_6979-1024x683.jpg\" alt=\"\" class=\"wp-image-13542\" srcset=\"https:\/\/media1.jensgustafsson.se\/2019\/09\/DSC_6979-1024x683.jpg 1024w, https:\/\/media1.jensgustafsson.se\/2019\/09\/DSC_6979-300x200.jpg 300w, https:\/\/media1.jensgustafsson.se\/2019\/09\/DSC_6979-768x512.jpg 768w, https:\/\/media1.jensgustafsson.se\/2019\/09\/DSC_6979-450x300.jpg 450w\" sizes=\"auto, (max-width: 1024px) 100vw, 1024px\" \/><figcaption><strong><em>29 augusti.<\/em><\/strong><\/figcaption><\/figure>\n\n\n\n<figure class=\"wp-block-image\"><img loading=\"lazy\" decoding=\"async\" width=\"1024\" height=\"683\" src=\"http:\/\/media1.jensgustafsson.se\/2019\/09\/DSC_7170-1024x683.jpg\" alt=\"\" class=\"wp-image-13543\" srcset=\"https:\/\/media1.jensgustafsson.se\/2019\/09\/DSC_7170-1024x683.jpg 1024w, https:\/\/media1.jensgustafsson.se\/2019\/09\/DSC_7170-300x200.jpg 300w, https:\/\/media1.jensgustafsson.se\/2019\/09\/DSC_7170-768x512.jpg 768w, https:\/\/media1.jensgustafsson.se\/2019\/09\/DSC_7170-450x300.jpg 450w\" sizes=\"auto, (max-width: 1024px) 100vw, 1024px\" \/><figcaption><strong><em>31 augusti.<\/em><\/strong><\/figcaption><\/figure>\n","protected":false},"excerpt":{"rendered":"<p>Bra eller d\u00e5ligt v\u00e4der finns det ju lika m\u00e5nga \u00e5sikter om som det finns m\u00e4nniskor, beroende p\u00e5 hur man ser p\u00e5 det och i vilken situation man \u00e4r. Man l\u00e4ser ofta i media om att det \u00e4r och har varit &hellip; <a href=\"https:\/\/jensgustafsson.se\/?page_id=13515\">Forts\u00e4tt l\u00e4sa <span class=\"meta-nav\">&rarr;<\/span><\/a><\/p>\n","protected":false},"author":1,"featured_media":0,"parent":11912,"menu_order":8,"comment_status":"closed","ping_status":"closed","template":"","meta":{"footnotes":""},"class_list":["post-13515","page","type-page","status-publish","hentry"],"_links":{"self":[{"href":"https:\/\/jensgustafsson.se\/index.php?rest_route=\/wp\/v2\/pages\/13515","targetHints":{"allow":["GET"]}}],"collection":[{"href":"https:\/\/jensgustafsson.se\/index.php?rest_route=\/wp\/v2\/pages"}],"about":[{"href":"https:\/\/jensgustafsson.se\/index.php?rest_route=\/wp\/v2\/types\/page"}],"author":[{"embeddable":true,"href":"https:\/\/jensgustafsson.se\/index.php?rest_route=\/wp\/v2\/users\/1"}],"replies":[{"embeddable":true,"href":"https:\/\/jensgustafsson.se\/index.php?rest_route=%2Fwp%2Fv2%2Fcomments&post=13515"}],"version-history":[{"count":7,"href":"https:\/\/jensgustafsson.se\/index.php?rest_route=\/wp\/v2\/pages\/13515\/revisions"}],"predecessor-version":[{"id":13545,"href":"https:\/\/jensgustafsson.se\/index.php?rest_route=\/wp\/v2\/pages\/13515\/revisions\/13545"}],"up":[{"embeddable":true,"href":"https:\/\/jensgustafsson.se\/index.php?rest_route=\/wp\/v2\/pages\/11912"}],"wp:attachment":[{"href":"https:\/\/jensgustafsson.se\/index.php?rest_route=%2Fwp%2Fv2%2Fmedia&parent=13515"}],"curies":[{"name":"wp","href":"https:\/\/api.w.org\/{rel}","templated":true}]}}