{"id":14143,"date":"2019-11-01T16:32:52","date_gmt":"2019-11-01T15:32:52","guid":{"rendered":"http:\/\/jensgustafsson.se\/?page_id=14143"},"modified":"2019-11-01T16:34:07","modified_gmt":"2019-11-01T15:34:07","slug":"oktober-2019","status":"publish","type":"page","link":"https:\/\/jensgustafsson.se\/?page_id=14143","title":{"rendered":"Oktober 2019."},"content":{"rendered":"\n<p class=\"has-text-color has-medium-font-size has-blue-color\"> <em>Oktober i \u00e5r blev en m\u00e5nad med b\u00e5de kallt och varmt v\u00e4der. De tv\u00e5 f\u00f6rsta dagarna var ganska milda, men den 3:e oktober s\u00e5 d\u00f6k temperaturen rej\u00e4lt, och s\u00e5 h\u00f6ll det i sig i en vecka ungef\u00e4r. Detta gjorde d\u00e5 att h\u00f6sten gjorde sitt int\u00e5g meteorologiskt sett den 1:e oktober ( fem dygn p\u00e5 raken med en dygnsmedeltemperatur under +10\u00b0). Det var lite tidigare \u00e4n f\u00f6rra \u00e5ret, d\u00e5 h\u00f6sten kom f\u00f6rst 23:e oktober. Efter den kalla veckan s\u00e5 gick vi in i en period med betydligt mildare v\u00e4der, som varade till senare delen av m\u00e5naden, d\u00e5 temperaturen gick ner\u00e5t igen. I diagrammen nedan visar jag hur  temperaturen har varit dagligen under m\u00e5naden<\/em>.<\/p>\n\n\n\n<figure class=\"wp-block-image\"><img loading=\"lazy\" decoding=\"async\" width=\"682\" height=\"325\" src=\"http:\/\/media1.jensgustafsson.se\/2019\/11\/image.png\" alt=\"\" class=\"wp-image-14156\" srcset=\"https:\/\/media1.jensgustafsson.se\/2019\/11\/image.png 682w, https:\/\/media1.jensgustafsson.se\/2019\/11\/image-300x143.png 300w, https:\/\/media1.jensgustafsson.se\/2019\/11\/image-500x238.png 500w\" sizes=\"auto, (max-width: 682px) 100vw, 682px\" \/><\/figure>\n\n\n\n<figure class=\"wp-block-image\"><img loading=\"lazy\" decoding=\"async\" width=\"685\" height=\"340\" src=\"http:\/\/media1.jensgustafsson.se\/2019\/11\/image-1.png\" alt=\"\" class=\"wp-image-14158\" srcset=\"https:\/\/media1.jensgustafsson.se\/2019\/11\/image-1.png 685w, https:\/\/media1.jensgustafsson.se\/2019\/11\/image-1-300x149.png 300w, https:\/\/media1.jensgustafsson.se\/2019\/11\/image-1-500x248.png 500w\" sizes=\"auto, (max-width: 685px) 100vw, 685px\" \/><\/figure>\n\n\n\n<p class=\"has-text-color has-medium-font-size has-blue-color\"> <em>Medeltemperaturen under oktober 2019 blev +8\u00b0, och det kan j\u00e4mf\u00f6ras med medeltemperaturen f\u00f6r oktober under perioden 1961-2018 som \u00e4r +7,2\u00b0, allts\u00e5 aningen varmare oktober i \u00e5r.<\/em> 9 frostdygn (mintemperaturen under 0\u00b0) har vi haft, d\u00e4rut\u00f6ver n\u00e5gra morgnar med markfrost trots plusgrader p\u00e5 termometern.<\/p>\n\n\n\n<p class=\"has-text-color has-medium-font-size has-blue-color\"> <em>Regn har vi f\u00e5tt 60 mm, f\u00f6rdelat p\u00e5 15 dagar. J\u00e4mf\u00f6rt med medeltalet p\u00e5 nederb\u00f6rd oktober m\u00e5nad perioden 1961-2018 som \u00e4r 46 mm, s\u00e5 \u00e4r det allts\u00e5 lite mera i \u00e5r. Det betyder inte att vi p\u00e5 n\u00e5got vis knappat in p\u00e5 vattenbristen, d\u00e5 vi fyra \u00e5r i f\u00f6ljd legat efter i \u00e5rsnederb\u00f6rd. Om vi j\u00e4mf\u00f6r 2019 s\u00e5 l\u00e5ngt som vi har kommit nu mot hela 2018, s\u00e5 fattas det nu 44 mm f\u00f6r att komma upp i 2018 \u00e5rs niv\u00e5, som f\u00e5r anses som l\u00e5g. I diagrammet nedan visar jag  nederb\u00f6rdens f\u00f6rdelning i oktober 2019<\/em>.<\/p>\n\n\n\n<figure class=\"wp-block-image\"><img loading=\"lazy\" decoding=\"async\" width=\"737\" height=\"386\" src=\"http:\/\/media1.jensgustafsson.se\/2019\/11\/image-3.png\" alt=\"\" class=\"wp-image-14160\" srcset=\"https:\/\/media1.jensgustafsson.se\/2019\/11\/image-3.png 737w, https:\/\/media1.jensgustafsson.se\/2019\/11\/image-3-300x157.png 300w, https:\/\/media1.jensgustafsson.se\/2019\/11\/image-3-500x262.png 500w\" sizes=\"auto, (max-width: 737px) 100vw, 737px\" \/><figcaption><strong><em>Oktober 2019.<\/em><\/strong><\/figcaption><\/figure>\n\n\n\n<p class=\"has-text-color has-medium-font-size has-blue-color\"> <em>Vindriktningens f\u00f6rdelning under m\u00e5naden visar jag i diagrammet nedan.<\/em><\/p>\n\n\n\n<figure class=\"wp-block-image\"><img loading=\"lazy\" decoding=\"async\" width=\"669\" height=\"311\" src=\"http:\/\/media1.jensgustafsson.se\/2019\/11\/image-4.png\" alt=\"\" class=\"wp-image-14161\" srcset=\"https:\/\/media1.jensgustafsson.se\/2019\/11\/image-4.png 669w, https:\/\/media1.jensgustafsson.se\/2019\/11\/image-4-300x139.png 300w, https:\/\/media1.jensgustafsson.se\/2019\/11\/image-4-500x232.png 500w\" sizes=\"auto, (max-width: 669px) 100vw, 669px\" \/><\/figure>\n\n\n\n<p class=\"has-text-color has-medium-font-size has-blue-color\"><em>S\u00e5 kommer sammanfattningen i siffror fr\u00e5n min v\u00e4derstation, WS-2308, som jobbar med tv\u00e5 program, Heavy Wheather f\u00f6r loggningen, och Cumulus som ocks\u00e5 loggar, och omvandlar med hj\u00e4lp av mig till \u00f6versk\u00e5dliga fakta p\u00e5 min v\u00e4dersida p\u00e5 webben<\/em>.<\/p>\n\n\n\n<p class=\"has-text-color has-medium-font-size has-blue-color\">S<em>ummary for oktober 2019    <\/em><\/p>\n\n\n\n<p class=\"has-text-color has-medium-font-size has-blue-color\"> T<em>emperature (\u00b0C):    <br \/> Mean (min+max)   8,0    <br \/> Mean Minimum     4,1    <br \/> Mean Maximum     11,4    <br \/> Minimum          -4,8 day 06    <br \/> Maximum          15,8 day 24    <br \/> Highest Minimum  9,6 day 16    <br \/> Lowest Maximum   5,3 day 29    <br \/> Air frosts       9    <\/em><\/p>\n\n\n\n<p class=\"has-text-color has-medium-font-size has-blue-color\"> <em>Rainfall (mm):    <br \/> Total for month  60    <br \/> Wettest day      10,9 day 26    <br \/> High rain rate   31,2 day 13    <br \/> Rain days        15    <br \/> Dry days         16    <\/em><\/p>\n\n\n\n<p class=\"has-text-color has-medium-font-size has-blue-color\"> Wind (m\/s):    <br \/> Highest Gust     13,4 day 14    <\/p>\n\n\n\n<p class=\"has-text-color has-medium-font-size has-blue-color\"><em>Diagrammen nedan visar medeltemperaturen och \u00e5rsnederb\u00f6rden under \u00e5ren 2013-2019 s\u00e5 l\u00e5ngt som vi \u00e4r nu. Mera info om dessa v\u00e4rden hittar du under l\u00e4nken nedan,   <\/em><a rel=\"noreferrer noopener\" aria-label=\" (\u00f6ppnas i en ny flik)\" href=\"http:\/\/jensgustafsson.se\/?page_id=11115\" target=\"_blank\"><strong><em>http:\/\/jensgustafsson.se\/?page_id=11115<\/em><\/strong><\/a><em>  eller under fliken <\/em><strong><em>\u00c5rsstatistik nederb\u00f6rd och medeltemperatur<\/em><\/strong><em> som finns i menyn p\u00e5 min startsida.<\/em><\/p>\n\n\n\n<figure class=\"wp-block-image\"><img loading=\"lazy\" decoding=\"async\" width=\"640\" height=\"297\" src=\"http:\/\/media1.jensgustafsson.se\/2019\/11\/image-5.png\" alt=\"\" class=\"wp-image-14163\" srcset=\"https:\/\/media1.jensgustafsson.se\/2019\/11\/image-5.png 640w, https:\/\/media1.jensgustafsson.se\/2019\/11\/image-5-300x139.png 300w, https:\/\/media1.jensgustafsson.se\/2019\/11\/image-5-500x232.png 500w\" sizes=\"auto, (max-width: 640px) 100vw, 640px\" \/><\/figure>\n\n\n\n<figure class=\"wp-block-image\"><img loading=\"lazy\" decoding=\"async\" width=\"644\" height=\"295\" src=\"http:\/\/media1.jensgustafsson.se\/2019\/11\/image-6.png\" alt=\"\" class=\"wp-image-14164\" srcset=\"https:\/\/media1.jensgustafsson.se\/2019\/11\/image-6.png 644w, https:\/\/media1.jensgustafsson.se\/2019\/11\/image-6-300x137.png 300w, https:\/\/media1.jensgustafsson.se\/2019\/11\/image-6-500x229.png 500w\" sizes=\"auto, (max-width: 644px) 100vw, 644px\" \/><\/figure>\n\n\n\n<p class=\"has-text-color has-medium-font-size has-blue-color\"><em>F\u00f6r den som \u00e4r intresserad att se mina dagliga inl\u00e4gg i v\u00e4derbloggen med kommentarer och bilder, s\u00e5 finns ju dessa p\u00e5 startsidan <\/em><a href=\"http:\/\/www.jensgustafsson.se\"><strong>http:\/\/www.jensgustafsson.se<\/strong><\/a><\/p>\n\n\n\n<p><\/p>\n","protected":false},"excerpt":{"rendered":"<p>Oktober i \u00e5r blev en m\u00e5nad med b\u00e5de kallt och varmt v\u00e4der. De tv\u00e5 f\u00f6rsta dagarna var ganska milda, men den 3:e oktober s\u00e5 d\u00f6k temperaturen rej\u00e4lt, och s\u00e5 h\u00f6ll det i sig i en vecka ungef\u00e4r. Detta gjorde d\u00e5 &hellip; <a href=\"https:\/\/jensgustafsson.se\/?page_id=14143\">Forts\u00e4tt l\u00e4sa <span class=\"meta-nav\">&rarr;<\/span><\/a><\/p>\n","protected":false},"author":1,"featured_media":0,"parent":11912,"menu_order":10,"comment_status":"closed","ping_status":"closed","template":"","meta":{"footnotes":""},"class_list":["post-14143","page","type-page","status-publish","hentry"],"_links":{"self":[{"href":"https:\/\/jensgustafsson.se\/index.php?rest_route=\/wp\/v2\/pages\/14143","targetHints":{"allow":["GET"]}}],"collection":[{"href":"https:\/\/jensgustafsson.se\/index.php?rest_route=\/wp\/v2\/pages"}],"about":[{"href":"https:\/\/jensgustafsson.se\/index.php?rest_route=\/wp\/v2\/types\/page"}],"author":[{"embeddable":true,"href":"https:\/\/jensgustafsson.se\/index.php?rest_route=\/wp\/v2\/users\/1"}],"replies":[{"embeddable":true,"href":"https:\/\/jensgustafsson.se\/index.php?rest_route=%2Fwp%2Fv2%2Fcomments&post=14143"}],"version-history":[{"count":17,"href":"https:\/\/jensgustafsson.se\/index.php?rest_route=\/wp\/v2\/pages\/14143\/revisions"}],"predecessor-version":[{"id":14168,"href":"https:\/\/jensgustafsson.se\/index.php?rest_route=\/wp\/v2\/pages\/14143\/revisions\/14168"}],"up":[{"embeddable":true,"href":"https:\/\/jensgustafsson.se\/index.php?rest_route=\/wp\/v2\/pages\/11912"}],"wp:attachment":[{"href":"https:\/\/jensgustafsson.se\/index.php?rest_route=%2Fwp%2Fv2%2Fmedia&parent=14143"}],"curies":[{"name":"wp","href":"https:\/\/api.w.org\/{rel}","templated":true}]}}