{"id":15589,"date":"2020-02-01T08:32:01","date_gmt":"2020-02-01T07:32:01","guid":{"rendered":"http:\/\/jensgustafsson.se\/?page_id=15589"},"modified":"2020-02-01T08:32:01","modified_gmt":"2020-02-01T07:32:01","slug":"januari-2020","status":"publish","type":"page","link":"https:\/\/jensgustafsson.se\/?page_id=15589","title":{"rendered":"Januari 2020."},"content":{"rendered":"\n<p class=\"has-text-color has-drop-cap has-medium-font-size has-blue-color\"> <em>\u00c5rets januarim\u00e5nad blev den varmaste vi haft h\u00e4r runt F\u00e5gelfors sedan 1989. D\u00e5 hamnade medeltemperaturen p\u00e5 +3,9\u00b0C, och i \u00e5r hamnade den p\u00e5 +3,7\u00b0C. Referensperioden 1961-1990 har en medeltemperatur h\u00e4r i F\u00e5gelfors p\u00e5 -3,0\u00b0C, s\u00e5 allts\u00e5 hade vi hela 6,7\u00b0C h\u00f6gre medeltemperatur i \u00e5r j\u00e4mf\u00f6rt med det. Varmast hade vi den 15 januari med en maxtemperatur p\u00e5 +10,6\u00b0C. Kallast var det den 23 januari med -4,4\u00b0C.<\/em><\/p>\n\n\n\n<figure class=\"wp-block-image size-large\"><img loading=\"lazy\" decoding=\"async\" width=\"827\" height=\"350\" src=\"http:\/\/media1.jensgustafsson.se\/2020\/02\/image.png\" alt=\"\" class=\"wp-image-15590\" srcset=\"https:\/\/media1.jensgustafsson.se\/2020\/02\/image.png 827w, https:\/\/media1.jensgustafsson.se\/2020\/02\/image-300x127.png 300w, https:\/\/media1.jensgustafsson.se\/2020\/02\/image-768x325.png 768w, https:\/\/media1.jensgustafsson.se\/2020\/02\/image-500x212.png 500w\" sizes=\"auto, (max-width: 827px) 100vw, 827px\" \/><\/figure>\n\n\n\n<p class=\"has-text-color has-medium-font-size has-blue-color\"><em> Om man d\u00e5 kanske ska se tillbaka p\u00e5 hur temperaturen varit i januari p\u00e5 senare \u00e5r. s\u00e5 beh\u00f6ver vi inte g\u00e5 mer \u00e4n till \u00e5r 2016, d\u00e5 hade vi en medeltemperatur i januari p\u00e5 -4,7\u00b0C och 2013 hade vi -5,3\u00b0C i medel, och det var ju n\u00e5gra grader under medlet -3,0\u00b0C. Fokus l\u00e4ggs ju numera p\u00e5 n\u00e4r temperaturen g\u00e5r upp\u00e5t, och visst g\u00f6r den det totalt sett \u00f6ver tid, men om man tittar tillbaka s\u00e5 ser man ju att det under alla \u00e5r g\u00e5tt lite upp och ner \u00e5r fr\u00e5n \u00e5r, vilket jag kan visa i min statistik. Jag kan ju samtidigt flika in h\u00e4r d\u00e5, att jag nu har komplett statistik upplagd f\u00f6r \u00e5ren 1961-2019 i excelfiler, d\u00e4r jag kan bryta ner varje \u00e5r till m\u00e5nadsvis medelv\u00e4rden f\u00f6r temperatur och totala regnm\u00e4ngder per m\u00e5nad. Data f\u00f6r \u00e5ren 1961-2012 har jag laddat ner fr\u00e5n SMHI:s loggning p\u00e5 tv\u00e5 m\u00e4tstationer n\u00e4ra mig, Blankastr\u00f6m och Drageryd (ingen av dessa tv\u00e5 \u00e4r numera i drift). Fr.o.m. 2013 \u00e4r det data fr\u00e5n min egna privata v\u00e4derstation som jag redovisar.<\/em><\/p>\n\n\n\n<p class=\"has-text-color has-medium-font-size has-blue-color\"><em> Lite v\u00e4derdata h\u00e4r d\u00e5 f\u00f6r januari. Vi har haft 10 frostdygn (mintemp. under 0\u00b0) men bara ett enda isdygn (medeltemp. under 0\u00b0 p\u00e5 dygnet). Detta betyder att vi fortfarande st\u00e5r kvar i \u00e5rstiden h\u00f6st vad g\u00e4ller den meteorologiska definitionen av de olika \u00e5rstiderna temperaturm\u00e4ssigt. Visar i diagrammen nedan hur temperaturen har varit dagligen under m\u00e5naden, och \u00e4ven hur medeltemperaturen sett ut i januari sedan 1961.<\/em><\/p>\n\n\n\n<figure class=\"wp-block-image size-large\"><img loading=\"lazy\" decoding=\"async\" width=\"750\" height=\"345\" src=\"http:\/\/media1.jensgustafsson.se\/2020\/02\/image-1.png\" alt=\"\" class=\"wp-image-15591\" srcset=\"https:\/\/media1.jensgustafsson.se\/2020\/02\/image-1.png 750w, https:\/\/media1.jensgustafsson.se\/2020\/02\/image-1-300x138.png 300w, https:\/\/media1.jensgustafsson.se\/2020\/02\/image-1-500x230.png 500w\" sizes=\"auto, (max-width: 750px) 100vw, 750px\" \/><\/figure>\n\n\n\n<figure class=\"wp-block-image size-large\"><img loading=\"lazy\" decoding=\"async\" width=\"742\" height=\"325\" src=\"http:\/\/media1.jensgustafsson.se\/2020\/02\/image-2.png\" alt=\"\" class=\"wp-image-15592\" srcset=\"https:\/\/media1.jensgustafsson.se\/2020\/02\/image-2.png 742w, https:\/\/media1.jensgustafsson.se\/2020\/02\/image-2-300x131.png 300w, https:\/\/media1.jensgustafsson.se\/2020\/02\/image-2-500x219.png 500w\" sizes=\"auto, (max-width: 742px) 100vw, 742px\" \/><\/figure>\n\n\n\n<figure class=\"wp-block-image size-large\"><img loading=\"lazy\" decoding=\"async\" width=\"1024\" height=\"417\" src=\"http:\/\/media1.jensgustafsson.se\/2020\/02\/image-8-1024x417.png\" alt=\"\" class=\"wp-image-15598\" srcset=\"https:\/\/media1.jensgustafsson.se\/2020\/02\/image-8-1024x417.png 1024w, https:\/\/media1.jensgustafsson.se\/2020\/02\/image-8-300x122.png 300w, https:\/\/media1.jensgustafsson.se\/2020\/02\/image-8-768x312.png 768w, https:\/\/media1.jensgustafsson.se\/2020\/02\/image-8-500x203.png 500w, https:\/\/media1.jensgustafsson.se\/2020\/02\/image-8.png 1057w\" sizes=\"auto, (max-width: 1024px) 100vw, 1024px\" \/><\/figure>\n\n\n\n<figure class=\"wp-block-image size-large\"><img loading=\"lazy\" decoding=\"async\" width=\"1024\" height=\"426\" src=\"http:\/\/media1.jensgustafsson.se\/2020\/02\/image-9-1024x426.png\" alt=\"\" class=\"wp-image-15599\" srcset=\"https:\/\/media1.jensgustafsson.se\/2020\/02\/image-9-1024x426.png 1024w, https:\/\/media1.jensgustafsson.se\/2020\/02\/image-9-300x125.png 300w, https:\/\/media1.jensgustafsson.se\/2020\/02\/image-9-768x319.png 768w, https:\/\/media1.jensgustafsson.se\/2020\/02\/image-9-500x208.png 500w, https:\/\/media1.jensgustafsson.se\/2020\/02\/image-9.png 1066w\" sizes=\"auto, (max-width: 1024px) 100vw, 1024px\" \/><\/figure>\n\n\n\n<p class=\"has-text-color has-medium-font-size has-blue-color\"><em> Nederb\u00f6rd har vi f\u00e5tt 35 mm, och d\u00e5 i huvudsak som regn. Vi har inte haft n\u00e5got m\u00e4tbart sn\u00f6t\u00e4cke n\u00e5gon dag under m\u00e5naden, och det f\u00e5r v\u00e4l anses mycket ovanligt. Nederb\u00f6rden har kommit under 14 dygn. Visar i diagram nedan f\u00f6rdelningen \u00f6ver m\u00e5nadens dagar med nederb\u00f6rd, och januarim\u00e5nadens nederb\u00f6rd genom \u00e5ren 1961-2020.<\/em><\/p>\n\n\n\n<figure class=\"wp-block-image size-large\"><img loading=\"lazy\" decoding=\"async\" width=\"833\" height=\"601\" src=\"http:\/\/media1.jensgustafsson.se\/2020\/02\/image-5.png\" alt=\"\" class=\"wp-image-15595\" srcset=\"https:\/\/media1.jensgustafsson.se\/2020\/02\/image-5.png 833w, https:\/\/media1.jensgustafsson.se\/2020\/02\/image-5-300x216.png 300w, https:\/\/media1.jensgustafsson.se\/2020\/02\/image-5-768x554.png 768w, https:\/\/media1.jensgustafsson.se\/2020\/02\/image-5-416x300.png 416w\" sizes=\"auto, (max-width: 833px) 100vw, 833px\" \/><\/figure>\n\n\n\n<figure class=\"wp-block-image size-large\"><img loading=\"lazy\" decoding=\"async\" width=\"1024\" height=\"445\" src=\"http:\/\/media1.jensgustafsson.se\/2020\/02\/image-6-1024x445.png\" alt=\"\" class=\"wp-image-15596\" srcset=\"https:\/\/media1.jensgustafsson.se\/2020\/02\/image-6-1024x445.png 1024w, https:\/\/media1.jensgustafsson.se\/2020\/02\/image-6-300x130.png 300w, https:\/\/media1.jensgustafsson.se\/2020\/02\/image-6-768x334.png 768w, https:\/\/media1.jensgustafsson.se\/2020\/02\/image-6-500x217.png 500w, https:\/\/media1.jensgustafsson.se\/2020\/02\/image-6.png 1068w\" sizes=\"auto, (max-width: 1024px) 100vw, 1024px\" \/><\/figure>\n\n\n\n<figure class=\"wp-block-image size-large\"><img loading=\"lazy\" decoding=\"async\" width=\"1024\" height=\"425\" src=\"http:\/\/media1.jensgustafsson.se\/2020\/02\/image-7-1024x425.png\" alt=\"\" class=\"wp-image-15597\" srcset=\"https:\/\/media1.jensgustafsson.se\/2020\/02\/image-7-1024x425.png 1024w, https:\/\/media1.jensgustafsson.se\/2020\/02\/image-7-300x124.png 300w, https:\/\/media1.jensgustafsson.se\/2020\/02\/image-7-768x319.png 768w, https:\/\/media1.jensgustafsson.se\/2020\/02\/image-7-500x207.png 500w, https:\/\/media1.jensgustafsson.se\/2020\/02\/image-7.png 1063w\" sizes=\"auto, (max-width: 1024px) 100vw, 1024px\" \/><\/figure>\n\n\n\n<p class=\"has-text-color has-medium-font-size has-blue-color\"><em> Det har varit en bl\u00e5sig m\u00e5nad, och det brukar ju bli s\u00e5 n\u00e4r det \u00e4r s\u00e5dana h\u00e4r milda vintrar. Vinden har mestadels bl\u00e5st fr\u00e5n den sidan p\u00e5 kompassrosen d\u00e4r v\u00e4ster ing\u00e5r. I och med dessa vindar s\u00e5 finner vi nog till stor del svaret p\u00e5 att vi haft s\u00e5 milt som vi har.Jag visar i diagrammet nedan f\u00f6rdelningen av vindriktningen under m\u00e5naden.<\/em><\/p>\n\n\n\n<figure class=\"wp-block-image size-large\"><img loading=\"lazy\" decoding=\"async\" width=\"621\" height=\"312\" src=\"http:\/\/media1.jensgustafsson.se\/2020\/02\/image-10.png\" alt=\"\" class=\"wp-image-15600\" srcset=\"https:\/\/media1.jensgustafsson.se\/2020\/02\/image-10.png 621w, https:\/\/media1.jensgustafsson.se\/2020\/02\/image-10-300x151.png 300w, https:\/\/media1.jensgustafsson.se\/2020\/02\/image-10-500x251.png 500w\" sizes=\"auto, (max-width: 621px) 100vw, 621px\" \/><\/figure>\n\n\n\n<p class=\"has-text-color has-medium-font-size has-blue-color\"> <em>S\u00e5 kommer sammanfattningen i siffror fr\u00e5n min v\u00e4derstation, WS-2308, som jobbar med tv\u00e5 program, Heavy Wheather f\u00f6r loggningen, och Cumulus som ocks\u00e5 loggar, och omvandlar med hj\u00e4lp av mig till \u00f6versk\u00e5dliga fakta p\u00e5 min v\u00e4dersida p\u00e5 w<\/em>ebben. <\/p>\n\n\n\n<p class=\"has-text-color has-medium-font-size has-blue-color\"><em>Summary for januari 2020<\/em><\/p>\n\n\n\n<p class=\"has-text-color has-medium-font-size has-blue-color\"><em>Temperature (\u00b0C):<br \/> Mean (min+max)   3,7<br \/> Mean Minimum     1,3<br \/> Mean Maximum     6,0<br \/> Minimum          -4,4 day 23<br \/> Maximum          10,6 day 15<br \/> Highest Minimum  5,1 day 15<br \/> Lowest Maximum   3,5 day 30<br \/> Air frosts       10<\/em><\/p>\n\n\n\n<p class=\"has-text-color has-medium-font-size has-blue-color\"><em>Rainfall (mm):<br \/> Total for month  35<br \/> Rain days        14<br \/> Dry days         17<\/em><\/p>\n\n\n\n<p class=\"has-text-color has-medium-font-size has-blue-color\"><em>Wind (m\/s):<br \/> Highest Gust     17,5 day 15<\/em><\/p>\n\n\n\n<p class=\"has-text-color has-medium-font-size has-blue-color\"><em>Pressure (hPa):<br \/> Maximum          1022,0 day 20<br \/> Minimum          965,1 day 04<\/em><\/p>\n\n\n\n<p class=\"has-text-color has-medium-font-size has-blue-color\"><em>Som avslutning p\u00e5 min v\u00e4dersammanst\u00e4llning av januari 2020, s\u00e5 l\u00e4gger jag in n\u00e5gra bilder som jag tagit under m\u00e5naden.<\/em><\/p>\n\n\n\n<figure class=\"wp-block-image size-large\"><img loading=\"lazy\" decoding=\"async\" width=\"1024\" height=\"644\" src=\"http:\/\/media1.jensgustafsson.se\/2020\/02\/DSC_1503-1024x644.jpg\" alt=\"\" class=\"wp-image-15601\" srcset=\"https:\/\/media1.jensgustafsson.se\/2020\/02\/DSC_1503-1024x644.jpg 1024w, https:\/\/media1.jensgustafsson.se\/2020\/02\/DSC_1503-300x189.jpg 300w, https:\/\/media1.jensgustafsson.se\/2020\/02\/DSC_1503-768x483.jpg 768w, https:\/\/media1.jensgustafsson.se\/2020\/02\/DSC_1503-1536x966.jpg 1536w, https:\/\/media1.jensgustafsson.se\/2020\/02\/DSC_1503-2048x1288.jpg 2048w, https:\/\/media1.jensgustafsson.se\/2020\/02\/DSC_1503-477x300.jpg 477w\" sizes=\"auto, (max-width: 1024px) 100vw, 1024px\" \/><figcaption><strong><em>1 januari. Nattens minusgrader gjorde att det blev lite is p\u00e5 \u00d6vrasj\u00f6n. Vinden pressade sedan in issk\u00e4rvorna mot stranden.<\/em><\/strong><br \/><\/figcaption><\/figure>\n\n\n\n<figure class=\"wp-block-image size-large\"><img loading=\"lazy\" decoding=\"async\" width=\"1024\" height=\"679\" src=\"http:\/\/media1.jensgustafsson.se\/2020\/02\/DSC_0033-1024x679.jpg\" alt=\"\" class=\"wp-image-15602\" srcset=\"https:\/\/media1.jensgustafsson.se\/2020\/02\/DSC_0033-1024x679.jpg 1024w, https:\/\/media1.jensgustafsson.se\/2020\/02\/DSC_0033-300x199.jpg 300w, https:\/\/media1.jensgustafsson.se\/2020\/02\/DSC_0033-768x509.jpg 768w, https:\/\/media1.jensgustafsson.se\/2020\/02\/DSC_0033-1536x1018.jpg 1536w, https:\/\/media1.jensgustafsson.se\/2020\/02\/DSC_0033-2048x1357.jpg 2048w, https:\/\/media1.jensgustafsson.se\/2020\/02\/DSC_0033-453x300.jpg 453w\" sizes=\"auto, (max-width: 1024px) 100vw, 1024px\" \/><figcaption><strong><em>5 januari. Klobosj\u00f6n vid soluppg\u00e5ngen.<\/em><\/strong><br \/><\/figcaption><\/figure>\n\n\n\n<figure class=\"wp-block-image size-large\"><img loading=\"lazy\" decoding=\"async\" width=\"1024\" height=\"683\" src=\"http:\/\/media1.jensgustafsson.se\/2020\/02\/DSC_1784-1024x683.jpg\" alt=\"\" class=\"wp-image-15603\" srcset=\"https:\/\/media1.jensgustafsson.se\/2020\/02\/DSC_1784-1024x683.jpg 1024w, https:\/\/media1.jensgustafsson.se\/2020\/02\/DSC_1784-300x200.jpg 300w, https:\/\/media1.jensgustafsson.se\/2020\/02\/DSC_1784-768x512.jpg 768w, https:\/\/media1.jensgustafsson.se\/2020\/02\/DSC_1784-1536x1024.jpg 1536w, https:\/\/media1.jensgustafsson.se\/2020\/02\/DSC_1784-2048x1365.jpg 2048w, https:\/\/media1.jensgustafsson.se\/2020\/02\/DSC_1784-450x300.jpg 450w\" sizes=\"auto, (max-width: 1024px) 100vw, 1024px\" \/><figcaption><strong><em>8 januari. N\u00f6t\u00e5n vid N\u00f6tebro.<\/em><\/strong><\/figcaption><\/figure>\n\n\n\n<figure class=\"wp-block-image size-large\"><img loading=\"lazy\" decoding=\"async\" width=\"1024\" height=\"683\" src=\"http:\/\/media1.jensgustafsson.se\/2020\/02\/DSC_1810-1024x683.jpg\" alt=\"\" class=\"wp-image-15604\" srcset=\"https:\/\/media1.jensgustafsson.se\/2020\/02\/DSC_1810-1024x683.jpg 1024w, https:\/\/media1.jensgustafsson.se\/2020\/02\/DSC_1810-300x200.jpg 300w, https:\/\/media1.jensgustafsson.se\/2020\/02\/DSC_1810-768x512.jpg 768w, https:\/\/media1.jensgustafsson.se\/2020\/02\/DSC_1810-1536x1024.jpg 1536w, https:\/\/media1.jensgustafsson.se\/2020\/02\/DSC_1810-2048x1365.jpg 2048w, https:\/\/media1.jensgustafsson.se\/2020\/02\/DSC_1810-450x300.jpg 450w\" sizes=\"auto, (max-width: 1024px) 100vw, 1024px\" \/><figcaption><strong><em>9 januari. Lilla Klobo.<\/em><\/strong><\/figcaption><\/figure>\n\n\n\n<figure class=\"wp-block-image size-large\"><img loading=\"lazy\" decoding=\"async\" width=\"1024\" height=\"683\" src=\"http:\/\/media1.jensgustafsson.se\/2020\/02\/DSC_2049-1024x683.jpg\" alt=\"\" class=\"wp-image-15605\" srcset=\"https:\/\/media1.jensgustafsson.se\/2020\/02\/DSC_2049-1024x683.jpg 1024w, https:\/\/media1.jensgustafsson.se\/2020\/02\/DSC_2049-300x200.jpg 300w, https:\/\/media1.jensgustafsson.se\/2020\/02\/DSC_2049-768x512.jpg 768w, https:\/\/media1.jensgustafsson.se\/2020\/02\/DSC_2049-1536x1024.jpg 1536w, https:\/\/media1.jensgustafsson.se\/2020\/02\/DSC_2049-2048x1365.jpg 2048w, https:\/\/media1.jensgustafsson.se\/2020\/02\/DSC_2049-450x300.jpg 450w\" sizes=\"auto, (max-width: 1024px) 100vw, 1024px\" \/><figcaption><strong><em>16 januari. Vid \u00c4lmten, Fagerhult.<\/em><\/strong><\/figcaption><\/figure>\n\n\n\n<figure class=\"wp-block-image size-large\"><img loading=\"lazy\" decoding=\"async\" width=\"1024\" height=\"683\" src=\"http:\/\/media1.jensgustafsson.se\/2020\/02\/DSC_2101-1024x683.jpg\" alt=\"\" class=\"wp-image-15606\" srcset=\"https:\/\/media1.jensgustafsson.se\/2020\/02\/DSC_2101-1024x683.jpg 1024w, https:\/\/media1.jensgustafsson.se\/2020\/02\/DSC_2101-300x200.jpg 300w, https:\/\/media1.jensgustafsson.se\/2020\/02\/DSC_2101-768x512.jpg 768w, https:\/\/media1.jensgustafsson.se\/2020\/02\/DSC_2101-1536x1024.jpg 1536w, https:\/\/media1.jensgustafsson.se\/2020\/02\/DSC_2101-2048x1365.jpg 2048w, https:\/\/media1.jensgustafsson.se\/2020\/02\/DSC_2101-450x300.jpg 450w\" sizes=\"auto, (max-width: 1024px) 100vw, 1024px\" \/><figcaption><strong><em>17 januari. Ryningsn\u00e4s.<\/em><\/strong><\/figcaption><\/figure>\n\n\n\n<figure class=\"wp-block-image size-large\"><img loading=\"lazy\" decoding=\"async\" width=\"1024\" height=\"810\" src=\"http:\/\/media1.jensgustafsson.se\/2020\/02\/DSC_2135-1024x810.jpg\" alt=\"\" class=\"wp-image-15607\" srcset=\"https:\/\/media1.jensgustafsson.se\/2020\/02\/DSC_2135-1024x810.jpg 1024w, https:\/\/media1.jensgustafsson.se\/2020\/02\/DSC_2135-300x237.jpg 300w, https:\/\/media1.jensgustafsson.se\/2020\/02\/DSC_2135-768x608.jpg 768w, https:\/\/media1.jensgustafsson.se\/2020\/02\/DSC_2135-1536x1215.jpg 1536w, https:\/\/media1.jensgustafsson.se\/2020\/02\/DSC_2135-2048x1620.jpg 2048w, https:\/\/media1.jensgustafsson.se\/2020\/02\/DSC_2135-379x300.jpg 379w\" sizes=\"auto, (max-width: 1024px) 100vw, 1024px\" \/><figcaption><strong><em>19 januari. N\u00f6t\u00e5n flyter fram under den gamla g\u00e5ngbron.<\/em><\/strong><\/figcaption><\/figure>\n\n\n\n<figure class=\"wp-block-image size-large\"><img loading=\"lazy\" decoding=\"async\" width=\"1024\" height=\"760\" src=\"http:\/\/media1.jensgustafsson.se\/2020\/02\/DSC_2255-1024x760.jpg\" alt=\"\" class=\"wp-image-15608\" srcset=\"https:\/\/media1.jensgustafsson.se\/2020\/02\/DSC_2255-1024x760.jpg 1024w, https:\/\/media1.jensgustafsson.se\/2020\/02\/DSC_2255-300x223.jpg 300w, https:\/\/media1.jensgustafsson.se\/2020\/02\/DSC_2255-768x570.jpg 768w, https:\/\/media1.jensgustafsson.se\/2020\/02\/DSC_2255-1536x1141.jpg 1536w, https:\/\/media1.jensgustafsson.se\/2020\/02\/DSC_2255-2048x1521.jpg 2048w, https:\/\/media1.jensgustafsson.se\/2020\/02\/DSC_2255-404x300.jpg 404w\" sizes=\"auto, (max-width: 1024px) 100vw, 1024px\" \/><figcaption><strong><em>20 januari. S\u00e5ngsvan i dammen vid F\u00e5glebo.<\/em><\/strong><\/figcaption><\/figure>\n\n\n\n<figure class=\"wp-block-image size-large\"><img loading=\"lazy\" decoding=\"async\" width=\"900\" height=\"1024\" src=\"http:\/\/media1.jensgustafsson.se\/2020\/02\/DSC_2299-900x1024.jpg\" alt=\"\" class=\"wp-image-15609\" srcset=\"https:\/\/media1.jensgustafsson.se\/2020\/02\/DSC_2299-900x1024.jpg 900w, https:\/\/media1.jensgustafsson.se\/2020\/02\/DSC_2299-264x300.jpg 264w, https:\/\/media1.jensgustafsson.se\/2020\/02\/DSC_2299-768x874.jpg 768w, https:\/\/media1.jensgustafsson.se\/2020\/02\/DSC_2299-1350x1536.jpg 1350w, https:\/\/media1.jensgustafsson.se\/2020\/02\/DSC_2299-1800x2048.jpg 1800w\" sizes=\"auto, (max-width: 900px) 100vw, 900px\" \/><figcaption><strong><em>22 januari. Utflykt till Sm\u00e5lands h\u00f6gsta vattenfall, Stalpet i Aneby.<\/em><\/strong><\/figcaption><\/figure>\n\n\n\n<figure class=\"wp-block-image size-large\"><img loading=\"lazy\" decoding=\"async\" width=\"1024\" height=\"683\" src=\"http:\/\/media1.jensgustafsson.se\/2020\/02\/DSC_2435-1024x683.jpg\" alt=\"\" class=\"wp-image-15610\" srcset=\"https:\/\/media1.jensgustafsson.se\/2020\/02\/DSC_2435-1024x683.jpg 1024w, https:\/\/media1.jensgustafsson.se\/2020\/02\/DSC_2435-300x200.jpg 300w, https:\/\/media1.jensgustafsson.se\/2020\/02\/DSC_2435-768x512.jpg 768w, https:\/\/media1.jensgustafsson.se\/2020\/02\/DSC_2435-1536x1024.jpg 1536w, https:\/\/media1.jensgustafsson.se\/2020\/02\/DSC_2435-2048x1365.jpg 2048w, https:\/\/media1.jensgustafsson.se\/2020\/02\/DSC_2435-450x300.jpg 450w\" sizes=\"auto, (max-width: 1024px) 100vw, 1024px\" \/><figcaption><strong><em>23 januari. Morgonen ute i Lilla Klobo.<\/em><\/strong><\/figcaption><\/figure>\n\n\n\n<figure class=\"wp-block-image size-large\"><img loading=\"lazy\" decoding=\"async\" width=\"1024\" height=\"834\" src=\"http:\/\/media1.jensgustafsson.se\/2020\/02\/DSC_2511-1024x834.jpg\" alt=\"\" class=\"wp-image-15611\" srcset=\"https:\/\/media1.jensgustafsson.se\/2020\/02\/DSC_2511-1024x834.jpg 1024w, https:\/\/media1.jensgustafsson.se\/2020\/02\/DSC_2511-300x244.jpg 300w, https:\/\/media1.jensgustafsson.se\/2020\/02\/DSC_2511-768x625.jpg 768w, https:\/\/media1.jensgustafsson.se\/2020\/02\/DSC_2511-1536x1251.jpg 1536w, https:\/\/media1.jensgustafsson.se\/2020\/02\/DSC_2511-2048x1667.jpg 2048w, https:\/\/media1.jensgustafsson.se\/2020\/02\/DSC_2511-368x300.jpg 368w\" sizes=\"auto, (max-width: 1024px) 100vw, 1024px\" \/><figcaption><strong><em>24 januari. Kn\u00f6lsvan vid Ernemar, Oskarshamn.<\/em><\/strong><\/figcaption><\/figure>\n\n\n\n<figure class=\"wp-block-image size-large\"><img loading=\"lazy\" decoding=\"async\" width=\"1024\" height=\"683\" src=\"http:\/\/media1.jensgustafsson.se\/2020\/02\/DSC_2595-1024x683.jpg\" alt=\"\" class=\"wp-image-15612\" srcset=\"https:\/\/media1.jensgustafsson.se\/2020\/02\/DSC_2595-1024x683.jpg 1024w, https:\/\/media1.jensgustafsson.se\/2020\/02\/DSC_2595-300x200.jpg 300w, https:\/\/media1.jensgustafsson.se\/2020\/02\/DSC_2595-768x512.jpg 768w, https:\/\/media1.jensgustafsson.se\/2020\/02\/DSC_2595-1536x1024.jpg 1536w, https:\/\/media1.jensgustafsson.se\/2020\/02\/DSC_2595-2048x1365.jpg 2048w, https:\/\/media1.jensgustafsson.se\/2020\/02\/DSC_2595-450x300.jpg 450w\" sizes=\"auto, (max-width: 1024px) 100vw, 1024px\" \/><figcaption><strong><em>29 januari. N\u00f6t\u00e5n, Vecklevad.<\/em><\/strong><\/figcaption><\/figure>\n\n\n\n<figure class=\"wp-block-image size-large\"><img loading=\"lazy\" decoding=\"async\" width=\"1024\" height=\"599\" src=\"http:\/\/media1.jensgustafsson.se\/2020\/02\/DSC_2633-1024x599.jpg\" alt=\"\" class=\"wp-image-15613\" srcset=\"https:\/\/media1.jensgustafsson.se\/2020\/02\/DSC_2633-1024x599.jpg 1024w, https:\/\/media1.jensgustafsson.se\/2020\/02\/DSC_2633-300x176.jpg 300w, https:\/\/media1.jensgustafsson.se\/2020\/02\/DSC_2633-768x449.jpg 768w, https:\/\/media1.jensgustafsson.se\/2020\/02\/DSC_2633-1536x899.jpg 1536w, https:\/\/media1.jensgustafsson.se\/2020\/02\/DSC_2633-2048x1199.jpg 2048w, https:\/\/media1.jensgustafsson.se\/2020\/02\/DSC_2633-500x293.jpg 500w\" sizes=\"auto, (max-width: 1024px) 100vw, 1024px\" \/><figcaption><strong><em>30 januari. Em\u00e5n vid Forsaryd.<\/em><\/strong><\/figcaption><\/figure>\n\n\n\n<figure class=\"wp-block-image size-large\"><img loading=\"lazy\" decoding=\"async\" width=\"1024\" height=\"754\" src=\"http:\/\/media1.jensgustafsson.se\/2020\/02\/P1150074-1024x754.jpg\" alt=\"\" class=\"wp-image-15614\" srcset=\"https:\/\/media1.jensgustafsson.se\/2020\/02\/P1150074-1024x754.jpg 1024w, https:\/\/media1.jensgustafsson.se\/2020\/02\/P1150074-300x221.jpg 300w, https:\/\/media1.jensgustafsson.se\/2020\/02\/P1150074-768x565.jpg 768w, https:\/\/media1.jensgustafsson.se\/2020\/02\/P1150074-1536x1131.jpg 1536w, https:\/\/media1.jensgustafsson.se\/2020\/02\/P1150074-2048x1508.jpg 2048w, https:\/\/media1.jensgustafsson.se\/2020\/02\/P1150074-408x300.jpg 408w\" sizes=\"auto, (max-width: 1024px) 100vw, 1024px\" \/><figcaption><strong><em>31 januari. Sn\u00f6droppar i Lilla Klobo.<\/em><\/strong><\/figcaption><\/figure>\n\n\n\n<p class=\"has-text-color has-medium-font-size has-blue-color\"> <em>D\u00e4r slutar mitt inl\u00e4gg om januarim\u00e5naden 2020. Kollar displayen p\u00e5 min v\u00e4derstation bredvid mig d\u00e4r jag sitter och skriver nu kl. 8.30 den 1 februari 2020, och termometern visar +6,9\u00b0C, det \u00e4r ju helt otroligt. Det blir sp\u00e4nnande att f\u00f6lja v\u00e4drets utveckling fram\u00f6ver, f\u00e5r vi \u00e5rstiden vinter temperaturm\u00e4ssigt denna vinter?? Hur blir v\u00e5ren?? Hur blir sommaren?? M\u00e5nga fr\u00e5getecken, och jag kommer att f\u00f6lja och rapportera. Om ni vill l\u00e4sa\/f\u00f6lja vad som h\u00e4nder v\u00e4der och fotom\u00e4ssigt vad det g\u00e4ller mig och framtiden&#8230;ja det \u00e4r upp till var och en att avg\u00f6ra.. \ud83d\ude42 <\/em><\/p>\n","protected":false},"excerpt":{"rendered":"<p>\u00c5rets januarim\u00e5nad blev den varmaste vi haft h\u00e4r runt F\u00e5gelfors sedan 1989. D\u00e5 hamnade medeltemperaturen p\u00e5 +3,9\u00b0C, och i \u00e5r hamnade den p\u00e5 +3,7\u00b0C. Referensperioden 1961-1990 har en medeltemperatur h\u00e4r i F\u00e5gelfors p\u00e5 -3,0\u00b0C, s\u00e5 allts\u00e5 hade vi hela 6,7\u00b0C &hellip; <a href=\"https:\/\/jensgustafsson.se\/?page_id=15589\">Forts\u00e4tt l\u00e4sa <span class=\"meta-nav\">&rarr;<\/span><\/a><\/p>\n","protected":false},"author":1,"featured_media":0,"parent":15586,"menu_order":1,"comment_status":"closed","ping_status":"closed","template":"","meta":{"footnotes":""},"class_list":["post-15589","page","type-page","status-publish","hentry"],"_links":{"self":[{"href":"https:\/\/jensgustafsson.se\/index.php?rest_route=\/wp\/v2\/pages\/15589","targetHints":{"allow":["GET"]}}],"collection":[{"href":"https:\/\/jensgustafsson.se\/index.php?rest_route=\/wp\/v2\/pages"}],"about":[{"href":"https:\/\/jensgustafsson.se\/index.php?rest_route=\/wp\/v2\/types\/page"}],"author":[{"embeddable":true,"href":"https:\/\/jensgustafsson.se\/index.php?rest_route=\/wp\/v2\/users\/1"}],"replies":[{"embeddable":true,"href":"https:\/\/jensgustafsson.se\/index.php?rest_route=%2Fwp%2Fv2%2Fcomments&post=15589"}],"version-history":[{"count":1,"href":"https:\/\/jensgustafsson.se\/index.php?rest_route=\/wp\/v2\/pages\/15589\/revisions"}],"predecessor-version":[{"id":15615,"href":"https:\/\/jensgustafsson.se\/index.php?rest_route=\/wp\/v2\/pages\/15589\/revisions\/15615"}],"up":[{"embeddable":true,"href":"https:\/\/jensgustafsson.se\/index.php?rest_route=\/wp\/v2\/pages\/15586"}],"wp:attachment":[{"href":"https:\/\/jensgustafsson.se\/index.php?rest_route=%2Fwp%2Fv2%2Fmedia&parent=15589"}],"curies":[{"name":"wp","href":"https:\/\/api.w.org\/{rel}","templated":true}]}}