{"id":15849,"date":"2020-03-01T08:40:31","date_gmt":"2020-03-01T07:40:31","guid":{"rendered":"http:\/\/jensgustafsson.se\/?page_id=15849"},"modified":"2020-03-01T09:06:26","modified_gmt":"2020-03-01T08:06:26","slug":"februari-2020","status":"publish","type":"page","link":"https:\/\/jensgustafsson.se\/?page_id=15849","title":{"rendered":"Februari 2020."},"content":{"rendered":"\n<p class=\"has-text-color has-background has-drop-cap has-medium-font-size has-blue-color has-light-gray-background-color\"> <em>\u00c5rets februarim\u00e5nad har varit mild, nederb\u00f6rdsrik, sn\u00f6fattig och bl\u00e5sig. Vinter rent meteorologiskt fick vi inte denna kalendariska vinter, som omfattar december 2019, januari och februari 2020. 15 februari kom allts\u00e5 d\u00e5 den meteorologiska v\u00e5ren till F\u00e5gelfors. En mycket mild m\u00e5nad som sagt, medeltemperaturen blev +3,1\u00b0C. Vi har haft 12 frostdygn under m\u00e5naden, (mintemperaur under 0\u00b0C). Inte ett enda isdygn (maxtemp under 0\u00b0C) har det varit, vilket f\u00e5r anses ovanligt f\u00f6r februari. I diagrammet nedan ser vi hur temperaturen varit i februari detta \u00e5r, kurvor f\u00f6r min-max och medeltemperaturen dagligen.<\/em><\/p>\n\n\n\n<figure class=\"wp-block-image size-large is-resized\"><img loading=\"lazy\" decoding=\"async\" src=\"http:\/\/media1.jensgustafsson.se\/2020\/03\/image.png\" alt=\"\" class=\"wp-image-15850\" width=\"895\" height=\"424\" srcset=\"https:\/\/media1.jensgustafsson.se\/2020\/03\/image.png 895w, https:\/\/media1.jensgustafsson.se\/2020\/03\/image-300x142.png 300w, https:\/\/media1.jensgustafsson.se\/2020\/03\/image-768x364.png 768w, https:\/\/media1.jensgustafsson.se\/2020\/03\/image-500x237.png 500w\" sizes=\"auto, (max-width: 895px) 100vw, 895px\" \/><\/figure>\n\n\n\n<p class=\"has-text-color has-background has-medium-font-size has-blue-color has-light-gray-background-color\"> <em>Vi l\u00e4ser och h\u00f6r ju dagligen om detta med den h\u00e4r milda vintern, och den milda februari vi just avslutat. Visst har vi haft en mild vinter, och en mild februarim\u00e5nad, men f\u00f6r att friska upp minnet, s\u00e5 har jag g\u00e5tt bak\u00e5t i min statistik, som omfattar \u00e5ren 1961-2020. I media h\u00f6r man ju ofta ordet &#8221;normalt&#8221; och \u00f6ver eller under &#8221;normalt&#8221; i v\u00e4dersammanhang i dessa tider, d\u00e4r man blandar v\u00e4der, klimat och milj\u00f6 hej svejs. Jag anv\u00e4nder inte ordet &#8221;normalt&#8221; i min v\u00e4derblogg, utan anger referensperioden jag j\u00e4mf\u00f6r med. F\u00f6r att d\u00e5 se p\u00e5 februarim\u00e5naden genom referensperioden 1961-2020, s\u00e5 gick jag igenom dessa \u00e5r, och gjorde ett diagram \u00f6ver \u00e5r med en medeltemperatur \u00f6ver +2,0\u00b0C. Det har ju faktiskt f\u00f6rekommit vid sju tillf\u00e4llen genom \u00e5ren innan detta \u00e5r, s\u00e5dant som l\u00e4tt gl\u00f6ms, eller f\u00f6rtr\u00e4ngs kanske, vad vet jag. Se nedan, \u00e5rtal och inne i stapeln st\u00e5r medeltemperaturen.<\/em><\/p>\n\n\n\n<figure class=\"wp-block-image size-large is-resized\"><img loading=\"lazy\" decoding=\"async\" src=\"http:\/\/media1.jensgustafsson.se\/2020\/03\/image-1.png\" alt=\"\" class=\"wp-image-15851\" width=\"914\" height=\"359\" srcset=\"https:\/\/media1.jensgustafsson.se\/2020\/03\/image-1.png 914w, https:\/\/media1.jensgustafsson.se\/2020\/03\/image-1-300x118.png 300w, https:\/\/media1.jensgustafsson.se\/2020\/03\/image-1-768x302.png 768w, https:\/\/media1.jensgustafsson.se\/2020\/03\/image-1-500x196.png 500w\" sizes=\"auto, (max-width: 914px) 100vw, 914px\" \/><\/figure>\n\n\n\n<p class=\"has-text-color has-background has-medium-font-size has-blue-color has-light-gray-background-color\"><em> Nedan d\u00e5 tv\u00e5 diagram som visar medeltemperaturen i februari under \u00e5ren 1961-2020, varje \u00e5r separat. D\u00e4r ser vi ju att det finns riktigt kalla februarim\u00e5nader ocks\u00e5 under referensperioderna. <\/em><\/p>\n\n\n\n<figure class=\"wp-block-image size-large is-resized\"><img loading=\"lazy\" decoding=\"async\" src=\"http:\/\/media1.jensgustafsson.se\/2020\/03\/image-8-1024x414.png\" alt=\"\" class=\"wp-image-15861\" width=\"1024\" height=\"414\" srcset=\"https:\/\/media1.jensgustafsson.se\/2020\/03\/image-8-1024x414.png 1024w, https:\/\/media1.jensgustafsson.se\/2020\/03\/image-8-300x121.png 300w, https:\/\/media1.jensgustafsson.se\/2020\/03\/image-8-768x310.png 768w, https:\/\/media1.jensgustafsson.se\/2020\/03\/image-8-500x202.png 500w, https:\/\/media1.jensgustafsson.se\/2020\/03\/image-8.png 1057w\" sizes=\"auto, (max-width: 1024px) 100vw, 1024px\" \/><\/figure>\n\n\n\n<figure class=\"wp-block-image size-large is-resized\"><img loading=\"lazy\" decoding=\"async\" src=\"http:\/\/media1.jensgustafsson.se\/2020\/03\/image-9-1024x426.png\" alt=\"\" class=\"wp-image-15862\" width=\"1024\" height=\"426\" srcset=\"https:\/\/media1.jensgustafsson.se\/2020\/03\/image-9-1024x426.png 1024w, https:\/\/media1.jensgustafsson.se\/2020\/03\/image-9-300x125.png 300w, https:\/\/media1.jensgustafsson.se\/2020\/03\/image-9-768x319.png 768w, https:\/\/media1.jensgustafsson.se\/2020\/03\/image-9-500x208.png 500w, https:\/\/media1.jensgustafsson.se\/2020\/03\/image-9.png 1066w\" sizes=\"auto, (max-width: 1024px) 100vw, 1024px\" \/><\/figure>\n\n\n\n<p class=\"has-text-color has-background has-medium-font-size has-blue-color has-light-gray-background-color\"> <em>Diagrammet nedan visar medeltemperaturen f\u00f6r februari, uppdelat i fyra referensperioder under \u00e5ren 1961-2020.<\/em> <em>Viktigt att alltid ange vad man j\u00e4mf\u00f6r med i statistik tycker jag<\/em>.<\/p>\n\n\n\n<figure class=\"wp-block-image size-large is-resized\"><img loading=\"lazy\" decoding=\"async\" src=\"http:\/\/media1.jensgustafsson.se\/2020\/03\/image-2.png\" alt=\"\" class=\"wp-image-15852\" width=\"827\" height=\"326\" srcset=\"https:\/\/media1.jensgustafsson.se\/2020\/03\/image-2.png 827w, https:\/\/media1.jensgustafsson.se\/2020\/03\/image-2-300x118.png 300w, https:\/\/media1.jensgustafsson.se\/2020\/03\/image-2-768x303.png 768w, https:\/\/media1.jensgustafsson.se\/2020\/03\/image-2-500x197.png 500w\" sizes=\"auto, (max-width: 827px) 100vw, 827px\" \/><\/figure>\n\n\n\n<p class=\"has-text-color has-background has-medium-font-size has-blue-color has-light-gray-background-color\"> <em>Nederb\u00f6rd har vi f\u00e5tt ordentligt med denna m\u00e5nad. Vi har f\u00e5tt 86 mm totalt, vilket \u00e4r 150 % mera \u00e4n vad vi i medeltal brukat f\u00e5 under referensperioden 1961-2019. Det mesta av nederb\u00f6rden har kommit som regn. I slutet av m\u00e5naden kom det lite sn\u00f6, som resulterade i ett m\u00e4tbart sn\u00f6t\u00e4cke, 5 cm som max. 4 dygn har marken varit t\u00e4ckt av sn\u00f6, ovanligt f\u00f6r februari. I diagrammet nedan visar jag nederb\u00f6rden i medel f\u00f6r februari m\u00e5nad genom \u00e5ren 1961-2019 och aktuell f\u00f6r i \u00e5r.<\/em><\/p>\n\n\n\n<figure class=\"wp-block-image size-large is-resized\"><img loading=\"lazy\" decoding=\"async\" src=\"http:\/\/media1.jensgustafsson.se\/2020\/03\/image-3.png\" alt=\"\" class=\"wp-image-15854\" width=\"831\" height=\"314\" srcset=\"https:\/\/media1.jensgustafsson.se\/2020\/03\/image-3.png 831w, https:\/\/media1.jensgustafsson.se\/2020\/03\/image-3-300x113.png 300w, https:\/\/media1.jensgustafsson.se\/2020\/03\/image-3-768x290.png 768w, https:\/\/media1.jensgustafsson.se\/2020\/03\/image-3-500x189.png 500w\" sizes=\"auto, (max-width: 831px) 100vw, 831px\" \/><\/figure>\n\n\n\n<p class=\"has-text-color has-background has-medium-font-size has-blue-color has-light-gray-background-color\"> <em>Nederb\u00f6rden har fallit under 18 dygn, f\u00f6rdelat enligt diagrammet nedan.<\/em><\/p>\n\n\n\n<figure class=\"wp-block-image size-large is-resized\"><img loading=\"lazy\" decoding=\"async\" src=\"http:\/\/media1.jensgustafsson.se\/2020\/03\/image-5.png\" alt=\"\" class=\"wp-image-15856\" width=\"761\" height=\"518\" srcset=\"https:\/\/media1.jensgustafsson.se\/2020\/03\/image-5.png 761w, https:\/\/media1.jensgustafsson.se\/2020\/03\/image-5-300x204.png 300w, https:\/\/media1.jensgustafsson.se\/2020\/03\/image-5-441x300.png 441w\" sizes=\"auto, (max-width: 761px) 100vw, 761px\" \/><\/figure>\n\n\n\n<p class=\"has-text-color has-background has-medium-font-size has-blue-color has-light-gray-background-color\"> <em>Tv\u00e5 diagram nedan som visar nederb\u00f6rd i februari under \u00e5ren 1961-2020.<\/em><\/p>\n\n\n\n<figure class=\"wp-block-image size-large is-resized\"><img loading=\"lazy\" decoding=\"async\" src=\"http:\/\/media1.jensgustafsson.se\/2020\/03\/image-6.png\" alt=\"\" class=\"wp-image-15857\" width=\"989\" height=\"478\" srcset=\"https:\/\/media1.jensgustafsson.se\/2020\/03\/image-6.png 989w, https:\/\/media1.jensgustafsson.se\/2020\/03\/image-6-300x145.png 300w, https:\/\/media1.jensgustafsson.se\/2020\/03\/image-6-768x371.png 768w, https:\/\/media1.jensgustafsson.se\/2020\/03\/image-6-500x242.png 500w\" sizes=\"auto, (max-width: 989px) 100vw, 989px\" \/><\/figure>\n\n\n\n<figure class=\"wp-block-image size-large is-resized\"><img loading=\"lazy\" decoding=\"async\" src=\"http:\/\/media1.jensgustafsson.se\/2020\/03\/image-7.png\" alt=\"\" class=\"wp-image-15859\" width=\"970\" height=\"444\" srcset=\"https:\/\/media1.jensgustafsson.se\/2020\/03\/image-7.png 970w, https:\/\/media1.jensgustafsson.se\/2020\/03\/image-7-300x137.png 300w, https:\/\/media1.jensgustafsson.se\/2020\/03\/image-7-768x352.png 768w, https:\/\/media1.jensgustafsson.se\/2020\/03\/image-7-500x229.png 500w\" sizes=\"auto, (max-width: 970px) 100vw, 970px\" \/><\/figure>\n\n\n\n<p class=\"has-text-color has-background has-medium-font-size has-blue-color has-light-gray-background-color\"><em> Vind har vi haft mycket av i februari. Vi har haft 15 dagar med en medelvind \u00f6ver 10 m\/s, och vissa dagar ha det varit mycket kraftiga vindbyar. Vinden har mestadels kommit fr\u00e5n den v\u00e4stliga sidan, en av orsak\/anledning till det milda v\u00e4dret vi haft. Diagrammet nedan visar antal dagar med respektive vindriktning.<\/em><\/p>\n\n\n\n<figure class=\"wp-block-image size-large is-resized\"><img loading=\"lazy\" decoding=\"async\" src=\"http:\/\/media1.jensgustafsson.se\/2020\/03\/image-10.png\" alt=\"\" class=\"wp-image-15864\" width=\"831\" height=\"354\" srcset=\"https:\/\/media1.jensgustafsson.se\/2020\/03\/image-10.png 831w, https:\/\/media1.jensgustafsson.se\/2020\/03\/image-10-300x128.png 300w, https:\/\/media1.jensgustafsson.se\/2020\/03\/image-10-768x327.png 768w, https:\/\/media1.jensgustafsson.se\/2020\/03\/image-10-500x213.png 500w\" sizes=\"auto, (max-width: 831px) 100vw, 831px\" \/><\/figure>\n\n\n\n<p class=\"has-text-color has-background has-medium-font-size has-blue-color has-light-gray-background-color\"> <em>S\u00e5 kommer sammanfattningen i siffror fr\u00e5n min v\u00e4derstation, WS-2308, som jobbar med tv\u00e5 program, Heavy Wheather f\u00f6r loggningen, och Cumulus som ocks\u00e5 loggar, och omvandlar med hj\u00e4lp av mig till \u00f6versk\u00e5dliga fakta p\u00e5 min v\u00e4dersida p\u00e5 w<\/em>ebben. <\/p>\n\n\n\n<p class=\"has-text-color has-background has-medium-font-size has-blue-color has-light-gray-background-color\"><em> Sammanfattning f\u00f6r februari 2020<\/em><\/p>\n\n\n\n<p class=\"has-text-color has-background has-medium-font-size has-blue-color has-light-gray-background-color\"> <em>Temperatur (\u00b0 C):<br \/> Medel (min + max) 3,1<br \/> Genomsnittlig minimum 0,7<br \/> Genomsnittslig maximum 5,8<br \/> Minimum -4,1 dag 14<br \/> Maximum 9,8 dag 16<br \/> H\u00f6gsta minimum 5,6 dag 16<br \/> L\u00e4gsta maximum 0,4 dag 27<br \/> Frostdygn 14<\/em><\/p>\n\n\n\n<p class=\"has-text-color has-background has-medium-font-size has-blue-color has-light-gray-background-color\"> <em>Nederb\u00f6rd (mm):<br \/> Totalt f\u00f6r m\u00e5nad 86<br \/> Nederb\u00f6rdsdagar 20<br \/> Torra dagar 9<\/em><\/p>\n\n\n\n<p class=\"has-text-color has-background has-medium-font-size has-blue-color has-light-gray-background-color\"><em> Vind (m \/ s):<br \/> Highest Gust 19 dag 10<\/em><\/p>\n\n\n\n<p class=\"has-text-color has-background has-medium-font-size has-blue-color has-light-gray-background-color\"> <em>Lufttryck (hPa):<br \/> Max 1015,5 dag 07<br \/> Minimum 973,8 dag 10<\/em><\/p>\n\n\n\n<p class=\"has-text-color has-background has-medium-font-size has-blue-color has-light-gray-background-color\"><em> D\u00e4r var min sammanfattning av februari 2020 med siffror ur loggen fr\u00e5n min privata v\u00e4derstation. En februarim\u00e5nad som sticker ut lite udda kanske. Jag po\u00e4ngterar \u00e4n en g\u00e5ng, statistik \u00e4r bra om den anv\u00e4nds r\u00e4tt, och man ska vara noga att ange vad man refererar till i sina kurvor och siffror, att bara anv\u00e4nda normalt eller inte normalt blir v\u00e4ldigt flummigt, som jag ser det. Denna g\u00e5ng l\u00e4gger jag inga bilder h\u00e4r som jag brukar, men f\u00f6r den som \u00e4r intresserad s\u00e5 finns bilder och dagssammanfattning  i min v\u00e4derblogg\/v\u00e4derdagbok, som jag startade 2013, och den inneh\u00e5ller nu n\u00e4stan 2600 dagars v\u00e4der. Du s\u00f6ker l\u00e4tt i arkivet som finns p\u00e5 min startsida www.jensgustafsson.se<\/em><\/p>\n","protected":false},"excerpt":{"rendered":"<p>\u00c5rets februarim\u00e5nad har varit mild, nederb\u00f6rdsrik, sn\u00f6fattig och bl\u00e5sig. Vinter rent meteorologiskt fick vi inte denna kalendariska vinter, som omfattar december 2019, januari och februari 2020. 15 februari kom allts\u00e5 d\u00e5 den meteorologiska v\u00e5ren till F\u00e5gelfors. En mycket mild m\u00e5nad &hellip; <a href=\"https:\/\/jensgustafsson.se\/?page_id=15849\">Forts\u00e4tt l\u00e4sa <span class=\"meta-nav\">&rarr;<\/span><\/a><\/p>\n","protected":false},"author":1,"featured_media":15791,"parent":15586,"menu_order":2,"comment_status":"closed","ping_status":"closed","template":"","meta":{"footnotes":""},"class_list":["post-15849","page","type-page","status-publish","has-post-thumbnail","hentry"],"_links":{"self":[{"href":"https:\/\/jensgustafsson.se\/index.php?rest_route=\/wp\/v2\/pages\/15849","targetHints":{"allow":["GET"]}}],"collection":[{"href":"https:\/\/jensgustafsson.se\/index.php?rest_route=\/wp\/v2\/pages"}],"about":[{"href":"https:\/\/jensgustafsson.se\/index.php?rest_route=\/wp\/v2\/types\/page"}],"author":[{"embeddable":true,"href":"https:\/\/jensgustafsson.se\/index.php?rest_route=\/wp\/v2\/users\/1"}],"replies":[{"embeddable":true,"href":"https:\/\/jensgustafsson.se\/index.php?rest_route=%2Fwp%2Fv2%2Fcomments&post=15849"}],"version-history":[{"count":6,"href":"https:\/\/jensgustafsson.se\/index.php?rest_route=\/wp\/v2\/pages\/15849\/revisions"}],"predecessor-version":[{"id":15866,"href":"https:\/\/jensgustafsson.se\/index.php?rest_route=\/wp\/v2\/pages\/15849\/revisions\/15866"}],"up":[{"embeddable":true,"href":"https:\/\/jensgustafsson.se\/index.php?rest_route=\/wp\/v2\/pages\/15586"}],"wp:featuredmedia":[{"embeddable":true,"href":"https:\/\/jensgustafsson.se\/index.php?rest_route=\/wp\/v2\/media\/15791"}],"wp:attachment":[{"href":"https:\/\/jensgustafsson.se\/index.php?rest_route=%2Fwp%2Fv2%2Fmedia&parent=15849"}],"curies":[{"name":"wp","href":"https:\/\/api.w.org\/{rel}","templated":true}]}}