{"id":16186,"date":"2020-04-02T07:08:11","date_gmt":"2020-04-02T06:08:11","guid":{"rendered":"http:\/\/jensgustafsson.se\/?page_id=16186"},"modified":"2020-04-02T07:37:24","modified_gmt":"2020-04-02T06:37:24","slug":"mars-2020","status":"publish","type":"page","link":"https:\/\/jensgustafsson.se\/?page_id=16186","title":{"rendered":"Mars 2020."},"content":{"rendered":"\n<p class=\"has-text-color has-background has-medium-font-size has-blue-color has-light-gray-background-color\"><em> Det flaggades i media i mitten av m\u00e5naden, att det gick mot en varmare marsm\u00e5nad j\u00e4mf\u00f6rt med &#8221;normalt&#8221;. N\u00e4r vi nu har facit i hand, ser vi att det varit en ganska ordin\u00e4r marsm\u00e5nad trots allt. Medeltemparturen blev +3,4\u00b0, och f\u00f6r att kunna j\u00e4mf\u00f6ra lite ur ett kortare perspektiv hur det sett ut de senaste 10 \u00e5ren i mars gjorde jag ett diagram.<\/em><\/p>\n\n\n\n<figure class=\"wp-block-image size-large\"><img loading=\"lazy\" decoding=\"async\" width=\"938\" height=\"394\" src=\"http:\/\/media1.jensgustafsson.se\/2020\/04\/image-2.png\" alt=\"\" class=\"wp-image-16187\" srcset=\"https:\/\/media1.jensgustafsson.se\/2020\/04\/image-2.png 938w, https:\/\/media1.jensgustafsson.se\/2020\/04\/image-2-300x126.png 300w, https:\/\/media1.jensgustafsson.se\/2020\/04\/image-2-768x323.png 768w, https:\/\/media1.jensgustafsson.se\/2020\/04\/image-2-500x210.png 500w\" sizes=\"auto, (max-width: 938px) 100vw, 938px\" \/><\/figure>\n\n\n\n<p class=\"has-text-color has-background has-medium-font-size has-blue-color has-light-gray-background-color\"> T<em>emperaturen har ju varierat lite upp och ner som vanligt under m\u00e5naden. Inledningen ganska kylig, d\u00e4refter en mildare period, f\u00f6r att i slutet p\u00e5 m\u00e5naden bli kyligt igen, med nattfrost alla n\u00e4tter efter den 20:e med undantag av en natt. Vi har haft 16 frostn\u00e4tter totalt denna m\u00e5nad. Den kallaste natten blev den mellan 30:e och 31:e med -8,5\u00b0, vilket \u00e4r den l\u00e4gsta temperaturen sedan 1:a december 2019. Den h\u00f6gsta temperaturen under m\u00e5naden fick vi den 28:e med +13,1\u00b0. I diagrammen nedan sammanfattar jag temperaturens variationer genom m\u00e5naden i det f\u00f6rsta, och i det andra visar jag medeltemperaturen f\u00f6r mars \u00e5ren 1961-2020.<\/em><\/p>\n\n\n\n<figure class=\"wp-block-image size-large\"><img loading=\"lazy\" decoding=\"async\" width=\"895\" height=\"386\" src=\"http:\/\/media1.jensgustafsson.se\/2020\/04\/image-3.png\" alt=\"\" class=\"wp-image-16189\" srcset=\"https:\/\/media1.jensgustafsson.se\/2020\/04\/image-3.png 895w, https:\/\/media1.jensgustafsson.se\/2020\/04\/image-3-300x129.png 300w, https:\/\/media1.jensgustafsson.se\/2020\/04\/image-3-768x331.png 768w, https:\/\/media1.jensgustafsson.se\/2020\/04\/image-3-500x216.png 500w\" sizes=\"auto, (max-width: 895px) 100vw, 895px\" \/><\/figure>\n\n\n\n<figure class=\"wp-block-image size-large\"><img loading=\"lazy\" decoding=\"async\" width=\"827\" height=\"350\" src=\"http:\/\/media1.jensgustafsson.se\/2020\/04\/image-6.png\" alt=\"\" class=\"wp-image-16201\" srcset=\"https:\/\/media1.jensgustafsson.se\/2020\/04\/image-6.png 827w, https:\/\/media1.jensgustafsson.se\/2020\/04\/image-6-300x127.png 300w, https:\/\/media1.jensgustafsson.se\/2020\/04\/image-6-768x325.png 768w, https:\/\/media1.jensgustafsson.se\/2020\/04\/image-6-500x212.png 500w\" sizes=\"auto, (max-width: 827px) 100vw, 827px\" \/><figcaption><strong><em>Jag har lagt in tre referensperioder h\u00e4r att j\u00e4mf\u00f6ra med.<\/em><\/strong><\/figcaption><\/figure>\n\n\n\n<p class=\"has-text-color has-background has-medium-font-size has-blue-color has-light-gray-background-color\"> <em>Nederb\u00f6rd har vi f\u00e5tt 43 mm totalt, f\u00f6rdelat p\u00e5 10 nederb\u00f6rdsdygn. Det mesta har fallit som regn, men den 13:e f\u00f6ll det 10 cm sn\u00f6. Det sn\u00f6t\u00e4cket l\u00e5g kvar tv\u00e5 dagar bara, s\u00e5 resten av m\u00e5naden har inget m\u00e4tbart sn\u00f6t\u00e4cke f\u00f6rekommit. Det blev f\u00f6rsta delen av m\u00e5naden som den st\u00f6rsta delen av nederb\u00f6rden f\u00f6ll, medan andra h\u00e4lften varit \u00f6verv\u00e4gande nederb\u00f6rdsfri. Det jag lagt m\u00e4rke till under mina dagliga observationer av v\u00e4der och vatten under mina promenader runtomkring F\u00e5gelfors \u00e4r att \u00f6versv\u00e4mningarna av N\u00f6t\u00e5n vi hade i b\u00f6rjan av m\u00e5naden, sj\u00f6nk undan v\u00e4ldigt snabbt i slutet av m\u00e5naden. Jag ser liknande m\u00f6nster mot i fjol, d\u00e5 det s\u00e5g likadant ut vid denna tid, men d\u00e5 f\u00f6ljdes mars av en extremt torr aprilm\u00e5nad, d\u00e5 vi bara fick 1 mm regn under hela m\u00e5naden. Jag skulle nog inte bli f\u00f6rv\u00e5nad om det snart b\u00f6rjar h\u00f6ras om l\u00e5ga grundvattenniv\u00e5er igen faktiskt, men det \u00e4r min &#8221;sp\u00e5dom&#8221;. I diagrammen nedan visar jag nederb\u00f6rdens f\u00f6rdelning under m\u00e5naden, och medelnederb\u00f6rden i mars under \u00e5ren 1961-2020.<\/em><\/p>\n\n\n\n<figure class=\"wp-block-image size-large\"><img loading=\"lazy\" decoding=\"async\" width=\"804\" height=\"591\" src=\"http:\/\/media1.jensgustafsson.se\/2020\/04\/image-7.png\" alt=\"\" class=\"wp-image-16205\" srcset=\"https:\/\/media1.jensgustafsson.se\/2020\/04\/image-7.png 804w, https:\/\/media1.jensgustafsson.se\/2020\/04\/image-7-300x221.png 300w, https:\/\/media1.jensgustafsson.se\/2020\/04\/image-7-768x565.png 768w, https:\/\/media1.jensgustafsson.se\/2020\/04\/image-7-408x300.png 408w\" sizes=\"auto, (max-width: 804px) 100vw, 804px\" \/><\/figure>\n\n\n\n<figure class=\"wp-block-image size-large\"><img loading=\"lazy\" decoding=\"async\" width=\"831\" height=\"311\" src=\"http:\/\/media1.jensgustafsson.se\/2020\/04\/image-8.png\" alt=\"\" class=\"wp-image-16206\" srcset=\"https:\/\/media1.jensgustafsson.se\/2020\/04\/image-8.png 831w, https:\/\/media1.jensgustafsson.se\/2020\/04\/image-8-300x112.png 300w, https:\/\/media1.jensgustafsson.se\/2020\/04\/image-8-768x287.png 768w, https:\/\/media1.jensgustafsson.se\/2020\/04\/image-8-500x187.png 500w\" sizes=\"auto, (max-width: 831px) 100vw, 831px\" \/><\/figure>\n\n\n\n<p class=\"has-text-color has-background has-medium-font-size has-blue-color has-light-gray-background-color\"><em> M\u00e5naden har upplevts bl\u00e5sig, och vi har haft 10 dygn med medelvind \u00f6ver 10 m\/s. En spontan reaktion \u00e4r, att vi har haft mycket vind p\u00e5 senare tid, \u00e4ven d\u00e5 att denna m\u00e5nad inte var fullt s\u00e5 m\u00e5nga bl\u00e5siga dagar som under februari. I diagrammet nedan visar jag antal dagar med respektive vindriktning under m\u00e5naden.<\/em><\/p>\n\n\n\n<figure class=\"wp-block-image size-large\"><img loading=\"lazy\" decoding=\"async\" width=\"809\" height=\"350\" src=\"http:\/\/media1.jensgustafsson.se\/2020\/04\/image-9.png\" alt=\"\" class=\"wp-image-16208\" srcset=\"https:\/\/media1.jensgustafsson.se\/2020\/04\/image-9.png 809w, https:\/\/media1.jensgustafsson.se\/2020\/04\/image-9-300x130.png 300w, https:\/\/media1.jensgustafsson.se\/2020\/04\/image-9-768x332.png 768w, https:\/\/media1.jensgustafsson.se\/2020\/04\/image-9-500x216.png 500w\" sizes=\"auto, (max-width: 809px) 100vw, 809px\" \/><\/figure>\n\n\n\n<p class=\"has-text-color has-background has-medium-font-size has-blue-color has-light-gray-background-color\"> <em>S\u00e5 kommer sammanfattningen i siffror fr\u00e5n min v\u00e4derstation, WS-2308, som jobbar med tv\u00e5 program, Heavy Wheather f\u00f6r loggningen, och Cumulus som ocks\u00e5 loggar, och omvandlar med hj\u00e4lp av mig till \u00f6versk\u00e5dliga fakta p\u00e5 min v\u00e4dersida p\u00e5 w<\/em>ebben.<\/p>\n\n\n\n<p class=\"has-text-color has-background has-medium-font-size has-blue-color has-light-gray-background-color\"><em>Sammanfattning f\u00f6r mars 2020<\/em><\/p>\n\n\n\n<p class=\"has-text-color has-background has-medium-font-size has-blue-color has-light-gray-background-color\"><em>Temperatur (\u00b0 C):<br \/>Medel (min + max) 3,4<br \/>Genomsnittligt minimum -0,9<br \/>Medel Maximum 8,0<br \/>Min. -8,5 dag 31<br \/>Max. 13,1 dag 28<br \/>H\u00f6gsta minimum 4,6 dag 11<br \/>L\u00e4gsta max 1,8 dag 14<br \/>Frostn\u00e4tter. 16<\/em><\/p>\n\n\n\n<p class=\"has-text-color has-background has-medium-font-size has-blue-color has-light-gray-background-color\"><em>Nederb\u00f6rd (mm):<br \/>Totalt f\u00f6r m\u00e5nad 43<br \/>Mesta nederb. 11,0 dag 13<br \/>Nederb\u00f6rdsdagar 10<br \/>Torra dagar 21<\/em><\/p>\n\n\n\n<p class=\"has-text-color has-background has-medium-font-size has-blue-color has-light-gray-background-color\"><em>Vind (m \/ s):<br \/>H\u00f6gsta byvind 20,5 dag 11<\/em><\/p>\n\n\n\n<p class=\"has-text-color has-background has-medium-font-size has-blue-color has-light-gray-background-color\"><em>Lufttryck (hPa):<br \/>Max 1022,3 dag 23<br \/>Minst 963,0 dag 12<\/em><\/p>\n\n\n\n<p class=\"has-text-color has-background has-medium-font-size has-blue-color has-light-gray-background-color\"><em>Det var f\u00f6rsta v\u00e5rm\u00e5nadens sammanfattning, och vi drar vidare in i april. V\u00e4derstationen loggar vidare, jag tar hand om infon fr\u00e5n den och l\u00e4gger in i den dagliga &#8221;bokf\u00f6ringen&#8221; p\u00e5 min v\u00e4dersida. Kompletterar med foton som har lite natur-\/v\u00e4derrelaterat. <\/em><\/p>\n","protected":false},"excerpt":{"rendered":"<p>Det flaggades i media i mitten av m\u00e5naden, att det gick mot en varmare marsm\u00e5nad j\u00e4mf\u00f6rt med &#8221;normalt&#8221;. N\u00e4r vi nu har facit i hand, ser vi att det varit en ganska ordin\u00e4r marsm\u00e5nad trots allt. Medeltemparturen blev +3,4\u00b0, och &hellip; <a href=\"https:\/\/jensgustafsson.se\/?page_id=16186\">Forts\u00e4tt l\u00e4sa <span class=\"meta-nav\">&rarr;<\/span><\/a><\/p>\n","protected":false},"author":1,"featured_media":0,"parent":15586,"menu_order":3,"comment_status":"closed","ping_status":"closed","template":"","meta":{"footnotes":""},"class_list":["post-16186","page","type-page","status-publish","hentry"],"_links":{"self":[{"href":"https:\/\/jensgustafsson.se\/index.php?rest_route=\/wp\/v2\/pages\/16186","targetHints":{"allow":["GET"]}}],"collection":[{"href":"https:\/\/jensgustafsson.se\/index.php?rest_route=\/wp\/v2\/pages"}],"about":[{"href":"https:\/\/jensgustafsson.se\/index.php?rest_route=\/wp\/v2\/types\/page"}],"author":[{"embeddable":true,"href":"https:\/\/jensgustafsson.se\/index.php?rest_route=\/wp\/v2\/users\/1"}],"replies":[{"embeddable":true,"href":"https:\/\/jensgustafsson.se\/index.php?rest_route=%2Fwp%2Fv2%2Fcomments&post=16186"}],"version-history":[{"count":10,"href":"https:\/\/jensgustafsson.se\/index.php?rest_route=\/wp\/v2\/pages\/16186\/revisions"}],"predecessor-version":[{"id":16212,"href":"https:\/\/jensgustafsson.se\/index.php?rest_route=\/wp\/v2\/pages\/16186\/revisions\/16212"}],"up":[{"embeddable":true,"href":"https:\/\/jensgustafsson.se\/index.php?rest_route=\/wp\/v2\/pages\/15586"}],"wp:attachment":[{"href":"https:\/\/jensgustafsson.se\/index.php?rest_route=%2Fwp%2Fv2%2Fmedia&parent=16186"}],"curies":[{"name":"wp","href":"https:\/\/api.w.org\/{rel}","templated":true}]}}