{"id":16828,"date":"2020-06-01T12:50:42","date_gmt":"2020-06-01T11:50:42","guid":{"rendered":"http:\/\/jensgustafsson.se\/?page_id=16828"},"modified":"2020-06-01T12:55:28","modified_gmt":"2020-06-01T11:55:28","slug":"maj-2020","status":"publish","type":"page","link":"https:\/\/jensgustafsson.se\/?page_id=16828","title":{"rendered":"Maj 2020."},"content":{"rendered":"\n<p class=\"has-text-color has-background has-drop-cap has-medium-font-size has-blue-color has-light-gray-background-color\"><em> \u00c5rets majm\u00e5nad h\u00e4r i F\u00e5gelfors med omnejd blev totalt sett lite kyligare \u00e4n vad den varit de senaste \u00e5ren. Lite blandat v\u00e4der har det varit, med en hel del sol, men ocks\u00e5 lite regn ibland, dock lite i underkant om man tittar p\u00e5 genomsnittlig nederb\u00f6rd tillbaka i tiden. Vinden har gjort sig p\u00e5mind ganska mycket, och det p\u00e5verkar ju upplevelsen av temperaturen v\u00e4sentligt. Trots ganska hyfsat n\u00e4r man tittat p\u00e5 termometern, men ett helt annat i vinden. \u00c5ska har inte registrerats n\u00e4ra F\u00e5gelfors under m\u00e5naden, har varit lite p\u00e5 sina h\u00e5ll lite l\u00e4ngre h\u00e4rifr\u00e5n vid ett par tillf\u00e4llen. Jag delar som vanligt upp min m\u00e5nadssammanfattning i tre delar nedan, temperatur, nederb\u00f6rd och vind, med lite diagram och text runtomkring.<\/em><\/p>\n\n\n\n<figure class=\"wp-block-image size-large\"><img loading=\"lazy\" decoding=\"async\" width=\"901\" height=\"396\" src=\"http:\/\/media1.jensgustafsson.se\/2020\/06\/image.png\" alt=\"\" class=\"wp-image-16829\" srcset=\"https:\/\/media1.jensgustafsson.se\/2020\/06\/image.png 901w, https:\/\/media1.jensgustafsson.se\/2020\/06\/image-300x132.png 300w, https:\/\/media1.jensgustafsson.se\/2020\/06\/image-768x338.png 768w, https:\/\/media1.jensgustafsson.se\/2020\/06\/image-500x220.png 500w\" sizes=\"auto, (max-width: 901px) 100vw, 901px\" \/><\/figure>\n\n\n\n<p class=\"has-text-color has-background has-medium-font-size has-blue-color has-light-gray-background-color\"> <em>I diagrammet ovan visar jag temperaturen \u00f6ver m\u00e5naden. Temperaturen har ju som sig brukar, sv\u00e4ngt lite upp och ner. B\u00f6rjan och mitten av m\u00e5naden ser vi att det varit lite speciellt kyligt. Medeltemperaturen blev +10,5\u00b0, vilket \u00e4r 1\u00b0 l\u00e4gre j\u00e4mf\u00f6rt med maj i fjol. Den varmaste dagen hade vi den 26:e med 23,6\u00b0C, och den &#8221;kallaste&#8221; den 14:e med -1,2\u00b0C. 1 dag hade vi en maxtemperatur, som var under +10\u00b0. 24 av  dagarna i m\u00e5naden har vi haft med maxtemperatur mellan +10\u00b0 och +20\u00b0, 6 dagar med maxtemperatur \u00f6ver +20\u00b0.  Ingen  dag med h\u00f6gsommarv\u00e4rme (maxtemp. \u00f6ver +25\u00b0C), vilket man nog f\u00e5r anse lite ovanligt p\u00e5 senare \u00e5r, brukar vara n\u00e5gon dag i maj som sticker iv\u00e4g med riktigt varmt. Vi har bara haft 2 frostn\u00e4tter (mintemp. under 0\u00b0C), d\u00e4rut\u00f6ver 5 dagar med markfrost p\u00e5 morgonen. F\u00f6r att vi ska kunna j\u00e4mf\u00f6ra lite med maj m\u00e5nad genom \u00e5ren som har g\u00e5tt, s\u00e5 har jag gjort tv\u00e5 diagram nedan. Det ena visar medeltemperaturen i maj \u00e5ren 2011-2020, och idet andra ett l\u00e4ngre  tidsperspektiv, 1931-2020.<\/em><\/p>\n\n\n\n<figure class=\"wp-block-image size-large\"><img loading=\"lazy\" decoding=\"async\" width=\"780\" height=\"321\" src=\"http:\/\/media1.jensgustafsson.se\/2020\/06\/image-1.png\" alt=\"\" class=\"wp-image-16831\" srcset=\"https:\/\/media1.jensgustafsson.se\/2020\/06\/image-1.png 780w, https:\/\/media1.jensgustafsson.se\/2020\/06\/image-1-300x123.png 300w, https:\/\/media1.jensgustafsson.se\/2020\/06\/image-1-768x316.png 768w, https:\/\/media1.jensgustafsson.se\/2020\/06\/image-1-500x206.png 500w\" sizes=\"auto, (max-width: 780px) 100vw, 780px\" \/><\/figure>\n\n\n\n<figure class=\"wp-block-image size-large\"><img loading=\"lazy\" decoding=\"async\" width=\"825\" height=\"375\" src=\"http:\/\/media1.jensgustafsson.se\/2020\/06\/image-3.png\" alt=\"\" class=\"wp-image-16833\" srcset=\"https:\/\/media1.jensgustafsson.se\/2020\/06\/image-3.png 825w, https:\/\/media1.jensgustafsson.se\/2020\/06\/image-3-300x136.png 300w, https:\/\/media1.jensgustafsson.se\/2020\/06\/image-3-768x349.png 768w, https:\/\/media1.jensgustafsson.se\/2020\/06\/image-3-500x227.png 500w\" sizes=\"auto, (max-width: 825px) 100vw, 825px\" \/><\/figure>\n\n\n\n<p class=\"has-text-color has-background has-medium-font-size has-blue-color has-light-gray-background-color\"><em> Regn har vi f\u00e5tt 39 mm denna m\u00e5nad, f\u00f6rdelat under 11 dygn. Det \u00e4r ju inte speciellt mycket, och med tanke p\u00e5 att aprilm\u00e5naden var regnfattig ocks\u00e5, s\u00e5 vidh\u00e5ller jag mina tidigare aningar om att vi ganska snart h\u00f6r om l\u00e5ga grundvattenniv\u00e5er i v\u00e5r region, med restriktioner mot bevattning som f\u00f6ljd. Det \u00e4r torrt i skog och mark nu, och eldningsf\u00f6rbud r\u00e5der i skrivande stund i v\u00e5r kommun (H\u00f6gsby) bl.a. I diagrammen nedan visar jag regndagarnas f\u00f6rdelning och m\u00e4ngd under m\u00e5naden, och \u00f6ver den genomsnittliga nederb\u00f6rden i maj genom \u00e5ren, b\u00e5de ur ett kortare perspektiv, och ett l\u00e4ngre.<\/em><\/p>\n\n\n\n<figure class=\"wp-block-image size-large\"><img loading=\"lazy\" decoding=\"async\" width=\"739\" height=\"343\" src=\"http:\/\/media1.jensgustafsson.se\/2020\/06\/image-7.png\" alt=\"\" class=\"wp-image-16838\" srcset=\"https:\/\/media1.jensgustafsson.se\/2020\/06\/image-7.png 739w, https:\/\/media1.jensgustafsson.se\/2020\/06\/image-7-300x139.png 300w, https:\/\/media1.jensgustafsson.se\/2020\/06\/image-7-500x232.png 500w\" sizes=\"auto, (max-width: 739px) 100vw, 739px\" \/><\/figure>\n\n\n\n<figure class=\"wp-block-image size-large\"><img loading=\"lazy\" decoding=\"async\" width=\"765\" height=\"334\" src=\"http:\/\/media1.jensgustafsson.se\/2020\/06\/image-8.png\" alt=\"\" class=\"wp-image-16840\" srcset=\"https:\/\/media1.jensgustafsson.se\/2020\/06\/image-8.png 765w, https:\/\/media1.jensgustafsson.se\/2020\/06\/image-8-300x131.png 300w, https:\/\/media1.jensgustafsson.se\/2020\/06\/image-8-500x218.png 500w\" sizes=\"auto, (max-width: 765px) 100vw, 765px\" \/><\/figure>\n\n\n\n<figure class=\"wp-block-image size-large\"><img loading=\"lazy\" decoding=\"async\" width=\"836\" height=\"401\" src=\"http:\/\/media1.jensgustafsson.se\/2020\/06\/image-9.png\" alt=\"\" class=\"wp-image-16841\" srcset=\"https:\/\/media1.jensgustafsson.se\/2020\/06\/image-9.png 836w, https:\/\/media1.jensgustafsson.se\/2020\/06\/image-9-300x144.png 300w, https:\/\/media1.jensgustafsson.se\/2020\/06\/image-9-768x368.png 768w, https:\/\/media1.jensgustafsson.se\/2020\/06\/image-9-500x240.png 500w\" sizes=\"auto, (max-width: 836px) 100vw, 836px\" \/><\/figure>\n\n\n\n<p class=\"has-text-color has-background has-medium-font-size has-blue-color has-light-gray-background-color\">Vind har det varit ganska ordentligt tidvis under m\u00e5naden, och som jag skrev i inledningen av denna m\u00e5nadssammanfattning, s\u00e5 p\u00e5verkar ju vinden\/bl\u00e5sten mycket hur man upplever v\u00e4dret som helhet. Dagar n\u00e4r vinden kommit fr\u00e5n nordv\u00e4st, nord, nordost eller ost har ju som vanligt k\u00e4nts speciellt kyliga n\u00e4r det varit friska vindar. Turligt nog har \u00e4ven denna m\u00e5nad pr\u00e4glats av mestadels vindriktningar mellan syd, sydv\u00e4st och v\u00e4st. Jag visar i diagrammet nedan hur vindriktningen f\u00f6rdelats \u00f6ver de 31 dagarna i maj.<\/p>\n\n\n\n<figure class=\"wp-block-image size-large\"><img loading=\"lazy\" decoding=\"async\" width=\"816\" height=\"350\" src=\"http:\/\/media1.jensgustafsson.se\/2020\/06\/image-10.png\" alt=\"\" class=\"wp-image-16842\" srcset=\"https:\/\/media1.jensgustafsson.se\/2020\/06\/image-10.png 816w, https:\/\/media1.jensgustafsson.se\/2020\/06\/image-10-300x129.png 300w, https:\/\/media1.jensgustafsson.se\/2020\/06\/image-10-768x329.png 768w, https:\/\/media1.jensgustafsson.se\/2020\/06\/image-10-500x214.png 500w\" sizes=\"auto, (max-width: 816px) 100vw, 816px\" \/><\/figure>\n\n\n\n<p class=\"has-text-color has-background has-medium-font-size has-blue-color has-light-gray-background-color\"> <em>S\u00e5 kommer sammanfattningen i siffror fr\u00e5n min v\u00e4derstation, WS-2308, som jobbar med tv\u00e5 program, Heavy Wheather f\u00f6r loggningen, och Cumulus som ocks\u00e5 loggar, och omvandlar med hj\u00e4lp av mig till \u00f6versk\u00e5dliga fakta p\u00e5 min v\u00e4dersida p\u00e5 webben.<\/em><\/p>\n\n\n\n<p class=\"has-text-color has-background has-medium-font-size has-blue-color has-light-gray-background-color\"><em>Sammanfattning f\u00f6r perioden 2020-05-01 till 2020-05-31<\/em><\/p>\n\n\n\n<p class=\"has-text-color has-background has-medium-font-size has-blue-color has-light-gray-background-color\"><em>Temperatur (\u00b0 C):<br \/>Medel (min + max) 10,5<br \/>Medel minimum 4,3<br \/>Medel maximum 16,6<br \/>Minimum -1,2 2020-05-14<br \/>Maximum 23,6 p\u00e5 2020-05-26<br \/>H\u00f6gsta minimum 9,5  2020-05-23<br \/>L\u00e4gsta maximum 9,5  2020-05-11<br \/>Frostdygn 2<\/em><\/p>\n\n\n\n<p class=\"has-text-color has-background has-medium-font-size has-blue-color has-light-gray-background-color\"><em>Nederb\u00f6rd (mm):<br \/>Totalt f\u00f6r period 39,0<br \/>Regn 11 dagar<br \/>Uppeh\u00e5llsv\u00e4der 20 dagar<\/em><\/p>\n\n\n\n<p class=\"has-text-color has-background has-medium-font-size has-blue-color has-light-gray-background-color\"><em>Vind (m \/ s):<br \/>H\u00f6gsta medelvind 13 den 2020-05-16<\/em><\/p>\n\n\n\n<p class=\"has-text-color has-background has-medium-font-size has-blue-color has-light-gray-background-color\"><em>Lufttryck (hPa):<br \/>Max 1020,3  2020-05-26<br \/>Min 988,5  2020-05-02<\/em><\/p>\n\n\n\n<p class=\"has-text-color has-background has-medium-font-size has-blue-color has-light-gray-background-color\">Juni inleds med riktigt varmt v\u00e4der och sol m\u00e4rker vi idag ( 1 juni), ser att vi kommer att f\u00e5 den h\u00f6gsta maxtemperaturen f\u00f6r s\u00e5h\u00e4r l\u00e5ngt i \u00e5r under den h\u00e4r dagen. Hur sedan resten blir \u00e5terst\u00e5r att se, jag f\u00f6ljer utvecklingen med stort intresse, och bygger vidare med statistik och uppf\u00f6ljningar, som just nu sporrar mig att g\u00f6ra. V\u00e4derbloggen uppdateras kontinuerligt med v\u00e4dersiffror och v\u00e4der-\/naturbilder som jag v\u00e4ver in h\u00e4r allt mera fram\u00f6ver. www.jensgustafsson.se <\/p>\n","protected":false},"excerpt":{"rendered":"<p>\u00c5rets majm\u00e5nad h\u00e4r i F\u00e5gelfors med omnejd blev totalt sett lite kyligare \u00e4n vad den varit de senaste \u00e5ren. Lite blandat v\u00e4der har det varit, med en hel del sol, men ocks\u00e5 lite regn ibland, dock lite i underkant om &hellip; <a href=\"https:\/\/jensgustafsson.se\/?page_id=16828\">Forts\u00e4tt l\u00e4sa <span class=\"meta-nav\">&rarr;<\/span><\/a><\/p>\n","protected":false},"author":1,"featured_media":0,"parent":15586,"menu_order":5,"comment_status":"closed","ping_status":"closed","template":"","meta":{"footnotes":""},"class_list":["post-16828","page","type-page","status-publish","hentry"],"_links":{"self":[{"href":"https:\/\/jensgustafsson.se\/index.php?rest_route=\/wp\/v2\/pages\/16828","targetHints":{"allow":["GET"]}}],"collection":[{"href":"https:\/\/jensgustafsson.se\/index.php?rest_route=\/wp\/v2\/pages"}],"about":[{"href":"https:\/\/jensgustafsson.se\/index.php?rest_route=\/wp\/v2\/types\/page"}],"author":[{"embeddable":true,"href":"https:\/\/jensgustafsson.se\/index.php?rest_route=\/wp\/v2\/users\/1"}],"replies":[{"embeddable":true,"href":"https:\/\/jensgustafsson.se\/index.php?rest_route=%2Fwp%2Fv2%2Fcomments&post=16828"}],"version-history":[{"count":9,"href":"https:\/\/jensgustafsson.se\/index.php?rest_route=\/wp\/v2\/pages\/16828\/revisions"}],"predecessor-version":[{"id":16848,"href":"https:\/\/jensgustafsson.se\/index.php?rest_route=\/wp\/v2\/pages\/16828\/revisions\/16848"}],"up":[{"embeddable":true,"href":"https:\/\/jensgustafsson.se\/index.php?rest_route=\/wp\/v2\/pages\/15586"}],"wp:attachment":[{"href":"https:\/\/jensgustafsson.se\/index.php?rest_route=%2Fwp%2Fv2%2Fmedia&parent=16828"}],"curies":[{"name":"wp","href":"https:\/\/api.w.org\/{rel}","templated":true}]}}