{"id":17141,"date":"2020-07-01T09:33:32","date_gmt":"2020-07-01T08:33:32","guid":{"rendered":"http:\/\/jensgustafsson.se\/?page_id=17141"},"modified":"2020-07-01T09:56:51","modified_gmt":"2020-07-01T08:56:51","slug":"juni-2020","status":"publish","type":"page","link":"https:\/\/jensgustafsson.se\/?page_id=17141","title":{"rendered":"Juni 2020."},"content":{"rendered":"\n<p class=\"has-text-color has-background has-medium-font-size has-blue-color has-light-gray-background-color\"> <em>D\u00e5 tittar vi tillbaka p\u00e5 juni m\u00e5nads v\u00e4der h\u00e4r i F\u00e5gelfors, och ser att det blev en ganska behaglig m\u00e5nad, b\u00e5de vad g\u00e4ller v\u00e4rme och nederb\u00f6rd. Man kan l\u00e4sa nu i medier att junim\u00e5naden varit rekordvarm och torr p\u00e5 m\u00e5nga platser. V\u00e5r del p\u00e5 kartan utg\u00f6r undantaget. Som vanligt s\u00e5 blir ju resultatet n\u00e4r man redovisar statistik helt beroende p\u00e5 vad man j\u00e4mf\u00f6r med. D\u00e4rf\u00f6r presenterar jag lite olika referensperioder att j\u00e4mf\u00f6ra med i mina diagram.<\/em> <\/p>\n\n\n\n<p class=\"has-text-color has-background has-medium-font-size has-blue-color has-light-gray-background-color\"><em> Jag b\u00f6rjar med lite om temperaturen under m\u00e5naden. I diagrammet nedan syns sv\u00e4ngningarna genom m\u00e5naden. N\u00e5gra dagar i b\u00f6rjan var det ganska varmt, med n\u00e5gra dagar som var uppe och nosade p\u00e5 h\u00f6gsommarv\u00e4rme. Den f\u00f6rsta h\u00f6gsommardagen f\u00f6r m\u00e5naden, och \u00e4ven \u00e5ret var den 9:e juni. N\u00e5gra dagar in i m\u00e5naden blev det svalare, och ingen riktig sommarv\u00e4rme. Den lite svalare v\u00e4dertypen dominerade mer eller midre fram till den 17:e d\u00e5 det b\u00f6rjade bli lite varmare.Vi har haft 23 dagar med maxtemperatur \u00f6ver 20\u00b0C, varav 9 dagar med h\u00f6gsommarv\u00e4rme (maxtemp. \u00f6ver 25\u00b0C). Resterande dagar (7) var maxtemperaturen mellan 13 och 20\u00b0C. Ingen natt med frost har registrerats. Egentligen s\u00e5 var det sista veckan i m\u00e5naden som var riktigt varm, och som gjorde att vi till slut fick den medeltemperaturen vi fick, +17,3\u00b0, f\u00f6r fram till mitten p\u00e5 m\u00e5naden var medeltemperaturen j\u00e4mf\u00f6relsevis l\u00e5g. Kan ju n\u00e4mna fjol\u00e5rets junim\u00e5nad som var v\u00e4ldigt varm, d\u00e4r medeltemperaturen blev hela +19,6\u00b0. <\/em> <\/p>\n\n\n\n<p class=\"has-text-color has-background has-medium-font-size has-blue-color has-light-gray-background-color\"><em>Diagram \u00f6ver daglig min-max- och medeltemp. under juni 2020.<\/em><\/p>\n\n\n\n<figure class=\"wp-block-image size-large is-resized\"><img loading=\"lazy\" decoding=\"async\" src=\"http:\/\/media1.jensgustafsson.se\/2020\/07\/image.png\" alt=\"\" class=\"wp-image-17144\" width=\"677\" height=\"296\" srcset=\"https:\/\/media1.jensgustafsson.se\/2020\/07\/image.png 902w, https:\/\/media1.jensgustafsson.se\/2020\/07\/image-300x131.png 300w, https:\/\/media1.jensgustafsson.se\/2020\/07\/image-768x336.png 768w, https:\/\/media1.jensgustafsson.se\/2020\/07\/image-500x219.png 500w\" sizes=\"auto, (max-width: 677px) 100vw, 677px\" \/><\/figure>\n\n\n\n<p class=\"has-text-color has-background has-medium-font-size has-blue-color has-light-gray-background-color\"> <em>Nedan \u00e4r ett diagram \u00f6ver medeltemperaturen f\u00f6r juni under olika referensperioder. Den som anv\u00e4nds i dagens l\u00e4ge av SMHI med flera \u00e4r 1961-1990. <\/em><\/p>\n\n\n\n<figure class=\"wp-block-image size-large\"><img loading=\"lazy\" decoding=\"async\" width=\"831\" height=\"381\" src=\"http:\/\/media1.jensgustafsson.se\/2020\/07\/image-2.png\" alt=\"\" class=\"wp-image-17146\" srcset=\"https:\/\/media1.jensgustafsson.se\/2020\/07\/image-2.png 831w, https:\/\/media1.jensgustafsson.se\/2020\/07\/image-2-300x138.png 300w, https:\/\/media1.jensgustafsson.se\/2020\/07\/image-2-768x352.png 768w, https:\/\/media1.jensgustafsson.se\/2020\/07\/image-2-500x229.png 500w\" sizes=\"auto, (max-width: 831px) 100vw, 831px\" \/><\/figure>\n\n\n\n<p class=\"has-text-color has-background has-medium-font-size has-blue-color has-light-gray-background-color\"><em>Jag bryter ner statistiken ett steg till h\u00e4r, och tar perioden 2011-2020, och d\u00e5 blir det s\u00e5h\u00e4r:<\/em><\/p>\n\n\n\n<figure class=\"wp-block-image size-large\"><img loading=\"lazy\" decoding=\"async\" width=\"1024\" height=\"396\" src=\"http:\/\/media1.jensgustafsson.se\/2020\/07\/image-3-1024x396.png\" alt=\"\" class=\"wp-image-17147\" srcset=\"https:\/\/media1.jensgustafsson.se\/2020\/07\/image-3-1024x396.png 1024w, https:\/\/media1.jensgustafsson.se\/2020\/07\/image-3-300x116.png 300w, https:\/\/media1.jensgustafsson.se\/2020\/07\/image-3-768x297.png 768w, https:\/\/media1.jensgustafsson.se\/2020\/07\/image-3-500x194.png 500w, https:\/\/media1.jensgustafsson.se\/2020\/07\/image-3.png 1031w\" sizes=\"auto, (max-width: 1024px) 100vw, 1024px\" \/><\/figure>\n\n\n\n<p class=\"has-text-color has-background has-medium-font-size has-blue-color has-light-gray-background-color\"> <em>D\u00e5 g\u00e5r vi \u00f6ver till nederb\u00f6rden. Vi har f\u00e5tt 65 mm regn, f\u00f6rdelat p\u00e5 10 dygn. \u00c5ska har noterats 2 dagar av dessa 10 i juni. Regnm\u00e4ngden \u00e4r lite \u00f6ver vad vi f\u00e5tt de senaste \u00e5rens junim\u00e5nad. Om vi d\u00e5 ser till detta med vad man refererar till, s\u00e5 f\u00e5r man fram att j\u00e4mf\u00f6r vi \u00e5rets regnm\u00e4ngd mot den vedertagna referensperioden 1961-1990, s\u00e5 har vi f\u00e5tt 20 mm mera regn \u00e4n genomsnittet f\u00f6r referensperioden, allts\u00e5 inte extremtorrt h\u00e4r i v\u00e5r del av Sverige. Jag visar i n\u00e5gra diagram nedan hur det sett ut genom \u00e5ren 1931-2020 med nederb\u00f6rd i juni.<\/em><\/p>\n\n\n\n<figure class=\"wp-block-image size-large is-resized\"><img loading=\"lazy\" decoding=\"async\" src=\"http:\/\/media1.jensgustafsson.se\/2020\/07\/image-7.png\" alt=\"\" class=\"wp-image-17155\" width=\"623\" height=\"227\" srcset=\"https:\/\/media1.jensgustafsson.se\/2020\/07\/image-7.png 794w, https:\/\/media1.jensgustafsson.se\/2020\/07\/image-7-300x109.png 300w, https:\/\/media1.jensgustafsson.se\/2020\/07\/image-7-768x280.png 768w, https:\/\/media1.jensgustafsson.se\/2020\/07\/image-7-500x182.png 500w\" sizes=\"auto, (max-width: 623px) 100vw, 623px\" \/><\/figure>\n\n\n\n<figure class=\"wp-block-image size-large\"><img loading=\"lazy\" decoding=\"async\" width=\"837\" height=\"336\" src=\"http:\/\/media1.jensgustafsson.se\/2020\/07\/image-4.png\" alt=\"\" class=\"wp-image-17151\" srcset=\"https:\/\/media1.jensgustafsson.se\/2020\/07\/image-4.png 837w, https:\/\/media1.jensgustafsson.se\/2020\/07\/image-4-300x120.png 300w, https:\/\/media1.jensgustafsson.se\/2020\/07\/image-4-768x308.png 768w, https:\/\/media1.jensgustafsson.se\/2020\/07\/image-4-500x201.png 500w\" sizes=\"auto, (max-width: 837px) 100vw, 837px\" \/><\/figure>\n\n\n\n<p class=\"has-text-color has-background has-medium-font-size has-blue-color has-light-gray-background-color\"><em> Nu kanske ni hajar till, precis som jag gjorde n\u00e4r jag satt och gjorde diagrammen. Medelnederb\u00f6rden genom \u00e5ren 2011-2019 f\u00f6r juni var hela 70 mm i medeltal. Man har ju f\u00e5tt uppfattningen att det varit \u00f6verv\u00e4gande torrt genom \u00e5ren, men jag bryter ner \u00e5ren i diagrammet nedan, och finner f\u00f6rklaringen, 2012 och 2013 var juni v\u00e4ldigt nederb\u00f6rdsrik. D\u00e4r ser man hur det p\u00e5 ett s\u00e4tt kan bli missvisande, fast\u00e4n det i grund och botten \u00e4r r\u00e4tt. Med statistik kan man p\u00e5 s\u00e5 s\u00e4tt visa det man vill framh\u00e4va, och p\u00e5 s\u00e5 s\u00e4tt p\u00e5verka betraktarens \u00f6ga, utan att egentligen fara med osanning.<\/em><\/p>\n\n\n\n<figure class=\"wp-block-image size-large\"><img loading=\"lazy\" decoding=\"async\" width=\"1024\" height=\"361\" src=\"http:\/\/media1.jensgustafsson.se\/2020\/07\/image-5-1024x361.png\" alt=\"\" class=\"wp-image-17152\" srcset=\"https:\/\/media1.jensgustafsson.se\/2020\/07\/image-5-1024x361.png 1024w, https:\/\/media1.jensgustafsson.se\/2020\/07\/image-5-300x106.png 300w, https:\/\/media1.jensgustafsson.se\/2020\/07\/image-5-768x271.png 768w, https:\/\/media1.jensgustafsson.se\/2020\/07\/image-5-500x176.png 500w, https:\/\/media1.jensgustafsson.se\/2020\/07\/image-5.png 1027w\" sizes=\"auto, (max-width: 1024px) 100vw, 1024px\" \/><\/figure>\n\n\n\n<p class=\"has-text-color has-background has-medium-font-size has-blue-color has-light-gray-background-color\"><em> Ett diagram till med b\u00e5de medeltemperatur och nederb\u00f6rd ing\u00e5r f\u00f6r \u00e5ren 2011-2020, kan ju vara intressant att j\u00e4mf\u00f6ra \u00f6ver en lite kortare tidsperiod.<\/em><\/p>\n\n\n\n<figure class=\"wp-block-image size-large is-resized\"><img loading=\"lazy\" decoding=\"async\" src=\"http:\/\/media1.jensgustafsson.se\/2020\/07\/image-6-1024x426.png\" alt=\"\" class=\"wp-image-17153\" width=\"768\" height=\"320\" srcset=\"https:\/\/media1.jensgustafsson.se\/2020\/07\/image-6-1024x426.png 1024w, https:\/\/media1.jensgustafsson.se\/2020\/07\/image-6-300x125.png 300w, https:\/\/media1.jensgustafsson.se\/2020\/07\/image-6-768x319.png 768w, https:\/\/media1.jensgustafsson.se\/2020\/07\/image-6-500x208.png 500w, https:\/\/media1.jensgustafsson.se\/2020\/07\/image-6.png 1183w\" sizes=\"auto, (max-width: 768px) 100vw, 768px\" \/><\/figure>\n\n\n\n<p class=\"has-text-color has-background has-medium-font-size has-blue-color has-light-gray-background-color\"> <em>D\u00e5 g\u00e5r jag in p\u00e5 avdelningen vind f\u00f6r denna m\u00e5nad. Det har tidvis varit en hel del vind, och denna m\u00e5nad har den kommit \u00f6verv\u00e4gande fr\u00e5n riktningen mellan nord-ost-syd som jag visar i diagrammet nedan.<\/em><\/p>\n\n\n\n<figure class=\"wp-block-image size-large\"><img loading=\"lazy\" decoding=\"async\" width=\"756\" height=\"354\" src=\"http:\/\/media1.jensgustafsson.se\/2020\/07\/image-8.png\" alt=\"\" class=\"wp-image-17157\" srcset=\"https:\/\/media1.jensgustafsson.se\/2020\/07\/image-8.png 756w, https:\/\/media1.jensgustafsson.se\/2020\/07\/image-8-300x140.png 300w, https:\/\/media1.jensgustafsson.se\/2020\/07\/image-8-500x234.png 500w\" sizes=\"auto, (max-width: 756px) 100vw, 756px\" \/><\/figure>\n\n\n\n<p class=\"has-text-color has-background has-medium-font-size has-blue-color has-light-gray-background-color\"> <em>S\u00e5 kommer sammanfattningen i siffror fr\u00e5n min v\u00e4derstation, WS-2308, som jobbar med tv\u00e5 program, Heavy Wheather f\u00f6r loggningen, och Cumulus som ocks\u00e5 loggar, och omvandlar med hj\u00e4lp av mig till \u00f6versk\u00e5dliga fakta p\u00e5 min v\u00e4dersida p\u00e5 webben.<\/em><\/p>\n\n\n\n<p class=\"has-text-color has-background has-medium-font-size has-blue-color has-light-gray-background-color\"><em>Summary for juni 2020<\/em><\/p>\n\n\n\n<p class=\"has-text-color has-background has-medium-font-size has-blue-color has-light-gray-background-color\"><em>Temperature (\u00b0C):<br \/>Mean (min+max) 17,3<br \/>Mean Minimum 11,1<br \/>Mean Maximum 23,3<br \/>Minimum 4,3 day 04<br \/>Maximum 31,1 day 27<br \/>Highest Minimum 16,7 day 29<br \/>Lowest Maximum 13,8 day 06<br \/>Air frosts 0<\/em><\/p>\n\n\n\n<p class=\"has-text-color has-background has-medium-font-size has-blue-color has-light-gray-background-color\"><em>Rainfall (mm):<br \/>Total for month 65<br \/>Rain days 10<br \/>Dry days 20<\/em><\/p>\n\n\n\n<p class=\"has-text-color has-background has-medium-font-size has-blue-color has-light-gray-background-color\"><em>Wind (m\/s):<br \/>Highest Gust 11 day 30<\/em><\/p>\n\n\n\n<p class=\"has-text-color has-background has-medium-font-size has-blue-color has-light-gray-background-color\"><em>Pressure (hPa):<br \/>Maximum 1035,1 day 25<br \/>Minimum 975,3 day 06<\/em><\/p>\n","protected":false},"excerpt":{"rendered":"<p>D\u00e5 tittar vi tillbaka p\u00e5 juni m\u00e5nads v\u00e4der h\u00e4r i F\u00e5gelfors, och ser att det blev en ganska behaglig m\u00e5nad, b\u00e5de vad g\u00e4ller v\u00e4rme och nederb\u00f6rd. Man kan l\u00e4sa nu i medier att junim\u00e5naden varit rekordvarm och torr p\u00e5 m\u00e5nga &hellip; <a href=\"https:\/\/jensgustafsson.se\/?page_id=17141\">Forts\u00e4tt l\u00e4sa <span class=\"meta-nav\">&rarr;<\/span><\/a><\/p>\n","protected":false},"author":1,"featured_media":17041,"parent":15586,"menu_order":6,"comment_status":"closed","ping_status":"closed","template":"","meta":{"footnotes":""},"class_list":["post-17141","page","type-page","status-publish","has-post-thumbnail","hentry"],"_links":{"self":[{"href":"https:\/\/jensgustafsson.se\/index.php?rest_route=\/wp\/v2\/pages\/17141","targetHints":{"allow":["GET"]}}],"collection":[{"href":"https:\/\/jensgustafsson.se\/index.php?rest_route=\/wp\/v2\/pages"}],"about":[{"href":"https:\/\/jensgustafsson.se\/index.php?rest_route=\/wp\/v2\/types\/page"}],"author":[{"embeddable":true,"href":"https:\/\/jensgustafsson.se\/index.php?rest_route=\/wp\/v2\/users\/1"}],"replies":[{"embeddable":true,"href":"https:\/\/jensgustafsson.se\/index.php?rest_route=%2Fwp%2Fv2%2Fcomments&post=17141"}],"version-history":[{"count":11,"href":"https:\/\/jensgustafsson.se\/index.php?rest_route=\/wp\/v2\/pages\/17141\/revisions"}],"predecessor-version":[{"id":17161,"href":"https:\/\/jensgustafsson.se\/index.php?rest_route=\/wp\/v2\/pages\/17141\/revisions\/17161"}],"up":[{"embeddable":true,"href":"https:\/\/jensgustafsson.se\/index.php?rest_route=\/wp\/v2\/pages\/15586"}],"wp:featuredmedia":[{"embeddable":true,"href":"https:\/\/jensgustafsson.se\/index.php?rest_route=\/wp\/v2\/media\/17041"}],"wp:attachment":[{"href":"https:\/\/jensgustafsson.se\/index.php?rest_route=%2Fwp%2Fv2%2Fmedia&parent=17141"}],"curies":[{"name":"wp","href":"https:\/\/api.w.org\/{rel}","templated":true}]}}