{"id":17429,"date":"2020-08-01T06:24:45","date_gmt":"2020-08-01T05:24:45","guid":{"rendered":"http:\/\/jensgustafsson.se\/?page_id=17429"},"modified":"2020-08-02T18:19:45","modified_gmt":"2020-08-02T17:19:45","slug":"juli-2020","status":"publish","type":"page","link":"https:\/\/jensgustafsson.se\/?page_id=17429","title":{"rendered":"Juli 2020."},"content":{"rendered":"\n<p class=\"has-text-color has-background has-medium-font-size has-blue-color has-light-gray-background-color\"> <em>D\u00e5 har \u00e5rets julim\u00e5nad passerat, och jag ska sammanfatta lite om vad jag registrerat p\u00e5 min privata v\u00e4derstation, och presentera det i diagram med j\u00e4mf\u00f6relser mot tidigare \u00e5r. I media h\u00f6r vi ofta om n\u00e4r det varit &#8221;onormalt&#8221; varmt, och det f\u00f6rstoras upp v\u00e4ldeliga, och dramatiseras. Den h\u00e4r m\u00e5naden har ju faktiskt utm\u00e5lats i media som &#8221;onormalt&#8221; kall sommarm\u00e5nad, och att vi f\u00e5r g\u00e5 50 \u00e5r bak\u00e5t i tiden f\u00f6r att hitta n\u00e5got j\u00e4mf\u00f6rbart. Min personliga uppfattning av denna andra av tre sommarm\u00e5naderna \u00e5r 2020 \u00e4r att vi haft en lite svalare (inte kall) julim\u00e5nad \u00e4n vi haft de senaste \u00e5ren. Regn har vi f\u00e5tt ocks\u00e5 en del, och om man d\u00e5 ser vad temperatur och regn \u00e5stadkommit, s\u00e5 har vi massor med bl\u00e5b\u00e4r i skogarna, och \u00e4ven kantareller som har skjutit fart ordentligt. Det jag vill s\u00e4ga med detta, och som jag framh\u00e5llit i mina tidigare inl\u00e4gg \u00e4r att: vi har ett v\u00e4der som \u00e4ndrar sig hela tiden mellan v\u00e4rme och kyla (svalt), regnigt och torrt, det g\u00e4ller att f\u00f6rh\u00e5lla sig till detta.<\/em><\/p>\n\n\n\n<p class=\"has-text-color has-background has-medium-font-size has-blue-color has-light-gray-background-color\"><em>Jag g\u00f6r min redovisning nedan i tre delar som vanligt, temperatur, nederb\u00f6rd och vind, sedan kan var och en som \u00e4r intresserad se och bilda sig uppfattning om v\u00e5rt v\u00e4der h\u00e4r i F\u00e5gelfors med omnejd, f\u00f6r Sverige \u00e4r ju ett avl\u00e5ngt land med variationer i temperatur och nederb\u00f6rd.<\/em> <\/p>\n\n\n\n<figure class=\"wp-block-image size-large\"><img loading=\"lazy\" decoding=\"async\" width=\"1024\" height=\"407\" src=\"http:\/\/media1.jensgustafsson.se\/2020\/08\/image.png\" alt=\"\" class=\"wp-image-17431\" srcset=\"https:\/\/media1.jensgustafsson.se\/2020\/08\/image.png 1024w, https:\/\/media1.jensgustafsson.se\/2020\/08\/image-300x119.png 300w, https:\/\/media1.jensgustafsson.se\/2020\/08\/image-768x305.png 768w, https:\/\/media1.jensgustafsson.se\/2020\/08\/image-500x199.png 500w\" sizes=\"auto, (max-width: 1024px) 100vw, 1024px\" \/><\/figure>\n\n\n\n<p class=\"has-text-color has-background has-medium-font-size has-blue-color has-light-gray-background-color\"><em>Diagrammet ovan visar min-och maxtemperaturen genom m\u00e5naden. En sval inledning, med varmare v\u00e4der i mitten p\u00e5 m\u00e5naden, f\u00f6r att \u00e5terigen g\u00e5 in i en lite svalare period i slutet p\u00e5 m\u00e5naden. Medeltemperaturen f\u00f6r m\u00e5naden blev +16,9\u00b0, vilket \u00e4r cirka 1\u00b0 l\u00e4gre j\u00e4mf\u00f6rt med 2019. 50 \u00e5r bak\u00e5t i tiden beh\u00f6ver jag inte g\u00e5 f\u00f6r att hitta n\u00e5got j\u00e4mf\u00f6rbart, r\u00e4cker att g\u00e5 till 2012. Jag visar medeltemperaturen f\u00f6r juli genom \u00e5ren nedan, s\u00e5 \u00e4r det l\u00e4tt att j\u00e4mf\u00f6ra. Anm\u00e4rkningsv\u00e4rt \u00e4r att vi bara haft 4 dagar med h\u00f6gsommarv\u00e4rme (maxtemp. \u00f6ver +25\u00b0). 2019 hade vi 12 dagar, och extrem\u00e5ret 2018 hade vi hela 27 dagar med h\u00f6gsommarv\u00e4rme. Vi har haft 26 dagar med maxtemperatur \u00f6ver 20\u00b0, och s\u00e5ledes 5 dagar med en maxtemperatur under +20\u00b0. D\u00e5 kommer ett par diagram nedan h\u00e4r, som visar medeltemperaturen i juli under olika referensperioder. Jag redovisar som ni ser i absoluta v\u00e4rden i mina diagram, inte n\u00e5gra avvikelsediagram, vilka jag personligen tycker \u00e4r sv\u00e5rtolkade. <\/em><\/p>\n\n\n\n<figure class=\"wp-block-image size-large\"><img loading=\"lazy\" decoding=\"async\" width=\"1024\" height=\"439\" src=\"http:\/\/media1.jensgustafsson.se\/2020\/08\/image-6-1024x439.png\" alt=\"\" class=\"wp-image-17438\" srcset=\"https:\/\/media1.jensgustafsson.se\/2020\/08\/image-6-1024x439.png 1024w, https:\/\/media1.jensgustafsson.se\/2020\/08\/image-6-300x129.png 300w, https:\/\/media1.jensgustafsson.se\/2020\/08\/image-6-768x329.png 768w, https:\/\/media1.jensgustafsson.se\/2020\/08\/image-6-500x214.png 500w, https:\/\/media1.jensgustafsson.se\/2020\/08\/image-6.png 1183w\" sizes=\"auto, (max-width: 1024px) 100vw, 1024px\" \/><\/figure>\n\n\n\n<figure class=\"wp-block-image size-large\"><img loading=\"lazy\" decoding=\"async\" width=\"1024\" height=\"408\" src=\"http:\/\/media1.jensgustafsson.se\/2020\/08\/image-1-1024x408.png\" alt=\"\" class=\"wp-image-17433\" srcset=\"https:\/\/media1.jensgustafsson.se\/2020\/08\/image-1-1024x408.png 1024w, https:\/\/media1.jensgustafsson.se\/2020\/08\/image-1-300x120.png 300w, https:\/\/media1.jensgustafsson.se\/2020\/08\/image-1-768x306.png 768w, https:\/\/media1.jensgustafsson.se\/2020\/08\/image-1-500x199.png 500w, https:\/\/media1.jensgustafsson.se\/2020\/08\/image-1.png 1031w\" sizes=\"auto, (max-width: 1024px) 100vw, 1024px\" \/><\/figure>\n\n\n\n<figure class=\"wp-block-image size-large\"><img loading=\"lazy\" decoding=\"async\" width=\"830\" height=\"386\" src=\"http:\/\/media1.jensgustafsson.se\/2020\/08\/image-2.png\" alt=\"\" class=\"wp-image-17434\" srcset=\"https:\/\/media1.jensgustafsson.se\/2020\/08\/image-2.png 830w, https:\/\/media1.jensgustafsson.se\/2020\/08\/image-2-300x140.png 300w, https:\/\/media1.jensgustafsson.se\/2020\/08\/image-2-768x357.png 768w, https:\/\/media1.jensgustafsson.se\/2020\/08\/image-2-500x233.png 500w\" sizes=\"auto, (max-width: 830px) 100vw, 830px\" \/><\/figure>\n\n\n\n<p class=\"has-text-color has-background has-medium-font-size has-blue-color has-light-gray-background-color\"> <em>Regn har vi f\u00e5tt 67 mm i denna m\u00e5nad. Siffran ligger ganska n\u00e4ra den genomsnittliga regnm\u00e4ngden f\u00f6r juli genom \u00e5ren. Regnet har f\u00f6rdelats \u00f6ver 17 dygn med m\u00e4tbart v\u00e4rde, men det har varit ett par dagar med bara n\u00e5gra l\u00e4tta skurar som inte varit m\u00e4tbara. \u00c5skdagar har vi haft vid 5 tillf\u00e4llen, och det n\u00e4rmaste \u00e5skv\u00e4dret var den 28:e p\u00e5 eftermiddagen, de andra har varit p\u00e5 l\u00e4ngre avst\u00e5nd. Nedan n\u00e5gra diagram som visar m\u00e5nadens regn, och \u00e4ven regn under juli i olika referensperioder.<\/em><\/p>\n\n\n\n<figure class=\"wp-block-image size-large\"><img loading=\"lazy\" decoding=\"async\" width=\"780\" height=\"289\" src=\"http:\/\/media1.jensgustafsson.se\/2020\/08\/image-3.png\" alt=\"\" class=\"wp-image-17435\" srcset=\"https:\/\/media1.jensgustafsson.se\/2020\/08\/image-3.png 780w, https:\/\/media1.jensgustafsson.se\/2020\/08\/image-3-300x111.png 300w, https:\/\/media1.jensgustafsson.se\/2020\/08\/image-3-768x285.png 768w, https:\/\/media1.jensgustafsson.se\/2020\/08\/image-3-500x185.png 500w\" sizes=\"auto, (max-width: 780px) 100vw, 780px\" \/><\/figure>\n\n\n\n<figure class=\"wp-block-image size-large\"><img loading=\"lazy\" decoding=\"async\" width=\"1024\" height=\"371\" src=\"http:\/\/media1.jensgustafsson.se\/2020\/08\/image-4-1024x371.png\" alt=\"\" class=\"wp-image-17436\" srcset=\"https:\/\/media1.jensgustafsson.se\/2020\/08\/image-4-1024x371.png 1024w, https:\/\/media1.jensgustafsson.se\/2020\/08\/image-4-300x109.png 300w, https:\/\/media1.jensgustafsson.se\/2020\/08\/image-4-768x278.png 768w, https:\/\/media1.jensgustafsson.se\/2020\/08\/image-4-500x181.png 500w, https:\/\/media1.jensgustafsson.se\/2020\/08\/image-4.png 1028w\" sizes=\"auto, (max-width: 1024px) 100vw, 1024px\" \/><\/figure>\n\n\n\n<figure class=\"wp-block-image size-large\"><img loading=\"lazy\" decoding=\"async\" width=\"836\" height=\"346\" src=\"http:\/\/media1.jensgustafsson.se\/2020\/08\/image-5.png\" alt=\"\" class=\"wp-image-17437\" srcset=\"https:\/\/media1.jensgustafsson.se\/2020\/08\/image-5.png 836w, https:\/\/media1.jensgustafsson.se\/2020\/08\/image-5-300x124.png 300w, https:\/\/media1.jensgustafsson.se\/2020\/08\/image-5-768x318.png 768w, https:\/\/media1.jensgustafsson.se\/2020\/08\/image-5-500x207.png 500w\" sizes=\"auto, (max-width: 836px) 100vw, 836px\" \/><\/figure>\n\n\n\n<p class=\"has-text-color has-background has-medium-font-size has-blue-color has-light-gray-background-color\"> <em>Vind har vi haft en hel del ocks\u00e5 denna m\u00e5nad, precis som under tidigare m\u00e5nader. Det tenderar till att vara mera bl\u00e5st \u00e4n vad vi \u00e4r vana vid h\u00e4r i trakterna iallafall tycker jag. Jag visar i diagrammet nedan hur f\u00f6rdelningen varit p\u00e5 vindriktningen under m\u00e5naden, och d\u00e4r ser vi att den v\u00e4stliga sidan haft \u00f6vertaget denna g\u00e5ng.<\/em><\/p>\n\n\n\n<figure class=\"wp-block-image size-large\"><img loading=\"lazy\" decoding=\"async\" width=\"849\" height=\"367\" src=\"http:\/\/media1.jensgustafsson.se\/2020\/08\/image-7.png\" alt=\"\" class=\"wp-image-17439\" srcset=\"https:\/\/media1.jensgustafsson.se\/2020\/08\/image-7.png 849w, https:\/\/media1.jensgustafsson.se\/2020\/08\/image-7-300x130.png 300w, https:\/\/media1.jensgustafsson.se\/2020\/08\/image-7-768x332.png 768w, https:\/\/media1.jensgustafsson.se\/2020\/08\/image-7-500x216.png 500w\" sizes=\"auto, (max-width: 849px) 100vw, 849px\" \/><\/figure>\n\n\n\n<p class=\"has-text-color has-background has-medium-font-size has-blue-color has-light-gray-background-color\"> <em>S\u00e5 kommer sammanfattningen i siffror fr\u00e5n min v\u00e4derstation, WS-2308, som jobbar med tv\u00e5 program, Heavy Wheather f\u00f6r loggningen, och Cumulus som ocks\u00e5 loggar, och omvandlar med hj\u00e4lp av mig till \u00f6versk\u00e5dliga fakta p\u00e5 min v\u00e4dersida p\u00e5 webben.<\/em><\/p>\n\n\n\n<p class=\"has-text-color has-background has-medium-font-size has-blue-color has-light-gray-background-color\"><em>Summary for juli 2020<\/em><\/p>\n\n\n\n<p class=\"has-text-color has-background has-medium-font-size has-blue-color has-light-gray-background-color\"><em>Temperature (\u00b0C):<br \/>Mean (min+max) 16,9<br \/>Mean Minimum 11,2<br \/>Mean Maximum 22,4<br \/>Minimum 7,2 day 09<br \/>Maximum 29,0 day 19<br \/>Highest Minimum 15,1 day 16<br \/>Lowest Maximum 17,4 day 24<br \/>Air frosts 0<\/em><\/p>\n\n\n\n<p class=\"has-text-color has-background has-medium-font-size has-blue-color has-light-gray-background-color\"><em>Rainfall (mm):<br \/>Total for month 67,0<br \/>Rain days 17<br \/>Dry days 15<\/em><\/p>\n\n\n\n<p class=\"has-text-color has-background has-medium-font-size has-blue-color has-light-gray-background-color\"><em>Wind (m\/s):<br \/>Highest Gust 14 day 06<\/em><\/p>\n\n\n\n<p class=\"has-text-color has-background has-medium-font-size has-blue-color has-light-gray-background-color\"><em>Pressure (hPa):<br \/>Maximum 1027,2 day 18<br \/>Minimum 1001,9 day 01<\/em><\/p>\n\n\n\n<p class=\"has-text-color has-background has-medium-font-size has-blue-color has-light-gray-background-color\"> <em>Som avslutning p\u00e5 denna m\u00e5nadssammanfattning l\u00e4gger jag in ett par diagram \u00f6ver hur det ser ut med \u00e5rets medeltemperatur och nederb\u00f6rd s\u00e5h\u00e4r l\u00e5ngt, allts\u00e5 januari t.o.m juli under \u00e5ren 2011-2020. Det kan vara intressant att se tendensen. F\u00f6r den som \u00e4r intresserad av v\u00e4dret h\u00e4r i v\u00e5ra trakter \u00e4r det bara att kolla in p\u00e5 mina dagliga inl\u00e4gg i v\u00e4derbloggen p\u00e5 min startsida p\u00e5 v\u00e4dersidan www.jensgustafsson.se  D\u00e4r uppdaterar jag hela tiden l\u00e4get och l\u00e4gger vanligtvis in lite av mina foton med natur-och v\u00e4deranknytning.<\/em><\/p>\n\n\n\n<figure class=\"wp-block-image size-large\"><img loading=\"lazy\" decoding=\"async\" width=\"808\" height=\"315\" src=\"http:\/\/media1.jensgustafsson.se\/2020\/08\/image-8.png\" alt=\"\" class=\"wp-image-17442\" srcset=\"https:\/\/media1.jensgustafsson.se\/2020\/08\/image-8.png 808w, https:\/\/media1.jensgustafsson.se\/2020\/08\/image-8-300x117.png 300w, https:\/\/media1.jensgustafsson.se\/2020\/08\/image-8-768x299.png 768w, https:\/\/media1.jensgustafsson.se\/2020\/08\/image-8-500x195.png 500w\" sizes=\"auto, (max-width: 808px) 100vw, 808px\" \/><\/figure>\n\n\n\n<figure class=\"wp-block-image size-large\"><img loading=\"lazy\" decoding=\"async\" width=\"798\" height=\"321\" src=\"http:\/\/media1.jensgustafsson.se\/2020\/08\/image-9.png\" alt=\"\" class=\"wp-image-17443\" srcset=\"https:\/\/media1.jensgustafsson.se\/2020\/08\/image-9.png 798w, https:\/\/media1.jensgustafsson.se\/2020\/08\/image-9-300x121.png 300w, https:\/\/media1.jensgustafsson.se\/2020\/08\/image-9-768x309.png 768w, https:\/\/media1.jensgustafsson.se\/2020\/08\/image-9-500x201.png 500w\" sizes=\"auto, (max-width: 798px) 100vw, 798px\" \/><\/figure>\n","protected":false},"excerpt":{"rendered":"<p>D\u00e5 har \u00e5rets julim\u00e5nad passerat, och jag ska sammanfatta lite om vad jag registrerat p\u00e5 min privata v\u00e4derstation, och presentera det i diagram med j\u00e4mf\u00f6relser mot tidigare \u00e5r. I media h\u00f6r vi ofta om n\u00e4r det varit &#8221;onormalt&#8221; varmt, och &hellip; <a href=\"https:\/\/jensgustafsson.se\/?page_id=17429\">Forts\u00e4tt l\u00e4sa <span class=\"meta-nav\">&rarr;<\/span><\/a><\/p>\n","protected":false},"author":1,"featured_media":0,"parent":15586,"menu_order":7,"comment_status":"closed","ping_status":"closed","template":"","meta":{"footnotes":""},"class_list":["post-17429","page","type-page","status-publish","hentry"],"_links":{"self":[{"href":"https:\/\/jensgustafsson.se\/index.php?rest_route=\/wp\/v2\/pages\/17429","targetHints":{"allow":["GET"]}}],"collection":[{"href":"https:\/\/jensgustafsson.se\/index.php?rest_route=\/wp\/v2\/pages"}],"about":[{"href":"https:\/\/jensgustafsson.se\/index.php?rest_route=\/wp\/v2\/types\/page"}],"author":[{"embeddable":true,"href":"https:\/\/jensgustafsson.se\/index.php?rest_route=\/wp\/v2\/users\/1"}],"replies":[{"embeddable":true,"href":"https:\/\/jensgustafsson.se\/index.php?rest_route=%2Fwp%2Fv2%2Fcomments&post=17429"}],"version-history":[{"count":9,"href":"https:\/\/jensgustafsson.se\/index.php?rest_route=\/wp\/v2\/pages\/17429\/revisions"}],"predecessor-version":[{"id":17464,"href":"https:\/\/jensgustafsson.se\/index.php?rest_route=\/wp\/v2\/pages\/17429\/revisions\/17464"}],"up":[{"embeddable":true,"href":"https:\/\/jensgustafsson.se\/index.php?rest_route=\/wp\/v2\/pages\/15586"}],"wp:attachment":[{"href":"https:\/\/jensgustafsson.se\/index.php?rest_route=%2Fwp%2Fv2%2Fmedia&parent=17429"}],"curies":[{"name":"wp","href":"https:\/\/api.w.org\/{rel}","templated":true}]}}