{"id":17781,"date":"2020-09-01T16:36:33","date_gmt":"2020-09-01T15:36:33","guid":{"rendered":"http:\/\/jensgustafsson.se\/?page_id=17781"},"modified":"2020-09-02T04:14:46","modified_gmt":"2020-09-02T03:14:46","slug":"augusti-2020","status":"publish","type":"page","link":"https:\/\/jensgustafsson.se\/?page_id=17781","title":{"rendered":"Augusti 2020."},"content":{"rendered":"\n<p class=\"has-blue-color has-light-gray-background-color has-text-color has-background has-medium-font-size\">  <em>2020 \u00e5rs augustim\u00e5nad blev varm och torr i F\u00e5gelfors med omnejd. Nederb\u00f6rden kan ju variera ganska rej\u00e4lt i och med att vi haft en del \u00e5ska under m\u00e5naden, s\u00e5 jag \u00e4r s\u00e4ker p\u00e5 att det kommit b\u00e5de mera och mindre regn p\u00e5 sina st\u00e4llen runt omkring h\u00e4r i n\u00e4romr\u00e5det, s\u00e5 siffrorna jag redovisar f\u00f6r m\u00e5naden h\u00e4r \u00e4r det som \u00e4r uppm\u00e4tt p\u00e5 min v\u00e4derstation, och d\u00e4r givarna till stationen sitter p\u00e5 exakt samma st\u00e4lle som de gjort under \u00e5ren jag drivit v\u00e4dersidan h\u00e4r (fr. 2013). Data fr\u00e5n \u00e5ren innan 2013, som jag anv\u00e4nder i mina referenser och diagram \u00e4r h\u00e4mtade fr\u00e5n SMHI:s n\u00e4rmsta m\u00e4tplatser i f\u00f6rh\u00e5llande till F\u00e5gelfors, Blankastr\u00f6m och Drageryd (ingen av dem \u00e4r i drift numera)  Jag delar upp min m\u00e5nadssammanfattning som vanligt i tre delar, temperatur, nederb\u00f6rd och vind under m\u00e5naden. <\/em><\/p>\n\n\n\n<figure class=\"wp-block-image size-large\"><img loading=\"lazy\" decoding=\"async\" width=\"766\" height=\"362\" src=\"http:\/\/media1.jensgustafsson.se\/2020\/09\/image-4.png\" alt=\"\" class=\"wp-image-17788\" srcset=\"https:\/\/media1.jensgustafsson.se\/2020\/09\/image-4.png 766w, https:\/\/media1.jensgustafsson.se\/2020\/09\/image-4-300x142.png 300w, https:\/\/media1.jensgustafsson.se\/2020\/09\/image-4-500x236.png 500w\" sizes=\"auto, (max-width: 766px) 100vw, 766px\" \/><\/figure>\n\n\n\n<p class=\"has-blue-color has-light-gray-background-color has-text-color has-background has-medium-font-size\"><em>  M\u00e5naden blev mycket varm, det \u00e4r bara ett \u00e5r som medeltemperaturen i augusti varit h\u00f6gre under den 90-\u00e5riga statistiken som jag har nedladdad h\u00e4r, och det \u00e4r \u00e5r 2018, som ju b\u00e5de juli och augusti var mycket varma. Medeltemperaturen i \u00e5r blev 18,7\u00b0. 2018 blev den 19,1\u00b0, allts\u00e5 ingen stor skillnad egentligen. I diagrammet ovan visar jag max-och mintemperaturen genom m\u00e5naden, och vi ser d\u00e4r att det egentligen bara var avslutningen p\u00e5 m\u00e5naden som blev lite svalare. H\u00f6gsta maxtemperaturen under m\u00e5naden hade vi den 8:e och 9:e med +31,1\u00b0. Vi hade genomg\u00e5ende ganska milda n\u00e4tter, vilket bidrog till att medeltemperaturen blev s\u00e5 h\u00f6g som den blev.  Vi har haft 25 dagar med maxtemperatur \u00f6ver 20\u00b0, varav hela 15 dagar med h\u00f6gsommarv\u00e4rme (maxtemp. \u00f6ver +25\u00b0) 5 dagar har vi haft med maxtemperatur mellan +15 och 19,9\u00b0 och en dag med maxtemperatur mellan +10 och 14,9\u00b0. I diagrammen nedan ser vi augustim\u00e5naden genom \u00e5ren med n\u00e5gra olika referensperioder.<\/em><\/p>\n\n\n\n<figure class=\"wp-block-image size-large is-resized\"><img loading=\"lazy\" decoding=\"async\" src=\"http:\/\/media1.jensgustafsson.se\/2020\/09\/image-5.png\" alt=\"\" class=\"wp-image-17792\" width=\"717\" height=\"333\" srcset=\"https:\/\/media1.jensgustafsson.se\/2020\/09\/image-5.png 830w, https:\/\/media1.jensgustafsson.se\/2020\/09\/image-5-300x140.png 300w, https:\/\/media1.jensgustafsson.se\/2020\/09\/image-5-768x357.png 768w, https:\/\/media1.jensgustafsson.se\/2020\/09\/image-5-500x233.png 500w\" sizes=\"auto, (max-width: 717px) 100vw, 717px\" \/><\/figure>\n\n\n\n<figure class=\"wp-block-image size-large is-resized\"><img loading=\"lazy\" decoding=\"async\" src=\"http:\/\/media1.jensgustafsson.se\/2020\/09\/image-6-1024x407.png\" alt=\"\" class=\"wp-image-17793\" width=\"701\" height=\"279\" srcset=\"https:\/\/media1.jensgustafsson.se\/2020\/09\/image-6-1024x407.png 1024w, https:\/\/media1.jensgustafsson.se\/2020\/09\/image-6-300x119.png 300w, https:\/\/media1.jensgustafsson.se\/2020\/09\/image-6-768x305.png 768w, https:\/\/media1.jensgustafsson.se\/2020\/09\/image-6-500x199.png 500w, https:\/\/media1.jensgustafsson.se\/2020\/09\/image-6.png 1031w\" sizes=\"auto, (max-width: 701px) 100vw, 701px\" \/><\/figure>\n\n\n\n<figure class=\"wp-block-image size-large is-resized\"><img loading=\"lazy\" decoding=\"async\" src=\"http:\/\/media1.jensgustafsson.se\/2020\/09\/image-7-1024x438.png\" alt=\"\" class=\"wp-image-17795\" width=\"751\" height=\"321\" srcset=\"https:\/\/media1.jensgustafsson.se\/2020\/09\/image-7-1024x438.png 1024w, https:\/\/media1.jensgustafsson.se\/2020\/09\/image-7-300x128.png 300w, https:\/\/media1.jensgustafsson.se\/2020\/09\/image-7-768x328.png 768w, https:\/\/media1.jensgustafsson.se\/2020\/09\/image-7-500x214.png 500w, https:\/\/media1.jensgustafsson.se\/2020\/09\/image-7.png 1183w\" sizes=\"auto, (max-width: 751px) 100vw, 751px\" \/><\/figure>\n\n\n\n<p class=\"has-blue-color has-light-gray-background-color has-text-color has-background has-medium-font-size\"><em>  Regn har det varit d\u00e5ligt med under m\u00e5naden, 44 mm har vi f\u00e5tt, f\u00f6rdelat \u00f6ver 9 dygn. Vi har haft 7 \u00e5skdagar, och vid 2 av dessa dagar var det mitt \u00f6ver F\u00e5gelfors, lite ovanligt p\u00e5 senare tid faktiskt. Vid de andra 5 \u00e5sktillf\u00e4llena har det inte varit s\u00e5 n\u00e4ra oss. Vattenst\u00e5ndet i sj\u00f6arna och \u00e5arna h\u00e4romkring \u00e4r v\u00e4ldigt l\u00e5gt nu, s\u00e5 vi f\u00e5r hoppas att det fyller p\u00e5 med regn under h\u00f6sten. Diagrammen nedan visar nederb\u00f6rden genom \u00e5ren med lite olika referensperioder att j\u00e4mf\u00f6ra med.<\/em><\/p>\n\n\n\n<figure class=\"wp-block-image is-resized\"><img loading=\"lazy\" decoding=\"async\" src=\"http:\/\/media1.jensgustafsson.se\/2020\/09\/image-9.png\" alt=\"Denna bild har ett alt-attribut som \u00e4r tomt. Dess filnamn \u00e4r image-9.png\" width=\"621\" height=\"276\"\/><\/figure>\n\n\n\n<figure class=\"wp-block-image size-large is-resized\"><img loading=\"lazy\" decoding=\"async\" src=\"http:\/\/media1.jensgustafsson.se\/2020\/09\/image-10.png\" alt=\"\" class=\"wp-image-17799\" width=\"649\" height=\"269\" srcset=\"https:\/\/media1.jensgustafsson.se\/2020\/09\/image-10.png 836w, https:\/\/media1.jensgustafsson.se\/2020\/09\/image-10-300x124.png 300w, https:\/\/media1.jensgustafsson.se\/2020\/09\/image-10-768x318.png 768w, https:\/\/media1.jensgustafsson.se\/2020\/09\/image-10-500x207.png 500w\" sizes=\"auto, (max-width: 649px) 100vw, 649px\" \/><\/figure>\n\n\n\n<figure class=\"wp-block-image size-large is-resized\"><img loading=\"lazy\" decoding=\"async\" src=\"http:\/\/media1.jensgustafsson.se\/2020\/09\/image-11-1024x370.png\" alt=\"\" class=\"wp-image-17800\" width=\"656\" height=\"236\" srcset=\"https:\/\/media1.jensgustafsson.se\/2020\/09\/image-11-1024x370.png 1024w, https:\/\/media1.jensgustafsson.se\/2020\/09\/image-11-300x108.png 300w, https:\/\/media1.jensgustafsson.se\/2020\/09\/image-11-768x277.png 768w, https:\/\/media1.jensgustafsson.se\/2020\/09\/image-11-500x180.png 500w, https:\/\/media1.jensgustafsson.se\/2020\/09\/image-11.png 1028w\" sizes=\"auto, (max-width: 656px) 100vw, 656px\" \/><\/figure>\n\n\n\n<p class=\"has-blue-color has-light-gray-background-color has-text-color has-background has-medium-font-size\">  I diagrammet nedan visar jag den dagliga dominerande vindriktningen genom m\u00e5naden. Den h\u00e4r m\u00e5naden \u00e4r det ingen riktning som sticker ut speciellt, utan lite mera j\u00e4mt f\u00f6rdelat. Det som \u00e4r lite mera av \u00e4r v\u00e4xlande riktningar under dygnet som vi haft 6 dygn. Som under hela detta \u00e5r, s\u00e5 har det tidvis varit ganska bl\u00e5sigt ocks\u00e5 under augustim\u00e5naden.<\/p>\n\n\n\n<figure class=\"wp-block-image size-large\"><img loading=\"lazy\" decoding=\"async\" width=\"849\" height=\"375\" src=\"http:\/\/media1.jensgustafsson.se\/2020\/09\/image-12.png\" alt=\"\" class=\"wp-image-17801\" srcset=\"https:\/\/media1.jensgustafsson.se\/2020\/09\/image-12.png 849w, https:\/\/media1.jensgustafsson.se\/2020\/09\/image-12-300x133.png 300w, https:\/\/media1.jensgustafsson.se\/2020\/09\/image-12-768x339.png 768w, https:\/\/media1.jensgustafsson.se\/2020\/09\/image-12-500x221.png 500w\" sizes=\"auto, (max-width: 849px) 100vw, 849px\" \/><\/figure>\n\n\n\n<p class=\"has-blue-color has-light-gray-background-color has-text-color has-background has-medium-font-size\">  <em>S\u00e5 kommer sammanfattningen i siffror fr\u00e5n min v\u00e4derstation, WS-2308, som jobbar med tv\u00e5 program, Heavy Wheather f\u00f6r loggningen, och Cumulus som ocks\u00e5 loggar, och omvandlar med hj\u00e4lp av mig till \u00f6versk\u00e5dliga fakta p\u00e5 min v\u00e4dersida p\u00e5 webben.<\/em><\/p>\n\n\n\n<p class=\"has-blue-color has-light-gray-background-color has-text-color has-background has-medium-font-size\"><em>Summary for augusti 2020<\/em><\/p>\n\n\n\n<p class=\"has-blue-color has-light-gray-background-color has-text-color has-background has-medium-font-size\"><em>Temperature (\u00b0C):<\/em><\/p>\n\n\n\n<p class=\"has-blue-color has-light-gray-background-color has-text-color has-background has-medium-font-size\"><em>Mean (min+max) 18,7<br \/>Mean Minimum 12,5<br \/>Mean Maximum 25,1<br \/>Minimum 5,8 day 25<br \/>Maximum 31,1 day 08<br \/>Highest Minimum 17,3 day 21<br \/>Lowest Maximum 14,9 day 26<br \/>Air frosts 0<\/em><\/p>\n\n\n\n<p class=\"has-blue-color has-light-gray-background-color has-text-color has-background has-medium-font-size\"><em>Rainfall (mm):<br \/>Total for month 44<br \/>Rain days 9<br \/>Dry days 22<\/em><\/p>\n\n\n\n<p class=\"has-blue-color has-light-gray-background-color has-text-color has-background has-medium-font-size\"><em>Wind (m\/s):<br \/>Highest Gust 18 day 23<br \/>Average Speed 6,0<\/em><\/p>\n\n\n\n<p class=\"has-blue-color has-light-gray-background-color has-text-color has-background has-medium-font-size\"><em>Pressure (hPa):<br \/>Maximum 1033,8 day 07<br \/>Minimum 1005,2 day 26<\/em><\/p>\n\n\n\n<p class=\"has-blue-color has-light-gray-background-color has-text-color has-background has-medium-font-size\"><em>  I och med att augusti m\u00e5nad \u00e4r slut nu, s\u00e5 har jag ocks\u00e5 sammanfattat sommaren 2020 med medeltemperatur och nederb\u00f6rd f\u00f6r de tre sommarm\u00e5naderna juni, juli och augusti, och de finns under l\u00e4nken &#8221;Statistik sommar 1961-2020&#8221; h\u00e4r p\u00e5 min v\u00e4dersida.<\/em><\/p>\n","protected":false},"excerpt":{"rendered":"<p>2020 \u00e5rs augustim\u00e5nad blev varm och torr i F\u00e5gelfors med omnejd. Nederb\u00f6rden kan ju variera ganska rej\u00e4lt i och med att vi haft en del \u00e5ska under m\u00e5naden, s\u00e5 jag \u00e4r s\u00e4ker p\u00e5 att det kommit b\u00e5de mera och mindre &hellip; <a href=\"https:\/\/jensgustafsson.se\/?page_id=17781\">Forts\u00e4tt l\u00e4sa <span class=\"meta-nav\">&rarr;<\/span><\/a><\/p>\n","protected":false},"author":1,"featured_media":0,"parent":15586,"menu_order":8,"comment_status":"closed","ping_status":"closed","template":"","meta":{"footnotes":""},"class_list":["post-17781","page","type-page","status-publish","hentry"],"_links":{"self":[{"href":"https:\/\/jensgustafsson.se\/index.php?rest_route=\/wp\/v2\/pages\/17781","targetHints":{"allow":["GET"]}}],"collection":[{"href":"https:\/\/jensgustafsson.se\/index.php?rest_route=\/wp\/v2\/pages"}],"about":[{"href":"https:\/\/jensgustafsson.se\/index.php?rest_route=\/wp\/v2\/types\/page"}],"author":[{"embeddable":true,"href":"https:\/\/jensgustafsson.se\/index.php?rest_route=\/wp\/v2\/users\/1"}],"replies":[{"embeddable":true,"href":"https:\/\/jensgustafsson.se\/index.php?rest_route=%2Fwp%2Fv2%2Fcomments&post=17781"}],"version-history":[{"count":10,"href":"https:\/\/jensgustafsson.se\/index.php?rest_route=\/wp\/v2\/pages\/17781\/revisions"}],"predecessor-version":[{"id":17813,"href":"https:\/\/jensgustafsson.se\/index.php?rest_route=\/wp\/v2\/pages\/17781\/revisions\/17813"}],"up":[{"embeddable":true,"href":"https:\/\/jensgustafsson.se\/index.php?rest_route=\/wp\/v2\/pages\/15586"}],"wp:attachment":[{"href":"https:\/\/jensgustafsson.se\/index.php?rest_route=%2Fwp%2Fv2%2Fmedia&parent=17781"}],"curies":[{"name":"wp","href":"https:\/\/api.w.org\/{rel}","templated":true}]}}