{"id":18044,"date":"2020-10-01T06:15:16","date_gmt":"2020-10-01T05:15:16","guid":{"rendered":"http:\/\/jensgustafsson.se\/?page_id=18044"},"modified":"2020-10-01T06:15:16","modified_gmt":"2020-10-01T05:15:16","slug":"september-2020","status":"publish","type":"page","link":"https:\/\/jensgustafsson.se\/?page_id=18044","title":{"rendered":"September 2020."},"content":{"rendered":"\n<p class=\"has-drop-cap has-blue-color has-light-gray-background-color has-text-color has-background has-medium-font-size\"> \u00c5rets september blev en varm och torr m\u00e5nad. Vi har f\u00e5tt njuta av m\u00e5nga dagar med behaglig sensommarv\u00e4rme, och det \u00e4r ju sk\u00f6nt s\u00e5 l\u00e5ngt. Det som \u00e4r mera bekymmersamt \u00e4r ju att vi f\u00e5tt s\u00e5 lite regn under m\u00e5naden. Vattenniv\u00e5n i \u00e5arna och sj\u00f6arna runtomkring h\u00e4r \u00e4r mycket l\u00e5g just nu. Vi f\u00e5r hoppas p\u00e5 en regnrik oktober, och f\u00f6r att vara realist, s\u00e5 beh\u00f6ver vi en riktig sn\u00f6rik vinter, f\u00f6r att f\u00e5 upp balansen i grundvattnet, sj\u00f6ar och vattendrag. Jag g\u00f6r som vanligt med min m\u00e5nadsrapport, indelar i tre delar, temperatur, nederb\u00f6rd och lite om vindarna under m\u00e5naden. Jag har kastat om lite i min m\u00e5nadsrapport h\u00e4r, och b\u00f6rjar med sammanst\u00e4llningen som kommer fr\u00e5n loggarna p\u00e5 min v\u00e4derstation, och d\u00e4refter l\u00e4gger jag in lite diagram och siffror som jag tror kan vara av intresse.<\/p>\n\n\n\n<p class=\"has-blue-color has-light-gray-background-color has-text-color has-background has-medium-font-size\">Summary for september 2020 <\/p>\n\n\n\n<p class=\"has-blue-color has-light-gray-background-color has-text-color has-background has-medium-font-size\">Temperature (\u00b0C):<br \/>Mean (min+max) 14,0<br \/>Mean Minimum 8,6<br \/>Mean Maximum 19,0<br \/>Minimum 1,2 day 18<br \/>Maximum 25,8 day 15<br \/>Highest Minimum 13,1 day 14<br \/>Lowest Maximum 14,9 day 28<br \/>Air frosts 0<\/p>\n\n\n\n<p class=\"has-blue-color has-light-gray-background-color has-text-color has-background has-medium-font-size\">Rainfall (mm):<br \/>Total for month 29,0<br \/>Rain days 12<br \/>Dry days 18<\/p>\n\n\n\n<p class=\"has-blue-color has-light-gray-background-color has-text-color has-background has-medium-font-size\">Wind (m\/s):<br \/>Highest Mean 10 day 9, 13, 16.<br \/>Average Speed Mean 7,0<\/p>\n\n\n\n<p class=\"has-blue-color has-light-gray-background-color has-text-color has-background has-medium-font-size\">Pressure (hPa):<br \/>Maximum 1035,6 day 17<br \/>Minimum 1001,5 day 26<\/p>\n\n\n\n<p class=\"has-blue-color has-light-gray-background-color has-text-color has-background has-large-font-size\">Temperaturen.<\/p>\n\n\n\n<figure class=\"wp-block-image size-large is-resized\"><img loading=\"lazy\" decoding=\"async\" src=\"http:\/\/media1.jensgustafsson.se\/2020\/10\/image-2.png\" alt=\"\" class=\"wp-image-18064\" width=\"716\" height=\"305\" srcset=\"https:\/\/media1.jensgustafsson.se\/2020\/10\/image-2.png 962w, https:\/\/media1.jensgustafsson.se\/2020\/10\/image-2-300x128.png 300w, https:\/\/media1.jensgustafsson.se\/2020\/10\/image-2-768x327.png 768w, https:\/\/media1.jensgustafsson.se\/2020\/10\/image-2-500x213.png 500w\" sizes=\"auto, (max-width: 716px) 100vw, 716px\" \/><\/figure>\n\n\n\n<p class=\"has-blue-color has-light-gray-background-color has-text-color has-background has-medium-font-size\"> Vi har haft en varm septemberm\u00e5nad, medeltemperaturen blev +14,0\u00b0. Om vi j\u00e4mf\u00f6r det med september under nu g\u00e4llande referensperiod, 1961-1990, d\u00e5 medeltemperaturen var +11,2\u00b0 s\u00e5 \u00e4r det ju en stor skillnad. Tittar vi p\u00e5 lite kortare period bak\u00e5t, perioden 2011-2019, s\u00e5 var medeltemperaturen f\u00f6r de \u00e5ren +13,0\u00b0, s\u00e5 trenden \u00e4r upp\u00e5tg\u00e5ende medeltemperatur f\u00f6r septemberm\u00e5naden. Jag tittade ocks\u00e5 tillbaka i statistiken som jag har nerladdad, och finner fyra \u00e5r under perioden 1931-2019 som vi haft en medeltemperatur \u00f6ver 14\u00b0 i september, och hittade 1949 med +14,1\u00b0, 1999 med +14,3\u00b0, 2006 med 14,7\u00b0 och 2016 med 14,8\u00b0. \u00c5rets september bj\u00f6d p\u00e5 10 dagar med en maxtemperatur \u00f6ver 20\u00b0, d\u00e4rav en dag med h\u00f6gsommarv\u00e4rme (\u00f6ver +25\u00b0). 19 dagar med en maxtemperatur mellan 15 och 20\u00b0, och en dag som maxtemperaturen inte n\u00e5dde \u00f6ver 15\u00b0. Vi har haft markfrost p\u00e5 morronen vid tre tillf\u00e4llen, allts\u00e5 inte minus p\u00e5 termometern, bara fl\u00e4ckvis frost p\u00e5 marken. Nedan visar jag i diagram hur september sett ut temperaturm\u00e4ssigt i n\u00e5gra olika tidsperioder.<\/p>\n\n\n\n<figure class=\"wp-block-image size-large\"><img loading=\"lazy\" decoding=\"async\" width=\"830\" height=\"386\" src=\"http:\/\/media1.jensgustafsson.se\/2020\/10\/image-3.png\" alt=\"\" class=\"wp-image-18065\" srcset=\"https:\/\/media1.jensgustafsson.se\/2020\/10\/image-3.png 830w, https:\/\/media1.jensgustafsson.se\/2020\/10\/image-3-300x140.png 300w, https:\/\/media1.jensgustafsson.se\/2020\/10\/image-3-768x357.png 768w, https:\/\/media1.jensgustafsson.se\/2020\/10\/image-3-500x233.png 500w\" sizes=\"auto, (max-width: 830px) 100vw, 830px\" \/><\/figure>\n\n\n\n<p class=\"has-blue-color has-light-gray-background-color has-text-color has-background has-large-font-size\">Nederb\u00f6rden<\/p>\n\n\n\n<figure class=\"wp-block-image size-large is-resized\"><img loading=\"lazy\" decoding=\"async\" src=\"http:\/\/media1.jensgustafsson.se\/2020\/10\/image-5.png\" alt=\"\" class=\"wp-image-18068\" width=\"671\" height=\"300\" srcset=\"https:\/\/media1.jensgustafsson.se\/2020\/10\/image-5.png 798w, https:\/\/media1.jensgustafsson.se\/2020\/10\/image-5-300x134.png 300w, https:\/\/media1.jensgustafsson.se\/2020\/10\/image-5-768x344.png 768w, https:\/\/media1.jensgustafsson.se\/2020\/10\/image-5-500x224.png 500w\" sizes=\"auto, (max-width: 671px) 100vw, 671px\" \/><\/figure>\n\n\n\n<p class=\"has-blue-color has-light-gray-background-color has-text-color has-background has-medium-font-size\"> Regn har vi f\u00e5tt 29 mm totalt, f\u00f6rdelat \u00f6ver 12 dygn. Det \u00e4r lite drygt h\u00e4lften av vad som normalt brukar komma i september. Under referensperioden 1961-1990 hade vi ett genomsnitt p\u00e5 53 mm f\u00f6r september. \u00c5ska har jag registrerat vid ett tillf\u00e4lle under m\u00e5naden, dock p\u00e5 l\u00e5ngt avst\u00e5nd. Det \u00e4r torrt i markerna nu, och fl\u00f6det i \u00e5arna h\u00e4r \u00e4r l\u00e5gt, liksom vattenniv\u00e5erna i sj\u00f6arna, s\u00e5 vi beh\u00f6ver b\u00e5de regn och sn\u00f6 fram\u00f6ver f\u00f6r att komma till r\u00e4tta med niv\u00e5erna. Nedan visar jag i ett diagram hur nederb\u00f6rden sett ut i medeltal i n\u00e5gra olika tidsperioder.<\/p>\n\n\n\n<figure class=\"wp-block-image size-large is-resized\"><img loading=\"lazy\" decoding=\"async\" src=\"http:\/\/media1.jensgustafsson.se\/2020\/10\/image-6.png\" alt=\"\" class=\"wp-image-18069\" width=\"655\" height=\"271\" srcset=\"https:\/\/media1.jensgustafsson.se\/2020\/10\/image-6.png 836w, https:\/\/media1.jensgustafsson.se\/2020\/10\/image-6-300x124.png 300w, https:\/\/media1.jensgustafsson.se\/2020\/10\/image-6-768x318.png 768w, https:\/\/media1.jensgustafsson.se\/2020\/10\/image-6-500x207.png 500w\" sizes=\"auto, (max-width: 655px) 100vw, 655px\" \/><\/figure>\n\n\n\n<p class=\"has-blue-color has-light-gray-background-color has-text-color has-background has-medium-font-size\"> Just detta att det \u00e4r s\u00e5 torrt nu gjorde mig nyfiken p\u00e5 hur mycket nederb\u00f6rd vi f\u00e5tt under perioden januari t.o.m. september i \u00e5r, och sedan g\u00e5 tillbaka under den senaste 10-\u00e5rsperioden och j\u00e4mf\u00f6ra under samma tidperiod. F\u00f6r att g\u00f6ra det l\u00e4tt \u00f6versk\u00e5dligt visar jag det i diagrammet nedan, och om man nu ska plocka ut n\u00e5got positivt, s\u00e5 g\u00e5r det ju \u00e5t r\u00e4tt h\u00e5ll sedan 2017 iallafall, om \u00e4n ytterst marginellt.<\/p>\n\n\n\n<figure class=\"wp-block-image size-large\"><img loading=\"lazy\" decoding=\"async\" width=\"636\" height=\"289\" src=\"http:\/\/media1.jensgustafsson.se\/2020\/10\/image-7.png\" alt=\"\" class=\"wp-image-18070\" srcset=\"https:\/\/media1.jensgustafsson.se\/2020\/10\/image-7.png 636w, https:\/\/media1.jensgustafsson.se\/2020\/10\/image-7-300x136.png 300w, https:\/\/media1.jensgustafsson.se\/2020\/10\/image-7-500x227.png 500w\" sizes=\"auto, (max-width: 636px) 100vw, 636px\" \/><\/figure>\n\n\n\n<p class=\"has-blue-color has-light-gray-background-color has-text-color has-background has-large-font-size\">Vindarna.<\/p>\n\n\n\n<figure class=\"wp-block-image size-large is-resized\"><img loading=\"lazy\" decoding=\"async\" src=\"http:\/\/media1.jensgustafsson.se\/2020\/10\/image-8.png\" alt=\"\" class=\"wp-image-18071\" width=\"645\" height=\"278\" srcset=\"https:\/\/media1.jensgustafsson.se\/2020\/10\/image-8.png 849w, https:\/\/media1.jensgustafsson.se\/2020\/10\/image-8-300x130.png 300w, https:\/\/media1.jensgustafsson.se\/2020\/10\/image-8-768x332.png 768w, https:\/\/media1.jensgustafsson.se\/2020\/10\/image-8-500x216.png 500w\" sizes=\"auto, (max-width: 645px) 100vw, 645px\" \/><\/figure>\n\n\n\n<p class=\"has-blue-color has-light-gray-background-color has-text-color has-background has-medium-font-size\"> Vindarna har bl\u00e5st mestadels fr\u00e5n den v\u00e4nstra delen p\u00e5 kompassrosen, v\u00e4stlig har dominerat som vi ser i diagrammet ovan. Som regel ofta stilla p\u00e5 morronen, sedan mera vind under dagen, tidvis friska.<\/p>\n\n\n\n<p class=\"has-blue-color has-light-gray-background-color has-text-color has-background has-medium-font-size\"> Nu g\u00e5r vi in i den kalendariska h\u00f6stm\u00e5naden nummer tv\u00e5 av tre. Vad g\u00e4ller den meteorologiska definitionen p\u00e5 \u00e5rstid, st\u00e5r vi fortfarande kvar i sommar, eftersom vi har haft en s\u00e5dan varm septemberm\u00e5nad. F\u00f6r det mesta brukar den meteorologiska h\u00f6sten komma till oss i b\u00f6rjan av oktober, \u00e5terst\u00e5r att se hur det utvecklar sig.<\/p>\n","protected":false},"excerpt":{"rendered":"<p>\u00c5rets september blev en varm och torr m\u00e5nad. Vi har f\u00e5tt njuta av m\u00e5nga dagar med behaglig sensommarv\u00e4rme, och det \u00e4r ju sk\u00f6nt s\u00e5 l\u00e5ngt. Det som \u00e4r mera bekymmersamt \u00e4r ju att vi f\u00e5tt s\u00e5 lite regn under m\u00e5naden. &hellip; <a href=\"https:\/\/jensgustafsson.se\/?page_id=18044\">Forts\u00e4tt l\u00e4sa <span class=\"meta-nav\">&rarr;<\/span><\/a><\/p>\n","protected":false},"author":1,"featured_media":0,"parent":15586,"menu_order":9,"comment_status":"closed","ping_status":"closed","template":"","meta":{"footnotes":""},"class_list":["post-18044","page","type-page","status-publish","hentry"],"_links":{"self":[{"href":"https:\/\/jensgustafsson.se\/index.php?rest_route=\/wp\/v2\/pages\/18044","targetHints":{"allow":["GET"]}}],"collection":[{"href":"https:\/\/jensgustafsson.se\/index.php?rest_route=\/wp\/v2\/pages"}],"about":[{"href":"https:\/\/jensgustafsson.se\/index.php?rest_route=\/wp\/v2\/types\/page"}],"author":[{"embeddable":true,"href":"https:\/\/jensgustafsson.se\/index.php?rest_route=\/wp\/v2\/users\/1"}],"replies":[{"embeddable":true,"href":"https:\/\/jensgustafsson.se\/index.php?rest_route=%2Fwp%2Fv2%2Fcomments&post=18044"}],"version-history":[{"count":7,"href":"https:\/\/jensgustafsson.se\/index.php?rest_route=\/wp\/v2\/pages\/18044\/revisions"}],"predecessor-version":[{"id":18073,"href":"https:\/\/jensgustafsson.se\/index.php?rest_route=\/wp\/v2\/pages\/18044\/revisions\/18073"}],"up":[{"embeddable":true,"href":"https:\/\/jensgustafsson.se\/index.php?rest_route=\/wp\/v2\/pages\/15586"}],"wp:attachment":[{"href":"https:\/\/jensgustafsson.se\/index.php?rest_route=%2Fwp%2Fv2%2Fmedia&parent=18044"}],"curies":[{"name":"wp","href":"https:\/\/api.w.org\/{rel}","templated":true}]}}