{"id":18364,"date":"2020-11-01T06:31:20","date_gmt":"2020-11-01T05:31:20","guid":{"rendered":"http:\/\/jensgustafsson.se\/?page_id=18364"},"modified":"2020-11-01T06:31:20","modified_gmt":"2020-11-01T05:31:20","slug":"oktober-2020","status":"publish","type":"page","link":"https:\/\/jensgustafsson.se\/?page_id=18364","title":{"rendered":"Oktober 2020."},"content":{"rendered":"\n<figure class=\"wp-block-image size-large is-resized\"><img loading=\"lazy\" decoding=\"async\" src=\"http:\/\/media1.jensgustafsson.se\/2020\/11\/image.png\" alt=\"\" class=\"wp-image-18365\" width=\"689\" height=\"310\" srcset=\"https:\/\/media1.jensgustafsson.se\/2020\/11\/image.png 900w, https:\/\/media1.jensgustafsson.se\/2020\/11\/image-300x135.png 300w, https:\/\/media1.jensgustafsson.se\/2020\/11\/image-768x346.png 768w, https:\/\/media1.jensgustafsson.se\/2020\/11\/image-500x226.png 500w\" sizes=\"auto, (max-width: 689px) 100vw, 689px\" \/><\/figure>\n\n\n\n<p class=\"has-blue-color has-light-gray-background-color has-text-color has-background has-medium-font-size\"> <em>Jag inleder min v\u00e4derdokumentation av oktober med diagrammet h\u00e4r ovan. Det ger en helhetsbild p\u00e5 temperaturen genom m\u00e5nadens 31 dagar. M\u00e5naden har varit mycket mild totalt sett, och vi hamnade p\u00e5 en medeltemperatur p\u00e5 +9,3\u00b0. F\u00f6r att illustrera hur det ligger i f\u00f6rh\u00e5llande till tidigare oktoberm\u00e5nader genom \u00e5ren 1931-2020 som jag har koll p\u00e5 i min statistik, s\u00e5 l\u00e4gger jag in diagram h\u00e4r, med olika tidsperioder.<\/em><\/p>\n\n\n\n<figure class=\"wp-block-image size-large\"><img loading=\"lazy\" decoding=\"async\" width=\"830\" height=\"386\" src=\"http:\/\/media1.jensgustafsson.se\/2020\/11\/image-1.png\" alt=\"\" class=\"wp-image-18366\" srcset=\"https:\/\/media1.jensgustafsson.se\/2020\/11\/image-1.png 830w, https:\/\/media1.jensgustafsson.se\/2020\/11\/image-1-300x140.png 300w, https:\/\/media1.jensgustafsson.se\/2020\/11\/image-1-768x357.png 768w, https:\/\/media1.jensgustafsson.se\/2020\/11\/image-1-500x233.png 500w\" sizes=\"auto, (max-width: 830px) 100vw, 830px\" \/><figcaption><strong><em>H\u00e4r syns en klar upp\u00e5tg\u00e5ende trend i temperaturen genom \u00e5ren.<\/em><\/strong><\/figcaption><\/figure>\n\n\n\n<figure class=\"wp-block-image size-large\"><img loading=\"lazy\" decoding=\"async\" width=\"1024\" height=\"408\" src=\"http:\/\/media1.jensgustafsson.se\/2020\/11\/image-2-1024x408.png\" alt=\"\" class=\"wp-image-18367\" srcset=\"https:\/\/media1.jensgustafsson.se\/2020\/11\/image-2-1024x408.png 1024w, https:\/\/media1.jensgustafsson.se\/2020\/11\/image-2-300x120.png 300w, https:\/\/media1.jensgustafsson.se\/2020\/11\/image-2-768x306.png 768w, https:\/\/media1.jensgustafsson.se\/2020\/11\/image-2-500x199.png 500w, https:\/\/media1.jensgustafsson.se\/2020\/11\/image-2.png 1031w\" sizes=\"auto, (max-width: 1024px) 100vw, 1024px\" \/><figcaption><strong><em>H\u00e4r bryter jag ner statistiken till de senaste 10 \u00e5ren, och d\u00e5 ser vi lite mera hur det g\u00e5r upp och ner fr\u00e5n \u00e5r till \u00e5r. <\/em><\/strong><\/figcaption><\/figure>\n\n\n\n<p class=\"has-blue-color has-light-gray-background-color has-text-color has-background has-medium-font-size\"> <em>Lite mera om temperaturen denna m\u00e5nad d\u00e5. Vi har haft 2 frostdygn, allts\u00e5 d\u00e5 termometern g\u00e5tt ner p\u00e5 minusgrader. 4 dagar har jag noterat markfrost, d\u00e5 allts\u00e5 fortfarande plusgrader p\u00e5 termometern, men frost p\u00e5 marken p\u00e5 vissa st\u00e4llen. 8 dagar med en maxtemp. mellan +15 och +20\u00b0, 16 dagar med temperatur mellan +10 och +15\u00b0 och 7 dagar orkade inte maxtemperaturen upp till +10\u00b0. Det som sticker ut lite \u00e4r att det varit f\u00f6rh\u00e5llandevis milda n\u00e4tter genom m\u00e5naden. Det \u00e4r en av anledningarna till att medeltemperaturen blev s\u00e5 pass h\u00f6g totalt sett. Vi har ju i regel haft flera frostn\u00e4tter i oktober under tidigare \u00e5r, och likas\u00e5 brukar vi haft frostn\u00e4tter redan i september, vilket vi inte haft detta \u00e5r. Som vanligt blir jag nyfiken, har vi tidigare \u00e5r haft oktoberm\u00e5nader i min statistik 1931-2020 med medeltemperatur \u00f6ver +9\u00b0??, jod\u00e5, det har vi, inte speciellt m\u00e5nga, men jag visar det i diagrammet nedan.<\/em><\/p>\n\n\n\n<figure class=\"wp-block-image size-large is-resized\"><img loading=\"lazy\" decoding=\"async\" src=\"http:\/\/media1.jensgustafsson.se\/2020\/11\/image-3.png\" alt=\"\" class=\"wp-image-18369\" width=\"671\" height=\"321\" srcset=\"https:\/\/media1.jensgustafsson.se\/2020\/11\/image-3.png 809w, https:\/\/media1.jensgustafsson.se\/2020\/11\/image-3-300x144.png 300w, https:\/\/media1.jensgustafsson.se\/2020\/11\/image-3-768x368.png 768w, https:\/\/media1.jensgustafsson.se\/2020\/11\/image-3-500x240.png 500w\" sizes=\"auto, (max-width: 671px) 100vw, 671px\" \/><figcaption><strong><em>\u00c5r och medeltemperatur \u00f6ver +9\u00b0 i oktober.<\/em><\/strong><\/figcaption><\/figure>\n\n\n\n<figure class=\"wp-block-image size-large is-resized\"><img loading=\"lazy\" decoding=\"async\" src=\"http:\/\/media1.jensgustafsson.se\/2020\/11\/image-4.png\" alt=\"\" class=\"wp-image-18371\" width=\"651\" height=\"268\" srcset=\"https:\/\/media1.jensgustafsson.se\/2020\/11\/image-4.png 664w, https:\/\/media1.jensgustafsson.se\/2020\/11\/image-4-300x124.png 300w, https:\/\/media1.jensgustafsson.se\/2020\/11\/image-4-500x206.png 500w\" sizes=\"auto, (max-width: 651px) 100vw, 651px\" \/><figcaption><strong><em>Totalt 90 mm regn under m\u00e5naden.<\/em><\/strong><\/figcaption><\/figure>\n\n\n\n<p class=\"has-blue-color has-light-gray-background-color has-text-color has-background has-medium-font-size\"> <em>Regn har vi f\u00e5tt ordentligt, 90 mm har det kommit totalt, vilket \u00e4r dubbelt s\u00e5 mycket j\u00e4mf\u00f6rt med det genomsnittliga &#8221;normala&#8221;. Regnet har varit f\u00f6rdelat \u00f6ver 20 dygn, och allts\u00e5 d\u00e5 bara 11 dygn utan nederb\u00f6rd. Det var v\u00e4lbeh\u00f6vliga millimeter som kommit, och man kan nu m\u00e4rka av lite h\u00f6jda vattenniv\u00e5er i sj\u00f6arna och \u00e5arna h\u00e4r,  och jag hoppas att det forts\u00e4tter med en nederb\u00f6rdsrik november ocks\u00e5, med tanke p\u00e5 de l\u00e5ga grundvattenniv\u00e5erna i v\u00e5ra trakter. <\/em>F\u00f6r att kunna j\u00e4mf\u00f6ra \u00e5rets oktoberm\u00e5nad med tidigare \u00e5rs, s\u00e5 l\u00e4gger jag in n\u00e5gra diagram nedan.<\/p>\n\n\n\n<figure class=\"wp-block-image size-large is-resized\"><img loading=\"lazy\" decoding=\"async\" src=\"http:\/\/media1.jensgustafsson.se\/2020\/11\/image-5.png\" alt=\"\" class=\"wp-image-18373\" width=\"654\" height=\"271\" srcset=\"https:\/\/media1.jensgustafsson.se\/2020\/11\/image-5.png 836w, https:\/\/media1.jensgustafsson.se\/2020\/11\/image-5-300x124.png 300w, https:\/\/media1.jensgustafsson.se\/2020\/11\/image-5-768x318.png 768w, https:\/\/media1.jensgustafsson.se\/2020\/11\/image-5-500x207.png 500w\" sizes=\"auto, (max-width: 654px) 100vw, 654px\" \/><\/figure>\n\n\n\n<figure class=\"wp-block-image size-large is-resized\"><img loading=\"lazy\" decoding=\"async\" src=\"http:\/\/media1.jensgustafsson.se\/2020\/11\/image-6-1024x371.png\" alt=\"\" class=\"wp-image-18374\" width=\"643\" height=\"233\" srcset=\"https:\/\/media1.jensgustafsson.se\/2020\/11\/image-6-1024x371.png 1024w, https:\/\/media1.jensgustafsson.se\/2020\/11\/image-6-300x109.png 300w, https:\/\/media1.jensgustafsson.se\/2020\/11\/image-6-768x278.png 768w, https:\/\/media1.jensgustafsson.se\/2020\/11\/image-6-500x181.png 500w, https:\/\/media1.jensgustafsson.se\/2020\/11\/image-6.png 1028w\" sizes=\"auto, (max-width: 643px) 100vw, 643px\" \/><\/figure>\n\n\n\n<p class=\"has-blue-color has-light-gray-background-color has-text-color has-background has-medium-font-size\"><em> Jag st\u00e4ller mig samma fr\u00e5ga om nederb\u00f6rden som jag gjorde ang\u00e5ende temperaturen i oktober genom \u00e5ren, hur vanligt har det varit med nederb\u00f6rdsm\u00e4ngder \u00f6ver 80 mm i oktober m\u00e5nad genom \u00e5ren 1931-2020??, jo d\u00e4r finns n\u00e5gra \u00e5r d\u00e4r ocks\u00e5, vilka redovisar jag i diagrammet nedan med vilket \u00e5r och nederb\u00f6rdsm\u00e4ngd.<\/em><\/p>\n\n\n\n<figure class=\"wp-block-image size-large is-resized\"><img loading=\"lazy\" decoding=\"async\" src=\"http:\/\/media1.jensgustafsson.se\/2020\/11\/image-7.png\" alt=\"\" class=\"wp-image-18376\" width=\"638\" height=\"276\" srcset=\"https:\/\/media1.jensgustafsson.se\/2020\/11\/image-7.png 796w, https:\/\/media1.jensgustafsson.se\/2020\/11\/image-7-300x130.png 300w, https:\/\/media1.jensgustafsson.se\/2020\/11\/image-7-768x333.png 768w, https:\/\/media1.jensgustafsson.se\/2020\/11\/image-7-500x217.png 500w\" sizes=\"auto, (max-width: 638px) 100vw, 638px\" \/><\/figure>\n\n\n\n<figure class=\"wp-block-image size-large\"><img loading=\"lazy\" decoding=\"async\" width=\"852\" height=\"370\" src=\"http:\/\/media1.jensgustafsson.se\/2020\/11\/image-9.png\" alt=\"\" class=\"wp-image-18382\" srcset=\"https:\/\/media1.jensgustafsson.se\/2020\/11\/image-9.png 852w, https:\/\/media1.jensgustafsson.se\/2020\/11\/image-9-300x130.png 300w, https:\/\/media1.jensgustafsson.se\/2020\/11\/image-9-768x334.png 768w, https:\/\/media1.jensgustafsson.se\/2020\/11\/image-9-500x217.png 500w\" sizes=\"auto, (max-width: 852px) 100vw, 852px\" \/><\/figure>\n\n\n\n<p class=\"has-blue-color has-light-gray-background-color has-text-color has-background has-medium-font-size\"> <em>Vinden denna m\u00e5nad har kommit \u00f6verv\u00e4gande fr\u00e5n den v\u00e4nstra halvan p\u00e5 kompassrosen. Kan vid en snabb tanke kanske temperaturen denna m\u00e5nad har en viss koppling till vindriktningen, men det blir mots\u00e4gande vad g\u00e4ller nederb\u00f6rden, f\u00f6r vi brukar ju f\u00e5 den mesta nederb\u00f6rden med n\u00e5gon av vindriktningarna ostlig \u00e4r inblandad. I och f\u00f6r sig ser jag att det varit vindar med det mera \u00f6stliga inslaget vid dagar med lite st\u00f6rre regnm\u00e4ngder, men inte rakt igenom. <\/em><\/p>\n\n\n\n<p class=\"has-blue-color has-light-gray-background-color has-text-color has-background has-medium-font-size\"><em>Jag har vid m\u00e5nga tillf\u00e4llen suttit vid datorn och letat &#8221;r\u00f6da tr\u00e5dar&#8221; i statistiken f\u00f6r att kunna f\u00f6rutse vad som h\u00e4nder vid olika f\u00f6ruts\u00e4ttningar. Jag har inte lyckats med det, och det \u00e4r v\u00e4l inte att beg\u00e4ra heller, f\u00f6r v\u00e4dret \u00e4r ju en komplicerad procedur med en v\u00e4ldans massa parametrar inblandade, som jag inte har en chans att ta del av, eller har kunskapen om att hantera och utv\u00e4rdera. Jag presenterar de fakta jag f\u00e5r ut fr\u00e5n mina privata m\u00e4tningar i min lilla del av v\u00e4rlden, och det jag klart ser i alla fall \u00e4r: medeltemperaturen har totalt sett g\u00e5tt upp\u00e5t genom \u00e5ren, men det \u00e4r variationer upp och ner fr\u00e5n \u00e5r till \u00e5r. Gl\u00e4djande nog ser jag en tendens vad g\u00e4ller nederb\u00f6rden, den har \u00f6kat lite grann totalt sett under senare \u00e5r. Som vi alla minns hade vi ju sommaren 2018, som var extrem b\u00e5de med v\u00e4rme och torka. Det som inte gjorde saken b\u00e4ttre ser jag i min statistik, vara att vi egentligen hade nederb\u00f6rdsunderskott redan 2015, 2016 och 2017. 2018 v\u00e4nde det en aning upp\u00e5t, fortsatte upp\u00e5t 2019 och i \u00e5r likas\u00e5, s\u00e5 h\u00e4r l\u00e5ngt.<\/em><\/p>\n\n\n\n<p class=\"has-blue-color has-light-gray-background-color has-text-color has-background has-medium-font-size\"><em>Jag avslutar som vanligt min m\u00e5nadssammanfattning med ett utdrag fr\u00e5n loggarna Heavy Weather och Cumulus som tillsammans med min v\u00e4derstation och mitt eget excelprogram g\u00f6r grundjobbet f\u00f6r att jag ska kunna presentera siffror i min blogg.<\/em><\/p>\n\n\n\n<p class=\"has-blue-color has-light-gray-background-color has-text-color has-background has-medium-font-size\"><em>Summary for oktober 2020<\/em><\/p>\n\n\n\n<p class=\"has-blue-color has-light-gray-background-color has-text-color has-background has-medium-font-size\"><em>Temperature (\u00b0C):<br \/>Mean (min+max) 9,3<br \/>Mean Minimum 5,6<br \/>Mean Maximum 12,3<br \/>Minimum -1,8 day 20<br \/>Maximum 16,9 day 02<br \/>Highest Minimum 12,5 day 03<br \/>Lowest Maximum 8,1 day 18<br \/>Air frosts 2<\/em><\/p>\n\n\n\n<p class=\"has-blue-color has-light-gray-background-color has-text-color has-background has-medium-font-size\"><em>Rainfall (mm):<br \/>Total for month 90,0<br \/>Rain days 20<br \/>Dry days 11<\/em><\/p>\n\n\n\n<p class=\"has-blue-color has-light-gray-background-color has-text-color has-background has-medium-font-size\"><em>Wind (m\/s):<br \/>Highest Gust 18 day 22<br \/>Average Speed 6<\/em><\/p>\n\n\n\n<p class=\"has-blue-color has-light-gray-background-color has-text-color has-background has-medium-font-size\"><em>Pressure (hPa):<br \/>Maximum 1030,1 day 16<br \/>Minimum 998,1 day 22<\/em><\/p>\n","protected":false},"excerpt":{"rendered":"<p>Jag inleder min v\u00e4derdokumentation av oktober med diagrammet h\u00e4r ovan. Det ger en helhetsbild p\u00e5 temperaturen genom m\u00e5nadens 31 dagar. M\u00e5naden har varit mycket mild totalt sett, och vi hamnade p\u00e5 en medeltemperatur p\u00e5 +9,3\u00b0. F\u00f6r att illustrera hur det &hellip; <a href=\"https:\/\/jensgustafsson.se\/?page_id=18364\">Forts\u00e4tt l\u00e4sa <span class=\"meta-nav\">&rarr;<\/span><\/a><\/p>\n","protected":false},"author":1,"featured_media":0,"parent":15586,"menu_order":10,"comment_status":"closed","ping_status":"closed","template":"","meta":{"footnotes":""},"class_list":["post-18364","page","type-page","status-publish","hentry"],"_links":{"self":[{"href":"https:\/\/jensgustafsson.se\/index.php?rest_route=\/wp\/v2\/pages\/18364","targetHints":{"allow":["GET"]}}],"collection":[{"href":"https:\/\/jensgustafsson.se\/index.php?rest_route=\/wp\/v2\/pages"}],"about":[{"href":"https:\/\/jensgustafsson.se\/index.php?rest_route=\/wp\/v2\/types\/page"}],"author":[{"embeddable":true,"href":"https:\/\/jensgustafsson.se\/index.php?rest_route=\/wp\/v2\/users\/1"}],"replies":[{"embeddable":true,"href":"https:\/\/jensgustafsson.se\/index.php?rest_route=%2Fwp%2Fv2%2Fcomments&post=18364"}],"version-history":[{"count":9,"href":"https:\/\/jensgustafsson.se\/index.php?rest_route=\/wp\/v2\/pages\/18364\/revisions"}],"predecessor-version":[{"id":18383,"href":"https:\/\/jensgustafsson.se\/index.php?rest_route=\/wp\/v2\/pages\/18364\/revisions\/18383"}],"up":[{"embeddable":true,"href":"https:\/\/jensgustafsson.se\/index.php?rest_route=\/wp\/v2\/pages\/15586"}],"wp:attachment":[{"href":"https:\/\/jensgustafsson.se\/index.php?rest_route=%2Fwp%2Fv2%2Fmedia&parent=18364"}],"curies":[{"name":"wp","href":"https:\/\/api.w.org\/{rel}","templated":true}]}}