{"id":18955,"date":"2020-12-01T15:18:25","date_gmt":"2020-12-01T14:18:25","guid":{"rendered":"https:\/\/jensgustafsson.se\/?page_id=18955"},"modified":"2020-12-01T15:18:25","modified_gmt":"2020-12-01T14:18:25","slug":"november-2020","status":"publish","type":"page","link":"https:\/\/jensgustafsson.se\/?page_id=18955","title":{"rendered":"November 2020."},"content":{"rendered":"\n<figure class=\"wp-block-image size-large is-resized\"><img loading=\"lazy\" decoding=\"async\" src=\"https:\/\/media1.jensgustafsson.se\/2020\/12\/image-2.png\" alt=\"\" class=\"wp-image-18956\" width=\"671\" height=\"279\" srcset=\"https:\/\/media1.jensgustafsson.se\/2020\/12\/image-2.png 901w, https:\/\/media1.jensgustafsson.se\/2020\/12\/image-2-300x125.png 300w, https:\/\/media1.jensgustafsson.se\/2020\/12\/image-2-768x320.png 768w, https:\/\/media1.jensgustafsson.se\/2020\/12\/image-2-500x208.png 500w\" sizes=\"auto, (max-width: 671px) 100vw, 671px\" \/><\/figure>\n\n\n\n<p class=\"has-blue-color has-light-gray-background-color has-text-color has-background has-medium-font-size\"><em> 2020 \u00e5rs novemberm\u00e5nad blev mycket mild totalt sett. 6,3\u00b0 blev medeltemperaturen, vilket d\u00e5 kan st\u00e4llas mot 2,3\u00b0 som \u00e4r den genomsnittliga medeltemperaturen f\u00f6r referensperioden 1961-1990, som g\u00e4ller nu. I diagrammet nedan har jag satt upp n\u00e5gra olika tidsintervaller man kan j\u00e4mf\u00f6ra med.<\/em><\/p>\n\n\n\n<figure class=\"wp-block-image size-large\"><img loading=\"lazy\" decoding=\"async\" width=\"831\" height=\"381\" src=\"https:\/\/media1.jensgustafsson.se\/2020\/12\/image-3.png\" alt=\"\" class=\"wp-image-18957\" srcset=\"https:\/\/media1.jensgustafsson.se\/2020\/12\/image-3.png 831w, https:\/\/media1.jensgustafsson.se\/2020\/12\/image-3-300x138.png 300w, https:\/\/media1.jensgustafsson.se\/2020\/12\/image-3-768x352.png 768w, https:\/\/media1.jensgustafsson.se\/2020\/12\/image-3-500x229.png 500w\" sizes=\"auto, (max-width: 831px) 100vw, 831px\" \/><\/figure>\n\n\n\n<figure class=\"wp-block-image size-large\"><img loading=\"lazy\" decoding=\"async\" width=\"1024\" height=\"351\" src=\"https:\/\/media1.jensgustafsson.se\/2020\/12\/image-8-1024x351.png\" alt=\"\" class=\"wp-image-18965\" srcset=\"https:\/\/media1.jensgustafsson.se\/2020\/12\/image-8-1024x351.png 1024w, https:\/\/media1.jensgustafsson.se\/2020\/12\/image-8-300x103.png 300w, https:\/\/media1.jensgustafsson.se\/2020\/12\/image-8-768x263.png 768w, https:\/\/media1.jensgustafsson.se\/2020\/12\/image-8-500x171.png 500w, https:\/\/media1.jensgustafsson.se\/2020\/12\/image-8.png 1165w\" sizes=\"auto, (max-width: 1024px) 100vw, 1024px\" \/><\/figure>\n\n\n\n<p class=\"has-blue-color has-light-gray-background-color has-text-color has-background has-medium-font-size\"> <em>Mildast var det i b\u00f6rjan p\u00e5 m\u00e5naden, och vi hade +15,8\u00b0 i maxtemperatur den 2:a november. V\u00e4rmen lockade fram fj\u00e4rilarna t.o.m. Jag fotograferade p\u00e5f\u00e5gel\u00f6ga den 6:e november, d\u00e5 vi hade 15,6\u00b0 i maxtemperatur. N\u00e4tterna har varit milda under m\u00e5naden ocks\u00e5, den f\u00f6rsta frostnatten fick vi den 20:e, och totalt har vi haft 6 frostn\u00e4tter. 3 dagar har jag noterat markfrost ut\u00f6ver de &#8221;riktiga&#8221; frostn\u00e4tterna. Diagrammet nedan visar antal dagar med maxtemperatur inom respektive temperaturomr\u00e5den.<\/em><\/p>\n\n\n\n<figure class=\"wp-block-image size-large\"><img loading=\"lazy\" decoding=\"async\" width=\"619\" height=\"289\" src=\"https:\/\/media1.jensgustafsson.se\/2020\/12\/image-4.png\" alt=\"\" class=\"wp-image-18959\" srcset=\"https:\/\/media1.jensgustafsson.se\/2020\/12\/image-4.png 619w, https:\/\/media1.jensgustafsson.se\/2020\/12\/image-4-300x140.png 300w, https:\/\/media1.jensgustafsson.se\/2020\/12\/image-4-500x233.png 500w\" sizes=\"auto, (max-width: 619px) 100vw, 619px\" \/><\/figure>\n\n\n\n<figure class=\"wp-block-image size-large\"><img loading=\"lazy\" decoding=\"async\" width=\"664\" height=\"268\" src=\"https:\/\/media1.jensgustafsson.se\/2020\/12\/image-5.png\" alt=\"\" class=\"wp-image-18961\" srcset=\"https:\/\/media1.jensgustafsson.se\/2020\/12\/image-5.png 664w, https:\/\/media1.jensgustafsson.se\/2020\/12\/image-5-300x121.png 300w, https:\/\/media1.jensgustafsson.se\/2020\/12\/image-5-500x202.png 500w\" sizes=\"auto, (max-width: 664px) 100vw, 664px\" \/><\/figure>\n\n\n\n<p class=\"has-blue-color has-light-gray-background-color has-text-color has-background has-medium-font-size\"><em> Nederb\u00f6rd har vi f\u00e5tt lite av denna m\u00e5nad, bara 19 mm totalt. Det \u00e4r cirka 40% av den genomsnittliga nederb\u00f6rden f\u00f6r november i referensperioden 1961-1990. Nederb\u00f6rden har kommit som regn i huvudsak, bara i slutet p\u00e5 m\u00e5naden som vi fick se lite sn\u00f6 tillf\u00e4lligt. Inget m\u00e4tbart sn\u00f6t\u00e4cke, bara lite vitt p\u00e5 backen. Jag visar ett diagram \u00f6ver hur det sett ut med nederb\u00f6rden i genomsnitt i november i lite olika tidsperioder.<\/em><\/p>\n\n\n\n<figure class=\"wp-block-image size-large is-resized\"><img loading=\"lazy\" decoding=\"async\" src=\"https:\/\/media1.jensgustafsson.se\/2020\/12\/image-6.png\" alt=\"\" class=\"wp-image-18962\" width=\"622\" height=\"249\" srcset=\"https:\/\/media1.jensgustafsson.se\/2020\/12\/image-6.png 836w, https:\/\/media1.jensgustafsson.se\/2020\/12\/image-6-300x121.png 300w, https:\/\/media1.jensgustafsson.se\/2020\/12\/image-6-768x309.png 768w, https:\/\/media1.jensgustafsson.se\/2020\/12\/image-6-500x201.png 500w\" sizes=\"auto, (max-width: 622px) 100vw, 622px\" \/><\/figure>\n\n\n\n<figure class=\"wp-block-image size-large\"><img loading=\"lazy\" decoding=\"async\" width=\"1024\" height=\"361\" src=\"https:\/\/media1.jensgustafsson.se\/2020\/12\/image-9-1024x361.png\" alt=\"\" class=\"wp-image-18966\" srcset=\"https:\/\/media1.jensgustafsson.se\/2020\/12\/image-9-1024x361.png 1024w, https:\/\/media1.jensgustafsson.se\/2020\/12\/image-9-300x106.png 300w, https:\/\/media1.jensgustafsson.se\/2020\/12\/image-9-768x270.png 768w, https:\/\/media1.jensgustafsson.se\/2020\/12\/image-9-500x176.png 500w, https:\/\/media1.jensgustafsson.se\/2020\/12\/image-9.png 1028w\" sizes=\"auto, (max-width: 1024px) 100vw, 1024px\" \/><\/figure>\n\n\n\n<p class=\"has-blue-color has-light-gray-background-color has-text-color has-background has-medium-font-size\"><em> Vinden under m\u00e5naden har mestadels kommit fr\u00e5n den v\u00e4nstra sidan av kompassrosen, dvs. mellan syd, sydv\u00e4st, v\u00e4st, nordv\u00e4st och nord. Jag visar det i diagrammet nedan, d\u00e4r det \u00e4r l\u00e4tt \u00f6versk\u00e5dligt.<\/em><\/p>\n\n\n\n<figure class=\"wp-block-image size-large\"><img loading=\"lazy\" decoding=\"async\" width=\"642\" height=\"289\" src=\"https:\/\/media1.jensgustafsson.se\/2020\/12\/image-7.png\" alt=\"\" class=\"wp-image-18963\" srcset=\"https:\/\/media1.jensgustafsson.se\/2020\/12\/image-7.png 642w, https:\/\/media1.jensgustafsson.se\/2020\/12\/image-7-300x135.png 300w, https:\/\/media1.jensgustafsson.se\/2020\/12\/image-7-500x225.png 500w\" sizes=\"auto, (max-width: 642px) 100vw, 642px\" \/><\/figure>\n\n\n\n<p class=\"has-blue-color has-light-gray-background-color has-text-color has-background has-medium-font-size\"><em> Jag l\u00e4gger in en l\u00e4nk h\u00e4r:<strong> <a href=\"https:\/\/jensgustafsson.se\/?m=202011\">https:\/\/jensgustafsson.se\/?m=202011<\/a><\/strong>, och den g\u00e5r till v\u00e4derdagboken\/v\u00e4derbloggen f\u00f6r de dagliga inl\u00e4ggen i november 2020 om v\u00e4dret, och jag f\u00f6rs\u00f6ker ocks\u00e5 ha minst en bild varje dag, som illustrerar den dagen. En kalender p\u00e5 sidan d\u00e4r g\u00f6r det l\u00e4tt att navigera fram till vilken dag man vill titta p\u00e5.<\/em><\/p>\n\n\n\n<p class=\"has-blue-color has-light-gray-background-color has-text-color has-background has-medium-font-size\"> <em>Jag avslutar som vanligt min m\u00e5nadssammanfattning med ett utdrag fr\u00e5n loggarna Heavy Weather och Cumulus som tillsammans med min v\u00e4derstation och mitt eget excelprogram g\u00f6r grundjobbet f\u00f6r att jag ska kunna presentera siffror i min blogg.<\/em><\/p>\n\n\n\n<p class=\"has-blue-color has-light-gray-background-color has-text-color has-background has-medium-font-size\"><em>Summering av november 2020<\/em><\/p>\n\n\n\n<p class=\"has-blue-color has-light-gray-background-color has-text-color has-background has-medium-font-size\"><em>Temperatur (\u00b0C)<br \/>Medeltemp : 6,3<br \/>Medelminimum: 4,1<br \/>Medelmaximum: 8,9<br \/>Minimum : -4,1 dag 21<br \/>Maximum : 15,8 dag 02<br \/>H\u00f6gsta minimum: 9,4 dag 2<br \/>L\u00e4gsta maximum: 0,8 dag 29<br \/>Frostdygn: 5<\/em><\/p>\n\n\n\n<p class=\"has-blue-color has-light-gray-background-color has-text-color has-background has-medium-font-size\"><em>Nederb\u00f6rd (mm)<br \/>Totalt i m\u00e5naden: 19<br \/>Antal dagar med nederb\u00f6rd: 13<br \/>Antal dagar med uppeh\u00e5llsv\u00e4der: 17<\/em><\/p>\n\n\n\n<p class=\"has-blue-color has-light-gray-background-color has-text-color has-background has-medium-font-size\"><em>Lufttryck (hPa)<br \/>Maximum: 1039,3 dag 10<br \/>Minimum: 1001,7 dag 19<\/em><\/p>\n\n\n\n<p class=\"has-blue-color has-light-gray-background-color has-text-color has-background has-medium-font-size\"><em>Vind (m\/s)<br \/>Medelmax: 6,6<\/em><\/p>\n","protected":false},"excerpt":{"rendered":"<p>2020 \u00e5rs novemberm\u00e5nad blev mycket mild totalt sett. 6,3\u00b0 blev medeltemperaturen, vilket d\u00e5 kan st\u00e4llas mot 2,3\u00b0 som \u00e4r den genomsnittliga medeltemperaturen f\u00f6r referensperioden 1961-1990, som g\u00e4ller nu. I diagrammet nedan har jag satt upp n\u00e5gra olika tidsintervaller man kan &hellip; <a href=\"https:\/\/jensgustafsson.se\/?page_id=18955\">Forts\u00e4tt l\u00e4sa <span class=\"meta-nav\">&rarr;<\/span><\/a><\/p>\n","protected":false},"author":1,"featured_media":0,"parent":15586,"menu_order":11,"comment_status":"closed","ping_status":"closed","template":"","meta":{"footnotes":""},"class_list":["post-18955","page","type-page","status-publish","hentry"],"_links":{"self":[{"href":"https:\/\/jensgustafsson.se\/index.php?rest_route=\/wp\/v2\/pages\/18955","targetHints":{"allow":["GET"]}}],"collection":[{"href":"https:\/\/jensgustafsson.se\/index.php?rest_route=\/wp\/v2\/pages"}],"about":[{"href":"https:\/\/jensgustafsson.se\/index.php?rest_route=\/wp\/v2\/types\/page"}],"author":[{"embeddable":true,"href":"https:\/\/jensgustafsson.se\/index.php?rest_route=\/wp\/v2\/users\/1"}],"replies":[{"embeddable":true,"href":"https:\/\/jensgustafsson.se\/index.php?rest_route=%2Fwp%2Fv2%2Fcomments&post=18955"}],"version-history":[{"count":7,"href":"https:\/\/jensgustafsson.se\/index.php?rest_route=\/wp\/v2\/pages\/18955\/revisions"}],"predecessor-version":[{"id":18970,"href":"https:\/\/jensgustafsson.se\/index.php?rest_route=\/wp\/v2\/pages\/18955\/revisions\/18970"}],"up":[{"embeddable":true,"href":"https:\/\/jensgustafsson.se\/index.php?rest_route=\/wp\/v2\/pages\/15586"}],"wp:attachment":[{"href":"https:\/\/jensgustafsson.se\/index.php?rest_route=%2Fwp%2Fv2%2Fmedia&parent=18955"}],"curies":[{"name":"wp","href":"https:\/\/api.w.org\/{rel}","templated":true}]}}