{"id":19277,"date":"2021-01-01T13:32:55","date_gmt":"2021-01-01T12:32:55","guid":{"rendered":"https:\/\/jensgustafsson.se\/?page_id=19277"},"modified":"2021-01-02T06:14:10","modified_gmt":"2021-01-02T05:14:10","slug":"december-2020","status":"publish","type":"page","link":"https:\/\/jensgustafsson.se\/?page_id=19277","title":{"rendered":"December 2020."},"content":{"rendered":"\n<p class=\"has-blue-color has-light-gray-background-color has-text-color has-background has-medium-font-size\"><em> \u00c5rets decemberm\u00e5nad h\u00e4r i F\u00e5gelfors, Sm\u00e5land, l\u00e4gger vi till historien som en av de varmare genom tiderna.Det har ocks\u00e5 varit mycket gr\u00e5v\u00e4dersbetonat, med m\u00e5nga solfattiga dagar. Den har ocks\u00e5 varit nederb\u00f6rdsrik. Jag ser det som positivt med allt regn vi f\u00e5tt, f\u00f6r det har h\u00f6jt niv\u00e5n i v\u00e5ra sj\u00f6ar och \u00e5ar, och f\u00f6rhoppningsvis \u00e4ven lite p\u00e5 grundvattenniv\u00e5erna h\u00e4r nu p\u00e5 senare tid. Nedan delar jag upp det som jag brukar, i tre delar, temperatur, nederb\u00f6rd, och lite om vinden i text och diagram \u00f6ver hur m\u00e5naden varit i \u00e5r, och hur den varit genom \u00e5ren 1931 till nu. <\/em><\/p>\n\n\n\n<p class=\"has-blue-color has-light-gray-background-color has-text-color has-background has-large-font-size\"><em>Temperaturen<\/em><\/p>\n\n\n\n<figure class=\"wp-block-image size-large\"><img loading=\"lazy\" decoding=\"async\" width=\"900\" height=\"385\" src=\"https:\/\/media1.jensgustafsson.se\/2021\/01\/image.png\" alt=\"\" class=\"wp-image-19280\" srcset=\"https:\/\/media1.jensgustafsson.se\/2021\/01\/image.png 900w, https:\/\/media1.jensgustafsson.se\/2021\/01\/image-300x128.png 300w, https:\/\/media1.jensgustafsson.se\/2021\/01\/image-768x329.png 768w, https:\/\/media1.jensgustafsson.se\/2021\/01\/image-500x214.png 500w\" sizes=\"auto, (max-width: 900px) 100vw, 900px\" \/><\/figure>\n\n\n\n<p class=\"has-blue-color has-light-gray-background-color has-text-color has-background has-medium-font-size\"> <em>Diagrammet ovan visar temperaturen dagligen genom m\u00e5naden. Som jag skrev i inledningen, har m\u00e5naden varit mycket mild totalt sett, och medeltemperaturen hamnade p\u00e5 +3,0\u00b0C. I min statistik som jag samlat p\u00e5 mig, som g\u00e5r tillbaka till 1931, \u00e4r det bara 2006, och 2015, som haft varmare decemberm\u00e5nad j\u00e4mf\u00f6rt med i \u00e5r. 2019 var ocks\u00e5 likst\u00e4lld med \u00e5rets, bara marginellt kallare. Vi har  inte f\u00e5tt n\u00e5gon meteorologisk vinter \u00e4nnu, \u00e5terst\u00e5r att se om\/n\u00e4r den kommer, i fjol uteblev den helt och h\u00e5llet, d\u00e5 vi gick direkt fr\u00e5n h\u00f6st till v\u00e5r, meteorologiskt sett, den 15 februari. Maxtemperaturen har varit mellan 0\u00b0 och +5\u00b0 18 dygn, mellan +5 och +10\u00b0 11 dygn, och mellan 0 och -5\u00b0 2 dygn. Vi har haft 7 frostdygn och 2 isdygn. Mera siffror om min-och maxv\u00e4rden under december m\u00e5nad hittar du i min sammanfattning fr\u00e5n dataloggningen p\u00e5 min v\u00e4derstation l\u00e4ngre ner i mitt inl\u00e4gg h\u00e4r. Nedanf\u00f6r h\u00e4r l\u00e4gger jag in n\u00e5gra diagram med medeltemperaturer under lite olika tidsperioder bak\u00e5t i tiden, s\u00e5 den som vill kan j\u00e4mf\u00f6ra och se.<\/em> <\/p>\n\n\n\n<figure class=\"wp-block-image size-large\"><img loading=\"lazy\" decoding=\"async\" width=\"831\" height=\"386\" src=\"https:\/\/media1.jensgustafsson.se\/2021\/01\/image-1.png\" alt=\"\" class=\"wp-image-19281\" srcset=\"https:\/\/media1.jensgustafsson.se\/2021\/01\/image-1.png 831w, https:\/\/media1.jensgustafsson.se\/2021\/01\/image-1-300x139.png 300w, https:\/\/media1.jensgustafsson.se\/2021\/01\/image-1-768x357.png 768w, https:\/\/media1.jensgustafsson.se\/2021\/01\/image-1-500x232.png 500w\" sizes=\"auto, (max-width: 831px) 100vw, 831px\" \/><\/figure>\n\n\n\n<figure class=\"wp-block-image size-large\"><img loading=\"lazy\" decoding=\"async\" width=\"1024\" height=\"408\" src=\"https:\/\/media1.jensgustafsson.se\/2021\/01\/image-2-1024x408.png\" alt=\"\" class=\"wp-image-19282\" srcset=\"https:\/\/media1.jensgustafsson.se\/2021\/01\/image-2-1024x408.png 1024w, https:\/\/media1.jensgustafsson.se\/2021\/01\/image-2-300x120.png 300w, https:\/\/media1.jensgustafsson.se\/2021\/01\/image-2-768x306.png 768w, https:\/\/media1.jensgustafsson.se\/2021\/01\/image-2-500x199.png 500w, https:\/\/media1.jensgustafsson.se\/2021\/01\/image-2.png 1031w\" sizes=\"auto, (max-width: 1024px) 100vw, 1024px\" \/><\/figure>\n\n\n\n<p class=\"has-blue-color has-light-gray-background-color has-text-color has-background has-large-font-size\"><em>Nederb\u00f6rden.<\/em><\/p>\n\n\n\n<p class=\"has-blue-color has-light-gray-background-color has-text-color has-background has-medium-font-size\"><em> Nederb\u00f6rd har vi f\u00e5tt 69 mm, och det mesta i form av regn. N\u00e5got m\u00e4tbart sn\u00f6t\u00e4cke har inte f\u00f6rekommit. Nederb\u00f6rden har fallit under 18 dygn totalt. Jag visar nedan i diagramform hur f\u00f6rdelningen av nederb\u00f6rden varit genom m\u00e5naden, och likas\u00e5 diagram \u00f6ver hur decembernederb\u00f6rden varit genomsnittligt genom \u00e5ren. D\u00e4r ser vi att vi fick ganska mera i \u00e5r, mot vad vi brukar f\u00e5 annars.<\/em><\/p>\n\n\n\n<figure class=\"wp-block-image size-large\"><img loading=\"lazy\" decoding=\"async\" width=\"664\" height=\"274\" src=\"https:\/\/media1.jensgustafsson.se\/2021\/01\/image-3.png\" alt=\"\" class=\"wp-image-19285\" srcset=\"https:\/\/media1.jensgustafsson.se\/2021\/01\/image-3.png 664w, https:\/\/media1.jensgustafsson.se\/2021\/01\/image-3-300x124.png 300w, https:\/\/media1.jensgustafsson.se\/2021\/01\/image-3-500x206.png 500w\" sizes=\"auto, (max-width: 664px) 100vw, 664px\" \/><\/figure>\n\n\n\n<figure class=\"wp-block-image size-large\"><img loading=\"lazy\" decoding=\"async\" width=\"836\" height=\"346\" src=\"https:\/\/media1.jensgustafsson.se\/2021\/01\/image-4.png\" alt=\"\" class=\"wp-image-19286\" srcset=\"https:\/\/media1.jensgustafsson.se\/2021\/01\/image-4.png 836w, https:\/\/media1.jensgustafsson.se\/2021\/01\/image-4-300x124.png 300w, https:\/\/media1.jensgustafsson.se\/2021\/01\/image-4-768x318.png 768w, https:\/\/media1.jensgustafsson.se\/2021\/01\/image-4-500x207.png 500w\" sizes=\"auto, (max-width: 836px) 100vw, 836px\" \/><\/figure>\n\n\n\n<figure class=\"wp-block-image size-large\"><img loading=\"lazy\" decoding=\"async\" width=\"1024\" height=\"371\" src=\"https:\/\/media1.jensgustafsson.se\/2021\/01\/image-5-1024x371.png\" alt=\"\" class=\"wp-image-19287\" srcset=\"https:\/\/media1.jensgustafsson.se\/2021\/01\/image-5-1024x371.png 1024w, https:\/\/media1.jensgustafsson.se\/2021\/01\/image-5-300x109.png 300w, https:\/\/media1.jensgustafsson.se\/2021\/01\/image-5-768x278.png 768w, https:\/\/media1.jensgustafsson.se\/2021\/01\/image-5-500x181.png 500w, https:\/\/media1.jensgustafsson.se\/2021\/01\/image-5.png 1028w\" sizes=\"auto, (max-width: 1024px) 100vw, 1024px\" \/><\/figure>\n\n\n\n<p class=\"has-blue-color has-light-gray-background-color has-text-color has-background has-large-font-size\"><em>Vinden.<\/em><\/p>\n\n\n\n<figure class=\"wp-block-image size-large is-resized\"><img loading=\"lazy\" decoding=\"async\" src=\"https:\/\/media1.jensgustafsson.se\/2021\/01\/image-6.png\" alt=\"\" class=\"wp-image-19288\" width=\"635\" height=\"274\" srcset=\"https:\/\/media1.jensgustafsson.se\/2021\/01\/image-6.png 849w, https:\/\/media1.jensgustafsson.se\/2021\/01\/image-6-300x130.png 300w, https:\/\/media1.jensgustafsson.se\/2021\/01\/image-6-768x332.png 768w, https:\/\/media1.jensgustafsson.se\/2021\/01\/image-6-500x216.png 500w\" sizes=\"auto, (max-width: 635px) 100vw, 635px\" \/><\/figure>\n\n\n\n<p class=\"has-blue-color has-light-gray-background-color has-text-color has-background has-medium-font-size\"> <em>Det har varit mycket av vindriktningen d\u00e4r sydlig \u00e4r inblandad denna m\u00e5nad. D\u00e4r \u00e4r ju en f\u00f6rklaring till det milda v\u00e4dret som vi haft. Den genomsnittliga medelvinden har legat p\u00e5 ca 5 m\/s.<\/em><\/p>\n\n\n\n<p class=\"has-blue-color has-light-gray-background-color has-text-color has-background has-medium-font-size\"> <em>Min m\u00e5nadssammanfattning med ett utdrag fr\u00e5n loggarna Heavy Weather och Cumulus som tillsammans med min v\u00e4derstation och mitt eget excelprogram g\u00f6r grundjobbet f\u00f6r att jag ska kunna presentera siffror i min blogg.<\/em><\/p>\n\n\n\n<p class=\"has-blue-color has-light-gray-background-color has-text-color has-background has-large-font-size\"><em>Summering av december 2020<\/em>:<\/p>\n\n\n\n<p class=\"has-blue-color has-light-gray-background-color has-text-color has-background has-medium-font-size\"><em>Temperatur (\u00b0C)<br \/>Medeltemp : 3,0<br \/>Medelminimum: 1,6<br \/>Medelmaximum: 4,4<br \/>Minimum -5,6 den 2020-12-02<br \/>Maximum 7,1 den 2020-12-20<br \/>H\u00f6gsta minimum: 5,3 den 2020-12-20<br \/>L\u00e4gsta maximum 0,5 on 2020-12-02<br \/>Frostdygn: 5<\/em><\/p>\n\n\n\n<p class=\"has-blue-color has-light-gray-background-color has-text-color has-background has-medium-font-size\"><em>Nederb\u00f6rd (mm)<br \/>Totalt i m\u00e5naden: 69<br \/>Antal dagar med nederb\u00f6rd: 18<br \/>Antal dagar med uppeh\u00e5llsv\u00e4der: 13<\/em><\/p>\n\n\n\n<p class=\"has-blue-color has-light-gray-background-color has-text-color has-background has-medium-font-size\"><em>Lufttryck (hPa)<br \/>Maximum 1032,6 on 2020-12-01<br \/>Minimum 993,5 on 2020-12-29<\/em><\/p>\n\n\n\n<p class=\"has-blue-color has-light-gray-background-color has-text-color has-background has-medium-font-size\"><em>Vind (m\/s)<br \/>Medel: 5,0<\/em><\/p>\n\n\n\n<p class=\"has-blue-color has-light-gray-background-color has-text-color has-background has-medium-font-size\"> <em><\/em><em>Nu n\u00e4r vi g\u00e5r in i 2021, s\u00e5 \u00e4ndrar SMHI med flera v\u00e4derinstitut efter beslut i WMO (Meteorologiska V\u00e4rldsorganisationen) sin referensperiod, det dom kallar \u201cnormalperiod\u201d. Den som anv\u00e4nts i 30 \u00e5r nu \u00e4r \u00e5ren 1961-1990. Den nya referensperioden \u00e4r 1991-2020 (med vissa undantag). Klicka p\u00e5 l\u00e4nken f\u00f6r info:<a href=\"https:\/\/www.smhi.se\/nyhetsarkiv\/ny-normalperiod-infors-vid-arsskiftet-1.166724\">https:\/\/www.smhi.se\/nyhetsarkiv\/ny-normalperiod-infors-vid-arsskiftet-1.166724<\/a>. Anledningen till att jag skriver detta \u00e4r att g\u00f6ra er som f\u00f6ljer medias rapportering av v\u00e4der uppm\u00e4rksamma p\u00e5 vad dom egentligen j\u00e4mf\u00f6r med i det dom skriver. Avvikelser, diagram och grafer \u00e4r helt beroende p\u00e5 vad man refererar till. Resultatet av bytet av period nu, blir ju att skillnaden mellan aktuella m\u00e4tv\u00e4rden och den nya referensperioden inte blir s\u00e5 stor som den varit i vissa fall nu under senare tid kanske. Allts\u00e5 topparna p\u00e5 de h\u00f6ga staplarna i SMHI:s avvikelsekartor kapas ganska rej\u00e4lt fram\u00f6ver, om jag t\u00e4nker r\u00e4tt. Finns s\u00e4kert en tankeg\u00e5ng h\u00e4r ocks\u00e5<\/em>,&nbsp;<em>men jag tycker det l\u00e5ter lite vingligt n\u00e4r man l\u00e4ser infon i l\u00e4nken till SMHI:s nyhetsinl\u00e4gg ovan, om hur man ska till\u00e4mpa de olika referensperioderna<\/em>,<em>&nbsp;samt diverse justeringar i historiska m\u00e4tningar.<\/em><\/p>\n\n\n\n<p class=\"has-blue-color has-light-gray-background-color has-text-color has-background has-medium-font-size\"><em> I och med att jag har en lokal v\u00e4derstatistik som jag laddat upp i excel, s\u00e5 g\u00f6r jag mina grafer och diagram med exaktv\u00e4rden, inte avvikelser mot n\u00e5gra referensperioder, och redovisar siffrorna i tre olika perioder. 1931-1960, 1961-1990 och 1991-2020 har jag delat upp dem i. D\u00e4r kan var och en se utvecklingen genom \u00e5ren, bilda sig en egen uppfattning. Jag har lagt in \u00e5rsnederb\u00f6rd och \u00e5rsnederb\u00f6rd till att b\u00f6rja med p\u00e5 min sida h\u00e4r, och l\u00e4gger in l\u00e4nkar nedan till dem h\u00e4r:<\/em><\/p>\n\n\n\n<figure class=\"wp-block-embed is-type-wp-embed is-provider-vadret-i-fagelfors-smaland wp-block-embed-vadret-i-fagelfors-smaland\"><div class=\"wp-block-embed__wrapper\">\nhttps:\/\/jensgustafsson.se\/?page_id=14393\n<\/div><\/figure>\n\n\n\n<figure class=\"wp-block-embed is-type-wp-embed is-provider-vadret-i-fagelfors-smaland wp-block-embed-vadret-i-fagelfors-smaland\"><div class=\"wp-block-embed__wrapper\">\nhttps:\/\/jensgustafsson.se\/?page_id=14399\n<\/div><\/figure>\n\n\n\n<p class=\"has-blue-color has-light-gray-background-color has-text-color has-background has-normal-font-size\"><\/p>\n","protected":false},"excerpt":{"rendered":"<p>\u00c5rets decemberm\u00e5nad h\u00e4r i F\u00e5gelfors, Sm\u00e5land, l\u00e4gger vi till historien som en av de varmare genom tiderna.Det har ocks\u00e5 varit mycket gr\u00e5v\u00e4dersbetonat, med m\u00e5nga solfattiga dagar. Den har ocks\u00e5 varit nederb\u00f6rdsrik. Jag ser det som positivt med allt regn vi &hellip; <a href=\"https:\/\/jensgustafsson.se\/?page_id=19277\">Forts\u00e4tt l\u00e4sa <span class=\"meta-nav\">&rarr;<\/span><\/a><\/p>\n","protected":false},"author":1,"featured_media":0,"parent":15586,"menu_order":12,"comment_status":"open","ping_status":"closed","template":"","meta":{"footnotes":""},"class_list":["post-19277","page","type-page","status-publish","hentry"],"_links":{"self":[{"href":"https:\/\/jensgustafsson.se\/index.php?rest_route=\/wp\/v2\/pages\/19277","targetHints":{"allow":["GET"]}}],"collection":[{"href":"https:\/\/jensgustafsson.se\/index.php?rest_route=\/wp\/v2\/pages"}],"about":[{"href":"https:\/\/jensgustafsson.se\/index.php?rest_route=\/wp\/v2\/types\/page"}],"author":[{"embeddable":true,"href":"https:\/\/jensgustafsson.se\/index.php?rest_route=\/wp\/v2\/users\/1"}],"replies":[{"embeddable":true,"href":"https:\/\/jensgustafsson.se\/index.php?rest_route=%2Fwp%2Fv2%2Fcomments&post=19277"}],"version-history":[{"count":20,"href":"https:\/\/jensgustafsson.se\/index.php?rest_route=\/wp\/v2\/pages\/19277\/revisions"}],"predecessor-version":[{"id":19330,"href":"https:\/\/jensgustafsson.se\/index.php?rest_route=\/wp\/v2\/pages\/19277\/revisions\/19330"}],"up":[{"embeddable":true,"href":"https:\/\/jensgustafsson.se\/index.php?rest_route=\/wp\/v2\/pages\/15586"}],"wp:attachment":[{"href":"https:\/\/jensgustafsson.se\/index.php?rest_route=%2Fwp%2Fv2%2Fmedia&parent=19277"}],"curies":[{"name":"wp","href":"https:\/\/api.w.org\/{rel}","templated":true}]}}