{"id":19702,"date":"2021-02-02T14:06:48","date_gmt":"2021-02-02T13:06:48","guid":{"rendered":"https:\/\/jensgustafsson.se\/?page_id=19702"},"modified":"2021-02-07T05:13:45","modified_gmt":"2021-02-07T04:13:45","slug":"januari-2021","status":"publish","type":"page","link":"https:\/\/jensgustafsson.se\/?page_id=19702","title":{"rendered":"Januari 2021."},"content":{"rendered":"\n<p class=\"has-blue-color has-light-gray-background-color has-text-color has-background has-medium-font-size\"> <em>Det h\u00e4r \u00e5rets januarim\u00e5nad blev f\u00f6rh\u00e5llandevis kall, och mycket nederb\u00f6rdsrik. Hur det sett ut med temperatur, nederb\u00f6rd och vind redovisar jag i tre avsnitt nedan, och d\u00e4refter en sammanfattning fr\u00e5n loggen p\u00e5 min v\u00e4derstation. Alla siffror g\u00e4llande \u00e5rets m\u00e5nad, och fr.o.m. \u00e5r 2013 p\u00e5 all statistik, \u00e4r h\u00e4mtade fr\u00e5n min privata v\u00e4derstation och loggningen p\u00e5 den. Statistik som jag har f\u00f6r \u00e5ren 1931-2012 \u00e4r h\u00e4mtad fr\u00e5n SMHI:s d\u00e5varande m\u00e4tstationer vid Blankastr\u00f6m och i Drageryd,<\/em><\/p>\n\n\n\n<p class=\"has-blue-color has-light-gray-background-color has-text-color has-background\" style=\"font-size:23px\"><em>Temperaturen.<\/em><\/p>\n\n\n\n<figure class=\"wp-block-image size-large is-resized\"><img loading=\"lazy\" decoding=\"async\" src=\"https:\/\/media1.jensgustafsson.se\/2021\/02\/image-10-1024x521.png\" alt=\"\" class=\"wp-image-19715\" width=\"649\" height=\"330\" srcset=\"https:\/\/media1.jensgustafsson.se\/2021\/02\/image-10-1024x521.png 1024w, https:\/\/media1.jensgustafsson.se\/2021\/02\/image-10-300x153.png 300w, https:\/\/media1.jensgustafsson.se\/2021\/02\/image-10-768x391.png 768w, https:\/\/media1.jensgustafsson.se\/2021\/02\/image-10-500x254.png 500w, https:\/\/media1.jensgustafsson.se\/2021\/02\/image-10.png 1069w\" sizes=\"auto, (max-width: 649px) 100vw, 649px\" \/><\/figure>\n\n\n\n<p class=\"has-blue-color has-light-gray-background-color has-text-color has-background has-medium-font-size\"> <em>Diagrammet ovan visar min-och maxtemperaturen genom m\u00e5naden. Medeltemperaturen f\u00f6r m\u00e5naden blev -1,6\u00b0.Vi har haft 11 isdygn, och 22 frostdygn under m\u00e5naden. Den meteorologiska vintern kom till F\u00e5gelfors den 10 januari, d\u00e5 kriterierna uppfylldes f\u00f6r det. Jag l\u00e4gger in n\u00e5gra diagram nedan, s\u00e5 det g\u00e5r att j\u00e4mf\u00f6ra med tidigare \u00e5r. Jag har anv\u00e4nt lite olika tidsperioder(referensperioder) som jag anger i diagrammen. M\u00f6jligheten har jag att bryta ner varje tidsperiod ner till \u00e5rsvis,och m\u00e5nadsvis, om man vill se mera i detalj hur januari varierat genom \u00e5ren. Tyckte det blev lite f\u00f6r mycket och stora diagram att ta med h\u00e4r. Jag undviker orden normalt eller onormalt, b\u00e4ttre var och en som \u00e4r intresserad tittar och bildar sig en uppfattning.<\/em><\/p>\n\n\n\n<figure class=\"wp-block-image size-large\"><img loading=\"lazy\" decoding=\"async\" width=\"1024\" height=\"408\" src=\"https:\/\/media1.jensgustafsson.se\/2021\/02\/image-4-1024x408.png\" alt=\"\" class=\"wp-image-19706\" srcset=\"https:\/\/media1.jensgustafsson.se\/2021\/02\/image-4-1024x408.png 1024w, https:\/\/media1.jensgustafsson.se\/2021\/02\/image-4-300x120.png 300w, https:\/\/media1.jensgustafsson.se\/2021\/02\/image-4-768x306.png 768w, https:\/\/media1.jensgustafsson.se\/2021\/02\/image-4-500x199.png 500w, https:\/\/media1.jensgustafsson.se\/2021\/02\/image-4.png 1031w\" sizes=\"auto, (max-width: 1024px) 100vw, 1024px\" \/><\/figure>\n\n\n\n<figure class=\"wp-block-image size-large\"><img loading=\"lazy\" decoding=\"async\" width=\"831\" height=\"386\" src=\"https:\/\/media1.jensgustafsson.se\/2021\/02\/image-5.png\" alt=\"\" class=\"wp-image-19707\" srcset=\"https:\/\/media1.jensgustafsson.se\/2021\/02\/image-5.png 831w, https:\/\/media1.jensgustafsson.se\/2021\/02\/image-5-300x139.png 300w, https:\/\/media1.jensgustafsson.se\/2021\/02\/image-5-768x357.png 768w, https:\/\/media1.jensgustafsson.se\/2021\/02\/image-5-500x232.png 500w\" sizes=\"auto, (max-width: 831px) 100vw, 831px\" \/><\/figure>\n\n\n\n<p class=\"has-blue-color has-light-gray-background-color has-text-color has-background\" style=\"font-size:23px\"><em>Nederb\u00f6rden.<\/em><\/p>\n\n\n\n<figure class=\"wp-block-image size-large is-resized\"><img loading=\"lazy\" decoding=\"async\" src=\"https:\/\/media1.jensgustafsson.se\/2021\/02\/image-6.png\" alt=\"\" class=\"wp-image-19709\" width=\"634\" height=\"262\" srcset=\"https:\/\/media1.jensgustafsson.se\/2021\/02\/image-6.png 664w, https:\/\/media1.jensgustafsson.se\/2021\/02\/image-6-300x124.png 300w, https:\/\/media1.jensgustafsson.se\/2021\/02\/image-6-500x207.png 500w\" sizes=\"auto, (max-width: 634px) 100vw, 634px\" \/><\/figure>\n\n\n\n<p class=\"has-blue-color has-light-gray-background-color has-text-color has-background has-medium-font-size\"> <em>Nederb\u00f6rden har varit riklig, 76 mm blev det totalt i form av b\u00e5de regn och sn\u00f6. Det \u00e4r ungef\u00e4r dubbelt s\u00e5 mycket j\u00e4mf\u00f6rt med den genomsnittliga januarinederb\u00f6rden varit genom \u00e5ren. Nederb\u00f6rden har f\u00f6rdelats \u00f6ver 22 dygn, allts\u00e5 bara 9 dygn med uppeh\u00e5ll. Sn\u00f6t\u00e4cke har vi haft 30 av 31 dagar, vilket \u00e4r ovanligt. Det st\u00f6rsta uppm\u00e4tta djupet \u00e4r 18 cm, och det var s\u00e5 m\u00e5naden slutade. Liksom med temperaturen, s\u00e5 l\u00e4gger jag in n\u00e5gra diagram \u00f6ver hur nederb\u00f6rdsm\u00e4ngderna i januarim\u00e5naden har sett ut tidigare \u00e5r.<\/em><\/p>\n\n\n\n<figure class=\"wp-block-image size-large\"><img loading=\"lazy\" decoding=\"async\" width=\"1024\" height=\"371\" src=\"https:\/\/media1.jensgustafsson.se\/2021\/02\/image-7-1024x371.png\" alt=\"\" class=\"wp-image-19710\" srcset=\"https:\/\/media1.jensgustafsson.se\/2021\/02\/image-7-1024x371.png 1024w, https:\/\/media1.jensgustafsson.se\/2021\/02\/image-7-300x109.png 300w, https:\/\/media1.jensgustafsson.se\/2021\/02\/image-7-768x278.png 768w, https:\/\/media1.jensgustafsson.se\/2021\/02\/image-7-500x181.png 500w, https:\/\/media1.jensgustafsson.se\/2021\/02\/image-7.png 1028w\" sizes=\"auto, (max-width: 1024px) 100vw, 1024px\" \/><\/figure>\n\n\n\n<figure class=\"wp-block-image size-large\"><img loading=\"lazy\" decoding=\"async\" width=\"836\" height=\"347\" src=\"https:\/\/media1.jensgustafsson.se\/2021\/02\/image-8.png\" alt=\"\" class=\"wp-image-19711\" srcset=\"https:\/\/media1.jensgustafsson.se\/2021\/02\/image-8.png 836w, https:\/\/media1.jensgustafsson.se\/2021\/02\/image-8-300x125.png 300w, https:\/\/media1.jensgustafsson.se\/2021\/02\/image-8-768x319.png 768w, https:\/\/media1.jensgustafsson.se\/2021\/02\/image-8-500x208.png 500w\" sizes=\"auto, (max-width: 836px) 100vw, 836px\" \/><\/figure>\n\n\n\n<p class=\"has-blue-color has-light-gray-background-color has-text-color has-background\" style=\"font-size:23px\"><em>Vinden.<\/em><\/p>\n\n\n\n<figure class=\"wp-block-image size-large\"><img loading=\"lazy\" decoding=\"async\" width=\"849\" height=\"377\" src=\"https:\/\/media1.jensgustafsson.se\/2021\/02\/image-9.png\" alt=\"\" class=\"wp-image-19714\" srcset=\"https:\/\/media1.jensgustafsson.se\/2021\/02\/image-9.png 849w, https:\/\/media1.jensgustafsson.se\/2021\/02\/image-9-300x133.png 300w, https:\/\/media1.jensgustafsson.se\/2021\/02\/image-9-768x341.png 768w, https:\/\/media1.jensgustafsson.se\/2021\/02\/image-9-500x222.png 500w\" sizes=\"auto, (max-width: 849px) 100vw, 849px\" \/><\/figure>\n\n\n\n<p class=\"has-blue-color has-light-gray-background-color has-text-color has-background has-medium-font-size\"> <em>Vinden har denna m\u00e5nad kommit mestadels fr\u00e5n syd, sydv\u00e4st, v\u00e4st, nordv\u00e4st och nord som vi ser i diagrammet. Medelmax i vindstyrka genom m\u00e5naden blev ca 5 m\/s.<\/em><\/p>\n\n\n\n<p class=\"has-blue-color has-light-gray-background-color has-text-color has-background has-medium-font-size\"><em>S\u00e5 kommer sammanfattningen i siffror fr\u00e5n min v\u00e4derstation, WS-2308, som jobbar med tv\u00e5 program, Heavy Wheather f\u00f6r loggningen, och Cumulus som ocks\u00e5 loggar, och omvandlar med hj\u00e4lp av mig till \u00f6versk\u00e5dliga fakta p\u00e5 min v\u00e4dersida p\u00e5 w<\/em>ebben.<\/p>\n\n\n\n<p class=\"has-blue-color has-light-gray-background-color has-text-color has-background\" style=\"font-size:23px\"><em>Summary for januari 2021<\/em><\/p>\n\n\n\n<p class=\"has-blue-color has-light-gray-background-color has-text-color has-background has-medium-font-size\"><em>Temperature (\u00b0C):<br \/>Mean (min+max) -1,6<br \/>Mean Minimum -3,4<br \/>Mean Maximum 0,3<br \/>Minimum -15,1 day 31<br \/>Maximum 5,3 day 22<br \/>Highest Minimum 2,3 day 21<br \/>Lowest Maximum -7,6 day 15<br \/>Air frosts 22<\/em><\/p>\n\n\n\n<p class=\"has-blue-color has-light-gray-background-color has-text-color has-background has-medium-font-size\"><em>Rain-\/snowfall (mm):<br \/>Total for month 76<br \/>Precipitation days 22<br \/>Dry days 9<\/em><\/p>\n\n\n\n<p class=\"has-blue-color has-light-gray-background-color has-text-color has-background has-medium-font-size\"><em>Wind (m\/s):<br \/>Average max 5,0<\/em><\/p>\n\n\n\n<p class=\"has-blue-color has-light-gray-background-color has-text-color has-background has-medium-font-size\"><em>Pressure (hPa):<br \/>Maximum 1033,8 day 03<br \/>Minimum 985,2 day 22<\/em><\/p>\n\n\n\n<p class=\"has-blue-color has-light-gray-background-color has-text-color has-background has-medium-font-size\"><em>Nu g\u00e5r vi in i februari, tredje och sista kalendariska vinterm\u00e5naden f\u00f6r denna vinter. Hur den kommer att bli, och hur och n\u00e4r v\u00e5ren kommer \u00e4r sp\u00e4nnande framtid. Om det \u00e4r n\u00e5got ni undrar \u00f6ver, eller vill ha info om, som r\u00f6r statistik p\u00e5 v\u00e4der f\u00f6r enskilda m\u00e5nader eller \u00e5r, s\u00e5 svarar jag g\u00e4rna p\u00e5 det. Fr\u00e5n 2013 har jag ju daglig statistik fr\u00e5n min egna v\u00e4derstation att tillg\u00e5. <\/em><\/p>\n\n\n\n<p class=\"has-blue-color has-light-gray-background-color has-text-color has-background has-medium-font-size\"><em>F\u00f6r kontakt: <\/em><a href=\"mailto:Jengus1956@gmail.com\">Jengus1956@gmail.com<\/a><\/p>\n\n\n\n<p><\/p>\n","protected":false},"excerpt":{"rendered":"<p>Det h\u00e4r \u00e5rets januarim\u00e5nad blev f\u00f6rh\u00e5llandevis kall, och mycket nederb\u00f6rdsrik. Hur det sett ut med temperatur, nederb\u00f6rd och vind redovisar jag i tre avsnitt nedan, och d\u00e4refter en sammanfattning fr\u00e5n loggen p\u00e5 min v\u00e4derstation. Alla siffror g\u00e4llande \u00e5rets m\u00e5nad, och &hellip; <a href=\"https:\/\/jensgustafsson.se\/?page_id=19702\">Forts\u00e4tt l\u00e4sa <span class=\"meta-nav\">&rarr;<\/span><\/a><\/p>\n","protected":false},"author":1,"featured_media":0,"parent":19700,"menu_order":0,"comment_status":"closed","ping_status":"closed","template":"","meta":{"footnotes":""},"class_list":["post-19702","page","type-page","status-publish","hentry"],"_links":{"self":[{"href":"https:\/\/jensgustafsson.se\/index.php?rest_route=\/wp\/v2\/pages\/19702","targetHints":{"allow":["GET"]}}],"collection":[{"href":"https:\/\/jensgustafsson.se\/index.php?rest_route=\/wp\/v2\/pages"}],"about":[{"href":"https:\/\/jensgustafsson.se\/index.php?rest_route=\/wp\/v2\/types\/page"}],"author":[{"embeddable":true,"href":"https:\/\/jensgustafsson.se\/index.php?rest_route=\/wp\/v2\/users\/1"}],"replies":[{"embeddable":true,"href":"https:\/\/jensgustafsson.se\/index.php?rest_route=%2Fwp%2Fv2%2Fcomments&post=19702"}],"version-history":[{"count":20,"href":"https:\/\/jensgustafsson.se\/index.php?rest_route=\/wp\/v2\/pages\/19702\/revisions"}],"predecessor-version":[{"id":19784,"href":"https:\/\/jensgustafsson.se\/index.php?rest_route=\/wp\/v2\/pages\/19702\/revisions\/19784"}],"up":[{"embeddable":true,"href":"https:\/\/jensgustafsson.se\/index.php?rest_route=\/wp\/v2\/pages\/19700"}],"wp:attachment":[{"href":"https:\/\/jensgustafsson.se\/index.php?rest_route=%2Fwp%2Fv2%2Fmedia&parent=19702"}],"curies":[{"name":"wp","href":"https:\/\/api.w.org\/{rel}","templated":true}]}}