{"id":2,"date":"2012-11-17T14:07:15","date_gmt":"2012-11-17T14:07:15","guid":{"rendered":"http:\/\/jensgustafsson.se\/?page_id=2"},"modified":"2025-11-22T18:17:59","modified_gmt":"2025-11-22T17:17:59","slug":"sample-page","status":"publish","type":"page","link":"https:\/\/jensgustafsson.se\/?page_id=2","title":{"rendered":"Om min v\u00e4dersida och v\u00e4derblogg."},"content":{"rendered":"\n<h1 class=\"wp-block-heading\"><span style=\"color: #33cccc;\"><em>&nbsp;<a style=\"color: #33cccc;\" href=\"http:\/\/gustafssonjens.se\/vader\/\">&nbsp;<\/a>&nbsp;&nbsp;&nbsp;<\/em><\/span><\/h1>\n\n\n\n<h1 class=\"wp-block-heading has-medium-font-size\"><span style=\"color: #33cccc;\">&nbsp;<strong><em>Min sida handlar om v\u00e4der, och d\u00e5 speciellt v\u00e4dret i F\u00e5gelfors, d\u00e4r jag bor, och driver min privata v\u00e4derstation sedan 2013. Tanken \u00e4r att ha en enkel sida som \u00e4nd\u00e5 f\u00f6rmedlar lite v\u00e4derfakta just f\u00f6r den h\u00e4r lilla orten, och som f\u00f6rhoppningsvis kan vara till n\u00f6je f\u00f6r v\u00e4derintresserade.&nbsp;<\/em><\/strong><\/span><\/h1>\n\n\n\n<h1 class=\"wp-block-heading has-medium-font-size\"><span style=\"color: #33cccc;\"><strong><em>&nbsp;H\u00e4r finns min v\u00e4derdagbok, eller v\u00e4derblogg, kan det ju kallas f\u00f6r ocks\u00e5, som jag skriver lite i varje dag ( med n\u00e5gra f\u00e5 undantag), och infogar en sammanfattning p\u00e5&nbsp; min-och maxv\u00e4rden p\u00e5 timmarna mellan mina inl\u00e4gg i v\u00e4derdagboken (cirka 24 timmar). Alla mina inl\u00e4gg i v\u00e4derdagboken \u00e4r l\u00e4tt s\u00f6kbara i menyn under&nbsp; &#8221;V\u00e4derdagbok arkiv&#8221;&nbsp; <\/em><\/strong><\/span><\/h1>\n\n\n\n<h1 class=\"wp-block-heading has-medium-font-size\"><span style=\"color: #33cccc;\"><em><strong>L\u00e4nk till v\u00e4derdagboken(startsida) h\u00e4r: <span style=\"color: #ffff00;\"><a style=\"color: #ffff00;\" href=\"http:\/\/jensgustafsson.se\/\">V\u00e4derdagbok <\/a><\/span><\/strong><\/em><\/span><\/h1>\n\n\n\n<h1 class=\"wp-block-heading has-medium-font-size\"><span style=\"color: #33cccc;\"><em>&nbsp;<\/em><\/span><span style=\"color: #33cccc;\"><em><span style=\"color: #33cccc;\">V\u00e4derstatistik (M\u00e5nadens v\u00e4der) fr\u00e5n min v\u00e4derstation finns under respektive flik i menyn ovan under respektive \u00e5rtal fr.o.m. 2013 <\/span><span style=\"color: #ff00ff;\"><span style=\"color: #33cccc;\">och fram\u00e5t, ligger inlagt m\u00e5nad f\u00f6r m\u00e5nad i flikar under varje \u00e5rtal d\u00e4r, s\u00e5 det \u00e4r bara att g\u00e5 in i rullgardinsmenyn och klicka p\u00e5 den m\u00e5nad man vill se. <\/span><\/span><\/em><\/span><\/h1>\n\n\n\n<h1 class=\"wp-block-heading has-medium-font-size\"><span style=\"color: #33cccc;\"><em><span style=\"color: #ff00ff;\"><span style=\"color: #33cccc;\">&nbsp;Jag har laddat ner v\u00e4derstatistik p\u00e5 temperatur och nederb\u00f6rd f\u00f6r \u00e5ren 1931-2012 fr\u00e5n SMHI:s m\u00e4tstationer Blankastr\u00f6m och Drageryd (dessa b\u00e4gge stationer ligger ca 5 km f\u00e5gelv\u00e4gen fr\u00e5n mig, numera inte aktiva), och anv\u00e4nder dessa i mina blogginl\u00e4gg och m\u00e5nadssammanfattningar d\u00e4r jag j\u00e4mf\u00f6r v\u00e4derdata \u00f6ver tid.<\/span><\/span><\/em><\/span><\/h1>\n\n\n\n<p class=\"has-medium-font-size\"><em><strong><span style=\"color: #33cccc;\">&nbsp;<\/span><\/strong><\/em><span style=\"color: #33cccc;\"><em><strong> L\u00e4nk till min v\u00e4derstation, som uppdaterar p\u00e5 internet var 10:e minut har du h\u00e4r: <\/strong><\/em><span style=\"color: #ffff00;\"><a style=\"color: #ffff00;\" href=\"http:\/\/gustafssonjens.se\/vader\">V\u00e4dret p\u00e5 min v\u00e4derstation just nu<\/a><\/span><\/span><\/p>\n\n\n\n<h1 class=\"wp-block-heading has-medium-font-size\"><span style=\"color: #33cccc;\"><em>&nbsp;<strong>&nbsp; F\u00f6r kontakt: Mail: <a href=\"mailto:Jengus1956@gmail.com\">Jengus1956@gmail.com<\/a><\/strong><\/em><\/span><\/h1>\n\n\n\n<figure class=\"wp-block-image size-large is-style-rounded\"><img loading=\"lazy\" decoding=\"async\" width=\"822\" height=\"1024\" src=\"https:\/\/media1.jensgustafsson.se\/2025\/11\/Jag-20-nov-2025-822x1024.jpg\" alt=\"\" class=\"wp-image-37749\" srcset=\"https:\/\/media1.jensgustafsson.se\/2025\/11\/Jag-20-nov-2025-822x1024.jpg 822w, https:\/\/media1.jensgustafsson.se\/2025\/11\/Jag-20-nov-2025-241x300.jpg 241w, https:\/\/media1.jensgustafsson.se\/2025\/11\/Jag-20-nov-2025-768x957.jpg 768w, https:\/\/media1.jensgustafsson.se\/2025\/11\/Jag-20-nov-2025.jpg 1104w\" sizes=\"auto, (max-width: 822px) 100vw, 822px\" \/><figcaption class=\"wp-element-caption\"><strong><em>Jens Gustafsson, jag som driver denna blogg\/v\u00e4dersida.<\/em><\/strong><\/figcaption><\/figure>\n","protected":false},"excerpt":{"rendered":"<p>&nbsp;&nbsp;&nbsp;&nbsp;&nbsp; &nbsp;Min sida handlar om v\u00e4der, och d\u00e5 speciellt v\u00e4dret i F\u00e5gelfors, d\u00e4r jag bor, och driver min privata v\u00e4derstation sedan 2013. Tanken \u00e4r att ha en enkel sida som \u00e4nd\u00e5 f\u00f6rmedlar lite v\u00e4derfakta just f\u00f6r den h\u00e4r lilla orten, &hellip; <a href=\"https:\/\/jensgustafsson.se\/?page_id=2\">Forts\u00e4tt l\u00e4sa <span class=\"meta-nav\">&rarr;<\/span><\/a><\/p>\n","protected":false},"author":1,"featured_media":0,"parent":0,"menu_order":-3,"comment_status":"closed","ping_status":"open","template":"sidebar-page.php","meta":{"footnotes":""},"class_list":["post-2","page","type-page","status-publish","hentry"],"_links":{"self":[{"href":"https:\/\/jensgustafsson.se\/index.php?rest_route=\/wp\/v2\/pages\/2","targetHints":{"allow":["GET"]}}],"collection":[{"href":"https:\/\/jensgustafsson.se\/index.php?rest_route=\/wp\/v2\/pages"}],"about":[{"href":"https:\/\/jensgustafsson.se\/index.php?rest_route=\/wp\/v2\/types\/page"}],"author":[{"embeddable":true,"href":"https:\/\/jensgustafsson.se\/index.php?rest_route=\/wp\/v2\/users\/1"}],"replies":[{"embeddable":true,"href":"https:\/\/jensgustafsson.se\/index.php?rest_route=%2Fwp%2Fv2%2Fcomments&post=2"}],"version-history":[{"count":491,"href":"https:\/\/jensgustafsson.se\/index.php?rest_route=\/wp\/v2\/pages\/2\/revisions"}],"predecessor-version":[{"id":37750,"href":"https:\/\/jensgustafsson.se\/index.php?rest_route=\/wp\/v2\/pages\/2\/revisions\/37750"}],"wp:attachment":[{"href":"https:\/\/jensgustafsson.se\/index.php?rest_route=%2Fwp%2Fv2%2Fmedia&parent=2"}],"curies":[{"name":"wp","href":"https:\/\/api.w.org\/{rel}","templated":true}]}}