{"id":20016,"date":"2021-03-02T16:34:26","date_gmt":"2021-03-02T15:34:26","guid":{"rendered":"https:\/\/jensgustafsson.se\/?page_id=20016"},"modified":"2021-04-16T05:34:51","modified_gmt":"2021-04-16T04:34:51","slug":"februari-2021","status":"publish","type":"page","link":"https:\/\/jensgustafsson.se\/?page_id=20016","title":{"rendered":"Februari 2021."},"content":{"rendered":"\n<p class=\"has-blue-color has-light-gray-background-color has-text-color has-background has-medium-font-size\"> <em>\u00c5rets februarim\u00e5nad utm\u00e4rkte sig lite \u00e5t alla h\u00e5ll och kanter. F\u00f6rsta halvan av m\u00e5naden blev ovanligt kall, och den andra halvan blev ovanligt mild (varm). Nederb\u00f6rd fick vi bara ca 40 procent av vad vi brukar f\u00e5 i medeltal denna m\u00e5nad. Jag redovisar som vanligt temperatur, nederb\u00f6rd och vindarna nedan i tre separata avdelningar med diagram och text.<\/em><\/p>\n\n\n\n<p class=\"has-blue-color has-light-gray-background-color has-text-color has-background has-medium-font-size\"> <em>Innan jag g\u00e5r in i detalj p\u00e5 februarim\u00e5nadens v\u00e4dersiffror, t\u00e4nkte jag bara kort s\u00e4ga n\u00e5got om vintern 2020\/21 som avslutades i och med februari m\u00e5nads avslut. Jag l\u00e4ggar in tv\u00e5 diagram nedan med medeltemperaturen och nederb\u00f6rden uppdelat i tre referensperioder, s\u00e5 kan man l\u00e4tt j\u00e4mf\u00f6ra hur det varit genom \u00e5ren 1931-2021. Om man d\u00e5 j\u00e4mf\u00f6r med den nu g\u00e4llande referensperiod &#8221;normal&#8221; (1991-2020)som SMHI m.fl. anv\u00e4nder, ser vi att vi haft en normal vinter temperaturm\u00e4ssigt, och en nederb\u00f6rdsrikare vinter, j\u00e4mf\u00f6rt med &#8221;normalt&#8221;.<\/em><\/p>\n\n\n\n<figure class=\"wp-block-image size-large\"><img loading=\"lazy\" decoding=\"async\" width=\"599\" height=\"289\" src=\"https:\/\/media1.jensgustafsson.se\/2021\/04\/image-77.png\" alt=\"\" class=\"wp-image-20500\" srcset=\"https:\/\/media1.jensgustafsson.se\/2021\/04\/image-77.png 599w, https:\/\/media1.jensgustafsson.se\/2021\/04\/image-77-300x145.png 300w, https:\/\/media1.jensgustafsson.se\/2021\/04\/image-77-500x241.png 500w\" sizes=\"auto, (max-width: 599px) 100vw, 599px\" \/><\/figure>\n\n\n\n<figure class=\"wp-block-image size-large\"><img loading=\"lazy\" decoding=\"async\" width=\"679\" height=\"289\" src=\"https:\/\/media1.jensgustafsson.se\/2021\/03\/image-5.png\" alt=\"\" class=\"wp-image-20018\" srcset=\"https:\/\/media1.jensgustafsson.se\/2021\/03\/image-5.png 679w, https:\/\/media1.jensgustafsson.se\/2021\/03\/image-5-300x128.png 300w, https:\/\/media1.jensgustafsson.se\/2021\/03\/image-5-500x213.png 500w\" sizes=\"auto, (max-width: 679px) 100vw, 679px\" \/><\/figure>\n\n\n\n<p class=\"has-blue-color has-light-gray-background-color has-text-color has-background\" style=\"font-size:23px\"><em>Temperaturen i februari 2021.<\/em><\/p>\n\n\n\n<figure class=\"wp-block-image size-large\"><img loading=\"lazy\" decoding=\"async\" width=\"901\" height=\"423\" src=\"https:\/\/media1.jensgustafsson.se\/2021\/03\/image-6.png\" alt=\"\" class=\"wp-image-20021\" srcset=\"https:\/\/media1.jensgustafsson.se\/2021\/03\/image-6.png 901w, https:\/\/media1.jensgustafsson.se\/2021\/03\/image-6-300x141.png 300w, https:\/\/media1.jensgustafsson.se\/2021\/03\/image-6-768x361.png 768w, https:\/\/media1.jensgustafsson.se\/2021\/03\/image-6-500x235.png 500w\" sizes=\"auto, (max-width: 901px) 100vw, 901px\" \/><\/figure>\n\n\n\n<p class=\"has-blue-color has-light-gray-background-color has-text-color has-background has-medium-font-size\"><em> M\u00e5naden b\u00f6rjade mycket kallt, precis som januarim\u00e5naden avslutades. Vi hade 26 dygn p\u00e5 raken, r\u00e4knat fr\u00e5n n\u00e4r det gick ner under 0\u00b0 i januari, med en dygnsmedeltemperatur under 0\u00b0, innan det slog om i mitten p\u00e5 m\u00e5naden, allts\u00e5 en f\u00f6rh\u00e5llandevis l\u00e5ng k\u00f6ldkn\u00e4pp. Vi hade 23 frostdygn(mintemp. under 0\u00b0) under m\u00e5naden, och 13 isdygn(dagar med maxtemp. under 0\u00b0) Andra h\u00e4lften av m\u00e5naden blev ju v\u00e4ldigt mild, rentav varm n\u00e5gra dagar. Detta gjorde att den meteorologiska v\u00e5ren kom till F\u00e5gelfors den 19:e februari i \u00e5r. Nedan f\u00f6ljer n\u00e5gra diagram \u00f6ver hur medeltemperaturen sett ut i februari genom \u00e5ren 1931-2021. \u00c5rets februarim\u00e5nad blev totalt sett, n\u00e4stan 1,5\u00b0 kallare j\u00e4mf\u00f6rt mot referensperioden 1991-2020. <\/em><\/p>\n\n\n\n<figure class=\"wp-block-image size-large\"><img loading=\"lazy\" decoding=\"async\" width=\"831\" height=\"386\" src=\"https:\/\/media1.jensgustafsson.se\/2021\/03\/image-7.png\" alt=\"\" class=\"wp-image-20022\" srcset=\"https:\/\/media1.jensgustafsson.se\/2021\/03\/image-7.png 831w, https:\/\/media1.jensgustafsson.se\/2021\/03\/image-7-300x139.png 300w, https:\/\/media1.jensgustafsson.se\/2021\/03\/image-7-768x357.png 768w, https:\/\/media1.jensgustafsson.se\/2021\/03\/image-7-500x232.png 500w\" sizes=\"auto, (max-width: 831px) 100vw, 831px\" \/><\/figure>\n\n\n\n<figure class=\"wp-block-image size-large\"><img loading=\"lazy\" decoding=\"async\" width=\"1024\" height=\"408\" src=\"https:\/\/media1.jensgustafsson.se\/2021\/03\/image-8-1024x408.png\" alt=\"\" class=\"wp-image-20023\" srcset=\"https:\/\/media1.jensgustafsson.se\/2021\/03\/image-8-1024x408.png 1024w, https:\/\/media1.jensgustafsson.se\/2021\/03\/image-8-300x120.png 300w, https:\/\/media1.jensgustafsson.se\/2021\/03\/image-8-768x306.png 768w, https:\/\/media1.jensgustafsson.se\/2021\/03\/image-8-500x199.png 500w, https:\/\/media1.jensgustafsson.se\/2021\/03\/image-8.png 1031w\" sizes=\"auto, (max-width: 1024px) 100vw, 1024px\" \/><\/figure>\n\n\n\n<p class=\"has-blue-color has-light-gray-background-color has-text-color has-background\" style=\"font-size:23px\"><em>Nederb\u00f6rden i februari 2021.<\/em><\/p>\n\n\n\n<figure class=\"wp-block-image size-large\"><img loading=\"lazy\" decoding=\"async\" width=\"664\" height=\"274\" src=\"https:\/\/media1.jensgustafsson.se\/2021\/03\/image-9.png\" alt=\"\" class=\"wp-image-20024\" srcset=\"https:\/\/media1.jensgustafsson.se\/2021\/03\/image-9.png 664w, https:\/\/media1.jensgustafsson.se\/2021\/03\/image-9-300x124.png 300w, https:\/\/media1.jensgustafsson.se\/2021\/03\/image-9-500x206.png 500w\" sizes=\"auto, (max-width: 664px) 100vw, 664px\" \/><\/figure>\n\n\n\n<p class=\"has-blue-color has-light-gray-background-color has-text-color has-background has-medium-font-size\"><em> Det har varit en nederb\u00f6rdsfattig m\u00e5nad. 13 mm f\u00f6rdelat p\u00e5 5 dagar, resten uppeh\u00e5ll. M\u00e4tbart sn\u00f6t\u00e4cke har vi haft 24 dagar av de 28 dagarna i denna m\u00e5nad. Vi gick in i m\u00e5naden med ett sn\u00f6djup p\u00e5 ca 18 cm fr\u00e5n januari, och det st\u00f6rsta sn\u00f6djupet hade vi i mitten p\u00e5 m\u00e5naden med ca 25 cm. N\u00e5gra diagram nedan h\u00e4r visar nederb\u00f6rden i februari genom \u00e5ren 1931-2021 i n\u00e5gra olika referensperioder.<\/em><\/p>\n\n\n\n<figure class=\"wp-block-image size-large\"><img loading=\"lazy\" decoding=\"async\" width=\"836\" height=\"346\" src=\"https:\/\/media1.jensgustafsson.se\/2021\/03\/image-11.png\" alt=\"\" class=\"wp-image-20026\" srcset=\"https:\/\/media1.jensgustafsson.se\/2021\/03\/image-11.png 836w, https:\/\/media1.jensgustafsson.se\/2021\/03\/image-11-300x124.png 300w, https:\/\/media1.jensgustafsson.se\/2021\/03\/image-11-768x318.png 768w, https:\/\/media1.jensgustafsson.se\/2021\/03\/image-11-500x207.png 500w\" sizes=\"auto, (max-width: 836px) 100vw, 836px\" \/><\/figure>\n\n\n\n<figure class=\"wp-block-image size-large\"><img loading=\"lazy\" decoding=\"async\" width=\"1024\" height=\"371\" src=\"https:\/\/media1.jensgustafsson.se\/2021\/03\/image-12-1024x371.png\" alt=\"\" class=\"wp-image-20027\" srcset=\"https:\/\/media1.jensgustafsson.se\/2021\/03\/image-12-1024x371.png 1024w, https:\/\/media1.jensgustafsson.se\/2021\/03\/image-12-300x109.png 300w, https:\/\/media1.jensgustafsson.se\/2021\/03\/image-12-768x278.png 768w, https:\/\/media1.jensgustafsson.se\/2021\/03\/image-12-500x181.png 500w, https:\/\/media1.jensgustafsson.se\/2021\/03\/image-12.png 1028w\" sizes=\"auto, (max-width: 1024px) 100vw, 1024px\" \/><\/figure>\n\n\n\n<p class=\"has-blue-color has-light-gray-background-color has-text-color has-background\" style=\"font-size:23px\"><em>Vindriktningen i februari 2021.<\/em><\/p>\n\n\n\n<figure class=\"wp-block-image size-large\"><img loading=\"lazy\" decoding=\"async\" width=\"849\" height=\"378\" src=\"https:\/\/media1.jensgustafsson.se\/2021\/03\/image-10.png\" alt=\"\" class=\"wp-image-20025\" srcset=\"https:\/\/media1.jensgustafsson.se\/2021\/03\/image-10.png 849w, https:\/\/media1.jensgustafsson.se\/2021\/03\/image-10-300x134.png 300w, https:\/\/media1.jensgustafsson.se\/2021\/03\/image-10-768x342.png 768w, https:\/\/media1.jensgustafsson.se\/2021\/03\/image-10-500x223.png 500w\" sizes=\"auto, (max-width: 849px) 100vw, 849px\" \/><\/figure>\n\n\n\n<p class=\"has-blue-color has-light-gray-background-color has-text-color has-background has-medium-font-size\"><em> Vindriktningen denna m\u00e5nad har kommit mest fr\u00e5n v\u00e4nstra halvan p\u00e5 kompassrosen, precis som f\u00f6reg\u00e5ende m\u00e5nad.<\/em><\/p>\n\n\n\n<p class=\"has-blue-color has-light-gray-background-color has-text-color has-background has-medium-font-size\"><em>S\u00e5 kommer sammanfattningen med min-och maxv\u00e4rden i siffror fr\u00e5n min v\u00e4derstation, WS-2308, som jobbar med tv\u00e5 program, Heavy Wheather f\u00f6r loggningen, och Cumulus som ocks\u00e5 loggar, och omvandlar med hj\u00e4lp av mig till \u00f6versk\u00e5dliga fakta p\u00e5 min v\u00e4dersida p\u00e5 w<\/em>ebben.<\/p>\n\n\n\n<p class=\"has-blue-color has-light-gray-background-color has-text-color has-background\" style=\"font-size:21px\"><em>Summary for period 2021-02-01 to 2021-02-28<\/em><\/p>\n\n\n\n<p class=\"has-blue-color has-light-gray-background-color has-text-color has-background has-medium-font-size\"><em>Temperature (\u00b0C):<br \/>Mean (min+max) -2,1<br \/>Mean Minimum -6,9<br \/>Mean Maximum 2,0<br \/>Minimum -17,6 on 2021-02-07<br \/>Maximum 14,3 on 2021-02-25<br \/>Highest Minimum 5,5 on 2021-02-25<br \/>Lowest Maximum -6,2 on 2021-02-11<br \/>Air frosts 23<\/em><\/p>\n\n\n\n<p class=\"has-blue-color has-light-gray-background-color has-text-color has-background has-medium-font-size\"><em>Rainfall (mm):<br \/>Total for period 13,0<br \/>Rain days 5<br \/>Dry days 23<\/em><\/p>\n\n\n\n<p class=\"has-blue-color has-light-gray-background-color has-text-color has-background has-medium-font-size\"><em>Wind (m\/s):<br \/>Highest Gust 13,0 on 2021-02-26<br \/>Average Speed 2<\/em><\/p>\n\n\n\n<p class=\"has-blue-color has-light-gray-background-color has-text-color has-background has-medium-font-size\"><em>Pressure (hPa):<br \/>Maximum 1043,2 on 2021-02-13<br \/>Minimum 1005,9 on 2021-02-01<\/em><\/p>\n","protected":false},"excerpt":{"rendered":"<p>\u00c5rets februarim\u00e5nad utm\u00e4rkte sig lite \u00e5t alla h\u00e5ll och kanter. F\u00f6rsta halvan av m\u00e5naden blev ovanligt kall, och den andra halvan blev ovanligt mild (varm). Nederb\u00f6rd fick vi bara ca 40 procent av vad vi brukar f\u00e5 i medeltal denna &hellip; <a href=\"https:\/\/jensgustafsson.se\/?page_id=20016\">Forts\u00e4tt l\u00e4sa <span class=\"meta-nav\">&rarr;<\/span><\/a><\/p>\n","protected":false},"author":1,"featured_media":0,"parent":19700,"menu_order":2,"comment_status":"closed","ping_status":"closed","template":"","meta":{"footnotes":""},"class_list":["post-20016","page","type-page","status-publish","hentry"],"_links":{"self":[{"href":"https:\/\/jensgustafsson.se\/index.php?rest_route=\/wp\/v2\/pages\/20016","targetHints":{"allow":["GET"]}}],"collection":[{"href":"https:\/\/jensgustafsson.se\/index.php?rest_route=\/wp\/v2\/pages"}],"about":[{"href":"https:\/\/jensgustafsson.se\/index.php?rest_route=\/wp\/v2\/types\/page"}],"author":[{"embeddable":true,"href":"https:\/\/jensgustafsson.se\/index.php?rest_route=\/wp\/v2\/users\/1"}],"replies":[{"embeddable":true,"href":"https:\/\/jensgustafsson.se\/index.php?rest_route=%2Fwp%2Fv2%2Fcomments&post=20016"}],"version-history":[{"count":7,"href":"https:\/\/jensgustafsson.se\/index.php?rest_route=\/wp\/v2\/pages\/20016\/revisions"}],"predecessor-version":[{"id":20501,"href":"https:\/\/jensgustafsson.se\/index.php?rest_route=\/wp\/v2\/pages\/20016\/revisions\/20501"}],"up":[{"embeddable":true,"href":"https:\/\/jensgustafsson.se\/index.php?rest_route=\/wp\/v2\/pages\/19700"}],"wp:attachment":[{"href":"https:\/\/jensgustafsson.se\/index.php?rest_route=%2Fwp%2Fv2%2Fmedia&parent=20016"}],"curies":[{"name":"wp","href":"https:\/\/api.w.org\/{rel}","templated":true}]}}