{"id":20358,"date":"2021-04-04T04:57:07","date_gmt":"2021-04-04T03:57:07","guid":{"rendered":"https:\/\/jensgustafsson.se\/?page_id=20358"},"modified":"2021-04-04T04:57:07","modified_gmt":"2021-04-04T03:57:07","slug":"mars-2021","status":"publish","type":"page","link":"https:\/\/jensgustafsson.se\/?page_id=20358","title":{"rendered":"Mars 2021."},"content":{"rendered":"\n<figure class=\"wp-block-image size-large\"><img loading=\"lazy\" decoding=\"async\" width=\"900\" height=\"423\" src=\"https:\/\/media1.jensgustafsson.se\/2021\/04\/image-12.png\" alt=\"\" class=\"wp-image-20359\" srcset=\"https:\/\/media1.jensgustafsson.se\/2021\/04\/image-12.png 900w, https:\/\/media1.jensgustafsson.se\/2021\/04\/image-12-300x141.png 300w, https:\/\/media1.jensgustafsson.se\/2021\/04\/image-12-768x361.png 768w, https:\/\/media1.jensgustafsson.se\/2021\/04\/image-12-500x235.png 500w\" sizes=\"auto, (max-width: 900px) 100vw, 900px\" \/><\/figure>\n\n\n\n<p class=\"has-blue-color has-light-gray-background-color has-text-color has-background has-medium-font-size\"><em> 2021 \u00e5rs marsm\u00e5nad bj\u00f6d oss p\u00e5 b\u00e5de kyla och v\u00e4rme. Hur det sett ut med temperaturen dag f\u00f6r dag ser vi i diagrammet ovan. Efter en kylig inledning av m\u00e5naden och en varm avslutning, hamnade medeltemperaturen p\u00e5 +3,6\u00b0. +16,6\u00b0 blev maxtemperaturen den 30:e, och det blev \u00e5rsh\u00f6gsta ocks\u00e5 s\u00e5 l\u00e5ngt som vi kommit p\u00e5 2021.Den kallaste natten hade vi den 9:e med -9,9\u00b0. F\u00f6r att enkelt visa hur temperaturen varit i mars genom de senaste 90 \u00e5ren h\u00e4r i v\u00e5ra trakter, s\u00e5 l\u00e4gger jag in n\u00e5gra diagram nedan med n\u00e5gra olika referensperioder att j\u00e4mf\u00f6ra \u00e5rets marsm\u00e5nad mot. Det vi ser bl.a. \u00e4r att medeltemperaturen har varierat genom \u00e5ren, och mest synligt blir det ju n\u00e4r man bryter ner de l\u00e4ngre perioderna som jag anv\u00e4nt att j\u00e4mf\u00f6ra mot, i kortare tidsperspektiv. Under de senaste 10 \u00e5ren sticker \u00e5ren 2013 och 2018 ut, d\u00e4r i synnerhet 2013 var riktigt kall. <\/em><\/p>\n\n\n\n<figure class=\"wp-block-image size-large\"><img loading=\"lazy\" decoding=\"async\" width=\"1024\" height=\"407\" src=\"https:\/\/media1.jensgustafsson.se\/2021\/04\/image-13-1024x407.png\" alt=\"\" class=\"wp-image-20361\" srcset=\"https:\/\/media1.jensgustafsson.se\/2021\/04\/image-13-1024x407.png 1024w, https:\/\/media1.jensgustafsson.se\/2021\/04\/image-13-300x119.png 300w, https:\/\/media1.jensgustafsson.se\/2021\/04\/image-13-768x305.png 768w, https:\/\/media1.jensgustafsson.se\/2021\/04\/image-13-500x199.png 500w, https:\/\/media1.jensgustafsson.se\/2021\/04\/image-13.png 1031w\" sizes=\"auto, (max-width: 1024px) 100vw, 1024px\" \/><\/figure>\n\n\n\n<figure class=\"wp-block-image size-large\"><img loading=\"lazy\" decoding=\"async\" width=\"831\" height=\"386\" src=\"https:\/\/media1.jensgustafsson.se\/2021\/04\/image-14.png\" alt=\"\" class=\"wp-image-20362\" srcset=\"https:\/\/media1.jensgustafsson.se\/2021\/04\/image-14.png 831w, https:\/\/media1.jensgustafsson.se\/2021\/04\/image-14-300x139.png 300w, https:\/\/media1.jensgustafsson.se\/2021\/04\/image-14-768x357.png 768w, https:\/\/media1.jensgustafsson.se\/2021\/04\/image-14-500x232.png 500w\" sizes=\"auto, (max-width: 831px) 100vw, 831px\" \/><\/figure>\n\n\n\n<p class=\"has-blue-color has-light-gray-background-color has-text-color has-background has-medium-font-size\"><em> D\u00e5 tittar vi p\u00e5 nederb\u00f6rden under mars. 36 mm har vi f\u00e5tt, och mestadels i form av regn. M\u00e4tbart sn\u00f6t\u00e4cke har vi haft en dag (den 11:e mars med 1 cm) och en dag med bara lite vitt p\u00e5 marken. Precis som jag gjorde med temperaturen, s\u00e5 l\u00e4gger jag in n\u00e5gra diagram med nederb\u00f6rden under 90-\u00e5rsperioden bakom oss, s\u00e5 kan man l\u00e4tt j\u00e4mf\u00f6ra \u00e5rets nederb\u00f6rd i mars gentemot de \u00e5ren.<\/em><\/p>\n\n\n\n<figure class=\"wp-block-image size-large\"><img loading=\"lazy\" decoding=\"async\" width=\"664\" height=\"275\" src=\"https:\/\/media1.jensgustafsson.se\/2021\/04\/image-17.png\" alt=\"\" class=\"wp-image-20365\" srcset=\"https:\/\/media1.jensgustafsson.se\/2021\/04\/image-17.png 664w, https:\/\/media1.jensgustafsson.se\/2021\/04\/image-17-300x124.png 300w, https:\/\/media1.jensgustafsson.se\/2021\/04\/image-17-500x207.png 500w\" sizes=\"auto, (max-width: 664px) 100vw, 664px\" \/><\/figure>\n\n\n\n<figure class=\"wp-block-image size-large\"><img loading=\"lazy\" decoding=\"async\" width=\"1024\" height=\"370\" src=\"https:\/\/media1.jensgustafsson.se\/2021\/04\/image-15-1024x370.png\" alt=\"\" class=\"wp-image-20363\" srcset=\"https:\/\/media1.jensgustafsson.se\/2021\/04\/image-15-1024x370.png 1024w, https:\/\/media1.jensgustafsson.se\/2021\/04\/image-15-300x108.png 300w, https:\/\/media1.jensgustafsson.se\/2021\/04\/image-15-768x277.png 768w, https:\/\/media1.jensgustafsson.se\/2021\/04\/image-15-500x180.png 500w, https:\/\/media1.jensgustafsson.se\/2021\/04\/image-15.png 1028w\" sizes=\"auto, (max-width: 1024px) 100vw, 1024px\" \/><\/figure>\n\n\n\n<figure class=\"wp-block-image size-large\"><img loading=\"lazy\" decoding=\"async\" width=\"836\" height=\"347\" src=\"https:\/\/media1.jensgustafsson.se\/2021\/04\/image-16.png\" alt=\"\" class=\"wp-image-20364\" srcset=\"https:\/\/media1.jensgustafsson.se\/2021\/04\/image-16.png 836w, https:\/\/media1.jensgustafsson.se\/2021\/04\/image-16-300x125.png 300w, https:\/\/media1.jensgustafsson.se\/2021\/04\/image-16-768x319.png 768w, https:\/\/media1.jensgustafsson.se\/2021\/04\/image-16-500x208.png 500w\" sizes=\"auto, (max-width: 836px) 100vw, 836px\" \/><\/figure>\n\n\n\n<p class=\"has-blue-color has-light-gray-background-color has-text-color has-background has-medium-font-size\"> <em>Lite kort om vindarna som bl\u00e5st under m\u00e5naden. Vinden har mestadels kommit fr\u00e5n riktningar p\u00e5 den v\u00e4nstra sidan av kompassrosen, och det har bl\u00e5st en hel del. Maxmedelvinden har legat p\u00e5 ca 8 m\/s m\u00e4tt \u00f6ver m\u00e5naden. \u00c4ven h\u00e4r ett diagram \u00f6ver vindriktningen i mars.<\/em><\/p>\n\n\n\n<figure class=\"wp-block-image size-large\"><img loading=\"lazy\" decoding=\"async\" width=\"849\" height=\"377\" src=\"https:\/\/media1.jensgustafsson.se\/2021\/04\/image-18.png\" alt=\"\" class=\"wp-image-20366\" srcset=\"https:\/\/media1.jensgustafsson.se\/2021\/04\/image-18.png 849w, https:\/\/media1.jensgustafsson.se\/2021\/04\/image-18-300x133.png 300w, https:\/\/media1.jensgustafsson.se\/2021\/04\/image-18-768x341.png 768w, https:\/\/media1.jensgustafsson.se\/2021\/04\/image-18-500x222.png 500w\" sizes=\"auto, (max-width: 849px) 100vw, 849px\" \/><\/figure>\n\n\n\n<p class=\"has-blue-color has-light-gray-background-color has-text-color has-background has-medium-font-size\"> <em>S\u00e5 kommer sammanfattningen med min-och maxv\u00e4rden i siffror fr\u00e5n min v\u00e4derstation, WS-2308, som jobbar med tv\u00e5 program, Heavy Wheather f\u00f6r loggningen, och Cumulus som ocks\u00e5 loggar, och omvandlar med hj\u00e4lp av mig till \u00f6versk\u00e5dliga fakta p\u00e5 min v\u00e4dersida p\u00e5 w<\/em>ebben.<\/p>\n\n\n\n<p class=\"has-blue-color has-light-gray-background-color has-text-color has-background has-medium-font-size\"><em>Summary for period 2021-03-01 to 2021-03-31<\/em><\/p>\n\n\n\n<p class=\"has-blue-color has-light-gray-background-color has-text-color has-background has-medium-font-size\"><em>Temperature (\u00b0C):<br \/>Mean (min+max) 3,6<br \/>Mean Minimum -0,9<br \/>Mean Maximum 7,7<br \/>Minimum -9,9 on 2021-03-09<br \/>Maximum 16,6 on 2021-03-30<br \/>Highest Minimum 9,3 on 2021-03-30<br \/>Lowest Maximum 0,8 on 2021-03-10<br \/>Air frosts 15<\/em><\/p>\n\n\n\n<p class=\"has-blue-color has-light-gray-background-color has-text-color has-background has-medium-font-size\"><em>Rainfall (mm):<br \/>Total for period 36<br \/>Rain days 10<br \/>Dry days 21<\/em><\/p>\n\n\n\n<p class=\"has-blue-color has-light-gray-background-color has-text-color has-background has-medium-font-size\">Wind (m\/s):<br \/>Highest Gust 13,2 on 2021-03-12<br \/>Average Speed 1,9<\/p>\n\n\n\n<p class=\"has-blue-color has-light-gray-background-color has-text-color has-background has-medium-font-size\">Pressure (hPa):<br \/>Maximum 1038,0 on 2021-03-02<br \/>Minimum 987,3 on 2021-03-11<\/p>\n\n\n\n<p class=\"has-blue-color has-light-gray-background-color has-text-color has-background has-medium-font-size\"> <em>F\u00f6r den som \u00e4r intresserad av hur v\u00e4dret s\u00e5g ut en viss dag, \u00e4r det s\u00f6kbart i min v\u00e4derdagbok\/blogg, bara att g\u00e5 in i mitt arkiv, eller klicka p\u00e5 en viss dag i almanackan i menyn till h\u00f6ger p\u00e5 startsidan.<\/em><\/p>\n\n\n\n<p><\/p>\n","protected":false},"excerpt":{"rendered":"<p>2021 \u00e5rs marsm\u00e5nad bj\u00f6d oss p\u00e5 b\u00e5de kyla och v\u00e4rme. Hur det sett ut med temperaturen dag f\u00f6r dag ser vi i diagrammet ovan. Efter en kylig inledning av m\u00e5naden och en varm avslutning, hamnade medeltemperaturen p\u00e5 +3,6\u00b0. +16,6\u00b0 blev &hellip; <a href=\"https:\/\/jensgustafsson.se\/?page_id=20358\">Forts\u00e4tt l\u00e4sa <span class=\"meta-nav\">&rarr;<\/span><\/a><\/p>\n","protected":false},"author":1,"featured_media":20121,"parent":19700,"menu_order":3,"comment_status":"closed","ping_status":"closed","template":"","meta":{"footnotes":""},"class_list":["post-20358","page","type-page","status-publish","has-post-thumbnail","hentry"],"_links":{"self":[{"href":"https:\/\/jensgustafsson.se\/index.php?rest_route=\/wp\/v2\/pages\/20358","targetHints":{"allow":["GET"]}}],"collection":[{"href":"https:\/\/jensgustafsson.se\/index.php?rest_route=\/wp\/v2\/pages"}],"about":[{"href":"https:\/\/jensgustafsson.se\/index.php?rest_route=\/wp\/v2\/types\/page"}],"author":[{"embeddable":true,"href":"https:\/\/jensgustafsson.se\/index.php?rest_route=\/wp\/v2\/users\/1"}],"replies":[{"embeddable":true,"href":"https:\/\/jensgustafsson.se\/index.php?rest_route=%2Fwp%2Fv2%2Fcomments&post=20358"}],"version-history":[{"count":4,"href":"https:\/\/jensgustafsson.se\/index.php?rest_route=\/wp\/v2\/pages\/20358\/revisions"}],"predecessor-version":[{"id":20369,"href":"https:\/\/jensgustafsson.se\/index.php?rest_route=\/wp\/v2\/pages\/20358\/revisions\/20369"}],"up":[{"embeddable":true,"href":"https:\/\/jensgustafsson.se\/index.php?rest_route=\/wp\/v2\/pages\/19700"}],"wp:featuredmedia":[{"embeddable":true,"href":"https:\/\/jensgustafsson.se\/index.php?rest_route=\/wp\/v2\/media\/20121"}],"wp:attachment":[{"href":"https:\/\/jensgustafsson.se\/index.php?rest_route=%2Fwp%2Fv2%2Fmedia&parent=20358"}],"curies":[{"name":"wp","href":"https:\/\/api.w.org\/{rel}","templated":true}]}}