{"id":20652,"date":"2021-05-01T16:12:05","date_gmt":"2021-05-01T15:12:05","guid":{"rendered":"https:\/\/jensgustafsson.se\/?page_id=20652"},"modified":"2021-05-01T16:24:32","modified_gmt":"2021-05-01T15:24:32","slug":"april-2021","status":"publish","type":"page","link":"https:\/\/jensgustafsson.se\/?page_id=20652","title":{"rendered":"April 2021."},"content":{"rendered":"\n<figure class=\"wp-block-image size-large\"><img loading=\"lazy\" decoding=\"async\" width=\"1024\" height=\"683\" src=\"https:\/\/media1.jensgustafsson.se\/2021\/05\/DSC_4125-1024x683.jpg\" alt=\"\" class=\"wp-image-20667\" srcset=\"https:\/\/media1.jensgustafsson.se\/2021\/05\/DSC_4125-1024x683.jpg 1024w, https:\/\/media1.jensgustafsson.se\/2021\/05\/DSC_4125-300x200.jpg 300w, https:\/\/media1.jensgustafsson.se\/2021\/05\/DSC_4125-768x512.jpg 768w, https:\/\/media1.jensgustafsson.se\/2021\/05\/DSC_4125-1536x1024.jpg 1536w, https:\/\/media1.jensgustafsson.se\/2021\/05\/DSC_4125-2048x1365.jpg 2048w, https:\/\/media1.jensgustafsson.se\/2021\/05\/DSC_4125-450x300.jpg 450w\" sizes=\"auto, (max-width: 1024px) 100vw, 1024px\" \/><\/figure>\n\n\n\n<figure class=\"wp-block-image size-large\"><img loading=\"lazy\" decoding=\"async\" width=\"901\" height=\"423\" src=\"https:\/\/media1.jensgustafsson.se\/2021\/05\/image.png\" alt=\"\" class=\"wp-image-20654\" srcset=\"https:\/\/media1.jensgustafsson.se\/2021\/05\/image.png 901w, https:\/\/media1.jensgustafsson.se\/2021\/05\/image-300x141.png 300w, https:\/\/media1.jensgustafsson.se\/2021\/05\/image-768x361.png 768w, https:\/\/media1.jensgustafsson.se\/2021\/05\/image-500x235.png 500w\" sizes=\"auto, (max-width: 901px) 100vw, 901px\" \/><\/figure>\n\n\n\n<p class=\"has-blue-color has-light-gray-background-color has-text-color has-background has-medium-font-size\"><em> Som vi ser i ovanst\u00e5ende diagram, s\u00e5 blev \u00e5rets aprilm\u00e5nad relativt kylig, beroende p\u00e5 vad man j\u00e4mf\u00f6r med f\u00f6rst\u00e5ss. Vi f\u00e5r g\u00e5 tillbaka till \u00e5ren 2012 och 2013 f\u00f6r d\u00e5 hade vi liknande aprilm\u00e5nad som i \u00e5r. Jag kommer att visa det i n\u00e5gra diagram nedan, s\u00e5 \u00e4r det l\u00e4tt att j\u00e4mf\u00f6ra och se hur det varit ett antal \u00e5r tillbaka, f\u00f6r man gl\u00f6mmer v\u00e4ldigt l\u00e4tt, i allafall jag. Det som sticker ut \u00e4r att vi haft 19 frostdygn, och det \u00e4r lite ovanligt. Nedan kommer n\u00e5gra diagram d\u00e5 med olika referensperioder inlagda. Kan ju n\u00e4mna att referensperiod som anv\u00e4nds av SMHI med flera, \u00e4r 1991-2020, och d\u00e5 d\u00e5 ligger \u00e5rets medeltemp 1,3\u00b0 l\u00e4gre \u00e4n den genomsnittliga medeltemperaturen f\u00f6r den referensperioden som vi ser i diagrammet.<\/em><\/p>\n\n\n\n<figure class=\"wp-block-image size-large\"><img loading=\"lazy\" decoding=\"async\" width=\"831\" height=\"386\" src=\"https:\/\/media1.jensgustafsson.se\/2021\/05\/image-1.png\" alt=\"\" class=\"wp-image-20655\" srcset=\"https:\/\/media1.jensgustafsson.se\/2021\/05\/image-1.png 831w, https:\/\/media1.jensgustafsson.se\/2021\/05\/image-1-300x139.png 300w, https:\/\/media1.jensgustafsson.se\/2021\/05\/image-1-768x357.png 768w, https:\/\/media1.jensgustafsson.se\/2021\/05\/image-1-500x232.png 500w\" sizes=\"auto, (max-width: 831px) 100vw, 831px\" \/><\/figure>\n\n\n\n<figure class=\"wp-block-image size-large\"><img loading=\"lazy\" decoding=\"async\" width=\"1024\" height=\"408\" src=\"https:\/\/media1.jensgustafsson.se\/2021\/05\/image-2-1024x408.png\" alt=\"\" class=\"wp-image-20656\" srcset=\"https:\/\/media1.jensgustafsson.se\/2021\/05\/image-2-1024x408.png 1024w, https:\/\/media1.jensgustafsson.se\/2021\/05\/image-2-300x120.png 300w, https:\/\/media1.jensgustafsson.se\/2021\/05\/image-2-768x306.png 768w, https:\/\/media1.jensgustafsson.se\/2021\/05\/image-2-500x199.png 500w, https:\/\/media1.jensgustafsson.se\/2021\/05\/image-2.png 1031w\" sizes=\"auto, (max-width: 1024px) 100vw, 1024px\" \/><\/figure>\n\n\n\n<figure class=\"wp-block-image size-large\"><img loading=\"lazy\" decoding=\"async\" width=\"1024\" height=\"683\" src=\"https:\/\/media1.jensgustafsson.se\/2021\/05\/DSC_4249-1024x683.jpg\" alt=\"\" class=\"wp-image-20668\" srcset=\"https:\/\/media1.jensgustafsson.se\/2021\/05\/DSC_4249-1024x683.jpg 1024w, https:\/\/media1.jensgustafsson.se\/2021\/05\/DSC_4249-300x200.jpg 300w, https:\/\/media1.jensgustafsson.se\/2021\/05\/DSC_4249-768x512.jpg 768w, https:\/\/media1.jensgustafsson.se\/2021\/05\/DSC_4249-1536x1024.jpg 1536w, https:\/\/media1.jensgustafsson.se\/2021\/05\/DSC_4249-2048x1365.jpg 2048w, https:\/\/media1.jensgustafsson.se\/2021\/05\/DSC_4249-450x300.jpg 450w\" sizes=\"auto, (max-width: 1024px) 100vw, 1024px\" \/><\/figure>\n\n\n\n<p class=\"has-blue-color has-light-gray-background-color has-text-color has-background has-medium-font-size\"><em> April har tenderat bli lite mera nederb\u00f6rdsfattigare p\u00e5 senare \u00e5r. Vi har f\u00e5tt 21 mm, f\u00f6rdelat p\u00e5 8 dagar under m\u00e5naden, och det \u00e4r lite mindre \u00e4n brukligt, om man nu j\u00e4mf\u00f6r med nu g\u00e4llande referensperiod, 1991-2020. Jag visar det i diagram nedan, i olika referensperioder, precis som med temperaturen. Vi har inte haft n\u00e5got m\u00e4tbart sn\u00f6t\u00e4cke p\u00e5 hela m\u00e5naden, men lite vitt har det varit vid n\u00e5gra tillf\u00e4llen.<\/em><\/p>\n\n\n\n<figure class=\"wp-block-image size-large\"><img loading=\"lazy\" decoding=\"async\" width=\"664\" height=\"274\" src=\"https:\/\/media1.jensgustafsson.se\/2021\/05\/image-4.png\" alt=\"\" class=\"wp-image-20659\" srcset=\"https:\/\/media1.jensgustafsson.se\/2021\/05\/image-4.png 664w, https:\/\/media1.jensgustafsson.se\/2021\/05\/image-4-300x124.png 300w, https:\/\/media1.jensgustafsson.se\/2021\/05\/image-4-500x206.png 500w\" sizes=\"auto, (max-width: 664px) 100vw, 664px\" \/><\/figure>\n\n\n\n<figure class=\"wp-block-image size-large\"><img loading=\"lazy\" decoding=\"async\" width=\"836\" height=\"346\" src=\"https:\/\/media1.jensgustafsson.se\/2021\/05\/image-5.png\" alt=\"\" class=\"wp-image-20660\" srcset=\"https:\/\/media1.jensgustafsson.se\/2021\/05\/image-5.png 836w, https:\/\/media1.jensgustafsson.se\/2021\/05\/image-5-300x124.png 300w, https:\/\/media1.jensgustafsson.se\/2021\/05\/image-5-768x318.png 768w, https:\/\/media1.jensgustafsson.se\/2021\/05\/image-5-500x207.png 500w\" sizes=\"auto, (max-width: 836px) 100vw, 836px\" \/><\/figure>\n\n\n\n<figure class=\"wp-block-image size-large\"><img loading=\"lazy\" decoding=\"async\" width=\"1024\" height=\"371\" src=\"https:\/\/media1.jensgustafsson.se\/2021\/05\/image-6-1024x371.png\" alt=\"\" class=\"wp-image-20661\" srcset=\"https:\/\/media1.jensgustafsson.se\/2021\/05\/image-6-1024x371.png 1024w, https:\/\/media1.jensgustafsson.se\/2021\/05\/image-6-300x109.png 300w, https:\/\/media1.jensgustafsson.se\/2021\/05\/image-6-768x278.png 768w, https:\/\/media1.jensgustafsson.se\/2021\/05\/image-6-500x181.png 500w, https:\/\/media1.jensgustafsson.se\/2021\/05\/image-6.png 1028w\" sizes=\"auto, (max-width: 1024px) 100vw, 1024px\" \/><\/figure>\n\n\n\n<figure class=\"wp-block-image size-large\"><img loading=\"lazy\" decoding=\"async\" width=\"1024\" height=\"683\" src=\"https:\/\/media1.jensgustafsson.se\/2021\/05\/DSC_4136-1024x683.jpg\" alt=\"\" class=\"wp-image-20669\" srcset=\"https:\/\/media1.jensgustafsson.se\/2021\/05\/DSC_4136-1024x683.jpg 1024w, https:\/\/media1.jensgustafsson.se\/2021\/05\/DSC_4136-300x200.jpg 300w, https:\/\/media1.jensgustafsson.se\/2021\/05\/DSC_4136-768x512.jpg 768w, https:\/\/media1.jensgustafsson.se\/2021\/05\/DSC_4136-1536x1024.jpg 1536w, https:\/\/media1.jensgustafsson.se\/2021\/05\/DSC_4136-2048x1365.jpg 2048w, https:\/\/media1.jensgustafsson.se\/2021\/05\/DSC_4136-450x300.jpg 450w\" sizes=\"auto, (max-width: 1024px) 100vw, 1024px\" \/><\/figure>\n\n\n\n<p class=\"has-blue-color has-light-gray-background-color has-text-color has-background has-medium-font-size\"><em> Vindriktningarna under m\u00e5naden redovisar jag i diagrammet nedan. Det har varit en f\u00f6rh\u00e5llandevis bl\u00e5sig m\u00e5nad, och f\u00f6r det mesta har vinden upplevts som kylig.<\/em><\/p>\n\n\n\n<figure class=\"wp-block-image size-large\"><img loading=\"lazy\" decoding=\"async\" width=\"849\" height=\"378\" src=\"https:\/\/media1.jensgustafsson.se\/2021\/05\/image-7.png\" alt=\"\" class=\"wp-image-20662\" srcset=\"https:\/\/media1.jensgustafsson.se\/2021\/05\/image-7.png 849w, https:\/\/media1.jensgustafsson.se\/2021\/05\/image-7-300x134.png 300w, https:\/\/media1.jensgustafsson.se\/2021\/05\/image-7-768x342.png 768w, https:\/\/media1.jensgustafsson.se\/2021\/05\/image-7-500x223.png 500w\" sizes=\"auto, (max-width: 849px) 100vw, 849px\" \/><\/figure>\n\n\n\n<figure class=\"wp-block-image size-large\"><img loading=\"lazy\" decoding=\"async\" width=\"1024\" height=\"751\" src=\"https:\/\/media1.jensgustafsson.se\/2021\/05\/DSC_4420-1024x751.jpg\" alt=\"\" class=\"wp-image-20672\" srcset=\"https:\/\/media1.jensgustafsson.se\/2021\/05\/DSC_4420-1024x751.jpg 1024w, https:\/\/media1.jensgustafsson.se\/2021\/05\/DSC_4420-300x220.jpg 300w, https:\/\/media1.jensgustafsson.se\/2021\/05\/DSC_4420-768x563.jpg 768w, https:\/\/media1.jensgustafsson.se\/2021\/05\/DSC_4420-1536x1126.jpg 1536w, https:\/\/media1.jensgustafsson.se\/2021\/05\/DSC_4420-2048x1501.jpg 2048w, https:\/\/media1.jensgustafsson.se\/2021\/05\/DSC_4420-409x300.jpg 409w\" sizes=\"auto, (max-width: 1024px) 100vw, 1024px\" \/><\/figure>\n\n\n\n<p class=\"has-blue-color has-light-gray-background-color has-text-color has-background has-medium-font-size\"> <em>S\u00e5 kommer sammanfattningen med min-och maxv\u00e4rden i siffror fr\u00e5n min v\u00e4derstation, WS-2308, som jobbar med tv\u00e5 program, Heavy Wheather f\u00f6r loggningen, och Cumulus som ocks\u00e5 loggar, och omvandlar med hj\u00e4lp av mig till \u00f6versk\u00e5dliga fakta p\u00e5 min v\u00e4dersida p\u00e5 w<\/em>ebben.<\/p>\n\n\n\n<p class=\"has-blue-color has-light-gray-background-color has-text-color has-background has-medium-font-size\"><em>Summary for period 2021-04-01 to 2021-04-30<\/em><\/p>\n\n\n\n<p class=\"has-blue-color has-light-gray-background-color has-text-color has-background has-medium-font-size\"><em>Temperature (\u00b0C):<br \/>Mean (min+max) 5,1<br \/>Mean Minimum -0,2<br \/>Mean Maximum 10,5<br \/>Minimum -3,8 on 2021-04-15<br \/>Maximum 16,5 on 2021-04-20<br \/>Highest Minimum 3,3 on 2021-04-17<br \/>Lowest Maximum 3,5 on 2021-04-22<br \/>Air frosts 19<\/em><\/p>\n\n\n\n<p class=\"has-blue-color has-light-gray-background-color has-text-color has-background has-medium-font-size\"><em>Rainfall (mm):<br \/>Total for period 21<br \/>Rain days 8<br \/>Dry days 22<\/em><\/p>\n\n\n\n<p class=\"has-blue-color has-light-gray-background-color has-text-color has-background has-medium-font-size\"><em>Wind (m\/s):<br \/>Highest Gust 18 on 2021-04-19<br \/>Average Speed 2,0<\/em><\/p>\n\n\n\n<p class=\"has-blue-color has-light-gray-background-color has-text-color has-background has-medium-font-size\"><em>Pressure (hPa):<br \/>Maximum 1037,5 on 2021-04-15<br \/>Minimum 991,0 on 2021-04-05<\/em><\/p>\n\n\n\n<figure class=\"wp-block-image size-large\"><img loading=\"lazy\" decoding=\"async\" width=\"1024\" height=\"683\" src=\"https:\/\/media1.jensgustafsson.se\/2021\/05\/DSC_4765-1024x683.jpg\" alt=\"\" class=\"wp-image-20671\" srcset=\"https:\/\/media1.jensgustafsson.se\/2021\/05\/DSC_4765-1024x683.jpg 1024w, https:\/\/media1.jensgustafsson.se\/2021\/05\/DSC_4765-300x200.jpg 300w, https:\/\/media1.jensgustafsson.se\/2021\/05\/DSC_4765-768x512.jpg 768w, https:\/\/media1.jensgustafsson.se\/2021\/05\/DSC_4765-1536x1024.jpg 1536w, https:\/\/media1.jensgustafsson.se\/2021\/05\/DSC_4765-2048x1365.jpg 2048w, https:\/\/media1.jensgustafsson.se\/2021\/05\/DSC_4765-450x300.jpg 450w\" sizes=\"auto, (max-width: 1024px) 100vw, 1024px\" \/><\/figure>\n\n\n\n<figure class=\"wp-block-image size-large\"><img loading=\"lazy\" decoding=\"async\" width=\"1024\" height=\"683\" src=\"https:\/\/media1.jensgustafsson.se\/2021\/05\/DSC_4629-1-1024x683.jpg\" alt=\"\" class=\"wp-image-20674\" srcset=\"https:\/\/media1.jensgustafsson.se\/2021\/05\/DSC_4629-1-1024x683.jpg 1024w, https:\/\/media1.jensgustafsson.se\/2021\/05\/DSC_4629-1-300x200.jpg 300w, https:\/\/media1.jensgustafsson.se\/2021\/05\/DSC_4629-1-768x512.jpg 768w, https:\/\/media1.jensgustafsson.se\/2021\/05\/DSC_4629-1-1536x1024.jpg 1536w, https:\/\/media1.jensgustafsson.se\/2021\/05\/DSC_4629-1-2048x1365.jpg 2048w, https:\/\/media1.jensgustafsson.se\/2021\/05\/DSC_4629-1-450x300.jpg 450w\" sizes=\"auto, (max-width: 1024px) 100vw, 1024px\" \/><\/figure>\n\n\n\n<p class=\"has-blue-color has-light-gray-background-color has-text-color has-background has-medium-font-size\"><em> Efter att det g\u00e5tt 4 m\u00e5nader in p\u00e5 detta \u00e5r, 2021, s\u00e5 tycker jag det k\u00e4nts som att det varit en kall, eller kylig b\u00f6rjan p\u00e5 \u00e5ret. Jag gick tillbaka och tittade hur det sett ut sedan 2011 och fram till nu, allts\u00e5 januari, februari, mars och april i medeltemperatur f\u00f6r respektive \u00e5r, och visar det i diagrammet nedan. Vi f\u00e5r se hur resten av detta \u00e5r utvecklar sig, sp\u00e4nnande det h\u00e4r med v\u00e4der.<\/em><\/p>\n\n\n\n<figure class=\"wp-block-image size-large\"><img loading=\"lazy\" decoding=\"async\" width=\"680\" height=\"289\" src=\"https:\/\/media1.jensgustafsson.se\/2021\/05\/image-8.png\" alt=\"\" class=\"wp-image-20663\" srcset=\"https:\/\/media1.jensgustafsson.se\/2021\/05\/image-8.png 680w, https:\/\/media1.jensgustafsson.se\/2021\/05\/image-8-300x128.png 300w, https:\/\/media1.jensgustafsson.se\/2021\/05\/image-8-500x213.png 500w\" sizes=\"auto, (max-width: 680px) 100vw, 680px\" \/><\/figure>\n\n\n\n<p><\/p>\n","protected":false},"excerpt":{"rendered":"<p>Som vi ser i ovanst\u00e5ende diagram, s\u00e5 blev \u00e5rets aprilm\u00e5nad relativt kylig, beroende p\u00e5 vad man j\u00e4mf\u00f6r med f\u00f6rst\u00e5ss. Vi f\u00e5r g\u00e5 tillbaka till \u00e5ren 2012 och 2013 f\u00f6r d\u00e5 hade vi liknande aprilm\u00e5nad som i \u00e5r. Jag kommer att &hellip; <a href=\"https:\/\/jensgustafsson.se\/?page_id=20652\">Forts\u00e4tt l\u00e4sa <span class=\"meta-nav\">&rarr;<\/span><\/a><\/p>\n","protected":false},"author":1,"featured_media":20677,"parent":19700,"menu_order":4,"comment_status":"closed","ping_status":"closed","template":"","meta":{"footnotes":""},"class_list":["post-20652","page","type-page","status-publish","has-post-thumbnail","hentry"],"_links":{"self":[{"href":"https:\/\/jensgustafsson.se\/index.php?rest_route=\/wp\/v2\/pages\/20652","targetHints":{"allow":["GET"]}}],"collection":[{"href":"https:\/\/jensgustafsson.se\/index.php?rest_route=\/wp\/v2\/pages"}],"about":[{"href":"https:\/\/jensgustafsson.se\/index.php?rest_route=\/wp\/v2\/types\/page"}],"author":[{"embeddable":true,"href":"https:\/\/jensgustafsson.se\/index.php?rest_route=\/wp\/v2\/users\/1"}],"replies":[{"embeddable":true,"href":"https:\/\/jensgustafsson.se\/index.php?rest_route=%2Fwp%2Fv2%2Fcomments&post=20652"}],"version-history":[{"count":5,"href":"https:\/\/jensgustafsson.se\/index.php?rest_route=\/wp\/v2\/pages\/20652\/revisions"}],"predecessor-version":[{"id":20679,"href":"https:\/\/jensgustafsson.se\/index.php?rest_route=\/wp\/v2\/pages\/20652\/revisions\/20679"}],"up":[{"embeddable":true,"href":"https:\/\/jensgustafsson.se\/index.php?rest_route=\/wp\/v2\/pages\/19700"}],"wp:featuredmedia":[{"embeddable":true,"href":"https:\/\/jensgustafsson.se\/index.php?rest_route=\/wp\/v2\/media\/20677"}],"wp:attachment":[{"href":"https:\/\/jensgustafsson.se\/index.php?rest_route=%2Fwp%2Fv2%2Fmedia&parent=20652"}],"curies":[{"name":"wp","href":"https:\/\/api.w.org\/{rel}","templated":true}]}}