{"id":20999,"date":"2021-06-03T05:40:17","date_gmt":"2021-06-03T04:40:17","guid":{"rendered":"https:\/\/jensgustafsson.se\/?page_id=20999"},"modified":"2021-06-03T05:40:17","modified_gmt":"2021-06-03T04:40:17","slug":"maj-2021","status":"publish","type":"page","link":"https:\/\/jensgustafsson.se\/?page_id=20999","title":{"rendered":"Maj 2021."},"content":{"rendered":"\n<p class=\"has-blue-color has-light-gray-background-color has-text-color has-background has-medium-font-size\"><em> Detta \u00e5rs majm\u00e5nad blev en v\u00e4derm\u00e4ssigt sett ganska bra m\u00e5nad f\u00f6r oss h\u00e4r i v\u00e5ra trakter. Den har kanske upplevts som kylig stundtals, och det st\u00e4mmer n\u00e4r man tittar p\u00e5 siffrorna och temperaturstaplarna i mina diagram l\u00e4ngre ner h\u00e4r sedan. Det positiva som jag ser med m\u00e5naden \u00e4r att vi f\u00e5tt rej\u00e4lt med regn, men ocks\u00e5 soliga och n\u00e5gra riktigt varma dagar, blandat med kyliga dagar. Detta har gjort att v\u00e5ren har utvecklats i lite saktare tempo, och man har kunnat njuta av fantastisk gr\u00f6nska och alla blommor som kommer denna tid. Som vanligt redovisar jag v\u00e4dret fr\u00e5n min privata v\u00e4derstation i tre delar nedan, temperatur, nederb\u00f6rd och vindar. Sist kommer en kopierad sammanfattning direkt fr\u00e5n loggningen p\u00e5 v\u00e4derstationen.<\/em><\/p>\n\n\n\n<p class=\"has-blue-color has-light-gray-background-color has-text-color has-background\" style=\"font-size:23px\"><em>Temperaturen.<\/em><\/p>\n\n\n\n<figure class=\"wp-block-image size-large is-resized\"><img loading=\"lazy\" decoding=\"async\" src=\"https:\/\/media1.jensgustafsson.se\/2021\/06\/image-8.png\" alt=\"\" class=\"wp-image-21001\" width=\"628\" height=\"289\" srcset=\"https:\/\/media1.jensgustafsson.se\/2021\/06\/image-8-300x139.png 300w, https:\/\/media1.jensgustafsson.se\/2021\/06\/image-8-768x355.png 768w, https:\/\/media1.jensgustafsson.se\/2021\/06\/image-8-500x231.png 500w\" sizes=\"auto, (max-width: 628px) 100vw, 628px\" \/><figcaption>K<strong><em>\u00e4lla: Min privata v\u00e4derstation i F\u00e5gelfors<\/em><\/strong><\/figcaption><\/figure>\n\n\n\n<p class=\"has-blue-color has-light-gray-background-color has-text-color has-background has-medium-font-size\"><em>I diagrammet ovan kan vi f\u00f6lja min-och maxtemperaturen genom m\u00e5naden. Medeltemperaturen f\u00f6r m\u00e5naden blev +11,2\u00b0, och det ligger i fas med nu g\u00e4llande referensperiod, 1991-2020, d\u00e4r medeltempen \u00e4r +11\u00b0. Majm\u00e5naden i fjol var aningen kyligare n\u00e4r man tittar tillbaka p\u00e5 den, men det hade jag redan f\u00f6rtr\u00e4ngt. Tack vare v\u00e4rmen vi fick fram mot mitten p\u00e5 m\u00e5naden, s\u00e5 gick vi in i meteorologisk definition av sommar den 9:e maj i \u00e5r. Vi har haft 3 dagar med h\u00f6gsommarv\u00e4rme, 3 n\u00e4tter med frost. Nedan l\u00e4gger jag in n\u00e5gra diagram med medeltemperaturen genom \u00e5ren, uppdelat i n\u00e5gra olika referensperioder, s\u00e5 kan man l\u00e4tt j\u00e4mf\u00f6ra 2021 \u00e5rs majm\u00e5nad mot vilket man vill. <\/em><\/p>\n\n\n\n<figure class=\"wp-block-image size-large\"><img loading=\"lazy\" decoding=\"async\" width=\"842\" height=\"386\" src=\"https:\/\/media1.jensgustafsson.se\/2021\/06\/image-9.png\" alt=\"\" class=\"wp-image-21002\" srcset=\"https:\/\/media1.jensgustafsson.se\/2021\/06\/image-9.png 842w, https:\/\/media1.jensgustafsson.se\/2021\/06\/image-9-300x138.png 300w, https:\/\/media1.jensgustafsson.se\/2021\/06\/image-9-768x352.png 768w, https:\/\/media1.jensgustafsson.se\/2021\/06\/image-9-500x229.png 500w\" sizes=\"auto, (max-width: 842px) 100vw, 842px\" \/><figcaption><strong><em>K\u00e4llor: 1931-2012 SMHI:s m\u00e4tstationer Blankastr\u00f6m\/Drageryd. 2013 och fram\u00e5t \u00e4r min privata v\u00e4derstation i F\u00e5gelfors.<\/em><\/strong><\/figcaption><\/figure>\n\n\n\n<figure class=\"wp-block-image size-large\"><img loading=\"lazy\" decoding=\"async\" width=\"1024\" height=\"404\" src=\"https:\/\/media1.jensgustafsson.se\/2021\/06\/image-10-1024x404.png\" alt=\"\" class=\"wp-image-21003\" srcset=\"https:\/\/media1.jensgustafsson.se\/2021\/06\/image-10-1024x404.png 1024w, https:\/\/media1.jensgustafsson.se\/2021\/06\/image-10-300x118.png 300w, https:\/\/media1.jensgustafsson.se\/2021\/06\/image-10-768x303.png 768w, https:\/\/media1.jensgustafsson.se\/2021\/06\/image-10-500x197.png 500w, https:\/\/media1.jensgustafsson.se\/2021\/06\/image-10.png 1042w\" sizes=\"auto, (max-width: 1024px) 100vw, 1024px\" \/><figcaption>K<strong>\u00e4llor: 1931-2012 SMHI:s m\u00e4tstationer Blankastr\u00f6m\/Drageryd. 2013 och fram\u00e5t \u00e4r min privata v\u00e4derstation i F\u00e5gelfors<\/strong>.<\/figcaption><\/figure>\n\n\n\n<p class=\"has-blue-color has-light-gray-background-color has-text-color has-background\" style=\"font-size:23px\"><em>Nederb\u00f6rden.<\/em><\/p>\n\n\n\n<figure class=\"wp-block-image size-large\"><img loading=\"lazy\" decoding=\"async\" width=\"664\" height=\"274\" src=\"https:\/\/media1.jensgustafsson.se\/2021\/06\/image-11.png\" alt=\"\" class=\"wp-image-21004\" srcset=\"https:\/\/media1.jensgustafsson.se\/2021\/06\/image-11.png 664w, https:\/\/media1.jensgustafsson.se\/2021\/06\/image-11-300x124.png 300w, https:\/\/media1.jensgustafsson.se\/2021\/06\/image-11-500x206.png 500w\" sizes=\"auto, (max-width: 664px) 100vw, 664px\" \/><figcaption><strong><em>K\u00e4lla:  Min privata v\u00e4derstation i F\u00e5gelfors<\/em><\/strong><\/figcaption><\/figure>\n\n\n\n<p class=\"has-blue-color has-light-gray-background-color has-text-color has-background has-medium-font-size\"><em>Regn har vi f\u00e5tt hela 82 mm, vilket f\u00e5r anses som lite ovanligt. Det har f\u00f6rdelats \u00f6ver 16 dygn. Bra att vi fick s\u00e5 mycket regn nu i maj efter en relativt regnfattig aprilm\u00e5nad. Jag har ocks\u00e5 noterat \u00e5ska vid tv\u00e5 tillf\u00e4lle under m\u00e5naden. F\u00f6r att j\u00e4mf\u00f6ra regnm\u00e4ngderna i maj genom \u00e5ren, s\u00e5 kommer det diagram nedan, uppbyggda  p\u00e5 samma s\u00e4tt som temperaturdiagrammen.<\/em><\/p>\n\n\n\n<figure class=\"wp-block-image size-large\"><img loading=\"lazy\" decoding=\"async\" width=\"847\" height=\"346\" src=\"https:\/\/media1.jensgustafsson.se\/2021\/06\/image-12.png\" alt=\"\" class=\"wp-image-21005\" srcset=\"https:\/\/media1.jensgustafsson.se\/2021\/06\/image-12.png 847w, https:\/\/media1.jensgustafsson.se\/2021\/06\/image-12-300x123.png 300w, https:\/\/media1.jensgustafsson.se\/2021\/06\/image-12-768x314.png 768w, https:\/\/media1.jensgustafsson.se\/2021\/06\/image-12-500x204.png 500w\" sizes=\"auto, (max-width: 847px) 100vw, 847px\" \/><figcaption>K<strong><em>\u00e4llor: 1931-2012 SMHI:s m\u00e4tstationer Blankastr\u00f6m\/Drageryd. 2013 och fram\u00e5t \u00e4r min privata v\u00e4derstation i F\u00e5gelfors.<\/em><\/strong><\/figcaption><\/figure>\n\n\n\n<figure class=\"wp-block-image size-large\"><img loading=\"lazy\" decoding=\"async\" width=\"1024\" height=\"367\" src=\"https:\/\/media1.jensgustafsson.se\/2021\/06\/image-13-1024x367.png\" alt=\"\" class=\"wp-image-21006\" srcset=\"https:\/\/media1.jensgustafsson.se\/2021\/06\/image-13-1024x367.png 1024w, https:\/\/media1.jensgustafsson.se\/2021\/06\/image-13-300x107.png 300w, https:\/\/media1.jensgustafsson.se\/2021\/06\/image-13-768x275.png 768w, https:\/\/media1.jensgustafsson.se\/2021\/06\/image-13-500x179.png 500w, https:\/\/media1.jensgustafsson.se\/2021\/06\/image-13.png 1039w\" sizes=\"auto, (max-width: 1024px) 100vw, 1024px\" \/><figcaption><strong><em>K\u00e4llor: 1931-2012 SMHI:s m\u00e4tstationer Blankastr\u00f6m\/Drageryd. 2013 och fram\u00e5t \u00e4r min privata v\u00e4derstation i F\u00e5gelfors.<\/em><\/strong><\/figcaption><\/figure>\n\n\n\n<p class=\"has-blue-color has-light-gray-background-color has-text-color has-background\" style=\"font-size:23px\"><em>Vindarna.<\/em><\/p>\n\n\n\n<figure class=\"wp-block-image size-large\"><img loading=\"lazy\" decoding=\"async\" width=\"860\" height=\"378\" src=\"https:\/\/media1.jensgustafsson.se\/2021\/06\/image-14.png\" alt=\"\" class=\"wp-image-21007\" srcset=\"https:\/\/media1.jensgustafsson.se\/2021\/06\/image-14.png 860w, https:\/\/media1.jensgustafsson.se\/2021\/06\/image-14-300x132.png 300w, https:\/\/media1.jensgustafsson.se\/2021\/06\/image-14-768x338.png 768w, https:\/\/media1.jensgustafsson.se\/2021\/06\/image-14-500x220.png 500w\" sizes=\"auto, (max-width: 860px) 100vw, 860px\" \/><figcaption>K<strong><em>\u00e4lla: Min privata v\u00e4derstation i F\u00e5gelfors<\/em><\/strong><\/figcaption><\/figure>\n\n\n\n<p class=\"has-blue-color has-light-gray-background-color has-text-color has-background has-medium-font-size\"><em> Ganska j\u00e4mnt f\u00f6rdelat med vindriktningen under de dagar det g\u00e5tt att definiera en dominerande vindriktning. Det som sticker ut h\u00e4r \u00e4r v\u00e4l antal dagar som vinden varit av v\u00e4xlande riktning. Medelmax i vinden hamnade p\u00e5 6 m\/s.<\/em><\/p>\n\n\n\n<p class=\"has-blue-color has-light-gray-background-color has-text-color has-background has-medium-font-size\"><em>S\u00e5 kommer sammanfattningen i siffror fr\u00e5n min v\u00e4derstation, WS-2308, som jobbar med tv\u00e5 program, Heavy Wheather f\u00f6r loggningen, och Cumulus som ocks\u00e5 loggar, och omvandlar med hj\u00e4lp av mig till \u00f6versk\u00e5dliga fakta p\u00e5 min v\u00e4dersida p\u00e5 webben.<\/em><\/p>\n\n\n\n<p class=\"has-blue-color has-light-gray-background-color has-text-color has-background\" style=\"font-size:23px\"><em>Summary for period 2021-05-01 to 2021-05-31<\/em><\/p>\n\n\n\n<p class=\"has-blue-color has-light-gray-background-color has-text-color has-background has-medium-font-size\"><em>Temperature (\u00b0C):<br \/>Mean (min+max) 11,2<br \/>Mean Minimum 5,4<br \/>Mean Maximum 17,4<br \/>Minimum -1,1 on 2021-05-01<br \/>Maximum 27,6 on 2021-05-10<br \/>Highest Minimum 9,4 on 2021-05-10<br \/>Lowest Maximum 7,2 on 2021-05-04<br \/>Air frosts 3<\/em><\/p>\n\n\n\n<p class=\"has-blue-color has-light-gray-background-color has-text-color has-background has-medium-font-size\"><em>Rainfall (mm):<br \/>Total for period 82<br \/>Rain days 16<br \/>Dry days 15<\/em><\/p>\n\n\n\n<p class=\"has-blue-color has-light-gray-background-color has-text-color has-background has-medium-font-size\"><em>Wind (m\/s):<br \/>Highest Gust 10 on 2021-05-05<br \/>Mean Maximum 6<\/em><\/p>\n\n\n\n<p class=\"has-blue-color has-light-gray-background-color has-text-color has-background has-medium-font-size\"><em>Pressure (hPa):<br \/>Maximum 1034,9 on 2021-05-30<br \/>Minimum 993,8 on 2021-05-05<\/em><\/p>\n","protected":false},"excerpt":{"rendered":"<p>Detta \u00e5rs majm\u00e5nad blev en v\u00e4derm\u00e4ssigt sett ganska bra m\u00e5nad f\u00f6r oss h\u00e4r i v\u00e5ra trakter. Den har kanske upplevts som kylig stundtals, och det st\u00e4mmer n\u00e4r man tittar p\u00e5 siffrorna och temperaturstaplarna i mina diagram l\u00e4ngre ner h\u00e4r sedan. &hellip; <a href=\"https:\/\/jensgustafsson.se\/?page_id=20999\">Forts\u00e4tt l\u00e4sa <span class=\"meta-nav\">&rarr;<\/span><\/a><\/p>\n","protected":false},"author":1,"featured_media":20926,"parent":19700,"menu_order":5,"comment_status":"closed","ping_status":"closed","template":"","meta":{"footnotes":""},"class_list":["post-20999","page","type-page","status-publish","has-post-thumbnail","hentry"],"_links":{"self":[{"href":"https:\/\/jensgustafsson.se\/index.php?rest_route=\/wp\/v2\/pages\/20999","targetHints":{"allow":["GET"]}}],"collection":[{"href":"https:\/\/jensgustafsson.se\/index.php?rest_route=\/wp\/v2\/pages"}],"about":[{"href":"https:\/\/jensgustafsson.se\/index.php?rest_route=\/wp\/v2\/types\/page"}],"author":[{"embeddable":true,"href":"https:\/\/jensgustafsson.se\/index.php?rest_route=\/wp\/v2\/users\/1"}],"replies":[{"embeddable":true,"href":"https:\/\/jensgustafsson.se\/index.php?rest_route=%2Fwp%2Fv2%2Fcomments&post=20999"}],"version-history":[{"count":4,"href":"https:\/\/jensgustafsson.se\/index.php?rest_route=\/wp\/v2\/pages\/20999\/revisions"}],"predecessor-version":[{"id":21010,"href":"https:\/\/jensgustafsson.se\/index.php?rest_route=\/wp\/v2\/pages\/20999\/revisions\/21010"}],"up":[{"embeddable":true,"href":"https:\/\/jensgustafsson.se\/index.php?rest_route=\/wp\/v2\/pages\/19700"}],"wp:featuredmedia":[{"embeddable":true,"href":"https:\/\/jensgustafsson.se\/index.php?rest_route=\/wp\/v2\/media\/20926"}],"wp:attachment":[{"href":"https:\/\/jensgustafsson.se\/index.php?rest_route=%2Fwp%2Fv2%2Fmedia&parent=20999"}],"curies":[{"name":"wp","href":"https:\/\/api.w.org\/{rel}","templated":true}]}}