{"id":21593,"date":"2021-08-01T08:10:56","date_gmt":"2021-08-01T07:10:56","guid":{"rendered":"https:\/\/jensgustafsson.se\/?page_id=21593"},"modified":"2021-08-01T08:13:31","modified_gmt":"2021-08-01T07:13:31","slug":"juli-2021","status":"publish","type":"page","link":"https:\/\/jensgustafsson.se\/?page_id=21593","title":{"rendered":"Juli 2021."},"content":{"rendered":"\n<figure class=\"wp-block-image size-large\"><img loading=\"lazy\" decoding=\"async\" width=\"1024\" height=\"683\" src=\"https:\/\/media1.jensgustafsson.se\/2021\/08\/DSC_8493-1024x683.jpg\" alt=\"\" class=\"wp-image-21609\" srcset=\"https:\/\/media1.jensgustafsson.se\/2021\/08\/DSC_8493-1024x683.jpg 1024w, https:\/\/media1.jensgustafsson.se\/2021\/08\/DSC_8493-300x200.jpg 300w, https:\/\/media1.jensgustafsson.se\/2021\/08\/DSC_8493-768x512.jpg 768w, https:\/\/media1.jensgustafsson.se\/2021\/08\/DSC_8493-1536x1024.jpg 1536w, https:\/\/media1.jensgustafsson.se\/2021\/08\/DSC_8493-2048x1365.jpg 2048w, https:\/\/media1.jensgustafsson.se\/2021\/08\/DSC_8493-450x300.jpg 450w\" sizes=\"auto, (max-width: 1024px) 100vw, 1024px\" \/><figcaption><em><strong>En av m\u00e5nga fina morgonpromenader denna m\u00e5nad.<\/strong><\/em><\/figcaption><\/figure>\n\n\n\n<p class=\"has-blue-color has-light-gray-background-color has-text-color has-background has-medium-font-size\"><em> Det h\u00e4r \u00e5rets julim\u00e5nad blev den n\u00e4st varmaste h\u00e4r i F\u00e5gelforstrakten i min statistik, som str\u00e4cker sig \u00f6ver \u00e5ren 1931-2021. All min statistik grundar sig p\u00e5 nedladdade data fr\u00e5n SMHI:s n\u00e4rliggande m\u00e4tstationer Blankastr\u00f6m och Drageryd f\u00f6r \u00e5ren 1931-2012. Fr.o.m. 2012 \u00e4r det min privata v\u00e4derstations data h\u00e4r p\u00e5 Kyrkogatan i F\u00e5gelfors. \u00c5rets medeltemperatur blev hos mig +20,7\u00b0, vilket kan j\u00e4mf\u00f6ras med 2018, d\u00e5 vi hade +21,9\u00b0 i medeltemperatur. Jag har g\u00e5tt tillbaka i statistiken och kollat hur vi haft med varma julim\u00e5nader under tidsspannet 1931-2021, och satt parametern p\u00e5 alla \u00e5r som medeltemperaturen varit 19 grader eller h\u00f6gre, och redovisar det i stapeldiagrammet nedan.<\/em><\/p>\n\n\n\n<p><\/p>\n\n\n\n<figure class=\"wp-block-image size-full\"><img loading=\"lazy\" decoding=\"async\" width=\"792\" height=\"288\" src=\"https:\/\/media1.jensgustafsson.se\/2021\/08\/image.png\" alt=\"\" class=\"wp-image-21597\" srcset=\"https:\/\/media1.jensgustafsson.se\/2021\/08\/image.png 792w, https:\/\/media1.jensgustafsson.se\/2021\/08\/image-300x109.png 300w, https:\/\/media1.jensgustafsson.se\/2021\/08\/image-768x279.png 768w, https:\/\/media1.jensgustafsson.se\/2021\/08\/image-500x182.png 500w\" sizes=\"auto, (max-width: 792px) 100vw, 792px\" \/><\/figure>\n\n\n\n<figure class=\"wp-block-image size-large\"><img loading=\"lazy\" decoding=\"async\" width=\"1024\" height=\"622\" src=\"https:\/\/media1.jensgustafsson.se\/2021\/08\/DSC_8773-1024x622.jpg\" alt=\"\" class=\"wp-image-21610\" srcset=\"https:\/\/media1.jensgustafsson.se\/2021\/08\/DSC_8773-1024x622.jpg 1024w, https:\/\/media1.jensgustafsson.se\/2021\/08\/DSC_8773-300x182.jpg 300w, https:\/\/media1.jensgustafsson.se\/2021\/08\/DSC_8773-768x466.jpg 768w, https:\/\/media1.jensgustafsson.se\/2021\/08\/DSC_8773-1536x933.jpg 1536w, https:\/\/media1.jensgustafsson.se\/2021\/08\/DSC_8773-2048x1243.jpg 2048w, https:\/\/media1.jensgustafsson.se\/2021\/08\/DSC_8773-494x300.jpg 494w\" sizes=\"auto, (max-width: 1024px) 100vw, 1024px\" \/><figcaption><em><strong>Mycket fj\u00e4rilar i \u00e5r, och m\u00e5nga foton p\u00e5 dem i julim\u00e5naden. H\u00e4r en bl\u00e5vinge.<\/strong><\/em><\/figcaption><\/figure>\n\n\n\n<p class=\"has-blue-color has-light-gray-background-color has-text-color has-background has-medium-font-size\"><em>Om vi d\u00e5 tar lite mera om \u00e5rets juli, s\u00e5 s\u00e5g den dagliga min-och maxtemperaturen ut s\u00e5h\u00e4r:<\/em><\/p>\n\n\n\n<figure class=\"wp-block-image size-full is-resized\"><img loading=\"lazy\" decoding=\"async\" src=\"https:\/\/media1.jensgustafsson.se\/2021\/08\/image-1.png\" alt=\"\" class=\"wp-image-21598\" width=\"638\" height=\"452\" srcset=\"https:\/\/media1.jensgustafsson.se\/2021\/08\/image-1.png 904w, https:\/\/media1.jensgustafsson.se\/2021\/08\/image-1-300x213.png 300w, https:\/\/media1.jensgustafsson.se\/2021\/08\/image-1-768x545.png 768w, https:\/\/media1.jensgustafsson.se\/2021\/08\/image-1-423x300.png 423w\" sizes=\"auto, (max-width: 638px) 100vw, 638px\" \/><\/figure>\n\n\n\n<p class=\"has-blue-color has-light-gray-background-color has-text-color has-background has-medium-font-size\"><em> Vi har haft 19 dagar med h\u00f6gsommarv\u00e4rme,(\u00f6ver +25\u00b0) 11 dagar med maxtemp mellan +20 och +25, och bara 1 dag som inte maxtemperaturen orkade upp till 20 grader. Vi har haft 2 tropiska n\u00e4tter, allts\u00e5 d\u00e5 inte mintemperaturen sjunkit under +20\u00b0. F\u00f6r att kunna j\u00e4mf\u00f6ra \u00e5rets medeltemperatur (+20,7\u00b0) mot \u00e5ren 1931-2020, s\u00e5 har jag nedan satt ihop n\u00e5gra olika referensperioder att j\u00e4mf\u00f6ra mot. Perioden som idag kallas f\u00f6r &#8221;normal&#8221; \u00e4r 1991-2020, och den anv\u00e4nds i det dagliga av SMHI med flera n\u00e4r dom n\u00e4mner normalt. Man har mer och mer b\u00f6rjat anv\u00e4nda ordet referensperiod ist\u00e4llet, vilket ju blir mera r\u00e4tt egentligen, d\u00e5 st\u00e5r det ju helt klart vad man j\u00e4mf\u00f6r med.<\/em><\/p>\n\n\n\n<figure class=\"wp-block-image size-full\"><img loading=\"lazy\" decoding=\"async\" width=\"831\" height=\"386\" src=\"https:\/\/media1.jensgustafsson.se\/2021\/08\/image-2.png\" alt=\"\" class=\"wp-image-21599\" srcset=\"https:\/\/media1.jensgustafsson.se\/2021\/08\/image-2.png 831w, https:\/\/media1.jensgustafsson.se\/2021\/08\/image-2-300x139.png 300w, https:\/\/media1.jensgustafsson.se\/2021\/08\/image-2-768x357.png 768w, https:\/\/media1.jensgustafsson.se\/2021\/08\/image-2-500x232.png 500w\" sizes=\"auto, (max-width: 831px) 100vw, 831px\" \/><\/figure>\n\n\n\n<figure class=\"wp-block-image size-large\"><img loading=\"lazy\" decoding=\"async\" width=\"1024\" height=\"408\" src=\"https:\/\/media1.jensgustafsson.se\/2021\/08\/image-3-1024x408.png\" alt=\"\" class=\"wp-image-21600\" srcset=\"https:\/\/media1.jensgustafsson.se\/2021\/08\/image-3-1024x408.png 1024w, https:\/\/media1.jensgustafsson.se\/2021\/08\/image-3-300x120.png 300w, https:\/\/media1.jensgustafsson.se\/2021\/08\/image-3-768x306.png 768w, https:\/\/media1.jensgustafsson.se\/2021\/08\/image-3-500x199.png 500w, https:\/\/media1.jensgustafsson.se\/2021\/08\/image-3.png 1031w\" sizes=\"auto, (max-width: 1024px) 100vw, 1024px\" \/><\/figure>\n\n\n\n<figure class=\"wp-block-image size-large\"><img loading=\"lazy\" decoding=\"async\" width=\"1024\" height=\"747\" src=\"https:\/\/media1.jensgustafsson.se\/2021\/08\/DSC_8827-1024x747.jpg\" alt=\"\" class=\"wp-image-21611\" srcset=\"https:\/\/media1.jensgustafsson.se\/2021\/08\/DSC_8827-1024x747.jpg 1024w, https:\/\/media1.jensgustafsson.se\/2021\/08\/DSC_8827-300x219.jpg 300w, https:\/\/media1.jensgustafsson.se\/2021\/08\/DSC_8827-768x560.jpg 768w, https:\/\/media1.jensgustafsson.se\/2021\/08\/DSC_8827-1536x1121.jpg 1536w, https:\/\/media1.jensgustafsson.se\/2021\/08\/DSC_8827-2048x1495.jpg 2048w, https:\/\/media1.jensgustafsson.se\/2021\/08\/DSC_8827-411x300.jpg 411w\" sizes=\"auto, (max-width: 1024px) 100vw, 1024px\" \/><\/figure>\n\n\n\n<p class=\"has-blue-color has-light-gray-background-color has-text-color has-background has-medium-font-size\"><em>Jag g\u00e5r d\u00e5 \u00f6ver till nederb\u00f6rden under m\u00e5naden.<\/em><\/p>\n\n\n\n<figure class=\"wp-block-image size-full\"><img loading=\"lazy\" decoding=\"async\" width=\"664\" height=\"274\" src=\"https:\/\/media1.jensgustafsson.se\/2021\/08\/image-4.png\" alt=\"\" class=\"wp-image-21601\" srcset=\"https:\/\/media1.jensgustafsson.se\/2021\/08\/image-4.png 664w, https:\/\/media1.jensgustafsson.se\/2021\/08\/image-4-300x124.png 300w, https:\/\/media1.jensgustafsson.se\/2021\/08\/image-4-500x206.png 500w\" sizes=\"auto, (max-width: 664px) 100vw, 664px\" \/><\/figure>\n\n\n\n<p class=\"has-blue-color has-light-gray-background-color has-text-color has-background has-medium-font-size\"><em> 64 mm regn har vi f\u00e5tt, och det \u00e4r f\u00f6rdelat \u00f6ver 11 dygn som vi ser i stapeldiagrammet. Tittar man totalt, s\u00e5 \u00e4r vi n\u00e4stan uppe i vad som \u00e4r &#8221;vanligt&#8221; f\u00f6r denna m\u00e5nad. M\u00e5naden har annars k\u00e4nts som torr, f\u00f6r det har j varit lite glest mellan regndagarna. Vi har haft \u00e5ska inblandad vid 6 tillf\u00e4llen (dagar) under m\u00e5naden. \u00c5ska inneb\u00e4r ju ofta att regnet faller v\u00e4ldigt oj\u00e4mnt, \u00c5skv\u00e4dren drar f\u00f6r det mesta \u00e5t den v\u00e4stra sidan n\u00e4r dom drar upp s\u00f6der ifr\u00e5n h\u00e4r i F\u00e5gelfors, och det betyder att det kommit lokal stora regnm\u00e4ngder p\u00e5 sina st\u00e4llen runtomkring h\u00e4r. Nedan visar jag precis som med temperaturen, i stapeldiagram f\u00f6r \u00e5ren 1931-2020 hur det sett ut med nederb\u00f6rden i juli, s\u00e5 kan vi j\u00e4mf\u00f6ra \u00e5rets juli mot det.<\/em><\/p>\n\n\n\n<figure class=\"wp-block-image size-full\"><img loading=\"lazy\" decoding=\"async\" width=\"836\" height=\"346\" src=\"https:\/\/media1.jensgustafsson.se\/2021\/08\/image-5.png\" alt=\"\" class=\"wp-image-21602\" srcset=\"https:\/\/media1.jensgustafsson.se\/2021\/08\/image-5.png 836w, https:\/\/media1.jensgustafsson.se\/2021\/08\/image-5-300x124.png 300w, https:\/\/media1.jensgustafsson.se\/2021\/08\/image-5-768x318.png 768w, https:\/\/media1.jensgustafsson.se\/2021\/08\/image-5-500x207.png 500w\" sizes=\"auto, (max-width: 836px) 100vw, 836px\" \/><\/figure>\n\n\n\n<figure class=\"wp-block-image size-large\"><img loading=\"lazy\" decoding=\"async\" width=\"1024\" height=\"371\" src=\"https:\/\/media1.jensgustafsson.se\/2021\/08\/image-6-1024x371.png\" alt=\"\" class=\"wp-image-21603\" srcset=\"https:\/\/media1.jensgustafsson.se\/2021\/08\/image-6-1024x371.png 1024w, https:\/\/media1.jensgustafsson.se\/2021\/08\/image-6-300x109.png 300w, https:\/\/media1.jensgustafsson.se\/2021\/08\/image-6-768x278.png 768w, https:\/\/media1.jensgustafsson.se\/2021\/08\/image-6-500x181.png 500w, https:\/\/media1.jensgustafsson.se\/2021\/08\/image-6.png 1028w\" sizes=\"auto, (max-width: 1024px) 100vw, 1024px\" \/><\/figure>\n\n\n\n<p class=\"has-blue-color has-light-gray-background-color has-text-color has-background has-medium-font-size\"> D<em>et har ju varit \u00e5tskilliga skyfall p\u00e5 sina h\u00e5ll, b\u00e5de i Sverige och i andra l\u00e4nder runt i v\u00e4rlden under juli. Som en uppfriskning av minnet (som f\u00f6r det mesta \u00e4r kort), s\u00e5 l\u00e4gger jag in stapeldiagrammet p\u00e5 regn i juli under 2000-talet. Det som sticker ut d\u00e4r \u00e4r 2003, d\u00e5 vi fick ca 260 mm regn i juli, och de st\u00f6rsta m\u00e4ngderna kom p\u00e5 4 dygn. S\u00e5 det har h\u00e4nt n\u00e4ra inp\u00e5 knutarna, men gl\u00f6ms ganska snabbt, eller hur? D\u00e5 var inte sociala medier uppfunna heller, och mediabruset inte lika h\u00f6gt som idag.<\/em><\/p>\n\n\n\n<figure class=\"wp-block-image size-full\"><img loading=\"lazy\" decoding=\"async\" width=\"778\" height=\"288\" src=\"https:\/\/media1.jensgustafsson.se\/2021\/08\/image-7.png\" alt=\"\" class=\"wp-image-21604\" srcset=\"https:\/\/media1.jensgustafsson.se\/2021\/08\/image-7.png 778w, https:\/\/media1.jensgustafsson.se\/2021\/08\/image-7-300x111.png 300w, https:\/\/media1.jensgustafsson.se\/2021\/08\/image-7-768x284.png 768w, https:\/\/media1.jensgustafsson.se\/2021\/08\/image-7-500x185.png 500w\" sizes=\"auto, (max-width: 778px) 100vw, 778px\" \/><\/figure>\n\n\n\n<figure class=\"wp-block-image size-large\"><img loading=\"lazy\" decoding=\"async\" width=\"1024\" height=\"802\" src=\"https:\/\/media1.jensgustafsson.se\/2021\/08\/DSC_8860-2-1024x802.jpg\" alt=\"\" class=\"wp-image-21612\" srcset=\"https:\/\/media1.jensgustafsson.se\/2021\/08\/DSC_8860-2-1024x802.jpg 1024w, https:\/\/media1.jensgustafsson.se\/2021\/08\/DSC_8860-2-300x235.jpg 300w, https:\/\/media1.jensgustafsson.se\/2021\/08\/DSC_8860-2-768x601.jpg 768w, https:\/\/media1.jensgustafsson.se\/2021\/08\/DSC_8860-2-1536x1203.jpg 1536w, https:\/\/media1.jensgustafsson.se\/2021\/08\/DSC_8860-2-2048x1603.jpg 2048w, https:\/\/media1.jensgustafsson.se\/2021\/08\/DSC_8860-2-383x300.jpg 383w\" sizes=\"auto, (max-width: 1024px) 100vw, 1024px\" \/><\/figure>\n\n\n\n<p class=\"has-blue-color has-light-gray-background-color has-text-color has-background has-medium-font-size\"><em> Vindarna under m\u00e5naden har inte varit s\u00e5 m\u00e4rkbara f\u00f6rr\u00e4n de sista dagarna av m\u00e5naden. D\u00e5 blev det svala vindar som gjorde oss p\u00e5minda att vi har inte sommar \u00e5ret runt, v\u00e4dret \u00e4r st\u00e4ndigt i f\u00f6r\u00e4ndring. Visar f\u00f6rdelningen av vindriktningarna genom m\u00e5naden i stapeldiagrammet nedan.<\/em><\/p>\n\n\n\n<figure class=\"wp-block-image size-full\"><img loading=\"lazy\" decoding=\"async\" width=\"849\" height=\"378\" src=\"https:\/\/media1.jensgustafsson.se\/2021\/08\/image-8.png\" alt=\"\" class=\"wp-image-21606\" srcset=\"https:\/\/media1.jensgustafsson.se\/2021\/08\/image-8.png 849w, https:\/\/media1.jensgustafsson.se\/2021\/08\/image-8-300x134.png 300w, https:\/\/media1.jensgustafsson.se\/2021\/08\/image-8-768x342.png 768w, https:\/\/media1.jensgustafsson.se\/2021\/08\/image-8-500x223.png 500w\" sizes=\"auto, (max-width: 849px) 100vw, 849px\" \/><\/figure>\n\n\n\n<figure class=\"wp-block-image size-large\"><img loading=\"lazy\" decoding=\"async\" width=\"1024\" height=\"683\" src=\"https:\/\/media1.jensgustafsson.se\/2021\/08\/DSC_8372-Blaklint-i-sadaker-1024x683.jpg\" alt=\"\" class=\"wp-image-21613\" srcset=\"https:\/\/media1.jensgustafsson.se\/2021\/08\/DSC_8372-Blaklint-i-sadaker-1024x683.jpg 1024w, https:\/\/media1.jensgustafsson.se\/2021\/08\/DSC_8372-Blaklint-i-sadaker-300x200.jpg 300w, https:\/\/media1.jensgustafsson.se\/2021\/08\/DSC_8372-Blaklint-i-sadaker-768x512.jpg 768w, https:\/\/media1.jensgustafsson.se\/2021\/08\/DSC_8372-Blaklint-i-sadaker-1536x1024.jpg 1536w, https:\/\/media1.jensgustafsson.se\/2021\/08\/DSC_8372-Blaklint-i-sadaker-2048x1365.jpg 2048w, https:\/\/media1.jensgustafsson.se\/2021\/08\/DSC_8372-Blaklint-i-sadaker-450x300.jpg 450w\" sizes=\"auto, (max-width: 1024px) 100vw, 1024px\" \/><\/figure>\n\n\n\n<p class=\"has-blue-color has-light-gray-background-color has-text-color has-background has-medium-font-size\"><em>S\u00e5 kommer sammanfattningen i siffror fr\u00e5n min v\u00e4derstation, WS-2308, som jobbar med tv\u00e5 program, Heavy Wheather f\u00f6r loggningen, och Cumulus som ocks\u00e5 loggar, och omvandlar med hj\u00e4lp av mig till \u00f6versk\u00e5dliga fakta p\u00e5 min v\u00e4dersida p\u00e5 webben.<\/em><\/p>\n\n\n\n<p class=\"has-blue-color has-light-gray-background-color has-text-color has-background has-medium-font-size\"><em>Summary for period 2021-07-01 to 2021-07-31<\/em><\/p>\n\n\n\n<p class=\"has-blue-color has-light-gray-background-color has-text-color has-background has-medium-font-size\"><em>Temperature (\u00b0C):<br \/>Mean (min+max) 20,7<br \/>Mean Minimum 15,1<br \/>Mean Maximum 27,0<br \/>Minimum 9,9 on 2021-07-20<br \/>Maximum 32,8 on 2021-07-15<br \/>Highest Minimum 18,4 on 2021-07-16<br \/>Lowest Maximum 19,9 on 2021-07-30<br \/>Air frosts 0<\/em><\/p>\n\n\n\n<p class=\"has-blue-color has-light-gray-background-color has-text-color has-background has-medium-font-size\"><em>Rainfall (mm):<br \/>Total for period 64<br \/>Rain days 11<br \/>Dry days 20<\/em><\/p>\n\n\n\n<p class=\"has-blue-color has-light-gray-background-color has-text-color has-background has-medium-font-size\"><em>Wind (m\/s):<br \/>Highest Gust 15 on 2021-07-30<br \/>Average Speed 1,0<\/em><\/p>\n\n\n\n<p class=\"has-blue-color has-light-gray-background-color has-text-color has-background has-medium-font-size\"><em>Pressure (hPa):<br \/>Maximum 1029,9 on 2021-07-08<br \/>Minimum 1002,6 on 2021-07-30<\/em><\/p>\n\n\n\n<figure class=\"wp-block-image size-large\"><img loading=\"lazy\" decoding=\"async\" width=\"1024\" height=\"683\" src=\"https:\/\/media1.jensgustafsson.se\/2021\/08\/DSC_9344-Blaklockor-29-juli-1024x683.jpg\" alt=\"\" class=\"wp-image-21614\" srcset=\"https:\/\/media1.jensgustafsson.se\/2021\/08\/DSC_9344-Blaklockor-29-juli-1024x683.jpg 1024w, https:\/\/media1.jensgustafsson.se\/2021\/08\/DSC_9344-Blaklockor-29-juli-300x200.jpg 300w, https:\/\/media1.jensgustafsson.se\/2021\/08\/DSC_9344-Blaklockor-29-juli-768x512.jpg 768w, https:\/\/media1.jensgustafsson.se\/2021\/08\/DSC_9344-Blaklockor-29-juli-1536x1024.jpg 1536w, https:\/\/media1.jensgustafsson.se\/2021\/08\/DSC_9344-Blaklockor-29-juli-2048x1365.jpg 2048w, https:\/\/media1.jensgustafsson.se\/2021\/08\/DSC_9344-Blaklockor-29-juli-450x300.jpg 450w\" sizes=\"auto, (max-width: 1024px) 100vw, 1024px\" \/><\/figure>\n\n\n\n<p class=\"has-blue-color has-light-gray-background-color has-text-color has-background has-medium-font-size\"><em> Jag har gjort en sammanfattning p\u00e5 medeltemperaturen efter att 7 m\u00e5nader har passerat, lagt in det i ett stapeldiagram nedan. Tidsspannet jag anv\u00e4nt h\u00e4r \u00e4r 1991-2021. Intressant att f\u00f6lja utvecklingen.<\/em><\/p>\n\n\n\n<figure class=\"wp-block-image size-full\"><img loading=\"lazy\" decoding=\"async\" width=\"777\" height=\"289\" src=\"https:\/\/media1.jensgustafsson.se\/2021\/08\/image-9.png\" alt=\"\" class=\"wp-image-21617\" srcset=\"https:\/\/media1.jensgustafsson.se\/2021\/08\/image-9.png 777w, https:\/\/media1.jensgustafsson.se\/2021\/08\/image-9-300x112.png 300w, https:\/\/media1.jensgustafsson.se\/2021\/08\/image-9-768x286.png 768w, https:\/\/media1.jensgustafsson.se\/2021\/08\/image-9-500x186.png 500w\" sizes=\"auto, (max-width: 777px) 100vw, 777px\" \/><\/figure>\n","protected":false},"excerpt":{"rendered":"<p>Det h\u00e4r \u00e5rets julim\u00e5nad blev den n\u00e4st varmaste h\u00e4r i F\u00e5gelforstrakten i min statistik, som str\u00e4cker sig \u00f6ver \u00e5ren 1931-2021. All min statistik grundar sig p\u00e5 nedladdade data fr\u00e5n SMHI:s n\u00e4rliggande m\u00e4tstationer Blankastr\u00f6m och Drageryd f\u00f6r \u00e5ren 1931-2012. Fr.o.m. 2012 &hellip; <a href=\"https:\/\/jensgustafsson.se\/?page_id=21593\">Forts\u00e4tt l\u00e4sa <span class=\"meta-nav\">&rarr;<\/span><\/a><\/p>\n","protected":false},"author":1,"featured_media":21594,"parent":19700,"menu_order":7,"comment_status":"closed","ping_status":"closed","template":"","meta":{"footnotes":""},"class_list":["post-21593","page","type-page","status-publish","has-post-thumbnail","hentry"],"_links":{"self":[{"href":"https:\/\/jensgustafsson.se\/index.php?rest_route=\/wp\/v2\/pages\/21593","targetHints":{"allow":["GET"]}}],"collection":[{"href":"https:\/\/jensgustafsson.se\/index.php?rest_route=\/wp\/v2\/pages"}],"about":[{"href":"https:\/\/jensgustafsson.se\/index.php?rest_route=\/wp\/v2\/types\/page"}],"author":[{"embeddable":true,"href":"https:\/\/jensgustafsson.se\/index.php?rest_route=\/wp\/v2\/users\/1"}],"replies":[{"embeddable":true,"href":"https:\/\/jensgustafsson.se\/index.php?rest_route=%2Fwp%2Fv2%2Fcomments&post=21593"}],"version-history":[{"count":8,"href":"https:\/\/jensgustafsson.se\/index.php?rest_route=\/wp\/v2\/pages\/21593\/revisions"}],"predecessor-version":[{"id":21618,"href":"https:\/\/jensgustafsson.se\/index.php?rest_route=\/wp\/v2\/pages\/21593\/revisions\/21618"}],"up":[{"embeddable":true,"href":"https:\/\/jensgustafsson.se\/index.php?rest_route=\/wp\/v2\/pages\/19700"}],"wp:featuredmedia":[{"embeddable":true,"href":"https:\/\/jensgustafsson.se\/index.php?rest_route=\/wp\/v2\/media\/21594"}],"wp:attachment":[{"href":"https:\/\/jensgustafsson.se\/index.php?rest_route=%2Fwp%2Fv2%2Fmedia&parent=21593"}],"curies":[{"name":"wp","href":"https:\/\/api.w.org\/{rel}","templated":true}]}}