{"id":21984,"date":"2021-09-02T07:08:04","date_gmt":"2021-09-02T06:08:04","guid":{"rendered":"https:\/\/jensgustafsson.se\/?page_id=21984"},"modified":"2021-09-02T07:09:11","modified_gmt":"2021-09-02T06:09:11","slug":"augusti-2021","status":"publish","type":"page","link":"https:\/\/jensgustafsson.se\/?page_id=21984","title":{"rendered":"Augusti 2021."},"content":{"rendered":"\n<figure class=\"wp-block-image size-large\"><img loading=\"lazy\" decoding=\"async\" width=\"1024\" height=\"683\" src=\"https:\/\/media1.jensgustafsson.se\/2021\/09\/DSC_0006-1024x683.jpg\" alt=\"\" class=\"wp-image-22014\" srcset=\"https:\/\/media1.jensgustafsson.se\/2021\/09\/DSC_0006-1024x683.jpg 1024w, https:\/\/media1.jensgustafsson.se\/2021\/09\/DSC_0006-300x200.jpg 300w, https:\/\/media1.jensgustafsson.se\/2021\/09\/DSC_0006-768x512.jpg 768w, https:\/\/media1.jensgustafsson.se\/2021\/09\/DSC_0006-1536x1024.jpg 1536w, https:\/\/media1.jensgustafsson.se\/2021\/09\/DSC_0006-2048x1365.jpg 2048w, https:\/\/media1.jensgustafsson.se\/2021\/09\/DSC_0006-450x300.jpg 450w\" sizes=\"auto, (max-width: 1024px) 100vw, 1024px\" \/><\/figure>\n\n\n\n<p class=\"has-blue-color has-text-color has-medium-font-size\"> D\u00e5 var det dags att sammanfatta augusti i \u00e5r, och det var ju den tredje kalendariska sommarm\u00e5naden av tre totalt, s\u00e5 jag kommer att i slutet p\u00e5 denna m\u00e5nadssammanfattning \u00e4ven g\u00f6ra en sammanst\u00e4llning p\u00e5 hur sommaren 2021 sett ut i v\u00e4dersiffror fr\u00e5n min v\u00e4derstation. Statistiken som jag har str\u00e4cker sig \u00f6ver \u00e5ren 1931-2021, och k\u00e4llorna till den \u00e4r under \u00e5ren 1931-2012 fr\u00e5n de till F\u00e5gelfors n\u00e4rmaste av SMHI:s m\u00e4tstationer  (ca 4 km f\u00e5gelv\u00e4gen),Blankastr\u00f6m och Drageryd (ingen av dem aktiva numera). Fr\u00e5n och med 2013 och s\u00e5 l\u00e5ngt som vi \u00e4r idag \u00e4r det v\u00e4derdata fr\u00e5n loggningen p\u00e5 min privata v\u00e4derstation och dom v\u00e4rdena som jag redovisar. <\/p>\n\n\n\n<figure class=\"wp-block-image size-large\"><img loading=\"lazy\" decoding=\"async\" width=\"1024\" height=\"683\" src=\"https:\/\/media1.jensgustafsson.se\/2021\/09\/DSC_9867-1024x683.jpg\" alt=\"\" class=\"wp-image-22016\" srcset=\"https:\/\/media1.jensgustafsson.se\/2021\/09\/DSC_9867-1024x683.jpg 1024w, https:\/\/media1.jensgustafsson.se\/2021\/09\/DSC_9867-300x200.jpg 300w, https:\/\/media1.jensgustafsson.se\/2021\/09\/DSC_9867-768x512.jpg 768w, https:\/\/media1.jensgustafsson.se\/2021\/09\/DSC_9867-1536x1024.jpg 1536w, https:\/\/media1.jensgustafsson.se\/2021\/09\/DSC_9867-2048x1365.jpg 2048w, https:\/\/media1.jensgustafsson.se\/2021\/09\/DSC_9867-450x300.jpg 450w\" sizes=\"auto, (max-width: 1024px) 100vw, 1024px\" \/><\/figure>\n\n\n\n<figure class=\"wp-block-image size-large\"><img loading=\"lazy\" decoding=\"async\" width=\"1024\" height=\"411\" src=\"https:\/\/media1.jensgustafsson.se\/2021\/09\/image-1024x411.png\" alt=\"\" class=\"wp-image-21989\" srcset=\"https:\/\/media1.jensgustafsson.se\/2021\/09\/image-1024x411.png 1024w, https:\/\/media1.jensgustafsson.se\/2021\/09\/image-300x120.png 300w, https:\/\/media1.jensgustafsson.se\/2021\/09\/image-768x308.png 768w, https:\/\/media1.jensgustafsson.se\/2021\/09\/image-500x201.png 500w, https:\/\/media1.jensgustafsson.se\/2021\/09\/image.png 1074w\" sizes=\"auto, (max-width: 1024px) 100vw, 1024px\" \/><\/figure>\n\n\n\n<p class=\"has-blue-color has-light-gray-background-color has-text-color has-background has-medium-font-size\"> Augusti i \u00e5r blev lite svalare \u00e4n vad den varit p\u00e5 senare \u00e5r. Medeltemperaturen stannade p\u00e5 16,1 grader, och det \u00e4r lite under den genomsnittliga medeltemperaturen f\u00f6r nu g\u00e4llande referensperiod (1991-2020) som anv\u00e4nds nu att j\u00e4mf\u00f6ra mot. Vi har haft 1 dag med h\u00f6gsommarv\u00e4rme (maxtemp. \u00f6ver 25\u00b0C), 23 dagar med en maxtemp mellan 20 och 25\u00b0C, 5 dagar med en maxtemp. mellan 15 och 20\u00b0C och 2 dagar med en maxtemp mellan 10 och 15\u00b0C. Jag visar i diagrammen nedan medeltemperaturen i augusti mellan \u00e5ren 1931 till 2021 i lite olika referensperioder som man kan j\u00e4mf\u00f6ra \u00e5rets medeltemperatur mot. <\/p>\n\n\n\n<figure class=\"wp-block-image size-large\"><img loading=\"lazy\" decoding=\"async\" width=\"1024\" height=\"371\" src=\"https:\/\/media1.jensgustafsson.se\/2021\/09\/image-1-1024x371.png\" alt=\"\" class=\"wp-image-21990\" srcset=\"https:\/\/media1.jensgustafsson.se\/2021\/09\/image-1-1024x371.png 1024w, https:\/\/media1.jensgustafsson.se\/2021\/09\/image-1-300x109.png 300w, https:\/\/media1.jensgustafsson.se\/2021\/09\/image-1-768x278.png 768w, https:\/\/media1.jensgustafsson.se\/2021\/09\/image-1-500x181.png 500w, https:\/\/media1.jensgustafsson.se\/2021\/09\/image-1.png 1084w\" sizes=\"auto, (max-width: 1024px) 100vw, 1024px\" \/><\/figure>\n\n\n\n<figure class=\"wp-block-image size-full\"><img loading=\"lazy\" decoding=\"async\" width=\"831\" height=\"386\" src=\"https:\/\/media1.jensgustafsson.se\/2021\/09\/image-2.png\" alt=\"\" class=\"wp-image-21993\" srcset=\"https:\/\/media1.jensgustafsson.se\/2021\/09\/image-2.png 831w, https:\/\/media1.jensgustafsson.se\/2021\/09\/image-2-300x139.png 300w, https:\/\/media1.jensgustafsson.se\/2021\/09\/image-2-768x357.png 768w, https:\/\/media1.jensgustafsson.se\/2021\/09\/image-2-500x232.png 500w\" sizes=\"auto, (max-width: 831px) 100vw, 831px\" \/><\/figure>\n\n\n\n<figure class=\"wp-block-image size-large\"><img loading=\"lazy\" decoding=\"async\" width=\"1024\" height=\"683\" src=\"https:\/\/media1.jensgustafsson.se\/2021\/09\/DSC_9469-1024x683.jpg\" alt=\"\" class=\"wp-image-22015\" srcset=\"https:\/\/media1.jensgustafsson.se\/2021\/09\/DSC_9469-1024x683.jpg 1024w, https:\/\/media1.jensgustafsson.se\/2021\/09\/DSC_9469-300x200.jpg 300w, https:\/\/media1.jensgustafsson.se\/2021\/09\/DSC_9469-768x512.jpg 768w, https:\/\/media1.jensgustafsson.se\/2021\/09\/DSC_9469-1536x1024.jpg 1536w, https:\/\/media1.jensgustafsson.se\/2021\/09\/DSC_9469-2048x1365.jpg 2048w, https:\/\/media1.jensgustafsson.se\/2021\/09\/DSC_9469-450x300.jpg 450w\" sizes=\"auto, (max-width: 1024px) 100vw, 1024px\" \/><\/figure>\n\n\n\n<figure class=\"wp-block-image size-full\"><img loading=\"lazy\" decoding=\"async\" width=\"664\" height=\"274\" src=\"https:\/\/media1.jensgustafsson.se\/2021\/09\/image-3.png\" alt=\"\" class=\"wp-image-21994\" srcset=\"https:\/\/media1.jensgustafsson.se\/2021\/09\/image-3.png 664w, https:\/\/media1.jensgustafsson.se\/2021\/09\/image-3-300x124.png 300w, https:\/\/media1.jensgustafsson.se\/2021\/09\/image-3-500x206.png 500w\" sizes=\"auto, (max-width: 664px) 100vw, 664px\" \/><\/figure>\n\n\n\n<p class=\"has-blue-color has-light-gray-background-color has-text-color has-background has-medium-font-size\"> M\u00e5naden inleddes med sparsamt av regn, men avslutades med n\u00e5gra dagar med tidvis kraftigt regn. Totalt sett fick vi 116 mm, f\u00f6rdelat \u00f6ver 18 dygn. Regnm\u00e4ngden \u00e4r dubbelt s\u00e5 mycket mot vad som brukar komma genomsnittligt i augustim\u00e5naden. \u00c5ska har varit med i sammanhanget 6 dagar, inte s\u00e5 n\u00e4ra oss, men tillr\u00e4ckligt f\u00f6r att registreras som \u00e5skdagar. Jag visar i diagrammen nedan den genomsnittliga nederb\u00f6rden f\u00f6r \u00e5ren 1931-2020, att j\u00e4mf\u00f6ra \u00e5rets regnm\u00e4ngd mot.<\/p>\n\n\n\n<figure class=\"wp-block-image size-large\"><img loading=\"lazy\" decoding=\"async\" width=\"1024\" height=\"367\" src=\"https:\/\/media1.jensgustafsson.se\/2021\/09\/image-4-1024x367.png\" alt=\"\" class=\"wp-image-21995\" srcset=\"https:\/\/media1.jensgustafsson.se\/2021\/09\/image-4-1024x367.png 1024w, https:\/\/media1.jensgustafsson.se\/2021\/09\/image-4-300x107.png 300w, https:\/\/media1.jensgustafsson.se\/2021\/09\/image-4-768x275.png 768w, https:\/\/media1.jensgustafsson.se\/2021\/09\/image-4-500x179.png 500w, https:\/\/media1.jensgustafsson.se\/2021\/09\/image-4.png 1028w\" sizes=\"auto, (max-width: 1024px) 100vw, 1024px\" \/><\/figure>\n\n\n\n<figure class=\"wp-block-image size-full\"><img loading=\"lazy\" decoding=\"async\" width=\"836\" height=\"346\" src=\"https:\/\/media1.jensgustafsson.se\/2021\/09\/image-5.png\" alt=\"\" class=\"wp-image-21996\" srcset=\"https:\/\/media1.jensgustafsson.se\/2021\/09\/image-5.png 836w, https:\/\/media1.jensgustafsson.se\/2021\/09\/image-5-300x124.png 300w, https:\/\/media1.jensgustafsson.se\/2021\/09\/image-5-768x318.png 768w, https:\/\/media1.jensgustafsson.se\/2021\/09\/image-5-500x207.png 500w\" sizes=\"auto, (max-width: 836px) 100vw, 836px\" \/><\/figure>\n\n\n\n<figure class=\"wp-block-image size-large\"><img loading=\"lazy\" decoding=\"async\" width=\"1024\" height=\"683\" src=\"https:\/\/media1.jensgustafsson.se\/2021\/09\/DSC_9998-1024x683.jpg\" alt=\"\" class=\"wp-image-22017\" srcset=\"https:\/\/media1.jensgustafsson.se\/2021\/09\/DSC_9998-1024x683.jpg 1024w, https:\/\/media1.jensgustafsson.se\/2021\/09\/DSC_9998-300x200.jpg 300w, https:\/\/media1.jensgustafsson.se\/2021\/09\/DSC_9998-768x512.jpg 768w, https:\/\/media1.jensgustafsson.se\/2021\/09\/DSC_9998-1536x1024.jpg 1536w, https:\/\/media1.jensgustafsson.se\/2021\/09\/DSC_9998-2048x1365.jpg 2048w, https:\/\/media1.jensgustafsson.se\/2021\/09\/DSC_9998-450x300.jpg 450w\" sizes=\"auto, (max-width: 1024px) 100vw, 1024px\" \/><\/figure>\n\n\n\n<figure class=\"wp-block-image size-full\"><img loading=\"lazy\" decoding=\"async\" width=\"849\" height=\"378\" src=\"https:\/\/media1.jensgustafsson.se\/2021\/09\/image-6.png\" alt=\"\" class=\"wp-image-21997\" srcset=\"https:\/\/media1.jensgustafsson.se\/2021\/09\/image-6.png 849w, https:\/\/media1.jensgustafsson.se\/2021\/09\/image-6-300x134.png 300w, https:\/\/media1.jensgustafsson.se\/2021\/09\/image-6-768x342.png 768w, https:\/\/media1.jensgustafsson.se\/2021\/09\/image-6-500x223.png 500w\" sizes=\"auto, (max-width: 849px) 100vw, 849px\" \/><\/figure>\n\n\n\n<p class=\"has-blue-color has-light-gray-background-color has-text-color has-background has-medium-font-size\"> Vindriktningen i m\u00e5naden ser vi i diagrammet ovan. Ganska j\u00e4mnt f\u00f6rdelat \u00f6ver de olika riktningarna, om man j\u00e4mnar ut med de 6 dygnen med v\u00e4xlande vindriktningar.<\/p>\n\n\n\n<p class=\"has-blue-color has-light-gray-background-color has-text-color has-background has-medium-font-size\">S\u00e5 kommer sammanfattningen i siffror fr\u00e5n min v\u00e4derstation, WS-2308, som jobbar med tv\u00e5 program, Heavy Wheather f\u00f6r loggningen, och Cumulus som ocks\u00e5 loggar, och omvandlar med hj\u00e4lp av mig till \u00f6versk\u00e5dliga fakta p\u00e5 min v\u00e4dersida p\u00e5 webben.<\/p>\n\n\n\n<p class=\"has-blue-color has-light-gray-background-color has-text-color has-background has-medium-font-size\">Summary for period 2021-08-01 to 2021-08-31<\/p>\n\n\n\n<p class=\"has-blue-color has-light-gray-background-color has-text-color has-background has-medium-font-size\">Temperature (\u00b0C):<br \/>Mean (min+max) 16,1<br \/>Mean Minimum 11,1<br \/>Mean Maximum 21,7<br \/>Minimum 5,6 on 2021-08-24<br \/>Maximum 25,1 on 2021-08-13<br \/>Highest Minimum 14,3 on 2021-08-13<br \/>Lowest Maximum 14,5 on 2021-08-28<br \/>Air frosts 0<\/p>\n\n\n\n<p class=\"has-blue-color has-light-gray-background-color has-text-color has-background has-medium-font-size\">Rainfall (mm):<br \/>Total for period 116,0<\/p>\n\n\n\n<p class=\"has-blue-color has-light-gray-background-color has-text-color has-background has-medium-font-size\">Rain days 18<br \/>Dry days 13<\/p>\n\n\n\n<p class=\"has-blue-color has-light-gray-background-color has-text-color has-background has-medium-font-size\">Wind (m\/s):<br \/>Highest Gust 13 on 2021-08-18<br \/>Average Speed 1,1<\/p>\n\n\n\n<p class=\"has-blue-color has-light-gray-background-color has-text-color has-background has-medium-font-size\">Pressure (hPa):<br \/>Maximum 1035,8 on 2021-08-24<br \/>Minimum 1002,2 on 2021-08-18<\/p>\n\n\n\n<figure class=\"wp-block-image size-large\"><img loading=\"lazy\" decoding=\"async\" width=\"1024\" height=\"603\" src=\"https:\/\/media1.jensgustafsson.se\/2021\/09\/DSC_7250-1024x603.jpg\" alt=\"\" class=\"wp-image-22019\" srcset=\"https:\/\/media1.jensgustafsson.se\/2021\/09\/DSC_7250-1024x603.jpg 1024w, https:\/\/media1.jensgustafsson.se\/2021\/09\/DSC_7250-300x177.jpg 300w, https:\/\/media1.jensgustafsson.se\/2021\/09\/DSC_7250-768x452.jpg 768w, https:\/\/media1.jensgustafsson.se\/2021\/09\/DSC_7250-1536x904.jpg 1536w, https:\/\/media1.jensgustafsson.se\/2021\/09\/DSC_7250-2048x1205.jpg 2048w, https:\/\/media1.jensgustafsson.se\/2021\/09\/DSC_7250-500x294.jpg 500w\" sizes=\"auto, (max-width: 1024px) 100vw, 1024px\" \/><\/figure>\n\n\n\n<p class=\"has-blue-color has-light-gray-background-color has-text-color has-background has-medium-font-size\">S\u00e5 en liten sammanfattning av sommaren 2021. Jag visar i stapeldiagrammen nedan hur det sett ut genom \u00e5ren med temperatur och nederb\u00f6rd under somrarna. Som vi ser, s\u00e5 blev \u00e5rets sommar varmare \u00e4n det brukar vara. 2018 var ju extrem, s\u00e5 den \u00f6vertr\u00e4ffar ju denna sommar, och \u00e4ven 2019 var n\u00e4stan lika varm. Det syns ju klart i diagrammen att det blir varmare somrar, men att det inte g\u00e5r spikrakt upp\u00e5t, utan varierar \u00f6ver \u00e5ren. Regn blir det ocks\u00e5 mera av. Variationerna \u00f6ver \u00e5ren syns ju mest i diagrammet \u00f6ver kortare tid (2011-2021), \u00e4n n\u00e4r man tittar p\u00e5 de lite l\u00e4ngre referensperioderna. S\u00e5 blir det  med all statistik, n\u00e4r man bryter ner den \u00e5rsvis, eller m\u00e5nadsvis o.s.v.<\/p>\n\n\n\n<figure class=\"wp-block-image size-full\"><img loading=\"lazy\" decoding=\"async\" width=\"762\" height=\"289\" src=\"https:\/\/media1.jensgustafsson.se\/2021\/09\/image-10.png\" alt=\"\" class=\"wp-image-22005\" srcset=\"https:\/\/media1.jensgustafsson.se\/2021\/09\/image-10.png 762w, https:\/\/media1.jensgustafsson.se\/2021\/09\/image-10-300x114.png 300w, https:\/\/media1.jensgustafsson.se\/2021\/09\/image-10-500x190.png 500w\" sizes=\"auto, (max-width: 762px) 100vw, 762px\" \/><\/figure>\n\n\n\n<figure class=\"wp-block-image size-full\"><img loading=\"lazy\" decoding=\"async\" width=\"774\" height=\"289\" src=\"https:\/\/media1.jensgustafsson.se\/2021\/09\/image-11.png\" alt=\"\" class=\"wp-image-22006\" srcset=\"https:\/\/media1.jensgustafsson.se\/2021\/09\/image-11.png 774w, https:\/\/media1.jensgustafsson.se\/2021\/09\/image-11-300x112.png 300w, https:\/\/media1.jensgustafsson.se\/2021\/09\/image-11-768x287.png 768w, https:\/\/media1.jensgustafsson.se\/2021\/09\/image-11-500x187.png 500w\" sizes=\"auto, (max-width: 774px) 100vw, 774px\" \/><\/figure>\n\n\n\n<figure class=\"wp-block-image size-full\"><img loading=\"lazy\" decoding=\"async\" width=\"721\" height=\"289\" src=\"https:\/\/media1.jensgustafsson.se\/2021\/09\/image-12.png\" alt=\"\" class=\"wp-image-22007\" srcset=\"https:\/\/media1.jensgustafsson.se\/2021\/09\/image-12.png 721w, https:\/\/media1.jensgustafsson.se\/2021\/09\/image-12-300x120.png 300w, https:\/\/media1.jensgustafsson.se\/2021\/09\/image-12-500x200.png 500w\" sizes=\"auto, (max-width: 721px) 100vw, 721px\" \/><\/figure>\n\n\n\n<figure class=\"wp-block-image size-full\"><img loading=\"lazy\" decoding=\"async\" width=\"700\" height=\"289\" src=\"https:\/\/media1.jensgustafsson.se\/2021\/09\/image-13.png\" alt=\"\" class=\"wp-image-22008\" srcset=\"https:\/\/media1.jensgustafsson.se\/2021\/09\/image-13.png 700w, https:\/\/media1.jensgustafsson.se\/2021\/09\/image-13-300x124.png 300w, https:\/\/media1.jensgustafsson.se\/2021\/09\/image-13-500x206.png 500w\" sizes=\"auto, (max-width: 700px) 100vw, 700px\" \/><\/figure>\n\n\n\n<figure class=\"wp-block-image size-large\"><img loading=\"lazy\" decoding=\"async\" width=\"1024\" height=\"683\" src=\"https:\/\/media1.jensgustafsson.se\/2021\/09\/DSC_0089-1024x683.jpg\" alt=\"\" class=\"wp-image-22022\" srcset=\"https:\/\/media1.jensgustafsson.se\/2021\/09\/DSC_0089-1024x683.jpg 1024w, https:\/\/media1.jensgustafsson.se\/2021\/09\/DSC_0089-300x200.jpg 300w, https:\/\/media1.jensgustafsson.se\/2021\/09\/DSC_0089-768x512.jpg 768w, https:\/\/media1.jensgustafsson.se\/2021\/09\/DSC_0089-1536x1024.jpg 1536w, https:\/\/media1.jensgustafsson.se\/2021\/09\/DSC_0089-2048x1365.jpg 2048w, https:\/\/media1.jensgustafsson.se\/2021\/09\/DSC_0089-450x300.jpg 450w\" sizes=\"auto, (max-width: 1024px) 100vw, 1024px\" \/><\/figure>\n\n\n\n<p class=\"has-blue-color has-light-gray-background-color has-text-color has-background has-medium-font-size\">Nu g\u00e5r vi in i tre h\u00f6stm\u00e5nader, och sedan har vi vinter igen. Hur \u00e5ret kommer att sluta med medeltemperatur och nederb\u00f6rd \u00e5terst\u00e5r att se. N\u00e4r jag tittar tillbaka p\u00e5 de \u00e5tta m\u00e5naderna av \u00e5ret som har g\u00e5tt, s\u00e5 ligger vi ca 1 grad l\u00e4gre i medeltemperatur, j\u00e4mf\u00f6rt med vad vi gjort de senaste \u00e5ren. Vad g\u00e4ller nederb\u00f6rd ligger vi d\u00e4r en bit \u00f6ver vad vi vanligtvis f\u00e5tt s\u00e5h\u00e4r l\u00e5ngt under \u00e5ret. Vi har f\u00e5tt ca 80% av den genomsnittliga \u00e5rsnederb\u00f6rden redan. Som sagt, vi har fyra m\u00e5nader kvar av \u00e5ret, s\u00e5 mycket hinner h\u00e4nda med v\u00e4dersiffrorna, intressant att f\u00f6lja.<\/p>\n","protected":false},"excerpt":{"rendered":"<p>D\u00e5 var det dags att sammanfatta augusti i \u00e5r, och det var ju den tredje kalendariska sommarm\u00e5naden av tre totalt, s\u00e5 jag kommer att i slutet p\u00e5 denna m\u00e5nadssammanfattning \u00e4ven g\u00f6ra en sammanst\u00e4llning p\u00e5 hur sommaren 2021 sett ut i &hellip; <a href=\"https:\/\/jensgustafsson.se\/?page_id=21984\">Forts\u00e4tt l\u00e4sa <span class=\"meta-nav\">&rarr;<\/span><\/a><\/p>\n","protected":false},"author":1,"featured_media":21987,"parent":19700,"menu_order":8,"comment_status":"closed","ping_status":"closed","template":"","meta":{"footnotes":""},"class_list":["post-21984","page","type-page","status-publish","has-post-thumbnail","hentry"],"_links":{"self":[{"href":"https:\/\/jensgustafsson.se\/index.php?rest_route=\/wp\/v2\/pages\/21984","targetHints":{"allow":["GET"]}}],"collection":[{"href":"https:\/\/jensgustafsson.se\/index.php?rest_route=\/wp\/v2\/pages"}],"about":[{"href":"https:\/\/jensgustafsson.se\/index.php?rest_route=\/wp\/v2\/types\/page"}],"author":[{"embeddable":true,"href":"https:\/\/jensgustafsson.se\/index.php?rest_route=\/wp\/v2\/users\/1"}],"replies":[{"embeddable":true,"href":"https:\/\/jensgustafsson.se\/index.php?rest_route=%2Fwp%2Fv2%2Fcomments&post=21984"}],"version-history":[{"count":14,"href":"https:\/\/jensgustafsson.se\/index.php?rest_route=\/wp\/v2\/pages\/21984\/revisions"}],"predecessor-version":[{"id":22025,"href":"https:\/\/jensgustafsson.se\/index.php?rest_route=\/wp\/v2\/pages\/21984\/revisions\/22025"}],"up":[{"embeddable":true,"href":"https:\/\/jensgustafsson.se\/index.php?rest_route=\/wp\/v2\/pages\/19700"}],"wp:featuredmedia":[{"embeddable":true,"href":"https:\/\/jensgustafsson.se\/index.php?rest_route=\/wp\/v2\/media\/21987"}],"wp:attachment":[{"href":"https:\/\/jensgustafsson.se\/index.php?rest_route=%2Fwp%2Fv2%2Fmedia&parent=21984"}],"curies":[{"name":"wp","href":"https:\/\/api.w.org\/{rel}","templated":true}]}}