{"id":22267,"date":"2021-10-02T05:21:36","date_gmt":"2021-10-02T04:21:36","guid":{"rendered":"https:\/\/jensgustafsson.se\/?page_id=22267"},"modified":"2021-10-02T15:26:13","modified_gmt":"2021-10-02T14:26:13","slug":"september-2021","status":"publish","type":"page","link":"https:\/\/jensgustafsson.se\/?page_id=22267","title":{"rendered":"September 2021."},"content":{"rendered":"\n<figure class=\"wp-block-image size-large\"><img loading=\"lazy\" decoding=\"async\" width=\"1024\" height=\"683\" src=\"https:\/\/media1.jensgustafsson.se\/2021\/10\/DSC_1056-1024x683.jpg\" alt=\"\" class=\"wp-image-22302\" srcset=\"https:\/\/media1.jensgustafsson.se\/2021\/10\/DSC_1056-1024x683.jpg 1024w, https:\/\/media1.jensgustafsson.se\/2021\/10\/DSC_1056-300x200.jpg 300w, https:\/\/media1.jensgustafsson.se\/2021\/10\/DSC_1056-768x512.jpg 768w, https:\/\/media1.jensgustafsson.se\/2021\/10\/DSC_1056-1536x1024.jpg 1536w, https:\/\/media1.jensgustafsson.se\/2021\/10\/DSC_1056-2048x1365.jpg 2048w, https:\/\/media1.jensgustafsson.se\/2021\/10\/DSC_1056-450x300.jpg 450w\" sizes=\"auto, (max-width: 1024px) 100vw, 1024px\" \/><\/figure>\n\n\n\n<figure class=\"wp-block-image size-full\"><img loading=\"lazy\" decoding=\"async\" width=\"901\" height=\"423\" src=\"https:\/\/media1.jensgustafsson.se\/2021\/10\/image.png\" alt=\"\" class=\"wp-image-22270\" srcset=\"https:\/\/media1.jensgustafsson.se\/2021\/10\/image.png 901w, https:\/\/media1.jensgustafsson.se\/2021\/10\/image-300x141.png 300w, https:\/\/media1.jensgustafsson.se\/2021\/10\/image-768x361.png 768w, https:\/\/media1.jensgustafsson.se\/2021\/10\/image-500x235.png 500w\" sizes=\"auto, (max-width: 901px) 100vw, 901px\" \/><\/figure>\n\n\n\n<p class=\"has-blue-color has-light-gray-background-color has-text-color has-background has-medium-font-size\">M\u00e5naden b\u00f6rjade med varmt och torrt v\u00e4der. Den 10:e hade vi h\u00f6gsommarv\u00e4rme , men d\u00e4refter s\u00e5 dalade temperaturen efterhand som vi ser i diagrammet ovan. N\u00e4tterna har varit f\u00f6rh\u00e5llandevis milda, men tre n\u00e4tter har varit kyliga, och d\u00e5 har vi haft markfrost p\u00e5 morgonen. Ett utdrag ur v\u00e4derstationens logg p\u00e5 temperaturen i september nedan.<\/p>\n\n\n\n<p class=\"has-blue-color has-light-gray-background-color has-text-color has-background has-medium-font-size\"><em>Temperatur (\u00b0C):<br \/>Medel (min+max) 13,4<br \/>Medelminimum 8,6<br \/>Medelmaximum 17,4<br \/>Minimum 1,6 den 5:e september<br \/>Maximum 25,4 den 10:e september<br \/>H\u00f6gsta minimum 13,6 den 12:e september<br \/>L\u00e4gsta maximum 10,9 den 18:e september<br \/>Frostn\u00e4tter: 0 <\/em><\/p>\n\n\n\n<p class=\"has-blue-color has-light-gray-background-color has-text-color has-background has-medium-font-size\">F\u00f6r att kunna j\u00e4mf\u00f6ra \u00e5rets septemberm\u00e5nad mot tidigare \u00e5r, s\u00e5 visar jag det i n\u00e5gra diagram nedan, sammanfattade i n\u00e5gra olika referensperioder b\u00e5de p\u00e5 kort och l\u00e5ng sikt. Som vanligt s\u00e5 \u00e4r siffrorna h\u00e4mtade fr\u00e5n SMHI:s till mig n\u00e4rmsta m\u00e4tstationer Blankastr\u00f6m och Drageryd (inaktiva idag) f\u00f6r perioden 1931-2012. Fr\u00e5n 2013 \u00e4r det siffror fr\u00e5n min egna v\u00e4derstation.<\/p>\n\n\n\n<figure class=\"wp-block-image size-full\"><img loading=\"lazy\" decoding=\"async\" width=\"831\" height=\"386\" src=\"https:\/\/media1.jensgustafsson.se\/2021\/10\/image-1.png\" alt=\"\" class=\"wp-image-22272\" srcset=\"https:\/\/media1.jensgustafsson.se\/2021\/10\/image-1.png 831w, https:\/\/media1.jensgustafsson.se\/2021\/10\/image-1-300x139.png 300w, https:\/\/media1.jensgustafsson.se\/2021\/10\/image-1-768x357.png 768w, https:\/\/media1.jensgustafsson.se\/2021\/10\/image-1-500x232.png 500w\" sizes=\"auto, (max-width: 831px) 100vw, 831px\" \/><\/figure>\n\n\n\n<figure class=\"wp-block-image size-large\"><img loading=\"lazy\" decoding=\"async\" width=\"1024\" height=\"386\" src=\"https:\/\/media1.jensgustafsson.se\/2021\/10\/image-2-1024x386.png\" alt=\"\" class=\"wp-image-22273\" srcset=\"https:\/\/media1.jensgustafsson.se\/2021\/10\/image-2-1024x386.png 1024w, https:\/\/media1.jensgustafsson.se\/2021\/10\/image-2-300x113.png 300w, https:\/\/media1.jensgustafsson.se\/2021\/10\/image-2-768x289.png 768w, https:\/\/media1.jensgustafsson.se\/2021\/10\/image-2-500x188.png 500w, https:\/\/media1.jensgustafsson.se\/2021\/10\/image-2.png 1091w\" sizes=\"auto, (max-width: 1024px) 100vw, 1024px\" \/><\/figure>\n\n\n\n<figure class=\"wp-block-image size-large\"><img loading=\"lazy\" decoding=\"async\" width=\"1024\" height=\"683\" src=\"https:\/\/media1.jensgustafsson.se\/2021\/10\/DSC_0949-1024x683.jpg\" alt=\"\" class=\"wp-image-22303\" srcset=\"https:\/\/media1.jensgustafsson.se\/2021\/10\/DSC_0949-1024x683.jpg 1024w, https:\/\/media1.jensgustafsson.se\/2021\/10\/DSC_0949-300x200.jpg 300w, https:\/\/media1.jensgustafsson.se\/2021\/10\/DSC_0949-768x512.jpg 768w, https:\/\/media1.jensgustafsson.se\/2021\/10\/DSC_0949-1536x1024.jpg 1536w, https:\/\/media1.jensgustafsson.se\/2021\/10\/DSC_0949-2048x1365.jpg 2048w, https:\/\/media1.jensgustafsson.se\/2021\/10\/DSC_0949-450x300.jpg 450w\" sizes=\"auto, (max-width: 1024px) 100vw, 1024px\" \/><\/figure>\n\n\n\n<figure class=\"wp-block-image size-full\"><img loading=\"lazy\" decoding=\"async\" width=\"664\" height=\"274\" src=\"https:\/\/media1.jensgustafsson.se\/2021\/10\/image-3.png\" alt=\"\" class=\"wp-image-22276\" srcset=\"https:\/\/media1.jensgustafsson.se\/2021\/10\/image-3.png 664w, https:\/\/media1.jensgustafsson.se\/2021\/10\/image-3-300x124.png 300w, https:\/\/media1.jensgustafsson.se\/2021\/10\/image-3-500x206.png 500w\" sizes=\"auto, (max-width: 664px) 100vw, 664px\" \/><\/figure>\n\n\n\n<p class=\"has-blue-color has-light-gray-background-color has-text-color has-background has-medium-font-size\">Regn har vi f\u00e5tt 60 mm i denna m\u00e5nad, och det \u00e4r ungef\u00e4r vad som \u00e4r vanligt om man tittar tillbaka genom \u00e5ren. Som vi ser i stapeldiagrammet ovan, s\u00e5 f\u00f6rdelades regnet \u00f6ver 10 dygn av m\u00e5nadens 30 dygn. Nedan visar jag den genomsnittliga medeltemperaturen och nederb\u00f6rden i september genom \u00e5ren.<\/p>\n\n\n\n<figure class=\"wp-block-image size-full\"><img loading=\"lazy\" decoding=\"async\" width=\"836\" height=\"346\" src=\"https:\/\/media1.jensgustafsson.se\/2021\/10\/image-10.png\" alt=\"\" class=\"wp-image-22292\" srcset=\"https:\/\/media1.jensgustafsson.se\/2021\/10\/image-10.png 836w, https:\/\/media1.jensgustafsson.se\/2021\/10\/image-10-300x124.png 300w, https:\/\/media1.jensgustafsson.se\/2021\/10\/image-10-768x318.png 768w, https:\/\/media1.jensgustafsson.se\/2021\/10\/image-10-500x207.png 500w\" sizes=\"auto, (max-width: 836px) 100vw, 836px\" \/><\/figure>\n\n\n\n<figure class=\"wp-block-image size-large\"><img loading=\"lazy\" decoding=\"async\" width=\"1024\" height=\"367\" src=\"https:\/\/media1.jensgustafsson.se\/2021\/10\/image-11-1024x367.png\" alt=\"\" class=\"wp-image-22293\" srcset=\"https:\/\/media1.jensgustafsson.se\/2021\/10\/image-11-1024x367.png 1024w, https:\/\/media1.jensgustafsson.se\/2021\/10\/image-11-300x107.png 300w, https:\/\/media1.jensgustafsson.se\/2021\/10\/image-11-768x275.png 768w, https:\/\/media1.jensgustafsson.se\/2021\/10\/image-11-500x179.png 500w, https:\/\/media1.jensgustafsson.se\/2021\/10\/image-11.png 1028w\" sizes=\"auto, (max-width: 1024px) 100vw, 1024px\" \/><\/figure>\n\n\n\n<figure class=\"wp-block-image size-large\"><img loading=\"lazy\" decoding=\"async\" width=\"1024\" height=\"683\" src=\"https:\/\/media1.jensgustafsson.se\/2021\/10\/DSC_1322-1024x683.jpg\" alt=\"\" class=\"wp-image-22304\" srcset=\"https:\/\/media1.jensgustafsson.se\/2021\/10\/DSC_1322-1024x683.jpg 1024w, https:\/\/media1.jensgustafsson.se\/2021\/10\/DSC_1322-300x200.jpg 300w, https:\/\/media1.jensgustafsson.se\/2021\/10\/DSC_1322-768x512.jpg 768w, https:\/\/media1.jensgustafsson.se\/2021\/10\/DSC_1322-1536x1024.jpg 1536w, https:\/\/media1.jensgustafsson.se\/2021\/10\/DSC_1322-2048x1365.jpg 2048w, https:\/\/media1.jensgustafsson.se\/2021\/10\/DSC_1322-450x300.jpg 450w\" sizes=\"auto, (max-width: 1024px) 100vw, 1024px\" \/><\/figure>\n\n\n\n<figure class=\"wp-block-image size-full\"><img loading=\"lazy\" decoding=\"async\" width=\"849\" height=\"378\" src=\"https:\/\/media1.jensgustafsson.se\/2021\/10\/image-12.png\" alt=\"\" class=\"wp-image-22294\" srcset=\"https:\/\/media1.jensgustafsson.se\/2021\/10\/image-12.png 849w, https:\/\/media1.jensgustafsson.se\/2021\/10\/image-12-300x134.png 300w, https:\/\/media1.jensgustafsson.se\/2021\/10\/image-12-768x342.png 768w, https:\/\/media1.jensgustafsson.se\/2021\/10\/image-12-500x223.png 500w\" sizes=\"auto, (max-width: 849px) 100vw, 849px\" \/><\/figure>\n\n\n\n<p class=\"has-blue-color has-light-gray-background-color has-text-color has-background has-medium-font-size\">Stapeldiagrammet ovan visar de dominerande vindriktningarna dygnsvis under m\u00e5naden. Vindar fr\u00e5n sydv\u00e4st, v\u00e4st och nord har dominerat halva m\u00e5naden ungef\u00e4r. Genomsnittet p\u00e5 maxvinden i september blev cirka 6 m\/s<\/p>\n\n\n\n<figure class=\"wp-block-image size-large\"><img loading=\"lazy\" decoding=\"async\" width=\"1024\" height=\"683\" src=\"https:\/\/media1.jensgustafsson.se\/2021\/10\/DSC_1342-1024x683.jpg\" alt=\"\" class=\"wp-image-22305\" srcset=\"https:\/\/media1.jensgustafsson.se\/2021\/10\/DSC_1342-1024x683.jpg 1024w, https:\/\/media1.jensgustafsson.se\/2021\/10\/DSC_1342-300x200.jpg 300w, https:\/\/media1.jensgustafsson.se\/2021\/10\/DSC_1342-768x512.jpg 768w, https:\/\/media1.jensgustafsson.se\/2021\/10\/DSC_1342-1536x1024.jpg 1536w, https:\/\/media1.jensgustafsson.se\/2021\/10\/DSC_1342-2048x1365.jpg 2048w, https:\/\/media1.jensgustafsson.se\/2021\/10\/DSC_1342-450x300.jpg 450w\" sizes=\"auto, (max-width: 1024px) 100vw, 1024px\" \/><\/figure>\n\n\n\n<p class=\"has-blue-color has-light-gray-background-color has-text-color has-background has-medium-font-size\">Efter att 9 m\u00e5nader av \u00e5r 2021 har g\u00e5tt, s\u00e5 tittar jag tillbaka f\u00f6r att se hur vi ligger till med nederb\u00f6rd och medeltemperatur s\u00e5 l\u00e5ngt som vi \u00e4r nu. Jag har valt \u00e5ren 1991-2020 (anv\u00e4nds som referensperiod av SMHI m.fl. nu) i diagrammen nedan och lagt till 2021 i den serien. Det jag ser \u00e4r att vi f\u00e5tt mera nederb\u00f6rd \u00e4n genomsnittet f\u00f6r den aktuella referensperioden. Genomsnittet ligger p\u00e5 417 mm, och vi har kommit upp i 500 mm nu. <\/p>\n\n\n\n<figure class=\"wp-block-image size-large\"><img loading=\"lazy\" decoding=\"async\" width=\"1024\" height=\"368\" src=\"https:\/\/media1.jensgustafsson.se\/2021\/10\/image-14-1024x368.png\" alt=\"\" class=\"wp-image-22298\" srcset=\"https:\/\/media1.jensgustafsson.se\/2021\/10\/image-14-1024x368.png 1024w, https:\/\/media1.jensgustafsson.se\/2021\/10\/image-14-300x108.png 300w, https:\/\/media1.jensgustafsson.se\/2021\/10\/image-14-768x276.png 768w, https:\/\/media1.jensgustafsson.se\/2021\/10\/image-14-500x180.png 500w, https:\/\/media1.jensgustafsson.se\/2021\/10\/image-14.png 1035w\" sizes=\"auto, (max-width: 1024px) 100vw, 1024px\" \/><\/figure>\n\n\n\n<p class=\"has-blue-color has-light-gray-background-color has-text-color has-background has-medium-font-size\">Medeltemperaturen efter 9 m\u00e5nader \u00e4r tillbaka p\u00e5 niv\u00e5er vi hade innan de avvikande varma \u00e5ren 2018, 2019 och 2020. Genomsnittlig medeltemperatur f\u00f6r perioden 1991-2020 \u00e4r 8,8 grader. Stapeldiagrammet nedan visar hur variationerna varit genom de angivna \u00e5ren.<\/p>\n\n\n\n<figure class=\"wp-block-image size-large\"><img loading=\"lazy\" decoding=\"async\" width=\"1024\" height=\"383\" src=\"https:\/\/media1.jensgustafsson.se\/2021\/10\/image-16-1024x383.png\" alt=\"\" class=\"wp-image-22300\" srcset=\"https:\/\/media1.jensgustafsson.se\/2021\/10\/image-16-1024x383.png 1024w, https:\/\/media1.jensgustafsson.se\/2021\/10\/image-16-300x112.png 300w, https:\/\/media1.jensgustafsson.se\/2021\/10\/image-16-768x287.png 768w, https:\/\/media1.jensgustafsson.se\/2021\/10\/image-16-500x187.png 500w, https:\/\/media1.jensgustafsson.se\/2021\/10\/image-16.png 1042w\" sizes=\"auto, (max-width: 1024px) 100vw, 1024px\" \/><\/figure>\n","protected":false},"excerpt":{"rendered":"<p>M\u00e5naden b\u00f6rjade med varmt och torrt v\u00e4der. Den 10:e hade vi h\u00f6gsommarv\u00e4rme , men d\u00e4refter s\u00e5 dalade temperaturen efterhand som vi ser i diagrammet ovan. N\u00e4tterna har varit f\u00f6rh\u00e5llandevis milda, men tre n\u00e4tter har varit kyliga, och d\u00e5 har vi &hellip; <a href=\"https:\/\/jensgustafsson.se\/?page_id=22267\">Forts\u00e4tt l\u00e4sa <span class=\"meta-nav\">&rarr;<\/span><\/a><\/p>\n","protected":false},"author":1,"featured_media":22307,"parent":19700,"menu_order":9,"comment_status":"open","ping_status":"closed","template":"","meta":{"footnotes":""},"class_list":["post-22267","page","type-page","status-publish","has-post-thumbnail","hentry"],"_links":{"self":[{"href":"https:\/\/jensgustafsson.se\/index.php?rest_route=\/wp\/v2\/pages\/22267","targetHints":{"allow":["GET"]}}],"collection":[{"href":"https:\/\/jensgustafsson.se\/index.php?rest_route=\/wp\/v2\/pages"}],"about":[{"href":"https:\/\/jensgustafsson.se\/index.php?rest_route=\/wp\/v2\/types\/page"}],"author":[{"embeddable":true,"href":"https:\/\/jensgustafsson.se\/index.php?rest_route=\/wp\/v2\/users\/1"}],"replies":[{"embeddable":true,"href":"https:\/\/jensgustafsson.se\/index.php?rest_route=%2Fwp%2Fv2%2Fcomments&post=22267"}],"version-history":[{"count":10,"href":"https:\/\/jensgustafsson.se\/index.php?rest_route=\/wp\/v2\/pages\/22267\/revisions"}],"predecessor-version":[{"id":22306,"href":"https:\/\/jensgustafsson.se\/index.php?rest_route=\/wp\/v2\/pages\/22267\/revisions\/22306"}],"up":[{"embeddable":true,"href":"https:\/\/jensgustafsson.se\/index.php?rest_route=\/wp\/v2\/pages\/19700"}],"wp:featuredmedia":[{"embeddable":true,"href":"https:\/\/jensgustafsson.se\/index.php?rest_route=\/wp\/v2\/media\/22307"}],"wp:attachment":[{"href":"https:\/\/jensgustafsson.se\/index.php?rest_route=%2Fwp%2Fv2%2Fmedia&parent=22267"}],"curies":[{"name":"wp","href":"https:\/\/api.w.org\/{rel}","templated":true}]}}