{"id":23140,"date":"2021-12-01T19:03:01","date_gmt":"2021-12-01T18:03:01","guid":{"rendered":"https:\/\/jensgustafsson.se\/?page_id=23140"},"modified":"2021-12-01T19:03:01","modified_gmt":"2021-12-01T18:03:01","slug":"november-2021","status":"publish","type":"page","link":"https:\/\/jensgustafsson.se\/?page_id=23140","title":{"rendered":"November 2021."},"content":{"rendered":"\n<figure class=\"wp-block-image size-large\"><img loading=\"lazy\" decoding=\"async\" width=\"1024\" height=\"683\" src=\"https:\/\/media1.jensgustafsson.se\/2021\/12\/DSC_2551-1024x683.jpg\" alt=\"\" class=\"wp-image-23151\" srcset=\"https:\/\/media1.jensgustafsson.se\/2021\/12\/DSC_2551-1024x683.jpg 1024w, https:\/\/media1.jensgustafsson.se\/2021\/12\/DSC_2551-300x200.jpg 300w, https:\/\/media1.jensgustafsson.se\/2021\/12\/DSC_2551-768x512.jpg 768w, https:\/\/media1.jensgustafsson.se\/2021\/12\/DSC_2551-1536x1024.jpg 1536w, https:\/\/media1.jensgustafsson.se\/2021\/12\/DSC_2551-2048x1365.jpg 2048w, https:\/\/media1.jensgustafsson.se\/2021\/12\/DSC_2551-450x300.jpg 450w\" sizes=\"auto, (max-width: 1024px) 100vw, 1024px\" \/><\/figure>\n\n\n\n<figure class=\"wp-block-image size-large is-resized\"><img loading=\"lazy\" decoding=\"async\" src=\"https:\/\/media1.jensgustafsson.se\/2021\/12\/image-1-1024x448.png\" alt=\"\" class=\"wp-image-23141\" width=\"618\" height=\"270\" srcset=\"https:\/\/media1.jensgustafsson.se\/2021\/12\/image-1-1024x448.png 1024w, https:\/\/media1.jensgustafsson.se\/2021\/12\/image-1-300x131.png 300w, https:\/\/media1.jensgustafsson.se\/2021\/12\/image-1-768x336.png 768w, https:\/\/media1.jensgustafsson.se\/2021\/12\/image-1-500x219.png 500w, https:\/\/media1.jensgustafsson.se\/2021\/12\/image-1.png 1512w\" sizes=\"auto, (max-width: 618px) 100vw, 618px\" \/><\/figure>\n\n\n\n<p class=\"has-blue-color has-light-gray-background-color has-text-color has-background has-medium-font-size\">Novemberm\u00e5naden blev lite mildare j\u00e4mf\u00f6rt med den nu g\u00e4llande referensperioden 1991-2020. Efter en f\u00f6rh\u00e5llandevis mild inledning p\u00e5 m\u00e5naden, s\u00e5 avslutades den kallt med tv\u00e5 isdygn (dygn med medeltemp. under 0 grader). 4,3\u00b0 C blev m\u00e5nadens medeltemperatur, och referensperioden 1991-2020 har en medeltemp. p\u00e5 3,3\u00b0C. Jag redovisar temperatursiffrorna fr\u00e5n loggen p\u00e5 min v\u00e4derstation i november nedan: <\/p>\n\n\n\n<p class=\"has-blue-color has-light-gray-background-color has-text-color has-background has-medium-font-size\">Temperatur (\u00b0C):<br \/>Medel (min+max) 4,3<br \/>Medelminimum 2,2<br \/>Medelmaximum 6,9<br \/>Minimum -9,6 den 30 november.<br \/>Maximum 12,9 den 19 november.<br \/>H\u00f6gsta minimum 8,3 den 19 november.<br \/>L\u00e4gsta maximum -3,2 den 30 november.<br \/>Frostn\u00e4tter: 9<br \/>Isdygn: 2<\/p>\n\n\n\n<p class=\"has-blue-color has-light-gray-background-color has-text-color has-background has-medium-font-size\">F\u00f6r att kunna j\u00e4mf\u00f6ra \u00e5rets novemberm\u00e5nad mot tidigare \u00e5r, s\u00e5 visar jag det i n\u00e5gra diagram nedan, sammanfattade i n\u00e5gra olika referensperioder b\u00e5de p\u00e5 kort och l\u00e5ng sikt. Som vanligt s\u00e5 \u00e4r siffrorna h\u00e4mtade fr\u00e5n SMHI:s till mig n\u00e4rmsta m\u00e4tstationer Blankastr\u00f6m och Drageryd (inaktiva idag) f\u00f6r perioden 1931-2012. Fr\u00e5n 2013 \u00e4r det siffror fr\u00e5n min egna v\u00e4derstation.<\/p>\n\n\n\n<figure class=\"wp-block-image size-large\"><img loading=\"lazy\" decoding=\"async\" width=\"1024\" height=\"475\" src=\"https:\/\/media1.jensgustafsson.se\/2021\/12\/image-2-1024x475.png\" alt=\"\" class=\"wp-image-23142\" srcset=\"https:\/\/media1.jensgustafsson.se\/2021\/12\/image-2-1024x475.png 1024w, https:\/\/media1.jensgustafsson.se\/2021\/12\/image-2-300x139.png 300w, https:\/\/media1.jensgustafsson.se\/2021\/12\/image-2-768x357.png 768w, https:\/\/media1.jensgustafsson.se\/2021\/12\/image-2-500x232.png 500w, https:\/\/media1.jensgustafsson.se\/2021\/12\/image-2.png 1299w\" sizes=\"auto, (max-width: 1024px) 100vw, 1024px\" \/><\/figure>\n\n\n\n<figure class=\"wp-block-image size-large\"><img loading=\"lazy\" decoding=\"async\" width=\"1024\" height=\"385\" src=\"https:\/\/media1.jensgustafsson.se\/2021\/12\/image-3-1024x385.png\" alt=\"\" class=\"wp-image-23143\" srcset=\"https:\/\/media1.jensgustafsson.se\/2021\/12\/image-3-1024x385.png 1024w, https:\/\/media1.jensgustafsson.se\/2021\/12\/image-3-300x113.png 300w, https:\/\/media1.jensgustafsson.se\/2021\/12\/image-3-768x289.png 768w, https:\/\/media1.jensgustafsson.se\/2021\/12\/image-3-1536x578.png 1536w, https:\/\/media1.jensgustafsson.se\/2021\/12\/image-3-500x188.png 500w, https:\/\/media1.jensgustafsson.se\/2021\/12\/image-3.png 1707w\" sizes=\"auto, (max-width: 1024px) 100vw, 1024px\" \/><\/figure>\n\n\n\n<figure class=\"wp-block-image size-large\"><img loading=\"lazy\" decoding=\"async\" width=\"1024\" height=\"607\" src=\"https:\/\/media1.jensgustafsson.se\/2021\/12\/DSC_2604-1024x607.jpg\" alt=\"\" class=\"wp-image-23157\" srcset=\"https:\/\/media1.jensgustafsson.se\/2021\/12\/DSC_2604-1024x607.jpg 1024w, https:\/\/media1.jensgustafsson.se\/2021\/12\/DSC_2604-300x178.jpg 300w, https:\/\/media1.jensgustafsson.se\/2021\/12\/DSC_2604-768x455.jpg 768w, https:\/\/media1.jensgustafsson.se\/2021\/12\/DSC_2604-1536x911.jpg 1536w, https:\/\/media1.jensgustafsson.se\/2021\/12\/DSC_2604-2048x1214.jpg 2048w, https:\/\/media1.jensgustafsson.se\/2021\/12\/DSC_2604-500x296.jpg 500w\" sizes=\"auto, (max-width: 1024px) 100vw, 1024px\" \/><\/figure>\n\n\n\n<figure class=\"wp-block-image size-large is-resized\"><img loading=\"lazy\" decoding=\"async\" src=\"https:\/\/media1.jensgustafsson.se\/2021\/12\/image-4-1024x423.png\" alt=\"\" class=\"wp-image-23144\" width=\"628\" height=\"259\" srcset=\"https:\/\/media1.jensgustafsson.se\/2021\/12\/image-4-1024x423.png 1024w, https:\/\/media1.jensgustafsson.se\/2021\/12\/image-4-300x124.png 300w, https:\/\/media1.jensgustafsson.se\/2021\/12\/image-4-768x317.png 768w, https:\/\/media1.jensgustafsson.se\/2021\/12\/image-4-500x207.png 500w, https:\/\/media1.jensgustafsson.se\/2021\/12\/image-4.png 1038w\" sizes=\"auto, (max-width: 628px) 100vw, 628px\" \/><\/figure>\n\n\n\n<p class=\"has-blue-color has-light-gray-background-color has-text-color has-background has-medium-font-size\">En nederb\u00f6rdsrik m\u00e5nad har det varit. 84 mm har vi f\u00e5tt totalt, och den har fallit p\u00e5 17 dygn av m\u00e5nadens 30 dygn totalt. Vi fick ju sn\u00f6 i slutet p\u00e5 m\u00e5naden, och det har varit sn\u00f6t\u00e4cke de sista 4 dagarna, varav m\u00e4tbart djup 2 dagar. Som mest hade vi ca 9 cm djupt sn\u00f6t\u00e4cke, men de sista dagarna var det inte sammanh\u00e4ngande sn\u00f6t\u00e4cke. I stapeldiagrammen nedan visar jag den genomsnittliga nederb\u00f6rdsm\u00e4ngden i november genom \u00e5ren.<\/p>\n\n\n\n<figure class=\"wp-block-image size-large\"><img loading=\"lazy\" decoding=\"async\" width=\"1024\" height=\"424\" src=\"https:\/\/media1.jensgustafsson.se\/2021\/12\/image-5-1024x424.png\" alt=\"\" class=\"wp-image-23145\" srcset=\"https:\/\/media1.jensgustafsson.se\/2021\/12\/image-5-1024x424.png 1024w, https:\/\/media1.jensgustafsson.se\/2021\/12\/image-5-300x124.png 300w, https:\/\/media1.jensgustafsson.se\/2021\/12\/image-5-768x318.png 768w, https:\/\/media1.jensgustafsson.se\/2021\/12\/image-5-500x207.png 500w, https:\/\/media1.jensgustafsson.se\/2021\/12\/image-5.png 1307w\" sizes=\"auto, (max-width: 1024px) 100vw, 1024px\" \/><\/figure>\n\n\n\n<figure class=\"wp-block-image size-large\"><img loading=\"lazy\" decoding=\"async\" width=\"1024\" height=\"366\" src=\"https:\/\/media1.jensgustafsson.se\/2021\/12\/image-6-1024x366.png\" alt=\"\" class=\"wp-image-23146\" srcset=\"https:\/\/media1.jensgustafsson.se\/2021\/12\/image-6-1024x366.png 1024w, https:\/\/media1.jensgustafsson.se\/2021\/12\/image-6-300x107.png 300w, https:\/\/media1.jensgustafsson.se\/2021\/12\/image-6-768x275.png 768w, https:\/\/media1.jensgustafsson.se\/2021\/12\/image-6-1536x550.png 1536w, https:\/\/media1.jensgustafsson.se\/2021\/12\/image-6-500x179.png 500w, https:\/\/media1.jensgustafsson.se\/2021\/12\/image-6.png 1607w\" sizes=\"auto, (max-width: 1024px) 100vw, 1024px\" \/><\/figure>\n\n\n\n<figure class=\"wp-block-image size-large\"><img loading=\"lazy\" decoding=\"async\" width=\"1024\" height=\"683\" src=\"https:\/\/media1.jensgustafsson.se\/2021\/12\/DSC_2639-1024x683.jpg\" alt=\"\" class=\"wp-image-23153\" srcset=\"https:\/\/media1.jensgustafsson.se\/2021\/12\/DSC_2639-1024x683.jpg 1024w, https:\/\/media1.jensgustafsson.se\/2021\/12\/DSC_2639-300x200.jpg 300w, https:\/\/media1.jensgustafsson.se\/2021\/12\/DSC_2639-768x512.jpg 768w, https:\/\/media1.jensgustafsson.se\/2021\/12\/DSC_2639-1536x1024.jpg 1536w, https:\/\/media1.jensgustafsson.se\/2021\/12\/DSC_2639-2048x1365.jpg 2048w, https:\/\/media1.jensgustafsson.se\/2021\/12\/DSC_2639-450x300.jpg 450w\" sizes=\"auto, (max-width: 1024px) 100vw, 1024px\" \/><\/figure>\n\n\n\n<figure class=\"wp-block-image size-large\"><img loading=\"lazy\" decoding=\"async\" width=\"1024\" height=\"456\" src=\"https:\/\/media1.jensgustafsson.se\/2021\/12\/image-7-1024x456.png\" alt=\"\" class=\"wp-image-23147\" srcset=\"https:\/\/media1.jensgustafsson.se\/2021\/12\/image-7-1024x456.png 1024w, https:\/\/media1.jensgustafsson.se\/2021\/12\/image-7-300x134.png 300w, https:\/\/media1.jensgustafsson.se\/2021\/12\/image-7-768x342.png 768w, https:\/\/media1.jensgustafsson.se\/2021\/12\/image-7-500x223.png 500w, https:\/\/media1.jensgustafsson.se\/2021\/12\/image-7.png 1327w\" sizes=\"auto, (max-width: 1024px) 100vw, 1024px\" \/><\/figure>\n\n\n\n<p class=\"has-blue-color has-light-gray-background-color has-text-color has-background has-medium-font-size\">Staplarna ovan visar den dominerande vindriktningarna dygnsvis under m\u00e5naden. \u00c5terigen \u00e4r det den v\u00e4nstra delen p\u00e5 kompassrosen (S, SV, V, NV och N) som vinden har bl\u00e5st fr\u00e5n. &nbsp;Genomsnittet p\u00e5 maxvinden i november blev cirka 7 m\/s.<\/p>\n\n\n\n<figure class=\"wp-block-image size-large\"><img loading=\"lazy\" decoding=\"async\" width=\"1024\" height=\"683\" src=\"https:\/\/media1.jensgustafsson.se\/2021\/12\/DSC_3248-1024x683.jpg\" alt=\"\" class=\"wp-image-23154\" srcset=\"https:\/\/media1.jensgustafsson.se\/2021\/12\/DSC_3248-1024x683.jpg 1024w, https:\/\/media1.jensgustafsson.se\/2021\/12\/DSC_3248-300x200.jpg 300w, https:\/\/media1.jensgustafsson.se\/2021\/12\/DSC_3248-768x512.jpg 768w, https:\/\/media1.jensgustafsson.se\/2021\/12\/DSC_3248-1536x1024.jpg 1536w, https:\/\/media1.jensgustafsson.se\/2021\/12\/DSC_3248-2048x1365.jpg 2048w, https:\/\/media1.jensgustafsson.se\/2021\/12\/DSC_3248-450x300.jpg 450w\" sizes=\"auto, (max-width: 1024px) 100vw, 1024px\" \/><\/figure>\n\n\n\n<p class=\"has-blue-color has-light-gray-background-color has-text-color has-background has-medium-font-size\">Nu n\u00e4r jag skriver detta (kv\u00e4llen 1 december), s\u00e5 sn\u00f6ar det och bl\u00e5ser ute. 4 minusgrader p\u00e5 termometern, och kylan f\u00f6rv\u00e4ntas h\u00e4nga i minst en vecka fram\u00f6ver. Forts\u00e4ttning f\u00f6ljer i v\u00e4derdokumentationen.<\/p>\n","protected":false},"excerpt":{"rendered":"<p>Novemberm\u00e5naden blev lite mildare j\u00e4mf\u00f6rt med den nu g\u00e4llande referensperioden 1991-2020. Efter en f\u00f6rh\u00e5llandevis mild inledning p\u00e5 m\u00e5naden, s\u00e5 avslutades den kallt med tv\u00e5 isdygn (dygn med medeltemp. under 0 grader). 4,3\u00b0 C blev m\u00e5nadens medeltemperatur, och referensperioden 1991-2020 har &hellip; <a href=\"https:\/\/jensgustafsson.se\/?page_id=23140\">Forts\u00e4tt l\u00e4sa <span class=\"meta-nav\">&rarr;<\/span><\/a><\/p>\n","protected":false},"author":1,"featured_media":23057,"parent":19700,"menu_order":11,"comment_status":"closed","ping_status":"closed","template":"","meta":{"footnotes":""},"class_list":["post-23140","page","type-page","status-publish","has-post-thumbnail","hentry"],"_links":{"self":[{"href":"https:\/\/jensgustafsson.se\/index.php?rest_route=\/wp\/v2\/pages\/23140","targetHints":{"allow":["GET"]}}],"collection":[{"href":"https:\/\/jensgustafsson.se\/index.php?rest_route=\/wp\/v2\/pages"}],"about":[{"href":"https:\/\/jensgustafsson.se\/index.php?rest_route=\/wp\/v2\/types\/page"}],"author":[{"embeddable":true,"href":"https:\/\/jensgustafsson.se\/index.php?rest_route=\/wp\/v2\/users\/1"}],"replies":[{"embeddable":true,"href":"https:\/\/jensgustafsson.se\/index.php?rest_route=%2Fwp%2Fv2%2Fcomments&post=23140"}],"version-history":[{"count":3,"href":"https:\/\/jensgustafsson.se\/index.php?rest_route=\/wp\/v2\/pages\/23140\/revisions"}],"predecessor-version":[{"id":23158,"href":"https:\/\/jensgustafsson.se\/index.php?rest_route=\/wp\/v2\/pages\/23140\/revisions\/23158"}],"up":[{"embeddable":true,"href":"https:\/\/jensgustafsson.se\/index.php?rest_route=\/wp\/v2\/pages\/19700"}],"wp:featuredmedia":[{"embeddable":true,"href":"https:\/\/jensgustafsson.se\/index.php?rest_route=\/wp\/v2\/media\/23057"}],"wp:attachment":[{"href":"https:\/\/jensgustafsson.se\/index.php?rest_route=%2Fwp%2Fv2%2Fmedia&parent=23140"}],"curies":[{"name":"wp","href":"https:\/\/api.w.org\/{rel}","templated":true}]}}