{"id":23412,"date":"2022-01-01T09:10:20","date_gmt":"2022-01-01T08:10:20","guid":{"rendered":"https:\/\/jensgustafsson.se\/?page_id=23412"},"modified":"2022-01-01T18:57:15","modified_gmt":"2022-01-01T17:57:15","slug":"december-2021","status":"publish","type":"page","link":"https:\/\/jensgustafsson.se\/?page_id=23412","title":{"rendered":"December 2021."},"content":{"rendered":"\n<figure class=\"wp-block-image size-large\"><img loading=\"lazy\" decoding=\"async\" width=\"1024\" height=\"683\" src=\"https:\/\/media1.jensgustafsson.se\/2022\/01\/DSC_3415-1024x683.jpg\" alt=\"\" class=\"wp-image-23428\" srcset=\"https:\/\/media1.jensgustafsson.se\/2022\/01\/DSC_3415-1024x683.jpg 1024w, https:\/\/media1.jensgustafsson.se\/2022\/01\/DSC_3415-300x200.jpg 300w, https:\/\/media1.jensgustafsson.se\/2022\/01\/DSC_3415-768x512.jpg 768w, https:\/\/media1.jensgustafsson.se\/2022\/01\/DSC_3415-1536x1024.jpg 1536w, https:\/\/media1.jensgustafsson.se\/2022\/01\/DSC_3415-2048x1365.jpg 2048w, https:\/\/media1.jensgustafsson.se\/2022\/01\/DSC_3415-450x300.jpg 450w\" sizes=\"auto, (max-width: 1024px) 100vw, 1024px\" \/><\/figure>\n\n\n\n<figure class=\"wp-block-image size-large\"><img loading=\"lazy\" decoding=\"async\" width=\"1024\" height=\"451\" src=\"https:\/\/media1.jensgustafsson.se\/2022\/01\/image-8-1024x451.png\" alt=\"\" class=\"wp-image-23436\" srcset=\"https:\/\/media1.jensgustafsson.se\/2022\/01\/image-8-1024x451.png 1024w, https:\/\/media1.jensgustafsson.se\/2022\/01\/image-8-300x132.png 300w, https:\/\/media1.jensgustafsson.se\/2022\/01\/image-8-768x338.png 768w, https:\/\/media1.jensgustafsson.se\/2022\/01\/image-8-500x220.png 500w, https:\/\/media1.jensgustafsson.se\/2022\/01\/image-8.png 1410w\" sizes=\"auto, (max-width: 1024px) 100vw, 1024px\" \/><figcaption>  <strong><em>K\u00e4lla: Min v\u00e4derstation<\/em><\/strong>  <\/figcaption><\/figure>\n\n\n\n<p class=\"has-blue-color has-light-gray-background-color has-text-color has-background has-medium-font-size\">Det h\u00e4r \u00e5rets decemberm\u00e5nad blev trots inslag av riktigt milt v\u00e4der i mitten p\u00e5 m\u00e5naden, och de sista dagarna, en kall m\u00e5nad. Medeltemperaturen blev -2,7\u00b0, och s\u00e5 kall decemberm\u00e5nad har vi inte haft sedan 2012. F\u00f6rra \u00e5rets (2020) december var riktigt mild ist\u00e4llet, och d\u00e5 blev medeltemperaturen +3,0\u00b0, allts\u00e5 n\u00e4stan 6\u00b0 varmare \u00e4n i \u00e5r. \u00c5rets december blev 2,8\u00b0 kallare  j\u00e4mf\u00f6rt med nu g\u00e4llande referensperiod 1991-2020. F\u00f6r att j\u00e4mf\u00f6ra lite mera, s\u00e5 har jag som vanligt lagt in j\u00e4mf\u00f6relser i diagram nedan, d\u00e4r man ser \u00e5rets december mot olika referensperioder \u00f6ver tiden 1931-2020. K\u00e4llor till mina siffror h\u00e4r \u00e4r h\u00e4mtade fr\u00e5n SMHI:s m\u00e4tstationer Blankastr\u00f6m och Drageryd f\u00f6r \u00e5ren 1931-2012. Dessa b\u00e4gge stationer ligger inom en radie av ca 5 km fr\u00e5n F\u00e5gelfors. Ingen av dem \u00e4r i drift idag. Fr.o.m. 2013 \u00e4r det siffror fr\u00e5n min privata v\u00e4derstation h\u00e4r i F\u00e5gelfors i \u00f6stra Sm\u00e5land. <\/p>\n\n\n\n<figure class=\"wp-block-image size-large is-resized\"><img loading=\"lazy\" decoding=\"async\" src=\"https:\/\/media1.jensgustafsson.se\/2022\/01\/image-1-1024x439.png\" alt=\"\" class=\"wp-image-23415\" width=\"653\" height=\"280\" srcset=\"https:\/\/media1.jensgustafsson.se\/2022\/01\/image-1-1024x439.png 1024w, https:\/\/media1.jensgustafsson.se\/2022\/01\/image-1-300x129.png 300w, https:\/\/media1.jensgustafsson.se\/2022\/01\/image-1-768x330.png 768w, https:\/\/media1.jensgustafsson.se\/2022\/01\/image-1-500x215.png 500w, https:\/\/media1.jensgustafsson.se\/2022\/01\/image-1.png 1419w\" sizes=\"auto, (max-width: 653px) 100vw, 653px\" \/><figcaption><strong><em>K\u00e4llor: 1931-2012, SMHI:s m\u00e4tstationer Blankastr\u00f6m och Drageryd. Fr.o.m. 2013 \u00e4r det siffror fr\u00e5n min privata v\u00e4derstation.<\/em><\/strong><\/figcaption><\/figure>\n\n\n\n<figure class=\"wp-block-image size-large\"><img loading=\"lazy\" decoding=\"async\" width=\"1024\" height=\"360\" src=\"https:\/\/media1.jensgustafsson.se\/2022\/01\/image-2-1024x360.png\" alt=\"\" class=\"wp-image-23416\" srcset=\"https:\/\/media1.jensgustafsson.se\/2022\/01\/image-2-1024x360.png 1024w, https:\/\/media1.jensgustafsson.se\/2022\/01\/image-2-300x105.png 300w, https:\/\/media1.jensgustafsson.se\/2022\/01\/image-2-768x270.png 768w, https:\/\/media1.jensgustafsson.se\/2022\/01\/image-2-1536x540.png 1536w, https:\/\/media1.jensgustafsson.se\/2022\/01\/image-2-500x176.png 500w, https:\/\/media1.jensgustafsson.se\/2022\/01\/image-2.png 1826w\" sizes=\"auto, (max-width: 1024px) 100vw, 1024px\" \/><figcaption> <strong><em>K\u00e4llor: 1931-2012, SMHI:s m\u00e4tstationer Blankastr\u00f6m och Drageryd. Fr.o.m. 2013 \u00e4r det siffror fr\u00e5n min privata v\u00e4derstation.<\/em><\/strong> <\/figcaption><\/figure>\n\n\n\n<p class=\"has-blue-color has-light-gray-background-color has-text-color has-background has-medium-font-size\">Nedan presenterar jag ett utdrag fr\u00e5n loggen p\u00e5 v\u00e4derstationen som visar lite temperatursiffror fr\u00e5n \u00e5rets decemberm\u00e5nad:<\/p>\n\n\n\n<p class=\"has-blue-color has-light-gray-background-color has-text-color has-background has-medium-font-size\">Temperatur (\u00b0C):<br \/>Medel -2,7<br \/>Medelminimum -5,3<br \/>Medelmaximum -0,6<br \/>Minimum -16,7 den 7 december<br \/>Maximum 7,9 den 31 december<br \/>H\u00f6gsta minimum 5,1 den 31 december<br \/>L\u00e4gsta maximum -8,1 den 27 december<br \/>Frostn\u00e4tter: 11<br \/>Isdygn: 16<\/p>\n\n\n\n<figure class=\"wp-block-image size-large\"><img loading=\"lazy\" decoding=\"async\" width=\"1024\" height=\"602\" src=\"https:\/\/media1.jensgustafsson.se\/2022\/01\/DSC_3471-2-1024x602.jpg\" alt=\"\" class=\"wp-image-23429\" srcset=\"https:\/\/media1.jensgustafsson.se\/2022\/01\/DSC_3471-2-1024x602.jpg 1024w, https:\/\/media1.jensgustafsson.se\/2022\/01\/DSC_3471-2-300x176.jpg 300w, https:\/\/media1.jensgustafsson.se\/2022\/01\/DSC_3471-2-768x452.jpg 768w, https:\/\/media1.jensgustafsson.se\/2022\/01\/DSC_3471-2-1536x903.jpg 1536w, https:\/\/media1.jensgustafsson.se\/2022\/01\/DSC_3471-2-2048x1204.jpg 2048w, https:\/\/media1.jensgustafsson.se\/2022\/01\/DSC_3471-2-500x294.jpg 500w\" sizes=\"auto, (max-width: 1024px) 100vw, 1024px\" \/><\/figure>\n\n\n\n<figure class=\"wp-block-image size-large is-resized\"><img loading=\"lazy\" decoding=\"async\" src=\"https:\/\/media1.jensgustafsson.se\/2022\/01\/image-3-1024x434.png\" alt=\"\" class=\"wp-image-23419\" width=\"647\" height=\"274\" srcset=\"https:\/\/media1.jensgustafsson.se\/2022\/01\/image-3-1024x434.png 1024w, https:\/\/media1.jensgustafsson.se\/2022\/01\/image-3-300x127.png 300w, https:\/\/media1.jensgustafsson.se\/2022\/01\/image-3-768x326.png 768w, https:\/\/media1.jensgustafsson.se\/2022\/01\/image-3-500x212.png 500w, https:\/\/media1.jensgustafsson.se\/2022\/01\/image-3.png 1184w\" sizes=\"auto, (max-width: 647px) 100vw, 647px\" \/><figcaption> <strong><em>K\u00e4lla: Min v\u00e4derstation<\/em><\/strong> <\/figcaption><\/figure>\n\n\n\n<p class=\"has-blue-color has-light-gray-background-color has-text-color has-background has-medium-font-size\">Nederb\u00f6rd har vi f\u00e5tt 52 mm under m\u00e5naden, f\u00f6rdelat \u00f6ver 13 dagar, som vi ser ovan i stapeldiagrammet. Det mesta har fallit som sn\u00f6, och vi har haft m\u00e4tbart sn\u00f6djup under 23 dagar. Det st\u00f6rsta sn\u00f6djupet under m\u00e5naden m\u00e4tte jag till ca 30 cm, och vi hade en vacker sn\u00f6prydd natur under en period. 6 dagar har det varit sn\u00f6, men inte sammanh\u00e4ngande sn\u00f6t\u00e4cke och d\u00e4rf\u00f6r inte m\u00e4tbart. Sista dagen i m\u00e5naden var det i princip barmark, bara lite plogvallar. Nederb\u00f6rdsm\u00e4ngden i m\u00e5naden var ganska vanligt (aningen mera) mot vad vi brukar f\u00e5 i december, och jag visar det i n\u00e5gra olika diagram nedan, s\u00e5 vi kan j\u00e4mf\u00f6ra.<\/p>\n\n\n\n<figure class=\"wp-block-image size-large is-resized\"><img loading=\"lazy\" decoding=\"async\" src=\"https:\/\/media1.jensgustafsson.se\/2022\/01\/image-4-1024x378.png\" alt=\"\" class=\"wp-image-23421\" width=\"675\" height=\"249\" srcset=\"https:\/\/media1.jensgustafsson.se\/2022\/01\/image-4-1024x378.png 1024w, https:\/\/media1.jensgustafsson.se\/2022\/01\/image-4-300x111.png 300w, https:\/\/media1.jensgustafsson.se\/2022\/01\/image-4-768x283.png 768w, https:\/\/media1.jensgustafsson.se\/2022\/01\/image-4-500x185.png 500w, https:\/\/media1.jensgustafsson.se\/2022\/01\/image-4.png 1428w\" sizes=\"auto, (max-width: 675px) 100vw, 675px\" \/><figcaption>   <strong><em>K\u00e4llor: 1931-2012, SMHI:s m\u00e4tstationer Blankastr\u00f6m och Drageryd. Fr.o.m. 2013 \u00e4r det siffror fr\u00e5n min privata v\u00e4derstation.<\/em><\/strong>   <\/figcaption><\/figure>\n\n\n\n<figure class=\"wp-block-image size-large is-resized\"><img loading=\"lazy\" decoding=\"async\" src=\"https:\/\/media1.jensgustafsson.se\/2022\/01\/image-5-1024x332.png\" alt=\"\" class=\"wp-image-23422\" width=\"659\" height=\"214\" srcset=\"https:\/\/media1.jensgustafsson.se\/2022\/01\/image-5-1024x332.png 1024w, https:\/\/media1.jensgustafsson.se\/2022\/01\/image-5-300x97.png 300w, https:\/\/media1.jensgustafsson.se\/2022\/01\/image-5-768x249.png 768w, https:\/\/media1.jensgustafsson.se\/2022\/01\/image-5-1536x498.png 1536w, https:\/\/media1.jensgustafsson.se\/2022\/01\/image-5-500x162.png 500w, https:\/\/media1.jensgustafsson.se\/2022\/01\/image-5.png 1727w\" sizes=\"auto, (max-width: 659px) 100vw, 659px\" \/><figcaption>   <strong><em>K\u00e4llor: 1931-2012, SMHI:s m\u00e4tstationer Blankastr\u00f6m och Drageryd. Fr.o.m. 2013 \u00e4r det siffror fr\u00e5n min privata v\u00e4derstation.<\/em><\/strong>   <\/figcaption><\/figure>\n\n\n\n<figure class=\"wp-block-image size-large\"><img loading=\"lazy\" decoding=\"async\" width=\"1024\" height=\"669\" src=\"https:\/\/media1.jensgustafsson.se\/2022\/01\/DSC_3720-1024x669.jpg\" alt=\"\" class=\"wp-image-23430\" srcset=\"https:\/\/media1.jensgustafsson.se\/2022\/01\/DSC_3720-1024x669.jpg 1024w, https:\/\/media1.jensgustafsson.se\/2022\/01\/DSC_3720-300x196.jpg 300w, https:\/\/media1.jensgustafsson.se\/2022\/01\/DSC_3720-768x502.jpg 768w, https:\/\/media1.jensgustafsson.se\/2022\/01\/DSC_3720-1536x1003.jpg 1536w, https:\/\/media1.jensgustafsson.se\/2022\/01\/DSC_3720-2048x1338.jpg 2048w, https:\/\/media1.jensgustafsson.se\/2022\/01\/DSC_3720-459x300.jpg 459w\" sizes=\"auto, (max-width: 1024px) 100vw, 1024px\" \/><\/figure>\n\n\n\n<figure class=\"wp-block-image size-large\"><img loading=\"lazy\" decoding=\"async\" width=\"1024\" height=\"407\" src=\"https:\/\/media1.jensgustafsson.se\/2022\/01\/image-6-1024x407.png\" alt=\"\" class=\"wp-image-23423\" srcset=\"https:\/\/media1.jensgustafsson.se\/2022\/01\/image-6-1024x407.png 1024w, https:\/\/media1.jensgustafsson.se\/2022\/01\/image-6-300x119.png 300w, https:\/\/media1.jensgustafsson.se\/2022\/01\/image-6-768x305.png 768w, https:\/\/media1.jensgustafsson.se\/2022\/01\/image-6-500x199.png 500w, https:\/\/media1.jensgustafsson.se\/2022\/01\/image-6.png 1448w\" sizes=\"auto, (max-width: 1024px) 100vw, 1024px\" \/><figcaption>  <strong><em>K\u00e4lla: Min v\u00e4derstation<\/em><\/strong>  <\/figcaption><\/figure>\n\n\n\n<p class=\"has-blue-color has-light-gray-background-color has-text-color has-background has-medium-font-size\">Staplarna ovan visar den dominerande vindriktningarna dygnsvis under m\u00e5naden. Genomsnittet p\u00e5 maxvinden i december blev cirka 5 m\/s.<\/p>\n\n\n\n<figure class=\"wp-block-image size-large\"><img loading=\"lazy\" decoding=\"async\" width=\"1024\" height=\"683\" src=\"https:\/\/media1.jensgustafsson.se\/2022\/01\/DSC_3497-1024x683.jpg\" alt=\"\" class=\"wp-image-23431\" srcset=\"https:\/\/media1.jensgustafsson.se\/2022\/01\/DSC_3497-1024x683.jpg 1024w, https:\/\/media1.jensgustafsson.se\/2022\/01\/DSC_3497-300x200.jpg 300w, https:\/\/media1.jensgustafsson.se\/2022\/01\/DSC_3497-768x512.jpg 768w, https:\/\/media1.jensgustafsson.se\/2022\/01\/DSC_3497-1536x1024.jpg 1536w, https:\/\/media1.jensgustafsson.se\/2022\/01\/DSC_3497-2048x1365.jpg 2048w, https:\/\/media1.jensgustafsson.se\/2022\/01\/DSC_3497-450x300.jpg 450w\" sizes=\"auto, (max-width: 1024px) 100vw, 1024px\" \/><\/figure>\n\n\n\n<p class=\"has-blue-color has-light-gray-background-color has-text-color has-background has-medium-font-size\">D\u00e4rmed s\u00e5 var 2021 slut, och jag ska g\u00f6ra en sammanst\u00e4llning fram\u00f6ver, p\u00e5 hur \u00e5ret sett ut v\u00e4derm\u00e4ssigt. Intressant att f\u00f6lja v\u00e4drets sv\u00e4ngningar under \u00e5ren, j\u00e4mf\u00f6ra och se vad som h\u00e4nder.<\/p>\n","protected":false},"excerpt":{"rendered":"<p>Det h\u00e4r \u00e5rets decemberm\u00e5nad blev trots inslag av riktigt milt v\u00e4der i mitten p\u00e5 m\u00e5naden, och de sista dagarna, en kall m\u00e5nad. Medeltemperaturen blev -2,7\u00b0, och s\u00e5 kall decemberm\u00e5nad har vi inte haft sedan 2012. F\u00f6rra \u00e5rets (2020) december var &hellip; <a href=\"https:\/\/jensgustafsson.se\/?page_id=23412\">Forts\u00e4tt l\u00e4sa <span class=\"meta-nav\">&rarr;<\/span><\/a><\/p>\n","protected":false},"author":1,"featured_media":23427,"parent":19700,"menu_order":12,"comment_status":"open","ping_status":"closed","template":"","meta":{"footnotes":""},"class_list":["post-23412","page","type-page","status-publish","has-post-thumbnail","hentry"],"_links":{"self":[{"href":"https:\/\/jensgustafsson.se\/index.php?rest_route=\/wp\/v2\/pages\/23412","targetHints":{"allow":["GET"]}}],"collection":[{"href":"https:\/\/jensgustafsson.se\/index.php?rest_route=\/wp\/v2\/pages"}],"about":[{"href":"https:\/\/jensgustafsson.se\/index.php?rest_route=\/wp\/v2\/types\/page"}],"author":[{"embeddable":true,"href":"https:\/\/jensgustafsson.se\/index.php?rest_route=\/wp\/v2\/users\/1"}],"replies":[{"embeddable":true,"href":"https:\/\/jensgustafsson.se\/index.php?rest_route=%2Fwp%2Fv2%2Fcomments&post=23412"}],"version-history":[{"count":10,"href":"https:\/\/jensgustafsson.se\/index.php?rest_route=\/wp\/v2\/pages\/23412\/revisions"}],"predecessor-version":[{"id":23444,"href":"https:\/\/jensgustafsson.se\/index.php?rest_route=\/wp\/v2\/pages\/23412\/revisions\/23444"}],"up":[{"embeddable":true,"href":"https:\/\/jensgustafsson.se\/index.php?rest_route=\/wp\/v2\/pages\/19700"}],"wp:featuredmedia":[{"embeddable":true,"href":"https:\/\/jensgustafsson.se\/index.php?rest_route=\/wp\/v2\/media\/23427"}],"wp:attachment":[{"href":"https:\/\/jensgustafsson.se\/index.php?rest_route=%2Fwp%2Fv2%2Fmedia&parent=23412"}],"curies":[{"name":"wp","href":"https:\/\/api.w.org\/{rel}","templated":true}]}}