{"id":23749,"date":"2022-02-03T17:33:26","date_gmt":"2022-02-03T16:33:26","guid":{"rendered":"https:\/\/jensgustafsson.se\/?page_id=23749"},"modified":"2022-02-04T05:50:05","modified_gmt":"2022-02-04T04:50:05","slug":"januari-2022","status":"publish","type":"page","link":"https:\/\/jensgustafsson.se\/?page_id=23749","title":{"rendered":"Januari 2022."},"content":{"rendered":"\n<figure class=\"wp-block-image size-large\"><img loading=\"lazy\" decoding=\"async\" width=\"1024\" height=\"683\" src=\"https:\/\/media1.jensgustafsson.se\/2022\/02\/DSC_4569-1024x683.jpg\" alt=\"\" class=\"wp-image-23783\" srcset=\"https:\/\/media1.jensgustafsson.se\/2022\/02\/DSC_4569-1024x683.jpg 1024w, https:\/\/media1.jensgustafsson.se\/2022\/02\/DSC_4569-300x200.jpg 300w, https:\/\/media1.jensgustafsson.se\/2022\/02\/DSC_4569-768x512.jpg 768w, https:\/\/media1.jensgustafsson.se\/2022\/02\/DSC_4569-1536x1024.jpg 1536w, https:\/\/media1.jensgustafsson.se\/2022\/02\/DSC_4569-2048x1365.jpg 2048w, https:\/\/media1.jensgustafsson.se\/2022\/02\/DSC_4569-450x300.jpg 450w\" sizes=\"auto, (max-width: 1024px) 100vw, 1024px\" \/><figcaption><strong>7:e januari vid Forsaryd.<\/strong><\/figcaption><\/figure>\n\n\n\n<figure class=\"wp-block-image size-large is-resized\"><img loading=\"lazy\" decoding=\"async\" src=\"https:\/\/media1.jensgustafsson.se\/2022\/02\/image-1024x448.png\" alt=\"\" class=\"wp-image-23752\" width=\"688\" height=\"301\" srcset=\"https:\/\/media1.jensgustafsson.se\/2022\/02\/image-1024x448.png 1024w, https:\/\/media1.jensgustafsson.se\/2022\/02\/image-300x131.png 300w, https:\/\/media1.jensgustafsson.se\/2022\/02\/image-768x336.png 768w, https:\/\/media1.jensgustafsson.se\/2022\/02\/image-1536x672.png 1536w, https:\/\/media1.jensgustafsson.se\/2022\/02\/image-500x219.png 500w, https:\/\/media1.jensgustafsson.se\/2022\/02\/image.png 1677w\" sizes=\"auto, (max-width: 688px) 100vw, 688px\" \/><figcaption><strong><em>K\u00e4lla: Min v\u00e4derstation<\/em><\/strong><\/figcaption><\/figure>\n\n\n\n<p class=\"has-blue-color has-light-gray-background-color has-text-color has-background has-medium-font-size\">Vintern kom av sig lite efter den kalla decemberm\u00e5naden. December slutade milt, och januari 2022 inleddes ocks\u00e5 milt. I stapeldiagrammet ovan, kan vi f\u00f6lja min-och maxtemperaturen genom m\u00e5naden. Medeltemperaturen f\u00f6r m\u00e5naden blev +0,8\u00b0C, vilket \u00e4r 2,1\u00b0C h\u00f6gre \u00e4n medeltemperaturen f\u00f6r januari i nuvarande g\u00e4llande referensperiod 1991-2020. Om vi j\u00e4mf\u00f6r \u00e5rets januari mot referensperioden 1961-1990, s\u00e5 blev den 3,8\u00b0C h\u00f6gre, och j\u00e4mf\u00f6rt mot perioden 1931-1960, 4\u00b0C h\u00f6gre. Nedan visar jag ett stapeldiagram \u00f6ver medeltemperaturen i januari under referensperioden 1991-2020, och s\u00e5 har jag lagt till januari 2021 och 2022 d\u00e4r ocks\u00e5. L\u00e4tt \u00f6versk\u00e5dligt att se hur det sv\u00e4ngt upp och ner genom \u00e5ren, och att vi haft b\u00e5de milda och riktigt kalla januarim\u00e5nader genom \u00e5ren i referensperioden.<\/p>\n\n\n\n<figure class=\"wp-block-image size-large is-resized\"><img loading=\"lazy\" decoding=\"async\" src=\"https:\/\/media1.jensgustafsson.se\/2022\/02\/image-1-1024x333.png\" alt=\"\" class=\"wp-image-23758\" width=\"857\" height=\"278\" srcset=\"https:\/\/media1.jensgustafsson.se\/2022\/02\/image-1-1024x333.png 1024w, https:\/\/media1.jensgustafsson.se\/2022\/02\/image-1-300x98.png 300w, https:\/\/media1.jensgustafsson.se\/2022\/02\/image-1-768x250.png 768w, https:\/\/media1.jensgustafsson.se\/2022\/02\/image-1-1536x499.png 1536w, https:\/\/media1.jensgustafsson.se\/2022\/02\/image-1-500x163.png 500w, https:\/\/media1.jensgustafsson.se\/2022\/02\/image-1.png 1886w\" sizes=\"auto, (max-width: 857px) 100vw, 857px\" \/><figcaption><strong><em>K\u00e4llor: 1931-2012, SMHI:s m\u00e4tstationer Blankastr\u00f6m och Drageryd. Fr.o.m. 2013 \u00e4r det siffror fr\u00e5n min privata v\u00e4derstation.<\/em><\/strong><\/figcaption><\/figure>\n\n\n\n<figure class=\"wp-block-image size-large\"><img loading=\"lazy\" decoding=\"async\" width=\"1024\" height=\"683\" src=\"https:\/\/media1.jensgustafsson.se\/2022\/02\/DSC_4659-1024x683.jpg\" alt=\"\" class=\"wp-image-23784\" srcset=\"https:\/\/media1.jensgustafsson.se\/2022\/02\/DSC_4659-1024x683.jpg 1024w, https:\/\/media1.jensgustafsson.se\/2022\/02\/DSC_4659-300x200.jpg 300w, https:\/\/media1.jensgustafsson.se\/2022\/02\/DSC_4659-768x512.jpg 768w, https:\/\/media1.jensgustafsson.se\/2022\/02\/DSC_4659-1536x1024.jpg 1536w, https:\/\/media1.jensgustafsson.se\/2022\/02\/DSC_4659-2048x1365.jpg 2048w, https:\/\/media1.jensgustafsson.se\/2022\/02\/DSC_4659-450x300.jpg 450w\" sizes=\"auto, (max-width: 1024px) 100vw, 1024px\" \/><figcaption><strong>\u00c5forsv\u00e4gen 8:e januari.<\/strong><\/figcaption><\/figure>\n\n\n\n<p class=\"has-blue-color has-light-gray-background-color has-text-color has-background has-medium-font-size\">Nedan redovisar jag lite v\u00e4derdata fr\u00e5n loggningen p\u00e5 min v\u00e4derstation under januari:<\/p>\n\n\n\n<p class=\"has-blue-color has-light-gray-background-color has-text-color has-background has-medium-font-size\">Temperatur (\u00b0C):<br \/>Medel (min+max) 0,8<br \/>Medelminimum -1,9<br \/>Medelmaximum 3,6<br \/>Minimum -9,9 den 11 januari<br \/>Maximum 8,9 den 14 januari<br \/>H\u00f6gsta minimum 2,9 den 14 januari<br \/>L\u00e4gsta maximum -2,2 den 6 januari<br \/>Frostn\u00e4tter: 21, d\u00e4rav 5 isdygn.<\/p>\n\n\n\n<figure class=\"wp-block-image size-large\"><img loading=\"lazy\" decoding=\"async\" width=\"1024\" height=\"682\" src=\"https:\/\/media1.jensgustafsson.se\/2022\/02\/DSC_4674-1024x682.jpg\" alt=\"\" class=\"wp-image-23785\" srcset=\"https:\/\/media1.jensgustafsson.se\/2022\/02\/DSC_4674-1024x682.jpg 1024w, https:\/\/media1.jensgustafsson.se\/2022\/02\/DSC_4674-300x200.jpg 300w, https:\/\/media1.jensgustafsson.se\/2022\/02\/DSC_4674-768x512.jpg 768w, https:\/\/media1.jensgustafsson.se\/2022\/02\/DSC_4674-1536x1024.jpg 1536w, https:\/\/media1.jensgustafsson.se\/2022\/02\/DSC_4674-2048x1365.jpg 2048w, https:\/\/media1.jensgustafsson.se\/2022\/02\/DSC_4674-450x300.jpg 450w\" sizes=\"auto, (max-width: 1024px) 100vw, 1024px\" \/><figcaption><strong>Eken i Lilla Klobo 8:e januari.<\/strong><\/figcaption><\/figure>\n\n\n\n<p class=\"has-blue-color has-light-gray-background-color has-text-color has-background has-medium-font-size\">Nederb\u00f6rd har det varit lite knapert med, 23 mm totalt, vilket \u00e4r 32% mindre j\u00e4mf\u00f6rt med referensperioden 1991-2020., 42% mindre j\u00e4mf\u00f6rt med referensperioden 1961-1990 och 41% mindre j\u00e4mf\u00f6rt mot referensperioden 1931-1960. Nederb\u00f6rden har kommit b\u00e5de som sn\u00f6 och regn under m\u00e5naden. M\u00e4tbart sn\u00f6t\u00e4cke har vi bara haft 6 dygn under januari. Det st\u00f6rsta sn\u00f6djupet var 6 cm i n\u00e5gra dagar runt den 10:e januari. Nedan visar jag nederb\u00f6rden dag f\u00f6r dag under m\u00e5naden.<\/p>\n\n\n\n<figure class=\"wp-block-image size-large is-resized\"><img loading=\"lazy\" decoding=\"async\" src=\"https:\/\/media1.jensgustafsson.se\/2022\/02\/image-2-1024x406.png\" alt=\"\" class=\"wp-image-23760\" width=\"738\" height=\"292\" srcset=\"https:\/\/media1.jensgustafsson.se\/2022\/02\/image-2-1024x406.png 1024w, https:\/\/media1.jensgustafsson.se\/2022\/02\/image-2-300x119.png 300w, https:\/\/media1.jensgustafsson.se\/2022\/02\/image-2-768x305.png 768w, https:\/\/media1.jensgustafsson.se\/2022\/02\/image-2-500x198.png 500w, https:\/\/media1.jensgustafsson.se\/2022\/02\/image-2.png 1422w\" sizes=\"auto, (max-width: 738px) 100vw, 738px\" \/><figcaption><strong><em>K\u00e4lla: Min v\u00e4derstation<\/em><\/strong><\/figcaption><\/figure>\n\n\n\n<p class=\"has-blue-color has-light-gray-background-color has-text-color has-background has-medium-font-size\">Nedan f\u00f6ljer ett stapeldiagram \u00f6ver nederb\u00f6rden under referensperioden 1991-2020, och tillagt \u00e4r ocks\u00e5 \u00e5ren 2021 och 2022.<\/p>\n\n\n\n<figure class=\"wp-block-image size-large is-resized\"><img loading=\"lazy\" decoding=\"async\" src=\"https:\/\/media1.jensgustafsson.se\/2022\/02\/image-3-1024x307.png\" alt=\"\" class=\"wp-image-23761\" width=\"810\" height=\"243\" srcset=\"https:\/\/media1.jensgustafsson.se\/2022\/02\/image-3-1024x307.png 1024w, https:\/\/media1.jensgustafsson.se\/2022\/02\/image-3-300x90.png 300w, https:\/\/media1.jensgustafsson.se\/2022\/02\/image-3-768x230.png 768w, https:\/\/media1.jensgustafsson.se\/2022\/02\/image-3-1536x460.png 1536w, https:\/\/media1.jensgustafsson.se\/2022\/02\/image-3-500x150.png 500w, https:\/\/media1.jensgustafsson.se\/2022\/02\/image-3.png 1834w\" sizes=\"auto, (max-width: 810px) 100vw, 810px\" \/><figcaption><strong><em>K\u00e4llor: 1931-2012, SMHI:s m\u00e4tstationer Blankastr\u00f6m och Drageryd. Fr.o.m. 2013 \u00e4r det siffror fr\u00e5n min privata v\u00e4derstation.<\/em><\/strong><\/figcaption><\/figure>\n\n\n\n<figure class=\"wp-block-image size-large\"><img loading=\"lazy\" decoding=\"async\" width=\"1024\" height=\"683\" src=\"https:\/\/media1.jensgustafsson.se\/2022\/02\/DSC_4739-1024x683.jpg\" alt=\"\" class=\"wp-image-23786\" srcset=\"https:\/\/media1.jensgustafsson.se\/2022\/02\/DSC_4739-1024x683.jpg 1024w, https:\/\/media1.jensgustafsson.se\/2022\/02\/DSC_4739-300x200.jpg 300w, https:\/\/media1.jensgustafsson.se\/2022\/02\/DSC_4739-768x512.jpg 768w, https:\/\/media1.jensgustafsson.se\/2022\/02\/DSC_4739-1536x1024.jpg 1536w, https:\/\/media1.jensgustafsson.se\/2022\/02\/DSC_4739-2048x1365.jpg 2048w, https:\/\/media1.jensgustafsson.se\/2022\/02\/DSC_4739-450x300.jpg 450w\" sizes=\"auto, (max-width: 1024px) 100vw, 1024px\" \/><figcaption><strong>Vid Vecklevad 10:e januari.<\/strong><\/figcaption><\/figure>\n\n\n\n<p class=\"has-blue-color has-light-gray-background-color has-text-color has-background has-medium-font-size\">Vind har det varit gott om under m\u00e5naden. \u00d6verlag har hela m\u00e5naden varit ovanligt bl\u00e5sig. Sl\u00e5r man ut de dagliga maxv\u00e4rdena p\u00e5 vinden \u00f6ver m\u00e5naden, s\u00e5 blev den 9 m\/s Stormen Malik drog fram \u00f6ver oss de sista dagarna i m\u00e5naden. Vi hade inte de v\u00e4rsta vindarna h\u00e4r, var ju orkan p\u00e5 sina st\u00e4llen, men ordentliga stormbyar var det. I stapeldiagrammet nedan ser vi hur vindriktningen varit dygnsvis under m\u00e5naden.<\/p>\n\n\n\n<figure class=\"wp-block-image size-large is-resized\"><img loading=\"lazy\" decoding=\"async\" src=\"https:\/\/media1.jensgustafsson.se\/2022\/02\/image-5-1024x417.png\" alt=\"\" class=\"wp-image-23769\" width=\"669\" height=\"273\" srcset=\"https:\/\/media1.jensgustafsson.se\/2022\/02\/image-5-1024x417.png 1024w, https:\/\/media1.jensgustafsson.se\/2022\/02\/image-5-300x122.png 300w, https:\/\/media1.jensgustafsson.se\/2022\/02\/image-5-768x312.png 768w, https:\/\/media1.jensgustafsson.se\/2022\/02\/image-5-500x203.png 500w, https:\/\/media1.jensgustafsson.se\/2022\/02\/image-5.png 1443w\" sizes=\"auto, (max-width: 669px) 100vw, 669px\" \/><figcaption><strong><em>K\u00e4lla: Min v\u00e4derstation<\/em><\/strong><\/figcaption><\/figure>\n\n\n\n<figure class=\"wp-block-image size-large is-resized\"><img loading=\"lazy\" decoding=\"async\" src=\"https:\/\/media1.jensgustafsson.se\/2022\/02\/DSC_5288-1024x683.jpg\" alt=\"\" class=\"wp-image-23788\" width=\"614\" height=\"409\" srcset=\"https:\/\/media1.jensgustafsson.se\/2022\/02\/DSC_5288-1024x683.jpg 1024w, https:\/\/media1.jensgustafsson.se\/2022\/02\/DSC_5288-300x200.jpg 300w, https:\/\/media1.jensgustafsson.se\/2022\/02\/DSC_5288-768x512.jpg 768w, https:\/\/media1.jensgustafsson.se\/2022\/02\/DSC_5288-1536x1024.jpg 1536w, https:\/\/media1.jensgustafsson.se\/2022\/02\/DSC_5288-2048x1365.jpg 2048w, https:\/\/media1.jensgustafsson.se\/2022\/02\/DSC_5288-450x300.jpg 450w\" sizes=\"auto, (max-width: 614px) 100vw, 614px\" \/><figcaption><strong>Tr\u00e4d som blockerar skogsv\u00e4garna h\u00e4r och d\u00e4r efter stormen Malik.<\/strong><\/figcaption><\/figure>\n\n\n\n<figure class=\"wp-block-image size-large\"><img loading=\"lazy\" decoding=\"async\" width=\"1024\" height=\"683\" src=\"https:\/\/media1.jensgustafsson.se\/2022\/02\/DSC_5233-1024x683.jpg\" alt=\"\" class=\"wp-image-23800\" srcset=\"https:\/\/media1.jensgustafsson.se\/2022\/02\/DSC_5233-1024x683.jpg 1024w, https:\/\/media1.jensgustafsson.se\/2022\/02\/DSC_5233-300x200.jpg 300w, https:\/\/media1.jensgustafsson.se\/2022\/02\/DSC_5233-768x512.jpg 768w, https:\/\/media1.jensgustafsson.se\/2022\/02\/DSC_5233-1536x1024.jpg 1536w, https:\/\/media1.jensgustafsson.se\/2022\/02\/DSC_5233-2048x1365.jpg 2048w, https:\/\/media1.jensgustafsson.se\/2022\/02\/DSC_5233-450x300.jpg 450w\" sizes=\"auto, (max-width: 1024px) 100vw, 1024px\" \/><figcaption><strong>31:e januari tog jag detta foto p\u00e5 sn\u00f6dropparna som \u00e4r p\u00e5 g\u00e5ng.<\/strong><\/figcaption><\/figure>\n\n\n\n<p class=\"has-blue-color has-light-gray-background-color has-text-color has-background has-medium-font-size\">Nu \u00e5terst\u00e5r februari f\u00f6r att kunna sammanfatta vintern 2021\/2022. Det \u00e5terkommer jag om, n\u00e4r vi kommit s\u00e5 l\u00e5ngt.<\/p>\n\n\n\n<p><\/p>\n","protected":false},"excerpt":{"rendered":"<p>Vintern kom av sig lite efter den kalla decemberm\u00e5naden. December slutade milt, och januari 2022 inleddes ocks\u00e5 milt. I stapeldiagrammet ovan, kan vi f\u00f6lja min-och maxtemperaturen genom m\u00e5naden. Medeltemperaturen f\u00f6r m\u00e5naden blev +0,8\u00b0C, vilket \u00e4r 2,1\u00b0C h\u00f6gre \u00e4n medeltemperaturen f\u00f6r &hellip; <a href=\"https:\/\/jensgustafsson.se\/?page_id=23749\">Forts\u00e4tt l\u00e4sa <span class=\"meta-nav\">&rarr;<\/span><\/a><\/p>\n","protected":false},"author":1,"featured_media":23781,"parent":23747,"menu_order":1,"comment_status":"open","ping_status":"closed","template":"","meta":{"footnotes":""},"class_list":["post-23749","page","type-page","status-publish","has-post-thumbnail","hentry"],"_links":{"self":[{"href":"https:\/\/jensgustafsson.se\/index.php?rest_route=\/wp\/v2\/pages\/23749","targetHints":{"allow":["GET"]}}],"collection":[{"href":"https:\/\/jensgustafsson.se\/index.php?rest_route=\/wp\/v2\/pages"}],"about":[{"href":"https:\/\/jensgustafsson.se\/index.php?rest_route=\/wp\/v2\/types\/page"}],"author":[{"embeddable":true,"href":"https:\/\/jensgustafsson.se\/index.php?rest_route=\/wp\/v2\/users\/1"}],"replies":[{"embeddable":true,"href":"https:\/\/jensgustafsson.se\/index.php?rest_route=%2Fwp%2Fv2%2Fcomments&post=23749"}],"version-history":[{"count":20,"href":"https:\/\/jensgustafsson.se\/index.php?rest_route=\/wp\/v2\/pages\/23749\/revisions"}],"predecessor-version":[{"id":23802,"href":"https:\/\/jensgustafsson.se\/index.php?rest_route=\/wp\/v2\/pages\/23749\/revisions\/23802"}],"up":[{"embeddable":true,"href":"https:\/\/jensgustafsson.se\/index.php?rest_route=\/wp\/v2\/pages\/23747"}],"wp:featuredmedia":[{"embeddable":true,"href":"https:\/\/jensgustafsson.se\/index.php?rest_route=\/wp\/v2\/media\/23781"}],"wp:attachment":[{"href":"https:\/\/jensgustafsson.se\/index.php?rest_route=%2Fwp%2Fv2%2Fmedia&parent=23749"}],"curies":[{"name":"wp","href":"https:\/\/api.w.org\/{rel}","templated":true}]}}