{"id":24309,"date":"2022-04-03T07:46:35","date_gmt":"2022-04-03T06:46:35","guid":{"rendered":"https:\/\/jensgustafsson.se\/?page_id=24309"},"modified":"2022-07-02T14:55:40","modified_gmt":"2022-07-02T13:55:40","slug":"mars-2022","status":"publish","type":"page","link":"https:\/\/jensgustafsson.se\/?page_id=24309","title":{"rendered":"Mars 2022."},"content":{"rendered":"\n<figure class=\"wp-block-image size-large\"><img loading=\"lazy\" decoding=\"async\" width=\"1024\" height=\"683\" src=\"https:\/\/media1.jensgustafsson.se\/2022\/04\/DSC_6693-1024x683.jpg\" alt=\"\" class=\"wp-image-24330\" srcset=\"https:\/\/media1.jensgustafsson.se\/2022\/04\/DSC_6693-1024x683.jpg 1024w, https:\/\/media1.jensgustafsson.se\/2022\/04\/DSC_6693-300x200.jpg 300w, https:\/\/media1.jensgustafsson.se\/2022\/04\/DSC_6693-768x512.jpg 768w, https:\/\/media1.jensgustafsson.se\/2022\/04\/DSC_6693-1536x1024.jpg 1536w, https:\/\/media1.jensgustafsson.se\/2022\/04\/DSC_6693-2048x1365.jpg 2048w, https:\/\/media1.jensgustafsson.se\/2022\/04\/DSC_6693-450x300.jpg 450w\" sizes=\"auto, (max-width: 1024px) 100vw, 1024px\" \/><\/figure>\n\n\n\n<figure class=\"wp-block-image size-large is-resized\"><img loading=\"lazy\" decoding=\"async\" src=\"https:\/\/media1.jensgustafsson.se\/2022\/04\/image-2-1024x422.png\" alt=\"\" class=\"wp-image-24318\" width=\"625\" height=\"258\" srcset=\"https:\/\/media1.jensgustafsson.se\/2022\/04\/image-2-1024x422.png 1024w, https:\/\/media1.jensgustafsson.se\/2022\/04\/image-2-300x124.png 300w, https:\/\/media1.jensgustafsson.se\/2022\/04\/image-2-768x316.png 768w, https:\/\/media1.jensgustafsson.se\/2022\/04\/image-2-1536x633.png 1536w, https:\/\/media1.jensgustafsson.se\/2022\/04\/image-2-500x206.png 500w, https:\/\/media1.jensgustafsson.se\/2022\/04\/image-2.png 1677w\" sizes=\"auto, (max-width: 625px) 100vw, 625px\" \/><figcaption><strong><em>K\u00e4lla: Min v\u00e4derstation<\/em><\/strong><\/figcaption><\/figure>\n\n\n\n<p class=\"has-blue-color has-light-gray-background-color has-text-color has-background has-medium-font-size\">Det h\u00e4r \u00e5rets marsm\u00e5nad blev en solig och torr m\u00e5nad. Kalla n\u00e4tter och soliga dagar, hela 26 dygn hade vi minusgrader nattetid. Som vi ser i temperaturdiagrammet ovan var m\u00e5nadens b\u00f6rjan och slut kyligast, och d\u00e4remellan, hade vi tidvis riktigt v\u00e5rvarmt, \u00e5tminstone dagtid. Medeltemperaturen f\u00f6r m\u00e5naden blev +2,7\u00b0C, och det \u00e4r 1\u00b0 varmare \u00e4n genomsnittet i referensperioden 1991-2020, som anv\u00e4nds f\u00f6r att j\u00e4mf\u00f6ra mot. Jag visar nedan i diagram, medeltemperaturen f\u00f6r mars i n\u00e5gra olika referensperioder, s\u00e5 kan vi j\u00e4mf\u00f6ra \u00e5rets mars mot dem.<\/p>\n\n\n\n<figure class=\"wp-block-image size-large\"><img loading=\"lazy\" decoding=\"async\" width=\"1024\" height=\"435\" src=\"https:\/\/media1.jensgustafsson.se\/2022\/04\/image-3-1024x435.png\" alt=\"\" class=\"wp-image-24320\" srcset=\"https:\/\/media1.jensgustafsson.se\/2022\/04\/image-3-1024x435.png 1024w, https:\/\/media1.jensgustafsson.se\/2022\/04\/image-3-300x127.png 300w, https:\/\/media1.jensgustafsson.se\/2022\/04\/image-3-768x326.png 768w, https:\/\/media1.jensgustafsson.se\/2022\/04\/image-3-500x212.png 500w, https:\/\/media1.jensgustafsson.se\/2022\/04\/image-3.png 1419w\" sizes=\"auto, (max-width: 1024px) 100vw, 1024px\" \/><figcaption><em>K<\/em><strong><em>\u00e4llor: 1931-2012, SMHI:s m\u00e4tstationer Blankastr\u00f6m och Drageryd. Fr.o.m. 2013 \u00e4r det siffror fr\u00e5n min privata v\u00e4derstation.<\/em><\/strong><\/figcaption><\/figure>\n\n\n\n<p class=\"has-blue-color has-light-gray-background-color has-text-color has-background has-medium-font-size\">I diagrammet nedan visar jag medeltemperaturen i mars \u00e5rsvis f\u00f6r nuvarande referensperioden (normalperioden) 1991-2020, och har lagt till 2021 och 2022 ocks\u00e5, s\u00e5 kan vi j\u00e4mf\u00f6ra dessa \u00e5r direkt mot den 30-\u00e5riga referensperioden.<\/p>\n\n\n\n<figure class=\"wp-block-image size-large is-resized\"><img loading=\"lazy\" decoding=\"async\" src=\"https:\/\/media1.jensgustafsson.se\/2022\/04\/image-5-1024x361.png\" alt=\"\" class=\"wp-image-24322\" width=\"706\" height=\"249\" srcset=\"https:\/\/media1.jensgustafsson.se\/2022\/04\/image-5-1024x361.png 1024w, https:\/\/media1.jensgustafsson.se\/2022\/04\/image-5-300x106.png 300w, https:\/\/media1.jensgustafsson.se\/2022\/04\/image-5-768x271.png 768w, https:\/\/media1.jensgustafsson.se\/2022\/04\/image-5-1536x541.png 1536w, https:\/\/media1.jensgustafsson.se\/2022\/04\/image-5-2048x722.png 2048w, https:\/\/media1.jensgustafsson.se\/2022\/04\/image-5-500x176.png 500w\" sizes=\"auto, (max-width: 706px) 100vw, 706px\" \/><figcaption><em>K<\/em><strong><em>\u00e4llor: 1931-2012, SMHI:s m\u00e4tstationer Blankastr\u00f6m och Drageryd. Fr.o.m. 2013 \u00e4r det siffror fr\u00e5n min privata v\u00e4derstation.<\/em><\/strong><\/figcaption><\/figure>\n\n\n\n<p class=\"has-blue-color has-light-gray-background-color has-text-color has-background has-medium-font-size\">Nedan ser vi en sammanfattning av lite temperatursiffror fr\u00e5n loggen p\u00e5 min v\u00e4derstation under mars 2022.<\/p>\n\n\n\n<p class=\"has-blue-color has-light-gray-background-color has-text-color has-background has-medium-font-size\">Temperatur (\u00b0C):<br \/>Medel (min+max) 2,7<br \/>Medelminimum -3,6<br \/>Medelmaximum 9,0<br \/>Minimum -8,6 den 31 mars<br \/>Maximum 14,9 den 24 och 25 mars<br \/>H\u00f6gsta minimum 4,9 den 28 mars<br \/>L\u00e4gsta maximum 3,4 den 4 mars<br \/>Frostn\u00e4tter: 26<\/p>\n\n\n\n<figure class=\"wp-block-image size-large\"><img loading=\"lazy\" decoding=\"async\" width=\"1024\" height=\"683\" src=\"https:\/\/media1.jensgustafsson.se\/2022\/04\/DSC_6322-2-1024x683.jpg\" alt=\"\" class=\"wp-image-24331\" srcset=\"https:\/\/media1.jensgustafsson.se\/2022\/04\/DSC_6322-2-1024x683.jpg 1024w, https:\/\/media1.jensgustafsson.se\/2022\/04\/DSC_6322-2-300x200.jpg 300w, https:\/\/media1.jensgustafsson.se\/2022\/04\/DSC_6322-2-768x512.jpg 768w, https:\/\/media1.jensgustafsson.se\/2022\/04\/DSC_6322-2-1536x1024.jpg 1536w, https:\/\/media1.jensgustafsson.se\/2022\/04\/DSC_6322-2-2048x1365.jpg 2048w, https:\/\/media1.jensgustafsson.se\/2022\/04\/DSC_6322-2-450x300.jpg 450w\" sizes=\"auto, (max-width: 1024px) 100vw, 1024px\" \/><\/figure>\n\n\n\n<figure class=\"wp-block-image size-large is-resized\"><img loading=\"lazy\" decoding=\"async\" src=\"https:\/\/media1.jensgustafsson.se\/2022\/04\/image-6-1024x388.png\" alt=\"\" class=\"wp-image-24323\" width=\"631\" height=\"239\" srcset=\"https:\/\/media1.jensgustafsson.se\/2022\/04\/image-6-1024x388.png 1024w, https:\/\/media1.jensgustafsson.se\/2022\/04\/image-6-300x114.png 300w, https:\/\/media1.jensgustafsson.se\/2022\/04\/image-6-768x291.png 768w, https:\/\/media1.jensgustafsson.se\/2022\/04\/image-6-500x190.png 500w, https:\/\/media1.jensgustafsson.se\/2022\/04\/image-6.png 1427w\" sizes=\"auto, (max-width: 631px) 100vw, 631px\" \/><figcaption><em>K<\/em><strong><em>\u00e4llor: 1931-2012, SMHI:s m\u00e4tstationer Blankastr\u00f6m och Drageryd. Fr.o.m. 2013 \u00e4r det siffror fr\u00e5n min privata v\u00e4derstation<\/em><\/strong><\/figcaption><\/figure>\n\n\n\n<p class=\"has-blue-color has-light-gray-background-color has-text-color has-background has-medium-font-size\">Nederb\u00f6rden har varit i princip ingenting denna m\u00e5nad. P\u00e5 kv\u00e4llen den 29:e kom det n\u00e5gra sn\u00f6flingor, som gav en halv mm i sm\u00e4lt form. Det har f\u00f6rekommit marsm\u00e5nader i min 90-\u00e5riga statistik, som varit nederb\u00f6rdsfattiga, men inte s\u00e5 lite, allts\u00e5 rekordtorr marsm\u00e5nad. Som tur var hade vi ett ganska rej\u00e4lt nederb\u00f6rds\u00f6verskott i februari, och det har gjort att vattenniv\u00e5erna , trots torkan \u00e4r ganska okej \u00e4n s\u00e5 l\u00e4nge. I diagrammet nedan visar jag nederb\u00f6rden i mars \u00e5rsvis i referensperioden 1991-2020, och \u00e4ven h\u00e4r, har jag lagt till \u00e5ren 2021 och 2022, s\u00e5 kan vi l\u00e4tt j\u00e4mf\u00f6ra de \u00e5ren mot referensperioden.<\/p>\n\n\n\n<figure class=\"wp-block-image size-large is-resized\"><img loading=\"lazy\" decoding=\"async\" src=\"https:\/\/media1.jensgustafsson.se\/2022\/04\/image-7-1024x378.png\" alt=\"\" class=\"wp-image-24324\" width=\"640\" height=\"236\" srcset=\"https:\/\/media1.jensgustafsson.se\/2022\/04\/image-7-1024x378.png 1024w, https:\/\/media1.jensgustafsson.se\/2022\/04\/image-7-300x111.png 300w, https:\/\/media1.jensgustafsson.se\/2022\/04\/image-7-768x283.png 768w, https:\/\/media1.jensgustafsson.se\/2022\/04\/image-7-500x184.png 500w, https:\/\/media1.jensgustafsson.se\/2022\/04\/image-7.png 1467w\" sizes=\"auto, (max-width: 640px) 100vw, 640px\" \/><figcaption><em>K<\/em><strong><em>\u00e4llor: 1931-2012, SMHI:s m\u00e4tstationer Blankastr\u00f6m och Drageryd. Fr.o.m. 2013 \u00e4r det siffror fr\u00e5n min privata v\u00e4derstation<\/em><\/strong><\/figcaption><\/figure>\n\n\n\n<figure class=\"wp-block-image size-large\"><img loading=\"lazy\" decoding=\"async\" width=\"1024\" height=\"683\" src=\"https:\/\/media1.jensgustafsson.se\/2022\/04\/DSC_6659-1024x683.jpg\" alt=\"\" class=\"wp-image-24332\" srcset=\"https:\/\/media1.jensgustafsson.se\/2022\/04\/DSC_6659-1024x683.jpg 1024w, https:\/\/media1.jensgustafsson.se\/2022\/04\/DSC_6659-300x200.jpg 300w, https:\/\/media1.jensgustafsson.se\/2022\/04\/DSC_6659-768x512.jpg 768w, https:\/\/media1.jensgustafsson.se\/2022\/04\/DSC_6659-1536x1024.jpg 1536w, https:\/\/media1.jensgustafsson.se\/2022\/04\/DSC_6659-2048x1365.jpg 2048w, https:\/\/media1.jensgustafsson.se\/2022\/04\/DSC_6659-450x300.jpg 450w\" sizes=\"auto, (max-width: 1024px) 100vw, 1024px\" \/><\/figure>\n\n\n\n<figure class=\"wp-block-image size-large\"><img loading=\"lazy\" decoding=\"async\" width=\"1024\" height=\"417\" src=\"https:\/\/media1.jensgustafsson.se\/2022\/04\/image-8-1024x417.png\" alt=\"\" class=\"wp-image-24326\" srcset=\"https:\/\/media1.jensgustafsson.se\/2022\/04\/image-8-1024x417.png 1024w, https:\/\/media1.jensgustafsson.se\/2022\/04\/image-8-300x122.png 300w, https:\/\/media1.jensgustafsson.se\/2022\/04\/image-8-768x313.png 768w, https:\/\/media1.jensgustafsson.se\/2022\/04\/image-8-500x204.png 500w, https:\/\/media1.jensgustafsson.se\/2022\/04\/image-8.png 1445w\" sizes=\"auto, (max-width: 1024px) 100vw, 1024px\" \/><figcaption><strong><em>K\u00e4lla: Min v\u00e4derstation<\/em><\/strong><\/figcaption><\/figure>\n\n\n\n<p class=\"has-blue-color has-light-gray-background-color has-text-color has-background has-medium-font-size\">Vindriktningarna under dagarna har varit ganska j\u00e4mnt f\u00f6rdelat som vi ser i staplarna ovan. Inte s\u00e5 bl\u00e5sigt som f\u00f6rra m\u00e5naden, och medelhastigheten i maxvinden denna m\u00e5nad blev ca 6 m\/s.<\/p>\n\n\n\n<p class=\"has-blue-color has-light-gray-background-color has-text-color has-background has-medium-font-size\">Slutligen g\u00f6r jag en liten analys vad jag ser i siffrorna f\u00f6r mars. 2018 hade vi en kall marsm\u00e5nad (se i temperaturdiagrammet \u00f6ver perioden 1991-2022). 2019 blev sedan rej\u00e4lt varmare, med en temperaturskillnad p\u00e5 5,1\u00b0 j\u00e4mf\u00f6rt med 2018. Om man tittar p\u00e5 vad som h\u00e4nt efter det, s\u00e5 har trenden varit sjunkande medeltemperatur de fyra efterf\u00f6ljande \u00e5ren. Fyra \u00e5r \u00e4r ingen l\u00e5ng tid, men trenden \u00e4r allts\u00e5 fallande just nu. Kanske v\u00e4nder upp\u00e5t n\u00e4sta \u00e5r, vem vet? Trenden \u00e4r minskande nederb\u00f6rd ocks\u00e5 i mars, och d\u00e5 bidrar ju \u00e5rets extrema torka rej\u00e4lt. Vi g\u00e5r in i v\u00e5rm\u00e5nad tv\u00e5 (april) nu, och jag f\u00f6ljer med sp\u00e4nning utvecklingen av dels hur m\u00e5nadens siffror slutar, och \u00e4ven hur v\u00e5ren utvecklas totalt under detta \u00e5r 2022.<\/p>\n","protected":false},"excerpt":{"rendered":"<p>Det h\u00e4r \u00e5rets marsm\u00e5nad blev en solig och torr m\u00e5nad. Kalla n\u00e4tter och soliga dagar, hela 26 dygn hade vi minusgrader nattetid. Som vi ser i temperaturdiagrammet ovan var m\u00e5nadens b\u00f6rjan och slut kyligast, och d\u00e4remellan, hade vi tidvis riktigt &hellip; <a href=\"https:\/\/jensgustafsson.se\/?page_id=24309\">Forts\u00e4tt l\u00e4sa <span class=\"meta-nav\">&rarr;<\/span><\/a><\/p>\n","protected":false},"author":1,"featured_media":24329,"parent":23747,"menu_order":3,"comment_status":"open","ping_status":"closed","template":"","meta":{"footnotes":""},"class_list":["post-24309","page","type-page","status-publish","has-post-thumbnail","hentry"],"_links":{"self":[{"href":"https:\/\/jensgustafsson.se\/index.php?rest_route=\/wp\/v2\/pages\/24309","targetHints":{"allow":["GET"]}}],"collection":[{"href":"https:\/\/jensgustafsson.se\/index.php?rest_route=\/wp\/v2\/pages"}],"about":[{"href":"https:\/\/jensgustafsson.se\/index.php?rest_route=\/wp\/v2\/types\/page"}],"author":[{"embeddable":true,"href":"https:\/\/jensgustafsson.se\/index.php?rest_route=\/wp\/v2\/users\/1"}],"replies":[{"embeddable":true,"href":"https:\/\/jensgustafsson.se\/index.php?rest_route=%2Fwp%2Fv2%2Fcomments&post=24309"}],"version-history":[{"count":8,"href":"https:\/\/jensgustafsson.se\/index.php?rest_route=\/wp\/v2\/pages\/24309\/revisions"}],"predecessor-version":[{"id":24334,"href":"https:\/\/jensgustafsson.se\/index.php?rest_route=\/wp\/v2\/pages\/24309\/revisions\/24334"}],"up":[{"embeddable":true,"href":"https:\/\/jensgustafsson.se\/index.php?rest_route=\/wp\/v2\/pages\/23747"}],"wp:featuredmedia":[{"embeddable":true,"href":"https:\/\/jensgustafsson.se\/index.php?rest_route=\/wp\/v2\/media\/24329"}],"wp:attachment":[{"href":"https:\/\/jensgustafsson.se\/index.php?rest_route=%2Fwp%2Fv2%2Fmedia&parent=24309"}],"curies":[{"name":"wp","href":"https:\/\/api.w.org\/{rel}","templated":true}]}}