{"id":24558,"date":"2022-05-01T14:43:43","date_gmt":"2022-05-01T13:43:43","guid":{"rendered":"https:\/\/jensgustafsson.se\/?page_id=24558"},"modified":"2022-07-02T14:55:18","modified_gmt":"2022-07-02T13:55:18","slug":"april-2022","status":"publish","type":"page","link":"https:\/\/jensgustafsson.se\/?page_id=24558","title":{"rendered":"April 2022."},"content":{"rendered":"\n<figure class=\"wp-block-image size-large\"><img loading=\"lazy\" decoding=\"async\" width=\"1024\" height=\"683\" src=\"https:\/\/media1.jensgustafsson.se\/2022\/05\/DSC_7108-1024x683.jpg\" alt=\"\" class=\"wp-image-24592\" srcset=\"https:\/\/media1.jensgustafsson.se\/2022\/05\/DSC_7108-1024x683.jpg 1024w, https:\/\/media1.jensgustafsson.se\/2022\/05\/DSC_7108-300x200.jpg 300w, https:\/\/media1.jensgustafsson.se\/2022\/05\/DSC_7108-768x512.jpg 768w, https:\/\/media1.jensgustafsson.se\/2022\/05\/DSC_7108-1536x1024.jpg 1536w, https:\/\/media1.jensgustafsson.se\/2022\/05\/DSC_7108-2048x1365.jpg 2048w, https:\/\/media1.jensgustafsson.se\/2022\/05\/DSC_7108-450x300.jpg 450w\" sizes=\"auto, (max-width: 1024px) 100vw, 1024px\" \/><\/figure>\n\n\n\n<figure class=\"wp-block-image size-large\"><img loading=\"lazy\" decoding=\"async\" width=\"1024\" height=\"422\" src=\"https:\/\/media1.jensgustafsson.se\/2022\/04\/image-66-1024x422.png\" alt=\"\" class=\"wp-image-24572\" srcset=\"https:\/\/media1.jensgustafsson.se\/2022\/04\/image-66-1024x422.png 1024w, https:\/\/media1.jensgustafsson.se\/2022\/04\/image-66-300x124.png 300w, https:\/\/media1.jensgustafsson.se\/2022\/04\/image-66-768x316.png 768w, https:\/\/media1.jensgustafsson.se\/2022\/04\/image-66-1536x633.png 1536w, https:\/\/media1.jensgustafsson.se\/2022\/04\/image-66-500x206.png 500w, https:\/\/media1.jensgustafsson.se\/2022\/04\/image-66.png 1677w\" sizes=\"auto, (max-width: 1024px) 100vw, 1024px\" \/><figcaption><strong><em>K\u00e4lla: Min v\u00e4derstation<\/em><\/strong><\/figcaption><\/figure>\n\n\n\n<p class=\"has-blue-color has-light-gray-background-color has-text-color has-background has-medium-font-size\">April i \u00e5r blev aningen kyligare (0,8\u00b0C l\u00e4gre) j\u00e4mf\u00f6rt med vad som kallas &#8221;normalt&#8221; just nu, dvs referensperioden 1991-2020. Jag visar nedan i stapeldiagram hur medeltemperaturen i april sett ut genom \u00e5ren 1931-2020, i n\u00e5gra olika referensperioder.<\/p>\n\n\n\n<figure class=\"wp-block-image size-large is-resized\"><img loading=\"lazy\" decoding=\"async\" src=\"https:\/\/media1.jensgustafsson.se\/2022\/04\/image-67-1024x436.png\" alt=\"\" class=\"wp-image-24574\" width=\"629\" height=\"267\" srcset=\"https:\/\/media1.jensgustafsson.se\/2022\/04\/image-67-1024x436.png 1024w, https:\/\/media1.jensgustafsson.se\/2022\/04\/image-67-300x128.png 300w, https:\/\/media1.jensgustafsson.se\/2022\/04\/image-67-768x327.png 768w, https:\/\/media1.jensgustafsson.se\/2022\/04\/image-67-500x213.png 500w, https:\/\/media1.jensgustafsson.se\/2022\/04\/image-67.png 1418w\" sizes=\"auto, (max-width: 629px) 100vw, 629px\" \/><figcaption><em>K<\/em><strong><em>\u00e4llor: 1931-2012, SMHI:s m\u00e4tstationer Blankastr\u00f6m och Drageryd. Fr.o.m. 2013 \u00e4r det siffror fr\u00e5n min privata v\u00e4derstation.<\/em><\/strong><\/figcaption><\/figure>\n\n\n\n<figure class=\"wp-block-image size-large is-resized\"><img loading=\"lazy\" decoding=\"async\" src=\"https:\/\/media1.jensgustafsson.se\/2022\/04\/image-68-1024x360.png\" alt=\"\" class=\"wp-image-24575\" width=\"635\" height=\"223\" srcset=\"https:\/\/media1.jensgustafsson.se\/2022\/04\/image-68-1024x360.png 1024w, https:\/\/media1.jensgustafsson.se\/2022\/04\/image-68-300x105.png 300w, https:\/\/media1.jensgustafsson.se\/2022\/04\/image-68-768x270.png 768w, https:\/\/media1.jensgustafsson.se\/2022\/04\/image-68-1536x540.png 1536w, https:\/\/media1.jensgustafsson.se\/2022\/04\/image-68-500x176.png 500w, https:\/\/media1.jensgustafsson.se\/2022\/04\/image-68.png 1826w\" sizes=\"auto, (max-width: 635px) 100vw, 635px\" \/><figcaption><em>K<\/em><strong><em>\u00e4llor: 1931-2012, SMHI:s m\u00e4tstationer Blankastr\u00f6m och Drageryd. Fr.o.m. 2013 \u00e4r det siffror fr\u00e5n min privata v\u00e4derstation.<\/em><\/strong><\/figcaption><\/figure>\n\n\n\n<p class=\"has-blue-color has-light-gray-background-color has-text-color has-background has-medium-font-size\">Om vi tittar p\u00e5 medeltemperaturen f\u00f6r 10-\u00e5rsperioden 2011-2020, s\u00e5 \u00e4r den 6,9\u00b0C och \u00e5rets 5,6\u00b0C blir d\u00e5 1,3\u00b0C l\u00e4gre. Fjol\u00e5rets aprilm\u00e5nad var ju ungef\u00e4r lika i medeltemp med \u00e5rets, n\u00e5gra tiondelar l\u00e4gre bara. M\u00e5nga kalla n\u00e4tter har vi haft, 16 n\u00e4tter med minusgrader och frost, d\u00e4rut\u00f6ver 4 n\u00e4tter med markfrost. Endast 2 dygn med sommartemperatur ( den 17:e och den 30:e) har vi haft, (dygnsmedeltemp \u00f6ver +10\u00b0C), s\u00e5 vi \u00e4r l\u00e5ngt ifr\u00e5n meteorologisk sommar ( 5 dygn p\u00e5 raken med en dygnsmedeltempertur \u00f6ver +10\u00b0C). I media har det skrivits om den meteorologiska sommaren kommit  p\u00e5 vissa st\u00e4llen, bl.a Uppsala, och s\u00e5 en smal remsa p\u00e5 v\u00e4stkusten.<\/p>\n\n\n\n<p class=\"has-blue-color has-light-gray-background-color has-text-color has-background has-medium-font-size\">I diagrammet nedan visar jag medeltemperaturen i april \u00e5rsvis f\u00f6r nuvarande referensperioden (normalperioden) 1991-2020, och har lagt till 2021 och 2022 ocks\u00e5, s\u00e5 kan vi j\u00e4mf\u00f6ra dessa \u00e5r direkt mot den 30-\u00e5riga referensperioden.<\/p>\n\n\n\n<figure class=\"wp-block-image size-large is-resized\"><img loading=\"lazy\" decoding=\"async\" src=\"https:\/\/media1.jensgustafsson.se\/2022\/05\/image-1024x369.png\" alt=\"\" class=\"wp-image-24581\" width=\"749\" height=\"270\" srcset=\"https:\/\/media1.jensgustafsson.se\/2022\/05\/image-1024x369.png 1024w, https:\/\/media1.jensgustafsson.se\/2022\/05\/image-300x108.png 300w, https:\/\/media1.jensgustafsson.se\/2022\/05\/image-768x277.png 768w, https:\/\/media1.jensgustafsson.se\/2022\/05\/image-1536x553.png 1536w, https:\/\/media1.jensgustafsson.se\/2022\/05\/image-2048x737.png 2048w, https:\/\/media1.jensgustafsson.se\/2022\/05\/image-500x180.png 500w\" sizes=\"auto, (max-width: 749px) 100vw, 749px\" \/><figcaption><em>K<\/em><strong><em>\u00e4llor: 1931-2012, SMHI:s m\u00e4tstationer Blankastr\u00f6m och Drageryd. Fr.o.m. 2013 \u00e4r det siffror fr\u00e5n min privata v\u00e4derstation.<\/em><\/strong><\/figcaption><\/figure>\n\n\n\n<figure class=\"wp-block-image size-large is-resized\"><img loading=\"lazy\" decoding=\"async\" src=\"https:\/\/media1.jensgustafsson.se\/2022\/05\/DSC_7396-1024x683.jpg\" alt=\"\" class=\"wp-image-24593\" width=\"635\" height=\"423\" srcset=\"https:\/\/media1.jensgustafsson.se\/2022\/05\/DSC_7396-1024x683.jpg 1024w, https:\/\/media1.jensgustafsson.se\/2022\/05\/DSC_7396-300x200.jpg 300w, https:\/\/media1.jensgustafsson.se\/2022\/05\/DSC_7396-768x512.jpg 768w, https:\/\/media1.jensgustafsson.se\/2022\/05\/DSC_7396-1536x1024.jpg 1536w, https:\/\/media1.jensgustafsson.se\/2022\/05\/DSC_7396-2048x1365.jpg 2048w, https:\/\/media1.jensgustafsson.se\/2022\/05\/DSC_7396-450x300.jpg 450w\" sizes=\"auto, (max-width: 635px) 100vw, 635px\" \/><\/figure>\n\n\n\n<p class=\"has-blue-color has-light-gray-background-color has-text-color has-background has-medium-font-size\">Nedan ser vi en sammanfattning av lite temperatursiffror fr\u00e5n loggen p\u00e5 min v\u00e4derstation under april 2022.<\/p>\n\n\n\n<p class=\"has-blue-color has-light-gray-background-color has-text-color has-background has-medium-font-size\">Temperatur (\u00b0C):<br \/>Medel (min+max) 5,6<br \/>Medelminimum 0,0<br \/>Medelmaximum 11,4<br \/>Minimum -8,4 den 1 april<br \/>Maximum 16,2 den 17 april<br \/>H\u00f6gsta minimum 4,6 den 14 april<br \/>L\u00e4gsta maximum 3,8 den 2 april<br \/>Frostn\u00e4tter: 16<\/p>\n\n\n\n<figure class=\"wp-block-image size-large\"><img loading=\"lazy\" decoding=\"async\" width=\"1024\" height=\"683\" src=\"https:\/\/media1.jensgustafsson.se\/2022\/05\/DSC_7523-1024x683.jpg\" alt=\"\" class=\"wp-image-24594\" srcset=\"https:\/\/media1.jensgustafsson.se\/2022\/05\/DSC_7523-1024x683.jpg 1024w, https:\/\/media1.jensgustafsson.se\/2022\/05\/DSC_7523-300x200.jpg 300w, https:\/\/media1.jensgustafsson.se\/2022\/05\/DSC_7523-768x512.jpg 768w, https:\/\/media1.jensgustafsson.se\/2022\/05\/DSC_7523-1536x1024.jpg 1536w, https:\/\/media1.jensgustafsson.se\/2022\/05\/DSC_7523-2048x1365.jpg 2048w, https:\/\/media1.jensgustafsson.se\/2022\/05\/DSC_7523-450x300.jpg 450w\" sizes=\"auto, (max-width: 1024px) 100vw, 1024px\" \/><\/figure>\n\n\n\n<figure class=\"wp-block-image size-large is-resized\"><img loading=\"lazy\" decoding=\"async\" src=\"https:\/\/media1.jensgustafsson.se\/2022\/05\/image-2-1024x417.png\" alt=\"\" class=\"wp-image-24584\" width=\"627\" height=\"255\" srcset=\"https:\/\/media1.jensgustafsson.se\/2022\/05\/image-2-1024x417.png 1024w, https:\/\/media1.jensgustafsson.se\/2022\/05\/image-2-300x122.png 300w, https:\/\/media1.jensgustafsson.se\/2022\/05\/image-2-768x313.png 768w, https:\/\/media1.jensgustafsson.se\/2022\/05\/image-2-500x204.png 500w, https:\/\/media1.jensgustafsson.se\/2022\/05\/image-2.png 1425w\" sizes=\"auto, (max-width: 627px) 100vw, 627px\" \/><figcaption><strong><em>K\u00e4lla: Min v\u00e4derstation<\/em><\/strong><\/figcaption><\/figure>\n\n\n\n<p class=\"has-blue-color has-light-gray-background-color has-text-color has-background has-medium-font-size\">Det k\u00e4nns som att april varit lite nederb\u00f6rdsfattig, men det har den egentligen inte varit, om man tittar p\u00e5 siffrorna f\u00f6r hur det brukar vara i april. Vi har t.o.m. f\u00e5tt n\u00e5gra millimeter mera, j\u00e4mf\u00f6rt med genomsnittet f\u00f6r innevarande referensperiod, 1991-2020. Nederb\u00f6rden har mestadels kommit som regn, men ocks\u00e5 som sn\u00f6 i b\u00f6rjan p\u00e5 m\u00e5naden. Den 6:e april hade jag ett uppm\u00e4tt sn\u00f6djup p\u00e5 1 cm, men det sm\u00e4lte snabbt. Stapeldiagrammet nedan visar den genomsnittliga nederb\u00f6rden i april \u00f6ver \u00e5ren 1931-2020, och s\u00e5 har jag lagt dit 2022 som kan j\u00e4mf\u00f6ras mot de olika referensperioderna d\u00e4r.<\/p>\n\n\n\n<figure class=\"wp-block-image size-large is-resized\"><img loading=\"lazy\" decoding=\"async\" src=\"https:\/\/media1.jensgustafsson.se\/2022\/05\/image-3-1024x388.png\" alt=\"\" class=\"wp-image-24585\" width=\"659\" height=\"249\" srcset=\"https:\/\/media1.jensgustafsson.se\/2022\/05\/image-3-1024x388.png 1024w, https:\/\/media1.jensgustafsson.se\/2022\/05\/image-3-300x114.png 300w, https:\/\/media1.jensgustafsson.se\/2022\/05\/image-3-768x291.png 768w, https:\/\/media1.jensgustafsson.se\/2022\/05\/image-3-500x190.png 500w, https:\/\/media1.jensgustafsson.se\/2022\/05\/image-3.png 1427w\" sizes=\"auto, (max-width: 659px) 100vw, 659px\" \/><figcaption><em>K<\/em><strong><em>\u00e4llor: 1931-2012, SMHI:s m\u00e4tstationer Blankastr\u00f6m och Drageryd. Fr.o.m. 2013 \u00e4r det siffror fr\u00e5n min privata v\u00e4derstation.<\/em><\/strong><\/figcaption><\/figure>\n\n\n\n<p class=\"has-blue-color has-light-gray-background-color has-text-color has-background has-medium-font-size\">Stapeldiagrammet nedan visar nederb\u00f6rden i april under tidsperioden 1991-2022.<\/p>\n\n\n\n<figure class=\"wp-block-image size-large\"><img loading=\"lazy\" decoding=\"async\" width=\"1024\" height=\"395\" src=\"https:\/\/media1.jensgustafsson.se\/2022\/05\/image-7-1024x395.png\" alt=\"\" class=\"wp-image-24600\" srcset=\"https:\/\/media1.jensgustafsson.se\/2022\/05\/image-7-1024x395.png 1024w, https:\/\/media1.jensgustafsson.se\/2022\/05\/image-7-300x116.png 300w, https:\/\/media1.jensgustafsson.se\/2022\/05\/image-7-768x296.png 768w, https:\/\/media1.jensgustafsson.se\/2022\/05\/image-7-500x193.png 500w, https:\/\/media1.jensgustafsson.se\/2022\/05\/image-7.png 1474w\" sizes=\"auto, (max-width: 1024px) 100vw, 1024px\" \/><figcaption><em>K<\/em><strong><em>\u00e4llor: 1931-2012, SMHI:s m\u00e4tstationer Blankastr\u00f6m och Drageryd. Fr.o.m. 2013 \u00e4r det siffror fr\u00e5n min privata v\u00e4derstation.<\/em><\/strong><\/figcaption><\/figure>\n\n\n\n<figure class=\"wp-block-image size-large\"><img loading=\"lazy\" decoding=\"async\" width=\"1024\" height=\"683\" src=\"https:\/\/media1.jensgustafsson.se\/2022\/05\/DSC_7983-1024x683.jpg\" alt=\"\" class=\"wp-image-24595\" srcset=\"https:\/\/media1.jensgustafsson.se\/2022\/05\/DSC_7983-1024x683.jpg 1024w, https:\/\/media1.jensgustafsson.se\/2022\/05\/DSC_7983-300x200.jpg 300w, https:\/\/media1.jensgustafsson.se\/2022\/05\/DSC_7983-768x512.jpg 768w, https:\/\/media1.jensgustafsson.se\/2022\/05\/DSC_7983-1536x1024.jpg 1536w, https:\/\/media1.jensgustafsson.se\/2022\/05\/DSC_7983-2048x1365.jpg 2048w, https:\/\/media1.jensgustafsson.se\/2022\/05\/DSC_7983-450x300.jpg 450w\" sizes=\"auto, (max-width: 1024px) 100vw, 1024px\" \/><\/figure>\n\n\n\n<figure class=\"wp-block-image size-large\"><img loading=\"lazy\" decoding=\"async\" width=\"1024\" height=\"417\" src=\"https:\/\/media1.jensgustafsson.se\/2022\/05\/image-5-1024x417.png\" alt=\"\" class=\"wp-image-24588\" srcset=\"https:\/\/media1.jensgustafsson.se\/2022\/05\/image-5-1024x417.png 1024w, https:\/\/media1.jensgustafsson.se\/2022\/05\/image-5-300x122.png 300w, https:\/\/media1.jensgustafsson.se\/2022\/05\/image-5-768x313.png 768w, https:\/\/media1.jensgustafsson.se\/2022\/05\/image-5-500x203.png 500w, https:\/\/media1.jensgustafsson.se\/2022\/05\/image-5.png 1445w\" sizes=\"auto, (max-width: 1024px) 100vw, 1024px\" \/><figcaption><strong><em>K\u00e4lla: Min v\u00e4derstation<\/em><\/strong><\/figcaption><\/figure>\n\n\n\n<p class=\"has-blue-color has-light-gray-background-color has-text-color has-background has-medium-font-size\">Vindriktningen under m\u00e5naden ser vi f\u00f6rdelningen \u00f6ver i staplarna ovan. Lite mera vind denna m\u00e5nad, j\u00e4mf\u00f6rt mot mars. Den genomsnittliga maxvinden blev lite \u00f6ver 7 m\/sek.<\/p>\n\n\n\n<figure class=\"wp-block-image size-large\"><img loading=\"lazy\" decoding=\"async\" width=\"1024\" height=\"683\" src=\"https:\/\/media1.jensgustafsson.se\/2022\/05\/DSC_7754-1024x683.jpg\" alt=\"\" class=\"wp-image-24605\" srcset=\"https:\/\/media1.jensgustafsson.se\/2022\/05\/DSC_7754-1024x683.jpg 1024w, https:\/\/media1.jensgustafsson.se\/2022\/05\/DSC_7754-300x200.jpg 300w, https:\/\/media1.jensgustafsson.se\/2022\/05\/DSC_7754-768x512.jpg 768w, https:\/\/media1.jensgustafsson.se\/2022\/05\/DSC_7754-1536x1024.jpg 1536w, https:\/\/media1.jensgustafsson.se\/2022\/05\/DSC_7754-2048x1365.jpg 2048w, https:\/\/media1.jensgustafsson.se\/2022\/05\/DSC_7754-450x300.jpg 450w\" sizes=\"auto, (max-width: 1024px) 100vw, 1024px\" \/><\/figure>\n\n\n\n<p class=\"has-blue-color has-light-gray-background-color has-text-color has-background has-medium-font-size\">Vi g\u00e5r nu in i 3:e och sista kalendariska v\u00e5rm\u00e5naden (maj) f\u00f6r 2022. F\u00f6r att j\u00e4mf\u00f6ra lite inf\u00f6r den 3:e v\u00e5rm\u00e5naden, s\u00e5 blickade jag tillbaka p\u00e5 \u00e5ren 2011 och fram till och med april 2022 hur medeltemperaturen sett ut efter tv\u00e5 v\u00e5rm\u00e5nader i respektive \u00e5r. Jag visar det i stapeldiagrammet nedan.<\/p>\n\n\n\n<figure class=\"wp-block-image size-large\"><img loading=\"lazy\" decoding=\"async\" width=\"1024\" height=\"413\" src=\"https:\/\/media1.jensgustafsson.se\/2022\/05\/image-8-1024x413.png\" alt=\"\" class=\"wp-image-24602\" srcset=\"https:\/\/media1.jensgustafsson.se\/2022\/05\/image-8-1024x413.png 1024w, https:\/\/media1.jensgustafsson.se\/2022\/05\/image-8-300x121.png 300w, https:\/\/media1.jensgustafsson.se\/2022\/05\/image-8-768x310.png 768w, https:\/\/media1.jensgustafsson.se\/2022\/05\/image-8-500x202.png 500w, https:\/\/media1.jensgustafsson.se\/2022\/05\/image-8.png 1116w\" sizes=\"auto, (max-width: 1024px) 100vw, 1024px\" \/><figcaption><em>K<\/em><strong><em>\u00e4llor: 1931-2012, SMHI:s m\u00e4tstationer Blankastr\u00f6m och Drageryd. Fr.o.m. 2013 \u00e4r det siffror fr\u00e5n min privata v\u00e4derstation.<\/em><\/strong><\/figcaption><\/figure>\n\n\n\n<p class=\"has-blue-color has-light-gray-background-color has-text-color has-background has-medium-font-size\">Beroende p\u00e5 hur maj utvecklar sig, s\u00e5 f\u00e5r vi se om trenden med kyligare v\u00e5rar h\u00e5ller i sig, eller om den bryts? Det redovisar jag i n\u00e4sta m\u00e5nadssammanfattning.<\/p>\n","protected":false},"excerpt":{"rendered":"<p>April i \u00e5r blev aningen kyligare (0,8\u00b0C l\u00e4gre) j\u00e4mf\u00f6rt med vad som kallas &#8221;normalt&#8221; just nu, dvs referensperioden 1991-2020. Jag visar nedan i stapeldiagram hur medeltemperaturen i april sett ut genom \u00e5ren 1931-2020, i n\u00e5gra olika referensperioder. Om vi tittar &hellip; <a href=\"https:\/\/jensgustafsson.se\/?page_id=24558\">Forts\u00e4tt l\u00e4sa <span class=\"meta-nav\">&rarr;<\/span><\/a><\/p>\n","protected":false},"author":1,"featured_media":24591,"parent":23747,"menu_order":4,"comment_status":"open","ping_status":"closed","template":"","meta":{"footnotes":""},"class_list":["post-24558","page","type-page","status-publish","has-post-thumbnail","hentry"],"_links":{"self":[{"href":"https:\/\/jensgustafsson.se\/index.php?rest_route=\/wp\/v2\/pages\/24558","targetHints":{"allow":["GET"]}}],"collection":[{"href":"https:\/\/jensgustafsson.se\/index.php?rest_route=\/wp\/v2\/pages"}],"about":[{"href":"https:\/\/jensgustafsson.se\/index.php?rest_route=\/wp\/v2\/types\/page"}],"author":[{"embeddable":true,"href":"https:\/\/jensgustafsson.se\/index.php?rest_route=\/wp\/v2\/users\/1"}],"replies":[{"embeddable":true,"href":"https:\/\/jensgustafsson.se\/index.php?rest_route=%2Fwp%2Fv2%2Fcomments&post=24558"}],"version-history":[{"count":16,"href":"https:\/\/jensgustafsson.se\/index.php?rest_route=\/wp\/v2\/pages\/24558\/revisions"}],"predecessor-version":[{"id":24614,"href":"https:\/\/jensgustafsson.se\/index.php?rest_route=\/wp\/v2\/pages\/24558\/revisions\/24614"}],"up":[{"embeddable":true,"href":"https:\/\/jensgustafsson.se\/index.php?rest_route=\/wp\/v2\/pages\/23747"}],"wp:featuredmedia":[{"embeddable":true,"href":"https:\/\/jensgustafsson.se\/index.php?rest_route=\/wp\/v2\/media\/24591"}],"wp:attachment":[{"href":"https:\/\/jensgustafsson.se\/index.php?rest_route=%2Fwp%2Fv2%2Fmedia&parent=24558"}],"curies":[{"name":"wp","href":"https:\/\/api.w.org\/{rel}","templated":true}]}}