{"id":24876,"date":"2022-06-02T15:41:03","date_gmt":"2022-06-02T14:41:03","guid":{"rendered":"https:\/\/jensgustafsson.se\/?page_id=24876"},"modified":"2022-07-02T14:54:48","modified_gmt":"2022-07-02T13:54:48","slug":"maj-2022","status":"publish","type":"page","link":"https:\/\/jensgustafsson.se\/?page_id=24876","title":{"rendered":"Maj 2022."},"content":{"rendered":"\n<figure class=\"wp-block-image size-large\"><img loading=\"lazy\" decoding=\"async\" width=\"1024\" height=\"605\" src=\"https:\/\/media1.jensgustafsson.se\/2022\/06\/DSC_8398-1024x605.jpg\" alt=\"\" class=\"wp-image-24909\" srcset=\"https:\/\/media1.jensgustafsson.se\/2022\/06\/DSC_8398-1024x605.jpg 1024w, https:\/\/media1.jensgustafsson.se\/2022\/06\/DSC_8398-300x177.jpg 300w, https:\/\/media1.jensgustafsson.se\/2022\/06\/DSC_8398-768x454.jpg 768w, https:\/\/media1.jensgustafsson.se\/2022\/06\/DSC_8398-1536x907.jpg 1536w, https:\/\/media1.jensgustafsson.se\/2022\/06\/DSC_8398-2048x1210.jpg 2048w, https:\/\/media1.jensgustafsson.se\/2022\/06\/DSC_8398-500x295.jpg 500w\" sizes=\"auto, (max-width: 1024px) 100vw, 1024px\" \/><\/figure>\n\n\n\n<figure class=\"wp-block-image size-large\"><img loading=\"lazy\" decoding=\"async\" width=\"1024\" height=\"423\" src=\"https:\/\/media1.jensgustafsson.se\/2022\/06\/image-1024x423.png\" alt=\"\" class=\"wp-image-24877\" srcset=\"https:\/\/media1.jensgustafsson.se\/2022\/06\/image-1024x423.png 1024w, https:\/\/media1.jensgustafsson.se\/2022\/06\/image-300x124.png 300w, https:\/\/media1.jensgustafsson.se\/2022\/06\/image-768x317.png 768w, https:\/\/media1.jensgustafsson.se\/2022\/06\/image-1536x634.png 1536w, https:\/\/media1.jensgustafsson.se\/2022\/06\/image-500x206.png 500w, https:\/\/media1.jensgustafsson.se\/2022\/06\/image.png 1677w\" sizes=\"auto, (max-width: 1024px) 100vw, 1024px\" \/><figcaption><strong><em>K\u00e4lla: Min v\u00e4derstation<\/em><\/strong><\/figcaption><\/figure>\n\n\n\n<p class=\"has-blue-color has-light-gray-background-color has-text-color has-background has-medium-font-size\">\u00c5rets majm\u00e5nad blev lite varmare j\u00e4mf\u00f6rt med det som kallas &#8221;normalperiod&#8221; nu, 1991-2020. Medeltemperaturen i \u00e5r f\u00f6r m\u00e5naden blev +12,1\u00b0, och normalperiodens medeltemp. var +11,4\u00b0, allts\u00e5 0,7\u00b0 h\u00f6gre i \u00e5r.<\/p>\n\n\n\n<p class=\"has-blue-color has-light-gray-background-color has-text-color has-background has-medium-font-size\">Jag visar nedan i stapeldiagram hur medeltemperaturen i maj sett ut genom \u00e5ren 1931-2020, i n\u00e5gra olika referensperioder.<\/p>\n\n\n\n<figure class=\"wp-block-image size-large is-resized\"><img loading=\"lazy\" decoding=\"async\" src=\"https:\/\/media1.jensgustafsson.se\/2022\/06\/image-1-1024x436.png\" alt=\"\" class=\"wp-image-24878\" width=\"644\" height=\"274\" srcset=\"https:\/\/media1.jensgustafsson.se\/2022\/06\/image-1-1024x436.png 1024w, https:\/\/media1.jensgustafsson.se\/2022\/06\/image-1-300x128.png 300w, https:\/\/media1.jensgustafsson.se\/2022\/06\/image-1-768x327.png 768w, https:\/\/media1.jensgustafsson.se\/2022\/06\/image-1-500x213.png 500w, https:\/\/media1.jensgustafsson.se\/2022\/06\/image-1.png 1418w\" sizes=\"auto, (max-width: 644px) 100vw, 644px\" \/><figcaption><em>K<\/em><strong><em>\u00e4llor: 1931-2012, SMHI:s m\u00e4tstationer Blankastr\u00f6m och Drageryd. Fr.o.m. 2013 \u00e4r det siffror fr\u00e5n min privata v\u00e4derstation.<\/em><\/strong><\/figcaption><\/figure>\n\n\n\n<figure class=\"wp-block-image size-large is-resized\"><img loading=\"lazy\" decoding=\"async\" src=\"https:\/\/media1.jensgustafsson.se\/2022\/06\/image-2-1024x360.png\" alt=\"\" class=\"wp-image-24879\" width=\"643\" height=\"226\" srcset=\"https:\/\/media1.jensgustafsson.se\/2022\/06\/image-2-1024x360.png 1024w, https:\/\/media1.jensgustafsson.se\/2022\/06\/image-2-300x105.png 300w, https:\/\/media1.jensgustafsson.se\/2022\/06\/image-2-768x270.png 768w, https:\/\/media1.jensgustafsson.se\/2022\/06\/image-2-1536x540.png 1536w, https:\/\/media1.jensgustafsson.se\/2022\/06\/image-2-500x176.png 500w, https:\/\/media1.jensgustafsson.se\/2022\/06\/image-2.png 1826w\" sizes=\"auto, (max-width: 643px) 100vw, 643px\" \/><figcaption><em>K<\/em><strong><em>\u00e4llor: 1931-2012, SMHI:s m\u00e4tstationer Blankastr\u00f6m och Drageryd. Fr.o.m. 2013 \u00e4r det siffror fr\u00e5n min privata v\u00e4derstation.<\/em><\/strong><\/figcaption><\/figure>\n\n\n\n<figure class=\"wp-block-image size-large\"><img loading=\"lazy\" decoding=\"async\" width=\"1024\" height=\"301\" src=\"https:\/\/media1.jensgustafsson.se\/2022\/06\/image-4-1024x301.png\" alt=\"\" class=\"wp-image-24883\" srcset=\"https:\/\/media1.jensgustafsson.se\/2022\/06\/image-4-1024x301.png 1024w, https:\/\/media1.jensgustafsson.se\/2022\/06\/image-4-300x88.png 300w, https:\/\/media1.jensgustafsson.se\/2022\/06\/image-4-768x226.png 768w, https:\/\/media1.jensgustafsson.se\/2022\/06\/image-4-1536x452.png 1536w, https:\/\/media1.jensgustafsson.se\/2022\/06\/image-4-2048x602.png 2048w, https:\/\/media1.jensgustafsson.se\/2022\/06\/image-4-500x147.png 500w\" sizes=\"auto, (max-width: 1024px) 100vw, 1024px\" \/><figcaption><em>K<\/em><strong><em>\u00e4llor: 1931-2012, SMHI:s m\u00e4tstationer Blankastr\u00f6m och Drageryd. Fr.o.m. 2013 \u00e4r det siffror fr\u00e5n min privata v\u00e4derstation.<\/em><\/strong><\/figcaption><\/figure>\n\n\n\n<p class=\"has-blue-color has-light-gray-background-color has-text-color has-background has-medium-font-size\">Kanske man blir lite f\u00f6rv\u00e5nad att m\u00e5naden var lite varmare, j\u00e4mf\u00f6rt med referensperioden 1991-2020, och \u00e4ven j\u00e4mf\u00f6rt med senare \u00e5rs majm\u00e5nader, som vi ser i diagrammen ovan. Vi har bara haft en enda h\u00f6gsommardag (maxtemp. \u00f6ver 25\u00b0), det brukar vara n\u00e5gra flera. T.ex. i fjol hade vi 3 h\u00f6gsommardagar i maj. \u00d6ver lag har vi d\u00e4remot haft lite mildare n\u00e4tter, bara 1 frostnatt, och 5 dagar med markfrost ( frost p\u00e5 marken, plusgrader p\u00e5 termometern). Den meteorologiska sommaren ( d\u00e5 vi haft en dygnsmedeltemp. \u00f6ver +10\u00b0 i 5 dygn p\u00e5 raken) inf\u00f6ll i \u00e5r den 10 maj. Ungef\u00e4r lika med fjol\u00e5rets, d\u00e5 den kom 9 maj. Kan ju ocks\u00e5 n\u00e4mna i f\u00f6rbifarten att jag h\u00f6rde g\u00f6ken f\u00f6r f\u00f6rsta g\u00e5ngen i \u00e5r den 4:e maj, exakt samma dag som fjol\u00e5ret, 2021. <\/p>\n\n\n\n<p class=\"has-blue-color has-light-gray-background-color has-text-color has-background has-medium-font-size\">Nu var ju skillnaden vad g\u00e4ller maj i \u00e5r j\u00e4mf\u00f6rt med referensperioden 1991-2020 (+0,7\u00b0 h\u00f6gre), och det \u00e4r v\u00e4l inget man reagerar \u00f6ver, f\u00f6rutom n\u00e4r man djupdyker i statistik som jag g\u00f6r, med tiondels graders skillnad. Jag g\u00f6r en till j\u00e4mf\u00f6relse innan jag l\u00e4mnar temperaturen i majm\u00e5naden, och g\u00f6r en j\u00e4mf\u00f6relse av \u00e5rets majm\u00e5nad mot en tio\u00e5rsperiod, 2011-2020, och d\u00e4r hamnar medeltemperaturen p\u00e5 +12,2\u00b0. \u00c5rets blev ju 12,1\u00b0, s\u00e5 d\u00e4r kan man s\u00e4ga att det inte h\u00e4nt n\u00e5gonting under perioden. Statistik \u00e4r bra, och r\u00e4tt anv\u00e4nd, s\u00e5 kan den vara till att friska upp minnet, som ibland kan vara v\u00e4ldigt kort har jag uppt\u00e4ckt.<\/p>\n\n\n\n<p class=\"has-blue-color has-light-gray-background-color has-text-color has-background has-medium-font-size\">Nedan ser vi en sammanfattning av lite temperatursiffror fr\u00e5n loggen p\u00e5 min v\u00e4derstation under maj 2022.<\/p>\n\n\n\n<p class=\"has-blue-color has-light-gray-background-color has-text-color has-background has-medium-font-size\">Temperatur (\u00b0C):<br \/>Medel (min+max): 12,1<br \/>Medelminimum: 6,0<br \/>Medelmaximum: 18,6<br \/>Minimum: -1,0 den 4 maj<br \/>Maximum: 27,1 den 19 maj<br \/>H\u00f6gsta minimum: 11,2 den 20 maj<br \/>L\u00e4gsta maximum: 12,1 den 21 maj<br \/>Frostn\u00e4tter: 1<br \/>Markfrost: 5 morgnar<\/p>\n\n\n\n<figure class=\"wp-block-image size-large\"><img loading=\"lazy\" decoding=\"async\" width=\"1024\" height=\"683\" src=\"https:\/\/media1.jensgustafsson.se\/2022\/06\/DSC_8715-1024x683.jpg\" alt=\"\" class=\"wp-image-24910\" srcset=\"https:\/\/media1.jensgustafsson.se\/2022\/06\/DSC_8715-1024x683.jpg 1024w, https:\/\/media1.jensgustafsson.se\/2022\/06\/DSC_8715-300x200.jpg 300w, https:\/\/media1.jensgustafsson.se\/2022\/06\/DSC_8715-768x512.jpg 768w, https:\/\/media1.jensgustafsson.se\/2022\/06\/DSC_8715-1536x1024.jpg 1536w, https:\/\/media1.jensgustafsson.se\/2022\/06\/DSC_8715-2048x1366.jpg 2048w, https:\/\/media1.jensgustafsson.se\/2022\/06\/DSC_8715-450x300.jpg 450w\" sizes=\"auto, (max-width: 1024px) 100vw, 1024px\" \/><\/figure>\n\n\n\n<figure class=\"wp-block-image size-large\"><img loading=\"lazy\" decoding=\"async\" width=\"1024\" height=\"417\" src=\"https:\/\/media1.jensgustafsson.se\/2022\/06\/image-5-1024x417.png\" alt=\"\" class=\"wp-image-24885\" srcset=\"https:\/\/media1.jensgustafsson.se\/2022\/06\/image-5-1024x417.png 1024w, https:\/\/media1.jensgustafsson.se\/2022\/06\/image-5-300x122.png 300w, https:\/\/media1.jensgustafsson.se\/2022\/06\/image-5-768x313.png 768w, https:\/\/media1.jensgustafsson.se\/2022\/06\/image-5-500x204.png 500w, https:\/\/media1.jensgustafsson.se\/2022\/06\/image-5.png 1425w\" sizes=\"auto, (max-width: 1024px) 100vw, 1024px\" \/><figcaption><strong><em>K\u00e4lla: Min v\u00e4derstation<\/em><\/strong><\/figcaption><\/figure>\n\n\n\n<p class=\"has-blue-color has-light-gray-background-color has-text-color has-background has-medium-font-size\">En regnfattig majm\u00e5nad, bara 19 mm har vi f\u00e5tt. Det \u00e4r ca 60% mindre j\u00e4mf\u00f6rt med normalperioden 1991-2020. Regnet har kommit under 10 dygn senare delen av m\u00e5naden, som vi ser i stapeldiagrammet ovan. En dag har jag ocks\u00e5 registrerat \u00e5ska p\u00e5 avst\u00e5nd. Den senaste tiden har jag noterat en snabb s\u00e4nkning av vattenfl\u00f6det i N\u00f6t\u00e5n och tillh\u00f6rande sj\u00f6ar h\u00e4r, och det ser inte bra ut inf\u00f6r sommaren, om det inte sl\u00e5r om i v\u00e4dret och kommer regn snart. Jag visar n\u00e5gra i diagram nedan, hur maj sett ut nederb\u00f6rdsm\u00e4ssigt genom \u00e5ren.<\/p>\n\n\n\n<figure class=\"wp-block-image size-large\"><img loading=\"lazy\" decoding=\"async\" width=\"1024\" height=\"389\" src=\"https:\/\/media1.jensgustafsson.se\/2022\/06\/image-6-1024x389.png\" alt=\"\" class=\"wp-image-24886\" srcset=\"https:\/\/media1.jensgustafsson.se\/2022\/06\/image-6-1024x389.png 1024w, https:\/\/media1.jensgustafsson.se\/2022\/06\/image-6-300x114.png 300w, https:\/\/media1.jensgustafsson.se\/2022\/06\/image-6-768x292.png 768w, https:\/\/media1.jensgustafsson.se\/2022\/06\/image-6-500x190.png 500w, https:\/\/media1.jensgustafsson.se\/2022\/06\/image-6.png 1427w\" sizes=\"auto, (max-width: 1024px) 100vw, 1024px\" \/><figcaption><em>K<\/em><strong><em>\u00e4llor: 1931-2012, SMHI:s m\u00e4tstationer Blankastr\u00f6m och Drageryd. Fr.o.m. 2013 \u00e4r det siffror fr\u00e5n min privata v\u00e4derstation.<\/em><\/strong><\/figcaption><\/figure>\n\n\n\n<figure class=\"wp-block-image size-large\"><img loading=\"lazy\" decoding=\"async\" width=\"1024\" height=\"341\" src=\"https:\/\/media1.jensgustafsson.se\/2022\/06\/image-7-1024x341.png\" alt=\"\" class=\"wp-image-24887\" srcset=\"https:\/\/media1.jensgustafsson.se\/2022\/06\/image-7-1024x341.png 1024w, https:\/\/media1.jensgustafsson.se\/2022\/06\/image-7-300x100.png 300w, https:\/\/media1.jensgustafsson.se\/2022\/06\/image-7-768x256.png 768w, https:\/\/media1.jensgustafsson.se\/2022\/06\/image-7-1536x512.png 1536w, https:\/\/media1.jensgustafsson.se\/2022\/06\/image-7-500x167.png 500w, https:\/\/media1.jensgustafsson.se\/2022\/06\/image-7.png 1726w\" sizes=\"auto, (max-width: 1024px) 100vw, 1024px\" \/><figcaption><em>K<\/em><strong><em>\u00e4llor: 1931-2012, SMHI:s m\u00e4tstationer Blankastr\u00f6m och Drageryd. Fr.o.m. 2013 \u00e4r det siffror fr\u00e5n min privata v\u00e4derstation.<\/em><\/strong><\/figcaption><\/figure>\n\n\n\n<figure class=\"wp-block-image size-large is-resized\"><img loading=\"lazy\" decoding=\"async\" src=\"https:\/\/media1.jensgustafsson.se\/2022\/06\/image-8-1024x353.png\" alt=\"\" class=\"wp-image-24888\" width=\"648\" height=\"223\" srcset=\"https:\/\/media1.jensgustafsson.se\/2022\/06\/image-8-1024x353.png 1024w, https:\/\/media1.jensgustafsson.se\/2022\/06\/image-8-300x103.png 300w, https:\/\/media1.jensgustafsson.se\/2022\/06\/image-8-768x265.png 768w, https:\/\/media1.jensgustafsson.se\/2022\/06\/image-8-1536x530.png 1536w, https:\/\/media1.jensgustafsson.se\/2022\/06\/image-8-500x172.png 500w, https:\/\/media1.jensgustafsson.se\/2022\/06\/image-8.png 2044w\" sizes=\"auto, (max-width: 648px) 100vw, 648px\" \/><figcaption><em>K<\/em><strong><em>\u00e4llor: 1931-2012, SMHI:s m\u00e4tstationer Blankastr\u00f6m och Drageryd. Fr.o.m. 2013 \u00e4r det siffror fr\u00e5n min privata v\u00e4derstation.<\/em><\/strong><\/figcaption><\/figure>\n\n\n\n<p class=\"has-blue-color has-light-gray-background-color has-text-color has-background has-medium-font-size\">Jag har ocks\u00e5 tittat p\u00e5 hur det ligger till med nederb\u00f6rd efter de 5 f\u00f6rsta m\u00e5naderna i \u00e5r, och har gjort diagram \u00f6ver \u00e5ren 1991-2022, s\u00e5 \u00e4r det l\u00e4tt\u00f6versk\u00e5dligt hur vi ligger till i \u00e5r, j\u00e4mf\u00f6rt med tidigare \u00e5r. Det ser onekligen lite orov\u00e4ckande ut.<\/p>\n\n\n\n<figure class=\"wp-block-image size-large is-resized\"><img loading=\"lazy\" decoding=\"async\" src=\"https:\/\/media1.jensgustafsson.se\/2022\/06\/image-11-1024x397.png\" alt=\"\" class=\"wp-image-24899\" width=\"667\" height=\"259\" srcset=\"https:\/\/media1.jensgustafsson.se\/2022\/06\/image-11-1024x397.png 1024w, https:\/\/media1.jensgustafsson.se\/2022\/06\/image-11-300x116.png 300w, https:\/\/media1.jensgustafsson.se\/2022\/06\/image-11-768x298.png 768w, https:\/\/media1.jensgustafsson.se\/2022\/06\/image-11-1536x596.png 1536w, https:\/\/media1.jensgustafsson.se\/2022\/06\/image-11-500x194.png 500w, https:\/\/media1.jensgustafsson.se\/2022\/06\/image-11.png 1926w\" sizes=\"auto, (max-width: 667px) 100vw, 667px\" \/><figcaption><em>K<\/em><strong><em>\u00e4llor: 1931-2012, SMHI:s m\u00e4tstationer Blankastr\u00f6m och Drageryd. Fr.o.m. 2013 \u00e4r det siffror fr\u00e5n min privata v\u00e4derstation.<\/em><\/strong><\/figcaption><\/figure>\n\n\n\n<p class=\"has-blue-color has-light-gray-background-color has-text-color has-background has-medium-font-size\">N\u00e4r vi \u00e4nd\u00e5 \u00e4r ig\u00e5ng, s\u00e5 tittar vi ocks\u00e5 p\u00e5 hur v\u00e5ren (mars, april och maj) sett ut med nederb\u00f6rd totalt sett, och under samma tidsperiod.<\/p>\n\n\n\n<figure class=\"wp-block-image size-large is-resized\"><img loading=\"lazy\" decoding=\"async\" src=\"https:\/\/media1.jensgustafsson.se\/2022\/06\/image-12-1024x380.png\" alt=\"\" class=\"wp-image-24900\" width=\"684\" height=\"254\" srcset=\"https:\/\/media1.jensgustafsson.se\/2022\/06\/image-12-1024x380.png 1024w, https:\/\/media1.jensgustafsson.se\/2022\/06\/image-12-300x111.png 300w, https:\/\/media1.jensgustafsson.se\/2022\/06\/image-12-768x285.png 768w, https:\/\/media1.jensgustafsson.se\/2022\/06\/image-12-1536x570.png 1536w, https:\/\/media1.jensgustafsson.se\/2022\/06\/image-12-500x186.png 500w, https:\/\/media1.jensgustafsson.se\/2022\/06\/image-12.png 1932w\" sizes=\"auto, (max-width: 684px) 100vw, 684px\" \/><figcaption><em>K<\/em><strong><em>\u00e4llor: 1931-2012, SMHI:s m\u00e4tstationer Blankastr\u00f6m och Drageryd. Fr.o.m. 2013 \u00e4r det siffror fr\u00e5n min privata v\u00e4derstation.<\/em><\/strong><\/figcaption><\/figure>\n\n\n\n<figure class=\"wp-block-image size-large\"><img loading=\"lazy\" decoding=\"async\" width=\"1024\" height=\"683\" src=\"https:\/\/media1.jensgustafsson.se\/2022\/06\/DSC_8806-2-1024x683.jpg\" alt=\"\" class=\"wp-image-24911\" srcset=\"https:\/\/media1.jensgustafsson.se\/2022\/06\/DSC_8806-2-1024x683.jpg 1024w, https:\/\/media1.jensgustafsson.se\/2022\/06\/DSC_8806-2-300x200.jpg 300w, https:\/\/media1.jensgustafsson.se\/2022\/06\/DSC_8806-2-768x512.jpg 768w, https:\/\/media1.jensgustafsson.se\/2022\/06\/DSC_8806-2-1536x1024.jpg 1536w, https:\/\/media1.jensgustafsson.se\/2022\/06\/DSC_8806-2-2048x1366.jpg 2048w, https:\/\/media1.jensgustafsson.se\/2022\/06\/DSC_8806-2-450x300.jpg 450w\" sizes=\"auto, (max-width: 1024px) 100vw, 1024px\" \/><\/figure>\n\n\n\n<figure class=\"wp-block-image size-large is-resized\"><img loading=\"lazy\" decoding=\"async\" src=\"https:\/\/media1.jensgustafsson.se\/2022\/06\/image-13-1024x417.png\" alt=\"\" class=\"wp-image-24901\" width=\"631\" height=\"257\" srcset=\"https:\/\/media1.jensgustafsson.se\/2022\/06\/image-13-1024x417.png 1024w, https:\/\/media1.jensgustafsson.se\/2022\/06\/image-13-300x122.png 300w, https:\/\/media1.jensgustafsson.se\/2022\/06\/image-13-768x313.png 768w, https:\/\/media1.jensgustafsson.se\/2022\/06\/image-13-500x204.png 500w, https:\/\/media1.jensgustafsson.se\/2022\/06\/image-13.png 1445w\" sizes=\"auto, (max-width: 631px) 100vw, 631px\" \/><figcaption><strong><em>K\u00e4lla: Min v\u00e4derstation<\/em><\/strong><\/figcaption><\/figure>\n\n\n\n<p class=\"has-blue-color has-light-gray-background-color has-text-color has-background has-medium-font-size\">Vindriktningen under m\u00e5naden ser vi f\u00f6rdelningen \u00f6ver i staplarna ovan. Ungef\u00e4r lika mycket vind under majm\u00e5naden som under april Den genomsnittliga maxvinden blev 7,3 m\/sek.<\/p>\n\n\n\n<figure class=\"wp-block-image size-large\"><img loading=\"lazy\" decoding=\"async\" width=\"1024\" height=\"683\" src=\"https:\/\/media1.jensgustafsson.se\/2022\/06\/DSC_8527-1024x683.jpg\" alt=\"\" class=\"wp-image-24912\" srcset=\"https:\/\/media1.jensgustafsson.se\/2022\/06\/DSC_8527-1024x683.jpg 1024w, https:\/\/media1.jensgustafsson.se\/2022\/06\/DSC_8527-300x200.jpg 300w, https:\/\/media1.jensgustafsson.se\/2022\/06\/DSC_8527-768x512.jpg 768w, https:\/\/media1.jensgustafsson.se\/2022\/06\/DSC_8527-1536x1024.jpg 1536w, https:\/\/media1.jensgustafsson.se\/2022\/06\/DSC_8527-2048x1365.jpg 2048w, https:\/\/media1.jensgustafsson.se\/2022\/06\/DSC_8527-450x300.jpg 450w\" sizes=\"auto, (max-width: 1024px) 100vw, 1024px\" \/><\/figure>\n\n\n\n<p class=\"has-blue-color has-light-gray-background-color has-text-color has-background has-medium-font-size\">Som avslutning p\u00e5  detta inl\u00e4gg, och i och med att det nu g\u00e5r att sammanfatta hur den kalenderm\u00e4ssiga v\u00e5ren blev i \u00e5r temperaturm\u00e4ssigt ocks\u00e5. \u00c4ven h\u00e4r har jag tagit perioden 1991-2022 i diagrammet nedan. Marginellt h\u00f6gre medeltemperatur i \u00e5r j\u00e4mf\u00f6rt med f\u00f6rra \u00e5ret (0,2\u00b0 h\u00f6gre) och exakt lika med medeltemperaturen f\u00f6r referensperioden 1991-2020 (+6,8\u00b0) Jag j\u00e4mf\u00f6r ocks\u00e5 v\u00e5rarna 1991-2020 mot den gamla referensperioden 1961-1990, och ser att v\u00e5rarna har blivit 1,7\u00b0 varmare i den senaste referensperioden.<\/p>\n\n\n\n<figure class=\"wp-block-image size-large is-resized\"><img loading=\"lazy\" decoding=\"async\" src=\"https:\/\/media1.jensgustafsson.se\/2022\/06\/image-14-1024x365.png\" alt=\"\" class=\"wp-image-24903\" width=\"679\" height=\"242\" srcset=\"https:\/\/media1.jensgustafsson.se\/2022\/06\/image-14-1024x365.png 1024w, https:\/\/media1.jensgustafsson.se\/2022\/06\/image-14-300x107.png 300w, https:\/\/media1.jensgustafsson.se\/2022\/06\/image-14-768x274.png 768w, https:\/\/media1.jensgustafsson.se\/2022\/06\/image-14-1536x547.png 1536w, https:\/\/media1.jensgustafsson.se\/2022\/06\/image-14-500x178.png 500w, https:\/\/media1.jensgustafsson.se\/2022\/06\/image-14.png 1616w\" sizes=\"auto, (max-width: 679px) 100vw, 679px\" \/><figcaption><em>K<\/em><strong><em>\u00e4llor: 1931-2012, SMHI:s m\u00e4tstationer Blankastr\u00f6m och Drageryd. Fr.o.m. 2013 \u00e4r det siffror fr\u00e5n min privata v\u00e4derstation.<\/em><\/strong><\/figcaption><\/figure>\n\n\n\n<p class=\"has-blue-color has-light-gray-background-color has-text-color has-background has-medium-font-size\">N\u00e4r vi nu \u00e4r inne i \u00e5rstiden sommar, s\u00e5 hoppas jag att vi f\u00e5r en hel del regn, f\u00f6r att kompensera den torra inledningen p\u00e5 \u00e5ret. L\u00e5ter ju inget vidare egentligen, att \u00f6nska regn p\u00e5 sommaren, men man m\u00e5ste vara realist, och se till verkligheten. Det g\u00e5r inte b\u00e5de att ha kakan och \u00e4ta den, som det heter i ett gammalt tales\u00e4tt. <\/p>\n\n\n\n<figure class=\"wp-block-image size-large\"><img loading=\"lazy\" decoding=\"async\" width=\"1024\" height=\"775\" src=\"https:\/\/media1.jensgustafsson.se\/2022\/06\/DSC_9284-2-1024x775.jpg\" alt=\"\" class=\"wp-image-24913\" srcset=\"https:\/\/media1.jensgustafsson.se\/2022\/06\/DSC_9284-2-1024x775.jpg 1024w, https:\/\/media1.jensgustafsson.se\/2022\/06\/DSC_9284-2-300x227.jpg 300w, https:\/\/media1.jensgustafsson.se\/2022\/06\/DSC_9284-2-768x581.jpg 768w, https:\/\/media1.jensgustafsson.se\/2022\/06\/DSC_9284-2-1536x1162.jpg 1536w, https:\/\/media1.jensgustafsson.se\/2022\/06\/DSC_9284-2-396x300.jpg 396w, https:\/\/media1.jensgustafsson.se\/2022\/06\/DSC_9284-2.jpg 1652w\" sizes=\"auto, (max-width: 1024px) 100vw, 1024px\" \/><\/figure>\n","protected":false},"excerpt":{"rendered":"<p>\u00c5rets majm\u00e5nad blev lite varmare j\u00e4mf\u00f6rt med det som kallas &#8221;normalperiod&#8221; nu, 1991-2020. Medeltemperaturen i \u00e5r f\u00f6r m\u00e5naden blev +12,1\u00b0, och normalperiodens medeltemp. var +11,4\u00b0, allts\u00e5 0,7\u00b0 h\u00f6gre i \u00e5r. Jag visar nedan i stapeldiagram hur medeltemperaturen i maj sett &hellip; <a href=\"https:\/\/jensgustafsson.se\/?page_id=24876\">Forts\u00e4tt l\u00e4sa <span class=\"meta-nav\">&rarr;<\/span><\/a><\/p>\n","protected":false},"author":1,"featured_media":24907,"parent":23747,"menu_order":5,"comment_status":"open","ping_status":"closed","template":"","meta":{"footnotes":""},"class_list":["post-24876","page","type-page","status-publish","has-post-thumbnail","hentry"],"_links":{"self":[{"href":"https:\/\/jensgustafsson.se\/index.php?rest_route=\/wp\/v2\/pages\/24876","targetHints":{"allow":["GET"]}}],"collection":[{"href":"https:\/\/jensgustafsson.se\/index.php?rest_route=\/wp\/v2\/pages"}],"about":[{"href":"https:\/\/jensgustafsson.se\/index.php?rest_route=\/wp\/v2\/types\/page"}],"author":[{"embeddable":true,"href":"https:\/\/jensgustafsson.se\/index.php?rest_route=\/wp\/v2\/users\/1"}],"replies":[{"embeddable":true,"href":"https:\/\/jensgustafsson.se\/index.php?rest_route=%2Fwp%2Fv2%2Fcomments&post=24876"}],"version-history":[{"count":15,"href":"https:\/\/jensgustafsson.se\/index.php?rest_route=\/wp\/v2\/pages\/24876\/revisions"}],"predecessor-version":[{"id":25219,"href":"https:\/\/jensgustafsson.se\/index.php?rest_route=\/wp\/v2\/pages\/24876\/revisions\/25219"}],"up":[{"embeddable":true,"href":"https:\/\/jensgustafsson.se\/index.php?rest_route=\/wp\/v2\/pages\/23747"}],"wp:featuredmedia":[{"embeddable":true,"href":"https:\/\/jensgustafsson.se\/index.php?rest_route=\/wp\/v2\/media\/24907"}],"wp:attachment":[{"href":"https:\/\/jensgustafsson.se\/index.php?rest_route=%2Fwp%2Fv2%2Fmedia&parent=24876"}],"curies":[{"name":"wp","href":"https:\/\/api.w.org\/{rel}","templated":true}]}}