{"id":25187,"date":"2022-07-02T05:24:45","date_gmt":"2022-07-02T04:24:45","guid":{"rendered":"https:\/\/jensgustafsson.se\/?page_id=25187"},"modified":"2022-07-02T14:54:22","modified_gmt":"2022-07-02T13:54:22","slug":"juni-2022","status":"publish","type":"page","link":"https:\/\/jensgustafsson.se\/?page_id=25187","title":{"rendered":"Juni 2022."},"content":{"rendered":"\n<figure class=\"wp-block-image size-large\"><img loading=\"lazy\" decoding=\"async\" width=\"1024\" height=\"767\" src=\"https:\/\/media1.jensgustafsson.se\/2022\/07\/DSC_9646-2-1024x767.jpg\" alt=\"\" class=\"wp-image-25221\" srcset=\"https:\/\/media1.jensgustafsson.se\/2022\/07\/DSC_9646-2-1024x767.jpg 1024w, https:\/\/media1.jensgustafsson.se\/2022\/07\/DSC_9646-2-300x225.jpg 300w, https:\/\/media1.jensgustafsson.se\/2022\/07\/DSC_9646-2-768x575.jpg 768w, https:\/\/media1.jensgustafsson.se\/2022\/07\/DSC_9646-2-1536x1151.jpg 1536w, https:\/\/media1.jensgustafsson.se\/2022\/07\/DSC_9646-2-2048x1534.jpg 2048w, https:\/\/media1.jensgustafsson.se\/2022\/07\/DSC_9646-2-400x300.jpg 400w\" sizes=\"auto, (max-width: 1024px) 100vw, 1024px\" \/><\/figure>\n\n\n\n<figure class=\"wp-block-image size-large\"><img loading=\"lazy\" decoding=\"async\" width=\"1024\" height=\"423\" src=\"https:\/\/media1.jensgustafsson.se\/2022\/07\/image-1024x423.png\" alt=\"\" class=\"wp-image-25189\" srcset=\"https:\/\/media1.jensgustafsson.se\/2022\/07\/image-1024x423.png 1024w, https:\/\/media1.jensgustafsson.se\/2022\/07\/image-300x124.png 300w, https:\/\/media1.jensgustafsson.se\/2022\/07\/image-768x317.png 768w, https:\/\/media1.jensgustafsson.se\/2022\/07\/image-1536x634.png 1536w, https:\/\/media1.jensgustafsson.se\/2022\/07\/image-500x206.png 500w, https:\/\/media1.jensgustafsson.se\/2022\/07\/image.png 1677w\" sizes=\"auto, (max-width: 1024px) 100vw, 1024px\" \/><figcaption><strong><em>K\u00e4lla: Min v\u00e4derstation<\/em><\/strong><\/figcaption><\/figure>\n\n\n\n<p class=\"has-blue-color has-light-gray-background-color has-text-color has-background has-medium-font-size\">\u00c5rets junim\u00e5nad blev varmare j\u00e4mf\u00f6rt med referensperioden 1991-2020, som g\u00e4ller nu. +17,8\u00b0 blev m\u00e5nadens medeltemperatur, vilket \u00e4r 2,4\u00b0 varmare j\u00e4mf\u00f6rt mot &#8221;normalperioden&#8221; 1991-2020. Som vi ser i diagrammet ovan, s\u00e5 var det i huvudsak fr\u00e5n mitten av m\u00e5naden och fram\u00e5t som det var riktigt varmt. Vi har haft 13 dagar med h\u00f6gsommarv\u00e4rme, d.v.s. maxtemperatur \u00f6ver +25\u00b0. Jag visar i diagram nedan i lite olika tidsperioder genom \u00e5ren 1931-2021, hur medeltemperaturen varit i juni.<\/p>\n\n\n\n<figure class=\"wp-block-image size-large is-resized\"><img loading=\"lazy\" decoding=\"async\" src=\"https:\/\/media1.jensgustafsson.se\/2022\/07\/image-1-1024x464.png\" alt=\"\" class=\"wp-image-25190\" width=\"663\" height=\"301\" srcset=\"https:\/\/media1.jensgustafsson.se\/2022\/07\/image-1-1024x464.png 1024w, https:\/\/media1.jensgustafsson.se\/2022\/07\/image-1-300x136.png 300w, https:\/\/media1.jensgustafsson.se\/2022\/07\/image-1-768x348.png 768w, https:\/\/media1.jensgustafsson.se\/2022\/07\/image-1-500x226.png 500w, https:\/\/media1.jensgustafsson.se\/2022\/07\/image-1.png 1418w\" sizes=\"auto, (max-width: 663px) 100vw, 663px\" \/><figcaption><em>K<\/em><strong><em>\u00e4llor: 1931-2012, SMHI:s m\u00e4tstationer Blankastr\u00f6m och Drageryd. Fr.o.m. 2013 \u00e4r det siffror fr\u00e5n min privata v\u00e4derstation.<\/em><\/strong><\/figcaption><\/figure>\n\n\n\n<figure class=\"wp-block-image size-large\"><img loading=\"lazy\" decoding=\"async\" width=\"1024\" height=\"360\" src=\"https:\/\/media1.jensgustafsson.se\/2022\/07\/image-2-1024x360.png\" alt=\"\" class=\"wp-image-25191\" srcset=\"https:\/\/media1.jensgustafsson.se\/2022\/07\/image-2-1024x360.png 1024w, https:\/\/media1.jensgustafsson.se\/2022\/07\/image-2-300x105.png 300w, https:\/\/media1.jensgustafsson.se\/2022\/07\/image-2-768x270.png 768w, https:\/\/media1.jensgustafsson.se\/2022\/07\/image-2-1536x540.png 1536w, https:\/\/media1.jensgustafsson.se\/2022\/07\/image-2-500x176.png 500w, https:\/\/media1.jensgustafsson.se\/2022\/07\/image-2.png 1826w\" sizes=\"auto, (max-width: 1024px) 100vw, 1024px\" \/><figcaption><em>K<\/em><strong><em>\u00e4llor: 1931-2012, SMHI:s m\u00e4tstationer Blankastr\u00f6m och Drageryd. Fr.o.m. 2013 \u00e4r det siffror fr\u00e5n min privata v\u00e4derstation.<\/em><\/strong><\/figcaption><\/figure>\n\n\n\n<figure class=\"wp-block-image size-large\"><img loading=\"lazy\" decoding=\"async\" width=\"1024\" height=\"255\" src=\"https:\/\/media1.jensgustafsson.se\/2022\/07\/image-12-1024x255.png\" alt=\"\" class=\"wp-image-25213\" srcset=\"https:\/\/media1.jensgustafsson.se\/2022\/07\/image-12-1024x255.png 1024w, https:\/\/media1.jensgustafsson.se\/2022\/07\/image-12-300x75.png 300w, https:\/\/media1.jensgustafsson.se\/2022\/07\/image-12-768x191.png 768w, https:\/\/media1.jensgustafsson.se\/2022\/07\/image-12-1536x382.png 1536w, https:\/\/media1.jensgustafsson.se\/2022\/07\/image-12-2048x510.png 2048w, https:\/\/media1.jensgustafsson.se\/2022\/07\/image-12-500x124.png 500w\" sizes=\"auto, (max-width: 1024px) 100vw, 1024px\" \/><figcaption><em>K<\/em><strong><em>\u00e4llor: 1931-2012, SMHI:s m\u00e4tstationer Blankastr\u00f6m och Drageryd. Fr.o.m. 2013 \u00e4r det siffror fr\u00e5n min privata v\u00e4derstation.<\/em><\/strong><\/figcaption><\/figure>\n\n\n\n<p class=\"has-blue-color has-light-gray-background-color has-text-color has-background has-medium-font-size\">Nedan ser vi en sammanfattning av lite temperatursiffror fr\u00e5n loggen p\u00e5 min v\u00e4derstation under juni 2022.<\/p>\n\n\n\n<p class=\"has-blue-color has-light-gray-background-color has-text-color has-background has-medium-font-size\">Temperatur (\u00b0C):<br \/>Medel (min+max): 17,8<br \/>Medelminimum: 11,1<br \/>Medelmaximum: 24,5<br \/>Minimum: 6,5 den 1 juni<br \/>Maximum: 32,6 den 27 juni<br \/>H\u00f6gsta minimum: 18,2 den 28 juni<br \/>L\u00e4gsta maximum: 17,6 den 3 juni<br \/>H\u00f6gsommardagar: 13 (maxtemp. \u00d6ver +25\u00b0)<\/p>\n\n\n\n<figure class=\"wp-block-image size-large\"><img loading=\"lazy\" decoding=\"async\" width=\"1024\" height=\"683\" src=\"https:\/\/media1.jensgustafsson.se\/2022\/07\/DSC_9739-1024x683.jpg\" alt=\"\" class=\"wp-image-25222\" srcset=\"https:\/\/media1.jensgustafsson.se\/2022\/07\/DSC_9739-1024x683.jpg 1024w, https:\/\/media1.jensgustafsson.se\/2022\/07\/DSC_9739-300x200.jpg 300w, https:\/\/media1.jensgustafsson.se\/2022\/07\/DSC_9739-768x512.jpg 768w, https:\/\/media1.jensgustafsson.se\/2022\/07\/DSC_9739-1536x1024.jpg 1536w, https:\/\/media1.jensgustafsson.se\/2022\/07\/DSC_9739-2048x1365.jpg 2048w, https:\/\/media1.jensgustafsson.se\/2022\/07\/DSC_9739-450x300.jpg 450w\" sizes=\"auto, (max-width: 1024px) 100vw, 1024px\" \/><\/figure>\n\n\n\n<figure class=\"wp-block-image size-large\"><img loading=\"lazy\" decoding=\"async\" width=\"1024\" height=\"417\" src=\"https:\/\/media1.jensgustafsson.se\/2022\/07\/image-6-1024x417.png\" alt=\"\" class=\"wp-image-25195\" srcset=\"https:\/\/media1.jensgustafsson.se\/2022\/07\/image-6-1024x417.png 1024w, https:\/\/media1.jensgustafsson.se\/2022\/07\/image-6-300x122.png 300w, https:\/\/media1.jensgustafsson.se\/2022\/07\/image-6-768x313.png 768w, https:\/\/media1.jensgustafsson.se\/2022\/07\/image-6-500x204.png 500w, https:\/\/media1.jensgustafsson.se\/2022\/07\/image-6.png 1425w\" sizes=\"auto, (max-width: 1024px) 100vw, 1024px\" \/><figcaption><strong><em>K\u00e4lla: Min v\u00e4derstation<\/em><\/strong><\/figcaption><\/figure>\n\n\n\n<p class=\"has-blue-color has-light-gray-background-color has-text-color has-background has-medium-font-size\">Regn har det varit d\u00e5ligt med. Vi har f\u00e5tt 14 mm totalt, f\u00f6rdelat \u00f6ver 9 dagar. Normalt f\u00f6r juni i referensperioden 1991-2020 \u00e4r 61 mm, och allts\u00e5 har vi bara f\u00e5tt 23% av den genomsnittliga regnm\u00e4ngden som \u00e4r brukligt. F\u00f6r att se hur vi ligger till med nederb\u00f6rd efter att de f\u00f6rsta 6 m\u00e5naderna har g\u00e5tt, s\u00e5 gick jag tillbaka och tog ett medeltal f\u00f6r de 6 f\u00f6rsta m\u00e5naderna i referensperioden 1991-2020. J\u00e4mf\u00f6rt med det talet, s\u00e5 ligger vi cirka 75 mm efter med nederb\u00f6rd i \u00e5r \u00e4n s\u00e5 l\u00e4nge, men det hinner f\u00f6rhoppningsvis att \u00e4ndra sig. Vi ska ocks\u00e5 komma ih\u00e5g att nederb\u00f6rden kan variera mycket fr\u00e5n plats till plats, med bara n\u00e5gon kilometers skillnad. Nedan visar jag i diagram regnm\u00e4ngder f\u00f6r juni i n\u00e5gra olika tidsperioder under tiden 1931-2022.<\/p>\n\n\n\n<figure class=\"wp-block-image size-large\"><img loading=\"lazy\" decoding=\"async\" width=\"1024\" height=\"388\" src=\"https:\/\/media1.jensgustafsson.se\/2022\/07\/image-4-1024x388.png\" alt=\"\" class=\"wp-image-25193\" srcset=\"https:\/\/media1.jensgustafsson.se\/2022\/07\/image-4-1024x388.png 1024w, https:\/\/media1.jensgustafsson.se\/2022\/07\/image-4-300x114.png 300w, https:\/\/media1.jensgustafsson.se\/2022\/07\/image-4-768x291.png 768w, https:\/\/media1.jensgustafsson.se\/2022\/07\/image-4-500x190.png 500w, https:\/\/media1.jensgustafsson.se\/2022\/07\/image-4.png 1427w\" sizes=\"auto, (max-width: 1024px) 100vw, 1024px\" \/><figcaption><em>K<\/em><strong><em>\u00e4llor: 1931-2012, SMHI:s m\u00e4tstationer Blankastr\u00f6m och Drageryd. Fr.o.m. 2013 \u00e4r det siffror fr\u00e5n min privata v\u00e4derstation.<\/em><\/strong><\/figcaption><\/figure>\n\n\n\n<figure class=\"wp-block-image size-large\"><img loading=\"lazy\" decoding=\"async\" width=\"1024\" height=\"341\" src=\"https:\/\/media1.jensgustafsson.se\/2022\/07\/image-5-1024x341.png\" alt=\"\" class=\"wp-image-25194\" srcset=\"https:\/\/media1.jensgustafsson.se\/2022\/07\/image-5-1024x341.png 1024w, https:\/\/media1.jensgustafsson.se\/2022\/07\/image-5-300x100.png 300w, https:\/\/media1.jensgustafsson.se\/2022\/07\/image-5-768x255.png 768w, https:\/\/media1.jensgustafsson.se\/2022\/07\/image-5-1536x511.png 1536w, https:\/\/media1.jensgustafsson.se\/2022\/07\/image-5-500x166.png 500w, https:\/\/media1.jensgustafsson.se\/2022\/07\/image-5.png 1726w\" sizes=\"auto, (max-width: 1024px) 100vw, 1024px\" \/><figcaption><em>K<\/em><strong><em>\u00e4llor: 1931-2012, SMHI:s m\u00e4tstationer Blankastr\u00f6m och Drageryd. Fr.o.m. 2013 \u00e4r det siffror fr\u00e5n min privata v\u00e4derstation.<\/em><\/strong><\/figcaption><\/figure>\n\n\n\n<figure class=\"wp-block-image size-large\"><img loading=\"lazy\" decoding=\"async\" width=\"1024\" height=\"271\" src=\"https:\/\/media1.jensgustafsson.se\/2022\/07\/image-11-1024x271.png\" alt=\"\" class=\"wp-image-25212\" srcset=\"https:\/\/media1.jensgustafsson.se\/2022\/07\/image-11-1024x271.png 1024w, https:\/\/media1.jensgustafsson.se\/2022\/07\/image-11-300x79.png 300w, https:\/\/media1.jensgustafsson.se\/2022\/07\/image-11-768x203.png 768w, https:\/\/media1.jensgustafsson.se\/2022\/07\/image-11-1536x407.png 1536w, https:\/\/media1.jensgustafsson.se\/2022\/07\/image-11-2048x542.png 2048w, https:\/\/media1.jensgustafsson.se\/2022\/07\/image-11-500x132.png 500w\" sizes=\"auto, (max-width: 1024px) 100vw, 1024px\" \/><figcaption><em>K<\/em><strong><em>\u00e4llor: 1931-2012, SMHI:s m\u00e4tstationer Blankastr\u00f6m och Drageryd. Fr.o.m. 2013 \u00e4r det siffror fr\u00e5n min privata v\u00e4derstation.<\/em><\/strong><\/figcaption><\/figure>\n\n\n\n<figure class=\"wp-block-image size-large\"><img loading=\"lazy\" decoding=\"async\" width=\"1024\" height=\"683\" src=\"https:\/\/media1.jensgustafsson.se\/2022\/07\/DSC_9898-1024x683.jpg\" alt=\"\" class=\"wp-image-25223\" srcset=\"https:\/\/media1.jensgustafsson.se\/2022\/07\/DSC_9898-1024x683.jpg 1024w, https:\/\/media1.jensgustafsson.se\/2022\/07\/DSC_9898-300x200.jpg 300w, https:\/\/media1.jensgustafsson.se\/2022\/07\/DSC_9898-768x512.jpg 768w, https:\/\/media1.jensgustafsson.se\/2022\/07\/DSC_9898-1536x1024.jpg 1536w, https:\/\/media1.jensgustafsson.se\/2022\/07\/DSC_9898-2048x1365.jpg 2048w, https:\/\/media1.jensgustafsson.se\/2022\/07\/DSC_9898-450x300.jpg 450w\" sizes=\"auto, (max-width: 1024px) 100vw, 1024px\" \/><\/figure>\n\n\n\n<figure class=\"wp-block-image size-large\"><img loading=\"lazy\" decoding=\"async\" width=\"1024\" height=\"417\" src=\"https:\/\/media1.jensgustafsson.se\/2022\/07\/image-13-1024x417.png\" alt=\"\" class=\"wp-image-25215\" srcset=\"https:\/\/media1.jensgustafsson.se\/2022\/07\/image-13-1024x417.png 1024w, https:\/\/media1.jensgustafsson.se\/2022\/07\/image-13-300x122.png 300w, https:\/\/media1.jensgustafsson.se\/2022\/07\/image-13-768x313.png 768w, https:\/\/media1.jensgustafsson.se\/2022\/07\/image-13-500x203.png 500w, https:\/\/media1.jensgustafsson.se\/2022\/07\/image-13.png 1445w\" sizes=\"auto, (max-width: 1024px) 100vw, 1024px\" \/><figcaption><strong><em>K\u00e4lla: Min v\u00e4derstation<\/em><\/strong><\/figcaption><\/figure>\n\n\n\n<p class=\"has-blue-color has-light-gray-background-color has-text-color has-background has-medium-font-size\">Vindriktningen under m\u00e5naden ser vi f\u00f6rdelningen \u00f6ver i staplarna ovan. Den genomsnittliga maxvinden under m\u00e5naden blev 7 m\/s. Huvudsakligen vindar fr\u00e5n den v\u00e4stliga sidan, som vi ser i stapeldiagrammet.<\/p>\n\n\n\n<figure class=\"wp-block-image size-large\"><img loading=\"lazy\" decoding=\"async\" width=\"1024\" height=\"605\" src=\"https:\/\/media1.jensgustafsson.se\/2022\/07\/DSC_9957-1024x605.jpg\" alt=\"\" class=\"wp-image-25224\" srcset=\"https:\/\/media1.jensgustafsson.se\/2022\/07\/DSC_9957-1024x605.jpg 1024w, https:\/\/media1.jensgustafsson.se\/2022\/07\/DSC_9957-300x177.jpg 300w, https:\/\/media1.jensgustafsson.se\/2022\/07\/DSC_9957-768x454.jpg 768w, https:\/\/media1.jensgustafsson.se\/2022\/07\/DSC_9957-1536x908.jpg 1536w, https:\/\/media1.jensgustafsson.se\/2022\/07\/DSC_9957-2048x1211.jpg 2048w, https:\/\/media1.jensgustafsson.se\/2022\/07\/DSC_9957-500x296.jpg 500w\" sizes=\"auto, (max-width: 1024px) 100vw, 1024px\" \/><\/figure>\n\n\n\n<p class=\"has-blue-color has-light-gray-background-color has-text-color has-background has-medium-font-size\">Juni 2022 blev den 4:e varmaste junim\u00e5naden under \u00e5ren 1931-2022, som jag har statistik p\u00e5. Jag har f\u00f6rs\u00f6kt leta n\u00e5gon &#8221;r\u00f6d tr\u00e5d&#8221; f\u00f6r att kunna se om det f\u00f6ljer n\u00e5got m\u00f6nster, att t.ex. om det varit en varm och torr inledning p\u00e5 \u00e5ret, hur har det blivit resten av \u00e5ret? Jag hittar inte n\u00e5gon s\u00e5dan logik ibland siffrorna. Vi g\u00e5r in i juli, sommarm\u00e5nad 2 av 3, och ser hur den blir till att b\u00f6rja med.<\/p>\n\n\n\n<figure class=\"wp-block-image size-large\"><img loading=\"lazy\" decoding=\"async\" width=\"1024\" height=\"683\" src=\"https:\/\/media1.jensgustafsson.se\/2022\/07\/DSC_9771-1024x683.jpg\" alt=\"\" class=\"wp-image-25225\" srcset=\"https:\/\/media1.jensgustafsson.se\/2022\/07\/DSC_9771-1024x683.jpg 1024w, https:\/\/media1.jensgustafsson.se\/2022\/07\/DSC_9771-300x200.jpg 300w, https:\/\/media1.jensgustafsson.se\/2022\/07\/DSC_9771-768x512.jpg 768w, https:\/\/media1.jensgustafsson.se\/2022\/07\/DSC_9771-1536x1024.jpg 1536w, https:\/\/media1.jensgustafsson.se\/2022\/07\/DSC_9771-2048x1365.jpg 2048w, https:\/\/media1.jensgustafsson.se\/2022\/07\/DSC_9771-450x300.jpg 450w\" sizes=\"auto, (max-width: 1024px) 100vw, 1024px\" \/><\/figure>\n","protected":false},"excerpt":{"rendered":"<p>\u00c5rets junim\u00e5nad blev varmare j\u00e4mf\u00f6rt med referensperioden 1991-2020, som g\u00e4ller nu. +17,8\u00b0 blev m\u00e5nadens medeltemperatur, vilket \u00e4r 2,4\u00b0 varmare j\u00e4mf\u00f6rt mot &#8221;normalperioden&#8221; 1991-2020. Som vi ser i diagrammet ovan, s\u00e5 var det i huvudsak fr\u00e5n mitten av m\u00e5naden och fram\u00e5t &hellip; <a href=\"https:\/\/jensgustafsson.se\/?page_id=25187\">Forts\u00e4tt l\u00e4sa <span class=\"meta-nav\">&rarr;<\/span><\/a><\/p>\n","protected":false},"author":1,"featured_media":25220,"parent":23747,"menu_order":6,"comment_status":"open","ping_status":"closed","template":"","meta":{"footnotes":""},"class_list":["post-25187","page","type-page","status-publish","has-post-thumbnail","hentry"],"_links":{"self":[{"href":"https:\/\/jensgustafsson.se\/index.php?rest_route=\/wp\/v2\/pages\/25187","targetHints":{"allow":["GET"]}}],"collection":[{"href":"https:\/\/jensgustafsson.se\/index.php?rest_route=\/wp\/v2\/pages"}],"about":[{"href":"https:\/\/jensgustafsson.se\/index.php?rest_route=\/wp\/v2\/types\/page"}],"author":[{"embeddable":true,"href":"https:\/\/jensgustafsson.se\/index.php?rest_route=\/wp\/v2\/users\/1"}],"replies":[{"embeddable":true,"href":"https:\/\/jensgustafsson.se\/index.php?rest_route=%2Fwp%2Fv2%2Fcomments&post=25187"}],"version-history":[{"count":11,"href":"https:\/\/jensgustafsson.se\/index.php?rest_route=\/wp\/v2\/pages\/25187\/revisions"}],"predecessor-version":[{"id":25229,"href":"https:\/\/jensgustafsson.se\/index.php?rest_route=\/wp\/v2\/pages\/25187\/revisions\/25229"}],"up":[{"embeddable":true,"href":"https:\/\/jensgustafsson.se\/index.php?rest_route=\/wp\/v2\/pages\/23747"}],"wp:featuredmedia":[{"embeddable":true,"href":"https:\/\/jensgustafsson.se\/index.php?rest_route=\/wp\/v2\/media\/25220"}],"wp:attachment":[{"href":"https:\/\/jensgustafsson.se\/index.php?rest_route=%2Fwp%2Fv2%2Fmedia&parent=25187"}],"curies":[{"name":"wp","href":"https:\/\/api.w.org\/{rel}","templated":true}]}}