{"id":26197,"date":"2022-09-02T17:51:19","date_gmt":"2022-09-02T16:51:19","guid":{"rendered":"https:\/\/jensgustafsson.se\/?page_id=26197"},"modified":"2022-09-02T17:56:00","modified_gmt":"2022-09-02T16:56:00","slug":"augusti-2022","status":"publish","type":"page","link":"https:\/\/jensgustafsson.se\/?page_id=26197","title":{"rendered":"Augusti 2022."},"content":{"rendered":"\n<figure class=\"wp-block-image size-large\"><img loading=\"lazy\" decoding=\"async\" width=\"1024\" height=\"683\" src=\"https:\/\/media1.jensgustafsson.se\/2022\/09\/DSC_1255-1024x683.jpg\" alt=\"\" class=\"wp-image-26230\" srcset=\"https:\/\/media1.jensgustafsson.se\/2022\/09\/DSC_1255-1024x683.jpg 1024w, https:\/\/media1.jensgustafsson.se\/2022\/09\/DSC_1255-300x200.jpg 300w, https:\/\/media1.jensgustafsson.se\/2022\/09\/DSC_1255-768x512.jpg 768w, https:\/\/media1.jensgustafsson.se\/2022\/09\/DSC_1255-1536x1024.jpg 1536w, https:\/\/media1.jensgustafsson.se\/2022\/09\/DSC_1255-2048x1365.jpg 2048w, https:\/\/media1.jensgustafsson.se\/2022\/09\/DSC_1255-450x300.jpg 450w\" sizes=\"auto, (max-width: 1024px) 100vw, 1024px\" \/><\/figure>\n\n\n\n<figure class=\"wp-block-image size-large\"><img loading=\"lazy\" decoding=\"async\" width=\"1024\" height=\"423\" src=\"https:\/\/media1.jensgustafsson.se\/2022\/09\/image-1-1024x423.png\" alt=\"\" class=\"wp-image-26198\" srcset=\"https:\/\/media1.jensgustafsson.se\/2022\/09\/image-1-1024x423.png 1024w, https:\/\/media1.jensgustafsson.se\/2022\/09\/image-1-300x124.png 300w, https:\/\/media1.jensgustafsson.se\/2022\/09\/image-1-768x317.png 768w, https:\/\/media1.jensgustafsson.se\/2022\/09\/image-1-1536x634.png 1536w, https:\/\/media1.jensgustafsson.se\/2022\/09\/image-1-500x206.png 500w, https:\/\/media1.jensgustafsson.se\/2022\/09\/image-1.png 1677w\" sizes=\"auto, (max-width: 1024px) 100vw, 1024px\" \/><\/figure>\n\n\n\n<p class=\"has-blue-color has-light-gray-background-color has-text-color has-background has-medium-font-size\">S\u00e5 var det dags att sammanfatta 2022 \u00e5rs augustim\u00e5nads v\u00e4der h\u00e4r i F\u00e5gelfors. Jag t\u00e4nker ocks\u00e5 g\u00f6ra en sammanfattning av \u00e5rets sommar (juni, juli och augusti) med temperatur och nederb\u00f6rd, och j\u00e4mf\u00f6r med tidigare \u00e5r, hur det sett ut d\u00e5. Statistiken som jag anv\u00e4nder \u00e4r h\u00e4mtad fr\u00e5n SMHI:s n\u00e4rmaste m\u00e4tstationer Blankastr\u00f6m, och Drageryd f\u00f6r \u00e5ren 1931-2012. Fr\u00e5n 2013 och fram\u00e5t \u00e4r det min egna, privata v\u00e4derstation som levererar siffrorna.<\/p>\n\n\n\n<p class=\"has-blue-color has-light-gray-background-color has-text-color has-background has-medium-font-size\">Augustim\u00e5naden har varit mycket varm och torr. Medeltemperaturen f\u00f6r m\u00e5naden blev +19,6\u00b0, och det \u00e4r en halv grad h\u00f6gre \u00e4n julim\u00e5nadens, som var +19,1\u00b0. Om vi st\u00e4ller \u00e5rets medeltemperatur i augusti mot den nuvarande referensperioden 1991-2020, s\u00e5 blev \u00e5rets augusti 3\u00b0 varmare, allts\u00e5 stor skillnad. Vi har haft 19 dagar med h\u00f6gsommarv\u00e4rme, (maxtemperatur \u00f6ver 25\u00b0). Det kan vi j\u00e4mf\u00f6ra med juli i \u00e5r, d\u00e4r vi hade 12 dagar med h\u00f6gsommarv\u00e4rme. Vi har haft en tropisk natt (d\u00e5 mintempen inte g\u00e5tt under 20\u00b0) F\u00f6r att se hur vanligt det varit med s\u00e5dan h\u00f6g medeltemperatur i augusti, s\u00e5 har jag g\u00e5tt tillbaka i statistiken, och tagit med \u00e5ren som medeltemperaturen varit \u00f6ver 19\u00b0, och visar det i diagrammet nedan.<\/p>\n\n\n\n<figure class=\"wp-block-image size-large is-resized\"><img loading=\"lazy\" decoding=\"async\" src=\"https:\/\/media1.jensgustafsson.se\/2022\/09\/image-2-1024x438.png\" alt=\"\" class=\"wp-image-26200\" width=\"642\" height=\"274\" srcset=\"https:\/\/media1.jensgustafsson.se\/2022\/09\/image-2-1024x438.png 1024w, https:\/\/media1.jensgustafsson.se\/2022\/09\/image-2-300x128.png 300w, https:\/\/media1.jensgustafsson.se\/2022\/09\/image-2-768x328.png 768w, https:\/\/media1.jensgustafsson.se\/2022\/09\/image-2-500x214.png 500w, https:\/\/media1.jensgustafsson.se\/2022\/09\/image-2.png 1053w\" sizes=\"auto, (max-width: 642px) 100vw, 642px\" \/><\/figure>\n\n\n\n<p class=\"has-blue-color has-light-gray-background-color has-text-color has-background has-medium-font-size\">Jag redovisar nedan i diagram, hur medeltemperaturen varit i augusti genom \u00e5ren i n\u00e5gra olika referensperioder, s\u00e5 g\u00e5r det att j\u00e4mf\u00f6ra och se hur det varit och \u00e4r med temperaturen.<\/p>\n\n\n\n<figure class=\"wp-block-image size-large is-resized\"><img loading=\"lazy\" decoding=\"async\" src=\"https:\/\/media1.jensgustafsson.se\/2022\/09\/image-3-1024x478.png\" alt=\"\" class=\"wp-image-26202\" width=\"639\" height=\"298\" srcset=\"https:\/\/media1.jensgustafsson.se\/2022\/09\/image-3-1024x478.png 1024w, https:\/\/media1.jensgustafsson.se\/2022\/09\/image-3-300x140.png 300w, https:\/\/media1.jensgustafsson.se\/2022\/09\/image-3-768x359.png 768w, https:\/\/media1.jensgustafsson.se\/2022\/09\/image-3-500x233.png 500w, https:\/\/media1.jensgustafsson.se\/2022\/09\/image-3.png 1418w\" sizes=\"auto, (max-width: 639px) 100vw, 639px\" \/><\/figure>\n\n\n\n<figure class=\"wp-block-image size-large is-resized\"><img loading=\"lazy\" decoding=\"async\" src=\"https:\/\/media1.jensgustafsson.se\/2022\/09\/image-4-1024x360.png\" alt=\"\" class=\"wp-image-26203\" width=\"641\" height=\"225\" srcset=\"https:\/\/media1.jensgustafsson.se\/2022\/09\/image-4-1024x360.png 1024w, https:\/\/media1.jensgustafsson.se\/2022\/09\/image-4-300x105.png 300w, https:\/\/media1.jensgustafsson.se\/2022\/09\/image-4-768x270.png 768w, https:\/\/media1.jensgustafsson.se\/2022\/09\/image-4-1536x540.png 1536w, https:\/\/media1.jensgustafsson.se\/2022\/09\/image-4-500x176.png 500w, https:\/\/media1.jensgustafsson.se\/2022\/09\/image-4.png 1826w\" sizes=\"auto, (max-width: 641px) 100vw, 641px\" \/><\/figure>\n\n\n\n<figure class=\"wp-block-image size-large is-resized\"><img loading=\"lazy\" decoding=\"async\" src=\"https:\/\/media1.jensgustafsson.se\/2022\/09\/image-10-1024x403.png\" alt=\"\" class=\"wp-image-26215\" width=\"651\" height=\"256\" srcset=\"https:\/\/media1.jensgustafsson.se\/2022\/09\/image-10-1024x403.png 1024w, https:\/\/media1.jensgustafsson.se\/2022\/09\/image-10-300x118.png 300w, https:\/\/media1.jensgustafsson.se\/2022\/09\/image-10-768x302.png 768w, https:\/\/media1.jensgustafsson.se\/2022\/09\/image-10-1536x604.png 1536w, https:\/\/media1.jensgustafsson.se\/2022\/09\/image-10-2048x806.png 2048w, https:\/\/media1.jensgustafsson.se\/2022\/09\/image-10-500x197.png 500w\" sizes=\"auto, (max-width: 651px) 100vw, 651px\" \/><\/figure>\n\n\n\n<p class=\"has-blue-color has-light-gray-background-color has-text-color has-background has-medium-font-size\">Nedan ser vi en sammanfattning av lite temperatursiffror fr\u00e5n loggen p\u00e5 min v\u00e4derstation under augusti 2022.<\/p>\n\n\n\n<p class=\"has-blue-color has-light-gray-background-color has-text-color has-background has-medium-font-size\">Temperatur (\u00b0C):<br \/>Medel (min+max): 19,6<br \/>Medelminimum: 13,6<br \/>Medelmaximum: 25,7<br \/>Minimum: 7,2 den 31 augusti<br \/>Maximum: 33,2 den 4 augusti<br \/>H\u00f6gsta minimum: 20,3 den 20 augusti<br \/>L\u00e4gsta maximum: 15,9 den 29 augusti<br \/>H\u00f6gsommardagar: 19 (maxtemp. \u00d6ver +25\u00b0)<\/p>\n\n\n\n<figure class=\"wp-block-image size-large\"><img loading=\"lazy\" decoding=\"async\" width=\"1024\" height=\"683\" src=\"https:\/\/media1.jensgustafsson.se\/2022\/09\/DSC_1275-1024x683.jpg\" alt=\"\" class=\"wp-image-26231\" srcset=\"https:\/\/media1.jensgustafsson.se\/2022\/09\/DSC_1275-1024x683.jpg 1024w, https:\/\/media1.jensgustafsson.se\/2022\/09\/DSC_1275-300x200.jpg 300w, https:\/\/media1.jensgustafsson.se\/2022\/09\/DSC_1275-768x512.jpg 768w, https:\/\/media1.jensgustafsson.se\/2022\/09\/DSC_1275-1536x1024.jpg 1536w, https:\/\/media1.jensgustafsson.se\/2022\/09\/DSC_1275-2048x1365.jpg 2048w, https:\/\/media1.jensgustafsson.se\/2022\/09\/DSC_1275-450x300.jpg 450w\" sizes=\"auto, (max-width: 1024px) 100vw, 1024px\" \/><\/figure>\n\n\n\n<p class=\"has-blue-color has-light-gray-background-color has-text-color has-background has-medium-font-size\"><\/p>\n\n\n\n<figure class=\"wp-block-image size-large is-resized\"><img loading=\"lazy\" decoding=\"async\" src=\"https:\/\/media1.jensgustafsson.se\/2022\/09\/image-6-1024x403.png\" alt=\"\" class=\"wp-image-26208\" width=\"666\" height=\"262\" srcset=\"https:\/\/media1.jensgustafsson.se\/2022\/09\/image-6-1024x403.png 1024w, https:\/\/media1.jensgustafsson.se\/2022\/09\/image-6-300x118.png 300w, https:\/\/media1.jensgustafsson.se\/2022\/09\/image-6-768x302.png 768w, https:\/\/media1.jensgustafsson.se\/2022\/09\/image-6-500x197.png 500w, https:\/\/media1.jensgustafsson.se\/2022\/09\/image-6.png 1474w\" sizes=\"auto, (max-width: 666px) 100vw, 666px\" \/><\/figure>\n\n\n\n<p class=\"has-blue-color has-light-gray-background-color has-text-color has-background has-medium-font-size\">Regn har vi f\u00e5tt 49 mm i \u00e5rets augusti. Det \u00e4r 77% av den f\u00f6r normalperioden 1991-2020 genomsnittliga nederb\u00f6rden. Som vi ser i diagrammet ovan, s\u00e5 var m\u00e5naden mycket regnfattig \u00e4nda till den 29:e, d\u00e5 vi fick 21 mm, som gjorde att regnm\u00e4ngden blev lite p\u00e5fylld f\u00f6r m\u00e5naden. \u00c5ska har varit inblandad vid 3 tillf\u00e4llen. Mitt \u00f6ver F\u00e5gelfors vid ett \u00e5sktillf\u00e4lle, de andra 2 g\u00e5ngerna var det bara \u00e5ska p\u00e5 avst\u00e5nd. Jag visar i n\u00e5gra diagram nedan, hur det sett ut med nederb\u00f6rd i augusti genom \u00e5ren i n\u00e5gra olika referensperioder.<\/p>\n\n\n\n<figure class=\"wp-block-image size-large is-resized\"><img loading=\"lazy\" decoding=\"async\" src=\"https:\/\/media1.jensgustafsson.se\/2022\/09\/image-7-1024x389.png\" alt=\"\" class=\"wp-image-26212\" width=\"639\" height=\"243\" srcset=\"https:\/\/media1.jensgustafsson.se\/2022\/09\/image-7-1024x389.png 1024w, https:\/\/media1.jensgustafsson.se\/2022\/09\/image-7-300x114.png 300w, https:\/\/media1.jensgustafsson.se\/2022\/09\/image-7-768x292.png 768w, https:\/\/media1.jensgustafsson.se\/2022\/09\/image-7-500x190.png 500w, https:\/\/media1.jensgustafsson.se\/2022\/09\/image-7.png 1427w\" sizes=\"auto, (max-width: 639px) 100vw, 639px\" \/><\/figure>\n\n\n\n<figure class=\"wp-block-image size-large is-resized\"><img loading=\"lazy\" decoding=\"async\" src=\"https:\/\/media1.jensgustafsson.se\/2022\/09\/image-8-1024x341.png\" alt=\"\" class=\"wp-image-26213\" width=\"653\" height=\"217\" srcset=\"https:\/\/media1.jensgustafsson.se\/2022\/09\/image-8-1024x341.png 1024w, https:\/\/media1.jensgustafsson.se\/2022\/09\/image-8-300x100.png 300w, https:\/\/media1.jensgustafsson.se\/2022\/09\/image-8-768x256.png 768w, https:\/\/media1.jensgustafsson.se\/2022\/09\/image-8-1536x512.png 1536w, https:\/\/media1.jensgustafsson.se\/2022\/09\/image-8-500x167.png 500w, https:\/\/media1.jensgustafsson.se\/2022\/09\/image-8.png 1726w\" sizes=\"auto, (max-width: 653px) 100vw, 653px\" \/><\/figure>\n\n\n\n<figure class=\"wp-block-image size-large\"><img loading=\"lazy\" decoding=\"async\" width=\"1024\" height=\"439\" src=\"https:\/\/media1.jensgustafsson.se\/2022\/09\/image-9-1024x439.png\" alt=\"\" class=\"wp-image-26214\" srcset=\"https:\/\/media1.jensgustafsson.se\/2022\/09\/image-9-1024x439.png 1024w, https:\/\/media1.jensgustafsson.se\/2022\/09\/image-9-300x129.png 300w, https:\/\/media1.jensgustafsson.se\/2022\/09\/image-9-768x329.png 768w, https:\/\/media1.jensgustafsson.se\/2022\/09\/image-9-1536x659.png 1536w, https:\/\/media1.jensgustafsson.se\/2022\/09\/image-9-500x215.png 500w, https:\/\/media1.jensgustafsson.se\/2022\/09\/image-9.png 1979w\" sizes=\"auto, (max-width: 1024px) 100vw, 1024px\" \/><\/figure>\n\n\n\n<figure class=\"wp-block-image size-large\"><img loading=\"lazy\" decoding=\"async\" width=\"1024\" height=\"696\" src=\"https:\/\/media1.jensgustafsson.se\/2022\/09\/DSC_0999-1024x696.jpg\" alt=\"\" class=\"wp-image-26232\" srcset=\"https:\/\/media1.jensgustafsson.se\/2022\/09\/DSC_0999-1024x696.jpg 1024w, https:\/\/media1.jensgustafsson.se\/2022\/09\/DSC_0999-300x204.jpg 300w, https:\/\/media1.jensgustafsson.se\/2022\/09\/DSC_0999-768x522.jpg 768w, https:\/\/media1.jensgustafsson.se\/2022\/09\/DSC_0999-1536x1045.jpg 1536w, https:\/\/media1.jensgustafsson.se\/2022\/09\/DSC_0999-2048x1393.jpg 2048w, https:\/\/media1.jensgustafsson.se\/2022\/09\/DSC_0999-441x300.jpg 441w\" sizes=\"auto, (max-width: 1024px) 100vw, 1024px\" \/><\/figure>\n\n\n\n<figure class=\"wp-block-image size-large is-resized\"><img loading=\"lazy\" decoding=\"async\" src=\"https:\/\/media1.jensgustafsson.se\/2022\/09\/image-11-1024x417.png\" alt=\"\" class=\"wp-image-26217\" width=\"654\" height=\"267\" srcset=\"https:\/\/media1.jensgustafsson.se\/2022\/09\/image-11-1024x417.png 1024w, https:\/\/media1.jensgustafsson.se\/2022\/09\/image-11-300x122.png 300w, https:\/\/media1.jensgustafsson.se\/2022\/09\/image-11-768x313.png 768w, https:\/\/media1.jensgustafsson.se\/2022\/09\/image-11-500x204.png 500w, https:\/\/media1.jensgustafsson.se\/2022\/09\/image-11.png 1445w\" sizes=\"auto, (max-width: 654px) 100vw, 654px\" \/><\/figure>\n\n\n\n<p class=\"has-blue-color has-light-gray-background-color has-text-color has-background has-medium-font-size\">Vindriktningen under m\u00e5naden ser vi i diagrammet ovan. 1\/3 av m\u00e5naden har det varit v\u00e4xlande vindriktning under dagarna. De andra 2\/3 har det varit ganska j\u00e4mnt f\u00f6rdelat mellan de olika v\u00e4derstrecken. Den genomsnittliga vindstyrkan l\u00e5g strax under 6 m\/s denna m\u00e5nad.<\/p>\n\n\n\n<figure class=\"wp-block-image size-large\"><img loading=\"lazy\" decoding=\"async\" width=\"1024\" height=\"683\" src=\"https:\/\/media1.jensgustafsson.se\/2022\/09\/DSC_1333-1024x683.jpg\" alt=\"\" class=\"wp-image-26233\" srcset=\"https:\/\/media1.jensgustafsson.se\/2022\/09\/DSC_1333-1024x683.jpg 1024w, https:\/\/media1.jensgustafsson.se\/2022\/09\/DSC_1333-300x200.jpg 300w, https:\/\/media1.jensgustafsson.se\/2022\/09\/DSC_1333-768x512.jpg 768w, https:\/\/media1.jensgustafsson.se\/2022\/09\/DSC_1333-1536x1024.jpg 1536w, https:\/\/media1.jensgustafsson.se\/2022\/09\/DSC_1333-2048x1365.jpg 2048w, https:\/\/media1.jensgustafsson.se\/2022\/09\/DSC_1333-450x300.jpg 450w\" sizes=\"auto, (max-width: 1024px) 100vw, 1024px\" \/><\/figure>\n\n\n\n<p><\/p>\n\n\n\n<p class=\"has-blue-color has-light-gray-background-color has-text-color has-background has-medium-font-size\">S\u00e5 g\u00f6r jag en sammanfattning f\u00f6r sommaren 2022 (juni, juli och augusti). Det blev en varm och torr sommar i \u00e5r. Det \u00e4r bara 2018 som varit varmare under \u00e5ren som jag har i min statistik. I \u00e5r blev medeltemperaturen f\u00f6r hela sommaren +18,8\u00b0, medan vi hade +19,8\u00b0 \u00e5r 2018. 2021 var den +18,7\u00b0, s\u00e5 2021 och 2022 blev lika varma somrar kan man s\u00e4ga. Jag visar i diagrammet nedan hur medeltemperaturen f\u00f6r somrarna sett ut i den nuvarande referensperioden 1991-2020, och \u00e4ven lagt till \u00e5r 2021 och 2022.<\/p>\n\n\n\n<figure class=\"wp-block-image size-large is-resized\"><img loading=\"lazy\" decoding=\"async\" src=\"https:\/\/media1.jensgustafsson.se\/2022\/09\/image-12-1024x374.png\" alt=\"\" class=\"wp-image-26219\" width=\"780\" height=\"287\" srcset=\"https:\/\/media1.jensgustafsson.se\/2022\/09\/image-12-300x110.png 300w, https:\/\/media1.jensgustafsson.se\/2022\/09\/image-12-500x183.png 500w\" sizes=\"auto, (max-width: 780px) 100vw, 780px\" \/><\/figure>\n\n\n\n<p class=\"has-blue-color has-light-gray-background-color has-text-color has-background has-medium-font-size\">D\u00e5 tittar vi p\u00e5 den sammanlagda nederb\u00f6rden f\u00f6r sommarm\u00e5naderna genom \u00e5ren 1991-2022. D\u00e4r ser vi i diagrammet nedan att vi f\u00e5r g\u00e5 tillbaka \u00e4nda till \u00e5ren 1994 och 1995 i denna referensperiod (1991-2020) f\u00f6r att hitta somrar som varit lika torra som den vi haft i \u00e5r. N\u00e4r jag g\u00e5r \u00e4nd\u00e5 l\u00e4ngre tillbaka i tiden, s\u00e5 hittar jag den torraste sommaren vi haft i trakten under \u00e5ren 1931-2022, och det \u00e4r \u00e5ret 1983. D\u00e5 fick vi totalt 45 mm regn under de tre sommarm\u00e5naderna. Det jag kommer ih\u00e5g fr\u00e5n den sommaren speciellt, var den stora skogsbranden vi hade i de kruttorra markerna runt Bohult och M\u00f6ckhult. <\/p>\n\n\n\n<figure class=\"wp-block-image size-large is-resized\"><img loading=\"lazy\" decoding=\"async\" src=\"https:\/\/media1.jensgustafsson.se\/2022\/09\/image-13-1024x498.png\" alt=\"\" class=\"wp-image-26221\" width=\"675\" height=\"328\" srcset=\"https:\/\/media1.jensgustafsson.se\/2022\/09\/image-13-1024x498.png 1024w, https:\/\/media1.jensgustafsson.se\/2022\/09\/image-13-300x146.png 300w, https:\/\/media1.jensgustafsson.se\/2022\/09\/image-13-768x374.png 768w, https:\/\/media1.jensgustafsson.se\/2022\/09\/image-13-500x243.png 500w, https:\/\/media1.jensgustafsson.se\/2022\/09\/image-13.png 1281w\" sizes=\"auto, (max-width: 675px) 100vw, 675px\" \/><\/figure>\n\n\n\n<p class=\"has-blue-color has-light-gray-background-color has-text-color has-background has-medium-font-size\">Jag konstaterar att vi under de f\u00f6rsta 8 m\u00e5naderna av 2022 f\u00e5tt 228 mm nederb\u00f6rd. Den &#8221;normala&#8221; \u00e5rsnederb\u00f6rden i referensperioden 1991-2020 \u00e4r i medeltal 565 mm h\u00e4r i v\u00e5ra trakter, s\u00e5 vi beh\u00f6ver en hel del regn resten av \u00e5ret, f\u00f6r att fylla upp den kvoten.<\/p>\n\n\n\n<p><\/p>\n\n\n\n<figure class=\"wp-block-image size-large\"><img loading=\"lazy\" decoding=\"async\" width=\"1024\" height=\"708\" src=\"https:\/\/media1.jensgustafsson.se\/2022\/09\/DSC_1026-1024x708.jpg\" alt=\"\" class=\"wp-image-26234\" srcset=\"https:\/\/media1.jensgustafsson.se\/2022\/09\/DSC_1026-1024x708.jpg 1024w, https:\/\/media1.jensgustafsson.se\/2022\/09\/DSC_1026-300x207.jpg 300w, https:\/\/media1.jensgustafsson.se\/2022\/09\/DSC_1026-768x531.jpg 768w, https:\/\/media1.jensgustafsson.se\/2022\/09\/DSC_1026-1536x1061.jpg 1536w, https:\/\/media1.jensgustafsson.se\/2022\/09\/DSC_1026-2048x1415.jpg 2048w, https:\/\/media1.jensgustafsson.se\/2022\/09\/DSC_1026-434x300.jpg 434w\" sizes=\"auto, (max-width: 1024px) 100vw, 1024px\" \/><\/figure>\n","protected":false},"excerpt":{"rendered":"<p>S\u00e5 var det dags att sammanfatta 2022 \u00e5rs augustim\u00e5nads v\u00e4der h\u00e4r i F\u00e5gelfors. Jag t\u00e4nker ocks\u00e5 g\u00f6ra en sammanfattning av \u00e5rets sommar (juni, juli och augusti) med temperatur och nederb\u00f6rd, och j\u00e4mf\u00f6r med tidigare \u00e5r, hur det sett ut d\u00e5. &hellip; <a href=\"https:\/\/jensgustafsson.se\/?page_id=26197\">Forts\u00e4tt l\u00e4sa <span class=\"meta-nav\">&rarr;<\/span><\/a><\/p>\n","protected":false},"author":1,"featured_media":26229,"parent":23747,"menu_order":8,"comment_status":"open","ping_status":"closed","template":"","meta":{"footnotes":""},"class_list":["post-26197","page","type-page","status-publish","has-post-thumbnail","hentry"],"_links":{"self":[{"href":"https:\/\/jensgustafsson.se\/index.php?rest_route=\/wp\/v2\/pages\/26197","targetHints":{"allow":["GET"]}}],"collection":[{"href":"https:\/\/jensgustafsson.se\/index.php?rest_route=\/wp\/v2\/pages"}],"about":[{"href":"https:\/\/jensgustafsson.se\/index.php?rest_route=\/wp\/v2\/types\/page"}],"author":[{"embeddable":true,"href":"https:\/\/jensgustafsson.se\/index.php?rest_route=\/wp\/v2\/users\/1"}],"replies":[{"embeddable":true,"href":"https:\/\/jensgustafsson.se\/index.php?rest_route=%2Fwp%2Fv2%2Fcomments&post=26197"}],"version-history":[{"count":14,"href":"https:\/\/jensgustafsson.se\/index.php?rest_route=\/wp\/v2\/pages\/26197\/revisions"}],"predecessor-version":[{"id":26237,"href":"https:\/\/jensgustafsson.se\/index.php?rest_route=\/wp\/v2\/pages\/26197\/revisions\/26237"}],"up":[{"embeddable":true,"href":"https:\/\/jensgustafsson.se\/index.php?rest_route=\/wp\/v2\/pages\/23747"}],"wp:featuredmedia":[{"embeddable":true,"href":"https:\/\/jensgustafsson.se\/index.php?rest_route=\/wp\/v2\/media\/26229"}],"wp:attachment":[{"href":"https:\/\/jensgustafsson.se\/index.php?rest_route=%2Fwp%2Fv2%2Fmedia&parent=26197"}],"curies":[{"name":"wp","href":"https:\/\/api.w.org\/{rel}","templated":true}]}}