{"id":26803,"date":"2022-11-01T07:40:00","date_gmt":"2022-11-01T06:40:00","guid":{"rendered":"https:\/\/jensgustafsson.se\/?page_id=26803"},"modified":"2022-11-07T17:37:10","modified_gmt":"2022-11-07T16:37:10","slug":"oktober-2022","status":"publish","type":"page","link":"https:\/\/jensgustafsson.se\/?page_id=26803","title":{"rendered":"Oktober 2022."},"content":{"rendered":"\n<figure class=\"wp-block-image size-large\"><img loading=\"lazy\" decoding=\"async\" width=\"1024\" height=\"682\" src=\"https:\/\/media1.jensgustafsson.se\/2022\/11\/DSC_2432-1024x682.jpg\" alt=\"\" class=\"wp-image-26829\" srcset=\"https:\/\/media1.jensgustafsson.se\/2022\/11\/DSC_2432-1024x682.jpg 1024w, https:\/\/media1.jensgustafsson.se\/2022\/11\/DSC_2432-300x200.jpg 300w, https:\/\/media1.jensgustafsson.se\/2022\/11\/DSC_2432-768x512.jpg 768w, https:\/\/media1.jensgustafsson.se\/2022\/11\/DSC_2432-1536x1024.jpg 1536w, https:\/\/media1.jensgustafsson.se\/2022\/11\/DSC_2432-2048x1365.jpg 2048w, https:\/\/media1.jensgustafsson.se\/2022\/11\/DSC_2432-450x300.jpg 450w\" sizes=\"auto, (max-width: 1024px) 100vw, 1024px\" \/><\/figure>\n\n\n\n<p class=\"has-blue-color has-light-gray-background-color has-text-color has-background has-medium-font-size\">H\u00e4r kommer en sammanfattning av oktober 2022. V\u00e4derdata f\u00f6r \u00e5rets oktoberm\u00e5nad \u00e4r h\u00e4mtade fr\u00e5n min privata v\u00e4derstation h\u00e4r i F\u00e5gelfors. Statistiken som jag anv\u00e4nder och j\u00e4mf\u00f6r \u00e5rets oktoberm\u00e5nad mot, \u00e4r h\u00e4mtad fr\u00e5n SMHI:s n\u00e4rmaste m\u00e4tstationer Blankastr\u00f6m, och Drageryd f\u00f6r \u00e5ren 1931-2012. Fr\u00e5n 2013 och fram\u00e5t \u00e4r det min egna, privata v\u00e4derstation som levererar siffrorna. Nuvarande \u201dnormalperiod\u201d som anv\u00e4nds att j\u00e4mf\u00f6ra mot \u00e4r \u00e5ren 1991-2020, men jag redovisar ocks\u00e5 \u00e5ren 1931-2022 i mina diagram i min redog\u00f6relse nedan. <\/p>\n\n\n\n<figure class=\"wp-block-image size-large\"><img loading=\"lazy\" decoding=\"async\" width=\"1024\" height=\"422\" src=\"https:\/\/media1.jensgustafsson.se\/2022\/11\/image-1024x422.png\" alt=\"\" class=\"wp-image-26806\" srcset=\"https:\/\/media1.jensgustafsson.se\/2022\/11\/image-1024x422.png 1024w, https:\/\/media1.jensgustafsson.se\/2022\/11\/image-300x124.png 300w, https:\/\/media1.jensgustafsson.se\/2022\/11\/image-768x316.png 768w, https:\/\/media1.jensgustafsson.se\/2022\/11\/image-1536x633.png 1536w, https:\/\/media1.jensgustafsson.se\/2022\/11\/image-500x206.png 500w, https:\/\/media1.jensgustafsson.se\/2022\/11\/image.png 1940w\" sizes=\"auto, (max-width: 1024px) 100vw, 1024px\" \/><\/figure>\n\n\n\n<figure class=\"wp-block-image size-large\"><img loading=\"lazy\" decoding=\"async\" width=\"1024\" height=\"564\" src=\"https:\/\/media1.jensgustafsson.se\/2022\/11\/image-1-1024x564.png\" alt=\"\" class=\"wp-image-26807\" srcset=\"https:\/\/media1.jensgustafsson.se\/2022\/11\/image-1-1024x564.png 1024w, https:\/\/media1.jensgustafsson.se\/2022\/11\/image-1-300x165.png 300w, https:\/\/media1.jensgustafsson.se\/2022\/11\/image-1-768x423.png 768w, https:\/\/media1.jensgustafsson.se\/2022\/11\/image-1-500x275.png 500w, https:\/\/media1.jensgustafsson.se\/2022\/11\/image-1.png 1418w\" sizes=\"auto, (max-width: 1024px) 100vw, 1024px\" \/><\/figure>\n\n\n\n<p class=\"has-blue-color has-light-gray-background-color has-text-color has-background has-medium-font-size\">Oktoberm\u00e5naden i \u00e5r blev en mild (varm) m\u00e5nad. +10,1\u00b0C blev medeltemperaturen f\u00f6r m\u00e5naden. Detta ska st\u00e4llas mot normalperioden 1991-2020, d\u00e5 medeltemperaturen var +7,4\u00b0C, allts\u00e5 en skillnad p\u00e5 +2,7\u00b0C. Vi har bara haft 2 frostn\u00e4tter och 4 dygn med markfrost. De milda n\u00e4tterna har ju bidragit till att medeltemperaturen f\u00f6r m\u00e5naden blev s\u00e5 h\u00f6g som den blev. Det milda v\u00e4dret har gjort, att vi fortfarande har meteorologisk sommar i v\u00e5ra trakter. Jag har tittat igenom \u00e5ren 1991-2021, och det senaste datumet som den meteorologiska h\u00f6sten kommit \u00e4r \u00e5r 2006, d\u00e5 den kom den 28 oktober. S\u00e5ledes kommer \u00e5rets datum f\u00f6r h\u00f6stens ankomst att bli rekordsent.<\/p>\n\n\n\n<p class=\"has-blue-color has-light-gray-background-color has-text-color has-background has-medium-font-size\"> Det \u00e4r lite ovanligt med s\u00e5 h\u00e4r milda oktoberm\u00e5nader, men det har f\u00f6rekommit. Jag tittade tillbaka i statistiken sedan 1931 och hittade f\u00f6ljande \u00e5r med en medeltemp. \u00f6ver 10 grader: 1961 var medeltemperaturen i oktober +10,2 grader. \u00c5r 2000: +10,3 grader. \u00c5r 2001 +10,4 grader och \u00e5r 2006 +10 grader.  I diagrammen nedan visar jag temperaturen i oktober i ett par olika tidsperioder.<\/p>\n\n\n\n<figure class=\"wp-block-image size-large\"><img loading=\"lazy\" decoding=\"async\" width=\"1024\" height=\"298\" src=\"https:\/\/media1.jensgustafsson.se\/2022\/11\/image-3-1024x298.png\" alt=\"\" class=\"wp-image-26809\" srcset=\"https:\/\/media1.jensgustafsson.se\/2022\/11\/image-3-1024x298.png 1024w, https:\/\/media1.jensgustafsson.se\/2022\/11\/image-3-300x87.png 300w, https:\/\/media1.jensgustafsson.se\/2022\/11\/image-3-768x223.png 768w, https:\/\/media1.jensgustafsson.se\/2022\/11\/image-3-1536x447.png 1536w, https:\/\/media1.jensgustafsson.se\/2022\/11\/image-3-2048x596.png 2048w, https:\/\/media1.jensgustafsson.se\/2022\/11\/image-3-500x145.png 500w\" sizes=\"auto, (max-width: 1024px) 100vw, 1024px\" \/><\/figure>\n\n\n\n<figure class=\"wp-block-image size-large\"><img loading=\"lazy\" decoding=\"async\" width=\"1024\" height=\"295\" src=\"https:\/\/media1.jensgustafsson.se\/2022\/11\/image-4-1024x295.png\" alt=\"\" class=\"wp-image-26810\" srcset=\"https:\/\/media1.jensgustafsson.se\/2022\/11\/image-4-1024x295.png 1024w, https:\/\/media1.jensgustafsson.se\/2022\/11\/image-4-300x86.png 300w, https:\/\/media1.jensgustafsson.se\/2022\/11\/image-4-768x221.png 768w, https:\/\/media1.jensgustafsson.se\/2022\/11\/image-4-1536x442.png 1536w, https:\/\/media1.jensgustafsson.se\/2022\/11\/image-4-2048x589.png 2048w, https:\/\/media1.jensgustafsson.se\/2022\/11\/image-4-1000x288.png 1000w, https:\/\/media1.jensgustafsson.se\/2022\/11\/image-4-500x144.png 500w\" sizes=\"auto, (max-width: 1024px) 100vw, 1024px\" \/><\/figure>\n\n\n\n<figure class=\"wp-block-image size-large\"><img loading=\"lazy\" decoding=\"async\" width=\"1024\" height=\"287\" src=\"https:\/\/media1.jensgustafsson.se\/2022\/11\/image-5-1024x287.png\" alt=\"\" class=\"wp-image-26811\" srcset=\"https:\/\/media1.jensgustafsson.se\/2022\/11\/image-5-1024x287.png 1024w, https:\/\/media1.jensgustafsson.se\/2022\/11\/image-5-300x84.png 300w, https:\/\/media1.jensgustafsson.se\/2022\/11\/image-5-768x215.png 768w, https:\/\/media1.jensgustafsson.se\/2022\/11\/image-5-1536x430.png 1536w, https:\/\/media1.jensgustafsson.se\/2022\/11\/image-5-2048x574.png 2048w, https:\/\/media1.jensgustafsson.se\/2022\/11\/image-5-500x140.png 500w\" sizes=\"auto, (max-width: 1024px) 100vw, 1024px\" \/><\/figure>\n\n\n\n<p class=\"has-blue-color has-light-gray-background-color has-text-color has-background has-medium-font-size\">Nedan ser vi en sammanfattning av lite temperatursiffror fr\u00e5n loggen p\u00e5 min v\u00e4derstation under oktober 2022.<\/p>\n\n\n\n<p class=\"has-blue-color has-light-gray-background-color has-text-color has-background has-medium-font-size\">Temperatur (\u00b0C):<br \/>Medel (min+max): 10,1<br \/>Medelminimum: 6,6<br \/>Medelmaximum: 13,6<br \/>Minimum: -2,2 den 20 oktober<br \/>Maximum: 17,4 den 5 oktober<br \/>H\u00f6gsta minimum: 11,8 den 5 oktober<br \/>L\u00e4gsta maximum: 8,5 den 19 oktober<br \/>Frostdygn: 2 ( mintemp. under 0\u00b0)<br \/>Markfrost: 4 dygn (mintemp. \u00f6ver 0\u00b0, men frost p\u00e5 marken)<\/p>\n\n\n\n<figure class=\"wp-block-image size-large\"><img loading=\"lazy\" decoding=\"async\" width=\"1024\" height=\"832\" src=\"https:\/\/media1.jensgustafsson.se\/2022\/11\/DSC_2342-2-1024x832.jpg\" alt=\"\" class=\"wp-image-26830\" srcset=\"https:\/\/media1.jensgustafsson.se\/2022\/11\/DSC_2342-2-1024x832.jpg 1024w, https:\/\/media1.jensgustafsson.se\/2022\/11\/DSC_2342-2-300x244.jpg 300w, https:\/\/media1.jensgustafsson.se\/2022\/11\/DSC_2342-2-768x624.jpg 768w, https:\/\/media1.jensgustafsson.se\/2022\/11\/DSC_2342-2-1536x1249.jpg 1536w, https:\/\/media1.jensgustafsson.se\/2022\/11\/DSC_2342-2-2048x1665.jpg 2048w, https:\/\/media1.jensgustafsson.se\/2022\/11\/DSC_2342-2-369x300.jpg 369w\" sizes=\"auto, (max-width: 1024px) 100vw, 1024px\" \/><\/figure>\n\n\n\n<figure class=\"wp-block-image size-large is-resized\"><img loading=\"lazy\" decoding=\"async\" src=\"https:\/\/media1.jensgustafsson.se\/2022\/11\/image-6-1024x402.png\" alt=\"\" class=\"wp-image-26812\" width=\"628\" height=\"247\" srcset=\"https:\/\/media1.jensgustafsson.se\/2022\/11\/image-6-1024x402.png 1024w, https:\/\/media1.jensgustafsson.se\/2022\/11\/image-6-300x118.png 300w, https:\/\/media1.jensgustafsson.se\/2022\/11\/image-6-768x302.png 768w, https:\/\/media1.jensgustafsson.se\/2022\/11\/image-6-500x196.png 500w, https:\/\/media1.jensgustafsson.se\/2022\/11\/image-6.png 1476w\" sizes=\"auto, (max-width: 628px) 100vw, 628px\" \/><\/figure>\n\n\n\n<p class=\"has-blue-color has-light-gray-background-color has-text-color has-background has-medium-font-size\">51 millimeter regn har vi f\u00e5tt under m\u00e5naden, f\u00f6rdelat \u00f6ver 16 nederb\u00f6rdsdagar. Det st\u00e4ller vi mot normalperioden 1991-2020, som d\u00e5 \u00e4r just 51 millimeter. Allts\u00e5 har vi f\u00e5tt en helt normal nederb\u00f6rdsm\u00e4ngd i oktober. Kan n\u00e4mna ocks\u00e5 att i samband med regnet som kom den 16:e oktober, s\u00e5 h\u00f6rdes \u00e5ska p\u00e5 avst\u00e5nd ocks\u00e5. Jag visar i diagrammen nedan i n\u00e5gra olika tidsperioder hur oktobernederb\u00f6rden sett ut.<\/p>\n\n\n\n<figure class=\"wp-block-image size-large is-resized\"><img loading=\"lazy\" decoding=\"async\" src=\"https:\/\/media1.jensgustafsson.se\/2022\/11\/image-12-1024x387.png\" alt=\"\" class=\"wp-image-26822\" width=\"659\" height=\"250\" srcset=\"https:\/\/media1.jensgustafsson.se\/2022\/11\/image-12-1024x387.png 1024w, https:\/\/media1.jensgustafsson.se\/2022\/11\/image-12-300x113.png 300w, https:\/\/media1.jensgustafsson.se\/2022\/11\/image-12-768x290.png 768w, https:\/\/media1.jensgustafsson.se\/2022\/11\/image-12-500x189.png 500w, https:\/\/media1.jensgustafsson.se\/2022\/11\/image-12.png 1425w\" sizes=\"auto, (max-width: 659px) 100vw, 659px\" \/><\/figure>\n\n\n\n<figure class=\"wp-block-image size-large is-resized\"><img loading=\"lazy\" decoding=\"async\" src=\"https:\/\/media1.jensgustafsson.se\/2022\/11\/image-8-1024x373.png\" alt=\"\" class=\"wp-image-26815\" width=\"658\" height=\"240\" srcset=\"https:\/\/media1.jensgustafsson.se\/2022\/11\/image-8-1024x373.png 1024w, https:\/\/media1.jensgustafsson.se\/2022\/11\/image-8-300x109.png 300w, https:\/\/media1.jensgustafsson.se\/2022\/11\/image-8-768x279.png 768w, https:\/\/media1.jensgustafsson.se\/2022\/11\/image-8-500x182.png 500w, https:\/\/media1.jensgustafsson.se\/2022\/11\/image-8.png 1237w\" sizes=\"auto, (max-width: 658px) 100vw, 658px\" \/><\/figure>\n\n\n\n<figure class=\"wp-block-image size-large is-resized\"><img loading=\"lazy\" decoding=\"async\" src=\"https:\/\/media1.jensgustafsson.se\/2022\/11\/image-9-1024x380.png\" alt=\"\" class=\"wp-image-26816\" width=\"660\" height=\"245\" srcset=\"https:\/\/media1.jensgustafsson.se\/2022\/11\/image-9-1024x380.png 1024w, https:\/\/media1.jensgustafsson.se\/2022\/11\/image-9-300x111.png 300w, https:\/\/media1.jensgustafsson.se\/2022\/11\/image-9-768x285.png 768w, https:\/\/media1.jensgustafsson.se\/2022\/11\/image-9-500x185.png 500w, https:\/\/media1.jensgustafsson.se\/2022\/11\/image-9.png 1214w\" sizes=\"auto, (max-width: 660px) 100vw, 660px\" \/><\/figure>\n\n\n\n<figure class=\"wp-block-image size-large is-resized\"><img loading=\"lazy\" decoding=\"async\" src=\"https:\/\/media1.jensgustafsson.se\/2022\/11\/image-10-1024x393.png\" alt=\"\" class=\"wp-image-26817\" width=\"663\" height=\"254\" srcset=\"https:\/\/media1.jensgustafsson.se\/2022\/11\/image-10-1024x393.png 1024w, https:\/\/media1.jensgustafsson.se\/2022\/11\/image-10-300x115.png 300w, https:\/\/media1.jensgustafsson.se\/2022\/11\/image-10-768x295.png 768w, https:\/\/media1.jensgustafsson.se\/2022\/11\/image-10-500x192.png 500w, https:\/\/media1.jensgustafsson.se\/2022\/11\/image-10.png 1173w\" sizes=\"auto, (max-width: 663px) 100vw, 663px\" \/><\/figure>\n\n\n\n<p class=\"has-blue-color has-light-gray-background-color has-text-color has-background has-medium-font-size\">Tyv\u00e4rr s\u00e5 dras vi med ett underskott av nederb\u00f6rd under \u00e5ret, \u00e4ven att det blev normal nederb\u00f6rd i oktober. T.o.m. oktober har vi f\u00e5tt 312 mm regn h\u00e4r i F\u00e5gelfors. Den genomsnittliga \u00e5rsnederb\u00f6rden f\u00f6r normalperioden 1991-2020 \u00e4r 565 millimeter, allts\u00e5 fattas cirka 250 millimeter f\u00f6r att komma upp till det i \u00e5r.<\/p>\n\n\n\n<figure class=\"wp-block-image size-large\"><img loading=\"lazy\" decoding=\"async\" width=\"768\" height=\"1024\" src=\"https:\/\/media1.jensgustafsson.se\/2022\/11\/30-okt.-2022-2-768x1024.jpg\" alt=\"\" class=\"wp-image-26831\" srcset=\"https:\/\/media1.jensgustafsson.se\/2022\/11\/30-okt.-2022-2-768x1024.jpg 768w, https:\/\/media1.jensgustafsson.se\/2022\/11\/30-okt.-2022-2-225x300.jpg 225w, https:\/\/media1.jensgustafsson.se\/2022\/11\/30-okt.-2022-2-1152x1536.jpg 1152w, https:\/\/media1.jensgustafsson.se\/2022\/11\/30-okt.-2022-2.jpg 1512w\" sizes=\"auto, (max-width: 768px) 100vw, 768px\" \/><\/figure>\n\n\n\n<figure class=\"wp-block-image size-large is-resized\"><img loading=\"lazy\" decoding=\"async\" src=\"https:\/\/media1.jensgustafsson.se\/2022\/11\/image-13-1024x417.png\" alt=\"\" class=\"wp-image-26824\" width=\"620\" height=\"253\" srcset=\"https:\/\/media1.jensgustafsson.se\/2022\/11\/image-13-1024x417.png 1024w, https:\/\/media1.jensgustafsson.se\/2022\/11\/image-13-300x122.png 300w, https:\/\/media1.jensgustafsson.se\/2022\/11\/image-13-768x313.png 768w, https:\/\/media1.jensgustafsson.se\/2022\/11\/image-13-500x203.png 500w, https:\/\/media1.jensgustafsson.se\/2022\/11\/image-13.png 1445w\" sizes=\"auto, (max-width: 620px) 100vw, 620px\" \/><\/figure>\n\n\n\n<p class=\"has-blue-color has-light-gray-background-color has-text-color has-background has-medium-font-size\">Vindriktningarna under m\u00e5naden ser vi i diagrammet ovan. Inget som sticker ut speciellt att kommentera som jag ser det. Den genomsnittliga maxvindhastigheten blev 6,8 m\/s.<\/p>\n\n\n\n<figure class=\"wp-block-image size-large\"><img loading=\"lazy\" decoding=\"async\" width=\"1024\" height=\"768\" src=\"https:\/\/media1.jensgustafsson.se\/2022\/11\/10-okt.-2022-2-1024x768.jpg\" alt=\"\" class=\"wp-image-26832\" srcset=\"https:\/\/media1.jensgustafsson.se\/2022\/11\/10-okt.-2022-2-1024x768.jpg 1024w, https:\/\/media1.jensgustafsson.se\/2022\/11\/10-okt.-2022-2-300x225.jpg 300w, https:\/\/media1.jensgustafsson.se\/2022\/11\/10-okt.-2022-2-768x576.jpg 768w, https:\/\/media1.jensgustafsson.se\/2022\/11\/10-okt.-2022-2-1536x1152.jpg 1536w, https:\/\/media1.jensgustafsson.se\/2022\/11\/10-okt.-2022-2-400x300.jpg 400w, https:\/\/media1.jensgustafsson.se\/2022\/11\/10-okt.-2022-2.jpg 2016w\" sizes=\"auto, (max-width: 1024px) 100vw, 1024px\" \/><\/figure>\n\n\n\n<p class=\"has-blue-color has-light-gray-background-color has-text-color has-background has-medium-font-size\">Avslutningsvis s\u00e5 kan jag sammanfatta \u00e5ret s\u00e5h\u00e4r l\u00e5ngt: Varmt och torrt. De tv\u00e5 sista m\u00e5naderna p\u00e5 \u00e5ret blir intressanta att se hur de utvecklas, och avg\u00f6r om vi f\u00e5r n\u00e5got rekord av n\u00e5got slag.<\/p>\n","protected":false},"excerpt":{"rendered":"<p>H\u00e4r kommer en sammanfattning av oktober 2022. V\u00e4derdata f\u00f6r \u00e5rets oktoberm\u00e5nad \u00e4r h\u00e4mtade fr\u00e5n min privata v\u00e4derstation h\u00e4r i F\u00e5gelfors. Statistiken som jag anv\u00e4nder och j\u00e4mf\u00f6r \u00e5rets oktoberm\u00e5nad mot, \u00e4r h\u00e4mtad fr\u00e5n SMHI:s n\u00e4rmaste m\u00e4tstationer Blankastr\u00f6m, och Drageryd f\u00f6r \u00e5ren &hellip; <a href=\"https:\/\/jensgustafsson.se\/?page_id=26803\">Forts\u00e4tt l\u00e4sa <span class=\"meta-nav\">&rarr;<\/span><\/a><\/p>\n","protected":false},"author":1,"featured_media":26828,"parent":23747,"menu_order":10,"comment_status":"open","ping_status":"closed","template":"","meta":{"footnotes":""},"class_list":["post-26803","page","type-page","status-publish","has-post-thumbnail","hentry"],"_links":{"self":[{"href":"https:\/\/jensgustafsson.se\/index.php?rest_route=\/wp\/v2\/pages\/26803","targetHints":{"allow":["GET"]}}],"collection":[{"href":"https:\/\/jensgustafsson.se\/index.php?rest_route=\/wp\/v2\/pages"}],"about":[{"href":"https:\/\/jensgustafsson.se\/index.php?rest_route=\/wp\/v2\/types\/page"}],"author":[{"embeddable":true,"href":"https:\/\/jensgustafsson.se\/index.php?rest_route=\/wp\/v2\/users\/1"}],"replies":[{"embeddable":true,"href":"https:\/\/jensgustafsson.se\/index.php?rest_route=%2Fwp%2Fv2%2Fcomments&post=26803"}],"version-history":[{"count":11,"href":"https:\/\/jensgustafsson.se\/index.php?rest_route=\/wp\/v2\/pages\/26803\/revisions"}],"predecessor-version":[{"id":26835,"href":"https:\/\/jensgustafsson.se\/index.php?rest_route=\/wp\/v2\/pages\/26803\/revisions\/26835"}],"up":[{"embeddable":true,"href":"https:\/\/jensgustafsson.se\/index.php?rest_route=\/wp\/v2\/pages\/23747"}],"wp:featuredmedia":[{"embeddable":true,"href":"https:\/\/jensgustafsson.se\/index.php?rest_route=\/wp\/v2\/media\/26828"}],"wp:attachment":[{"href":"https:\/\/jensgustafsson.se\/index.php?rest_route=%2Fwp%2Fv2%2Fmedia&parent=26803"}],"curies":[{"name":"wp","href":"https:\/\/api.w.org\/{rel}","templated":true}]}}