{"id":27142,"date":"2022-12-01T18:56:43","date_gmt":"2022-12-01T17:56:43","guid":{"rendered":"https:\/\/jensgustafsson.se\/?page_id=27142"},"modified":"2022-12-01T18:56:43","modified_gmt":"2022-12-01T17:56:43","slug":"november-2022","status":"publish","type":"page","link":"https:\/\/jensgustafsson.se\/?page_id=27142","title":{"rendered":"November 2022."},"content":{"rendered":"\n<figure class=\"wp-block-image size-large\"><img loading=\"lazy\" decoding=\"async\" width=\"1024\" height=\"683\" src=\"https:\/\/media1.jensgustafsson.se\/2022\/12\/DSC_2760-1024x683.jpg\" alt=\"\" class=\"wp-image-27187\" srcset=\"https:\/\/media1.jensgustafsson.se\/2022\/12\/DSC_2760-1024x683.jpg 1024w, https:\/\/media1.jensgustafsson.se\/2022\/12\/DSC_2760-300x200.jpg 300w, https:\/\/media1.jensgustafsson.se\/2022\/12\/DSC_2760-768x512.jpg 768w, https:\/\/media1.jensgustafsson.se\/2022\/12\/DSC_2760-1536x1024.jpg 1536w, https:\/\/media1.jensgustafsson.se\/2022\/12\/DSC_2760-2048x1365.jpg 2048w, https:\/\/media1.jensgustafsson.se\/2022\/12\/DSC_2760-450x300.jpg 450w\" sizes=\"auto, (max-width: 1024px) 100vw, 1024px\" \/><\/figure>\n\n\n\n<p class=\"has-blue-color has-light-gray-background-color has-text-color has-background has-medium-font-size\">H\u00e4r kommer en sammanfattning av november 2022. V\u00e4derdata f\u00f6r \u00e5rets novemberm\u00e5nad \u00e4r h\u00e4mtade fr\u00e5n min privata v\u00e4derstation h\u00e4r i F\u00e5gelfors. Statistiken som jag anv\u00e4nder och j\u00e4mf\u00f6r \u00e5rets novemberm\u00e5nad mot, \u00e4r h\u00e4mtad fr\u00e5n SMHI:s n\u00e4rmaste m\u00e4tstationer Blankastr\u00f6m, och Drageryd f\u00f6r \u00e5ren 1931-2012. Fr\u00e5n 2013 och fram\u00e5t \u00e4r det min egna, privata v\u00e4derstation som levererar siffrorna. Nuvarande \u201dnormalperiod\u201d som anv\u00e4nds att j\u00e4mf\u00f6ra mot \u00e4r \u00e5ren 1991-2020, men jag redovisar ocks\u00e5 \u00e5ren 1931-2022 i mina diagram i min redog\u00f6relse nedan.<\/p>\n\n\n\n<figure class=\"wp-block-image size-large\"><img loading=\"lazy\" decoding=\"async\" width=\"1024\" height=\"459\" src=\"https:\/\/media1.jensgustafsson.se\/2022\/12\/image-1024x459.png\" alt=\"\" class=\"wp-image-27145\" srcset=\"https:\/\/media1.jensgustafsson.se\/2022\/12\/image-1024x459.png 1024w, https:\/\/media1.jensgustafsson.se\/2022\/12\/image-300x135.png 300w, https:\/\/media1.jensgustafsson.se\/2022\/12\/image-768x344.png 768w, https:\/\/media1.jensgustafsson.se\/2022\/12\/image-1536x689.png 1536w, https:\/\/media1.jensgustafsson.se\/2022\/12\/image-500x224.png 500w, https:\/\/media1.jensgustafsson.se\/2022\/12\/image.png 1782w\" sizes=\"auto, (max-width: 1024px) 100vw, 1024px\" \/><figcaption class=\"wp-element-caption\"><strong><em>Efter en bitvis mycket mild inledning av november, lite kallare avslutning.<\/em><\/strong><\/figcaption><\/figure>\n\n\n\n<figure class=\"wp-block-image size-large is-resized\"><img loading=\"lazy\" decoding=\"async\" src=\"https:\/\/media1.jensgustafsson.se\/2022\/12\/image-2-1024x402.png\" alt=\"\" class=\"wp-image-27148\" width=\"637\" height=\"250\" srcset=\"https:\/\/media1.jensgustafsson.se\/2022\/12\/image-2-1024x402.png 1024w, https:\/\/media1.jensgustafsson.se\/2022\/12\/image-2-300x118.png 300w, https:\/\/media1.jensgustafsson.se\/2022\/12\/image-2-768x301.png 768w, https:\/\/media1.jensgustafsson.se\/2022\/12\/image-2-500x196.png 500w, https:\/\/media1.jensgustafsson.se\/2022\/12\/image-2.png 1333w\" sizes=\"auto, (max-width: 637px) 100vw, 637px\" \/><\/figure>\n\n\n\n<figure class=\"wp-block-image size-large is-resized\"><img loading=\"lazy\" decoding=\"async\" src=\"https:\/\/media1.jensgustafsson.se\/2022\/12\/image-1-1024x435.png\" alt=\"\" class=\"wp-image-27146\" width=\"627\" height=\"266\" srcset=\"https:\/\/media1.jensgustafsson.se\/2022\/12\/image-1-1024x435.png 1024w, https:\/\/media1.jensgustafsson.se\/2022\/12\/image-1-300x128.png 300w, https:\/\/media1.jensgustafsson.se\/2022\/12\/image-1-768x327.png 768w, https:\/\/media1.jensgustafsson.se\/2022\/12\/image-1-500x213.png 500w, https:\/\/media1.jensgustafsson.se\/2022\/12\/image-1.png 1418w\" sizes=\"auto, (max-width: 627px) 100vw, 627px\" \/><\/figure>\n\n\n\n<p class=\"has-blue-color has-light-gray-background-color has-text-color has-background has-medium-font-size\">De f\u00f6rsta dagarna i m\u00e5naden blev det lite l\u00e4gre temperaturer. Det gjorde att kriterierna f\u00f6r meteorologisk h\u00f6st uppfylldes. Datumet i \u00e5r f\u00f6r den blev 1:a november, och det \u00e4r rekordsent. Efter cirka en vecka in i m\u00e5naden, blev det sedan mildare, speciellt dagarna runt den 12:e november. Ovanligt att det blir s\u00e5 &#8221;varmt&#8221; s\u00e5 l\u00e5ngt fram i m\u00e5naden, men annars har vi haft liknande temperaturer i november genom \u00e5ren, och t.o.m. h\u00f6gre, men d\u00e5 i b\u00f6rjan p\u00e5 m\u00e5naden. Efter mitten av m\u00e5naden sj\u00f6nk temperaturen, och vi fick prova p\u00e5 n\u00e5gra riktigt sn\u00f6iga dagar, och \u00e4ven lite kyla runt den 20:e. Medeltemperaturen i november i \u00e5r blev +5,0\u00b0C, och det \u00e4r 1,7\u00b0 mildare j\u00e4mf\u00f6rt mot nu g\u00e4llande referensperiod, 1991-2020. Nedanf\u00f6r h\u00e4r visar jag i n\u00e5gra olika stapeldiagram, hur medeltemperaturen varit h\u00e4r genom \u00e5ren 1931-2022.<\/p>\n\n\n\n<figure class=\"wp-block-image size-large is-resized\"><img loading=\"lazy\" decoding=\"async\" src=\"https:\/\/media1.jensgustafsson.se\/2022\/12\/image-6-1024x401.png\" alt=\"\" class=\"wp-image-27154\" width=\"709\" height=\"278\" srcset=\"https:\/\/media1.jensgustafsson.se\/2022\/12\/image-6-1024x401.png 1024w, https:\/\/media1.jensgustafsson.se\/2022\/12\/image-6-300x118.png 300w, https:\/\/media1.jensgustafsson.se\/2022\/12\/image-6-768x301.png 768w, https:\/\/media1.jensgustafsson.se\/2022\/12\/image-6-1536x602.png 1536w, https:\/\/media1.jensgustafsson.se\/2022\/12\/image-6-2048x802.png 2048w, https:\/\/media1.jensgustafsson.se\/2022\/12\/image-6-500x196.png 500w\" sizes=\"auto, (max-width: 709px) 100vw, 709px\" \/><\/figure>\n\n\n\n<figure class=\"wp-block-image size-large is-resized\"><img loading=\"lazy\" decoding=\"async\" src=\"https:\/\/media1.jensgustafsson.se\/2022\/12\/image-7-1024x381.png\" alt=\"\" class=\"wp-image-27155\" width=\"713\" height=\"265\" srcset=\"https:\/\/media1.jensgustafsson.se\/2022\/12\/image-7-1024x381.png 1024w, https:\/\/media1.jensgustafsson.se\/2022\/12\/image-7-300x111.png 300w, https:\/\/media1.jensgustafsson.se\/2022\/12\/image-7-768x285.png 768w, https:\/\/media1.jensgustafsson.se\/2022\/12\/image-7-1536x571.png 1536w, https:\/\/media1.jensgustafsson.se\/2022\/12\/image-7-2048x761.png 2048w, https:\/\/media1.jensgustafsson.se\/2022\/12\/image-7-500x186.png 500w\" sizes=\"auto, (max-width: 713px) 100vw, 713px\" \/><\/figure>\n\n\n\n<figure class=\"wp-block-image size-large is-resized\"><img loading=\"lazy\" decoding=\"async\" src=\"https:\/\/media1.jensgustafsson.se\/2022\/12\/image-8-1024x355.png\" alt=\"\" class=\"wp-image-27156\" width=\"726\" height=\"252\" srcset=\"https:\/\/media1.jensgustafsson.se\/2022\/12\/image-8-1024x355.png 1024w, https:\/\/media1.jensgustafsson.se\/2022\/12\/image-8-300x104.png 300w, https:\/\/media1.jensgustafsson.se\/2022\/12\/image-8-768x266.png 768w, https:\/\/media1.jensgustafsson.se\/2022\/12\/image-8-1536x532.png 1536w, https:\/\/media1.jensgustafsson.se\/2022\/12\/image-8-2048x709.png 2048w, https:\/\/media1.jensgustafsson.se\/2022\/12\/image-8-500x173.png 500w\" sizes=\"auto, (max-width: 726px) 100vw, 726px\" \/><\/figure>\n\n\n\n<p class=\"has-blue-color has-light-gray-background-color has-text-color has-background has-medium-font-size\">Nedan ser vi en sammanfattning av lite temperatursiffror fr\u00e5n loggen p\u00e5 min v\u00e4derstation under november 2022.<\/p>\n\n\n\n<p class=\"has-blue-color has-light-gray-background-color has-text-color has-background has-medium-font-size\">Temperatur (\u00b0C):<br \/>Medel (min+max): 5,0<br \/>Medelminimum: 3,1<br \/>Medelmaximum: 7,2<br \/>Minimum: -6,6 den 21 november<br \/>Maximum: 14,9 den 12 november<br \/>H\u00f6gsta minimum: 11,9 den 12 november<br \/>L\u00e4gsta maximum: -0,7 den 21 november<br \/>Frostdygn: 2 ( mintemp. under 0\u00b0)<br \/>Isdygn: 3 (dygn d\u00e5 inte temperaturen g\u00e5tt \u00f6ver 0\u00b0)<br \/>Markfrost: 4 dygn (mintemp. \u00f6ver 0\u00b0, men frost p\u00e5 marken)<\/p>\n\n\n\n<figure class=\"wp-block-image size-large\"><img loading=\"lazy\" decoding=\"async\" width=\"1024\" height=\"683\" src=\"https:\/\/media1.jensgustafsson.se\/2022\/12\/DSC_2810-1024x683.jpg\" alt=\"\" class=\"wp-image-27188\" srcset=\"https:\/\/media1.jensgustafsson.se\/2022\/12\/DSC_2810-1024x683.jpg 1024w, https:\/\/media1.jensgustafsson.se\/2022\/12\/DSC_2810-300x200.jpg 300w, https:\/\/media1.jensgustafsson.se\/2022\/12\/DSC_2810-768x512.jpg 768w, https:\/\/media1.jensgustafsson.se\/2022\/12\/DSC_2810-1536x1024.jpg 1536w, https:\/\/media1.jensgustafsson.se\/2022\/12\/DSC_2810-2048x1366.jpg 2048w, https:\/\/media1.jensgustafsson.se\/2022\/12\/DSC_2810-450x300.jpg 450w\" sizes=\"auto, (max-width: 1024px) 100vw, 1024px\" \/><\/figure>\n\n\n\n<figure class=\"wp-block-image size-large\"><img loading=\"lazy\" decoding=\"async\" width=\"1024\" height=\"402\" src=\"https:\/\/media1.jensgustafsson.se\/2022\/12\/image-9-1024x402.png\" alt=\"\" class=\"wp-image-27157\" srcset=\"https:\/\/media1.jensgustafsson.se\/2022\/12\/image-9-1024x402.png 1024w, https:\/\/media1.jensgustafsson.se\/2022\/12\/image-9-300x118.png 300w, https:\/\/media1.jensgustafsson.se\/2022\/12\/image-9-768x302.png 768w, https:\/\/media1.jensgustafsson.se\/2022\/12\/image-9-500x196.png 500w, https:\/\/media1.jensgustafsson.se\/2022\/12\/image-9.png 1476w\" sizes=\"auto, (max-width: 1024px) 100vw, 1024px\" \/><\/figure>\n\n\n\n<p class=\"has-blue-color has-light-gray-background-color has-text-color has-background has-medium-font-size\">62 mm nederb\u00f6rd har vi f\u00e5tt i november. Det \u00e4r 15% mera \u00e4n genomsnittet i referensperioden 1991-2020.  Sn\u00f6v\u00e4dret som vi hade runt 19-20:e november , resulterade i ett rej\u00e4lt sn\u00f6t\u00e4cke. Den 20:e uppm\u00e4tte jag 30 cm sn\u00f6djup.  Det \u00e4r ovanligt f\u00f6r att vara i november. Vi har haft 8 dagar med m\u00e4tbart sn\u00f6t\u00e4cke, och 3 dagar med ej sammanh\u00e4ngande sn\u00f6t\u00e4cke Jag visar i diagrammen nedan i n\u00e5gra olika tidsperioder hur novembernederb\u00f6rden sett ut.<\/p>\n\n\n\n<figure class=\"wp-block-image size-large is-resized\"><img loading=\"lazy\" decoding=\"async\" src=\"https:\/\/media1.jensgustafsson.se\/2022\/12\/image-10-1024x388.png\" alt=\"\" class=\"wp-image-27161\" width=\"668\" height=\"253\" srcset=\"https:\/\/media1.jensgustafsson.se\/2022\/12\/image-10-1024x388.png 1024w, https:\/\/media1.jensgustafsson.se\/2022\/12\/image-10-300x114.png 300w, https:\/\/media1.jensgustafsson.se\/2022\/12\/image-10-768x291.png 768w, https:\/\/media1.jensgustafsson.se\/2022\/12\/image-10-500x190.png 500w, https:\/\/media1.jensgustafsson.se\/2022\/12\/image-10.png 1427w\" sizes=\"auto, (max-width: 668px) 100vw, 668px\" \/><\/figure>\n\n\n\n<figure class=\"wp-block-image size-large is-resized\"><img loading=\"lazy\" decoding=\"async\" src=\"https:\/\/media1.jensgustafsson.se\/2022\/12\/image-14-1024x462.png\" alt=\"\" class=\"wp-image-27166\" width=\"1024\" height=\"462\" srcset=\"https:\/\/media1.jensgustafsson.se\/2022\/12\/image-14-1024x462.png 1024w, https:\/\/media1.jensgustafsson.se\/2022\/12\/image-14-300x135.png 300w, https:\/\/media1.jensgustafsson.se\/2022\/12\/image-14-768x347.png 768w, https:\/\/media1.jensgustafsson.se\/2022\/12\/image-14-500x226.png 500w, https:\/\/media1.jensgustafsson.se\/2022\/12\/image-14.png 1336w\" sizes=\"auto, (max-width: 1024px) 100vw, 1024px\" \/><\/figure>\n\n\n\n<figure class=\"wp-block-image size-large is-resized\"><img loading=\"lazy\" decoding=\"async\" src=\"https:\/\/media1.jensgustafsson.se\/2022\/12\/image-12-1024x425.png\" alt=\"\" class=\"wp-image-27163\" width=\"1024\" height=\"425\" srcset=\"https:\/\/media1.jensgustafsson.se\/2022\/12\/image-12-1024x425.png 1024w, https:\/\/media1.jensgustafsson.se\/2022\/12\/image-12-300x125.png 300w, https:\/\/media1.jensgustafsson.se\/2022\/12\/image-12-768x319.png 768w, https:\/\/media1.jensgustafsson.se\/2022\/12\/image-12-500x208.png 500w, https:\/\/media1.jensgustafsson.se\/2022\/12\/image-12.png 1337w\" sizes=\"auto, (max-width: 1024px) 100vw, 1024px\" \/><\/figure>\n\n\n\n<figure class=\"wp-block-image size-large is-resized\"><img loading=\"lazy\" decoding=\"async\" src=\"https:\/\/media1.jensgustafsson.se\/2022\/12\/image-20-1024x424.png\" alt=\"\" class=\"wp-image-27195\" width=\"1024\" height=\"424\" srcset=\"https:\/\/media1.jensgustafsson.se\/2022\/12\/image-20-1024x424.png 1024w, https:\/\/media1.jensgustafsson.se\/2022\/12\/image-20-300x124.png 300w, https:\/\/media1.jensgustafsson.se\/2022\/12\/image-20-768x318.png 768w, https:\/\/media1.jensgustafsson.se\/2022\/12\/image-20-500x207.png 500w, https:\/\/media1.jensgustafsson.se\/2022\/12\/image-20.png 1465w\" sizes=\"auto, (max-width: 1024px) 100vw, 1024px\" \/><\/figure>\n\n\n\n<figure class=\"wp-block-image size-large\"><img loading=\"lazy\" decoding=\"async\" width=\"1024\" height=\"683\" src=\"https:\/\/media1.jensgustafsson.se\/2022\/12\/DSC_2926-1024x683.jpg\" alt=\"\" class=\"wp-image-27189\" srcset=\"https:\/\/media1.jensgustafsson.se\/2022\/12\/DSC_2926-1024x683.jpg 1024w, https:\/\/media1.jensgustafsson.se\/2022\/12\/DSC_2926-300x200.jpg 300w, https:\/\/media1.jensgustafsson.se\/2022\/12\/DSC_2926-768x512.jpg 768w, https:\/\/media1.jensgustafsson.se\/2022\/12\/DSC_2926-1536x1024.jpg 1536w, https:\/\/media1.jensgustafsson.se\/2022\/12\/DSC_2926-2048x1366.jpg 2048w, https:\/\/media1.jensgustafsson.se\/2022\/12\/DSC_2926-450x300.jpg 450w\" sizes=\"auto, (max-width: 1024px) 100vw, 1024px\" \/><\/figure>\n\n\n\n<figure class=\"wp-block-image size-large is-resized\"><img loading=\"lazy\" decoding=\"async\" src=\"https:\/\/media1.jensgustafsson.se\/2022\/12\/image-16-1024x411.png\" alt=\"\" class=\"wp-image-27170\" width=\"645\" height=\"259\" srcset=\"https:\/\/media1.jensgustafsson.se\/2022\/12\/image-16-1024x411.png 1024w, https:\/\/media1.jensgustafsson.se\/2022\/12\/image-16-300x120.png 300w, https:\/\/media1.jensgustafsson.se\/2022\/12\/image-16-768x308.png 768w, https:\/\/media1.jensgustafsson.se\/2022\/12\/image-16-500x201.png 500w, https:\/\/media1.jensgustafsson.se\/2022\/12\/image-16.png 1467w\" sizes=\"auto, (max-width: 645px) 100vw, 645px\" \/><\/figure>\n\n\n\n<p class=\"has-blue-color has-light-gray-background-color has-text-color has-background has-medium-font-size\">Vindriktningarna under m\u00e5naden ser vi i diagrammet ovan. D\u00e4r ser vi att den nordostliga vinden sticker ut lite. Det var ju den som drog in med &#8221;sn\u00f6kanonerna&#8221; de 19:e i m\u00e5naden. F\u00f6r \u00f6vrigt s\u00e5 \u00e4r f\u00f6rdelningen av vindriktningarna  ganska j\u00e4mn under m\u00e5naden. Den genomsnittliga maxvindhastigheten blev 4,9 m\/s.<\/p>\n\n\n\n<figure class=\"wp-block-image size-large\"><img loading=\"lazy\" decoding=\"async\" width=\"1024\" height=\"683\" src=\"https:\/\/media1.jensgustafsson.se\/2022\/12\/DSC_2968-1024x683.jpg\" alt=\"\" class=\"wp-image-27190\" srcset=\"https:\/\/media1.jensgustafsson.se\/2022\/12\/DSC_2968-1024x683.jpg 1024w, https:\/\/media1.jensgustafsson.se\/2022\/12\/DSC_2968-300x200.jpg 300w, https:\/\/media1.jensgustafsson.se\/2022\/12\/DSC_2968-768x512.jpg 768w, https:\/\/media1.jensgustafsson.se\/2022\/12\/DSC_2968-1536x1024.jpg 1536w, https:\/\/media1.jensgustafsson.se\/2022\/12\/DSC_2968-2048x1365.jpg 2048w, https:\/\/media1.jensgustafsson.se\/2022\/12\/DSC_2968-450x300.jpg 450w\" sizes=\"auto, (max-width: 1024px) 100vw, 1024px\" \/><\/figure>\n\n\n\n<p class=\"has-blue-color has-light-gray-background-color has-text-color has-background has-medium-font-size\">I och med att vi g\u00e5r in i december nu, s\u00e5 byter vi kalendarisk \u00e5rstid till vinter. 2022 \u00e5rs december \u00e4r m\u00e5nad nummer 1 av 3 i vintern 2022\/2023. <\/p>\n\n\n\n<p class=\"has-blue-color has-light-gray-background-color has-text-color has-background has-medium-font-size\">November m\u00e5nad avslutar de 3 kalendariska h\u00f6stm\u00e5naderna, och det inneb\u00e4r att det g\u00e5r att sammanfatta hur de 4 kalendariska \u00e5rstiderna \u00e5r 2022 blev, och det h\u00e5ller jag p\u00e5 att ta fram lite siffror om, och j\u00e4mf\u00f6relser med tidigare \u00e5r, och det \u00e5terkommer jag med  i ett kommande blogginl\u00e4gg.<\/p>\n","protected":false},"excerpt":{"rendered":"<p>H\u00e4r kommer en sammanfattning av november 2022. V\u00e4derdata f\u00f6r \u00e5rets novemberm\u00e5nad \u00e4r h\u00e4mtade fr\u00e5n min privata v\u00e4derstation h\u00e4r i F\u00e5gelfors. Statistiken som jag anv\u00e4nder och j\u00e4mf\u00f6r \u00e5rets novemberm\u00e5nad mot, \u00e4r h\u00e4mtad fr\u00e5n SMHI:s n\u00e4rmaste m\u00e4tstationer Blankastr\u00f6m, och Drageryd f\u00f6r \u00e5ren &hellip; <a href=\"https:\/\/jensgustafsson.se\/?page_id=27142\">Forts\u00e4tt l\u00e4sa <span class=\"meta-nav\">&rarr;<\/span><\/a><\/p>\n","protected":false},"author":1,"featured_media":27186,"parent":23747,"menu_order":11,"comment_status":"open","ping_status":"closed","template":"","meta":{"footnotes":""},"class_list":["post-27142","page","type-page","status-publish","has-post-thumbnail","hentry"],"_links":{"self":[{"href":"https:\/\/jensgustafsson.se\/index.php?rest_route=\/wp\/v2\/pages\/27142","targetHints":{"allow":["GET"]}}],"collection":[{"href":"https:\/\/jensgustafsson.se\/index.php?rest_route=\/wp\/v2\/pages"}],"about":[{"href":"https:\/\/jensgustafsson.se\/index.php?rest_route=\/wp\/v2\/types\/page"}],"author":[{"embeddable":true,"href":"https:\/\/jensgustafsson.se\/index.php?rest_route=\/wp\/v2\/users\/1"}],"replies":[{"embeddable":true,"href":"https:\/\/jensgustafsson.se\/index.php?rest_route=%2Fwp%2Fv2%2Fcomments&post=27142"}],"version-history":[{"count":21,"href":"https:\/\/jensgustafsson.se\/index.php?rest_route=\/wp\/v2\/pages\/27142\/revisions"}],"predecessor-version":[{"id":27197,"href":"https:\/\/jensgustafsson.se\/index.php?rest_route=\/wp\/v2\/pages\/27142\/revisions\/27197"}],"up":[{"embeddable":true,"href":"https:\/\/jensgustafsson.se\/index.php?rest_route=\/wp\/v2\/pages\/23747"}],"wp:featuredmedia":[{"embeddable":true,"href":"https:\/\/jensgustafsson.se\/index.php?rest_route=\/wp\/v2\/media\/27186"}],"wp:attachment":[{"href":"https:\/\/jensgustafsson.se\/index.php?rest_route=%2Fwp%2Fv2%2Fmedia&parent=27142"}],"curies":[{"name":"wp","href":"https:\/\/api.w.org\/{rel}","templated":true}]}}