{"id":27202,"date":"2022-12-02T10:24:18","date_gmt":"2022-12-02T09:24:18","guid":{"rendered":"https:\/\/jensgustafsson.se\/?page_id=27202"},"modified":"2026-03-25T09:41:30","modified_gmt":"2026-03-25T08:41:30","slug":"nyheter","status":"publish","type":"page","link":"https:\/\/jensgustafsson.se\/?page_id=27202","title":{"rendered":"Speciella inl\u00e4gg. (Uppdat. 20260325)."},"content":{"rendered":"\n<figure class=\"wp-block-embed is-type-wp-embed is-provider-v-dret-i-f-gelfors-sm-land wp-block-embed-v-dret-i-f-gelfors-sm-land\"><div class=\"wp-block-embed__wrapper\">\n<blockquote class=\"wp-embedded-content\" data-secret=\"RGS8qt4c5X\"><a href=\"https:\/\/jensgustafsson.se\/?p=38848\">Vintern 2025\/26.<\/a><\/blockquote><iframe loading=\"lazy\" class=\"wp-embedded-content\" sandbox=\"allow-scripts\" security=\"restricted\" style=\"position: absolute; visibility: hidden;\" title=\"\u201dVintern 2025\/26.\u201d &ndash; V\u00e4dret i F\u00e5gelfors, Sm\u00e5land.\" src=\"https:\/\/jensgustafsson.se\/?p=38848&#038;embed=true#?secret=JJxgh0Rl8a#?secret=RGS8qt4c5X\" data-secret=\"RGS8qt4c5X\" width=\"584\" height=\"329\" frameborder=\"0\" marginwidth=\"0\" marginheight=\"0\" scrolling=\"no\"><\/iframe>\n<\/div><\/figure>\n\n\n\n<figure class=\"wp-block-embed is-type-wp-embed is-provider-v-dret-i-f-gelfors-sm-land wp-block-embed-v-dret-i-f-gelfors-sm-land\"><div class=\"wp-block-embed__wrapper\">\n<blockquote class=\"wp-embedded-content\" data-secret=\"ifVSSIP81z\"><a href=\"https:\/\/jensgustafsson.se\/?p=38132\">En sammanfattning av 2025 \u00e5rs v\u00e4der p\u00e5 min privata v\u00e4derstation i F\u00e5gelfors.<\/a><\/blockquote><iframe loading=\"lazy\" class=\"wp-embedded-content\" sandbox=\"allow-scripts\" security=\"restricted\" style=\"position: absolute; visibility: hidden;\" title=\"\u201dEn sammanfattning av 2025 \u00e5rs v\u00e4der p\u00e5 min privata v\u00e4derstation i F\u00e5gelfors.\u201d &ndash; V\u00e4dret i F\u00e5gelfors, Sm\u00e5land.\" src=\"https:\/\/jensgustafsson.se\/?p=38132&#038;embed=true#?secret=jX8CqMv3SW#?secret=ifVSSIP81z\" data-secret=\"ifVSSIP81z\" width=\"584\" height=\"329\" frameborder=\"0\" marginwidth=\"0\" marginheight=\"0\" scrolling=\"no\"><\/iframe>\n<\/div><\/figure>\n\n\n\n<figure class=\"wp-block-embed is-type-wp-embed is-provider-v-dret-i-f-gelfors-sm-land wp-block-embed-v-dret-i-f-gelfors-sm-land\"><div class=\"wp-block-embed__wrapper\">\n<blockquote class=\"wp-embedded-content\" data-secret=\"A6yZFZcW1j\"><a href=\"https:\/\/jensgustafsson.se\/?p=37873\">Sammanfattning av 2025 \u00e5rs h\u00f6st (sept. okt. och nov.) i F\u00e5gelfors, Sm\u00e5land.<\/a><\/blockquote><iframe loading=\"lazy\" class=\"wp-embedded-content\" sandbox=\"allow-scripts\" security=\"restricted\" style=\"position: absolute; visibility: hidden;\" title=\"\u201dSammanfattning av 2025 \u00e5rs h\u00f6st (sept. okt. och nov.) i F\u00e5gelfors, Sm\u00e5land.\u201d &ndash; V\u00e4dret i F\u00e5gelfors, Sm\u00e5land.\" src=\"https:\/\/jensgustafsson.se\/?p=37873&#038;embed=true#?secret=1ojfOelSux#?secret=A6yZFZcW1j\" data-secret=\"A6yZFZcW1j\" width=\"584\" height=\"329\" frameborder=\"0\" marginwidth=\"0\" marginheight=\"0\" scrolling=\"no\"><\/iframe>\n<\/div><\/figure>\n\n\n\n<figure class=\"wp-block-embed is-type-wp-embed is-provider-v-dret-i-f-gelfors-sm-land wp-block-embed-v-dret-i-f-gelfors-sm-land\"><div class=\"wp-block-embed__wrapper\">\n<blockquote class=\"wp-embedded-content\" data-secret=\"n3aLbqx0K3\"><a href=\"https:\/\/jensgustafsson.se\/?p=36929\">Sammanfattning av sommaren 2025. (Klicka h\u00e4r)<\/a><\/blockquote><iframe loading=\"lazy\" class=\"wp-embedded-content\" sandbox=\"allow-scripts\" security=\"restricted\" style=\"position: absolute; visibility: hidden;\" title=\"\u201dSammanfattning av sommaren 2025. (Klicka h\u00e4r)\u201d &ndash; V\u00e4dret i F\u00e5gelfors, Sm\u00e5land.\" src=\"https:\/\/jensgustafsson.se\/?p=36929&#038;embed=true#?secret=iry9x80u0j#?secret=n3aLbqx0K3\" data-secret=\"n3aLbqx0K3\" width=\"584\" height=\"329\" frameborder=\"0\" marginwidth=\"0\" marginheight=\"0\" scrolling=\"no\"><\/iframe>\n<\/div><\/figure>\n\n\n\n<figure class=\"wp-block-embed is-type-wp-embed is-provider-v-dret-i-f-gelfors-sm-land wp-block-embed-v-dret-i-f-gelfors-sm-land\"><div class=\"wp-block-embed__wrapper\">\n<blockquote class=\"wp-embedded-content\" data-secret=\"6u2pLT4YZp\"><a href=\"https:\/\/jensgustafsson.se\/?p=34568\">En sammanfattning av 2024 \u00e5rs v\u00e4der p\u00e5 min privata v\u00e4derstation i F\u00e5gelfors.<\/a><\/blockquote><iframe loading=\"lazy\" class=\"wp-embedded-content\" sandbox=\"allow-scripts\" security=\"restricted\" style=\"position: absolute; visibility: hidden;\" title=\"\u201dEn sammanfattning av 2024 \u00e5rs v\u00e4der p\u00e5 min privata v\u00e4derstation i F\u00e5gelfors.\u201d &ndash; V\u00e4dret i F\u00e5gelfors, Sm\u00e5land.\" src=\"https:\/\/jensgustafsson.se\/?p=34568&#038;embed=true#?secret=TdsQFSKBne#?secret=6u2pLT4YZp\" data-secret=\"6u2pLT4YZp\" width=\"584\" height=\"329\" frameborder=\"0\" marginwidth=\"0\" marginheight=\"0\" scrolling=\"no\"><\/iframe>\n<\/div><\/figure>\n\n\n\n<figure class=\"wp-block-embed is-type-wp-embed is-provider-v-dret-i-f-gelfors-sm-land wp-block-embed-v-dret-i-f-gelfors-sm-land\"><div class=\"wp-block-embed__wrapper\">\n<blockquote class=\"wp-embedded-content\" data-secret=\"CoeO2vXshK\"><a href=\"https:\/\/jensgustafsson.se\/?p=34358\">\u00c5rstidernas temperatur och nederb\u00f6rd 2024.<\/a><\/blockquote><iframe loading=\"lazy\" class=\"wp-embedded-content\" sandbox=\"allow-scripts\" security=\"restricted\" style=\"position: absolute; visibility: hidden;\" title=\"\u201d\u00c5rstidernas temperatur och nederb\u00f6rd 2024.\u201d &ndash; V\u00e4dret i F\u00e5gelfors, Sm\u00e5land.\" src=\"https:\/\/jensgustafsson.se\/?p=34358&#038;embed=true#?secret=MFvMzChACd#?secret=CoeO2vXshK\" data-secret=\"CoeO2vXshK\" width=\"584\" height=\"329\" frameborder=\"0\" marginwidth=\"0\" marginheight=\"0\" scrolling=\"no\"><\/iframe>\n<\/div><\/figure>\n\n\n\n<p><\/p>\n\n\n\n<figure class=\"wp-block-embed is-type-wp-embed is-provider-v-dret-i-f-gelfors-sm-land wp-block-embed-v-dret-i-f-gelfors-sm-land\"><div class=\"wp-block-embed__wrapper\">\n<blockquote class=\"wp-embedded-content\" data-secret=\"GpPmif4AMd\"><a href=\"https:\/\/jensgustafsson.se\/?p=30915\">\u00c5rstidernas temperatur och nederb\u00f6rd 2023<\/a><\/blockquote><iframe loading=\"lazy\" class=\"wp-embedded-content\" sandbox=\"allow-scripts\" security=\"restricted\" style=\"position: absolute; visibility: hidden;\" title=\"\u201d\u00c5rstidernas temperatur och nederb\u00f6rd 2023\u201d &ndash; V\u00e4dret i F\u00e5gelfors, Sm\u00e5land.\" src=\"https:\/\/jensgustafsson.se\/?p=30915&#038;embed=true#?secret=1gwxvNWu16#?secret=GpPmif4AMd\" data-secret=\"GpPmif4AMd\" width=\"584\" height=\"329\" frameborder=\"0\" marginwidth=\"0\" marginheight=\"0\" scrolling=\"no\"><\/iframe>\n<\/div><\/figure>\n\n\n\n<figure class=\"wp-block-embed is-type-wp-embed is-provider-v-dret-i-f-gelfors-sm-land wp-block-embed-v-dret-i-f-gelfors-sm-land\"><div class=\"wp-block-embed__wrapper\">\n<blockquote class=\"wp-embedded-content\" data-secret=\"AhHXdlzxJV\"><a href=\"https:\/\/jensgustafsson.se\/?p=30343\">2023 \u00e5rs 9 f\u00f6rsta m\u00e5nader j\u00e4mf\u00f6rt mot normalt.<\/a><\/blockquote><iframe loading=\"lazy\" class=\"wp-embedded-content\" sandbox=\"allow-scripts\" security=\"restricted\" style=\"position: absolute; visibility: hidden;\" title=\"\u201d2023 \u00e5rs 9 f\u00f6rsta m\u00e5nader j\u00e4mf\u00f6rt mot normalt.\u201d &ndash; V\u00e4dret i F\u00e5gelfors, Sm\u00e5land.\" src=\"https:\/\/jensgustafsson.se\/?p=30343&#038;embed=true#?secret=QbvIplhmVx#?secret=AhHXdlzxJV\" data-secret=\"AhHXdlzxJV\" width=\"584\" height=\"329\" frameborder=\"0\" marginwidth=\"0\" marginheight=\"0\" scrolling=\"no\"><\/iframe>\n<\/div><\/figure>\n\n\n\n<figure class=\"wp-block-embed is-type-wp-embed is-provider-v-dret-i-f-gelfors-sm-land wp-block-embed-v-dret-i-f-gelfors-sm-land\"><div class=\"wp-block-embed__wrapper\">\n<blockquote class=\"wp-embedded-content\" data-secret=\"rkF3THw73k\"><a href=\"https:\/\/jensgustafsson.se\/?p=30068\">Vinter, v\u00e5r och sommar \u00e5ren 2013-2023.<\/a><\/blockquote><iframe loading=\"lazy\" class=\"wp-embedded-content\" sandbox=\"allow-scripts\" security=\"restricted\" style=\"position: absolute; visibility: hidden;\" title=\"\u201dVinter, v\u00e5r och sommar \u00e5ren 2013-2023.\u201d &ndash; V\u00e4dret i F\u00e5gelfors, Sm\u00e5land.\" src=\"https:\/\/jensgustafsson.se\/?p=30068&#038;embed=true#?secret=uAjdjMxPuB#?secret=rkF3THw73k\" data-secret=\"rkF3THw73k\" width=\"584\" height=\"329\" frameborder=\"0\" marginwidth=\"0\" marginheight=\"0\" scrolling=\"no\"><\/iframe>\n<\/div><\/figure>\n\n\n\n<p>Lite om f\u00f6rsta delen av januari 2023.<\/p>\n\n\n\n<figure class=\"wp-block-embed is-type-wp-embed is-provider-v-dret-i-f-gelfors-sm-land wp-block-embed-v-dret-i-f-gelfors-sm-land\"><div class=\"wp-block-embed__wrapper\">\n<blockquote class=\"wp-embedded-content\" data-secret=\"VFHGNGpE8h\"><a href=\"https:\/\/jensgustafsson.se\/?p=27885\">Halvv\u00e4gs i januari 2023. Milt och bl\u00f6tt.<\/a><\/blockquote><iframe loading=\"lazy\" class=\"wp-embedded-content\" sandbox=\"allow-scripts\" security=\"restricted\" style=\"position: absolute; visibility: hidden;\" title=\"\u201dHalvv\u00e4gs i januari 2023. Milt och bl\u00f6tt.\u201d &ndash; V\u00e4dret i F\u00e5gelfors, Sm\u00e5land.\" src=\"https:\/\/jensgustafsson.se\/?p=27885&#038;embed=true#?secret=1NaQuV30La#?secret=VFHGNGpE8h\" data-secret=\"VFHGNGpE8h\" width=\"584\" height=\"329\" frameborder=\"0\" marginwidth=\"0\" marginheight=\"0\" scrolling=\"no\"><\/iframe>\n<\/div><\/figure>\n\n\n\n<p class=\"has-blue-color has-light-gray-background-color has-text-color has-background has-medium-font-size\">Hur var \u00e5r 2022 v\u00e4derm\u00e4ssigt i F\u00e5gelfors? Klicka p\u00e5 l\u00e4nken nedan f\u00f6r att komma direkt till inl\u00e4gget<\/p>\n\n\n\n<figure class=\"wp-block-embed is-type-wp-embed is-provider-v-dret-i-f-gelfors-sm-land wp-block-embed-v-dret-i-f-gelfors-sm-land\"><div class=\"wp-block-embed__wrapper\">\n<blockquote class=\"wp-embedded-content\" data-secret=\"L3qoo8UJXW\"><a href=\"https:\/\/jensgustafsson.se\/?p=27680\">2022 \u00e5rs medeltemperatur och nederb\u00f6rd.<\/a><\/blockquote><iframe loading=\"lazy\" class=\"wp-embedded-content\" sandbox=\"allow-scripts\" security=\"restricted\" style=\"position: absolute; visibility: hidden;\" title=\"\u201d2022 \u00e5rs medeltemperatur och nederb\u00f6rd.\u201d &ndash; V\u00e4dret i F\u00e5gelfors, Sm\u00e5land.\" src=\"https:\/\/jensgustafsson.se\/?p=27680&#038;embed=true#?secret=JbMAe2nhyY#?secret=L3qoo8UJXW\" data-secret=\"L3qoo8UJXW\" width=\"584\" height=\"329\" frameborder=\"0\" marginwidth=\"0\" marginheight=\"0\" scrolling=\"no\"><\/iframe>\n<\/div><\/figure>\n\n\n\n<p class=\"has-blue-color has-light-gray-background-color has-text-color has-background has-medium-font-size\">En mycket kall decemberm\u00e5nad hade vi \u00e5r 2010. <em>Klicka p\u00e5 l\u00e4nken nedan<\/em> f\u00f6r att komma till inl\u00e4gget p\u00e5 min blogg.<\/p>\n\n\n\n<figure class=\"wp-block-embed is-type-wp-embed is-provider-v-dret-i-f-gelfors-sm-land wp-block-embed-v-dret-i-f-gelfors-sm-land\"><div class=\"wp-block-embed__wrapper\">\n<blockquote class=\"wp-embedded-content\" data-secret=\"rKGcyUMNRy\"><a href=\"https:\/\/jensgustafsson.se\/?p=27384\">December 2010, en mycket kall m\u00e5nad.<\/a><\/blockquote><iframe loading=\"lazy\" class=\"wp-embedded-content\" sandbox=\"allow-scripts\" security=\"restricted\" style=\"position: absolute; visibility: hidden;\" title=\"\u201dDecember 2010, en mycket kall m\u00e5nad.\u201d &ndash; V\u00e4dret i F\u00e5gelfors, Sm\u00e5land.\" src=\"https:\/\/jensgustafsson.se\/?p=27384&#038;embed=true#?secret=WZRWIQsbQa#?secret=rKGcyUMNRy\" data-secret=\"rKGcyUMNRy\" width=\"584\" height=\"329\" frameborder=\"0\" marginwidth=\"0\" marginheight=\"0\" scrolling=\"no\"><\/iframe>\n<\/div><figcaption class=\"wp-element-caption\"><strong><em>Ett inl\u00e4gg om den kallaste decemberm\u00e5naden p\u00e5 100 \u00e5r.<\/em><\/strong><\/figcaption><\/figure>\n\n\n\n<p class=\"has-blue-color has-light-gray-background-color has-text-color has-background has-medium-font-size\">\u00c5rstidernas medeltemperatur och nederb\u00f6rd i \u00e5r (2022) har jag sammanst\u00e4llt, och j\u00e4mf\u00f6r mot tidigare \u00e5r, och det har jag gjort ett blogginl\u00e4gg om. Klicka p\u00e5 l\u00e4nken nedan, s\u00e5 kommer du direkt till inl\u00e4gget. <\/p>\n\n\n\n<figure class=\"wp-block-embed is-type-wp-embed is-provider-v-dret-i-f-gelfors-sm-land wp-block-embed-v-dret-i-f-gelfors-sm-land\"><div class=\"wp-block-embed__wrapper\">\n<blockquote class=\"wp-embedded-content\" data-secret=\"Wohnraumi5\"><a href=\"https:\/\/jensgustafsson.se\/?p=27091\">\u00c5rstidernas medeltemperatur och nederb\u00f6rd \u00e5r 2022 j\u00e4mf\u00f6rt mot tidigare \u00e5r.<\/a><\/blockquote><iframe loading=\"lazy\" class=\"wp-embedded-content\" sandbox=\"allow-scripts\" security=\"restricted\" style=\"position: absolute; visibility: hidden;\" title=\"\u201d\u00c5rstidernas medeltemperatur och nederb\u00f6rd \u00e5r 2022 j\u00e4mf\u00f6rt mot tidigare \u00e5r.\u201d &ndash; V\u00e4dret i F\u00e5gelfors, Sm\u00e5land.\" src=\"https:\/\/jensgustafsson.se\/?p=27091&#038;embed=true#?secret=RnTeJ8kKpN#?secret=Wohnraumi5\" data-secret=\"Wohnraumi5\" width=\"584\" height=\"329\" frameborder=\"0\" marginwidth=\"0\" marginheight=\"0\" scrolling=\"no\"><\/iframe>\n<\/div><\/figure>\n\n\n\n<p class=\"has-blue-color has-light-gray-background-color has-text-color has-background has-medium-font-size\">2022 \u00e5rs novemberm\u00e5nads v\u00e4dersammanfattning finns nu under &#8221;M\u00e5nadens v\u00e4der 2022&#8221; p\u00e5 min v\u00e4dersida\/blogg. Klicka p\u00e5 l\u00e4nken nedan, s\u00e5 kommer du direkt till sidan.<\/p>\n\n\n\n<figure class=\"wp-block-embed is-type-wp-embed is-provider-v-dret-i-f-gelfors-sm-land wp-block-embed-v-dret-i-f-gelfors-sm-land\"><div class=\"wp-block-embed__wrapper\">\n<blockquote class=\"wp-embedded-content\" data-secret=\"f1lnl7loIE\"><a href=\"https:\/\/jensgustafsson.se\/?page_id=27142\">November 2022.<\/a><\/blockquote><iframe loading=\"lazy\" class=\"wp-embedded-content\" sandbox=\"allow-scripts\" security=\"restricted\" style=\"position: absolute; visibility: hidden;\" title=\"\u201dNovember 2022.\u201d &ndash; V\u00e4dret i F\u00e5gelfors, Sm\u00e5land.\" src=\"https:\/\/jensgustafsson.se\/?page_id=27142&#038;embed=true#?secret=2MbCvOkdDe#?secret=f1lnl7loIE\" data-secret=\"f1lnl7loIE\" width=\"584\" height=\"329\" frameborder=\"0\" marginwidth=\"0\" marginheight=\"0\" scrolling=\"no\"><\/iframe>\n<\/div><\/figure>\n","protected":false},"excerpt":{"rendered":"<p>Lite om f\u00f6rsta delen av januari 2023. Hur var \u00e5r 2022 v\u00e4derm\u00e4ssigt i F\u00e5gelfors? Klicka p\u00e5 l\u00e4nken nedan f\u00f6r att komma direkt till inl\u00e4gget En mycket kall decemberm\u00e5nad hade vi \u00e5r 2010. Klicka p\u00e5 l\u00e4nken nedan f\u00f6r att komma till &hellip; <a href=\"https:\/\/jensgustafsson.se\/?page_id=27202\">Forts\u00e4tt l\u00e4sa <span class=\"meta-nav\">&rarr;<\/span><\/a><\/p>\n","protected":false},"author":1,"featured_media":0,"parent":0,"menu_order":1,"comment_status":"closed","ping_status":"closed","template":"","meta":{"footnotes":""},"class_list":["post-27202","page","type-page","status-publish","hentry"],"_links":{"self":[{"href":"https:\/\/jensgustafsson.se\/index.php?rest_route=\/wp\/v2\/pages\/27202","targetHints":{"allow":["GET"]}}],"collection":[{"href":"https:\/\/jensgustafsson.se\/index.php?rest_route=\/wp\/v2\/pages"}],"about":[{"href":"https:\/\/jensgustafsson.se\/index.php?rest_route=\/wp\/v2\/types\/page"}],"author":[{"embeddable":true,"href":"https:\/\/jensgustafsson.se\/index.php?rest_route=\/wp\/v2\/users\/1"}],"replies":[{"embeddable":true,"href":"https:\/\/jensgustafsson.se\/index.php?rest_route=%2Fwp%2Fv2%2Fcomments&post=27202"}],"version-history":[{"count":24,"href":"https:\/\/jensgustafsson.se\/index.php?rest_route=\/wp\/v2\/pages\/27202\/revisions"}],"predecessor-version":[{"id":38872,"href":"https:\/\/jensgustafsson.se\/index.php?rest_route=\/wp\/v2\/pages\/27202\/revisions\/38872"}],"wp:attachment":[{"href":"https:\/\/jensgustafsson.se\/index.php?rest_route=%2Fwp%2Fv2%2Fmedia&parent=27202"}],"curies":[{"name":"wp","href":"https:\/\/api.w.org\/{rel}","templated":true}]}}