{"id":27632,"date":"2023-01-01T14:01:16","date_gmt":"2023-01-01T13:01:16","guid":{"rendered":"https:\/\/jensgustafsson.se\/?page_id=27632"},"modified":"2023-01-01T14:01:16","modified_gmt":"2023-01-01T13:01:16","slug":"december-2022","status":"publish","type":"page","link":"https:\/\/jensgustafsson.se\/?page_id=27632","title":{"rendered":"December 2022."},"content":{"rendered":"\n<figure class=\"wp-block-image size-large\"><img loading=\"lazy\" decoding=\"async\" width=\"1024\" height=\"568\" src=\"https:\/\/media1.jensgustafsson.se\/2023\/01\/DSC_3079-1024x568.jpg\" alt=\"\" class=\"wp-image-27654\" srcset=\"https:\/\/media1.jensgustafsson.se\/2023\/01\/DSC_3079-1024x568.jpg 1024w, https:\/\/media1.jensgustafsson.se\/2023\/01\/DSC_3079-300x166.jpg 300w, https:\/\/media1.jensgustafsson.se\/2023\/01\/DSC_3079-768x426.jpg 768w, https:\/\/media1.jensgustafsson.se\/2023\/01\/DSC_3079-1536x851.jpg 1536w, https:\/\/media1.jensgustafsson.se\/2023\/01\/DSC_3079-2048x1135.jpg 2048w, https:\/\/media1.jensgustafsson.se\/2023\/01\/DSC_3079-500x277.jpg 500w\" sizes=\"auto, (max-width: 1024px) 100vw, 1024px\" \/><\/figure>\n\n\n\n<p class=\"has-blue-color has-light-gray-background-color has-text-color has-background has-medium-font-size\">H\u00e4r kommer en sammanfattning av december 2022. V\u00e4derdata f\u00f6r \u00e5rets decemberm\u00e5nad \u00e4r h\u00e4mtade fr\u00e5n min privata v\u00e4derstation h\u00e4r i F\u00e5gelfors. Statistiken som jag anv\u00e4nder och j\u00e4mf\u00f6r \u00e5rets decemberm\u00e5nad mot, \u00e4r h\u00e4mtad fr\u00e5n SMHI:s n\u00e4rmaste m\u00e4tstationer Blankastr\u00f6m, och Drageryd f\u00f6r \u00e5ren 1931-2012. Fr\u00e5n 2013 och fram\u00e5t \u00e4r det min egna, privata v\u00e4derstation som levererar siffrorna. Nuvarande \u201dnormalperiod\u201d som anv\u00e4nds att j\u00e4mf\u00f6ra mot, \u00e4r \u00e5ren 1991-2020, men jag redovisar ocks\u00e5 \u00e5ren 1931-2022 i mina diagram i min redog\u00f6relse nedan.<\/p>\n\n\n\n<figure class=\"wp-block-image size-large\"><img loading=\"lazy\" decoding=\"async\" width=\"1024\" height=\"459\" src=\"https:\/\/media1.jensgustafsson.se\/2023\/01\/image-1024x459.png\" alt=\"\" class=\"wp-image-27635\" srcset=\"https:\/\/media1.jensgustafsson.se\/2023\/01\/image-1024x459.png 1024w, https:\/\/media1.jensgustafsson.se\/2023\/01\/image-300x135.png 300w, https:\/\/media1.jensgustafsson.se\/2023\/01\/image-768x344.png 768w, https:\/\/media1.jensgustafsson.se\/2023\/01\/image-1536x689.png 1536w, https:\/\/media1.jensgustafsson.se\/2023\/01\/image-500x224.png 500w, https:\/\/media1.jensgustafsson.se\/2023\/01\/image.png 1782w\" sizes=\"auto, (max-width: 1024px) 100vw, 1024px\" \/><\/figure>\n\n\n\n<p class=\"has-blue-color has-light-gray-background-color has-text-color has-background has-medium-font-size\">I stapeldiagrammet ovan, ser vi att december 2022 blev en blandning av b\u00e5de riktigt kallt v\u00e4der i mitten av m\u00e5naden, och rej\u00e4lt milt i slutet av m\u00e5naden. Medeltemperaturen hamnade p\u00e5 -1,6 grader, vilket \u00e4r 0,9 grader kallare j\u00e4mf\u00f6rt mot nuvarande &#8221;normalperiod&#8221; 1991-2020. I fjol hade vi ocks\u00e5 en kall decemberm\u00e5nad, d\u00e5 var medeltemperaturen -2,7 grader. Annars har decemberm\u00e5naderna varit milda ett antal \u00e5r, man f\u00e5r g\u00e5 tillbaka till 2012 och 2010 f\u00f6r att hitta n\u00e5gra kallare decemberm\u00e5nader. Vi har ocks\u00e5 haft n\u00e5gra rej\u00e4lt milda decemberm\u00e5nader p\u00e5 senare \u00e5r, bl.a. 2015 och 2020. Jag l\u00e4gger in n\u00e5gra stapeldiagram nedan, s\u00e5 blir det l\u00e4tt \u00f6versk\u00e5dligt att se och j\u00e4mf\u00f6ra december 2022 mot n\u00e5gra olika referensperioder.<\/p>\n\n\n\n<figure class=\"wp-block-image size-large is-resized\"><img loading=\"lazy\" decoding=\"async\" src=\"https:\/\/media1.jensgustafsson.se\/2023\/01\/image-1-1024x440.png\" alt=\"\" class=\"wp-image-27636\" width=\"669\" height=\"287\" srcset=\"https:\/\/media1.jensgustafsson.se\/2023\/01\/image-1-1024x440.png 1024w, https:\/\/media1.jensgustafsson.se\/2023\/01\/image-1-300x129.png 300w, https:\/\/media1.jensgustafsson.se\/2023\/01\/image-1-768x330.png 768w, https:\/\/media1.jensgustafsson.se\/2023\/01\/image-1-500x215.png 500w, https:\/\/media1.jensgustafsson.se\/2023\/01\/image-1.png 1435w\" sizes=\"auto, (max-width: 669px) 100vw, 669px\" \/><\/figure>\n\n\n\n<figure class=\"wp-block-image size-large is-resized\"><img loading=\"lazy\" decoding=\"async\" src=\"https:\/\/media1.jensgustafsson.se\/2023\/01\/image-3-1024x361.png\" alt=\"\" class=\"wp-image-27638\" width=\"668\" height=\"235\" srcset=\"https:\/\/media1.jensgustafsson.se\/2023\/01\/image-3-1024x361.png 1024w, https:\/\/media1.jensgustafsson.se\/2023\/01\/image-3-300x106.png 300w, https:\/\/media1.jensgustafsson.se\/2023\/01\/image-3-768x271.png 768w, https:\/\/media1.jensgustafsson.se\/2023\/01\/image-3-1536x541.png 1536w, https:\/\/media1.jensgustafsson.se\/2023\/01\/image-3-2048x722.png 2048w, https:\/\/media1.jensgustafsson.se\/2023\/01\/image-3-500x176.png 500w\" sizes=\"auto, (max-width: 668px) 100vw, 668px\" \/><\/figure>\n\n\n\n<figure class=\"wp-block-image size-large is-resized\"><img loading=\"lazy\" decoding=\"async\" src=\"https:\/\/media1.jensgustafsson.se\/2023\/01\/image-4-1024x366.png\" alt=\"\" class=\"wp-image-27639\" width=\"662\" height=\"236\" srcset=\"https:\/\/media1.jensgustafsson.se\/2023\/01\/image-4-1024x366.png 1024w, https:\/\/media1.jensgustafsson.se\/2023\/01\/image-4-300x107.png 300w, https:\/\/media1.jensgustafsson.se\/2023\/01\/image-4-768x274.png 768w, https:\/\/media1.jensgustafsson.se\/2023\/01\/image-4-1536x548.png 1536w, https:\/\/media1.jensgustafsson.se\/2023\/01\/image-4-2048x731.png 2048w, https:\/\/media1.jensgustafsson.se\/2023\/01\/image-4-500x179.png 500w\" sizes=\"auto, (max-width: 662px) 100vw, 662px\" \/><\/figure>\n\n\n\n<figure class=\"wp-block-image size-large is-resized\"><img loading=\"lazy\" decoding=\"async\" src=\"https:\/\/media1.jensgustafsson.se\/2023\/01\/image-5-1024x363.png\" alt=\"\" class=\"wp-image-27640\" width=\"671\" height=\"237\" srcset=\"https:\/\/media1.jensgustafsson.se\/2023\/01\/image-5-1024x363.png 1024w, https:\/\/media1.jensgustafsson.se\/2023\/01\/image-5-300x106.png 300w, https:\/\/media1.jensgustafsson.se\/2023\/01\/image-5-768x272.png 768w, https:\/\/media1.jensgustafsson.se\/2023\/01\/image-5-1536x544.png 1536w, https:\/\/media1.jensgustafsson.se\/2023\/01\/image-5-2048x725.png 2048w, https:\/\/media1.jensgustafsson.se\/2023\/01\/image-5-500x177.png 500w\" sizes=\"auto, (max-width: 671px) 100vw, 671px\" \/><\/figure>\n\n\n\n<p class=\"has-blue-color has-light-gray-background-color has-text-color has-background has-medium-font-size\">Nedan ser vi en sammanfattning av lite data fr\u00e5n loggen p\u00e5 min v\u00e4derstation under december 2022.<\/p>\n\n\n\n<p class=\"has-blue-color has-light-gray-background-color has-text-color has-background has-medium-font-size\"><em>Temperatur (\u00b0C):<br \/>Medel (min+max): -1,6<br \/>Medelminimum: -3,8<br \/>Medelmaximum: 0,6<br \/>Minimum: -18,1 den 17 december<br \/>Maximum: 8,6 den 31 december<br \/>H\u00f6gsta minimum: 4,9 den 31 december<br \/>L\u00e4gsta maximum: -8,2 den 16 december<br \/>Frostdygn: 8 ( mintemp. under 0\u00b0)<br \/>Isdygn: 11 (dygn d\u00e5 inte temperaturen g\u00e5tt \u00f6ver 0\u00b0)<br \/>Markfrost: 3 dygn (mintemp. \u00f6ver 0\u00b0, men frost p\u00e5 marken)<\/em><\/p>\n\n\n\n<figure class=\"wp-block-image size-large\"><img loading=\"lazy\" decoding=\"async\" width=\"1024\" height=\"585\" src=\"https:\/\/media1.jensgustafsson.se\/2023\/01\/DSC_3119-2-1024x585.jpg\" alt=\"\" class=\"wp-image-27655\" srcset=\"https:\/\/media1.jensgustafsson.se\/2023\/01\/DSC_3119-2-1024x585.jpg 1024w, https:\/\/media1.jensgustafsson.se\/2023\/01\/DSC_3119-2-300x172.jpg 300w, https:\/\/media1.jensgustafsson.se\/2023\/01\/DSC_3119-2-768x439.jpg 768w, https:\/\/media1.jensgustafsson.se\/2023\/01\/DSC_3119-2-1536x878.jpg 1536w, https:\/\/media1.jensgustafsson.se\/2023\/01\/DSC_3119-2-2048x1171.jpg 2048w, https:\/\/media1.jensgustafsson.se\/2023\/01\/DSC_3119-2-500x286.jpg 500w\" sizes=\"auto, (max-width: 1024px) 100vw, 1024px\" \/><\/figure>\n\n\n\n<figure class=\"wp-block-image size-large is-resized\"><img loading=\"lazy\" decoding=\"async\" src=\"https:\/\/media1.jensgustafsson.se\/2023\/01\/image-6-1024x402.png\" alt=\"\" class=\"wp-image-27641\" width=\"640\" height=\"251\" srcset=\"https:\/\/media1.jensgustafsson.se\/2023\/01\/image-6-1024x402.png 1024w, https:\/\/media1.jensgustafsson.se\/2023\/01\/image-6-300x118.png 300w, https:\/\/media1.jensgustafsson.se\/2023\/01\/image-6-768x302.png 768w, https:\/\/media1.jensgustafsson.se\/2023\/01\/image-6-500x196.png 500w, https:\/\/media1.jensgustafsson.se\/2023\/01\/image-6.png 1476w\" sizes=\"auto, (max-width: 640px) 100vw, 640px\" \/><\/figure>\n\n\n\n<p class=\"has-blue-color has-light-gray-background-color has-text-color has-background has-medium-font-size\">Nederb\u00f6rd har vi f\u00e5tt 51 mm denna decemberm\u00e5nad. Det \u00e4r 16% mera j\u00e4mf\u00f6rt med referensperioden 1991-2020. Vi har haft m\u00e4tbart sn\u00f6t\u00e4cke i 15 dagar, det st\u00f6rsta sn\u00f6djupet var 11 cm n\u00e5gra dagar runt den 15:e. Jag visar i diagrammen nedan i n\u00e5gra olika tidsperioder hur decembernederb\u00f6rden sett ut.<\/p>\n\n\n\n<figure class=\"wp-block-image size-large is-resized\"><img loading=\"lazy\" decoding=\"async\" src=\"https:\/\/media1.jensgustafsson.se\/2023\/01\/image-7-1024x367.png\" alt=\"\" class=\"wp-image-27642\" width=\"768\" height=\"275\" srcset=\"https:\/\/media1.jensgustafsson.se\/2023\/01\/image-7-1024x367.png 1024w, https:\/\/media1.jensgustafsson.se\/2023\/01\/image-7-300x107.png 300w, https:\/\/media1.jensgustafsson.se\/2023\/01\/image-7-768x275.png 768w, https:\/\/media1.jensgustafsson.se\/2023\/01\/image-7-500x179.png 500w, https:\/\/media1.jensgustafsson.se\/2023\/01\/image-7.png 1450w\" sizes=\"auto, (max-width: 768px) 100vw, 768px\" \/><\/figure>\n\n\n\n<figure class=\"wp-block-image size-large is-resized\"><img loading=\"lazy\" decoding=\"async\" src=\"https:\/\/media1.jensgustafsson.se\/2023\/01\/image-8-1024x312.png\" alt=\"\" class=\"wp-image-27643\" width=\"863\" height=\"263\" srcset=\"https:\/\/media1.jensgustafsson.se\/2023\/01\/image-8-1024x312.png 1024w, https:\/\/media1.jensgustafsson.se\/2023\/01\/image-8-300x91.png 300w, https:\/\/media1.jensgustafsson.se\/2023\/01\/image-8-768x234.png 768w, https:\/\/media1.jensgustafsson.se\/2023\/01\/image-8-1536x467.png 1536w, https:\/\/media1.jensgustafsson.se\/2023\/01\/image-8-2048x623.png 2048w, https:\/\/media1.jensgustafsson.se\/2023\/01\/image-8-500x152.png 500w\" sizes=\"auto, (max-width: 863px) 100vw, 863px\" \/><\/figure>\n\n\n\n<figure class=\"wp-block-image size-large is-resized\"><img loading=\"lazy\" decoding=\"async\" src=\"https:\/\/media1.jensgustafsson.se\/2023\/01\/image-9-1024x302.png\" alt=\"\" class=\"wp-image-27644\" width=\"815\" height=\"241\" srcset=\"https:\/\/media1.jensgustafsson.se\/2023\/01\/image-9-1024x302.png 1024w, https:\/\/media1.jensgustafsson.se\/2023\/01\/image-9-300x89.png 300w, https:\/\/media1.jensgustafsson.se\/2023\/01\/image-9-768x227.png 768w, https:\/\/media1.jensgustafsson.se\/2023\/01\/image-9-1536x454.png 1536w, https:\/\/media1.jensgustafsson.se\/2023\/01\/image-9-2048x605.png 2048w, https:\/\/media1.jensgustafsson.se\/2023\/01\/image-9-500x148.png 500w\" sizes=\"auto, (max-width: 815px) 100vw, 815px\" \/><\/figure>\n\n\n\n<figure class=\"wp-block-image size-large is-resized\"><img loading=\"lazy\" decoding=\"async\" src=\"https:\/\/media1.jensgustafsson.se\/2023\/01\/image-10-1024x269.png\" alt=\"\" class=\"wp-image-27645\" width=\"874\" height=\"230\" srcset=\"https:\/\/media1.jensgustafsson.se\/2023\/01\/image-10-1024x269.png 1024w, https:\/\/media1.jensgustafsson.se\/2023\/01\/image-10-300x79.png 300w, https:\/\/media1.jensgustafsson.se\/2023\/01\/image-10-768x202.png 768w, https:\/\/media1.jensgustafsson.se\/2023\/01\/image-10-1536x403.png 1536w, https:\/\/media1.jensgustafsson.se\/2023\/01\/image-10-2048x538.png 2048w, https:\/\/media1.jensgustafsson.se\/2023\/01\/image-10-500x131.png 500w\" sizes=\"auto, (max-width: 874px) 100vw, 874px\" \/><\/figure>\n\n\n\n<figure class=\"wp-block-image size-large\"><img loading=\"lazy\" decoding=\"async\" width=\"1024\" height=\"683\" src=\"https:\/\/media1.jensgustafsson.se\/2023\/01\/DSC_3309-1024x683.jpg\" alt=\"\" class=\"wp-image-27656\" srcset=\"https:\/\/media1.jensgustafsson.se\/2023\/01\/DSC_3309-1024x683.jpg 1024w, https:\/\/media1.jensgustafsson.se\/2023\/01\/DSC_3309-300x200.jpg 300w, https:\/\/media1.jensgustafsson.se\/2023\/01\/DSC_3309-768x512.jpg 768w, https:\/\/media1.jensgustafsson.se\/2023\/01\/DSC_3309-1536x1024.jpg 1536w, https:\/\/media1.jensgustafsson.se\/2023\/01\/DSC_3309-2048x1366.jpg 2048w, https:\/\/media1.jensgustafsson.se\/2023\/01\/DSC_3309-450x300.jpg 450w\" sizes=\"auto, (max-width: 1024px) 100vw, 1024px\" \/><\/figure>\n\n\n\n<figure class=\"wp-block-image size-large is-resized\"><img loading=\"lazy\" decoding=\"async\" src=\"https:\/\/media1.jensgustafsson.se\/2023\/01\/image-11-1024x395.png\" alt=\"\" class=\"wp-image-27647\" width=\"647\" height=\"249\" srcset=\"https:\/\/media1.jensgustafsson.se\/2023\/01\/image-11-1024x395.png 1024w, https:\/\/media1.jensgustafsson.se\/2023\/01\/image-11-300x116.png 300w, https:\/\/media1.jensgustafsson.se\/2023\/01\/image-11-768x297.png 768w, https:\/\/media1.jensgustafsson.se\/2023\/01\/image-11-500x193.png 500w, https:\/\/media1.jensgustafsson.se\/2023\/01\/image-11.png 1466w\" sizes=\"auto, (max-width: 647px) 100vw, 647px\" \/><\/figure>\n\n\n\n<p class=\"has-blue-color has-light-gray-background-color has-text-color has-background has-medium-font-size\">Vindriktningarna under decemberm\u00e5naden ser vi i stapeldiagrammet ovan. Den genomsnittliga maxvindhastigheten blev 5,2 m\/s.<\/p>\n\n\n\n<figure class=\"wp-block-image size-large\"><img loading=\"lazy\" decoding=\"async\" width=\"1024\" height=\"683\" src=\"https:\/\/media1.jensgustafsson.se\/2023\/01\/DSC_3233-2-1024x683.jpg\" alt=\"\" class=\"wp-image-27657\" srcset=\"https:\/\/media1.jensgustafsson.se\/2023\/01\/DSC_3233-2-1024x683.jpg 1024w, https:\/\/media1.jensgustafsson.se\/2023\/01\/DSC_3233-2-300x200.jpg 300w, https:\/\/media1.jensgustafsson.se\/2023\/01\/DSC_3233-2-768x512.jpg 768w, https:\/\/media1.jensgustafsson.se\/2023\/01\/DSC_3233-2-1536x1024.jpg 1536w, https:\/\/media1.jensgustafsson.se\/2023\/01\/DSC_3233-2-2048x1365.jpg 2048w, https:\/\/media1.jensgustafsson.se\/2023\/01\/DSC_3233-2-450x300.jpg 450w\" sizes=\"auto, (max-width: 1024px) 100vw, 1024px\" \/><\/figure>\n\n\n\n<p class=\"has-blue-color has-light-gray-background-color has-text-color has-background has-medium-font-size\">Det var vinterm\u00e5nad nummer 1 av 3 i sammanfattning. Nu g\u00e5r vi in i januari 2023, som inleds med mildv\u00e4der och regn. Om en m\u00e5nad vet vi hur det blev under \u00e5rets f\u00f6rsta m\u00e5nad.<\/p>\n","protected":false},"excerpt":{"rendered":"<p>H\u00e4r kommer en sammanfattning av december 2022. V\u00e4derdata f\u00f6r \u00e5rets decemberm\u00e5nad \u00e4r h\u00e4mtade fr\u00e5n min privata v\u00e4derstation h\u00e4r i F\u00e5gelfors. Statistiken som jag anv\u00e4nder och j\u00e4mf\u00f6r \u00e5rets decemberm\u00e5nad mot, \u00e4r h\u00e4mtad fr\u00e5n SMHI:s n\u00e4rmaste m\u00e4tstationer Blankastr\u00f6m, och Drageryd f\u00f6r \u00e5ren &hellip; <a href=\"https:\/\/jensgustafsson.se\/?page_id=27632\">Forts\u00e4tt l\u00e4sa <span class=\"meta-nav\">&rarr;<\/span><\/a><\/p>\n","protected":false},"author":1,"featured_media":27653,"parent":23747,"menu_order":12,"comment_status":"open","ping_status":"closed","template":"","meta":{"footnotes":""},"class_list":["post-27632","page","type-page","status-publish","has-post-thumbnail","hentry"],"_links":{"self":[{"href":"https:\/\/jensgustafsson.se\/index.php?rest_route=\/wp\/v2\/pages\/27632","targetHints":{"allow":["GET"]}}],"collection":[{"href":"https:\/\/jensgustafsson.se\/index.php?rest_route=\/wp\/v2\/pages"}],"about":[{"href":"https:\/\/jensgustafsson.se\/index.php?rest_route=\/wp\/v2\/types\/page"}],"author":[{"embeddable":true,"href":"https:\/\/jensgustafsson.se\/index.php?rest_route=\/wp\/v2\/users\/1"}],"replies":[{"embeddable":true,"href":"https:\/\/jensgustafsson.se\/index.php?rest_route=%2Fwp%2Fv2%2Fcomments&post=27632"}],"version-history":[{"count":8,"href":"https:\/\/jensgustafsson.se\/index.php?rest_route=\/wp\/v2\/pages\/27632\/revisions"}],"predecessor-version":[{"id":27658,"href":"https:\/\/jensgustafsson.se\/index.php?rest_route=\/wp\/v2\/pages\/27632\/revisions\/27658"}],"up":[{"embeddable":true,"href":"https:\/\/jensgustafsson.se\/index.php?rest_route=\/wp\/v2\/pages\/23747"}],"wp:featuredmedia":[{"embeddable":true,"href":"https:\/\/jensgustafsson.se\/index.php?rest_route=\/wp\/v2\/media\/27653"}],"wp:attachment":[{"href":"https:\/\/jensgustafsson.se\/index.php?rest_route=%2Fwp%2Fv2%2Fmedia&parent=27632"}],"curies":[{"name":"wp","href":"https:\/\/api.w.org\/{rel}","templated":true}]}}