{"id":28038,"date":"2023-01-30T05:15:15","date_gmt":"2023-01-30T04:15:15","guid":{"rendered":"https:\/\/jensgustafsson.se\/?page_id=28038"},"modified":"2023-12-18T10:13:00","modified_gmt":"2023-12-18T09:13:00","slug":"januari-2023","status":"publish","type":"page","link":"https:\/\/jensgustafsson.se\/?page_id=28038","title":{"rendered":"Januari 2023."},"content":{"rendered":"\n<figure class=\"wp-block-image size-large\"><img loading=\"lazy\" decoding=\"async\" width=\"1024\" height=\"768\" src=\"https:\/\/media1.jensgustafsson.se\/2023\/02\/13-januari-2023-1-1024x768.jpg\" alt=\"\" class=\"wp-image-28090\" srcset=\"https:\/\/media1.jensgustafsson.se\/2023\/02\/13-januari-2023-1-1024x768.jpg 1024w, https:\/\/media1.jensgustafsson.se\/2023\/02\/13-januari-2023-1-300x225.jpg 300w, https:\/\/media1.jensgustafsson.se\/2023\/02\/13-januari-2023-1-768x576.jpg 768w, https:\/\/media1.jensgustafsson.se\/2023\/02\/13-januari-2023-1-1536x1152.jpg 1536w, https:\/\/media1.jensgustafsson.se\/2023\/02\/13-januari-2023-1-400x300.jpg 400w, https:\/\/media1.jensgustafsson.se\/2023\/02\/13-januari-2023-1.jpg 2016w\" sizes=\"auto, (max-width: 1024px) 100vw, 1024px\" \/><figcaption class=\"wp-element-caption\"><strong><em>13 januari 2023. Bruksdammen i F\u00e5gelfors.<\/em><\/strong><\/figcaption><\/figure>\n\n\n\n<p class=\"has-blue-color has-light-gray-background-color has-text-color has-background has-medium-font-size\">H\u00e4r kommer en sammanfattning av januarim\u00e5naden 2023. V\u00e4derdata f\u00f6r \u00e5rets januarim\u00e5nad \u00e4r h\u00e4mtade fr\u00e5n min privata v\u00e4derstation h\u00e4r i F\u00e5gelfors. Statistiken som jag anv\u00e4nder och j\u00e4mf\u00f6r  mot, \u00e4r h\u00e4mtad fr\u00e5n SMHI:s n\u00e4rmaste m\u00e4tstationer Blankastr\u00f6m, och Drageryd f\u00f6r \u00e5ren 1931-2012. Fr\u00e5n 2013 och fram\u00e5t \u00e4r det min egna, privata v\u00e4derstation som levererar siffrorna. Nuvarande \u201dnormalperiod\u201d som anv\u00e4nds att j\u00e4mf\u00f6ra januari 2023 mot, \u00e4r \u00e5ren 1991-2020.<\/p>\n\n\n\n<figure class=\"wp-block-image size-large is-resized\"><img loading=\"lazy\" decoding=\"async\" width=\"1024\" height=\"459\" src=\"https:\/\/media1.jensgustafsson.se\/2023\/02\/image-2-1024x459.png\" alt=\"\" class=\"wp-image-28076\" style=\"width:666px;height:298px\" srcset=\"https:\/\/media1.jensgustafsson.se\/2023\/02\/image-2-1024x459.png 1024w, https:\/\/media1.jensgustafsson.se\/2023\/02\/image-2-300x134.png 300w, https:\/\/media1.jensgustafsson.se\/2023\/02\/image-2-768x344.png 768w, https:\/\/media1.jensgustafsson.se\/2023\/02\/image-2-1536x688.png 1536w, https:\/\/media1.jensgustafsson.se\/2023\/02\/image-2-500x224.png 500w, https:\/\/media1.jensgustafsson.se\/2023\/02\/image-2.png 1782w\" sizes=\"auto, (max-width: 1024px) 100vw, 1024px\" \/><\/figure>\n\n\n\n<p class=\"has-blue-color has-light-gray-background-color has-text-color has-background has-medium-font-size\">I diagrammet ovan ser vi att \u00e5rets januari blev \u00f6verlag mild. Medeltemperaturen blev +1,6 grader, och det \u00e4r 2,9 grader h\u00f6gre j\u00e4mf\u00f6rt med referensperioden (normalperioden) 1991-2020. F\u00f6r att j\u00e4mf\u00f6ra lite, s\u00e5 tittade jag p\u00e5 referensperioden 1991-2020, f\u00f6r att se vilket \u00e5r som vi hade kallaste, respektive varmaste januarim\u00e5naden. Det visade sig att 2010 var kallast, med en m\u00e5nadsmedeltemperatur p\u00e5 -7,1 grader. Den varmaste januarim\u00e5naden var \u00e5r 2020, med en medeltemperatur p\u00e5 +3,7 grader. Om vi tittar tillbaka s\u00e5 l\u00e5ngt som jag har statistik nedladdad, allts\u00e5 fr\u00e5n 1931 fram till nu, s\u00e5 hade vi den kallaste januarim\u00e5naden \u00e5r 1941, med -12,2 grader. Den varmaste januarim\u00e5naden genom \u00e5ren var \u00e5r 1989, med +3,9 grader i medeltemperatur. I diagrammet nedan visar jag medeltemperaturen i n\u00e5gra olika referensperioder genom \u00e5ren 1931-2023.<\/p>\n\n\n\n<figure class=\"wp-block-image size-large is-resized\"><img loading=\"lazy\" decoding=\"async\" width=\"1024\" height=\"436\" src=\"https:\/\/media1.jensgustafsson.se\/2023\/02\/image-4-1024x436.png\" alt=\"\" class=\"wp-image-28078\" style=\"width:653px;height:278px\" srcset=\"https:\/\/media1.jensgustafsson.se\/2023\/02\/image-4-1024x436.png 1024w, https:\/\/media1.jensgustafsson.se\/2023\/02\/image-4-300x128.png 300w, https:\/\/media1.jensgustafsson.se\/2023\/02\/image-4-768x327.png 768w, https:\/\/media1.jensgustafsson.se\/2023\/02\/image-4-500x213.png 500w, https:\/\/media1.jensgustafsson.se\/2023\/02\/image-4.png 1434w\" sizes=\"auto, (max-width: 1024px) 100vw, 1024px\" \/><\/figure>\n\n\n\n<figure class=\"wp-block-image size-large is-resized\"><img loading=\"lazy\" decoding=\"async\" width=\"1024\" height=\"375\" src=\"https:\/\/media1.jensgustafsson.se\/2023\/02\/image-6-1024x375.png\" alt=\"\" class=\"wp-image-28080\" style=\"width:655px;height:239px\" srcset=\"https:\/\/media1.jensgustafsson.se\/2023\/02\/image-6-1024x375.png 1024w, https:\/\/media1.jensgustafsson.se\/2023\/02\/image-6-300x110.png 300w, https:\/\/media1.jensgustafsson.se\/2023\/02\/image-6-768x281.png 768w, https:\/\/media1.jensgustafsson.se\/2023\/02\/image-6-1536x562.png 1536w, https:\/\/media1.jensgustafsson.se\/2023\/02\/image-6-2048x750.png 2048w, https:\/\/media1.jensgustafsson.se\/2023\/02\/image-6-500x183.png 500w\" sizes=\"auto, (max-width: 1024px) 100vw, 1024px\" \/><\/figure>\n\n\n\n<p class=\"has-blue-color has-light-gray-background-color has-text-color has-background has-medium-font-size\">Nedan ser vi en sammanfattning av lite data fr\u00e5n loggen p\u00e5 min v\u00e4derstation under januari 2023.<\/p>\n\n\n\n<p class=\"has-blue-color has-light-gray-background-color has-text-color has-background has-medium-font-size\">Temperatur (\u00b0C):<br \/>Medel (min+max): 1,6<br \/>Medelminimum: -0,2<br \/>Medelmaximum: 3,6<br \/>Minimum: -7,9 den 28 januari<br \/>Maximum: 6,3 den 13 januari<br \/>H\u00f6gsta minimum: 3,8 den 14 januari<br \/>L\u00e4gsta maximum: -1,5 den 6 januari<br \/>Frostdygn: 15 ( mintemp. under 0\u00b0)<br \/>Isdygn: 3 (dygn d\u00e5 inte temperaturen g\u00e5tt \u00f6ver 0\u00b0)<br \/>Markfrost: 2 dygn (mintemp. \u00f6ver 0\u00b0, men frost p\u00e5 marken)<\/p>\n\n\n\n<figure class=\"wp-block-image size-large\"><img loading=\"lazy\" decoding=\"async\" width=\"1024\" height=\"683\" src=\"https:\/\/media1.jensgustafsson.se\/2023\/02\/DSC_3874-1024x683.jpg\" alt=\"\" class=\"wp-image-28093\" srcset=\"https:\/\/media1.jensgustafsson.se\/2023\/02\/DSC_3874-1024x683.jpg 1024w, https:\/\/media1.jensgustafsson.se\/2023\/02\/DSC_3874-300x200.jpg 300w, https:\/\/media1.jensgustafsson.se\/2023\/02\/DSC_3874-768x512.jpg 768w, https:\/\/media1.jensgustafsson.se\/2023\/02\/DSC_3874-1536x1024.jpg 1536w, https:\/\/media1.jensgustafsson.se\/2023\/02\/DSC_3874-2048x1365.jpg 2048w, https:\/\/media1.jensgustafsson.se\/2023\/02\/DSC_3874-450x300.jpg 450w\" sizes=\"auto, (max-width: 1024px) 100vw, 1024px\" \/><figcaption class=\"wp-element-caption\"><strong><em>18 januari 2023. De f\u00f6rsta sn\u00f6dropparna (eller knoppar \u00e5tminstone).<\/em><\/strong><\/figcaption><\/figure>\n\n\n\n<figure class=\"wp-block-image size-large is-resized\"><img loading=\"lazy\" decoding=\"async\" width=\"1024\" height=\"402\" src=\"https:\/\/media1.jensgustafsson.se\/2023\/02\/image-7-1024x402.png\" alt=\"\" class=\"wp-image-28082\" style=\"width:633px;height:249px\" srcset=\"https:\/\/media1.jensgustafsson.se\/2023\/02\/image-7-1024x402.png 1024w, https:\/\/media1.jensgustafsson.se\/2023\/02\/image-7-300x118.png 300w, https:\/\/media1.jensgustafsson.se\/2023\/02\/image-7-768x302.png 768w, https:\/\/media1.jensgustafsson.se\/2023\/02\/image-7-500x196.png 500w, https:\/\/media1.jensgustafsson.se\/2023\/02\/image-7.png 1477w\" sizes=\"auto, (max-width: 1024px) 100vw, 1024px\" \/><\/figure>\n\n\n\n<p class=\"has-blue-color has-light-gray-background-color has-text-color has-background has-medium-font-size\">Nederb\u00f6rd har vi f\u00e5tt rej\u00e4lt. 87mm har vi f\u00e5tt, och det \u00e4r 156% mera \u00e4n den normala genomsnittliga nederb\u00f6rden f\u00f6r januari. Vi ser i stapeldiagrammet ovan, att nederb\u00f6rden f\u00f6ll de 18 f\u00f6rsta dygnen. D\u00e4refter har det bara kommit lite om\u00e4tbar nederb\u00f6rd. Vi har bara haft 5 dagar med m\u00e4tbart sn\u00f6t\u00e4cke, och det st\u00f6rsta sn\u00f6djupet hade vi den 6 januari med 10 cm. I och med all denna nederb\u00f6rd, s\u00e5 har vattenniv\u00e5erna stigit i sj\u00f6ar och vattendrag, och det \u00e4r mycket positivt. D\u00e4remot har det sjunkit ganska snabbt igen i slutet av m\u00e5naden, beroende p\u00e5 att andra halvan av m\u00e5naden varit i princip nederb\u00f6rdsfri. Precis som jag gjorde med temperaturen, s\u00e5 tittade jag tillbaka i normalperioden (1991-2020) f\u00f6r att se nederb\u00f6rdsrikaste och nederb\u00f6rdsfattigaste januarim\u00e5naden i perioden. 2012 var den nederb\u00f6rdsrikaste, med 55 mm. Den nederb\u00f6rdsfattigaste var 1997 med bara 1 mm. D\u00e5 tittar vi \u00f6ver \u00e5ren 1931 fram till nu, och d\u00e5 blir det \u00e5r 1939 med 88 mm som blir den mest nederb\u00f6rdsrikaste, och den med minst blir 1997 med 1 mm. Nedan ett par diagram med medelnederb\u00f6rden i n\u00e5gra olika referensperioder.<\/p>\n\n\n\n<figure class=\"wp-block-image size-large is-resized\"><img loading=\"lazy\" decoding=\"async\" width=\"1024\" height=\"380\" src=\"https:\/\/media1.jensgustafsson.se\/2023\/02\/image-8-1024x380.png\" alt=\"\" class=\"wp-image-28083\" style=\"width:670px;height:248px\" srcset=\"https:\/\/media1.jensgustafsson.se\/2023\/02\/image-8-1024x380.png 1024w, https:\/\/media1.jensgustafsson.se\/2023\/02\/image-8-300x111.png 300w, https:\/\/media1.jensgustafsson.se\/2023\/02\/image-8-768x285.png 768w, https:\/\/media1.jensgustafsson.se\/2023\/02\/image-8-500x185.png 500w, https:\/\/media1.jensgustafsson.se\/2023\/02\/image-8.png 1451w\" sizes=\"auto, (max-width: 1024px) 100vw, 1024px\" \/><\/figure>\n\n\n\n<figure class=\"wp-block-image size-large is-resized\"><img loading=\"lazy\" decoding=\"async\" width=\"1024\" height=\"324\" src=\"https:\/\/media1.jensgustafsson.se\/2023\/02\/image-9-1024x324.png\" alt=\"\" class=\"wp-image-28084\" style=\"width:674px;height:213px\" srcset=\"https:\/\/media1.jensgustafsson.se\/2023\/02\/image-9-1024x324.png 1024w, https:\/\/media1.jensgustafsson.se\/2023\/02\/image-9-300x95.png 300w, https:\/\/media1.jensgustafsson.se\/2023\/02\/image-9-768x243.png 768w, https:\/\/media1.jensgustafsson.se\/2023\/02\/image-9-1536x486.png 1536w, https:\/\/media1.jensgustafsson.se\/2023\/02\/image-9-2048x647.png 2048w, https:\/\/media1.jensgustafsson.se\/2023\/02\/image-9-500x158.png 500w\" sizes=\"auto, (max-width: 1024px) 100vw, 1024px\" \/><\/figure>\n\n\n\n<figure class=\"wp-block-image size-large is-resized\"><img loading=\"lazy\" decoding=\"async\" width=\"1024\" height=\"654\" src=\"https:\/\/media1.jensgustafsson.se\/2023\/02\/DSC_3889-2-1024x654.jpg\" alt=\"\" class=\"wp-image-28092\" style=\"width:666px;height:425px\" srcset=\"https:\/\/media1.jensgustafsson.se\/2023\/02\/DSC_3889-2-1024x654.jpg 1024w, https:\/\/media1.jensgustafsson.se\/2023\/02\/DSC_3889-2-300x191.jpg 300w, https:\/\/media1.jensgustafsson.se\/2023\/02\/DSC_3889-2-768x490.jpg 768w, https:\/\/media1.jensgustafsson.se\/2023\/02\/DSC_3889-2-1536x980.jpg 1536w, https:\/\/media1.jensgustafsson.se\/2023\/02\/DSC_3889-2-2048x1307.jpg 2048w, https:\/\/media1.jensgustafsson.se\/2023\/02\/DSC_3889-2-470x300.jpg 470w\" sizes=\"auto, (max-width: 1024px) 100vw, 1024px\" \/><figcaption class=\"wp-element-caption\"><strong><em>18 januari 2023. N\u00f6t\u00e5n sv\u00e4mmar \u00f6ver.<\/em><\/strong><\/figcaption><\/figure>\n\n\n\n<figure class=\"wp-block-image size-large\"><img loading=\"lazy\" decoding=\"async\" width=\"1024\" height=\"410\" src=\"https:\/\/media1.jensgustafsson.se\/2023\/02\/image-10-1024x410.png\" alt=\"\" class=\"wp-image-28085\" srcset=\"https:\/\/media1.jensgustafsson.se\/2023\/02\/image-10-1024x410.png 1024w, https:\/\/media1.jensgustafsson.se\/2023\/02\/image-10-300x120.png 300w, https:\/\/media1.jensgustafsson.se\/2023\/02\/image-10-768x308.png 768w, https:\/\/media1.jensgustafsson.se\/2023\/02\/image-10-500x200.png 500w, https:\/\/media1.jensgustafsson.se\/2023\/02\/image-10.png 1467w\" sizes=\"auto, (max-width: 1024px) 100vw, 1024px\" \/><\/figure>\n\n\n\n<p class=\"has-blue-color has-light-gray-background-color has-text-color has-background has-medium-font-size\">F\u00f6rdelningen \u00f6ver vindriktningarna i m\u00e5naden ser vi i stapeldiagrammet. Maxmedelvinden denna m\u00e5nad blev 6,5 m\/s.<\/p>\n\n\n\n<figure class=\"wp-block-image size-large\"><img loading=\"lazy\" decoding=\"async\" width=\"1024\" height=\"683\" src=\"https:\/\/media1.jensgustafsson.se\/2023\/02\/DSC_3916-1024x683.jpg\" alt=\"\" class=\"wp-image-28095\" srcset=\"https:\/\/media1.jensgustafsson.se\/2023\/02\/DSC_3916-1024x683.jpg 1024w, https:\/\/media1.jensgustafsson.se\/2023\/02\/DSC_3916-300x200.jpg 300w, https:\/\/media1.jensgustafsson.se\/2023\/02\/DSC_3916-768x512.jpg 768w, https:\/\/media1.jensgustafsson.se\/2023\/02\/DSC_3916-1536x1024.jpg 1536w, https:\/\/media1.jensgustafsson.se\/2023\/02\/DSC_3916-2048x1365.jpg 2048w, https:\/\/media1.jensgustafsson.se\/2023\/02\/DSC_3916-450x300.jpg 450w\" sizes=\"auto, (max-width: 1024px) 100vw, 1024px\" \/><figcaption class=\"wp-element-caption\"><strong><em>19 januari 2023. P\u00e5 morgonen vid Ryningen.<\/em><\/strong><\/figcaption><\/figure>\n\n\n\n<p class=\"has-blue-color has-light-gray-background-color has-text-color has-background has-medium-font-size\">Sammanfattningsvis, en mild och nederb\u00f6rdsrik m\u00e5nad blev det. Det har \u00e4ven bl\u00e5st en hel del. Om vi g\u00e5r utanf\u00f6r ramen med just bara v\u00e4der som jag redovisat h\u00e4r, s\u00e5 kan man se det s\u00e5h\u00e4r tycker jag. Milt v\u00e4der \u00e4r bra f\u00f6r v\u00e5r elanv\u00e4ndning, som inte blir s\u00e5 anstr\u00e4ngd. Mycket nederb\u00f6rd betyder att vattenkraften producerar f\u00f6r h\u00f6gtryck. Vinden g\u00f6r att vindkraftverken snurrar. Med andra ord, det kunde nog varit v\u00e4rre. Sedan kan man tycka och t\u00e4nka fritt om det h\u00e4r.<\/p>\n","protected":false},"excerpt":{"rendered":"<p>H\u00e4r kommer en sammanfattning av januarim\u00e5naden 2023. V\u00e4derdata f\u00f6r \u00e5rets januarim\u00e5nad \u00e4r h\u00e4mtade fr\u00e5n min privata v\u00e4derstation h\u00e4r i F\u00e5gelfors. Statistiken som jag anv\u00e4nder och j\u00e4mf\u00f6r mot, \u00e4r h\u00e4mtad fr\u00e5n SMHI:s n\u00e4rmaste m\u00e4tstationer Blankastr\u00f6m, och Drageryd f\u00f6r \u00e5ren 1931-2012. Fr\u00e5n &hellip; <a href=\"https:\/\/jensgustafsson.se\/?page_id=28038\">Forts\u00e4tt l\u00e4sa <span class=\"meta-nav\">&rarr;<\/span><\/a><\/p>\n","protected":false},"author":1,"featured_media":28040,"parent":28036,"menu_order":1,"comment_status":"open","ping_status":"closed","template":"","meta":{"footnotes":""},"class_list":["post-28038","page","type-page","status-publish","has-post-thumbnail","hentry"],"_links":{"self":[{"href":"https:\/\/jensgustafsson.se\/index.php?rest_route=\/wp\/v2\/pages\/28038","targetHints":{"allow":["GET"]}}],"collection":[{"href":"https:\/\/jensgustafsson.se\/index.php?rest_route=\/wp\/v2\/pages"}],"about":[{"href":"https:\/\/jensgustafsson.se\/index.php?rest_route=\/wp\/v2\/types\/page"}],"author":[{"embeddable":true,"href":"https:\/\/jensgustafsson.se\/index.php?rest_route=\/wp\/v2\/users\/1"}],"replies":[{"embeddable":true,"href":"https:\/\/jensgustafsson.se\/index.php?rest_route=%2Fwp%2Fv2%2Fcomments&post=28038"}],"version-history":[{"count":11,"href":"https:\/\/jensgustafsson.se\/index.php?rest_route=\/wp\/v2\/pages\/28038\/revisions"}],"predecessor-version":[{"id":31010,"href":"https:\/\/jensgustafsson.se\/index.php?rest_route=\/wp\/v2\/pages\/28038\/revisions\/31010"}],"up":[{"embeddable":true,"href":"https:\/\/jensgustafsson.se\/index.php?rest_route=\/wp\/v2\/pages\/28036"}],"wp:featuredmedia":[{"embeddable":true,"href":"https:\/\/jensgustafsson.se\/index.php?rest_route=\/wp\/v2\/media\/28040"}],"wp:attachment":[{"href":"https:\/\/jensgustafsson.se\/index.php?rest_route=%2Fwp%2Fv2%2Fmedia&parent=28038"}],"curies":[{"name":"wp","href":"https:\/\/api.w.org\/{rel}","templated":true}]}}