{"id":28358,"date":"2023-03-01T07:23:15","date_gmt":"2023-03-01T06:23:15","guid":{"rendered":"https:\/\/jensgustafsson.se\/?page_id=28358"},"modified":"2023-04-01T09:56:46","modified_gmt":"2023-04-01T08:56:46","slug":"februari-2023","status":"publish","type":"page","link":"https:\/\/jensgustafsson.se\/?page_id=28358","title":{"rendered":"Februari 2023."},"content":{"rendered":"\n<figure class=\"wp-block-image size-large\"><img loading=\"lazy\" decoding=\"async\" width=\"1024\" height=\"786\" src=\"https:\/\/media1.jensgustafsson.se\/2023\/03\/6-febr-2023-3-2-1024x786.jpg\" alt=\"\" class=\"wp-image-28376\" srcset=\"https:\/\/media1.jensgustafsson.se\/2023\/03\/6-febr-2023-3-2-1024x786.jpg 1024w, https:\/\/media1.jensgustafsson.se\/2023\/03\/6-febr-2023-3-2-300x230.jpg 300w, https:\/\/media1.jensgustafsson.se\/2023\/03\/6-febr-2023-3-2-768x590.jpg 768w, https:\/\/media1.jensgustafsson.se\/2023\/03\/6-febr-2023-3-2-1536x1179.jpg 1536w, https:\/\/media1.jensgustafsson.se\/2023\/03\/6-febr-2023-3-2-391x300.jpg 391w, https:\/\/media1.jensgustafsson.se\/2023\/03\/6-febr-2023-3-2.jpg 1969w\" sizes=\"auto, (max-width: 1024px) 100vw, 1024px\" \/><figcaption class=\"wp-element-caption\"><strong><em>6 februari i Lilla KLobo.<\/em><\/strong><\/figcaption><\/figure>\n\n\n\n<p class=\"has-blue-color has-light-gray-background-color has-text-color has-background has-medium-font-size\">H\u00e4r kommer en sammanfattning av februarim\u00e5naden 2023. V\u00e4derdata f\u00f6r \u00e5rets februarim\u00e5nad \u00e4r h\u00e4mtade fr\u00e5n min privata v\u00e4derstation h\u00e4r i F\u00e5gelfors. Statistiken som jag anv\u00e4nder och j\u00e4mf\u00f6r mot, \u00e4r h\u00e4mtad fr\u00e5n SMHI:s n\u00e4rmaste m\u00e4tstationer Blankastr\u00f6m, och Drageryd f\u00f6r \u00e5ren 1931-2012. Fr\u00e5n 2013 och fram\u00e5t \u00e4r det min egna, privata v\u00e4derstation som levererar siffrorna. Nuvarande \u201dnormalperiod\u201d som anv\u00e4nds att j\u00e4mf\u00f6ra februari 2023 mot, \u00e4r \u00e5ren 1991-2020. D\u00e4r jag anv\u00e4nder ordet &#8221;normalt&#8221; i texterna h\u00e4r, menas allts\u00e5 d\u00e5 medeltalen f\u00f6r referensperioden 1991-2020.<\/p>\n\n\n\n<figure class=\"wp-block-image size-large is-resized\"><img loading=\"lazy\" decoding=\"async\" src=\"https:\/\/media1.jensgustafsson.se\/2023\/03\/image-1024x459.png\" alt=\"\" class=\"wp-image-28361\" width=\"651\" height=\"292\" srcset=\"https:\/\/media1.jensgustafsson.se\/2023\/03\/image-1024x459.png 1024w, https:\/\/media1.jensgustafsson.se\/2023\/03\/image-300x134.png 300w, https:\/\/media1.jensgustafsson.se\/2023\/03\/image-768x344.png 768w, https:\/\/media1.jensgustafsson.se\/2023\/03\/image-1536x688.png 1536w, https:\/\/media1.jensgustafsson.se\/2023\/03\/image-500x224.png 500w, https:\/\/media1.jensgustafsson.se\/2023\/03\/image.png 1782w\" sizes=\"auto, (max-width: 651px) 100vw, 651px\" \/><\/figure>\n\n\n\n<p class=\"has-blue-color has-light-gray-background-color has-text-color has-background has-medium-font-size\">2023 \u00e5rs februari blev mildare \u00e4n normalt. Medeltemperaturen blev +1 grad, och det \u00e4r 1,7 grader varmare \u00e4n normalt. Jag g\u00e5r tillbaka ett steg till i tiden, och j\u00e4mf\u00f6r \u00e5rets februari mot den &#8221;gamla normalperioden&#8221;, som var \u00e5ren 1961-1990, och d\u00e5 blir skillnaden lite st\u00f6rre. 4,1 grader varmare blev \u00e5rets februari, j\u00e4mf\u00f6rt med den. <\/p>\n\n\n\n<figure class=\"wp-block-image size-large\"><img loading=\"lazy\" decoding=\"async\" width=\"1024\" height=\"874\" src=\"https:\/\/media1.jensgustafsson.se\/2023\/03\/DSC_4192-1024x874.jpg\" alt=\"\" class=\"wp-image-28377\" srcset=\"https:\/\/media1.jensgustafsson.se\/2023\/03\/DSC_4192-1024x874.jpg 1024w, https:\/\/media1.jensgustafsson.se\/2023\/03\/DSC_4192-300x256.jpg 300w, https:\/\/media1.jensgustafsson.se\/2023\/03\/DSC_4192-768x656.jpg 768w, https:\/\/media1.jensgustafsson.se\/2023\/03\/DSC_4192-1536x1311.jpg 1536w, https:\/\/media1.jensgustafsson.se\/2023\/03\/DSC_4192-2048x1748.jpg 2048w, https:\/\/media1.jensgustafsson.se\/2023\/03\/DSC_4192-351x300.jpg 351w\" sizes=\"auto, (max-width: 1024px) 100vw, 1024px\" \/><figcaption class=\"wp-element-caption\"><strong><em>4 februari, N\u00f6t\u00e5n vid \u00c5fors.<\/em><\/strong><\/figcaption><\/figure>\n\n\n\n<p class=\"has-blue-color has-light-gray-background-color has-text-color has-background has-medium-font-size\">Diagrammet h\u00e4r nedanf\u00f6r, visar medeltemperaturen i februari i normalperioden 1991-2020, och s\u00e5 har jag lagt till \u00e5ren 2021, 2022 och 2023. Det kan vara intressant, att se hur det varierat \u00f6ver tid. Det jag iakttar \u00e4r att det efter 2013 varit flera milda februarim\u00e5nader \u00e4n under tidigare \u00e5r. Vad det betyder, och hur det utvecklas fram\u00f6ver, blir vad vi f\u00e5r se. <\/p>\n\n\n\n<figure class=\"wp-block-image size-large is-resized\"><img loading=\"lazy\" decoding=\"async\" src=\"https:\/\/media1.jensgustafsson.se\/2023\/03\/image-1-1024x460.png\" alt=\"\" class=\"wp-image-28364\" width=\"668\" height=\"299\" srcset=\"https:\/\/media1.jensgustafsson.se\/2023\/03\/image-1-1024x460.png 1024w, https:\/\/media1.jensgustafsson.se\/2023\/03\/image-1-300x135.png 300w, https:\/\/media1.jensgustafsson.se\/2023\/03\/image-1-768x345.png 768w, https:\/\/media1.jensgustafsson.se\/2023\/03\/image-1-1536x690.png 1536w, https:\/\/media1.jensgustafsson.se\/2023\/03\/image-1-2048x919.png 2048w, https:\/\/media1.jensgustafsson.se\/2023\/03\/image-1-500x224.png 500w\" sizes=\"auto, (max-width: 668px) 100vw, 668px\" \/><\/figure>\n\n\n\n<p class=\"has-blue-color has-light-gray-background-color has-text-color has-background has-medium-font-size\">Nedan ser vi en sammanfattning av lite data fr\u00e5n loggen p\u00e5 min v\u00e4derstation under februari 2023.<\/p>\n\n\n\n<p class=\"has-blue-color has-light-gray-background-color has-text-color has-background has-medium-font-size\">Temperatur (\u00b0C):<br \/>Medel (min+max): 1,0<br \/>Medelminimum: -1,8<br \/>Medelmaximum: 4,1<br \/>Minimum: -12,7 den 5 februari<br \/>Maximum: 9,1 den 13 februari<br \/>H\u00f6gsta minimum: 3,3 den 17 februari<br \/>L\u00e4gsta maximum: -1,7 den 4 februari<br \/>Frostdygn: 15 ( mintemp. under 0\u00b0)<br \/>Isdygn: 2 (dygn d\u00e5 inte temperaturen g\u00e5tt \u00f6ver 0\u00b0)<br \/>Markfrost: 5 dygn (mintemp. \u00f6ver 0\u00b0, men frost p\u00e5 marken)<\/p>\n\n\n\n<figure class=\"wp-block-image size-large\"><img loading=\"lazy\" decoding=\"async\" width=\"1024\" height=\"683\" src=\"https:\/\/media1.jensgustafsson.se\/2023\/03\/DSC_4385-2-1024x683.jpg\" alt=\"\" class=\"wp-image-28378\" srcset=\"https:\/\/media1.jensgustafsson.se\/2023\/03\/DSC_4385-2-1024x683.jpg 1024w, https:\/\/media1.jensgustafsson.se\/2023\/03\/DSC_4385-2-300x200.jpg 300w, https:\/\/media1.jensgustafsson.se\/2023\/03\/DSC_4385-2-768x512.jpg 768w, https:\/\/media1.jensgustafsson.se\/2023\/03\/DSC_4385-2-1536x1024.jpg 1536w, https:\/\/media1.jensgustafsson.se\/2023\/03\/DSC_4385-2-2048x1365.jpg 2048w, https:\/\/media1.jensgustafsson.se\/2023\/03\/DSC_4385-2-450x300.jpg 450w\" sizes=\"auto, (max-width: 1024px) 100vw, 1024px\" \/><figcaption class=\"wp-element-caption\"><strong><em>19 februari. Sn\u00f6droppar i en frostig morgon.<\/em><\/strong><\/figcaption><\/figure>\n\n\n\n<figure class=\"wp-block-image size-large is-resized\"><img loading=\"lazy\" decoding=\"async\" src=\"https:\/\/media1.jensgustafsson.se\/2023\/03\/image-2-1024x402.png\" alt=\"\" class=\"wp-image-28366\" width=\"646\" height=\"254\" srcset=\"https:\/\/media1.jensgustafsson.se\/2023\/03\/image-2-1024x402.png 1024w, https:\/\/media1.jensgustafsson.se\/2023\/03\/image-2-300x118.png 300w, https:\/\/media1.jensgustafsson.se\/2023\/03\/image-2-768x302.png 768w, https:\/\/media1.jensgustafsson.se\/2023\/03\/image-2-500x196.png 500w, https:\/\/media1.jensgustafsson.se\/2023\/03\/image-2.png 1477w\" sizes=\"auto, (max-width: 646px) 100vw, 646px\" \/><\/figure>\n\n\n\n<p class=\"has-blue-color has-light-gray-background-color has-text-color has-background has-medium-font-size\">Nederb\u00f6rden under m\u00e5naden har varit lite mindre \u00e4n normalt. 29 mm har vi f\u00e5tt totalt, och det \u00e4r 12% mindre \u00e4n normalt.  Som vi ser i diagrammet ovan, s\u00e5 var det en period i m\u00e5naden, 4 till 16 februari, som det inte f\u00f6ll n\u00e5gon m\u00e4tbar nederb\u00f6rd. Under den perioden, sj\u00f6nk vattnet i vattendragen runtomkring h\u00e4r, ganska snabbt. Som tur var, s\u00e5 fyllde det p\u00e5 med lite mera nederb\u00f6rd i andra halvan av m\u00e5naden. En sn\u00f6fattig m\u00e5nad, bara 7 dagar med m\u00e4tbart sn\u00f6djup, och det mesta var 5 cm djup sn\u00f6. Nedan l\u00e4gger jag in ett diagram p\u00e5 nederb\u00f6rden i februari f\u00f6r normalperioden 1991-2020, och \u00e4ven h\u00e4r l\u00e4gger jag till \u00e5ren 2021, 2022 och 2023.<\/p>\n\n\n\n<figure class=\"wp-block-image size-large is-resized\"><img loading=\"lazy\" decoding=\"async\" src=\"https:\/\/media1.jensgustafsson.se\/2023\/03\/image-3-1024x397.png\" alt=\"\" class=\"wp-image-28368\" width=\"671\" height=\"260\" srcset=\"https:\/\/media1.jensgustafsson.se\/2023\/03\/image-3-1024x397.png 1024w, https:\/\/media1.jensgustafsson.se\/2023\/03\/image-3-300x116.png 300w, https:\/\/media1.jensgustafsson.se\/2023\/03\/image-3-768x298.png 768w, https:\/\/media1.jensgustafsson.se\/2023\/03\/image-3-1536x596.png 1536w, https:\/\/media1.jensgustafsson.se\/2023\/03\/image-3-2048x795.png 2048w, https:\/\/media1.jensgustafsson.se\/2023\/03\/image-3-500x194.png 500w\" sizes=\"auto, (max-width: 671px) 100vw, 671px\" \/><\/figure>\n\n\n\n<figure class=\"wp-block-image size-large\"><img loading=\"lazy\" decoding=\"async\" width=\"1024\" height=\"683\" src=\"https:\/\/media1.jensgustafsson.se\/2023\/03\/DSC_4429-1024x683.jpg\" alt=\"\" class=\"wp-image-28379\" srcset=\"https:\/\/media1.jensgustafsson.se\/2023\/03\/DSC_4429-1024x683.jpg 1024w, https:\/\/media1.jensgustafsson.se\/2023\/03\/DSC_4429-300x200.jpg 300w, https:\/\/media1.jensgustafsson.se\/2023\/03\/DSC_4429-768x512.jpg 768w, https:\/\/media1.jensgustafsson.se\/2023\/03\/DSC_4429-1536x1024.jpg 1536w, https:\/\/media1.jensgustafsson.se\/2023\/03\/DSC_4429-2048x1365.jpg 2048w, https:\/\/media1.jensgustafsson.se\/2023\/03\/DSC_4429-450x300.jpg 450w\" sizes=\"auto, (max-width: 1024px) 100vw, 1024px\" \/><figcaption class=\"wp-element-caption\"><strong><em>25 februari. Tibasten \u00e4r p\u00e5 g\u00e5ng, ovanligt sen i \u00e5r.<\/em><\/strong><\/figcaption><\/figure>\n\n\n\n<figure class=\"wp-block-image size-large is-resized\"><img loading=\"lazy\" decoding=\"async\" src=\"https:\/\/media1.jensgustafsson.se\/2023\/03\/image-4-1024x411.png\" alt=\"\" class=\"wp-image-28370\" width=\"629\" height=\"252\" srcset=\"https:\/\/media1.jensgustafsson.se\/2023\/03\/image-4-1024x411.png 1024w, https:\/\/media1.jensgustafsson.se\/2023\/03\/image-4-300x120.png 300w, https:\/\/media1.jensgustafsson.se\/2023\/03\/image-4-768x308.png 768w, https:\/\/media1.jensgustafsson.se\/2023\/03\/image-4-500x201.png 500w, https:\/\/media1.jensgustafsson.se\/2023\/03\/image-4.png 1467w\" sizes=\"auto, (max-width: 629px) 100vw, 629px\" \/><\/figure>\n\n\n\n<p class=\"has-blue-color has-light-gray-background-color has-text-color has-background has-medium-font-size\">F\u00f6rdelningen \u00f6ver vindriktningarna i m\u00e5naden ser vi i stapeldiagrammet. Vindar fr\u00e5n den v\u00e4stliga sidan har dominerat, som vi ser. En hel del dagar med bl\u00e5sigt v\u00e4der har vi haft. Stormen Otto, drog ju fram \u00f6ver s\u00f6dra Sverige, men drabbade inte oss s\u00e5 h\u00e5rt, kulingvindar fick vi, men inte stormstyrka. Maxmedelvinden denna m\u00e5nad blev 7,8 m\/s.<\/p>\n\n\n\n<figure class=\"wp-block-image size-large\"><img loading=\"lazy\" decoding=\"async\" width=\"1024\" height=\"682\" src=\"https:\/\/media1.jensgustafsson.se\/2023\/03\/DSC_4495-1024x682.jpg\" alt=\"\" class=\"wp-image-28380\" srcset=\"https:\/\/media1.jensgustafsson.se\/2023\/03\/DSC_4495-1024x682.jpg 1024w, https:\/\/media1.jensgustafsson.se\/2023\/03\/DSC_4495-300x200.jpg 300w, https:\/\/media1.jensgustafsson.se\/2023\/03\/DSC_4495-768x512.jpg 768w, https:\/\/media1.jensgustafsson.se\/2023\/03\/DSC_4495-1536x1024.jpg 1536w, https:\/\/media1.jensgustafsson.se\/2023\/03\/DSC_4495-2048x1365.jpg 2048w, https:\/\/media1.jensgustafsson.se\/2023\/03\/DSC_4495-450x300.jpg 450w\" sizes=\"auto, (max-width: 1024px) 100vw, 1024px\" \/><figcaption class=\"wp-element-caption\"><strong><em>26 februari. En solig v\u00e5rvinterdag.<\/em><\/strong><\/figcaption><\/figure>\n\n\n\n<p class=\"has-blue-color has-light-gray-background-color has-text-color has-background has-medium-font-size\">Februari 2023 \u00e4r slut, och vi g\u00e5r in i mars nu, f\u00f6rsta v\u00e5rm\u00e5naden av de tre kalendariska v\u00e5rm\u00e5naderna. Meteorologiska v\u00e5ren kom till F\u00e5gelfors den 15 februari i \u00e5r, d\u00e5 kraven uppfylldes f\u00f6r det. Jag kan n\u00e4mna, att jag h\u00e5ller p\u00e5 att g\u00e5 igenom statistik, just p\u00e5 de meteorologiska \u00e5rstidernas ankomst genom \u00e5ren 1961-2023, och kommer att g\u00f6ra ett speciellt inl\u00e4gg om det, h\u00e4r p\u00e5 bloggen senare. On\u00f6digt vetande kanske?, men kan nog vara intressant att se hur det f\u00f6r\u00e4ndrats \u00f6ver tid. Jag kommer ocks\u00e5 snart att g\u00f6ra en sammanfattning av vintern 2022\/2023, och j\u00e4mf\u00f6ra den mot tidigare \u00e5r. <\/p>\n","protected":false},"excerpt":{"rendered":"<p>H\u00e4r kommer en sammanfattning av februarim\u00e5naden 2023. V\u00e4derdata f\u00f6r \u00e5rets februarim\u00e5nad \u00e4r h\u00e4mtade fr\u00e5n min privata v\u00e4derstation h\u00e4r i F\u00e5gelfors. Statistiken som jag anv\u00e4nder och j\u00e4mf\u00f6r mot, \u00e4r h\u00e4mtad fr\u00e5n SMHI:s n\u00e4rmaste m\u00e4tstationer Blankastr\u00f6m, och Drageryd f\u00f6r \u00e5ren 1931-2012. Fr\u00e5n &hellip; <a href=\"https:\/\/jensgustafsson.se\/?page_id=28358\">Forts\u00e4tt l\u00e4sa <span class=\"meta-nav\">&rarr;<\/span><\/a><\/p>\n","protected":false},"author":1,"featured_media":28375,"parent":28036,"menu_order":2,"comment_status":"open","ping_status":"closed","template":"","meta":{"footnotes":""},"class_list":["post-28358","page","type-page","status-publish","has-post-thumbnail","hentry"],"_links":{"self":[{"href":"https:\/\/jensgustafsson.se\/index.php?rest_route=\/wp\/v2\/pages\/28358","targetHints":{"allow":["GET"]}}],"collection":[{"href":"https:\/\/jensgustafsson.se\/index.php?rest_route=\/wp\/v2\/pages"}],"about":[{"href":"https:\/\/jensgustafsson.se\/index.php?rest_route=\/wp\/v2\/types\/page"}],"author":[{"embeddable":true,"href":"https:\/\/jensgustafsson.se\/index.php?rest_route=\/wp\/v2\/users\/1"}],"replies":[{"embeddable":true,"href":"https:\/\/jensgustafsson.se\/index.php?rest_route=%2Fwp%2Fv2%2Fcomments&post=28358"}],"version-history":[{"count":11,"href":"https:\/\/jensgustafsson.se\/index.php?rest_route=\/wp\/v2\/pages\/28358\/revisions"}],"predecessor-version":[{"id":28709,"href":"https:\/\/jensgustafsson.se\/index.php?rest_route=\/wp\/v2\/pages\/28358\/revisions\/28709"}],"up":[{"embeddable":true,"href":"https:\/\/jensgustafsson.se\/index.php?rest_route=\/wp\/v2\/pages\/28036"}],"wp:featuredmedia":[{"embeddable":true,"href":"https:\/\/jensgustafsson.se\/index.php?rest_route=\/wp\/v2\/media\/28375"}],"wp:attachment":[{"href":"https:\/\/jensgustafsson.se\/index.php?rest_route=%2Fwp%2Fv2%2Fmedia&parent=28358"}],"curies":[{"name":"wp","href":"https:\/\/api.w.org\/{rel}","templated":true}]}}