{"id":28666,"date":"2023-04-01T05:48:43","date_gmt":"2023-04-01T04:48:43","guid":{"rendered":"https:\/\/jensgustafsson.se\/?page_id=28666"},"modified":"2023-04-01T09:51:56","modified_gmt":"2023-04-01T08:51:56","slug":"mars-2023","status":"publish","type":"page","link":"https:\/\/jensgustafsson.se\/?page_id=28666","title":{"rendered":"Mars 2023."},"content":{"rendered":"\n<figure class=\"wp-block-image size-large\"><img loading=\"lazy\" decoding=\"async\" width=\"1024\" height=\"683\" src=\"https:\/\/media1.jensgustafsson.se\/2023\/04\/DSC_5067-1024x683.jpg\" alt=\"\" class=\"wp-image-28693\" srcset=\"https:\/\/media1.jensgustafsson.se\/2023\/04\/DSC_5067-1024x683.jpg 1024w, https:\/\/media1.jensgustafsson.se\/2023\/04\/DSC_5067-300x200.jpg 300w, https:\/\/media1.jensgustafsson.se\/2023\/04\/DSC_5067-768x512.jpg 768w, https:\/\/media1.jensgustafsson.se\/2023\/04\/DSC_5067-1536x1024.jpg 1536w, https:\/\/media1.jensgustafsson.se\/2023\/04\/DSC_5067-2048x1365.jpg 2048w, https:\/\/media1.jensgustafsson.se\/2023\/04\/DSC_5067-450x300.jpg 450w\" sizes=\"auto, (max-width: 1024px) 100vw, 1024px\" \/><figcaption class=\"wp-element-caption\"><strong><em>Tranor 21 mars.<\/em><\/strong><\/figcaption><\/figure>\n\n\n\n<p class=\"has-blue-color has-light-gray-background-color has-text-color has-background has-medium-font-size\">H\u00e4r kommer en sammanfattning av m\u00e5naden mars 2023. V\u00e4derdata f\u00f6r \u00e5rets marsm\u00e5nad \u00e4r h\u00e4mtade fr\u00e5n min privata v\u00e4derstation h\u00e4r i F\u00e5gelfors. Statistiken som jag anv\u00e4nder och j\u00e4mf\u00f6r mot, \u00e4r h\u00e4mtad fr\u00e5n SMHI:s n\u00e4rmaste m\u00e4tstationer Blankastr\u00f6m, och Drageryd f\u00f6r \u00e5ren 1931-2012. Fr\u00e5n 2013 och fram\u00e5t \u00e4r det min egna, privata v\u00e4derstation som levererar siffrorna. Nuvarande \u201dnormalperiod\u201d som anv\u00e4nds att j\u00e4mf\u00f6ra mars 2023 mot, \u00e4r \u00e5ren 1991-2020. D\u00e4r jag anv\u00e4nder ordet \u201dnormalt\u201d i texterna h\u00e4r, menas allts\u00e5 d\u00e5 medeltalen f\u00f6r referensperioden 1991-2020.<\/p>\n\n\n\n<figure class=\"wp-block-image size-large\"><img loading=\"lazy\" decoding=\"async\" width=\"1024\" height=\"432\" src=\"https:\/\/media1.jensgustafsson.se\/2023\/04\/image-1024x432.png\" alt=\"\" class=\"wp-image-28672\" srcset=\"https:\/\/media1.jensgustafsson.se\/2023\/04\/image-1024x432.png 1024w, https:\/\/media1.jensgustafsson.se\/2023\/04\/image-300x126.png 300w, https:\/\/media1.jensgustafsson.se\/2023\/04\/image-768x324.png 768w, https:\/\/media1.jensgustafsson.se\/2023\/04\/image-1536x647.png 1536w, https:\/\/media1.jensgustafsson.se\/2023\/04\/image-500x211.png 500w, https:\/\/media1.jensgustafsson.se\/2023\/04\/image.png 1858w\" sizes=\"auto, (max-width: 1024px) 100vw, 1024px\" \/><\/figure>\n\n\n\n<p class=\"has-blue-color has-light-gray-background-color has-text-color has-background has-medium-font-size\">Mars 2023 blev totalt sett aningen mildare \u00e4n normalt, 0,3 grader mildare n\u00e4rmare best\u00e4mt. Medeltemperaturen blev +2,0 grader. Det kan l\u00e5ta konstigt, f\u00f6r jag tycker att jag upplevt den som kall och lite halvmotig v\u00e4derm\u00e5nad. En del av f\u00f6rklaringen till detta, tror jag ligger i n\u00e4r vi tittar i diagrammet h\u00e4r ovanf\u00f6r, s\u00e5 ser vi att vi hade rej\u00e4lt kalla n\u00e4tter runt den 10 mars, och bara n\u00e5gra ynka plusgrader dagtid. S\u00e5 kalla n\u00e4tter, som vi hade d\u00e4r, hade vi vare sig i januari, eller februari, som normalt sett kan vara riktigt kalla vinterm\u00e5nader.<\/p>\n\n\n\n<figure class=\"wp-block-image size-large is-resized\"><img loading=\"lazy\" decoding=\"async\" src=\"https:\/\/media1.jensgustafsson.se\/2023\/04\/image-1-1024x328.png\" alt=\"\" class=\"wp-image-28673\" width=\"662\" height=\"212\" srcset=\"https:\/\/media1.jensgustafsson.se\/2023\/04\/image-1-1024x328.png 1024w, https:\/\/media1.jensgustafsson.se\/2023\/04\/image-1-300x96.png 300w, https:\/\/media1.jensgustafsson.se\/2023\/04\/image-1-768x246.png 768w, https:\/\/media1.jensgustafsson.se\/2023\/04\/image-1-1536x492.png 1536w, https:\/\/media1.jensgustafsson.se\/2023\/04\/image-1-500x160.png 500w, https:\/\/media1.jensgustafsson.se\/2023\/04\/image-1.png 1912w\" sizes=\"auto, (max-width: 662px) 100vw, 662px\" \/><\/figure>\n\n\n\n<p class=\"has-blue-color has-light-gray-background-color has-text-color has-background has-medium-font-size\">I diagrammet ovanf\u00f6r h\u00e4r, visar jag hur marsm\u00e5naderna sett ut ur ett kortare tidsperspektiv bak\u00e5t i tiden. Jag valde \u00e5ren 2011 t.o.m. 2023. D\u00e4r ser vi att det sedan 2019, blivit en fallande trend p\u00e5 medeltemperaturen i mars. Undantaget var 2021, som var aningen mildare. Nedanf\u00f6r h\u00e4r l\u00e4gger jag in n\u00e5gra diagram, med n\u00e5gra olika referensperioder, s\u00e5 g\u00e5r det l\u00e4tt att j\u00e4mf\u00f6ra \u00e5rets marsm\u00e5nads medeltemperatur med historiska marsm\u00e5nader.<\/p>\n\n\n\n<figure class=\"wp-block-image size-large is-resized\"><img loading=\"lazy\" decoding=\"async\" src=\"https:\/\/media1.jensgustafsson.se\/2023\/04\/image-2-1024x438.png\" alt=\"\" class=\"wp-image-28675\" width=\"657\" height=\"280\" srcset=\"https:\/\/media1.jensgustafsson.se\/2023\/04\/image-2-1024x438.png 1024w, https:\/\/media1.jensgustafsson.se\/2023\/04\/image-2-300x128.png 300w, https:\/\/media1.jensgustafsson.se\/2023\/04\/image-2-768x329.png 768w, https:\/\/media1.jensgustafsson.se\/2023\/04\/image-2-500x214.png 500w, https:\/\/media1.jensgustafsson.se\/2023\/04\/image-2.png 1495w\" sizes=\"auto, (max-width: 657px) 100vw, 657px\" \/><\/figure>\n\n\n\n<figure class=\"wp-block-image size-large is-resized\"><img loading=\"lazy\" decoding=\"async\" src=\"https:\/\/media1.jensgustafsson.se\/2023\/04\/image-3-1024x374.png\" alt=\"\" class=\"wp-image-28676\" width=\"649\" height=\"237\" srcset=\"https:\/\/media1.jensgustafsson.se\/2023\/04\/image-3-1024x374.png 1024w, https:\/\/media1.jensgustafsson.se\/2023\/04\/image-3-300x109.png 300w, https:\/\/media1.jensgustafsson.se\/2023\/04\/image-3-768x280.png 768w, https:\/\/media1.jensgustafsson.se\/2023\/04\/image-3-1536x560.png 1536w, https:\/\/media1.jensgustafsson.se\/2023\/04\/image-3-2048x747.png 2048w, https:\/\/media1.jensgustafsson.se\/2023\/04\/image-3-500x182.png 500w\" sizes=\"auto, (max-width: 649px) 100vw, 649px\" \/><figcaption class=\"wp-element-caption\"><strong><em>1991-2020 \u00e4r den nu g\u00e4llande &#8221;normalperioden&#8221;. <\/em><\/strong><\/figcaption><\/figure>\n\n\n\n<figure class=\"wp-block-image size-large\"><img loading=\"lazy\" decoding=\"async\" width=\"1024\" height=\"683\" src=\"https:\/\/media1.jensgustafsson.se\/2023\/04\/DSC_5032-1024x683.jpg\" alt=\"\" class=\"wp-image-28678\" srcset=\"https:\/\/media1.jensgustafsson.se\/2023\/04\/DSC_5032-1024x683.jpg 1024w, https:\/\/media1.jensgustafsson.se\/2023\/04\/DSC_5032-300x200.jpg 300w, https:\/\/media1.jensgustafsson.se\/2023\/04\/DSC_5032-768x512.jpg 768w, https:\/\/media1.jensgustafsson.se\/2023\/04\/DSC_5032-1536x1024.jpg 1536w, https:\/\/media1.jensgustafsson.se\/2023\/04\/DSC_5032-2048x1365.jpg 2048w, https:\/\/media1.jensgustafsson.se\/2023\/04\/DSC_5032-450x300.jpg 450w\" sizes=\"auto, (max-width: 1024px) 100vw, 1024px\" \/><figcaption class=\"wp-element-caption\"><strong><em>Vinterg\u00e4ck den 19 mars.<\/em><\/strong><\/figcaption><\/figure>\n\n\n\n<p class=\"has-blue-color has-light-gray-background-color has-text-color has-background has-medium-font-size\">Nedan ser vi en sammanfattning av lite data fr\u00e5n loggen p\u00e5 min v\u00e4derstation under mars 2023.<\/p>\n\n\n\n<p class=\"has-blue-color has-light-gray-background-color has-text-color has-background has-medium-font-size\"><em>Temperatur (\u00b0C):<br \/>Medel (min+max): 2,0<br \/>Medelminimum: -1,8<br \/>Medelmaximum: 6,1<br \/>Minimum: -16,4 den 9 mars<br \/>Maximum: 11,8 den 25 mars<br \/>H\u00f6gsta minimum: 6,3 den 25 mars<br \/>L\u00e4gsta maximum: -0,8 den 8 mars<br \/>Frostdygn: 20 ( mintemp. under 0\u00b0)<br \/>Isdygn: 1 (dygn d\u00e5 inte temperaturen g\u00e5tt \u00f6ver 0\u00b0)<br \/>Markfrost: 2 dygn (mintemp. \u00f6ver 0\u00b0, men frost p\u00e5 marken)<\/em><\/p>\n\n\n\n<figure class=\"wp-block-image size-large\"><img loading=\"lazy\" decoding=\"async\" width=\"1024\" height=\"768\" src=\"https:\/\/media1.jensgustafsson.se\/2023\/04\/28-mars-2023-1-1024x768.jpg\" alt=\"\" class=\"wp-image-28691\" srcset=\"https:\/\/media1.jensgustafsson.se\/2023\/04\/28-mars-2023-1-1024x768.jpg 1024w, https:\/\/media1.jensgustafsson.se\/2023\/04\/28-mars-2023-1-300x225.jpg 300w, https:\/\/media1.jensgustafsson.se\/2023\/04\/28-mars-2023-1-768x576.jpg 768w, https:\/\/media1.jensgustafsson.se\/2023\/04\/28-mars-2023-1-1536x1152.jpg 1536w, https:\/\/media1.jensgustafsson.se\/2023\/04\/28-mars-2023-1-400x300.jpg 400w, https:\/\/media1.jensgustafsson.se\/2023\/04\/28-mars-2023-1.jpg 2016w\" sizes=\"auto, (max-width: 1024px) 100vw, 1024px\" \/><figcaption class=\"wp-element-caption\">Vid Svindla 28 mars.<\/figcaption><\/figure>\n\n\n\n<figure class=\"wp-block-image size-large is-resized\"><img loading=\"lazy\" decoding=\"async\" src=\"https:\/\/media1.jensgustafsson.se\/2023\/04\/image-4-1024x392.png\" alt=\"\" class=\"wp-image-28683\" width=\"712\" height=\"273\" srcset=\"https:\/\/media1.jensgustafsson.se\/2023\/04\/image-4-1024x392.png 1024w, https:\/\/media1.jensgustafsson.se\/2023\/04\/image-4-300x115.png 300w, https:\/\/media1.jensgustafsson.se\/2023\/04\/image-4-768x294.png 768w, https:\/\/media1.jensgustafsson.se\/2023\/04\/image-4-1536x587.png 1536w, https:\/\/media1.jensgustafsson.se\/2023\/04\/image-4-500x191.png 500w, https:\/\/media1.jensgustafsson.se\/2023\/04\/image-4.png 1548w\" sizes=\"auto, (max-width: 712px) 100vw, 712px\" \/><\/figure>\n\n\n\n<p class=\"has-blue-color has-light-gray-background-color has-text-color has-background has-medium-font-size\">Nederb\u00f6rd har vi f\u00e5tt 55 millimeter under m\u00e5naden, f\u00f6rdelat \u00f6ver 14 dygn. Nederb\u00f6rdsm\u00e4ngden \u00e4r 112% mera j\u00e4mf\u00f6rt mot normalt. \u00c5ret har inletts bra, vad g\u00e4ller nederb\u00f6rd. Vi har under de tre f\u00f6rsta m\u00e5naderna f\u00e5tt 31% av den genomsnittliga \u00e5rsnederb\u00f6rden, och det beh\u00f6vdes f\u00f6r de l\u00e5ga grundvattenniv\u00e5erna vi haft. Nederb\u00f6rden har kommit b\u00e5de som regn och sn\u00f6. M\u00e4tbart sn\u00f6djup har vi haft 7 dagar, och det st\u00f6rsta sn\u00f6djupet var 9 cm den 7 och 8 mars. D\u00e4rut\u00f6ver har vi haft 4 dagar med fl\u00e4ckvis sn\u00f6, men inte m\u00e4tbart. Precis som jag gjorde med temperaturdiagrammen tidigare, s\u00e5 l\u00e4gger jag in diagram nedan med medelnederb\u00f6rden f\u00f6r mars i n\u00e5gra olika referensperioder, s\u00e5 g\u00e5r det att j\u00e4mf\u00f6ra \u00e5rets marsm\u00e5nad mot dem.<\/p>\n\n\n\n<figure class=\"wp-block-image size-large is-resized\"><img loading=\"lazy\" decoding=\"async\" src=\"https:\/\/media1.jensgustafsson.se\/2023\/04\/image-5-1024x360.png\" alt=\"\" class=\"wp-image-28685\" width=\"656\" height=\"230\" srcset=\"https:\/\/media1.jensgustafsson.se\/2023\/04\/image-5-1024x360.png 1024w, https:\/\/media1.jensgustafsson.se\/2023\/04\/image-5-300x105.png 300w, https:\/\/media1.jensgustafsson.se\/2023\/04\/image-5-768x270.png 768w, https:\/\/media1.jensgustafsson.se\/2023\/04\/image-5-500x176.png 500w, https:\/\/media1.jensgustafsson.se\/2023\/04\/image-5.png 1511w\" sizes=\"auto, (max-width: 656px) 100vw, 656px\" \/><\/figure>\n\n\n\n<figure class=\"wp-block-image size-large is-resized\"><img loading=\"lazy\" decoding=\"async\" src=\"https:\/\/media1.jensgustafsson.se\/2023\/04\/image-6-1024x311.png\" alt=\"\" class=\"wp-image-28686\" width=\"657\" height=\"199\" srcset=\"https:\/\/media1.jensgustafsson.se\/2023\/04\/image-6-1024x311.png 1024w, https:\/\/media1.jensgustafsson.se\/2023\/04\/image-6-300x91.png 300w, https:\/\/media1.jensgustafsson.se\/2023\/04\/image-6-768x233.png 768w, https:\/\/media1.jensgustafsson.se\/2023\/04\/image-6-1536x466.png 1536w, https:\/\/media1.jensgustafsson.se\/2023\/04\/image-6-2048x621.png 2048w, https:\/\/media1.jensgustafsson.se\/2023\/04\/image-6-500x152.png 500w\" sizes=\"auto, (max-width: 657px) 100vw, 657px\" \/><\/figure>\n\n\n\n<figure class=\"wp-block-image size-large\"><img loading=\"lazy\" decoding=\"async\" width=\"1024\" height=\"760\" src=\"https:\/\/media1.jensgustafsson.se\/2023\/04\/DSC_5008-2-1024x760.jpg\" alt=\"\" class=\"wp-image-28687\" srcset=\"https:\/\/media1.jensgustafsson.se\/2023\/04\/DSC_5008-2-1024x760.jpg 1024w, https:\/\/media1.jensgustafsson.se\/2023\/04\/DSC_5008-2-300x223.jpg 300w, https:\/\/media1.jensgustafsson.se\/2023\/04\/DSC_5008-2-768x570.jpg 768w, https:\/\/media1.jensgustafsson.se\/2023\/04\/DSC_5008-2-1536x1141.jpg 1536w, https:\/\/media1.jensgustafsson.se\/2023\/04\/DSC_5008-2-2048x1521.jpg 2048w, https:\/\/media1.jensgustafsson.se\/2023\/04\/DSC_5008-2-404x300.jpg 404w\" sizes=\"auto, (max-width: 1024px) 100vw, 1024px\" \/><figcaption class=\"wp-element-caption\"><strong><em>De f\u00f6rsta bl\u00e5sipporna f\u00f6r i \u00e5r, hittade jag 19 mars.<\/em><\/strong><\/figcaption><\/figure>\n\n\n\n<figure class=\"wp-block-image size-large\"><img loading=\"lazy\" decoding=\"async\" width=\"1024\" height=\"385\" src=\"https:\/\/media1.jensgustafsson.se\/2023\/04\/image-7-1024x385.png\" alt=\"\" class=\"wp-image-28689\" srcset=\"https:\/\/media1.jensgustafsson.se\/2023\/04\/image-7-1024x385.png 1024w, https:\/\/media1.jensgustafsson.se\/2023\/04\/image-7-300x113.png 300w, https:\/\/media1.jensgustafsson.se\/2023\/04\/image-7-768x289.png 768w, https:\/\/media1.jensgustafsson.se\/2023\/04\/image-7-500x188.png 500w, https:\/\/media1.jensgustafsson.se\/2023\/04\/image-7.png 1527w\" sizes=\"auto, (max-width: 1024px) 100vw, 1024px\" \/><\/figure>\n\n\n\n<p class=\"has-blue-color has-light-gray-background-color has-text-color has-background has-medium-font-size\">F\u00f6rdelningen \u00f6ver vindriktningarna i m\u00e5naden ser vi i stapeldiagrammet h\u00e4r ovanf\u00f6r. Medeltalet i maxvinden i m\u00e5naden blev 7,8 m\/s.<\/p>\n\n\n\n<figure class=\"wp-block-image size-large\"><img loading=\"lazy\" decoding=\"async\" width=\"1024\" height=\"683\" src=\"https:\/\/media1.jensgustafsson.se\/2023\/04\/DSC_5123-1024x683.jpg\" alt=\"\" class=\"wp-image-28690\" srcset=\"https:\/\/media1.jensgustafsson.se\/2023\/04\/DSC_5123-1024x683.jpg 1024w, https:\/\/media1.jensgustafsson.se\/2023\/04\/DSC_5123-300x200.jpg 300w, https:\/\/media1.jensgustafsson.se\/2023\/04\/DSC_5123-768x512.jpg 768w, https:\/\/media1.jensgustafsson.se\/2023\/04\/DSC_5123-1536x1024.jpg 1536w, https:\/\/media1.jensgustafsson.se\/2023\/04\/DSC_5123-2048x1365.jpg 2048w, https:\/\/media1.jensgustafsson.se\/2023\/04\/DSC_5123-450x300.jpg 450w\" sizes=\"auto, (max-width: 1024px) 100vw, 1024px\" \/><figcaption class=\"wp-element-caption\"><strong><em>Sn\u00f6klockor den 29 mars.<\/em><\/strong><\/figcaption><\/figure>\n\n\n\n<p class=\"has-blue-color has-light-gray-background-color has-text-color has-background has-medium-font-size\">S\u00e5 var f\u00f6rsta v\u00e5rm\u00e5naden av tre till \u00e4nda. \u00c5terst\u00e5r att se hur de resterande tv\u00e5 m\u00e5naderna utvecklar sig v\u00e4derm\u00e4ssigt. <\/p>\n","protected":false},"excerpt":{"rendered":"<p>H\u00e4r kommer en sammanfattning av m\u00e5naden mars 2023. V\u00e4derdata f\u00f6r \u00e5rets marsm\u00e5nad \u00e4r h\u00e4mtade fr\u00e5n min privata v\u00e4derstation h\u00e4r i F\u00e5gelfors. Statistiken som jag anv\u00e4nder och j\u00e4mf\u00f6r mot, \u00e4r h\u00e4mtad fr\u00e5n SMHI:s n\u00e4rmaste m\u00e4tstationer Blankastr\u00f6m, och Drageryd f\u00f6r \u00e5ren 1931-2012. &hellip; <a href=\"https:\/\/jensgustafsson.se\/?page_id=28666\">Forts\u00e4tt l\u00e4sa <span class=\"meta-nav\">&rarr;<\/span><\/a><\/p>\n","protected":false},"author":1,"featured_media":28667,"parent":28036,"menu_order":3,"comment_status":"open","ping_status":"closed","template":"","meta":{"footnotes":""},"class_list":["post-28666","page","type-page","status-publish","has-post-thumbnail","hentry"],"_links":{"self":[{"href":"https:\/\/jensgustafsson.se\/index.php?rest_route=\/wp\/v2\/pages\/28666","targetHints":{"allow":["GET"]}}],"collection":[{"href":"https:\/\/jensgustafsson.se\/index.php?rest_route=\/wp\/v2\/pages"}],"about":[{"href":"https:\/\/jensgustafsson.se\/index.php?rest_route=\/wp\/v2\/types\/page"}],"author":[{"embeddable":true,"href":"https:\/\/jensgustafsson.se\/index.php?rest_route=\/wp\/v2\/users\/1"}],"replies":[{"embeddable":true,"href":"https:\/\/jensgustafsson.se\/index.php?rest_route=%2Fwp%2Fv2%2Fcomments&post=28666"}],"version-history":[{"count":15,"href":"https:\/\/jensgustafsson.se\/index.php?rest_route=\/wp\/v2\/pages\/28666\/revisions"}],"predecessor-version":[{"id":28708,"href":"https:\/\/jensgustafsson.se\/index.php?rest_route=\/wp\/v2\/pages\/28666\/revisions\/28708"}],"up":[{"embeddable":true,"href":"https:\/\/jensgustafsson.se\/index.php?rest_route=\/wp\/v2\/pages\/28036"}],"wp:featuredmedia":[{"embeddable":true,"href":"https:\/\/jensgustafsson.se\/index.php?rest_route=\/wp\/v2\/media\/28667"}],"wp:attachment":[{"href":"https:\/\/jensgustafsson.se\/index.php?rest_route=%2Fwp%2Fv2%2Fmedia&parent=28666"}],"curies":[{"name":"wp","href":"https:\/\/api.w.org\/{rel}","templated":true}]}}