{"id":29243,"date":"2023-06-01T13:17:47","date_gmt":"2023-06-01T12:17:47","guid":{"rendered":"https:\/\/jensgustafsson.se\/?page_id=29243"},"modified":"2023-06-01T13:17:47","modified_gmt":"2023-06-01T12:17:47","slug":"maj-2023","status":"publish","type":"page","link":"https:\/\/jensgustafsson.se\/?page_id=29243","title":{"rendered":"Maj 2023."},"content":{"rendered":"\n<figure class=\"wp-block-image size-large\"><img loading=\"lazy\" decoding=\"async\" width=\"1024\" height=\"683\" src=\"https:\/\/media1.jensgustafsson.se\/2023\/06\/DSC_6071-1024x683.jpg\" alt=\"\" class=\"wp-image-29279\" srcset=\"https:\/\/media1.jensgustafsson.se\/2023\/06\/DSC_6071-1024x683.jpg 1024w, https:\/\/media1.jensgustafsson.se\/2023\/06\/DSC_6071-300x200.jpg 300w, https:\/\/media1.jensgustafsson.se\/2023\/06\/DSC_6071-768x512.jpg 768w, https:\/\/media1.jensgustafsson.se\/2023\/06\/DSC_6071-1536x1024.jpg 1536w, https:\/\/media1.jensgustafsson.se\/2023\/06\/DSC_6071-2048x1365.jpg 2048w, https:\/\/media1.jensgustafsson.se\/2023\/06\/DSC_6071-450x300.jpg 450w\" sizes=\"auto, (max-width: 1024px) 100vw, 1024px\" \/><\/figure>\n\n\n\n<p class=\"has-blue-color has-light-gray-background-color has-text-color has-background has-medium-font-size\">H\u00e4r kommer en sammanfattning av maj 2023. V\u00e4derdata f\u00f6r \u00e5rets majm\u00e5nad \u00e4r h\u00e4mtade fr\u00e5n min privata v\u00e4derstation h\u00e4r i F\u00e5gelfors. Statistiken som jag anv\u00e4nder och j\u00e4mf\u00f6r mot, \u00e4r h\u00e4mtad fr\u00e5n SMHI:s n\u00e4rmaste m\u00e4tstationer Blankastr\u00f6m, och Drageryd f\u00f6r \u00e5ren 1931-2012. Fr\u00e5n 2013 och fram\u00e5t \u00e4r det min egna, privata v\u00e4derstation som levererar siffrorna. Nuvarande \u201dnormalperiod\u201d som anv\u00e4nds att j\u00e4mf\u00f6ra mars 2023 mot, \u00e4r \u00e5ren 1991-2020. D\u00e4r jag anv\u00e4nder ordet \u201dnormalt\u201d i texterna h\u00e4r, menas allts\u00e5 d\u00e5 medeltalen f\u00f6r referensperioden 1991-2020.<\/p>\n\n\n\n<figure class=\"wp-block-image size-large is-resized\"><img loading=\"lazy\" decoding=\"async\" src=\"https:\/\/media1.jensgustafsson.se\/2023\/05\/image-75-1024x459.png\" alt=\"\" class=\"wp-image-29252\" width=\"1024\" height=\"459\" srcset=\"https:\/\/media1.jensgustafsson.se\/2023\/05\/image-75-1024x459.png 1024w, https:\/\/media1.jensgustafsson.se\/2023\/05\/image-75-300x135.png 300w, https:\/\/media1.jensgustafsson.se\/2023\/05\/image-75-768x344.png 768w, https:\/\/media1.jensgustafsson.se\/2023\/05\/image-75-1536x689.png 1536w, https:\/\/media1.jensgustafsson.se\/2023\/05\/image-75-500x224.png 500w, https:\/\/media1.jensgustafsson.se\/2023\/05\/image-75.png 1782w\" sizes=\"auto, (max-width: 1024px) 100vw, 1024px\" \/><\/figure>\n\n\n\n<p class=\"has-blue-color has-light-gray-background-color has-text-color has-background has-medium-font-size\">M\u00e5naden inleddes med kyligt v\u00e4der. Vi hade 5 dygn med minusgrader nattetid under denna m\u00e5nad. Det har ocks\u00e5 varit 5 dygn med markfrost, allts\u00e5 frost p\u00e5 marken fl\u00e4ckvis, men plusgrader p\u00e5 termometern. Som vi ser i stapeldiagrammet ovan, s\u00e5 blev det stigande temperatur fr.o.m den 8:e maj. Det medf\u00f6rde att dygnsmedeltemperaturen gick \u00f6ver 10 grader 5 dygn p\u00e5 raken, och det gjorde att vi fick<em><strong> meteorologisk sommar i F\u00e5gelfors den 11:e maj i<\/strong><\/em> <em>\u00e5r<\/em>. Vi har haft 2 dagar med h\u00f6gsommarv\u00e4rme, d.v.s. maxtemperatur \u00f6ver 25 grader. Eftersom man h\u00f6r i media, att man tror kommande sommar ska bli lika varm som 2018, s\u00e5 sneglade jag lite p\u00e5 hur varm maj var det \u00e5ret. Medeltemperaturen blev +15,6 grader, och vi hade 10 dagar med h\u00f6gsommarv\u00e4rme.<\/p>\n\n\n\n<p class=\"has-blue-color has-light-gray-background-color has-text-color has-background has-medium-font-size\">Medeltemperaturen f\u00f6r maj i \u00e5r, blev till slut +11,9 grader, trots den kyliga inledningen. +11,9 grader \u00e4r 0,5 grader h\u00f6gre \u00e4n normalt f\u00f6r maj. &nbsp;Nedanf\u00f6r h\u00e4r l\u00e4gger jag in n\u00e5gra diagram, med n\u00e5gra olika referensperioder, s\u00e5 g\u00e5r det l\u00e4tt att j\u00e4mf\u00f6ra \u00e5rets majm\u00e5nads medeltemperatur med historiska majm\u00e5nader.<\/p>\n\n\n\n<figure class=\"wp-block-image size-large is-resized\"><img loading=\"lazy\" decoding=\"async\" src=\"https:\/\/media1.jensgustafsson.se\/2023\/05\/image-76-1024x421.png\" alt=\"\" class=\"wp-image-29254\" width=\"1024\" height=\"421\" srcset=\"https:\/\/media1.jensgustafsson.se\/2023\/05\/image-76-1024x421.png 1024w, https:\/\/media1.jensgustafsson.se\/2023\/05\/image-76-300x123.png 300w, https:\/\/media1.jensgustafsson.se\/2023\/05\/image-76-768x316.png 768w, https:\/\/media1.jensgustafsson.se\/2023\/05\/image-76-500x206.png 500w, https:\/\/media1.jensgustafsson.se\/2023\/05\/image-76.png 1434w\" sizes=\"auto, (max-width: 1024px) 100vw, 1024px\" \/><\/figure>\n\n\n\n<figure class=\"wp-block-image size-large is-resized\"><img loading=\"lazy\" decoding=\"async\" src=\"https:\/\/media1.jensgustafsson.se\/2023\/05\/image-77-1024x344.png\" alt=\"\" class=\"wp-image-29255\" width=\"1024\" height=\"344\" srcset=\"https:\/\/media1.jensgustafsson.se\/2023\/05\/image-77-1024x344.png 1024w, https:\/\/media1.jensgustafsson.se\/2023\/05\/image-77-300x101.png 300w, https:\/\/media1.jensgustafsson.se\/2023\/05\/image-77-768x258.png 768w, https:\/\/media1.jensgustafsson.se\/2023\/05\/image-77-1536x516.png 1536w, https:\/\/media1.jensgustafsson.se\/2023\/05\/image-77-2048x688.png 2048w, https:\/\/media1.jensgustafsson.se\/2023\/05\/image-77-500x168.png 500w\" sizes=\"auto, (max-width: 1024px) 100vw, 1024px\" \/><\/figure>\n\n\n\n<figure class=\"wp-block-image size-large\"><img loading=\"lazy\" decoding=\"async\" width=\"1024\" height=\"683\" src=\"https:\/\/media1.jensgustafsson.se\/2023\/06\/DSC_6256-1024x683.jpg\" alt=\"\" class=\"wp-image-29280\" srcset=\"https:\/\/media1.jensgustafsson.se\/2023\/06\/DSC_6256-1024x683.jpg 1024w, https:\/\/media1.jensgustafsson.se\/2023\/06\/DSC_6256-300x200.jpg 300w, https:\/\/media1.jensgustafsson.se\/2023\/06\/DSC_6256-768x512.jpg 768w, https:\/\/media1.jensgustafsson.se\/2023\/06\/DSC_6256-1536x1024.jpg 1536w, https:\/\/media1.jensgustafsson.se\/2023\/06\/DSC_6256-2048x1365.jpg 2048w, https:\/\/media1.jensgustafsson.se\/2023\/06\/DSC_6256-450x300.jpg 450w\" sizes=\"auto, (max-width: 1024px) 100vw, 1024px\" \/><\/figure>\n\n\n\n<p class=\"has-blue-color has-light-gray-background-color has-text-color has-background has-medium-font-size\">Nedan ser vi en sammanfattning av lite data fr\u00e5n loggen p\u00e5 min v\u00e4derstation under maj 2023.<\/p>\n\n\n\n<p class=\"has-blue-color has-light-gray-background-color has-text-color has-background has-medium-font-size\">Temperatur (\u00b0C):<br \/>Medel (min+max): 11,9<br \/>Medelminimum: 3,6<br \/>Medelmaximum: 19,5<br \/>Minimum: -3,4 den 5 maj<br \/>Maximum: 27,6 den 24 maj<br \/>H\u00f6gsta minimum: 10,8 den 16 maj<br \/>L\u00e4gsta maximum: 9,5 den 6 maj<br \/>Frostdygn: 5 ( mintemp. under 0\u00b0)<br \/>Markfrost: 5 dygn (mintemp. \u00f6ver 0\u00b0, men frost p\u00e5 marken)<\/p>\n\n\n\n<figure class=\"wp-block-image size-large\"><img loading=\"lazy\" decoding=\"async\" width=\"1024\" height=\"643\" src=\"https:\/\/media1.jensgustafsson.se\/2023\/06\/DSC_6490-1024x643.jpg\" alt=\"\" class=\"wp-image-29281\" srcset=\"https:\/\/media1.jensgustafsson.se\/2023\/06\/DSC_6490-1024x643.jpg 1024w, https:\/\/media1.jensgustafsson.se\/2023\/06\/DSC_6490-300x188.jpg 300w, https:\/\/media1.jensgustafsson.se\/2023\/06\/DSC_6490-768x483.jpg 768w, https:\/\/media1.jensgustafsson.se\/2023\/06\/DSC_6490-1536x965.jpg 1536w, https:\/\/media1.jensgustafsson.se\/2023\/06\/DSC_6490-2048x1287.jpg 2048w, https:\/\/media1.jensgustafsson.se\/2023\/06\/DSC_6490-477x300.jpg 477w\" sizes=\"auto, (max-width: 1024px) 100vw, 1024px\" \/><\/figure>\n\n\n\n<figure class=\"wp-block-image size-large is-resized\"><img loading=\"lazy\" decoding=\"async\" src=\"https:\/\/media1.jensgustafsson.se\/2023\/05\/image-78-1024x402.png\" alt=\"\" class=\"wp-image-29260\" width=\"1024\" height=\"402\" srcset=\"https:\/\/media1.jensgustafsson.se\/2023\/05\/image-78-1024x402.png 1024w, https:\/\/media1.jensgustafsson.se\/2023\/05\/image-78-300x118.png 300w, https:\/\/media1.jensgustafsson.se\/2023\/05\/image-78-768x302.png 768w, https:\/\/media1.jensgustafsson.se\/2023\/05\/image-78-500x196.png 500w, https:\/\/media1.jensgustafsson.se\/2023\/05\/image-78.png 1477w\" sizes=\"auto, (max-width: 1024px) 100vw, 1024px\" \/><\/figure>\n\n\n\n<p class=\"has-blue-color has-light-gray-background-color has-text-color has-background has-medium-font-size\">Efter en nederb\u00f6rdsfattig aprilm\u00e5nad, s\u00e5 blev tyv\u00e4rr \u00e4ven maj torr. 9 mm regn har vi f\u00e5tt, och det har vi f\u00e5tt f\u00f6rdelat \u00f6ver 4 dygn som vi ser i diagrammet ovan. Regnm\u00e4ngden under m\u00e5naden \u00e4r 80% mindre \u00e4n normal nederb\u00f6rd i maj. Precis som jag gjorde med temperaturdiagrammen tidigare, s\u00e5 l\u00e4gger jag in diagram nedan med medelnederb\u00f6rden f\u00f6r maj i n\u00e5gra olika referensperioder, s\u00e5 g\u00e5r det att j\u00e4mf\u00f6ra \u00e5rets majm\u00e5nad mot dem.<\/p>\n\n\n\n<figure class=\"wp-block-image size-large is-resized\"><img loading=\"lazy\" decoding=\"async\" src=\"https:\/\/media1.jensgustafsson.se\/2023\/05\/image-79-1024x380.png\" alt=\"\" class=\"wp-image-29261\" width=\"1024\" height=\"380\" srcset=\"https:\/\/media1.jensgustafsson.se\/2023\/05\/image-79-1024x380.png 1024w, https:\/\/media1.jensgustafsson.se\/2023\/05\/image-79-300x111.png 300w, https:\/\/media1.jensgustafsson.se\/2023\/05\/image-79-768x285.png 768w, https:\/\/media1.jensgustafsson.se\/2023\/05\/image-79-500x185.png 500w, https:\/\/media1.jensgustafsson.se\/2023\/05\/image-79.png 1451w\" sizes=\"auto, (max-width: 1024px) 100vw, 1024px\" \/><\/figure>\n\n\n\n<figure class=\"wp-block-image size-large is-resized\"><img loading=\"lazy\" decoding=\"async\" src=\"https:\/\/media1.jensgustafsson.se\/2023\/05\/image-80-1024x324.png\" alt=\"\" class=\"wp-image-29262\" width=\"1024\" height=\"324\" srcset=\"https:\/\/media1.jensgustafsson.se\/2023\/05\/image-80-1024x324.png 1024w, https:\/\/media1.jensgustafsson.se\/2023\/05\/image-80-300x95.png 300w, https:\/\/media1.jensgustafsson.se\/2023\/05\/image-80-768x243.png 768w, https:\/\/media1.jensgustafsson.se\/2023\/05\/image-80-1536x486.png 1536w, https:\/\/media1.jensgustafsson.se\/2023\/05\/image-80-2048x647.png 2048w, https:\/\/media1.jensgustafsson.se\/2023\/05\/image-80-500x158.png 500w\" sizes=\"auto, (max-width: 1024px) 100vw, 1024px\" \/><\/figure>\n\n\n\n<figure class=\"wp-block-image size-large\"><img loading=\"lazy\" decoding=\"async\" width=\"1024\" height=\"683\" src=\"https:\/\/media1.jensgustafsson.se\/2023\/06\/DSC_6725-1024x683.jpg\" alt=\"\" class=\"wp-image-29282\" srcset=\"https:\/\/media1.jensgustafsson.se\/2023\/06\/DSC_6725-1024x683.jpg 1024w, https:\/\/media1.jensgustafsson.se\/2023\/06\/DSC_6725-300x200.jpg 300w, https:\/\/media1.jensgustafsson.se\/2023\/06\/DSC_6725-768x512.jpg 768w, https:\/\/media1.jensgustafsson.se\/2023\/06\/DSC_6725-1536x1024.jpg 1536w, https:\/\/media1.jensgustafsson.se\/2023\/06\/DSC_6725-2048x1365.jpg 2048w, https:\/\/media1.jensgustafsson.se\/2023\/06\/DSC_6725-450x300.jpg 450w\" sizes=\"auto, (max-width: 1024px) 100vw, 1024px\" \/><\/figure>\n\n\n\n<figure class=\"wp-block-image size-large is-resized\"><img loading=\"lazy\" decoding=\"async\" src=\"https:\/\/media1.jensgustafsson.se\/2023\/05\/image-81-1024x411.png\" alt=\"\" class=\"wp-image-29264\" width=\"1024\" height=\"411\" srcset=\"https:\/\/media1.jensgustafsson.se\/2023\/05\/image-81-1024x411.png 1024w, https:\/\/media1.jensgustafsson.se\/2023\/05\/image-81-300x120.png 300w, https:\/\/media1.jensgustafsson.se\/2023\/05\/image-81-768x308.png 768w, https:\/\/media1.jensgustafsson.se\/2023\/05\/image-81-500x201.png 500w, https:\/\/media1.jensgustafsson.se\/2023\/05\/image-81.png 1467w\" sizes=\"auto, (max-width: 1024px) 100vw, 1024px\" \/><\/figure>\n\n\n\n<p class=\"has-blue-color has-light-gray-background-color has-text-color has-background has-medium-font-size\">F\u00f6rdelningen \u00f6ver vindriktningarna i m\u00e5naden ser vi i stapeldiagrammet h\u00e4r ovanf\u00f6r. Medeltalet i maxvinden i m\u00e5naden blev 7,4 m\/s.<\/p>\n\n\n\n<figure class=\"wp-block-image size-large\"><img loading=\"lazy\" decoding=\"async\" width=\"1024\" height=\"682\" src=\"https:\/\/media1.jensgustafsson.se\/2023\/06\/DSC_6676-1024x682.jpg\" alt=\"\" class=\"wp-image-29285\" srcset=\"https:\/\/media1.jensgustafsson.se\/2023\/06\/DSC_6676-1024x682.jpg 1024w, https:\/\/media1.jensgustafsson.se\/2023\/06\/DSC_6676-300x200.jpg 300w, https:\/\/media1.jensgustafsson.se\/2023\/06\/DSC_6676-768x512.jpg 768w, https:\/\/media1.jensgustafsson.se\/2023\/06\/DSC_6676-1536x1024.jpg 1536w, https:\/\/media1.jensgustafsson.se\/2023\/06\/DSC_6676-2048x1365.jpg 2048w, https:\/\/media1.jensgustafsson.se\/2023\/06\/DSC_6676-450x300.jpg 450w\" sizes=\"auto, (max-width: 1024px) 100vw, 1024px\" \/><\/figure>\n\n\n\n<p class=\"has-blue-color has-light-gray-background-color has-text-color has-background has-medium-font-size\">I och med att maj 2023 nu \u00e4r slut, s\u00e5 \u00e4r ocks\u00e5 den kalendariska \u00e5rstiden v\u00e5r slut f\u00f6r i \u00e5r. V\u00e5ren i \u00e5r blev 0,3 grader varmare j\u00e4mf\u00f6rt mot normalperioden 1991-2020. G\u00e5r man in i statistiken f\u00f6r normalperioden (visar den i diagrammet nedan), s\u00e5 ser man att vi har en aning sjunkande temperaturtrend f\u00f6r v\u00e5rarna fr\u00e5n 2016 och fram\u00e5t.<\/p>\n\n\n\n<figure class=\"wp-block-image size-large is-resized\"><img loading=\"lazy\" decoding=\"async\" src=\"https:\/\/media1.jensgustafsson.se\/2023\/06\/image-1024x365.png\" alt=\"\" class=\"wp-image-29269\" width=\"1024\" height=\"365\" srcset=\"https:\/\/media1.jensgustafsson.se\/2023\/06\/image-1024x365.png 1024w, https:\/\/media1.jensgustafsson.se\/2023\/06\/image-300x107.png 300w, https:\/\/media1.jensgustafsson.se\/2023\/06\/image-768x274.png 768w, https:\/\/media1.jensgustafsson.se\/2023\/06\/image-1536x547.png 1536w, https:\/\/media1.jensgustafsson.se\/2023\/06\/image-500x178.png 500w, https:\/\/media1.jensgustafsson.se\/2023\/06\/image.png 1616w\" sizes=\"auto, (max-width: 1024px) 100vw, 1024px\" \/><\/figure>\n\n\n\n<p class=\"has-blue-color has-light-gray-background-color has-text-color has-background has-medium-font-size\">Vi tar en titt p\u00e5 nederb\u00f6rden f\u00f6r v\u00e5ren ocks\u00e5, och j\u00e4mf\u00f6r lite. Vi har f\u00e5tt 71 mm under \u00e5rets v\u00e5rm\u00e5nader, och det \u00e4r en minskning med 29% j\u00e4mf\u00f6rt mot normalperioden. Nedan visar jag nederb\u00f6rdsm\u00e4ngden under v\u00e5ren i normalperioden 1991-2020.<\/p>\n\n\n\n<figure class=\"wp-block-image size-large is-resized\"><img loading=\"lazy\" decoding=\"async\" src=\"https:\/\/media1.jensgustafsson.se\/2023\/06\/image-1-1024x377.png\" alt=\"\" class=\"wp-image-29271\" width=\"1024\" height=\"377\" srcset=\"https:\/\/media1.jensgustafsson.se\/2023\/06\/image-1-1024x377.png 1024w, https:\/\/media1.jensgustafsson.se\/2023\/06\/image-1-300x110.png 300w, https:\/\/media1.jensgustafsson.se\/2023\/06\/image-1-768x283.png 768w, https:\/\/media1.jensgustafsson.se\/2023\/06\/image-1-500x184.png 500w, https:\/\/media1.jensgustafsson.se\/2023\/06\/image-1.png 1223w\" sizes=\"auto, (max-width: 1024px) 100vw, 1024px\" \/><\/figure>\n\n\n\n<p class=\"has-blue-color has-light-gray-background-color has-text-color has-background has-medium-font-size\">D\u00e4rmed g\u00e5r vi in i \u00e5rstiden sommar, och personligen hoppas jag p\u00e5 att vi f\u00e5r regn i tillr\u00e4ckliga m\u00e4ngder, f\u00f6r att s\u00e4kra v\u00e5r naturs behov av vatten, och inte att f\u00f6rgl\u00f6mma m\u00e4nniskors behov av vatten, vilket ofta f\u00f6rbises i vardagens surr. <\/p>\n\n\n\n<figure class=\"wp-block-image size-large\"><img loading=\"lazy\" decoding=\"async\" width=\"1024\" height=\"632\" src=\"https:\/\/media1.jensgustafsson.se\/2023\/06\/DSC_6820-1024x632.jpg\" alt=\"\" class=\"wp-image-29283\" srcset=\"https:\/\/media1.jensgustafsson.se\/2023\/06\/DSC_6820-1024x632.jpg 1024w, https:\/\/media1.jensgustafsson.se\/2023\/06\/DSC_6820-300x185.jpg 300w, https:\/\/media1.jensgustafsson.se\/2023\/06\/DSC_6820-768x474.jpg 768w, https:\/\/media1.jensgustafsson.se\/2023\/06\/DSC_6820-1536x948.jpg 1536w, https:\/\/media1.jensgustafsson.se\/2023\/06\/DSC_6820-2048x1264.jpg 2048w, https:\/\/media1.jensgustafsson.se\/2023\/06\/DSC_6820-486x300.jpg 486w\" sizes=\"auto, (max-width: 1024px) 100vw, 1024px\" \/><\/figure>\n","protected":false},"excerpt":{"rendered":"<p>H\u00e4r kommer en sammanfattning av maj 2023. V\u00e4derdata f\u00f6r \u00e5rets majm\u00e5nad \u00e4r h\u00e4mtade fr\u00e5n min privata v\u00e4derstation h\u00e4r i F\u00e5gelfors. Statistiken som jag anv\u00e4nder och j\u00e4mf\u00f6r mot, \u00e4r h\u00e4mtad fr\u00e5n SMHI:s n\u00e4rmaste m\u00e4tstationer Blankastr\u00f6m, och Drageryd f\u00f6r \u00e5ren 1931-2012. Fr\u00e5n &hellip; <a href=\"https:\/\/jensgustafsson.se\/?page_id=29243\">Forts\u00e4tt l\u00e4sa <span class=\"meta-nav\">&rarr;<\/span><\/a><\/p>\n","protected":false},"author":1,"featured_media":29278,"parent":28036,"menu_order":5,"comment_status":"open","ping_status":"closed","template":"","meta":{"footnotes":""},"class_list":["post-29243","page","type-page","status-publish","has-post-thumbnail","hentry"],"_links":{"self":[{"href":"https:\/\/jensgustafsson.se\/index.php?rest_route=\/wp\/v2\/pages\/29243","targetHints":{"allow":["GET"]}}],"collection":[{"href":"https:\/\/jensgustafsson.se\/index.php?rest_route=\/wp\/v2\/pages"}],"about":[{"href":"https:\/\/jensgustafsson.se\/index.php?rest_route=\/wp\/v2\/types\/page"}],"author":[{"embeddable":true,"href":"https:\/\/jensgustafsson.se\/index.php?rest_route=\/wp\/v2\/users\/1"}],"replies":[{"embeddable":true,"href":"https:\/\/jensgustafsson.se\/index.php?rest_route=%2Fwp%2Fv2%2Fcomments&post=29243"}],"version-history":[{"count":18,"href":"https:\/\/jensgustafsson.se\/index.php?rest_route=\/wp\/v2\/pages\/29243\/revisions"}],"predecessor-version":[{"id":29286,"href":"https:\/\/jensgustafsson.se\/index.php?rest_route=\/wp\/v2\/pages\/29243\/revisions\/29286"}],"up":[{"embeddable":true,"href":"https:\/\/jensgustafsson.se\/index.php?rest_route=\/wp\/v2\/pages\/28036"}],"wp:featuredmedia":[{"embeddable":true,"href":"https:\/\/jensgustafsson.se\/index.php?rest_route=\/wp\/v2\/media\/29278"}],"wp:attachment":[{"href":"https:\/\/jensgustafsson.se\/index.php?rest_route=%2Fwp%2Fv2%2Fmedia&parent=29243"}],"curies":[{"name":"wp","href":"https:\/\/api.w.org\/{rel}","templated":true}]}}