{"id":29467,"date":"2023-07-02T06:05:12","date_gmt":"2023-07-02T05:05:12","guid":{"rendered":"https:\/\/jensgustafsson.se\/?page_id=29467"},"modified":"2023-07-04T05:44:20","modified_gmt":"2023-07-04T04:44:20","slug":"juni-2023","status":"publish","type":"page","link":"https:\/\/jensgustafsson.se\/?page_id=29467","title":{"rendered":"Juni 2023."},"content":{"rendered":"\n<figure class=\"wp-block-image size-large is-resized\"><img loading=\"lazy\" decoding=\"async\" src=\"https:\/\/media1.jensgustafsson.se\/2023\/07\/DSC_7224-1024x639.jpg\" alt=\"\" class=\"wp-image-29471\" width=\"1024\" height=\"639\" srcset=\"https:\/\/media1.jensgustafsson.se\/2023\/07\/DSC_7224-1024x639.jpg 1024w, https:\/\/media1.jensgustafsson.se\/2023\/07\/DSC_7224-300x187.jpg 300w, https:\/\/media1.jensgustafsson.se\/2023\/07\/DSC_7224-768x479.jpg 768w, https:\/\/media1.jensgustafsson.se\/2023\/07\/DSC_7224-1536x958.jpg 1536w, https:\/\/media1.jensgustafsson.se\/2023\/07\/DSC_7224-2048x1277.jpg 2048w, https:\/\/media1.jensgustafsson.se\/2023\/07\/DSC_7224-481x300.jpg 481w\" sizes=\"auto, (max-width: 1024px) 100vw, 1024px\" \/><\/figure>\n\n\n\n<p class=\"has-blue-color has-light-gray-background-color has-text-color has-background has-medium-font-size\">H\u00e4r kommer en sammanfattning av juni 2023. V\u00e4derdata f\u00f6r \u00e5rets junim\u00e5nad \u00e4r h\u00e4mtade fr\u00e5n min privata v\u00e4derstation h\u00e4r i F\u00e5gelfors. Statistiken som jag anv\u00e4nder och j\u00e4mf\u00f6r mot, \u00e4r h\u00e4mtad fr\u00e5n SMHI:s n\u00e4rmaste m\u00e4tstationer Blankastr\u00f6m, och Drageryd f\u00f6r \u00e5ren 1931-2012. Fr\u00e5n 2013 och fram\u00e5t \u00e4r det min egna, privata v\u00e4derstation som levererar siffrorna. Nuvarande \u201dnormalperiod\u201d som anv\u00e4nds att j\u00e4mf\u00f6ra juni 2023 mot, \u00e4r \u00e5ren 1991-2020. D\u00e4r jag anv\u00e4nder ordet \u201dnormalt\u201d i texterna h\u00e4r, menas allts\u00e5 d\u00e5 medeltalen f\u00f6r referensperioden 1991-2020.<\/p>\n\n\n\n<figure class=\"wp-block-image size-large is-resized\"><img loading=\"lazy\" decoding=\"async\" src=\"https:\/\/media1.jensgustafsson.se\/2023\/07\/DSC_7346-1024x683.jpg\" alt=\"\" class=\"wp-image-29475\" width=\"1024\" height=\"683\" srcset=\"https:\/\/media1.jensgustafsson.se\/2023\/07\/DSC_7346-1024x683.jpg 1024w, https:\/\/media1.jensgustafsson.se\/2023\/07\/DSC_7346-300x200.jpg 300w, https:\/\/media1.jensgustafsson.se\/2023\/07\/DSC_7346-768x512.jpg 768w, https:\/\/media1.jensgustafsson.se\/2023\/07\/DSC_7346-1536x1024.jpg 1536w, https:\/\/media1.jensgustafsson.se\/2023\/07\/DSC_7346-2048x1365.jpg 2048w, https:\/\/media1.jensgustafsson.se\/2023\/07\/DSC_7346-450x300.jpg 450w\" sizes=\"auto, (max-width: 1024px) 100vw, 1024px\" \/><\/figure>\n\n\n\n<p class=\"has-blue-color has-light-gray-background-color has-text-color has-background has-medium-font-size\">Juni i \u00e5r kommer vi nog att minnas som varm, och torr. Regnet som vi g\u00e5ng p\u00e5 g\u00e5ng gavs hopp om att f\u00e5 i prognoserna, kom s\u00e4llan eller aldrig kan man v\u00e4l s\u00e4ga. Jag flikar in en personlig synpunkt h\u00e4r, om dessa prognoser i appar, och \u00f6vriga v\u00e4dersidor som t.ex. SMHI i Sverige, YR.no i Norge och DMI.dk i Danmark. Jag anser att dessa upp till 10-dygnsprognoser, inte fyller n\u00e5gon funktion. Alldeles f\u00f6r svajigt, och siffrorna, d\u00e5 i synnerhet nederb\u00f6rd eller inte, \u00e4ndras p\u00e5 n\u00e5gon timme. Jag f\u00f6rst\u00e5r att det inte \u00e4r enkelt att f\u00f6rutse allt i detta komplexa, som v\u00e4dret \u00e4r, men n\u00e5got som inte fungerar, brukar man ju \u00e5tg\u00e4rda\/f\u00f6r\u00e4ndra p\u00e5 n\u00e5got vis. Lite nyt\u00e4nkande h\u00e4r, borde komma in. Det var lite om detta, nu sl\u00e4pper vi det, och \u00e5terg\u00e5r till juni 2023, och jag b\u00f6rjar med lite om temperaturen i n\u00e4sta stycke.<\/p>\n\n\n\n<figure class=\"wp-block-image size-full is-resized\"><img loading=\"lazy\" decoding=\"async\" src=\"https:\/\/media1.jensgustafsson.se\/2023\/07\/image-3.png\" alt=\"\" class=\"wp-image-29474\" width=\"1024\" height=\"432\" srcset=\"https:\/\/media1.jensgustafsson.se\/2023\/07\/image-3.png 1024w, https:\/\/media1.jensgustafsson.se\/2023\/07\/image-3-300x127.png 300w, https:\/\/media1.jensgustafsson.se\/2023\/07\/image-3-768x324.png 768w, https:\/\/media1.jensgustafsson.se\/2023\/07\/image-3-500x211.png 500w\" sizes=\"auto, (max-width: 1024px) 100vw, 1024px\" \/><\/figure>\n\n\n\n<p class=\"has-blue-color has-light-gray-background-color has-text-color has-background has-medium-font-size\">Som sagt, en varm m\u00e5nad har vi haft, dock ingen rekordm\u00e5nad. Medeltemperaturen blev +17,8 grader, och det \u00e4r 2,4 grader h\u00f6gre \u00e4n normalt. Som vi ser i diagrammet ovan, s\u00e5 hade vi ganska kyliga n\u00e4tter \u00e4nda fram till mitten av m\u00e5naden, och det h\u00f6ll nere medeltemperaturen d\u00e4r. Vi har inte haft minusgrader p\u00e5 termometern n\u00e5gon natt, d\u00e4remot har vi haft markfrost 4 n\u00e4tter. Vi har haft hela 17 dagar med h\u00f6gsommarvarmt, d.v.s. maxtemperatur \u00f6ver +25 grader. Jag sneglar p\u00e5 hur det s\u00e5g ut 2018, som det pratas om att denna sommar kan bli likadan. D\u00e5 hade vi 13 dagar med h\u00f6gsommarv\u00e4rme, och en m\u00e5nadsmedeltemperatur p\u00e5 +18,3 grader. De varmaste junim\u00e5naderna vi haft, var 2019 och 2021, d\u00e5 vi hade +19,3 grader i m\u00e5nadsmedeltemperatur, b\u00e4gge \u00e5ren. Nedanf\u00f6r h\u00e4r l\u00e4gger jag in n\u00e5gra diagram, med n\u00e5gra olika referensperioder, s\u00e5 g\u00e5r det l\u00e4tt att j\u00e4mf\u00f6ra \u00e5rets junim\u00e5nads medeltemperatur med historiska junim\u00e5nader.<\/p>\n\n\n\n<figure class=\"wp-block-image size-large is-resized\"><img loading=\"lazy\" decoding=\"async\" src=\"https:\/\/media1.jensgustafsson.se\/2023\/07\/image-4-1024x438.png\" alt=\"\" class=\"wp-image-29477\" width=\"1024\" height=\"438\" srcset=\"https:\/\/media1.jensgustafsson.se\/2023\/07\/image-4-1024x438.png 1024w, https:\/\/media1.jensgustafsson.se\/2023\/07\/image-4-300x128.png 300w, https:\/\/media1.jensgustafsson.se\/2023\/07\/image-4-768x328.png 768w, https:\/\/media1.jensgustafsson.se\/2023\/07\/image-4-500x214.png 500w, https:\/\/media1.jensgustafsson.se\/2023\/07\/image-4.png 1495w\" sizes=\"auto, (max-width: 1024px) 100vw, 1024px\" \/><\/figure>\n\n\n\n<figure class=\"wp-block-image size-large is-resized\"><img loading=\"lazy\" decoding=\"async\" src=\"https:\/\/media1.jensgustafsson.se\/2023\/07\/image-5-1024x292.png\" alt=\"\" class=\"wp-image-29478\" width=\"1024\" height=\"292\" srcset=\"https:\/\/media1.jensgustafsson.se\/2023\/07\/image-5-1024x292.png 1024w, https:\/\/media1.jensgustafsson.se\/2023\/07\/image-5-300x85.png 300w, https:\/\/media1.jensgustafsson.se\/2023\/07\/image-5-768x219.png 768w, https:\/\/media1.jensgustafsson.se\/2023\/07\/image-5-1536x438.png 1536w, https:\/\/media1.jensgustafsson.se\/2023\/07\/image-5-2048x583.png 2048w, https:\/\/media1.jensgustafsson.se\/2023\/07\/image-5-500x142.png 500w\" sizes=\"auto, (max-width: 1024px) 100vw, 1024px\" \/><\/figure>\n\n\n\n<p class=\"has-blue-color has-light-gray-background-color has-text-color has-background has-medium-font-size\">Nedan ser vi en sammanfattning av lite data fr\u00e5n loggen p\u00e5 min v\u00e4derstation under juni 2023.<\/p>\n\n\n\n<p class=\"has-blue-color has-light-gray-background-color has-text-color has-background has-medium-font-size\">Temperatur (\u00b0C):<br \/>Medel (min+max): 17,8<br \/>Medelminimum: 10,6<br \/>Medelmaximum: 24,9<br \/>Minimum: 1,8 den 2 juni<br \/>Maximum: 29,8 den 25 juni<br \/>H\u00f6gsta minimum: 17,1 den 22 juni<br \/>L\u00e4gsta maximum: 16,3 den 2 juni<br \/>Frostdygn: 0 ( mintemp. under 0\u00b0)<br \/>Markfrost: 4 dygn (mintemp. \u00f6ver 0\u00b0, men frost p\u00e5 marken)<\/p>\n\n\n\n<figure class=\"wp-block-image size-large is-resized\"><img loading=\"lazy\" decoding=\"async\" src=\"https:\/\/media1.jensgustafsson.se\/2023\/07\/DSC_7053-1024x824.jpg\" alt=\"\" class=\"wp-image-29483\" width=\"1024\" height=\"824\" srcset=\"https:\/\/media1.jensgustafsson.se\/2023\/07\/DSC_7053-1024x824.jpg 1024w, https:\/\/media1.jensgustafsson.se\/2023\/07\/DSC_7053-300x241.jpg 300w, https:\/\/media1.jensgustafsson.se\/2023\/07\/DSC_7053-768x618.jpg 768w, https:\/\/media1.jensgustafsson.se\/2023\/07\/DSC_7053-1536x1236.jpg 1536w, https:\/\/media1.jensgustafsson.se\/2023\/07\/DSC_7053-2048x1648.jpg 2048w, https:\/\/media1.jensgustafsson.se\/2023\/07\/DSC_7053-373x300.jpg 373w\" sizes=\"auto, (max-width: 1024px) 100vw, 1024px\" \/><\/figure>\n\n\n\n<figure class=\"wp-block-image size-large is-resized\"><img loading=\"lazy\" decoding=\"async\" src=\"https:\/\/media1.jensgustafsson.se\/2023\/07\/image-6-1024x391.png\" alt=\"\" class=\"wp-image-29482\" width=\"1024\" height=\"391\" srcset=\"https:\/\/media1.jensgustafsson.se\/2023\/07\/image-6-1024x391.png 1024w, https:\/\/media1.jensgustafsson.se\/2023\/07\/image-6-300x115.png 300w, https:\/\/media1.jensgustafsson.se\/2023\/07\/image-6-768x293.png 768w, https:\/\/media1.jensgustafsson.se\/2023\/07\/image-6-1536x586.png 1536w, https:\/\/media1.jensgustafsson.se\/2023\/07\/image-6-500x191.png 500w, https:\/\/media1.jensgustafsson.se\/2023\/07\/image-6.png 1548w\" sizes=\"auto, (max-width: 1024px) 100vw, 1024px\" \/><\/figure>\n\n\n\n<p class=\"has-blue-color has-light-gray-background-color has-text-color has-background has-medium-font-size\">Juni blev tredje m\u00e5naden p\u00e5 raken med nederb\u00f6rdsunderskott i \u00e5r. Knastertorrt \u00f6verallt, och det gick \u00e4nda fram till den 18:e, d\u00e5 vi fick 5 mm regn. Detta var i samband med \u00e5ska p\u00e5 avst\u00e5nd. Sista veckan fick vi lite mera regn, och \u00e4ven \u00e5ska den 26:e, s\u00e5 till slut blev det totalt 28 mm. under m\u00e5naden. 28 mm \u00e4r 54% mindre \u00e4n normalt. \u00c4ven h\u00e4r tittar jag tillbaka p\u00e5 2018. D\u00e4r hade vi exakt samma regnm\u00e4ngd i juni.&nbsp;Precis som jag gjorde med temperaturdiagrammen tidigare, s\u00e5 l\u00e4gger jag in diagram nedan med medelnederb\u00f6rden f\u00f6r juni i n\u00e5gra olika referensperioder, s\u00e5 g\u00e5r det att j\u00e4mf\u00f6ra \u00e5rets junim\u00e5nad mot dem.<\/p>\n\n\n\n<figure class=\"wp-block-image size-large is-resized\"><img loading=\"lazy\" decoding=\"async\" src=\"https:\/\/media1.jensgustafsson.se\/2023\/07\/image-7-1024x360.png\" alt=\"\" class=\"wp-image-29485\" width=\"1024\" height=\"360\" srcset=\"https:\/\/media1.jensgustafsson.se\/2023\/07\/image-7-1024x360.png 1024w, https:\/\/media1.jensgustafsson.se\/2023\/07\/image-7-300x105.png 300w, https:\/\/media1.jensgustafsson.se\/2023\/07\/image-7-768x270.png 768w, https:\/\/media1.jensgustafsson.se\/2023\/07\/image-7-500x176.png 500w, https:\/\/media1.jensgustafsson.se\/2023\/07\/image-7.png 1511w\" sizes=\"auto, (max-width: 1024px) 100vw, 1024px\" \/><\/figure>\n\n\n\n<figure class=\"wp-block-image size-large is-resized\"><img loading=\"lazy\" decoding=\"async\" src=\"https:\/\/media1.jensgustafsson.se\/2023\/07\/image-8-1024x311.png\" alt=\"\" class=\"wp-image-29486\" width=\"1024\" height=\"311\" srcset=\"https:\/\/media1.jensgustafsson.se\/2023\/07\/image-8-1024x311.png 1024w, https:\/\/media1.jensgustafsson.se\/2023\/07\/image-8-300x91.png 300w, https:\/\/media1.jensgustafsson.se\/2023\/07\/image-8-768x233.png 768w, https:\/\/media1.jensgustafsson.se\/2023\/07\/image-8-1536x467.png 1536w, https:\/\/media1.jensgustafsson.se\/2023\/07\/image-8-2048x622.png 2048w, https:\/\/media1.jensgustafsson.se\/2023\/07\/image-8-500x152.png 500w\" sizes=\"auto, (max-width: 1024px) 100vw, 1024px\" \/><\/figure>\n\n\n\n<figure class=\"wp-block-image size-large is-resized\"><img loading=\"lazy\" decoding=\"async\" src=\"https:\/\/media1.jensgustafsson.se\/2023\/07\/DSC_7596-1024x648.jpg\" alt=\"\" class=\"wp-image-29487\" width=\"1024\" height=\"648\" srcset=\"https:\/\/media1.jensgustafsson.se\/2023\/07\/DSC_7596-1024x648.jpg 1024w, https:\/\/media1.jensgustafsson.se\/2023\/07\/DSC_7596-300x190.jpg 300w, https:\/\/media1.jensgustafsson.se\/2023\/07\/DSC_7596-768x486.jpg 768w, https:\/\/media1.jensgustafsson.se\/2023\/07\/DSC_7596-1536x972.jpg 1536w, https:\/\/media1.jensgustafsson.se\/2023\/07\/DSC_7596-2048x1295.jpg 2048w, https:\/\/media1.jensgustafsson.se\/2023\/07\/DSC_7596-474x300.jpg 474w\" sizes=\"auto, (max-width: 1024px) 100vw, 1024px\" \/><\/figure>\n\n\n\n<figure class=\"wp-block-image size-large is-resized\"><img loading=\"lazy\" decoding=\"async\" src=\"https:\/\/media1.jensgustafsson.se\/2023\/07\/image-9-1024x385.png\" alt=\"\" class=\"wp-image-29488\" width=\"1024\" height=\"385\" srcset=\"https:\/\/media1.jensgustafsson.se\/2023\/07\/image-9-1024x385.png 1024w, https:\/\/media1.jensgustafsson.se\/2023\/07\/image-9-300x113.png 300w, https:\/\/media1.jensgustafsson.se\/2023\/07\/image-9-768x289.png 768w, https:\/\/media1.jensgustafsson.se\/2023\/07\/image-9-500x188.png 500w, https:\/\/media1.jensgustafsson.se\/2023\/07\/image-9.png 1527w\" sizes=\"auto, (max-width: 1024px) 100vw, 1024px\" \/><\/figure>\n\n\n\n<p class=\"has-blue-color has-light-gray-background-color has-text-color has-background has-medium-font-size\">F\u00f6rdelningen \u00f6ver vindriktningarna i m\u00e5naden ser vi i stapeldiagrammet h\u00e4r ovanf\u00f6r. Medeltalet i maxvinden i m\u00e5naden blev 5,8 m\/s.<\/p>\n\n\n\n<figure class=\"wp-block-image size-large is-resized\"><img loading=\"lazy\" decoding=\"async\" src=\"https:\/\/media1.jensgustafsson.se\/2023\/07\/DSC_7818-1-1024x980.jpg\" alt=\"\" class=\"wp-image-29489\" width=\"1024\" height=\"980\" srcset=\"https:\/\/media1.jensgustafsson.se\/2023\/07\/DSC_7818-1-1024x980.jpg 1024w, https:\/\/media1.jensgustafsson.se\/2023\/07\/DSC_7818-1-300x287.jpg 300w, https:\/\/media1.jensgustafsson.se\/2023\/07\/DSC_7818-1-768x735.jpg 768w, https:\/\/media1.jensgustafsson.se\/2023\/07\/DSC_7818-1-1536x1471.jpg 1536w, https:\/\/media1.jensgustafsson.se\/2023\/07\/DSC_7818-1-2048x1961.jpg 2048w, https:\/\/media1.jensgustafsson.se\/2023\/07\/DSC_7818-1-313x300.jpg 313w\" sizes=\"auto, (max-width: 1024px) 100vw, 1024px\" \/><\/figure>\n\n\n\n<p class=\"has-blue-color has-light-gray-background-color has-text-color has-background has-medium-font-size\">Som avslutning p\u00e5 juni m\u00e5nads sammanfattning, s\u00e5 funderar jag, hur ligger vi till med nederb\u00f6rd och medeltemperaturen egentligen detta \u00e5r, j\u00e4mf\u00f6rt mot normalperioden? Ja totalt sett efter att halva \u00e5ret har g\u00e5tt (6 m\u00e5nader), s\u00e5 ligger vi faktiskt bara 6% efter med nederb\u00f6rd, j\u00e4mf\u00f6rt med den genomsnittliga nederb\u00f6rdsm\u00e4ngden i referensperioden. Det kan tyckas konstigt, men s\u00e5 \u00e4r det. G\u00e5r man in i statistiken och bryter ner, s\u00e5 ser man hur det varierar upp och ner \u00e5r fr\u00e5n \u00e5r naturligtvis.<\/p>\n\n\n\n<p class=\"has-blue-color has-light-gray-background-color has-text-color has-background has-medium-font-size\">N\u00e4r jag tittar p\u00e5 medeltemperaturen efter att 6 m\u00e5nader g\u00e5tt, s\u00e5 ser jag att vi i \u00e5r ligger 1,3 grader h\u00f6gre, j\u00e4mf\u00f6rt med hur genomsnittet var f\u00f6r samma period i normalperioden, 1991-2020. \u00c4ven h\u00e4r varierar det upp och ner \u00e5r fr\u00e5n \u00e5r ser jag n\u00e4r jag tittar i statistiken. 2018 t.ex. hade vi 0,4 grader l\u00e4gre medeltemperatur under samma period, j\u00e4mf\u00f6rt med i \u00e5r.<\/p>\n\n\n\n<p class=\"has-blue-color has-light-gray-background-color has-text-color has-background has-medium-font-size\">Hur det blir resten av sommaren, och \u00e5ret blir v\u00e4derm\u00e4ssigt, \u00e5terst\u00e5r att se. Vi \u00e4r inne i andra sommarm\u00e5naden av tre, forts\u00e4tt att njut av v\u00e5r svenska sommar.<\/p>\n\n\n\n<figure class=\"wp-block-image size-large is-resized\"><img loading=\"lazy\" decoding=\"async\" src=\"https:\/\/media1.jensgustafsson.se\/2023\/07\/DSC_7840-1024x683.jpg\" alt=\"\" class=\"wp-image-29490\" width=\"1024\" height=\"683\" srcset=\"https:\/\/media1.jensgustafsson.se\/2023\/07\/DSC_7840-1024x683.jpg 1024w, https:\/\/media1.jensgustafsson.se\/2023\/07\/DSC_7840-300x200.jpg 300w, https:\/\/media1.jensgustafsson.se\/2023\/07\/DSC_7840-768x512.jpg 768w, https:\/\/media1.jensgustafsson.se\/2023\/07\/DSC_7840-1536x1024.jpg 1536w, https:\/\/media1.jensgustafsson.se\/2023\/07\/DSC_7840-2048x1365.jpg 2048w, https:\/\/media1.jensgustafsson.se\/2023\/07\/DSC_7840-450x300.jpg 450w\" sizes=\"auto, (max-width: 1024px) 100vw, 1024px\" \/><\/figure>\n","protected":false},"excerpt":{"rendered":"<p>H\u00e4r kommer en sammanfattning av juni 2023. V\u00e4derdata f\u00f6r \u00e5rets junim\u00e5nad \u00e4r h\u00e4mtade fr\u00e5n min privata v\u00e4derstation h\u00e4r i F\u00e5gelfors. Statistiken som jag anv\u00e4nder och j\u00e4mf\u00f6r mot, \u00e4r h\u00e4mtad fr\u00e5n SMHI:s n\u00e4rmaste m\u00e4tstationer Blankastr\u00f6m, och Drageryd f\u00f6r \u00e5ren 1931-2012. Fr\u00e5n &hellip; <a href=\"https:\/\/jensgustafsson.se\/?page_id=29467\">Forts\u00e4tt l\u00e4sa <span class=\"meta-nav\">&rarr;<\/span><\/a><\/p>\n","protected":false},"author":1,"featured_media":29469,"parent":28036,"menu_order":6,"comment_status":"open","ping_status":"closed","template":"","meta":{"footnotes":""},"class_list":["post-29467","page","type-page","status-publish","has-post-thumbnail","hentry"],"_links":{"self":[{"href":"https:\/\/jensgustafsson.se\/index.php?rest_route=\/wp\/v2\/pages\/29467","targetHints":{"allow":["GET"]}}],"collection":[{"href":"https:\/\/jensgustafsson.se\/index.php?rest_route=\/wp\/v2\/pages"}],"about":[{"href":"https:\/\/jensgustafsson.se\/index.php?rest_route=\/wp\/v2\/types\/page"}],"author":[{"embeddable":true,"href":"https:\/\/jensgustafsson.se\/index.php?rest_route=\/wp\/v2\/users\/1"}],"replies":[{"embeddable":true,"href":"https:\/\/jensgustafsson.se\/index.php?rest_route=%2Fwp%2Fv2%2Fcomments&post=29467"}],"version-history":[{"count":10,"href":"https:\/\/jensgustafsson.se\/index.php?rest_route=\/wp\/v2\/pages\/29467\/revisions"}],"predecessor-version":[{"id":29509,"href":"https:\/\/jensgustafsson.se\/index.php?rest_route=\/wp\/v2\/pages\/29467\/revisions\/29509"}],"up":[{"embeddable":true,"href":"https:\/\/jensgustafsson.se\/index.php?rest_route=\/wp\/v2\/pages\/28036"}],"wp:featuredmedia":[{"embeddable":true,"href":"https:\/\/jensgustafsson.se\/index.php?rest_route=\/wp\/v2\/media\/29469"}],"wp:attachment":[{"href":"https:\/\/jensgustafsson.se\/index.php?rest_route=%2Fwp%2Fv2%2Fmedia&parent=29467"}],"curies":[{"name":"wp","href":"https:\/\/api.w.org\/{rel}","templated":true}]}}