{"id":29724,"date":"2023-08-01T05:34:43","date_gmt":"2023-08-01T04:34:43","guid":{"rendered":"https:\/\/jensgustafsson.se\/?page_id=29724"},"modified":"2023-08-01T05:39:39","modified_gmt":"2023-08-01T04:39:39","slug":"juli-2023","status":"publish","type":"page","link":"https:\/\/jensgustafsson.se\/?page_id=29724","title":{"rendered":"Juli 2023."},"content":{"rendered":"\n<p class=\"has-blue-color has-white-background-color has-text-color has-background has-medium-font-size\">   <em> H\u00e4r kommer en sammanfattning av juli 2023. V\u00e4derdata f\u00f6r \u00e5rets julim\u00e5nad \u00e4r h\u00e4mtade fr\u00e5n min privata v\u00e4derstation h\u00e4r i F\u00e5gelfors. Statistiken som jag anv\u00e4nder och j\u00e4mf\u00f6r mot, \u00e4r h\u00e4mtad fr\u00e5n SMHI:s n\u00e4rmaste m\u00e4tstationer Blankastr\u00f6m, och Drageryd f\u00f6r \u00e5ren 1931-2012. Fr\u00e5n 2013 och fram\u00e5t \u00e4r det min egna, privata v\u00e4derstation som levererar siffrorna. Nuvarande \u201dnormalperiod\u201d som anv\u00e4nds att j\u00e4mf\u00f6ra juli 2023 mot, \u00e4r \u00e5ren 1991-2020. D\u00e4r jag anv\u00e4nder ordet \u201dnormalt\u201d i texterna h\u00e4r, menas allts\u00e5 d\u00e5 medeltalen f\u00f6r referensperioden 1991-2020.<\/em><\/p>\n\n\n\n<figure class=\"wp-block-image size-large\"><img loading=\"lazy\" decoding=\"async\" width=\"1024\" height=\"741\" src=\"https:\/\/media1.jensgustafsson.se\/2023\/08\/DSC_8062-1024x741.jpg\" alt=\"\" class=\"wp-image-29763\" srcset=\"https:\/\/media1.jensgustafsson.se\/2023\/08\/DSC_8062-1024x741.jpg 1024w, https:\/\/media1.jensgustafsson.se\/2023\/08\/DSC_8062-300x217.jpg 300w, https:\/\/media1.jensgustafsson.se\/2023\/08\/DSC_8062-768x556.jpg 768w, https:\/\/media1.jensgustafsson.se\/2023\/08\/DSC_8062-1536x1112.jpg 1536w, https:\/\/media1.jensgustafsson.se\/2023\/08\/DSC_8062-2048x1483.jpg 2048w, https:\/\/media1.jensgustafsson.se\/2023\/08\/DSC_8062-414x300.jpg 414w\" sizes=\"auto, (max-width: 1024px) 100vw, 1024px\" \/><\/figure>\n\n\n\n<figure class=\"wp-block-image size-large is-resized\"><img loading=\"lazy\" decoding=\"async\" src=\"https:\/\/media1.jensgustafsson.se\/2023\/08\/image-1024x423.png\" alt=\"\" class=\"wp-image-29747\" width=\"768\" height=\"317\" srcset=\"https:\/\/media1.jensgustafsson.se\/2023\/08\/image-1024x423.png 1024w, https:\/\/media1.jensgustafsson.se\/2023\/08\/image-300x124.png 300w, https:\/\/media1.jensgustafsson.se\/2023\/08\/image-768x317.png 768w, https:\/\/media1.jensgustafsson.se\/2023\/08\/image-1536x635.png 1536w, https:\/\/media1.jensgustafsson.se\/2023\/08\/image-500x207.png 500w, https:\/\/media1.jensgustafsson.se\/2023\/08\/image.png 1934w\" sizes=\"auto, (max-width: 768px) 100vw, 768px\" \/><figcaption class=\"wp-element-caption\"><strong><em>Slutresultatet av min-\/maxtemperaturerna blev en ganska normal julim\u00e5nad, temperaturm\u00e4ssigt.<\/em><\/strong><\/figcaption><\/figure>\n\n\n\n<p class=\"has-blue-color has-white-background-color has-text-color has-background has-medium-font-size\"> <em>  Temperaturm\u00e4ssigt blev inte julim\u00e5naden som det befarades, eller som en del f\u00f6rv\u00e4ntade sig kanske. M\u00e5nadsmedeltemperaturen blev +17,4 grader, och det \u00e4r 0,2 grader l\u00e4gre \u00e4n normalt. Jag g\u00f6r ocks\u00e5 en j\u00e4mf\u00f6relse mot 2018, som vi hade rekordvarmt i juli, d\u00e5 blev medeltemperaturen +21,9 grader, allts\u00e5 en v\u00e4sentlig skillnad mot i \u00e5r. 8 dagar har vi haft med h\u00f6gsommarv\u00e4rme, allts\u00e5 maxtemperatur \u00f6ver +25 grader. Jag l\u00e4gger in ett diagram nedan med antal h\u00f6gsommarvarma dagar vi haft respektive \u00e5r under perioden 2013-2023.<\/em><\/p>\n\n\n\n<figure class=\"wp-block-image size-large\"><img loading=\"lazy\" decoding=\"async\" width=\"1024\" height=\"440\" src=\"https:\/\/media1.jensgustafsson.se\/2023\/08\/image-1-1024x440.png\" alt=\"\" class=\"wp-image-29748\" srcset=\"https:\/\/media1.jensgustafsson.se\/2023\/08\/image-1-1024x440.png 1024w, https:\/\/media1.jensgustafsson.se\/2023\/08\/image-1-300x129.png 300w, https:\/\/media1.jensgustafsson.se\/2023\/08\/image-1-768x330.png 768w, https:\/\/media1.jensgustafsson.se\/2023\/08\/image-1-500x215.png 500w, https:\/\/media1.jensgustafsson.se\/2023\/08\/image-1.png 1380w\" sizes=\"auto, (max-width: 1024px) 100vw, 1024px\" \/><\/figure>\n\n\n\n<p class=\"has-blue-color has-white-background-color has-text-color has-background has-medium-font-size\">  <em>Som vanligt, s\u00e5 l\u00e4gger jag in n\u00e5gra temperaturdiagram h\u00e4r nedanf\u00f6r, som visar medeltemperaturen i juli under n\u00e5gra olika referensperioder.<\/em><\/p>\n\n\n\n<figure class=\"wp-block-image size-large is-resized\"><img loading=\"lazy\" decoding=\"async\" src=\"https:\/\/media1.jensgustafsson.se\/2023\/08\/image-2-1024x468.png\" alt=\"\" class=\"wp-image-29750\" width=\"768\" height=\"351\" srcset=\"https:\/\/media1.jensgustafsson.se\/2023\/08\/image-2-1024x468.png 1024w, https:\/\/media1.jensgustafsson.se\/2023\/08\/image-2-300x137.png 300w, https:\/\/media1.jensgustafsson.se\/2023\/08\/image-2-768x351.png 768w, https:\/\/media1.jensgustafsson.se\/2023\/08\/image-2-500x228.png 500w, https:\/\/media1.jensgustafsson.se\/2023\/08\/image-2.png 1434w\" sizes=\"auto, (max-width: 768px) 100vw, 768px\" \/><\/figure>\n\n\n\n<figure class=\"wp-block-image size-large is-resized\"><img loading=\"lazy\" decoding=\"async\" src=\"https:\/\/media1.jensgustafsson.se\/2023\/08\/image-3-1024x416.png\" alt=\"\" class=\"wp-image-29751\" width=\"768\" height=\"312\" srcset=\"https:\/\/media1.jensgustafsson.se\/2023\/08\/image-3-1024x416.png 1024w, https:\/\/media1.jensgustafsson.se\/2023\/08\/image-3-300x122.png 300w, https:\/\/media1.jensgustafsson.se\/2023\/08\/image-3-768x312.png 768w, https:\/\/media1.jensgustafsson.se\/2023\/08\/image-3-1536x624.png 1536w, https:\/\/media1.jensgustafsson.se\/2023\/08\/image-3-2048x832.png 2048w, https:\/\/media1.jensgustafsson.se\/2023\/08\/image-3-500x203.png 500w\" sizes=\"auto, (max-width: 768px) 100vw, 768px\" \/><\/figure>\n\n\n\n<p class=\"has-blue-color has-white-background-color has-text-color has-background has-medium-font-size\">  <em>Nedan ser vi en sammanfattning av lite data fr\u00e5n loggen p\u00e5 min v\u00e4derstation under juli 2023.<\/em><\/p>\n\n\n\n<p class=\"has-blue-color has-white-background-color has-text-color has-background has-medium-font-size\"><em>Temperatur (\u00b0C):<br \/>Medel (min+max): 17,4<br \/>Medelminimum: 11,7<br \/>Medelmaximum: 22,9<br \/>Minimum: +7,2 den 22 juli<br \/>Maximum: +28,4 den 9 juli<br \/>H\u00f6gsta minimum: +15,9 den 16 juli<br \/>L\u00e4gsta maximum: +18,6 den 4 juli<\/em><\/p>\n\n\n\n<figure class=\"wp-block-image size-large\"><img loading=\"lazy\" decoding=\"async\" width=\"1024\" height=\"683\" src=\"https:\/\/media1.jensgustafsson.se\/2023\/08\/DSC_8318-1024x683.jpg\" alt=\"\" class=\"wp-image-29764\" srcset=\"https:\/\/media1.jensgustafsson.se\/2023\/08\/DSC_8318-1024x683.jpg 1024w, https:\/\/media1.jensgustafsson.se\/2023\/08\/DSC_8318-300x200.jpg 300w, https:\/\/media1.jensgustafsson.se\/2023\/08\/DSC_8318-768x512.jpg 768w, https:\/\/media1.jensgustafsson.se\/2023\/08\/DSC_8318-1536x1024.jpg 1536w, https:\/\/media1.jensgustafsson.se\/2023\/08\/DSC_8318-2048x1365.jpg 2048w, https:\/\/media1.jensgustafsson.se\/2023\/08\/DSC_8318-450x300.jpg 450w\" sizes=\"auto, (max-width: 1024px) 100vw, 1024px\" \/><\/figure>\n\n\n\n<figure class=\"wp-block-image size-large is-resized\"><img loading=\"lazy\" decoding=\"async\" src=\"https:\/\/media1.jensgustafsson.se\/2023\/08\/image-4-1024x402.png\" alt=\"\" class=\"wp-image-29752\" width=\"768\" height=\"302\" srcset=\"https:\/\/media1.jensgustafsson.se\/2023\/08\/image-4-1024x402.png 1024w, https:\/\/media1.jensgustafsson.se\/2023\/08\/image-4-300x118.png 300w, https:\/\/media1.jensgustafsson.se\/2023\/08\/image-4-768x302.png 768w, https:\/\/media1.jensgustafsson.se\/2023\/08\/image-4-500x196.png 500w, https:\/\/media1.jensgustafsson.se\/2023\/08\/image-4.png 1476w\" sizes=\"auto, (max-width: 768px) 100vw, 768px\" \/><\/figure>\n\n\n\n<p class=\"has-blue-color has-white-background-color has-text-color has-background has-medium-font-size\">  <em>Regn har vi f\u00e5tt 55 mm totalt. Det \u00e4r 74% av den normala nederb\u00f6rden i juli. Regnet har f\u00f6rdelat sig p\u00e5 17 dagar \u00f6ver de 31 dagarna i juli. Vid 3 tillf\u00e4llen har \u00e5ska varit inblandad i regnet, dock inget \u00e5skv\u00e4der som dragit \u00f6ver F\u00e5gelfors. Jag l\u00e4gger in diagram \u00f6ver regnm\u00e4ngder f\u00f6r juli i n\u00e5gra diagram nedan, s\u00e5 g\u00e5r det l\u00e4tt att f\u00f6lja hur juli sett ut historiskt. \u00c5ret som sticker ut, \u00e4r 2003, d\u00e5 vi hade rekordmycket regn i juli.<\/em><\/p>\n\n\n\n<figure class=\"wp-block-image size-large is-resized\"><img loading=\"lazy\" decoding=\"async\" src=\"https:\/\/media1.jensgustafsson.se\/2023\/08\/image-5-1024x380.png\" alt=\"\" class=\"wp-image-29753\" width=\"768\" height=\"285\" srcset=\"https:\/\/media1.jensgustafsson.se\/2023\/08\/image-5-1024x380.png 1024w, https:\/\/media1.jensgustafsson.se\/2023\/08\/image-5-300x111.png 300w, https:\/\/media1.jensgustafsson.se\/2023\/08\/image-5-768x285.png 768w, https:\/\/media1.jensgustafsson.se\/2023\/08\/image-5-500x185.png 500w, https:\/\/media1.jensgustafsson.se\/2023\/08\/image-5.png 1451w\" sizes=\"auto, (max-width: 768px) 100vw, 768px\" \/><\/figure>\n\n\n\n<figure class=\"wp-block-image size-large is-resized\"><img loading=\"lazy\" decoding=\"async\" src=\"https:\/\/media1.jensgustafsson.se\/2023\/08\/image-6-1024x370.png\" alt=\"\" class=\"wp-image-29754\" width=\"768\" height=\"278\" srcset=\"https:\/\/media1.jensgustafsson.se\/2023\/08\/image-6-1024x370.png 1024w, https:\/\/media1.jensgustafsson.se\/2023\/08\/image-6-300x108.png 300w, https:\/\/media1.jensgustafsson.se\/2023\/08\/image-6-768x278.png 768w, https:\/\/media1.jensgustafsson.se\/2023\/08\/image-6-1536x555.png 1536w, https:\/\/media1.jensgustafsson.se\/2023\/08\/image-6-2048x740.png 2048w, https:\/\/media1.jensgustafsson.se\/2023\/08\/image-6-500x181.png 500w\" sizes=\"auto, (max-width: 768px) 100vw, 768px\" \/><\/figure>\n\n\n\n<figure class=\"wp-block-image size-large\"><img loading=\"lazy\" decoding=\"async\" width=\"1024\" height=\"610\" src=\"https:\/\/media1.jensgustafsson.se\/2023\/08\/DSC_8235-2-1024x610.jpg\" alt=\"\" class=\"wp-image-29765\" srcset=\"https:\/\/media1.jensgustafsson.se\/2023\/08\/DSC_8235-2-1024x610.jpg 1024w, https:\/\/media1.jensgustafsson.se\/2023\/08\/DSC_8235-2-300x179.jpg 300w, https:\/\/media1.jensgustafsson.se\/2023\/08\/DSC_8235-2-768x457.jpg 768w, https:\/\/media1.jensgustafsson.se\/2023\/08\/DSC_8235-2-1536x914.jpg 1536w, https:\/\/media1.jensgustafsson.se\/2023\/08\/DSC_8235-2-2048x1219.jpg 2048w, https:\/\/media1.jensgustafsson.se\/2023\/08\/DSC_8235-2-500x298.jpg 500w\" sizes=\"auto, (max-width: 1024px) 100vw, 1024px\" \/><\/figure>\n\n\n\n<figure class=\"wp-block-image size-large is-resized\"><img loading=\"lazy\" decoding=\"async\" src=\"https:\/\/media1.jensgustafsson.se\/2023\/08\/image-7-1024x411.png\" alt=\"\" class=\"wp-image-29755\" width=\"768\" height=\"308\" srcset=\"https:\/\/media1.jensgustafsson.se\/2023\/08\/image-7-1024x411.png 1024w, https:\/\/media1.jensgustafsson.se\/2023\/08\/image-7-300x120.png 300w, https:\/\/media1.jensgustafsson.se\/2023\/08\/image-7-768x308.png 768w, https:\/\/media1.jensgustafsson.se\/2023\/08\/image-7-500x201.png 500w, https:\/\/media1.jensgustafsson.se\/2023\/08\/image-7.png 1467w\" sizes=\"auto, (max-width: 768px) 100vw, 768px\" \/><\/figure>\n\n\n\n<p class=\"has-blue-color has-light-gray-background-color has-text-color has-background has-medium-font-size\"><em>F\u00f6rdelningen \u00f6ver vindriktningarna i m\u00e5naden ser vi i stapeldiagrammet h\u00e4r ovanf\u00f6r. Som vi ser, har de sydv\u00e4stliga vindarna dominerat. Noterbart \u00e4r ocks\u00e5 att vinden varit k\u00e4nnbar denna m\u00e5nad, m\u00e5nga bl\u00e5siga dagar. Medeltalet i maxvinden i m\u00e5naden blev 7,5 m\/s.<\/em><\/p>\n\n\n\n<figure class=\"wp-block-image size-large\"><img loading=\"lazy\" decoding=\"async\" width=\"1024\" height=\"683\" src=\"https:\/\/media1.jensgustafsson.se\/2023\/08\/DSC_8683-1024x683.jpg\" alt=\"\" class=\"wp-image-29766\" srcset=\"https:\/\/media1.jensgustafsson.se\/2023\/08\/DSC_8683-1024x683.jpg 1024w, https:\/\/media1.jensgustafsson.se\/2023\/08\/DSC_8683-300x200.jpg 300w, https:\/\/media1.jensgustafsson.se\/2023\/08\/DSC_8683-768x512.jpg 768w, https:\/\/media1.jensgustafsson.se\/2023\/08\/DSC_8683-1536x1024.jpg 1536w, https:\/\/media1.jensgustafsson.se\/2023\/08\/DSC_8683-2048x1366.jpg 2048w, https:\/\/media1.jensgustafsson.se\/2023\/08\/DSC_8683-450x300.jpg 450w\" sizes=\"auto, (max-width: 1024px) 100vw, 1024px\" \/><\/figure>\n\n\n\n<p class=\"has-blue-color has-white-background-color has-text-color has-background has-medium-font-size\"><em>  Sammanfattningsvis, s\u00e5 blev juli d\u00e5 aningen svalare \u00e4n normalt, och regnm\u00e4ssigt inte helt katastrofalt underskott heller. Det \u00e4r m\u00e5nga \u00f6nskningar hur v\u00e4dret ska vara i semestertider, och de flesta verkar v\u00e4l vilja ha sol och v\u00e4rme. Media gillar ju att m\u00e5la upp scenarier hur v\u00e4dret ska bli, och det skrevs om v\u00e4rme och torka likt 2018. Nu blandar de g\u00e4rna \u00e4pplen och p\u00e4ron i sina rubriker, och katastrofiserande utm\u00e5lningar ibland. En del g\u00e5nger skriver de att sommaren kan bli som 2018. Media h\u00e4mtar sina uppgifter fr\u00e5n olika k\u00e4llor, (v\u00e4derinstitut m.m.) och sedan styrs och st\u00e4lls det lite med hur man tolkar infon de f\u00e5r (mitt personliga intryck). Sommaren best\u00e5r av tre m\u00e5nader, juni, juli och augusti. I \u00e5r fick vi en varm junim\u00e5nad, med ett temperatur\u00f6verskott mot det normala. Julim\u00e5naden gav ett temperaturunderskott, och f\u00f6rst efter att augusti har passerat, kan vi ha siffror p\u00e5 hur sommaren 2023 blev. Augusti kan bli varm, och den kan bli sval, det \u00e5terst\u00e5r att se. Om nu media menade enbart julim\u00e5naden skulle bli lika varm som 2018 \u00e5rs julim\u00e5nad, s\u00e5 blev det inte ens taveltr\u00e4ff p\u00e5 den prognosen. Vi f\u00e5r f\u00f6rs\u00f6ka h\u00e5lla lite balans i det h\u00e4r med prognoser och verklighet, och verkligheten blev att julim\u00e5naden blev ganska normal, b\u00e5de med v\u00e4rme och regn och det k\u00e4nns sk\u00f6nt tycker jag.<\/em><\/p>\n\n\n\n<figure class=\"wp-block-image size-large\"><img loading=\"lazy\" decoding=\"async\" width=\"1024\" height=\"911\" src=\"https:\/\/media1.jensgustafsson.se\/2023\/08\/DSC_8364-1024x911.jpg\" alt=\"\" class=\"wp-image-29767\" srcset=\"https:\/\/media1.jensgustafsson.se\/2023\/08\/DSC_8364-1024x911.jpg 1024w, https:\/\/media1.jensgustafsson.se\/2023\/08\/DSC_8364-300x267.jpg 300w, https:\/\/media1.jensgustafsson.se\/2023\/08\/DSC_8364-768x683.jpg 768w, https:\/\/media1.jensgustafsson.se\/2023\/08\/DSC_8364-1536x1366.jpg 1536w, https:\/\/media1.jensgustafsson.se\/2023\/08\/DSC_8364-337x300.jpg 337w, https:\/\/media1.jensgustafsson.se\/2023\/08\/DSC_8364.jpg 1890w\" sizes=\"auto, (max-width: 1024px) 100vw, 1024px\" \/><\/figure>\n","protected":false},"excerpt":{"rendered":"<p>H\u00e4r kommer en sammanfattning av juli 2023. V\u00e4derdata f\u00f6r \u00e5rets julim\u00e5nad \u00e4r h\u00e4mtade fr\u00e5n min privata v\u00e4derstation h\u00e4r i F\u00e5gelfors. Statistiken som jag anv\u00e4nder och j\u00e4mf\u00f6r mot, \u00e4r h\u00e4mtad fr\u00e5n SMHI:s n\u00e4rmaste m\u00e4tstationer Blankastr\u00f6m, och Drageryd f\u00f6r \u00e5ren 1931-2012. Fr\u00e5n &hellip; <a href=\"https:\/\/jensgustafsson.se\/?page_id=29724\">Forts\u00e4tt l\u00e4sa <span class=\"meta-nav\">&rarr;<\/span><\/a><\/p>\n","protected":false},"author":1,"featured_media":29725,"parent":28036,"menu_order":7,"comment_status":"open","ping_status":"closed","template":"","meta":{"footnotes":""},"class_list":["post-29724","page","type-page","status-publish","has-post-thumbnail","hentry"],"_links":{"self":[{"href":"https:\/\/jensgustafsson.se\/index.php?rest_route=\/wp\/v2\/pages\/29724","targetHints":{"allow":["GET"]}}],"collection":[{"href":"https:\/\/jensgustafsson.se\/index.php?rest_route=\/wp\/v2\/pages"}],"about":[{"href":"https:\/\/jensgustafsson.se\/index.php?rest_route=\/wp\/v2\/types\/page"}],"author":[{"embeddable":true,"href":"https:\/\/jensgustafsson.se\/index.php?rest_route=\/wp\/v2\/users\/1"}],"replies":[{"embeddable":true,"href":"https:\/\/jensgustafsson.se\/index.php?rest_route=%2Fwp%2Fv2%2Fcomments&post=29724"}],"version-history":[{"count":25,"href":"https:\/\/jensgustafsson.se\/index.php?rest_route=\/wp\/v2\/pages\/29724\/revisions"}],"predecessor-version":[{"id":29770,"href":"https:\/\/jensgustafsson.se\/index.php?rest_route=\/wp\/v2\/pages\/29724\/revisions\/29770"}],"up":[{"embeddable":true,"href":"https:\/\/jensgustafsson.se\/index.php?rest_route=\/wp\/v2\/pages\/28036"}],"wp:featuredmedia":[{"embeddable":true,"href":"https:\/\/jensgustafsson.se\/index.php?rest_route=\/wp\/v2\/media\/29725"}],"wp:attachment":[{"href":"https:\/\/jensgustafsson.se\/index.php?rest_route=%2Fwp%2Fv2%2Fmedia&parent=29724"}],"curies":[{"name":"wp","href":"https:\/\/api.w.org\/{rel}","templated":true}]}}