{"id":29984,"date":"2023-09-03T08:56:09","date_gmt":"2023-09-03T07:56:09","guid":{"rendered":"https:\/\/jensgustafsson.se\/?page_id=29984"},"modified":"2023-09-03T13:29:20","modified_gmt":"2023-09-03T12:29:20","slug":"augusti-2023","status":"publish","type":"page","link":"https:\/\/jensgustafsson.se\/?page_id=29984","title":{"rendered":"Augusti 2023."},"content":{"rendered":"\n<p class=\"has-blue-color has-white-background-color has-text-color has-background has-medium-font-size\"><em>H\u00e4r kommer en sammanfattning av augusti 2023. V\u00e4derdata f\u00f6r \u00e5rets augustim\u00e5nad \u00e4r h\u00e4mtade fr\u00e5n min privata v\u00e4derstation h\u00e4r i F\u00e5gelfors. Statistiken som jag anv\u00e4nder och j\u00e4mf\u00f6r mot, \u00e4r h\u00e4mtad fr\u00e5n SMHI:s n\u00e4rmaste m\u00e4tstationer Blankastr\u00f6m, och Drageryd f\u00f6r \u00e5ren 1931-2012. Fr\u00e5n 2013 och fram\u00e5t \u00e4r det min egna, privata v\u00e4derstation som levererar siffrorna. Nuvarande \u201dnormalperiod\u201d som anv\u00e4nds att j\u00e4mf\u00f6ra augusti 2023 mot, \u00e4r \u00e5ren 1991-2020. D\u00e4r jag anv\u00e4nder ordet \u201dnormalt\u201d i texterna h\u00e4r, menas allts\u00e5 d\u00e5 medeltalen f\u00f6r referensperioden 1991-2020.<\/em><\/p>\n\n\n\n<figure class=\"wp-block-image size-large\"><img loading=\"lazy\" decoding=\"async\" width=\"1024\" height=\"752\" src=\"https:\/\/media1.jensgustafsson.se\/2023\/08\/DSC_8783-1024x752.jpg\" alt=\"\" class=\"wp-image-29989\" srcset=\"https:\/\/media1.jensgustafsson.se\/2023\/08\/DSC_8783-1024x752.jpg 1024w, https:\/\/media1.jensgustafsson.se\/2023\/08\/DSC_8783-300x220.jpg 300w, https:\/\/media1.jensgustafsson.se\/2023\/08\/DSC_8783-768x564.jpg 768w, https:\/\/media1.jensgustafsson.se\/2023\/08\/DSC_8783-1536x1127.jpg 1536w, https:\/\/media1.jensgustafsson.se\/2023\/08\/DSC_8783-2048x1503.jpg 2048w, https:\/\/media1.jensgustafsson.se\/2023\/08\/DSC_8783-409x300.jpg 409w\" sizes=\"auto, (max-width: 1024px) 100vw, 1024px\" \/><\/figure>\n\n\n\n<figure class=\"wp-block-image size-large is-resized\"><img loading=\"lazy\" decoding=\"async\" src=\"https:\/\/media1.jensgustafsson.se\/2023\/09\/image-1024x422.png\" alt=\"\" class=\"wp-image-29997\" style=\"width:684px;height:282px\" width=\"684\" height=\"282\" srcset=\"https:\/\/media1.jensgustafsson.se\/2023\/09\/image-1024x422.png 1024w, https:\/\/media1.jensgustafsson.se\/2023\/09\/image-300x124.png 300w, https:\/\/media1.jensgustafsson.se\/2023\/09\/image-768x316.png 768w, https:\/\/media1.jensgustafsson.se\/2023\/09\/image-1536x633.png 1536w, https:\/\/media1.jensgustafsson.se\/2023\/09\/image-2048x844.png 2048w, https:\/\/media1.jensgustafsson.se\/2023\/09\/image-500x206.png 500w\" sizes=\"auto, (max-width: 684px) 100vw, 684px\" \/><\/figure>\n\n\n\n<p class=\"has-blue-color has-white-background-color has-text-color has-background has-medium-font-size\"><em>\u00c5rets augusti blev aningen varmare j\u00e4mf\u00f6rt mot normalt.M\u00e5nadsmedeltemperaturen blev +17,1 grader , och det \u00e4r 0,5 grader h\u00f6gre \u00e4n normalt. 3 dagar med h\u00f6gsommarv\u00e4rme (maxtemperatur \u00f6ver +25 grader) fick vi. Jag ordar inte s\u00e5 mycket mera om dagstemperaturerna, f\u00f6r det g\u00e5r att utl\u00e4sa i mitt stapeldiagram ovan, d\u00e4r varje dags min-och maxtemperatur st\u00e5r. <\/em><\/p>\n\n\n\n<p class=\"has-blue-color has-white-background-color has-text-color has-background has-medium-font-size\"><em>Diagrammen nedan visar dels n\u00e5gra olika referensperioder, och s\u00e5 den nu g\u00e4llande normalperioden 1991-2020, d\u00e4r det g\u00e5r att se varje \u00e5rs augustim\u00e5nads medeltemperatur.<\/em><\/p>\n\n\n\n<figure class=\"wp-block-image size-large is-resized\"><img loading=\"lazy\" decoding=\"async\" src=\"https:\/\/media1.jensgustafsson.se\/2023\/09\/image-1-1024x463.png\" alt=\"\" class=\"wp-image-29998\" style=\"width:759px;height:344px\" width=\"759\" height=\"344\" srcset=\"https:\/\/media1.jensgustafsson.se\/2023\/09\/image-1-1024x463.png 1024w, https:\/\/media1.jensgustafsson.se\/2023\/09\/image-1-300x136.png 300w, https:\/\/media1.jensgustafsson.se\/2023\/09\/image-1-768x347.png 768w, https:\/\/media1.jensgustafsson.se\/2023\/09\/image-1-500x226.png 500w, https:\/\/media1.jensgustafsson.se\/2023\/09\/image-1.png 1434w\" sizes=\"auto, (max-width: 759px) 100vw, 759px\" \/><figcaption class=\"wp-element-caption\"><strong><em>Referensperioderna 1931-1960, 1961-1990, 1981-2010, 1991-2020 \u00e4r medelv\u00e4rdet i en 30-\u00e5rig m\u00e4tserie. 2011-2020 \u00e4r 10 \u00e5rs medelv\u00e4rde, och s\u00e5 \u00e5rets augusti l\u00e4ngst till h\u00f6ger.<\/em><\/strong><\/figcaption><\/figure>\n\n\n\n<figure class=\"wp-block-image size-large is-resized\"><img loading=\"lazy\" decoding=\"async\" src=\"https:\/\/media1.jensgustafsson.se\/2023\/09\/image-3-1024x350.png\" alt=\"\" class=\"wp-image-30000\" style=\"width:755px;height:258px\" width=\"755\" height=\"258\" srcset=\"https:\/\/media1.jensgustafsson.se\/2023\/09\/image-3-1024x350.png 1024w, https:\/\/media1.jensgustafsson.se\/2023\/09\/image-3-300x103.png 300w, https:\/\/media1.jensgustafsson.se\/2023\/09\/image-3-768x262.png 768w, https:\/\/media1.jensgustafsson.se\/2023\/09\/image-3-1536x525.png 1536w, https:\/\/media1.jensgustafsson.se\/2023\/09\/image-3-2048x700.png 2048w, https:\/\/media1.jensgustafsson.se\/2023\/09\/image-3-500x171.png 500w\" sizes=\"auto, (max-width: 755px) 100vw, 755px\" \/><figcaption class=\"wp-element-caption\"><strong><em>Nuvarande normalperiod, och d\u00e4rut\u00f6ver \u00e4r \u00e5ren 2021, 2022 och 2023 tillagda.<\/em><\/strong><\/figcaption><\/figure>\n\n\n\n<p class=\"has-blue-color has-white-background-color has-text-color has-background has-medium-font-size\"><em>Nedan ser vi en sammanfattning av lite data fr\u00e5n loggen p\u00e5 min v\u00e4derstation under augusti 2023.<\/em><\/p>\n\n\n\n<p class=\"has-blue-color has-white-background-color has-text-color has-background has-medium-font-size\"><em><strong>Temperatur (\u00b0C):<br \/>Medel (min+max): 17,1<br \/>Medelminimum: 12,7<br \/>Medelmaximum: 22,1<br \/>Minimum: +7,8 den 29 augusti.<br \/>Maximum: +27,4 den 15 augusti.<br \/>H\u00f6gsta minimum: +16,1 den 19 augusti.<br \/>L\u00e4gsta maximum: +15,6 den 25 augusti.<\/strong><\/em><\/p>\n\n\n\n<figure class=\"wp-block-image size-large\"><img loading=\"lazy\" decoding=\"async\" width=\"1024\" height=\"683\" src=\"https:\/\/media1.jensgustafsson.se\/2023\/09\/DSC_8850-1024x683.jpg\" alt=\"\" class=\"wp-image-30025\" srcset=\"https:\/\/media1.jensgustafsson.se\/2023\/09\/DSC_8850-1024x683.jpg 1024w, https:\/\/media1.jensgustafsson.se\/2023\/09\/DSC_8850-300x200.jpg 300w, https:\/\/media1.jensgustafsson.se\/2023\/09\/DSC_8850-768x512.jpg 768w, https:\/\/media1.jensgustafsson.se\/2023\/09\/DSC_8850-1536x1024.jpg 1536w, https:\/\/media1.jensgustafsson.se\/2023\/09\/DSC_8850-2048x1365.jpg 2048w, https:\/\/media1.jensgustafsson.se\/2023\/09\/DSC_8850-450x300.jpg 450w\" sizes=\"auto, (max-width: 1024px) 100vw, 1024px\" \/><\/figure>\n\n\n\n<figure class=\"wp-block-image size-large\"><img loading=\"lazy\" decoding=\"async\" width=\"1024\" height=\"402\" src=\"https:\/\/media1.jensgustafsson.se\/2023\/09\/image-4-1024x402.png\" alt=\"\" class=\"wp-image-30001\" srcset=\"https:\/\/media1.jensgustafsson.se\/2023\/09\/image-4-1024x402.png 1024w, https:\/\/media1.jensgustafsson.se\/2023\/09\/image-4-300x118.png 300w, https:\/\/media1.jensgustafsson.se\/2023\/09\/image-4-768x302.png 768w, https:\/\/media1.jensgustafsson.se\/2023\/09\/image-4-500x196.png 500w, https:\/\/media1.jensgustafsson.se\/2023\/09\/image-4.png 1476w\" sizes=\"auto, (max-width: 1024px) 100vw, 1024px\" \/><\/figure>\n\n\n\n<p class=\"has-blue-color has-white-background-color has-text-color has-background has-medium-font-size\"><em>75 millimeter regn, f\u00f6rdelat \u00f6ver 16 dygn har vi f\u00e5tt i augusti. Det betyder att vi f\u00e5tt 119% av den normala regnm\u00e4ngden i augusti f\u00f6r v\u00e5r del. \u00c5ska har registreras vid 2 tillf\u00e4llen, dock p\u00e5 avst\u00e5nd. Regnet var v\u00e4lkommet, eftersom vi haft nederb\u00f6rdsunderskott n\u00e5gra m\u00e5nader nu. Regnet tillsammans med en lagom v\u00e4rme, har bidragit till att svamparna kommit ig\u00e5ng ordentligt. Det har ocks\u00e5 gjort att gr\u00f6nskan \u00e5terv\u00e4nt sakta men s\u00e4kert, p\u00e5 de platser d\u00e4r det varit brunbr\u00e4nt.<\/em> <em>Jag l\u00e4gger in siffror p\u00e5 regnm\u00e4ngder f\u00f6r augusti i n\u00e5gra diagram nedan, s\u00e5 g\u00e5r det l\u00e4tt att f\u00f6lja hur augustim\u00e5naden sett ut historiskt. <\/em><\/p>\n\n\n\n<figure class=\"wp-block-image size-large is-resized\"><img loading=\"lazy\" decoding=\"async\" src=\"https:\/\/media1.jensgustafsson.se\/2023\/09\/image-5-1024x380.png\" alt=\"\" class=\"wp-image-30002\" style=\"width:794px;height:295px\" width=\"794\" height=\"295\" srcset=\"https:\/\/media1.jensgustafsson.se\/2023\/09\/image-5-1024x380.png 1024w, https:\/\/media1.jensgustafsson.se\/2023\/09\/image-5-300x111.png 300w, https:\/\/media1.jensgustafsson.se\/2023\/09\/image-5-768x285.png 768w, https:\/\/media1.jensgustafsson.se\/2023\/09\/image-5-500x185.png 500w, https:\/\/media1.jensgustafsson.se\/2023\/09\/image-5.png 1451w\" sizes=\"auto, (max-width: 794px) 100vw, 794px\" \/><\/figure>\n\n\n\n<figure class=\"wp-block-image size-large is-resized\"><img loading=\"lazy\" decoding=\"async\" src=\"https:\/\/media1.jensgustafsson.se\/2023\/09\/image-10-1024x378.png\" alt=\"\" class=\"wp-image-30018\" style=\"width:755px;height:279px\" width=\"755\" height=\"279\" srcset=\"https:\/\/media1.jensgustafsson.se\/2023\/09\/image-10-1024x378.png 1024w, https:\/\/media1.jensgustafsson.se\/2023\/09\/image-10-300x111.png 300w, https:\/\/media1.jensgustafsson.se\/2023\/09\/image-10-768x284.png 768w, https:\/\/media1.jensgustafsson.se\/2023\/09\/image-10-1536x568.png 1536w, https:\/\/media1.jensgustafsson.se\/2023\/09\/image-10-2048x757.png 2048w, https:\/\/media1.jensgustafsson.se\/2023\/09\/image-10-500x185.png 500w\" sizes=\"auto, (max-width: 755px) 100vw, 755px\" \/><\/figure>\n\n\n\n<figure class=\"wp-block-image size-large\"><img loading=\"lazy\" decoding=\"async\" width=\"1024\" height=\"683\" src=\"https:\/\/media1.jensgustafsson.se\/2023\/09\/DSC_9045-1024x683.jpg\" alt=\"\" class=\"wp-image-30026\" srcset=\"https:\/\/media1.jensgustafsson.se\/2023\/09\/DSC_9045-1024x683.jpg 1024w, https:\/\/media1.jensgustafsson.se\/2023\/09\/DSC_9045-300x200.jpg 300w, https:\/\/media1.jensgustafsson.se\/2023\/09\/DSC_9045-768x512.jpg 768w, https:\/\/media1.jensgustafsson.se\/2023\/09\/DSC_9045-1536x1024.jpg 1536w, https:\/\/media1.jensgustafsson.se\/2023\/09\/DSC_9045-2048x1365.jpg 2048w, https:\/\/media1.jensgustafsson.se\/2023\/09\/DSC_9045-450x300.jpg 450w\" sizes=\"auto, (max-width: 1024px) 100vw, 1024px\" \/><\/figure>\n\n\n\n<figure class=\"wp-block-image size-large is-resized\"><img loading=\"lazy\" decoding=\"async\" src=\"https:\/\/media1.jensgustafsson.se\/2023\/09\/image-7-1024x410.png\" alt=\"\" class=\"wp-image-30005\" style=\"width:768px;height:308px\" width=\"768\" height=\"308\" srcset=\"https:\/\/media1.jensgustafsson.se\/2023\/09\/image-7-1024x410.png 1024w, https:\/\/media1.jensgustafsson.se\/2023\/09\/image-7-300x120.png 300w, https:\/\/media1.jensgustafsson.se\/2023\/09\/image-7-768x308.png 768w, https:\/\/media1.jensgustafsson.se\/2023\/09\/image-7-500x200.png 500w, https:\/\/media1.jensgustafsson.se\/2023\/09\/image-7.png 1467w\" sizes=\"auto, (max-width: 768px) 100vw, 768px\" \/><\/figure>\n\n\n\n<p class=\"has-blue-color has-white-background-color has-text-color has-background has-medium-font-size\"><em>F\u00f6rdelningen \u00f6ver vindriktningarna i m\u00e5naden ser vi i stapeldiagrammet h\u00e4r ovanf\u00f6r.<\/em> <em>Syd, sydv\u00e4st och v\u00e4stvindar har dominerat som vi ser. Medelmaxvinden blev 6,5 m\/s denna m\u00e5nad.<\/em><\/p>\n\n\n\n<figure class=\"wp-block-image size-large\"><img loading=\"lazy\" decoding=\"async\" width=\"1024\" height=\"683\" src=\"https:\/\/media1.jensgustafsson.se\/2023\/09\/DSC_9130-1024x683.jpg\" alt=\"\" class=\"wp-image-30027\" srcset=\"https:\/\/media1.jensgustafsson.se\/2023\/09\/DSC_9130-1024x683.jpg 1024w, https:\/\/media1.jensgustafsson.se\/2023\/09\/DSC_9130-300x200.jpg 300w, https:\/\/media1.jensgustafsson.se\/2023\/09\/DSC_9130-768x512.jpg 768w, https:\/\/media1.jensgustafsson.se\/2023\/09\/DSC_9130-1536x1024.jpg 1536w, https:\/\/media1.jensgustafsson.se\/2023\/09\/DSC_9130-2048x1366.jpg 2048w, https:\/\/media1.jensgustafsson.se\/2023\/09\/DSC_9130-450x300.jpg 450w\" sizes=\"auto, (max-width: 1024px) 100vw, 1024px\" \/><\/figure>\n\n\n\n<p class=\"has-blue-color has-white-background-color has-text-color has-background has-medium-font-size\"><em>Sommaren 2023 \u00e4r slut nu efter att de tre sommarm\u00e5naderna har g\u00e5tt. Jag kommer att g\u00f6ra en sammanst\u00e4llning av \u00e5rets sommar och j\u00e4mf\u00f6ra med tidigare \u00e5r i ett inl\u00e4gg p\u00e5 min sida inom den n\u00e4rmsta tiden. Vi traskar p\u00e5 in i september, och ser vad denna m\u00e5nad bjuder p\u00e5 i v\u00e4derv\u00e4g.<\/em><\/p>\n","protected":false},"excerpt":{"rendered":"<p>H\u00e4r kommer en sammanfattning av augusti 2023. V\u00e4derdata f\u00f6r \u00e5rets augustim\u00e5nad \u00e4r h\u00e4mtade fr\u00e5n min privata v\u00e4derstation h\u00e4r i F\u00e5gelfors. Statistiken som jag anv\u00e4nder och j\u00e4mf\u00f6r mot, \u00e4r h\u00e4mtad fr\u00e5n SMHI:s n\u00e4rmaste m\u00e4tstationer Blankastr\u00f6m, och Drageryd f\u00f6r \u00e5ren 1931-2012. Fr\u00e5n &hellip; <a href=\"https:\/\/jensgustafsson.se\/?page_id=29984\">Forts\u00e4tt l\u00e4sa <span class=\"meta-nav\">&rarr;<\/span><\/a><\/p>\n","protected":false},"author":1,"featured_media":29928,"parent":28036,"menu_order":8,"comment_status":"open","ping_status":"closed","template":"","meta":{"footnotes":""},"class_list":["post-29984","page","type-page","status-publish","has-post-thumbnail","hentry"],"_links":{"self":[{"href":"https:\/\/jensgustafsson.se\/index.php?rest_route=\/wp\/v2\/pages\/29984","targetHints":{"allow":["GET"]}}],"collection":[{"href":"https:\/\/jensgustafsson.se\/index.php?rest_route=\/wp\/v2\/pages"}],"about":[{"href":"https:\/\/jensgustafsson.se\/index.php?rest_route=\/wp\/v2\/types\/page"}],"author":[{"embeddable":true,"href":"https:\/\/jensgustafsson.se\/index.php?rest_route=\/wp\/v2\/users\/1"}],"replies":[{"embeddable":true,"href":"https:\/\/jensgustafsson.se\/index.php?rest_route=%2Fwp%2Fv2%2Fcomments&post=29984"}],"version-history":[{"count":28,"href":"https:\/\/jensgustafsson.se\/index.php?rest_route=\/wp\/v2\/pages\/29984\/revisions"}],"predecessor-version":[{"id":30054,"href":"https:\/\/jensgustafsson.se\/index.php?rest_route=\/wp\/v2\/pages\/29984\/revisions\/30054"}],"up":[{"embeddable":true,"href":"https:\/\/jensgustafsson.se\/index.php?rest_route=\/wp\/v2\/pages\/28036"}],"wp:featuredmedia":[{"embeddable":true,"href":"https:\/\/jensgustafsson.se\/index.php?rest_route=\/wp\/v2\/media\/29928"}],"wp:attachment":[{"href":"https:\/\/jensgustafsson.se\/index.php?rest_route=%2Fwp%2Fv2%2Fmedia&parent=29984"}],"curies":[{"name":"wp","href":"https:\/\/api.w.org\/{rel}","templated":true}]}}